{"id":2194,"date":"2018-08-08T12:05:47","date_gmt":"2018-08-08T12:05:51","guid":{"rendered":"https:\/\/masterchem.ee\/?post_type=product&#038;p=2194"},"modified":"2021-06-16T07:53:26","modified_gmt":"2021-06-16T07:53:26","slug":"trietanoliamiini","status":"publish","type":"product","link":"https:\/\/masterchem.ee\/fi\/tooted-ja-teenused\/trietanoliamiini\/","title":{"rendered":"Trietanoliamiini (CAS 102-71-6)"},"content":{"rendered":"<p style=\"text-align: justify;\"><span id=\"Ominaisuudet\" class=\"mw-headline\">Ominaisuudet<\/span><\/p>\n<p style=\"text-align: justify;\">Huoneenl\u00e4mp\u00f6tilassa trietanoliamiini on v\u00e4rit\u00f6nt\u00e4 siirappimaista nestett\u00e4. Usein ep\u00e4puhtaudet v\u00e4rj\u00e4\u00e4v\u00e4t tuotteen kellert\u00e4v\u00e4ksi. Yhdiste liukenee eritt\u00e4in hyvin veteen ja\u00a0<a title=\"Alkoholit\" href=\"https:\/\/fi.wikipedia.org\/wiki\/Alkoholit\">alkoholeihin<\/a>\u00a0ja niukemmin\u00a0<a title=\"Dietyylieetteri\" href=\"https:\/\/fi.wikipedia.org\/wiki\/Dietyylieetteri\">dietyylieetteriin<\/a>\u00a0ja hiilivetyihin. Trietanoliamiini on\u00a0<a class=\"mw-redirect\" title=\"Heikko em\u00e4s\" href=\"https:\/\/fi.wikipedia.org\/wiki\/Heikko_em%C3%A4s\">heikko em\u00e4s<\/a>. Yhdiste reagoi happojen kanssa muodostaen joko suoloja tai\u00a0<a title=\"Esterit\" href=\"https:\/\/fi.wikipedia.org\/wiki\/Esterit\">estereit\u00e4<\/a>. Er\u00e4\u00e4t siirtym\u00e4metallit kuten\u00a0<a title=\"Kromi\" href=\"https:\/\/fi.wikipedia.org\/wiki\/Kromi\">kromi<\/a>,\u00a0<a title=\"Koboltti\" href=\"https:\/\/fi.wikipedia.org\/wiki\/Koboltti\">koboltti<\/a>,\u00a0<a title=\"Nikkeli\" href=\"https:\/\/fi.wikipedia.org\/wiki\/Nikkeli\">nikkeli<\/a>,\u00a0<a title=\"Rauta\" href=\"https:\/\/fi.wikipedia.org\/wiki\/Rauta\">rauta<\/a>\u00a0ja\u00a0<a title=\"Kupari\" href=\"https:\/\/fi.wikipedia.org\/wiki\/Kupari\">kupari<\/a>muodostavat\u00a0<a title=\"Kompleksi (kemia)\" href=\"https:\/\/fi.wikipedia.org\/wiki\/Kompleksi_(kemia)\">komplekseja<\/a>\u00a0trietanoliamiinin kanssa. Yhdiste voidaan hapettaa nitrilotrietikkahapoksi.<sup id=\"cite_ref-alen_2-3\" class=\"reference\"><a href=\"https:\/\/fi.wikipedia.org\/wiki\/Trietanoliamiini#cite_note-alen-2\">[2]<\/a><\/sup><sup id=\"cite_ref-kirk-othmer_3-0\" class=\"reference\"><a href=\"https:\/\/fi.wikipedia.org\/wiki\/Trietanoliamiini#cite_note-kirk-othmer-3\">[3]<\/a><\/sup><sup id=\"cite_ref-ullmann_4-0\" class=\"reference\"><a href=\"https:\/\/fi.wikipedia.org\/wiki\/Trietanoliamiini#cite_note-ullmann-4\">[4]<\/a><\/sup><\/p>\n<p style=\"text-align: justify;\"><span id=\"Valmistus_ja_k.C3.A4ytt.C3.B6\"><\/span><span id=\"Valmistus_ja_k\u00e4ytt\u00f6\" class=\"mw-headline\">Valmistus ja k\u00e4ytt\u00f6<\/span><\/p>\n<p style=\"text-align: justify;\">Trietanoliamiinia valmistetaan\u00a0<a class=\"mw-redirect\" title=\"Etanoliamiini\" href=\"https:\/\/fi.wikipedia.org\/wiki\/Etanoliamiini\">etanoliamiinin<\/a>\u00a0ja\u00a0<a title=\"Dietanoliamiini\" href=\"https:\/\/fi.wikipedia.org\/wiki\/Dietanoliamiini\">dietanoliamiinin<\/a>\u00a0tavoin\u00a0<a title=\"Ammoniakki\" href=\"https:\/\/fi.wikipedia.org\/wiki\/Ammoniakki\">ammoniakin<\/a>\u00a0ja\u00a0<a title=\"Etyleenioksidi\" href=\"https:\/\/fi.wikipedia.org\/wiki\/Etyleenioksidi\">etyleenioksidin<\/a>\u00a0v\u00e4lisell\u00e4 reaktiolla. Reaktiossa muodostuvan tuoteseoksen koostumusta voidaan s\u00e4\u00e4dell\u00e4 l\u00e4ht\u00f6aineiden ainesuhteiden sek\u00e4 reagoimattoman ammoniakin ja muodostuvien mono- ja dietanoliamiinin kierr\u00e4tyksell\u00e4 takaisin reaktoriin. Eri etanoliamiinijohdannaiset erotetaan toisistaan tislaamalla, mutta kaupallisessa trietanoliamiinissa on usein ep\u00e4puhtautena pieni\u00e4 m\u00e4\u00e4ri\u00e4 dietanoliamiinia.<sup id=\"cite_ref-alen_2-4\" class=\"reference\"><a href=\"https:\/\/fi.wikipedia.org\/wiki\/Trietanoliamiini#cite_note-alen-2\">[2]<\/a><\/sup><sup id=\"cite_ref-kirk-othmer_3-1\" class=\"reference\"><a href=\"https:\/\/fi.wikipedia.org\/wiki\/Trietanoliamiini#cite_note-kirk-othmer-3\">[3]<\/a><\/sup><sup id=\"cite_ref-ullmann_4-1\" class=\"reference\"><a href=\"https:\/\/fi.wikipedia.org\/wiki\/Trietanoliamiini#cite_note-ullmann-4\">[4]<\/a><\/sup><\/p>\n<dl>\n<dd><a class=\"image\" href=\"https:\/\/commons.wikimedia.org\/wiki\/File:Reaction_of_ethylene_oxide_with_ammonia.png\"><img loading=\"lazy\" decoding=\"async\" src=\"https:\/\/upload.wikimedia.org\/wikipedia\/commons\/thumb\/6\/6c\/Reaction_of_ethylene_oxide_with_ammonia.png\/350px-Reaction_of_ethylene_oxide_with_ammonia.png\" srcset=\"\/\/upload.wikimedia.org\/wikipedia\/commons\/thumb\/6\/6c\/Reaction_of_ethylene_oxide_with_ammonia.png\/525px-Reaction_of_ethylene_oxide_with_ammonia.png 1.5x, \/\/upload.wikimedia.org\/wikipedia\/commons\/thumb\/6\/6c\/Reaction_of_ethylene_oxide_with_ammonia.png\/700px-Reaction_of_ethylene_oxide_with_ammonia.png 2x\" alt=\"Reaction of ethylene oxide with ammonia.png\" width=\"350\" height=\"244\" data-file-width=\"1364\" data-file-height=\"951\" \/><\/a><\/dd>\n<\/dl>\n<p style=\"text-align: justify;\">Trietanoliamiinia k\u00e4ytet\u00e4\u00e4n lis\u00e4aineena sementiss\u00e4 parantamaan\u00a0<a title=\"Sementti\" href=\"https:\/\/fi.wikipedia.org\/wiki\/Sementti\">sementin<\/a>\u00a0valuominaisuuksia ja apuaineena jauhamisen yhteydess\u00e4, ruosteenestoaineena, happamien kaasujen kuten\u00a0<a title=\"Rikkivety\" href=\"https:\/\/fi.wikipedia.org\/wiki\/Rikkivety\">rikkivedyn<\/a>\u00a0poistamiseen savukaasuista, ruosteenestoaineissa, pinta-aktiivisena aineena pesuaineissa ja\u00a0<a title=\"Saippua\" href=\"https:\/\/fi.wikipedia.org\/wiki\/Saippua\">saippuoissa<\/a>\u00a0ja\u00a0<a title=\"Sampoo\" href=\"https:\/\/fi.wikipedia.org\/wiki\/Sampoo\">shampoissa<\/a>, kosteuttajana kosmetiikassa, dispergointiaineena v\u00e4riaineissa ja orgaanisen kemian synteesien l\u00e4ht\u00f6aineena sek\u00e4\u00a0<a title=\"Liuotin\" href=\"https:\/\/fi.wikipedia.org\/wiki\/Liuotin\">liuottimena<\/a>.<sup id=\"cite_ref-alen_2-5\" class=\"reference\"><a href=\"https:\/\/fi.wikipedia.org\/wiki\/Trietanoliamiini#cite_note-alen-2\">[2]<\/a><\/sup><sup id=\"cite_ref-kirk-othmer_3-2\" class=\"reference\"><a href=\"https:\/\/fi.wikipedia.org\/wiki\/Trietanoliamiini#cite_note-kirk-othmer-3\">[3]<\/a><\/sup><sup id=\"cite_ref-ullmann_4-2\" class=\"reference\"><a href=\"https:\/\/fi.wikipedia.org\/wiki\/Trietanoliamiini#cite_note-ullmann-4\">[4]<\/a><\/sup><\/p>\n","protected":false},"excerpt":{"rendered":"<p style=\"text-align: justify;\"><b>Muut nimet:\u00a0Trietanoliamiini, 2-[bis(2-hydroksietyyli)amino]etanoli<\/b><\/p>\n<p style=\"text-align: justify;\">Trietanoliamiini\u00a0(C<sub>6<\/sub>H<sub>15<\/sub>NO<sub>3<\/sub>) on alkanoliamiineihin kuuluva\u00a0<a title=\"Orgaaninen yhdiste\" href=\"https:\/\/fi.wikipedia.org\/wiki\/Orgaaninen_yhdiste\">orgaaninen yhdiste<\/a>. Yhdistett\u00e4 voidaan k\u00e4ytt\u00e4\u00e4 kemian teollisuudessa liuottimena, kosmetiikan valmistamiseen, sementin valmistamiseen ja moniin muihin tarkoituksiin.<\/p>\n<p>CAS: 102-71-6<\/p>\n<p><a target=\"_blank\" href=\"https:\/\/masterchem.ee\/wp-content\/uploads\/2018\/08\/Triethanolamine-TEA99-TDS-MasterChem.pdf\" class=\"pdf\" alt=\"Trietanoliamiini tuotteen kuvaus (TDS)\" title=\"Trietanoliamiini tuotteen kuvaus (TDS)\" rel=\"noopener\">Trietanoliamiini tuotteen kuvaus (TDS)<br \/>\n<\/a><\/p>\n","protected":false},"featured_media":7162,"template":"","meta":[],"product_brand":[],"product_cat":[180,294,117,120,323,286,258,153,114],"product_tag":[],"class_list":{"0":"post-2194","1":"product","2":"type-product","3":"status-publish","4":"has-post-thumbnail","6":"product_cat-uncategorized-fi-2","7":"product_cat-kosmetiikkateollisuus","8":"product_cat-kotitalouskemikaalit","9":"product_cat-laaketeollisuus","10":"product_cat-lannoitteet","11":"product_cat-maalit-ja-lakat","12":"product_cat-muovi-fi","13":"product_cat-puunjalostuskemikaalit","14":"product_cat-rakennusteollisuus","15":"pif-has-gallery","17":"first","18":"instock","19":"taxable","20":"shipping-taxable","21":"purchasable","22":"product-type-variable","23":"has-default-attributes"},"yoast_head":"<!-- This site is optimized with the Yoast SEO plugin v26.2 - https:\/\/yoast.com\/wordpress\/plugins\/seo\/ -->\n<title>Trietanoliamiini (CAS 102-71-6) - Chemistry For Industry - Solvents &amp; Chemicals - Masterchem.ee<\/title>\n<meta name=\"description\" content=\"Huoneenl\u00e4mp\u00f6tilassa trietanoliamiini on v\u00e4rit\u00f6nt\u00e4 siirappimaista nestett\u00e4. Usein ep\u00e4puhtaudet v\u00e4rj\u00e4\u00e4v\u00e4t tuotteen kellert\u00e4v\u00e4ksi. Yhdiste liukenee eritt\u00e4in hyvin veteen ja alkoholeihin ja niukemmin dietyylieetteriin ja hiilivetyihin. Trietanoliamiini on heikko em\u00e4s. Yhdiste reagoi happojen kanssa muodostaen joko suoloja tai estereit\u00e4. CAS: 102-71-6\" \/>\n<meta name=\"robots\" content=\"index, follow, max-snippet:-1, max-image-preview:large, max-video-preview:-1\" \/>\n<link rel=\"canonical\" href=\"https:\/\/masterchem.ee\/fi\/tooted-ja-teenused\/trietanoliamiini\/\" \/>\n<meta name=\"twitter:card\" content=\"summary_large_image\" \/>\n<meta name=\"twitter:title\" content=\"Trietanoliamiini (CAS 102-71-6) - Chemistry For Industry - Solvents &amp; Chemicals - Masterchem.ee\" \/>\n<meta name=\"twitter:description\" content=\"Huoneenl\u00e4mp\u00f6tilassa trietanoliamiini on v\u00e4rit\u00f6nt\u00e4 siirappimaista nestett\u00e4. Usein ep\u00e4puhtaudet v\u00e4rj\u00e4\u00e4v\u00e4t tuotteen kellert\u00e4v\u00e4ksi. Yhdiste liukenee eritt\u00e4in hyvin veteen ja alkoholeihin ja niukemmin dietyylieetteriin ja hiilivetyihin. Trietanoliamiini on heikko em\u00e4s. Yhdiste reagoi happojen kanssa muodostaen joko suoloja tai estereit\u00e4. CAS: 102-71-6\" \/>\n<meta name=\"twitter:image\" content=\"https:\/\/masterchem.ee\/wp-content\/uploads\/2018\/08\/TRIETHANOLAMINE-1000l-MasterChem.jpg\" \/>\n<meta name=\"twitter:label1\" content=\"Arvioitu lukuaika\" \/>\n\t<meta name=\"twitter:data1\" content=\"1 minuutti\" \/>\n<script type=\"application\/ld+json\" class=\"yoast-schema-graph\">{\"@context\":\"https:\/\/schema.org\",\"@graph\":[{\"@type\":\"WebPage\",\"@id\":\"https:\/\/masterchem.ee\/fi\/tooted-ja-teenused\/trietanoliamiini\/\",\"url\":\"https:\/\/masterchem.ee\/fi\/tooted-ja-teenused\/trietanoliamiini\/\",\"name\":\"Trietanoliamiini (CAS 102-71-6) - Chemistry For Industry - Solvents &amp; Chemicals - Masterchem.ee\",\"isPartOf\":{\"@id\":\"https:\/\/masterchem.ee\/fi\/#website\"},\"primaryImageOfPage\":{\"@id\":\"https:\/\/masterchem.ee\/fi\/tooted-ja-teenused\/trietanoliamiini\/#primaryimage\"},\"image\":{\"@id\":\"https:\/\/masterchem.ee\/fi\/tooted-ja-teenused\/trietanoliamiini\/#primaryimage\"},\"thumbnailUrl\":\"https:\/\/masterchem.ee\/wp-content\/uploads\/2018\/08\/TRIETHANOLAMINE-1000l-MasterChem.jpg\",\"datePublished\":\"2018-08-08T12:05:51+00:00\",\"dateModified\":\"2021-06-16T07:53:26+00:00\",\"description\":\"Huoneenl\u00e4mp\u00f6tilassa trietanoliamiini on v\u00e4rit\u00f6nt\u00e4 siirappimaista nestett\u00e4. Usein ep\u00e4puhtaudet v\u00e4rj\u00e4\u00e4v\u00e4t tuotteen kellert\u00e4v\u00e4ksi. Yhdiste liukenee eritt\u00e4in hyvin veteen ja alkoholeihin ja niukemmin dietyylieetteriin ja hiilivetyihin. Trietanoliamiini on heikko em\u00e4s. Yhdiste reagoi happojen kanssa muodostaen joko suoloja tai estereit\u00e4. CAS: 102-71-6\",\"breadcrumb\":{\"@id\":\"https:\/\/masterchem.ee\/fi\/tooted-ja-teenused\/trietanoliamiini\/#breadcrumb\"},\"inLanguage\":\"fi\",\"potentialAction\":[{\"@type\":\"ReadAction\",\"target\":[\"https:\/\/masterchem.ee\/fi\/tooted-ja-teenused\/trietanoliamiini\/\"]}]},{\"@type\":\"ImageObject\",\"inLanguage\":\"fi\",\"@id\":\"https:\/\/masterchem.ee\/fi\/tooted-ja-teenused\/trietanoliamiini\/#primaryimage\",\"url\":\"https:\/\/masterchem.ee\/wp-content\/uploads\/2018\/08\/TRIETHANOLAMINE-1000l-MasterChem.jpg\",\"contentUrl\":\"https:\/\/masterchem.ee\/wp-content\/uploads\/2018\/08\/TRIETHANOLAMINE-1000l-MasterChem.jpg\",\"width\":1000,\"height\":1000,\"caption\":\"Trietanoliamiini 1000l MasterChem\"},{\"@type\":\"BreadcrumbList\",\"@id\":\"https:\/\/masterchem.ee\/fi\/tooted-ja-teenused\/trietanoliamiini\/#breadcrumb\",\"itemListElement\":[{\"@type\":\"ListItem\",\"position\":1,\"name\":\"Home\",\"item\":\"https:\/\/masterchem.ee\/fi\/\"},{\"@type\":\"ListItem\",\"position\":2,\"name\":\"Tooted ja teenused\",\"item\":\"https:\/\/masterchem.ee\/tooted-ja-teenused\/\"},{\"@type\":\"ListItem\",\"position\":3,\"name\":\"Trietanoliamiini (CAS 102-71-6)\"}]},{\"@type\":\"WebSite\",\"@id\":\"https:\/\/masterchem.ee\/fi\/#website\",\"url\":\"https:\/\/masterchem.ee\/fi\/\",\"name\":\"Masterchem.ee\",\"description\":\"Chemistry For Industry - Solvents &amp; Chemicals\",\"publisher\":{\"@id\":\"https:\/\/masterchem.ee\/fi\/#organization\"},\"potentialAction\":[{\"@type\":\"SearchAction\",\"target\":{\"@type\":\"EntryPoint\",\"urlTemplate\":\"https:\/\/masterchem.ee\/fi\/?s={search_term_string}\"},\"query-input\":{\"@type\":\"PropertyValueSpecification\",\"valueRequired\":true,\"valueName\":\"search_term_string\"}}],\"inLanguage\":\"fi\"},{\"@type\":\"Organization\",\"@id\":\"https:\/\/masterchem.ee\/fi\/#organization\",\"name\":\"Masterchem\",\"url\":\"https:\/\/masterchem.ee\/fi\/\",\"logo\":{\"@type\":\"ImageObject\",\"inLanguage\":\"fi\",\"@id\":\"https:\/\/masterchem.ee\/fi\/#\/schema\/logo\/image\/\",\"url\":\"https:\/\/masterchem.ee\/wp-content\/uploads\/2018\/02\/master-chem_final-1.png\",\"contentUrl\":\"https:\/\/masterchem.ee\/wp-content\/uploads\/2018\/02\/master-chem_final-1.png\",\"width\":850,\"height\":356,\"caption\":\"Masterchem\"},\"image\":{\"@id\":\"https:\/\/masterchem.ee\/fi\/#\/schema\/logo\/image\/\"}}]}<\/script>\n<!-- \/ Yoast SEO plugin. -->","yoast_head_json":{"title":"Trietanoliamiini (CAS 102-71-6) - Chemistry For Industry - Solvents &amp; Chemicals - Masterchem.ee","description":"Huoneenl\u00e4mp\u00f6tilassa trietanoliamiini on v\u00e4rit\u00f6nt\u00e4 siirappimaista nestett\u00e4. Usein ep\u00e4puhtaudet v\u00e4rj\u00e4\u00e4v\u00e4t tuotteen kellert\u00e4v\u00e4ksi. Yhdiste liukenee eritt\u00e4in hyvin veteen ja alkoholeihin ja niukemmin dietyylieetteriin ja hiilivetyihin. Trietanoliamiini on heikko em\u00e4s. Yhdiste reagoi happojen kanssa muodostaen joko suoloja tai estereit\u00e4. CAS: 102-71-6","robots":{"index":"index","follow":"follow","max-snippet":"max-snippet:-1","max-image-preview":"max-image-preview:large","max-video-preview":"max-video-preview:-1"},"canonical":"https:\/\/masterchem.ee\/fi\/tooted-ja-teenused\/trietanoliamiini\/","twitter_card":"summary_large_image","twitter_title":"Trietanoliamiini (CAS 102-71-6) - Chemistry For Industry - Solvents &amp; Chemicals - Masterchem.ee","twitter_description":"Huoneenl\u00e4mp\u00f6tilassa trietanoliamiini on v\u00e4rit\u00f6nt\u00e4 siirappimaista nestett\u00e4. Usein ep\u00e4puhtaudet v\u00e4rj\u00e4\u00e4v\u00e4t tuotteen kellert\u00e4v\u00e4ksi. Yhdiste liukenee eritt\u00e4in hyvin veteen ja alkoholeihin ja niukemmin dietyylieetteriin ja hiilivetyihin. Trietanoliamiini on heikko em\u00e4s. Yhdiste reagoi happojen kanssa muodostaen joko suoloja tai estereit\u00e4. CAS: 102-71-6","twitter_image":"https:\/\/masterchem.ee\/wp-content\/uploads\/2018\/08\/TRIETHANOLAMINE-1000l-MasterChem.jpg","twitter_misc":{"Arvioitu lukuaika":"1 minuutti"},"schema":{"@context":"https:\/\/schema.org","@graph":[{"@type":"WebPage","@id":"https:\/\/masterchem.ee\/fi\/tooted-ja-teenused\/trietanoliamiini\/","url":"https:\/\/masterchem.ee\/fi\/tooted-ja-teenused\/trietanoliamiini\/","name":"Trietanoliamiini (CAS 102-71-6) - Chemistry For Industry - Solvents &amp; Chemicals - Masterchem.ee","isPartOf":{"@id":"https:\/\/masterchem.ee\/fi\/#website"},"primaryImageOfPage":{"@id":"https:\/\/masterchem.ee\/fi\/tooted-ja-teenused\/trietanoliamiini\/#primaryimage"},"image":{"@id":"https:\/\/masterchem.ee\/fi\/tooted-ja-teenused\/trietanoliamiini\/#primaryimage"},"thumbnailUrl":"https:\/\/masterchem.ee\/wp-content\/uploads\/2018\/08\/TRIETHANOLAMINE-1000l-MasterChem.jpg","datePublished":"2018-08-08T12:05:51+00:00","dateModified":"2021-06-16T07:53:26+00:00","description":"Huoneenl\u00e4mp\u00f6tilassa trietanoliamiini on v\u00e4rit\u00f6nt\u00e4 siirappimaista nestett\u00e4. Usein ep\u00e4puhtaudet v\u00e4rj\u00e4\u00e4v\u00e4t tuotteen kellert\u00e4v\u00e4ksi. Yhdiste liukenee eritt\u00e4in hyvin veteen ja alkoholeihin ja niukemmin dietyylieetteriin ja hiilivetyihin. Trietanoliamiini on heikko em\u00e4s. Yhdiste reagoi happojen kanssa muodostaen joko suoloja tai estereit\u00e4. CAS: 102-71-6","breadcrumb":{"@id":"https:\/\/masterchem.ee\/fi\/tooted-ja-teenused\/trietanoliamiini\/#breadcrumb"},"inLanguage":"fi","potentialAction":[{"@type":"ReadAction","target":["https:\/\/masterchem.ee\/fi\/tooted-ja-teenused\/trietanoliamiini\/"]}]},{"@type":"ImageObject","inLanguage":"fi","@id":"https:\/\/masterchem.ee\/fi\/tooted-ja-teenused\/trietanoliamiini\/#primaryimage","url":"https:\/\/masterchem.ee\/wp-content\/uploads\/2018\/08\/TRIETHANOLAMINE-1000l-MasterChem.jpg","contentUrl":"https:\/\/masterchem.ee\/wp-content\/uploads\/2018\/08\/TRIETHANOLAMINE-1000l-MasterChem.jpg","width":1000,"height":1000,"caption":"Trietanoliamiini 1000l MasterChem"},{"@type":"BreadcrumbList","@id":"https:\/\/masterchem.ee\/fi\/tooted-ja-teenused\/trietanoliamiini\/#breadcrumb","itemListElement":[{"@type":"ListItem","position":1,"name":"Home","item":"https:\/\/masterchem.ee\/fi\/"},{"@type":"ListItem","position":2,"name":"Tooted ja teenused","item":"https:\/\/masterchem.ee\/tooted-ja-teenused\/"},{"@type":"ListItem","position":3,"name":"Trietanoliamiini (CAS 102-71-6)"}]},{"@type":"WebSite","@id":"https:\/\/masterchem.ee\/fi\/#website","url":"https:\/\/masterchem.ee\/fi\/","name":"Masterchem.ee","description":"Chemistry For Industry - Solvents &amp; Chemicals","publisher":{"@id":"https:\/\/masterchem.ee\/fi\/#organization"},"potentialAction":[{"@type":"SearchAction","target":{"@type":"EntryPoint","urlTemplate":"https:\/\/masterchem.ee\/fi\/?s={search_term_string}"},"query-input":{"@type":"PropertyValueSpecification","valueRequired":true,"valueName":"search_term_string"}}],"inLanguage":"fi"},{"@type":"Organization","@id":"https:\/\/masterchem.ee\/fi\/#organization","name":"Masterchem","url":"https:\/\/masterchem.ee\/fi\/","logo":{"@type":"ImageObject","inLanguage":"fi","@id":"https:\/\/masterchem.ee\/fi\/#\/schema\/logo\/image\/","url":"https:\/\/masterchem.ee\/wp-content\/uploads\/2018\/02\/master-chem_final-1.png","contentUrl":"https:\/\/masterchem.ee\/wp-content\/uploads\/2018\/02\/master-chem_final-1.png","width":850,"height":356,"caption":"Masterchem"},"image":{"@id":"https:\/\/masterchem.ee\/fi\/#\/schema\/logo\/image\/"}}]}},"_links":{"self":[{"href":"https:\/\/masterchem.ee\/fi\/wp-json\/wp\/v2\/product\/2194","targetHints":{"allow":["GET"]}}],"collection":[{"href":"https:\/\/masterchem.ee\/fi\/wp-json\/wp\/v2\/product"}],"about":[{"href":"https:\/\/masterchem.ee\/fi\/wp-json\/wp\/v2\/types\/product"}],"wp:featuredmedia":[{"embeddable":true,"href":"https:\/\/masterchem.ee\/fi\/wp-json\/wp\/v2\/media\/7162"}],"wp:attachment":[{"href":"https:\/\/masterchem.ee\/fi\/wp-json\/wp\/v2\/media?parent=2194"}],"wp:term":[{"taxonomy":"product_brand","embeddable":true,"href":"https:\/\/masterchem.ee\/fi\/wp-json\/wp\/v2\/product_brand?post=2194"},{"taxonomy":"product_cat","embeddable":true,"href":"https:\/\/masterchem.ee\/fi\/wp-json\/wp\/v2\/product_cat?post=2194"},{"taxonomy":"product_tag","embeddable":true,"href":"https:\/\/masterchem.ee\/fi\/wp-json\/wp\/v2\/product_tag?post=2194"}],"curies":[{"name":"wp","href":"https:\/\/api.w.org\/{rel}","templated":true}]}}