{"id":21542,"date":"2023-03-15T07:04:53","date_gmt":"2023-03-15T07:05:21","guid":{"rendered":"https:\/\/masterchem.ee\/?post_type=product&#038;p=21542"},"modified":"2023-03-15T07:16:13","modified_gmt":"2023-03-15T07:16:13","slug":"map-ammofos-fosforilannoitteet-cas-7722-76-1","status":"publish","type":"product","link":"https:\/\/masterchem.ee\/fi\/tooted-ja-teenused\/map-ammofos-fosforilannoitteet-cas-7722-76-1\/","title":{"rendered":"MAP\/\u0410mmofos\/fosforilannoitteet (CAS 7722-76-1)"},"content":{"rendered":"<p><strong>Tiedot<\/strong><br \/>\nToimialat: lannoitteet, puutarhanhoito<br \/>\nTuote: MAP\/\u0410mmofos\/fosforilannoitteet<br \/>\nKvalita: P:46-%\/N:10-%<br \/>\nHuomautuksia: Ihanteellinen monimutkaisten NPK-lannoitteiden valmistukseen ja fosforin l\u00e4hteeksi<br \/>\nCAS: 7722-76-1<\/p>\n","protected":false},"excerpt":{"rendered":"<p><strong>MAP\/\u0410mmofos\/fosforilannoitteet (CAS 7722-76-1)<\/strong><\/p>\n<p>Rakeinen lannoite, joka tarjoaa avoimen p\u00e4\u00e4syn fosforia ja v\u00e4h\u00e4n typpe\u00e4 maatalouskasveille. Se on erinomainen aloituslannoite kylv\u00f6n (istutuksen) aikana. L\u00e4mp\u00f6tilan lasku tarjoaa kasveille tarvittavan fosforiravinteen. Se saa aikaan maaper\u00e4n v\u00e4liaikaisen happamoitumisen rakeiden ymp\u00e4rill\u00e4, mik\u00e4 osoittaa joitakin etuja neutraaleissa ja em\u00e4ksisess\u00e4 maaper\u00e4ss\u00e4.<\/p>\n","protected":false},"featured_media":21550,"template":"","meta":[],"product_brand":[],"product_cat":[180,323,351],"product_tag":[],"class_list":{"0":"post-21542","1":"product","2":"type-product","3":"status-publish","4":"has-post-thumbnail","6":"product_cat-uncategorized-fi-2","7":"product_cat-lannoitteet","8":"product_cat-puutarhanhoito","10":"first","11":"instock","12":"taxable","13":"shipping-taxable","14":"purchasable","15":"product-type-variable","16":"has-default-attributes"},"yoast_head":"<!-- This site is optimized with the Yoast SEO plugin v26.2 - https:\/\/yoast.com\/wordpress\/plugins\/seo\/ -->\n<title>MAP\/\u0410mmofos\/fosforilannoitteet (CAS 7722-76-1) - Chemistry For Industry - Solvents &amp; Chemicals - Masterchem.ee<\/title>\n<meta name=\"description\" content=\"Rakeinen lannoite, joka tarjoaa avoimen p\u00e4\u00e4syn fosforia ja v\u00e4h\u00e4n typpe\u00e4 maatalouskasveille. Se on erinomainen aloituslannoite kylv\u00f6n (istutuksen) aikana.\" \/>\n<meta name=\"robots\" content=\"index, follow, max-snippet:-1, max-image-preview:large, max-video-preview:-1\" \/>\n<link rel=\"canonical\" href=\"https:\/\/masterchem.ee\/fi\/tooted-ja-teenused\/map-ammofos-fosforilannoitteet-cas-7722-76-1\/\" \/>\n<meta name=\"twitter:card\" content=\"summary_large_image\" \/>\n<meta name=\"twitter:title\" content=\"MAP\/\u0410mmofos\/fosforilannoitteet (CAS 7722-76-1) - Chemistry For Industry - Solvents &amp; Chemicals - Masterchem.ee\" \/>\n<meta name=\"twitter:description\" content=\"Rakeinen lannoite, joka tarjoaa avoimen p\u00e4\u00e4syn fosforia ja v\u00e4h\u00e4n typpe\u00e4 maatalouskasveille. Se on erinomainen aloituslannoite kylv\u00f6n (istutuksen) aikana.\" \/>\n<meta name=\"twitter:image\" content=\"https:\/\/masterchem.ee\/wp-content\/uploads\/2023\/03\/MAP_Ammofos_phosphorus_fertilizers_25kg.jpg\" \/>\n<script type=\"application\/ld+json\" class=\"yoast-schema-graph\">{\"@context\":\"https:\/\/schema.org\",\"@graph\":[{\"@type\":\"WebPage\",\"@id\":\"https:\/\/masterchem.ee\/fi\/tooted-ja-teenused\/map-ammofos-fosforilannoitteet-cas-7722-76-1\/\",\"url\":\"https:\/\/masterchem.ee\/fi\/tooted-ja-teenused\/map-ammofos-fosforilannoitteet-cas-7722-76-1\/\",\"name\":\"MAP\/\u0410mmofos\/fosforilannoitteet (CAS 7722-76-1) - Chemistry For Industry - Solvents &amp; Chemicals - Masterchem.ee\",\"isPartOf\":{\"@id\":\"https:\/\/masterchem.ee\/fi\/#website\"},\"primaryImageOfPage\":{\"@id\":\"https:\/\/masterchem.ee\/fi\/tooted-ja-teenused\/map-ammofos-fosforilannoitteet-cas-7722-76-1\/#primaryimage\"},\"image\":{\"@id\":\"https:\/\/masterchem.ee\/fi\/tooted-ja-teenused\/map-ammofos-fosforilannoitteet-cas-7722-76-1\/#primaryimage\"},\"thumbnailUrl\":\"https:\/\/masterchem.ee\/wp-content\/uploads\/2023\/03\/MAP_Ammofos_phosphorus_fertilizers_25kg.jpg\",\"datePublished\":\"2023-03-15T07:05:21+00:00\",\"dateModified\":\"2023-03-15T07:16:13+00:00\",\"description\":\"Rakeinen lannoite, joka tarjoaa avoimen p\u00e4\u00e4syn fosforia ja v\u00e4h\u00e4n typpe\u00e4 maatalouskasveille. Se on erinomainen aloituslannoite kylv\u00f6n (istutuksen) aikana.\",\"breadcrumb\":{\"@id\":\"https:\/\/masterchem.ee\/fi\/tooted-ja-teenused\/map-ammofos-fosforilannoitteet-cas-7722-76-1\/#breadcrumb\"},\"inLanguage\":\"fi\",\"potentialAction\":[{\"@type\":\"ReadAction\",\"target\":[\"https:\/\/masterchem.ee\/fi\/tooted-ja-teenused\/map-ammofos-fosforilannoitteet-cas-7722-76-1\/\"]}]},{\"@type\":\"ImageObject\",\"inLanguage\":\"fi\",\"@id\":\"https:\/\/masterchem.ee\/fi\/tooted-ja-teenused\/map-ammofos-fosforilannoitteet-cas-7722-76-1\/#primaryimage\",\"url\":\"https:\/\/masterchem.ee\/wp-content\/uploads\/2023\/03\/MAP_Ammofos_phosphorus_fertilizers_25kg.jpg\",\"contentUrl\":\"https:\/\/masterchem.ee\/wp-content\/uploads\/2023\/03\/MAP_Ammofos_phosphorus_fertilizers_25kg.jpg\",\"width\":1000,\"height\":1000},{\"@type\":\"BreadcrumbList\",\"@id\":\"https:\/\/masterchem.ee\/fi\/tooted-ja-teenused\/map-ammofos-fosforilannoitteet-cas-7722-76-1\/#breadcrumb\",\"itemListElement\":[{\"@type\":\"ListItem\",\"position\":1,\"name\":\"Home\",\"item\":\"https:\/\/masterchem.ee\/fi\/\"},{\"@type\":\"ListItem\",\"position\":2,\"name\":\"Tooted ja teenused\",\"item\":\"https:\/\/masterchem.ee\/tooted-ja-teenused\/\"},{\"@type\":\"ListItem\",\"position\":3,\"name\":\"MAP\/\u0410mmofos\/fosforilannoitteet (CAS 7722-76-1)\"}]},{\"@type\":\"WebSite\",\"@id\":\"https:\/\/masterchem.ee\/fi\/#website\",\"url\":\"https:\/\/masterchem.ee\/fi\/\",\"name\":\"Masterchem.ee\",\"description\":\"Chemistry For Industry - Solvents &amp; Chemicals\",\"publisher\":{\"@id\":\"https:\/\/masterchem.ee\/fi\/#organization\"},\"potentialAction\":[{\"@type\":\"SearchAction\",\"target\":{\"@type\":\"EntryPoint\",\"urlTemplate\":\"https:\/\/masterchem.ee\/fi\/?s={search_term_string}\"},\"query-input\":{\"@type\":\"PropertyValueSpecification\",\"valueRequired\":true,\"valueName\":\"search_term_string\"}}],\"inLanguage\":\"fi\"},{\"@type\":\"Organization\",\"@id\":\"https:\/\/masterchem.ee\/fi\/#organization\",\"name\":\"Masterchem\",\"url\":\"https:\/\/masterchem.ee\/fi\/\",\"logo\":{\"@type\":\"ImageObject\",\"inLanguage\":\"fi\",\"@id\":\"https:\/\/masterchem.ee\/fi\/#\/schema\/logo\/image\/\",\"url\":\"https:\/\/masterchem.ee\/wp-content\/uploads\/2018\/02\/master-chem_final-1.png\",\"contentUrl\":\"https:\/\/masterchem.ee\/wp-content\/uploads\/2018\/02\/master-chem_final-1.png\",\"width\":850,\"height\":356,\"caption\":\"Masterchem\"},\"image\":{\"@id\":\"https:\/\/masterchem.ee\/fi\/#\/schema\/logo\/image\/\"}}]}<\/script>\n<!-- \/ Yoast SEO plugin. -->","yoast_head_json":{"title":"MAP\/\u0410mmofos\/fosforilannoitteet (CAS 7722-76-1) - Chemistry For Industry - Solvents &amp; Chemicals - Masterchem.ee","description":"Rakeinen lannoite, joka tarjoaa avoimen p\u00e4\u00e4syn fosforia ja v\u00e4h\u00e4n typpe\u00e4 maatalouskasveille. Se on erinomainen aloituslannoite kylv\u00f6n (istutuksen) aikana.","robots":{"index":"index","follow":"follow","max-snippet":"max-snippet:-1","max-image-preview":"max-image-preview:large","max-video-preview":"max-video-preview:-1"},"canonical":"https:\/\/masterchem.ee\/fi\/tooted-ja-teenused\/map-ammofos-fosforilannoitteet-cas-7722-76-1\/","twitter_card":"summary_large_image","twitter_title":"MAP\/\u0410mmofos\/fosforilannoitteet (CAS 7722-76-1) - Chemistry For Industry - Solvents &amp; Chemicals - Masterchem.ee","twitter_description":"Rakeinen lannoite, joka tarjoaa avoimen p\u00e4\u00e4syn fosforia ja v\u00e4h\u00e4n typpe\u00e4 maatalouskasveille. Se on erinomainen aloituslannoite kylv\u00f6n (istutuksen) aikana.","twitter_image":"https:\/\/masterchem.ee\/wp-content\/uploads\/2023\/03\/MAP_Ammofos_phosphorus_fertilizers_25kg.jpg","schema":{"@context":"https:\/\/schema.org","@graph":[{"@type":"WebPage","@id":"https:\/\/masterchem.ee\/fi\/tooted-ja-teenused\/map-ammofos-fosforilannoitteet-cas-7722-76-1\/","url":"https:\/\/masterchem.ee\/fi\/tooted-ja-teenused\/map-ammofos-fosforilannoitteet-cas-7722-76-1\/","name":"MAP\/\u0410mmofos\/fosforilannoitteet (CAS 7722-76-1) - Chemistry For Industry - Solvents &amp; Chemicals - Masterchem.ee","isPartOf":{"@id":"https:\/\/masterchem.ee\/fi\/#website"},"primaryImageOfPage":{"@id":"https:\/\/masterchem.ee\/fi\/tooted-ja-teenused\/map-ammofos-fosforilannoitteet-cas-7722-76-1\/#primaryimage"},"image":{"@id":"https:\/\/masterchem.ee\/fi\/tooted-ja-teenused\/map-ammofos-fosforilannoitteet-cas-7722-76-1\/#primaryimage"},"thumbnailUrl":"https:\/\/masterchem.ee\/wp-content\/uploads\/2023\/03\/MAP_Ammofos_phosphorus_fertilizers_25kg.jpg","datePublished":"2023-03-15T07:05:21+00:00","dateModified":"2023-03-15T07:16:13+00:00","description":"Rakeinen lannoite, joka tarjoaa avoimen p\u00e4\u00e4syn fosforia ja v\u00e4h\u00e4n typpe\u00e4 maatalouskasveille. Se on erinomainen aloituslannoite kylv\u00f6n (istutuksen) aikana.","breadcrumb":{"@id":"https:\/\/masterchem.ee\/fi\/tooted-ja-teenused\/map-ammofos-fosforilannoitteet-cas-7722-76-1\/#breadcrumb"},"inLanguage":"fi","potentialAction":[{"@type":"ReadAction","target":["https:\/\/masterchem.ee\/fi\/tooted-ja-teenused\/map-ammofos-fosforilannoitteet-cas-7722-76-1\/"]}]},{"@type":"ImageObject","inLanguage":"fi","@id":"https:\/\/masterchem.ee\/fi\/tooted-ja-teenused\/map-ammofos-fosforilannoitteet-cas-7722-76-1\/#primaryimage","url":"https:\/\/masterchem.ee\/wp-content\/uploads\/2023\/03\/MAP_Ammofos_phosphorus_fertilizers_25kg.jpg","contentUrl":"https:\/\/masterchem.ee\/wp-content\/uploads\/2023\/03\/MAP_Ammofos_phosphorus_fertilizers_25kg.jpg","width":1000,"height":1000},{"@type":"BreadcrumbList","@id":"https:\/\/masterchem.ee\/fi\/tooted-ja-teenused\/map-ammofos-fosforilannoitteet-cas-7722-76-1\/#breadcrumb","itemListElement":[{"@type":"ListItem","position":1,"name":"Home","item":"https:\/\/masterchem.ee\/fi\/"},{"@type":"ListItem","position":2,"name":"Tooted ja teenused","item":"https:\/\/masterchem.ee\/tooted-ja-teenused\/"},{"@type":"ListItem","position":3,"name":"MAP\/\u0410mmofos\/fosforilannoitteet (CAS 7722-76-1)"}]},{"@type":"WebSite","@id":"https:\/\/masterchem.ee\/fi\/#website","url":"https:\/\/masterchem.ee\/fi\/","name":"Masterchem.ee","description":"Chemistry For Industry - Solvents &amp; Chemicals","publisher":{"@id":"https:\/\/masterchem.ee\/fi\/#organization"},"potentialAction":[{"@type":"SearchAction","target":{"@type":"EntryPoint","urlTemplate":"https:\/\/masterchem.ee\/fi\/?s={search_term_string}"},"query-input":{"@type":"PropertyValueSpecification","valueRequired":true,"valueName":"search_term_string"}}],"inLanguage":"fi"},{"@type":"Organization","@id":"https:\/\/masterchem.ee\/fi\/#organization","name":"Masterchem","url":"https:\/\/masterchem.ee\/fi\/","logo":{"@type":"ImageObject","inLanguage":"fi","@id":"https:\/\/masterchem.ee\/fi\/#\/schema\/logo\/image\/","url":"https:\/\/masterchem.ee\/wp-content\/uploads\/2018\/02\/master-chem_final-1.png","contentUrl":"https:\/\/masterchem.ee\/wp-content\/uploads\/2018\/02\/master-chem_final-1.png","width":850,"height":356,"caption":"Masterchem"},"image":{"@id":"https:\/\/masterchem.ee\/fi\/#\/schema\/logo\/image\/"}}]}},"_links":{"self":[{"href":"https:\/\/masterchem.ee\/fi\/wp-json\/wp\/v2\/product\/21542","targetHints":{"allow":["GET"]}}],"collection":[{"href":"https:\/\/masterchem.ee\/fi\/wp-json\/wp\/v2\/product"}],"about":[{"href":"https:\/\/masterchem.ee\/fi\/wp-json\/wp\/v2\/types\/product"}],"wp:featuredmedia":[{"embeddable":true,"href":"https:\/\/masterchem.ee\/fi\/wp-json\/wp\/v2\/media\/21550"}],"wp:attachment":[{"href":"https:\/\/masterchem.ee\/fi\/wp-json\/wp\/v2\/media?parent=21542"}],"wp:term":[{"taxonomy":"product_brand","embeddable":true,"href":"https:\/\/masterchem.ee\/fi\/wp-json\/wp\/v2\/product_brand?post=21542"},{"taxonomy":"product_cat","embeddable":true,"href":"https:\/\/masterchem.ee\/fi\/wp-json\/wp\/v2\/product_cat?post=21542"},{"taxonomy":"product_tag","embeddable":true,"href":"https:\/\/masterchem.ee\/fi\/wp-json\/wp\/v2\/product_tag?post=21542"}],"curies":[{"name":"wp","href":"https:\/\/api.w.org\/{rel}","templated":true}]}}