{"id":21111,"date":"2022-12-08T11:00:33","date_gmt":"2022-12-08T11:01:04","guid":{"rendered":"https:\/\/masterchem.ee\/?post_type=product&#038;p=21111"},"modified":"2024-09-26T08:22:14","modified_gmt":"2024-09-26T08:22:14","slug":"hajuton-talvinen-tuulilasinpesuneste-40-c","status":"publish","type":"product","link":"https:\/\/masterchem.ee\/fi\/tooted-ja-teenused\/hajuton-talvinen-tuulilasinpesuneste-40-c\/","title":{"rendered":"Hajuton talvinen tuulilasinpesuneste -40\u00b0C"},"content":{"rendered":"<p>VAROITUS &#8211; Syttyv\u00e4 neste ja h\u00f6yry. Myrkyllist\u00e4 nieltyn\u00e4, joutuessaan iholle tai hengitettyn\u00e4. Aiheuttaa vaurioita elimille.<br \/>\nPid\u00e4 poissa lasten ulottuvilta. Pid\u00e4 s\u00e4ili\u00f6 tiiviisti suljettuna. Pese k\u00e4det huolellisesti k\u00e4sittelyn j\u00e4lkeen. \u00c4l\u00e4 sy\u00f6, juo tai tupakoi t\u00e4t\u00e4 tuotetta k\u00e4sitelless\u00e4si.<br \/>\nPid\u00e4 erill\u00e4\u00e4n l\u00e4mm\u00f6st\u00e4, kuumista pinnoista, kipin\u00f6ist\u00e4, avotulesta ja muista sytytysl\u00e4hteist\u00e4.<br \/>\nJOS KEMIKAALIA ON HENGITETTY: Siirr\u00e4 uhri raittiiseen ilmaan ja pid\u00e4 lepoasennossa, jossa on helppo hengitt\u00e4\u00e4.<br \/>\nJOS KEMIKAALIA JOUTUU IHOLLE (tai hiuksiin): Riisu v\u00e4litt\u00f6m\u00e4sti kaikki saastuneet vaatteet. Huuhtele iho vedell\u00e4\/suihkulla.<br \/>\nJOS KEMIKAALIA ON NIELTY: Ota v\u00e4litt\u00f6m\u00e4sti yhteys MYRKYTYSTIETOKESKUKSEEN tai l\u00e4\u00e4k\u00e4riin.<\/p>\n<p><img loading=\"lazy\" decoding=\"async\" src=\"https:\/\/masterchem.ee\/wp-content\/uploads\/2022\/02\/GHSO2.jpg\" alt=\"\" width=\"100\" height=\"100\" class=\"alignnone size-full wp-image-17720\" srcset=\"https:\/\/masterchem.ee\/wp-content\/uploads\/2022\/02\/GHSO2.jpg 176w, https:\/\/masterchem.ee\/wp-content\/uploads\/2022\/02\/GHSO2-150x150.jpg 150w, https:\/\/masterchem.ee\/wp-content\/uploads\/2022\/02\/GHSO2-100x100.jpg 100w, https:\/\/masterchem.ee\/wp-content\/uploads\/2022\/02\/GHSO2-50x50.jpg 50w\" sizes=\"auto, (max-width: 100px) 100vw, 100px\" \/> <img loading=\"lazy\" decoding=\"async\" src=\"https:\/\/masterchem.ee\/wp-content\/uploads\/2022\/01\/hazard_sign.jpg\" alt=\"\" width=\"100\" height=\"100\" class=\"alignnone size-medium wp-image-17210\" srcset=\"https:\/\/masterchem.ee\/wp-content\/uploads\/2022\/01\/hazard_sign.jpg 176w, https:\/\/masterchem.ee\/wp-content\/uploads\/2022\/01\/hazard_sign-150x150.jpg 150w, https:\/\/masterchem.ee\/wp-content\/uploads\/2022\/01\/hazard_sign-100x100.jpg 100w, https:\/\/masterchem.ee\/wp-content\/uploads\/2022\/01\/hazard_sign-50x50.jpg 50w\" sizes=\"auto, (max-width: 100px) 100vw, 100px\" \/> <img loading=\"lazy\" decoding=\"async\" src=\"https:\/\/masterchem.ee\/wp-content\/uploads\/2022\/02\/GHSO6.jpg\" alt=\"\" width=\"100\" height=\"100\" class=\"alignnone size-medium wp-image-17724\" srcset=\"https:\/\/masterchem.ee\/wp-content\/uploads\/2022\/02\/GHSO6.jpg 176w, https:\/\/masterchem.ee\/wp-content\/uploads\/2022\/02\/GHSO6-150x150.jpg 150w, https:\/\/masterchem.ee\/wp-content\/uploads\/2022\/02\/GHSO6-100x100.jpg 100w, https:\/\/masterchem.ee\/wp-content\/uploads\/2022\/02\/GHSO6-50x50.jpg 50w\" sizes=\"auto, (max-width: 100px) 100vw, 100px\" \/><\/p>\n<p><strong style=\"color:red\">SIS\u00c4LT\u00c4\u00c4 METANOLIA JA 1230<\/strong><br \/>\nEAN: 4742668000324<br \/>\nKoostumus: metanoli, pinta-aktiiviset aineet, v\u00e4riaine, vesi<br \/>\nValmistaja: MASTERCHEM O\u00dc, Reg.nr.10755076, Lao 4, Maardu, 74114 Viro Puh. +37255513600<\/p>\n","protected":false},"excerpt":{"rendered":"<p><strong>Hajuton talvinen tuulilasinpesuneste -40\u00b0C<\/strong><\/p>\n<p><strong style=\"color:red\">Vain ammattik\u00e4ytt\u00f6\u00f6n!<\/strong><br \/>\nYmp\u00e4rivuotiseen k\u00e4ytt\u00f6\u00f6n auton tuulilasin pesuj\u00e4rjestelm\u00e4ss\u00e4. Est\u00e4\u00e4 pesuj\u00e4rjestelm\u00e4\u00e4 j\u00e4\u00e4tym\u00e4st\u00e4 -40\u00b0C asti. Suojaa lasia j\u00e4\u00e4tymiselt\u00e4 ja kulumiselta. Hyvill\u00e4 pesuominaisuuksilla. Poistaa t\u00e4ydellisesti erilaiset lian ja rasvaj\u00e4\u00e4m\u00e4t. Ei muodosta h\u00e4iritsev\u00e4\u00e4 kalvoa, ei vaurioita kumia tai muovia.<\/p>\n","protected":false},"featured_media":21134,"template":"","meta":[],"product_brand":[],"product_cat":[180,109,115,302],"product_tag":[],"class_list":{"0":"post-21111","1":"product","2":"type-product","3":"status-publish","4":"has-post-thumbnail","6":"product_cat-uncategorized-fi-2","7":"product_cat-anti-jaatymisnesteet","8":"product_cat-auton-ja-koneiden-kemikaalit","9":"product_cat-jaahdytysnesteet","10":"pif-has-gallery","12":"first","13":"instock","14":"taxable","15":"shipping-taxable","16":"purchasable","17":"product-type-variable","18":"has-default-attributes"},"yoast_head":"<!-- This site is optimized with the Yoast SEO plugin v26.2 - https:\/\/yoast.com\/wordpress\/plugins\/seo\/ -->\n<title>Hajuton talvinen tuulilasinpesuneste -40\u00b0C<\/title>\n<meta name=\"description\" content=\"Aastaringselt kasutamiseks auto tuuleklaasi pesus\u00fcsteemis. Hoiab \u00e4ra pesus\u00fcsteemi k\u00fclmumise kuni -40\u00b0C.\" \/>\n<meta name=\"robots\" content=\"index, follow, max-snippet:-1, max-image-preview:large, max-video-preview:-1\" \/>\n<link rel=\"canonical\" href=\"https:\/\/masterchem.ee\/fi\/tooted-ja-teenused\/hajuton-talvinen-tuulilasinpesuneste-40-c\/\" \/>\n<meta name=\"twitter:card\" content=\"summary_large_image\" \/>\n<meta name=\"twitter:title\" content=\"Hajuton talvinen tuulilasinpesuneste -40\u00b0C\" \/>\n<meta name=\"twitter:description\" content=\"Aastaringselt kasutamiseks auto tuuleklaasi pesus\u00fcsteemis. Hoiab \u00e4ra pesus\u00fcsteemi k\u00fclmumise kuni -40\u00b0C.\" \/>\n<meta name=\"twitter:image\" content=\"https:\/\/masterchem.ee\/wp-content\/uploads\/2022\/12\/Klaasipesuvedelik_lohnatu_talvine_-40-C_4L-1.jpg\" \/>\n<meta name=\"twitter:label1\" content=\"Arvioitu lukuaika\" \/>\n\t<meta name=\"twitter:data1\" content=\"1 minuutti\" \/>\n<script type=\"application\/ld+json\" class=\"yoast-schema-graph\">{\"@context\":\"https:\/\/schema.org\",\"@graph\":[{\"@type\":\"WebPage\",\"@id\":\"https:\/\/masterchem.ee\/fi\/tooted-ja-teenused\/hajuton-talvinen-tuulilasinpesuneste-40-c\/\",\"url\":\"https:\/\/masterchem.ee\/fi\/tooted-ja-teenused\/hajuton-talvinen-tuulilasinpesuneste-40-c\/\",\"name\":\"Hajuton talvinen tuulilasinpesuneste -40\u00b0C\",\"isPartOf\":{\"@id\":\"https:\/\/masterchem.ee\/fi\/#website\"},\"primaryImageOfPage\":{\"@id\":\"https:\/\/masterchem.ee\/fi\/tooted-ja-teenused\/hajuton-talvinen-tuulilasinpesuneste-40-c\/#primaryimage\"},\"image\":{\"@id\":\"https:\/\/masterchem.ee\/fi\/tooted-ja-teenused\/hajuton-talvinen-tuulilasinpesuneste-40-c\/#primaryimage\"},\"thumbnailUrl\":\"https:\/\/masterchem.ee\/wp-content\/uploads\/2022\/12\/Klaasipesuvedelik_lohnatu_talvine_-40-C_4L-1.jpg\",\"datePublished\":\"2022-12-08T11:01:04+00:00\",\"dateModified\":\"2024-09-26T08:22:14+00:00\",\"description\":\"Aastaringselt kasutamiseks auto tuuleklaasi pesus\u00fcsteemis. Hoiab \u00e4ra pesus\u00fcsteemi k\u00fclmumise kuni -40\u00b0C.\",\"breadcrumb\":{\"@id\":\"https:\/\/masterchem.ee\/fi\/tooted-ja-teenused\/hajuton-talvinen-tuulilasinpesuneste-40-c\/#breadcrumb\"},\"inLanguage\":\"fi\",\"potentialAction\":[{\"@type\":\"ReadAction\",\"target\":[\"https:\/\/masterchem.ee\/fi\/tooted-ja-teenused\/hajuton-talvinen-tuulilasinpesuneste-40-c\/\"]}]},{\"@type\":\"ImageObject\",\"inLanguage\":\"fi\",\"@id\":\"https:\/\/masterchem.ee\/fi\/tooted-ja-teenused\/hajuton-talvinen-tuulilasinpesuneste-40-c\/#primaryimage\",\"url\":\"https:\/\/masterchem.ee\/wp-content\/uploads\/2022\/12\/Klaasipesuvedelik_lohnatu_talvine_-40-C_4L-1.jpg\",\"contentUrl\":\"https:\/\/masterchem.ee\/wp-content\/uploads\/2022\/12\/Klaasipesuvedelik_lohnatu_talvine_-40-C_4L-1.jpg\",\"width\":700,\"height\":700,\"caption\":\"Hajuton talvinen tuulilasinpesuneste -40\u00b0C 5L\"},{\"@type\":\"BreadcrumbList\",\"@id\":\"https:\/\/masterchem.ee\/fi\/tooted-ja-teenused\/hajuton-talvinen-tuulilasinpesuneste-40-c\/#breadcrumb\",\"itemListElement\":[{\"@type\":\"ListItem\",\"position\":1,\"name\":\"Home\",\"item\":\"https:\/\/masterchem.ee\/fi\/\"},{\"@type\":\"ListItem\",\"position\":2,\"name\":\"Tooted ja teenused\",\"item\":\"https:\/\/masterchem.ee\/tooted-ja-teenused\/\"},{\"@type\":\"ListItem\",\"position\":3,\"name\":\"Hajuton talvinen tuulilasinpesuneste -40\u00b0C\"}]},{\"@type\":\"WebSite\",\"@id\":\"https:\/\/masterchem.ee\/fi\/#website\",\"url\":\"https:\/\/masterchem.ee\/fi\/\",\"name\":\"Masterchem.ee\",\"description\":\"Chemistry For Industry - Solvents &amp; Chemicals\",\"publisher\":{\"@id\":\"https:\/\/masterchem.ee\/fi\/#organization\"},\"potentialAction\":[{\"@type\":\"SearchAction\",\"target\":{\"@type\":\"EntryPoint\",\"urlTemplate\":\"https:\/\/masterchem.ee\/fi\/?s={search_term_string}\"},\"query-input\":{\"@type\":\"PropertyValueSpecification\",\"valueRequired\":true,\"valueName\":\"search_term_string\"}}],\"inLanguage\":\"fi\"},{\"@type\":\"Organization\",\"@id\":\"https:\/\/masterchem.ee\/fi\/#organization\",\"name\":\"Masterchem\",\"url\":\"https:\/\/masterchem.ee\/fi\/\",\"logo\":{\"@type\":\"ImageObject\",\"inLanguage\":\"fi\",\"@id\":\"https:\/\/masterchem.ee\/fi\/#\/schema\/logo\/image\/\",\"url\":\"https:\/\/masterchem.ee\/wp-content\/uploads\/2018\/02\/master-chem_final-1.png\",\"contentUrl\":\"https:\/\/masterchem.ee\/wp-content\/uploads\/2018\/02\/master-chem_final-1.png\",\"width\":850,\"height\":356,\"caption\":\"Masterchem\"},\"image\":{\"@id\":\"https:\/\/masterchem.ee\/fi\/#\/schema\/logo\/image\/\"}}]}<\/script>\n<!-- \/ Yoast SEO plugin. -->","yoast_head_json":{"title":"Hajuton talvinen tuulilasinpesuneste -40\u00b0C","description":"Aastaringselt kasutamiseks auto tuuleklaasi pesus\u00fcsteemis. Hoiab \u00e4ra pesus\u00fcsteemi k\u00fclmumise kuni -40\u00b0C.","robots":{"index":"index","follow":"follow","max-snippet":"max-snippet:-1","max-image-preview":"max-image-preview:large","max-video-preview":"max-video-preview:-1"},"canonical":"https:\/\/masterchem.ee\/fi\/tooted-ja-teenused\/hajuton-talvinen-tuulilasinpesuneste-40-c\/","twitter_card":"summary_large_image","twitter_title":"Hajuton talvinen tuulilasinpesuneste -40\u00b0C","twitter_description":"Aastaringselt kasutamiseks auto tuuleklaasi pesus\u00fcsteemis. Hoiab \u00e4ra pesus\u00fcsteemi k\u00fclmumise kuni -40\u00b0C.","twitter_image":"https:\/\/masterchem.ee\/wp-content\/uploads\/2022\/12\/Klaasipesuvedelik_lohnatu_talvine_-40-C_4L-1.jpg","twitter_misc":{"Arvioitu lukuaika":"1 minuutti"},"schema":{"@context":"https:\/\/schema.org","@graph":[{"@type":"WebPage","@id":"https:\/\/masterchem.ee\/fi\/tooted-ja-teenused\/hajuton-talvinen-tuulilasinpesuneste-40-c\/","url":"https:\/\/masterchem.ee\/fi\/tooted-ja-teenused\/hajuton-talvinen-tuulilasinpesuneste-40-c\/","name":"Hajuton talvinen tuulilasinpesuneste -40\u00b0C","isPartOf":{"@id":"https:\/\/masterchem.ee\/fi\/#website"},"primaryImageOfPage":{"@id":"https:\/\/masterchem.ee\/fi\/tooted-ja-teenused\/hajuton-talvinen-tuulilasinpesuneste-40-c\/#primaryimage"},"image":{"@id":"https:\/\/masterchem.ee\/fi\/tooted-ja-teenused\/hajuton-talvinen-tuulilasinpesuneste-40-c\/#primaryimage"},"thumbnailUrl":"https:\/\/masterchem.ee\/wp-content\/uploads\/2022\/12\/Klaasipesuvedelik_lohnatu_talvine_-40-C_4L-1.jpg","datePublished":"2022-12-08T11:01:04+00:00","dateModified":"2024-09-26T08:22:14+00:00","description":"Aastaringselt kasutamiseks auto tuuleklaasi pesus\u00fcsteemis. Hoiab \u00e4ra pesus\u00fcsteemi k\u00fclmumise kuni -40\u00b0C.","breadcrumb":{"@id":"https:\/\/masterchem.ee\/fi\/tooted-ja-teenused\/hajuton-talvinen-tuulilasinpesuneste-40-c\/#breadcrumb"},"inLanguage":"fi","potentialAction":[{"@type":"ReadAction","target":["https:\/\/masterchem.ee\/fi\/tooted-ja-teenused\/hajuton-talvinen-tuulilasinpesuneste-40-c\/"]}]},{"@type":"ImageObject","inLanguage":"fi","@id":"https:\/\/masterchem.ee\/fi\/tooted-ja-teenused\/hajuton-talvinen-tuulilasinpesuneste-40-c\/#primaryimage","url":"https:\/\/masterchem.ee\/wp-content\/uploads\/2022\/12\/Klaasipesuvedelik_lohnatu_talvine_-40-C_4L-1.jpg","contentUrl":"https:\/\/masterchem.ee\/wp-content\/uploads\/2022\/12\/Klaasipesuvedelik_lohnatu_talvine_-40-C_4L-1.jpg","width":700,"height":700,"caption":"Hajuton talvinen tuulilasinpesuneste -40\u00b0C 5L"},{"@type":"BreadcrumbList","@id":"https:\/\/masterchem.ee\/fi\/tooted-ja-teenused\/hajuton-talvinen-tuulilasinpesuneste-40-c\/#breadcrumb","itemListElement":[{"@type":"ListItem","position":1,"name":"Home","item":"https:\/\/masterchem.ee\/fi\/"},{"@type":"ListItem","position":2,"name":"Tooted ja teenused","item":"https:\/\/masterchem.ee\/tooted-ja-teenused\/"},{"@type":"ListItem","position":3,"name":"Hajuton talvinen tuulilasinpesuneste -40\u00b0C"}]},{"@type":"WebSite","@id":"https:\/\/masterchem.ee\/fi\/#website","url":"https:\/\/masterchem.ee\/fi\/","name":"Masterchem.ee","description":"Chemistry For Industry - Solvents &amp; Chemicals","publisher":{"@id":"https:\/\/masterchem.ee\/fi\/#organization"},"potentialAction":[{"@type":"SearchAction","target":{"@type":"EntryPoint","urlTemplate":"https:\/\/masterchem.ee\/fi\/?s={search_term_string}"},"query-input":{"@type":"PropertyValueSpecification","valueRequired":true,"valueName":"search_term_string"}}],"inLanguage":"fi"},{"@type":"Organization","@id":"https:\/\/masterchem.ee\/fi\/#organization","name":"Masterchem","url":"https:\/\/masterchem.ee\/fi\/","logo":{"@type":"ImageObject","inLanguage":"fi","@id":"https:\/\/masterchem.ee\/fi\/#\/schema\/logo\/image\/","url":"https:\/\/masterchem.ee\/wp-content\/uploads\/2018\/02\/master-chem_final-1.png","contentUrl":"https:\/\/masterchem.ee\/wp-content\/uploads\/2018\/02\/master-chem_final-1.png","width":850,"height":356,"caption":"Masterchem"},"image":{"@id":"https:\/\/masterchem.ee\/fi\/#\/schema\/logo\/image\/"}}]}},"_links":{"self":[{"href":"https:\/\/masterchem.ee\/fi\/wp-json\/wp\/v2\/product\/21111","targetHints":{"allow":["GET"]}}],"collection":[{"href":"https:\/\/masterchem.ee\/fi\/wp-json\/wp\/v2\/product"}],"about":[{"href":"https:\/\/masterchem.ee\/fi\/wp-json\/wp\/v2\/types\/product"}],"wp:featuredmedia":[{"embeddable":true,"href":"https:\/\/masterchem.ee\/fi\/wp-json\/wp\/v2\/media\/21134"}],"wp:attachment":[{"href":"https:\/\/masterchem.ee\/fi\/wp-json\/wp\/v2\/media?parent=21111"}],"wp:term":[{"taxonomy":"product_brand","embeddable":true,"href":"https:\/\/masterchem.ee\/fi\/wp-json\/wp\/v2\/product_brand?post=21111"},{"taxonomy":"product_cat","embeddable":true,"href":"https:\/\/masterchem.ee\/fi\/wp-json\/wp\/v2\/product_cat?post=21111"},{"taxonomy":"product_tag","embeddable":true,"href":"https:\/\/masterchem.ee\/fi\/wp-json\/wp\/v2\/product_tag?post=21111"}],"curies":[{"name":"wp","href":"https:\/\/api.w.org\/{rel}","templated":true}]}}