{"id":20803,"date":"2022-11-08T08:01:48","date_gmt":"2022-11-08T08:01:54","guid":{"rendered":"https:\/\/masterchem.ee\/?post_type=product&#038;p=20803"},"modified":"2022-11-08T08:24:30","modified_gmt":"2022-11-08T08:24:30","slug":"mastercoolant-eco-20-c-ekologinen-lammonsiirtoaine-jaahdytysneste","status":"publish","type":"product","link":"https:\/\/masterchem.ee\/fi\/tooted-ja-teenused\/mastercoolant-eco-20-c-ekologinen-lammonsiirtoaine-jaahdytysneste\/","title":{"rendered":"MasterCoolant ECO -20\u00b0C ekologinen l\u00e4mm\u00f6nsiirtoaine (j\u00e4\u00e4hdytysneste)"},"content":{"rendered":"<p><strong>Kauppanimi: MasterCoolant ECO -20\u00b0C<\/strong><\/p>\n<p><strong>OMINAISUUDET:<\/strong><\/p>\n<ul>\n<li>Sis\u00e4lt\u00e4\u00e4 tasapainoisen sarjan korroosionestoaineita, jotka suojaavat ter\u00e4st\u00e4, rautaa, kuparia, messinki\u00e4, duralumiinia;<\/li>\n<li>Ei sis\u00e4ll\u00e4 fosfaatteja, nitriittej\u00e4, amiineja;<\/li>\n<li>\u00c4l\u00e4 j\u00e4\u00e4dyt\u00e4 alle -20 \u02daC:n l\u00e4mp\u00f6tilassa;<\/li>\n<li>Suojaa laitteita korroosiolta;<\/li>\n<li>\u00c4l\u00e4 vahingoita tiivisteit\u00e4;<\/li>\n<li>Kiehumispiste on +120\u02daC;<\/li>\n<\/ul>\n<p>K\u00c4YTT\u00d6EHDOT: J\u00e4\u00e4hdytysnestett\u00e4 ei laimenneta, koska se sis\u00e4lt\u00e4\u00e4 tasapainoisen paketin lis\u00e4aineita. J\u00e4\u00e4hdytysneste kaadetaan l\u00e4mmitysj\u00e4rjestelm\u00e4\u00e4n ja l\u00e4mmitysj\u00e4rjestelm\u00e4\u00e4 k\u00e4ytet\u00e4\u00e4n ohjeiden mukaan.<\/p>\n","protected":false},"excerpt":{"rendered":"<p>Ymp\u00e4rist\u00f6yst\u00e4v\u00e4llinen j\u00e4\u00e4hdytysneste l\u00e4mmitysj\u00e4rjestelmiin, ei sis\u00e4ll\u00e4 haitallista etyleeniglykolia. Valmistettu myrkytt\u00f6m\u00e4st\u00e4 propyleeniglykolista ja siksi soveltuu erityisen hyvin talojen ja huoneistojen l\u00e4mmitykseen. Ei sovellu k\u00e4ytett\u00e4v\u00e4ksi l\u00e4mmitysj\u00e4rjestelmiss\u00e4, joissa on alumiinipatterit. MasterCoolant ECO -20\u00b0C sis\u00e4lt\u00e4\u00e4 propyleeniglykolia, erityisesti demineralisoitua vett\u00e4, korroosion lis\u00e4aineita, vaahtoamisenestoaineita, stabiloivia lis\u00e4aineita ja paketin korkealaatuisia, monik\u00e4ytt\u00f6isi\u00e4 lis\u00e4aineita.<\/p>\n","protected":false},"featured_media":20832,"template":"","meta":[],"product_brand":[],"product_cat":[180,109,115,302,117,118,153,114,154,152],"product_tag":[],"class_list":{"0":"post-20803","1":"product","2":"type-product","3":"status-publish","4":"has-post-thumbnail","6":"product_cat-uncategorized-fi-2","7":"product_cat-anti-jaatymisnesteet","8":"product_cat-auton-ja-koneiden-kemikaalit","9":"product_cat-jaahdytysnesteet","10":"product_cat-kotitalouskemikaalit","11":"product_cat-metallikemikaalit","12":"product_cat-puunjalostuskemikaalit","13":"product_cat-rakennusteollisuus","14":"product_cat-tien-maalaus","15":"product_cat-tipografiset-kemikaalit","16":"pif-has-gallery","18":"first","19":"instock","20":"taxable","21":"shipping-taxable","22":"purchasable","23":"product-type-variable","24":"has-default-attributes"},"yoast_head":"<!-- This site is optimized with the Yoast SEO plugin v26.2 - https:\/\/yoast.com\/wordpress\/plugins\/seo\/ -->\n<title>MasterCoolant ECO -20\u00b0C ekologinen l\u00e4mm\u00f6nsiirtoaine (j\u00e4\u00e4hdytysneste)<\/title>\n<meta name=\"description\" content=\"MasterCoolant ECO -20\u00b0C - ymp\u00e4rist\u00f6yst\u00e4v\u00e4llinen j\u00e4\u00e4hdytysneste l\u00e4mmitysj\u00e4rjestelmiin, ei sis\u00e4ll\u00e4 ihmiskeholle haitallista etyleeniglykolia.\" \/>\n<meta name=\"robots\" content=\"index, follow, max-snippet:-1, max-image-preview:large, max-video-preview:-1\" \/>\n<link rel=\"canonical\" href=\"https:\/\/masterchem.ee\/fi\/tooted-ja-teenused\/mastercoolant-eco-20-c-ekologinen-lammonsiirtoaine-jaahdytysneste\/\" \/>\n<meta name=\"twitter:card\" content=\"summary_large_image\" \/>\n<meta name=\"twitter:title\" content=\"MasterCoolant ECO -20\u00b0C ekologinen l\u00e4mm\u00f6nsiirtoaine (j\u00e4\u00e4hdytysneste)\" \/>\n<meta name=\"twitter:description\" content=\"MasterCoolant ECO -20\u00b0C - ymp\u00e4rist\u00f6yst\u00e4v\u00e4llinen j\u00e4\u00e4hdytysneste l\u00e4mmitysj\u00e4rjestelmiin, ei sis\u00e4ll\u00e4 ihmiskeholle haitallista etyleeniglykolia.\" \/>\n<meta name=\"twitter:image\" content=\"https:\/\/masterchem.ee\/wp-content\/uploads\/2022\/11\/MasterCoolant-ECO-kuttesusteemide-soojuskandja-1000l-MasterChem.jpg\" \/>\n<script type=\"application\/ld+json\" class=\"yoast-schema-graph\">{\"@context\":\"https:\/\/schema.org\",\"@graph\":[{\"@type\":\"WebPage\",\"@id\":\"https:\/\/masterchem.ee\/fi\/tooted-ja-teenused\/mastercoolant-eco-20-c-ekologinen-lammonsiirtoaine-jaahdytysneste\/\",\"url\":\"https:\/\/masterchem.ee\/fi\/tooted-ja-teenused\/mastercoolant-eco-20-c-ekologinen-lammonsiirtoaine-jaahdytysneste\/\",\"name\":\"MasterCoolant ECO -20\u00b0C ekologinen l\u00e4mm\u00f6nsiirtoaine (j\u00e4\u00e4hdytysneste)\",\"isPartOf\":{\"@id\":\"https:\/\/masterchem.ee\/fi\/#website\"},\"primaryImageOfPage\":{\"@id\":\"https:\/\/masterchem.ee\/fi\/tooted-ja-teenused\/mastercoolant-eco-20-c-ekologinen-lammonsiirtoaine-jaahdytysneste\/#primaryimage\"},\"image\":{\"@id\":\"https:\/\/masterchem.ee\/fi\/tooted-ja-teenused\/mastercoolant-eco-20-c-ekologinen-lammonsiirtoaine-jaahdytysneste\/#primaryimage\"},\"thumbnailUrl\":\"https:\/\/masterchem.ee\/wp-content\/uploads\/2022\/11\/MasterCoolant-ECO-kuttesusteemide-soojuskandja-1000l-MasterChem.jpg\",\"datePublished\":\"2022-11-08T08:01:54+00:00\",\"dateModified\":\"2022-11-08T08:24:30+00:00\",\"description\":\"MasterCoolant ECO -20\u00b0C - ymp\u00e4rist\u00f6yst\u00e4v\u00e4llinen j\u00e4\u00e4hdytysneste l\u00e4mmitysj\u00e4rjestelmiin, ei sis\u00e4ll\u00e4 ihmiskeholle haitallista etyleeniglykolia.\",\"breadcrumb\":{\"@id\":\"https:\/\/masterchem.ee\/fi\/tooted-ja-teenused\/mastercoolant-eco-20-c-ekologinen-lammonsiirtoaine-jaahdytysneste\/#breadcrumb\"},\"inLanguage\":\"fi\",\"potentialAction\":[{\"@type\":\"ReadAction\",\"target\":[\"https:\/\/masterchem.ee\/fi\/tooted-ja-teenused\/mastercoolant-eco-20-c-ekologinen-lammonsiirtoaine-jaahdytysneste\/\"]}]},{\"@type\":\"ImageObject\",\"inLanguage\":\"fi\",\"@id\":\"https:\/\/masterchem.ee\/fi\/tooted-ja-teenused\/mastercoolant-eco-20-c-ekologinen-lammonsiirtoaine-jaahdytysneste\/#primaryimage\",\"url\":\"https:\/\/masterchem.ee\/wp-content\/uploads\/2022\/11\/MasterCoolant-ECO-kuttesusteemide-soojuskandja-1000l-MasterChem.jpg\",\"contentUrl\":\"https:\/\/masterchem.ee\/wp-content\/uploads\/2022\/11\/MasterCoolant-ECO-kuttesusteemide-soojuskandja-1000l-MasterChem.jpg\",\"width\":1941,\"height\":2019,\"caption\":\"MasterCoolant ECO CONCENTRATE ekologinen l\u00e4mm\u00f6nsiirtoaine (j\u00e4\u00e4hdytysneste) 1000l MasterChem\"},{\"@type\":\"BreadcrumbList\",\"@id\":\"https:\/\/masterchem.ee\/fi\/tooted-ja-teenused\/mastercoolant-eco-20-c-ekologinen-lammonsiirtoaine-jaahdytysneste\/#breadcrumb\",\"itemListElement\":[{\"@type\":\"ListItem\",\"position\":1,\"name\":\"Home\",\"item\":\"https:\/\/masterchem.ee\/fi\/\"},{\"@type\":\"ListItem\",\"position\":2,\"name\":\"Tooted ja teenused\",\"item\":\"https:\/\/masterchem.ee\/tooted-ja-teenused\/\"},{\"@type\":\"ListItem\",\"position\":3,\"name\":\"MasterCoolant ECO -20\u00b0C ekologinen l\u00e4mm\u00f6nsiirtoaine (j\u00e4\u00e4hdytysneste)\"}]},{\"@type\":\"WebSite\",\"@id\":\"https:\/\/masterchem.ee\/fi\/#website\",\"url\":\"https:\/\/masterchem.ee\/fi\/\",\"name\":\"Masterchem.ee\",\"description\":\"Chemistry For Industry - Solvents &amp; Chemicals\",\"publisher\":{\"@id\":\"https:\/\/masterchem.ee\/fi\/#organization\"},\"potentialAction\":[{\"@type\":\"SearchAction\",\"target\":{\"@type\":\"EntryPoint\",\"urlTemplate\":\"https:\/\/masterchem.ee\/fi\/?s={search_term_string}\"},\"query-input\":{\"@type\":\"PropertyValueSpecification\",\"valueRequired\":true,\"valueName\":\"search_term_string\"}}],\"inLanguage\":\"fi\"},{\"@type\":\"Organization\",\"@id\":\"https:\/\/masterchem.ee\/fi\/#organization\",\"name\":\"Masterchem\",\"url\":\"https:\/\/masterchem.ee\/fi\/\",\"logo\":{\"@type\":\"ImageObject\",\"inLanguage\":\"fi\",\"@id\":\"https:\/\/masterchem.ee\/fi\/#\/schema\/logo\/image\/\",\"url\":\"https:\/\/masterchem.ee\/wp-content\/uploads\/2018\/02\/master-chem_final-1.png\",\"contentUrl\":\"https:\/\/masterchem.ee\/wp-content\/uploads\/2018\/02\/master-chem_final-1.png\",\"width\":850,\"height\":356,\"caption\":\"Masterchem\"},\"image\":{\"@id\":\"https:\/\/masterchem.ee\/fi\/#\/schema\/logo\/image\/\"}}]}<\/script>\n<!-- \/ Yoast SEO plugin. -->","yoast_head_json":{"title":"MasterCoolant ECO -20\u00b0C ekologinen l\u00e4mm\u00f6nsiirtoaine (j\u00e4\u00e4hdytysneste)","description":"MasterCoolant ECO -20\u00b0C - ymp\u00e4rist\u00f6yst\u00e4v\u00e4llinen j\u00e4\u00e4hdytysneste l\u00e4mmitysj\u00e4rjestelmiin, ei sis\u00e4ll\u00e4 ihmiskeholle haitallista etyleeniglykolia.","robots":{"index":"index","follow":"follow","max-snippet":"max-snippet:-1","max-image-preview":"max-image-preview:large","max-video-preview":"max-video-preview:-1"},"canonical":"https:\/\/masterchem.ee\/fi\/tooted-ja-teenused\/mastercoolant-eco-20-c-ekologinen-lammonsiirtoaine-jaahdytysneste\/","twitter_card":"summary_large_image","twitter_title":"MasterCoolant ECO -20\u00b0C ekologinen l\u00e4mm\u00f6nsiirtoaine (j\u00e4\u00e4hdytysneste)","twitter_description":"MasterCoolant ECO -20\u00b0C - ymp\u00e4rist\u00f6yst\u00e4v\u00e4llinen j\u00e4\u00e4hdytysneste l\u00e4mmitysj\u00e4rjestelmiin, ei sis\u00e4ll\u00e4 ihmiskeholle haitallista etyleeniglykolia.","twitter_image":"https:\/\/masterchem.ee\/wp-content\/uploads\/2022\/11\/MasterCoolant-ECO-kuttesusteemide-soojuskandja-1000l-MasterChem.jpg","schema":{"@context":"https:\/\/schema.org","@graph":[{"@type":"WebPage","@id":"https:\/\/masterchem.ee\/fi\/tooted-ja-teenused\/mastercoolant-eco-20-c-ekologinen-lammonsiirtoaine-jaahdytysneste\/","url":"https:\/\/masterchem.ee\/fi\/tooted-ja-teenused\/mastercoolant-eco-20-c-ekologinen-lammonsiirtoaine-jaahdytysneste\/","name":"MasterCoolant ECO -20\u00b0C ekologinen l\u00e4mm\u00f6nsiirtoaine (j\u00e4\u00e4hdytysneste)","isPartOf":{"@id":"https:\/\/masterchem.ee\/fi\/#website"},"primaryImageOfPage":{"@id":"https:\/\/masterchem.ee\/fi\/tooted-ja-teenused\/mastercoolant-eco-20-c-ekologinen-lammonsiirtoaine-jaahdytysneste\/#primaryimage"},"image":{"@id":"https:\/\/masterchem.ee\/fi\/tooted-ja-teenused\/mastercoolant-eco-20-c-ekologinen-lammonsiirtoaine-jaahdytysneste\/#primaryimage"},"thumbnailUrl":"https:\/\/masterchem.ee\/wp-content\/uploads\/2022\/11\/MasterCoolant-ECO-kuttesusteemide-soojuskandja-1000l-MasterChem.jpg","datePublished":"2022-11-08T08:01:54+00:00","dateModified":"2022-11-08T08:24:30+00:00","description":"MasterCoolant ECO -20\u00b0C - ymp\u00e4rist\u00f6yst\u00e4v\u00e4llinen j\u00e4\u00e4hdytysneste l\u00e4mmitysj\u00e4rjestelmiin, ei sis\u00e4ll\u00e4 ihmiskeholle haitallista etyleeniglykolia.","breadcrumb":{"@id":"https:\/\/masterchem.ee\/fi\/tooted-ja-teenused\/mastercoolant-eco-20-c-ekologinen-lammonsiirtoaine-jaahdytysneste\/#breadcrumb"},"inLanguage":"fi","potentialAction":[{"@type":"ReadAction","target":["https:\/\/masterchem.ee\/fi\/tooted-ja-teenused\/mastercoolant-eco-20-c-ekologinen-lammonsiirtoaine-jaahdytysneste\/"]}]},{"@type":"ImageObject","inLanguage":"fi","@id":"https:\/\/masterchem.ee\/fi\/tooted-ja-teenused\/mastercoolant-eco-20-c-ekologinen-lammonsiirtoaine-jaahdytysneste\/#primaryimage","url":"https:\/\/masterchem.ee\/wp-content\/uploads\/2022\/11\/MasterCoolant-ECO-kuttesusteemide-soojuskandja-1000l-MasterChem.jpg","contentUrl":"https:\/\/masterchem.ee\/wp-content\/uploads\/2022\/11\/MasterCoolant-ECO-kuttesusteemide-soojuskandja-1000l-MasterChem.jpg","width":1941,"height":2019,"caption":"MasterCoolant ECO CONCENTRATE ekologinen l\u00e4mm\u00f6nsiirtoaine (j\u00e4\u00e4hdytysneste) 1000l MasterChem"},{"@type":"BreadcrumbList","@id":"https:\/\/masterchem.ee\/fi\/tooted-ja-teenused\/mastercoolant-eco-20-c-ekologinen-lammonsiirtoaine-jaahdytysneste\/#breadcrumb","itemListElement":[{"@type":"ListItem","position":1,"name":"Home","item":"https:\/\/masterchem.ee\/fi\/"},{"@type":"ListItem","position":2,"name":"Tooted ja teenused","item":"https:\/\/masterchem.ee\/tooted-ja-teenused\/"},{"@type":"ListItem","position":3,"name":"MasterCoolant ECO -20\u00b0C ekologinen l\u00e4mm\u00f6nsiirtoaine (j\u00e4\u00e4hdytysneste)"}]},{"@type":"WebSite","@id":"https:\/\/masterchem.ee\/fi\/#website","url":"https:\/\/masterchem.ee\/fi\/","name":"Masterchem.ee","description":"Chemistry For Industry - Solvents &amp; Chemicals","publisher":{"@id":"https:\/\/masterchem.ee\/fi\/#organization"},"potentialAction":[{"@type":"SearchAction","target":{"@type":"EntryPoint","urlTemplate":"https:\/\/masterchem.ee\/fi\/?s={search_term_string}"},"query-input":{"@type":"PropertyValueSpecification","valueRequired":true,"valueName":"search_term_string"}}],"inLanguage":"fi"},{"@type":"Organization","@id":"https:\/\/masterchem.ee\/fi\/#organization","name":"Masterchem","url":"https:\/\/masterchem.ee\/fi\/","logo":{"@type":"ImageObject","inLanguage":"fi","@id":"https:\/\/masterchem.ee\/fi\/#\/schema\/logo\/image\/","url":"https:\/\/masterchem.ee\/wp-content\/uploads\/2018\/02\/master-chem_final-1.png","contentUrl":"https:\/\/masterchem.ee\/wp-content\/uploads\/2018\/02\/master-chem_final-1.png","width":850,"height":356,"caption":"Masterchem"},"image":{"@id":"https:\/\/masterchem.ee\/fi\/#\/schema\/logo\/image\/"}}]}},"_links":{"self":[{"href":"https:\/\/masterchem.ee\/fi\/wp-json\/wp\/v2\/product\/20803","targetHints":{"allow":["GET"]}}],"collection":[{"href":"https:\/\/masterchem.ee\/fi\/wp-json\/wp\/v2\/product"}],"about":[{"href":"https:\/\/masterchem.ee\/fi\/wp-json\/wp\/v2\/types\/product"}],"wp:featuredmedia":[{"embeddable":true,"href":"https:\/\/masterchem.ee\/fi\/wp-json\/wp\/v2\/media\/20832"}],"wp:attachment":[{"href":"https:\/\/masterchem.ee\/fi\/wp-json\/wp\/v2\/media?parent=20803"}],"wp:term":[{"taxonomy":"product_brand","embeddable":true,"href":"https:\/\/masterchem.ee\/fi\/wp-json\/wp\/v2\/product_brand?post=20803"},{"taxonomy":"product_cat","embeddable":true,"href":"https:\/\/masterchem.ee\/fi\/wp-json\/wp\/v2\/product_cat?post=20803"},{"taxonomy":"product_tag","embeddable":true,"href":"https:\/\/masterchem.ee\/fi\/wp-json\/wp\/v2\/product_tag?post=20803"}],"curies":[{"name":"wp","href":"https:\/\/api.w.org\/{rel}","templated":true}]}}