{"id":20725,"date":"2022-11-01T08:00:34","date_gmt":"2022-11-01T08:00:42","guid":{"rendered":"https:\/\/masterchem.ee\/?post_type=product&#038;p=20725"},"modified":"2022-11-01T08:21:56","modified_gmt":"2022-11-01T08:21:56","slug":"monoetyleeniglykoli-cas-107-21-1","status":"publish","type":"product","link":"https:\/\/masterchem.ee\/fi\/tooted-ja-teenused\/monoetyleeniglykoli-cas-107-21-1\/","title":{"rendered":"Monoetyleeniglykoli (CAS 107-21-1)"},"content":{"rendered":"<p><strong>Monoeteenin k\u00e4ytt\u00f6tarkoitukset<\/strong><\/p>\n<p>K\u00e4yt\u00e4 v\u00e4lituotteena, lis\u00e4aineena, teknisen\u00e4 apuaineena, seoksissa. K\u00e4ytet\u00e4\u00e4n pinnoitteissa ja maaleissa, puhdistusaineissa, voiteluaineena, toiminnallisena nesteen\u00e4, l\u00e4mm\u00f6nsiirtonesteen\u00e4 ja hydraulinesteen\u00e4, j\u00e4\u00e4npoisto- ja j\u00e4\u00e4nestoaineena ja paljon muuta.<\/p>\n<p>terveysvaara iho\u00e4rsytys Monoeteenin luokitus:<br \/>\nVaroitus<br \/>\nH302 Haitallista nieltyn\u00e4<br \/>\nH373 Saattaa vaurioittaa elimi\u00e4 pitk\u00e4aikaisessa tai toistuvassa altistumisessa<\/p>\n<p><strong>S\u00e4ilytys- ja kuljetusolosuhteet<\/strong><br \/>\nMonoetyleeniglykolitiiviste tulee s\u00e4ilytt\u00e4\u00e4 suljetussa alkuper\u00e4ispakkauksessa kuivissa, l\u00e4mmitt\u00e4m\u00e4tt\u00f6miss\u00e4 ilmastoiduissa tiloissa. Viimeinen k\u00e4ytt\u00f6p\u00e4iv\u00e4 &#8211; 60 kuukautta valmistusp\u00e4iv\u00e4st\u00e4. Materiaali voidaan kuljettaa mink\u00e4 tahansa kuljetusv\u00e4lineen kattamissa ajoneuvoissa t\u00e4m\u00e4n tyyppisten tavarankuljetuss\u00e4\u00e4nt\u00f6jen mukaisesti.<\/p>\n","protected":false},"excerpt":{"rendered":"<p>Monoetyleeniglykolia k\u00e4ytet\u00e4\u00e4n p\u00e4\u00e4asiassa polyesterin, polyesterihartsin, ohenteiden, pehmittimien, pinta-aktiivisten aineiden, synteettisten kuitujen, kosmetiikan ja r\u00e4j\u00e4hteiden valmistukseen.<\/p>\n<p>Monoetyleeniglykolia voidaan k\u00e4ytt\u00e4\u00e4 my\u00f6s maalin\/musteen liuottimena, moottorin j\u00e4\u00e4tymisenestoaineena ja vedenpoistoaineena. Lis\u00e4ksi etyleeniglykolista voidaan valmistaa synteettist\u00e4 hartsia PET:t\u00e4, kuitulaatuista PET:t\u00e4 (polyfiber) ja kivenn\u00e4isvesipullolastulaatuista PET:t\u00e4.<\/p>\n<p>Monoetyleeniglykoli Sit\u00e4 voidaan k\u00e4ytt\u00e4\u00e4 my\u00f6s hydramiinihartsin, pinta-aktiivisen aineen, oksalaldehydin ja r\u00e4j\u00e4hdysaineiden valmistukseen. Lis\u00e4ksi etyleeniglykolia voidaan k\u00e4ytt\u00e4\u00e4 pakkasnesteen\u00e4.<\/p>\n<p><a target=\"_blank\" href=\"https:\/\/masterchem.ee\/wp-content\/uploads\/2018\/02\/Monoetuleenglukool-TDS-Masterchem.pdf\" class=\"pdf\" alt=\"Etyleeniglykoli tuotteen kuvaus (TDS)\" title=\"Etyleeniglykoli tuotteen kuvaus (TDS)\" rel=\"noopener\">Monoetyleeniglykoli tuotteen kuvaus (TDS)<\/a><\/p>\n<ul>\n<li><a href=\"\/fi\/tuote\/etyleeniglykoli-35-master-ews35\/\">Monoetyleeniglykoli 35%<\/a><\/li>\n<li><a href=\"\/fi\/tuote\/etyleeniglykoli-40-master-ews-40\/\">Monoetyleeniglykoli 40%<\/a><\/li>\n<li><a href=\"\/fi\/tuote\/pakkasneste-36-c-vihrea\/\">Monoetyleeniglykoli 50%<\/a><\/li>\n<li><b>Monoetyleeniglykoli 100%<\/b><\/li>\n<\/ul>\n","protected":false},"featured_media":6831,"template":"","meta":[],"product_brand":[],"product_cat":[180,109,115,302,294,117,323,114],"product_tag":[],"class_list":{"0":"post-20725","1":"product","2":"type-product","3":"status-publish","4":"has-post-thumbnail","6":"product_cat-uncategorized-fi-2","7":"product_cat-anti-jaatymisnesteet","8":"product_cat-auton-ja-koneiden-kemikaalit","9":"product_cat-jaahdytysnesteet","10":"product_cat-kosmetiikkateollisuus","11":"product_cat-kotitalouskemikaalit","12":"product_cat-lannoitteet","13":"product_cat-rakennusteollisuus","14":"pif-has-gallery","16":"first","17":"instock","18":"taxable","19":"shipping-taxable","20":"purchasable","21":"product-type-variable","22":"has-default-attributes"},"yoast_head":"<!-- This site is optimized with the Yoast SEO plugin v26.2 - https:\/\/yoast.com\/wordpress\/plugins\/seo\/ -->\n<title>Monoetyleeniglykoli (CAS 107-21-1) - Chemistry For Industry - Solvents &amp; Chemicals - Masterchem.ee<\/title>\n<meta name=\"description\" content=\"Monoetyleeniglykoli (etyleeniglykoli) tunnetaan my\u00f6s nimell\u00e4 &quot;etyleeniglykoli&quot;, &quot;1,2-etyylidioli&quot;. Kaava on CH2OH, 2, joka on yksinkertaisin dioli.\" \/>\n<meta name=\"robots\" content=\"index, follow, max-snippet:-1, max-image-preview:large, max-video-preview:-1\" \/>\n<link rel=\"canonical\" href=\"https:\/\/masterchem.ee\/fi\/tooted-ja-teenused\/monoetyleeniglykoli-cas-107-21-1\/\" \/>\n<meta name=\"twitter:card\" content=\"summary_large_image\" \/>\n<meta name=\"twitter:title\" content=\"Monoetyleeniglykoli (CAS 107-21-1) - Chemistry For Industry - Solvents &amp; Chemicals - Masterchem.ee\" \/>\n<meta name=\"twitter:description\" content=\"Monoetyleeniglykoli (etyleeniglykoli) tunnetaan my\u00f6s nimell\u00e4 &quot;etyleeniglykoli&quot;, &quot;1,2-etyylidioli&quot;. Kaava on CH2OH, 2, joka on yksinkertaisin dioli.\" \/>\n<meta name=\"twitter:image\" content=\"https:\/\/masterchem.ee\/wp-content\/uploads\/2018\/02\/MONOETHYLENE-GLYCOL-1000l-MasterChem.jpg\" \/>\n<meta name=\"twitter:label1\" content=\"Arvioitu lukuaika\" \/>\n\t<meta name=\"twitter:data1\" content=\"1 minuutti\" \/>\n<script type=\"application\/ld+json\" class=\"yoast-schema-graph\">{\"@context\":\"https:\/\/schema.org\",\"@graph\":[{\"@type\":\"WebPage\",\"@id\":\"https:\/\/masterchem.ee\/fi\/tooted-ja-teenused\/monoetyleeniglykoli-cas-107-21-1\/\",\"url\":\"https:\/\/masterchem.ee\/fi\/tooted-ja-teenused\/monoetyleeniglykoli-cas-107-21-1\/\",\"name\":\"Monoetyleeniglykoli (CAS 107-21-1) - Chemistry For Industry - Solvents &amp; Chemicals - Masterchem.ee\",\"isPartOf\":{\"@id\":\"https:\/\/masterchem.ee\/fi\/#website\"},\"primaryImageOfPage\":{\"@id\":\"https:\/\/masterchem.ee\/fi\/tooted-ja-teenused\/monoetyleeniglykoli-cas-107-21-1\/#primaryimage\"},\"image\":{\"@id\":\"https:\/\/masterchem.ee\/fi\/tooted-ja-teenused\/monoetyleeniglykoli-cas-107-21-1\/#primaryimage\"},\"thumbnailUrl\":\"https:\/\/masterchem.ee\/wp-content\/uploads\/2018\/02\/MONOETHYLENE-GLYCOL-1000l-MasterChem.jpg\",\"datePublished\":\"2022-11-01T08:00:42+00:00\",\"dateModified\":\"2022-11-01T08:21:56+00:00\",\"description\":\"Monoetyleeniglykoli (etyleeniglykoli) tunnetaan my\u00f6s nimell\u00e4 \\\"etyleeniglykoli\\\", \\\"1,2-etyylidioli\\\". Kaava on CH2OH, 2, joka on yksinkertaisin dioli.\",\"breadcrumb\":{\"@id\":\"https:\/\/masterchem.ee\/fi\/tooted-ja-teenused\/monoetyleeniglykoli-cas-107-21-1\/#breadcrumb\"},\"inLanguage\":\"fi\",\"potentialAction\":[{\"@type\":\"ReadAction\",\"target\":[\"https:\/\/masterchem.ee\/fi\/tooted-ja-teenused\/monoetyleeniglykoli-cas-107-21-1\/\"]}]},{\"@type\":\"ImageObject\",\"inLanguage\":\"fi\",\"@id\":\"https:\/\/masterchem.ee\/fi\/tooted-ja-teenused\/monoetyleeniglykoli-cas-107-21-1\/#primaryimage\",\"url\":\"https:\/\/masterchem.ee\/wp-content\/uploads\/2018\/02\/MONOETHYLENE-GLYCOL-1000l-MasterChem.jpg\",\"contentUrl\":\"https:\/\/masterchem.ee\/wp-content\/uploads\/2018\/02\/MONOETHYLENE-GLYCOL-1000l-MasterChem.jpg\",\"width\":1000,\"height\":1000,\"caption\":\"Ethylene glycol 1000l MasterChem\"},{\"@type\":\"BreadcrumbList\",\"@id\":\"https:\/\/masterchem.ee\/fi\/tooted-ja-teenused\/monoetyleeniglykoli-cas-107-21-1\/#breadcrumb\",\"itemListElement\":[{\"@type\":\"ListItem\",\"position\":1,\"name\":\"Home\",\"item\":\"https:\/\/masterchem.ee\/fi\/\"},{\"@type\":\"ListItem\",\"position\":2,\"name\":\"Tooted ja teenused\",\"item\":\"https:\/\/masterchem.ee\/tooted-ja-teenused\/\"},{\"@type\":\"ListItem\",\"position\":3,\"name\":\"Monoetyleeniglykoli (CAS 107-21-1)\"}]},{\"@type\":\"WebSite\",\"@id\":\"https:\/\/masterchem.ee\/fi\/#website\",\"url\":\"https:\/\/masterchem.ee\/fi\/\",\"name\":\"Masterchem.ee\",\"description\":\"Chemistry For Industry - Solvents &amp; Chemicals\",\"publisher\":{\"@id\":\"https:\/\/masterchem.ee\/fi\/#organization\"},\"potentialAction\":[{\"@type\":\"SearchAction\",\"target\":{\"@type\":\"EntryPoint\",\"urlTemplate\":\"https:\/\/masterchem.ee\/fi\/?s={search_term_string}\"},\"query-input\":{\"@type\":\"PropertyValueSpecification\",\"valueRequired\":true,\"valueName\":\"search_term_string\"}}],\"inLanguage\":\"fi\"},{\"@type\":\"Organization\",\"@id\":\"https:\/\/masterchem.ee\/fi\/#organization\",\"name\":\"Masterchem\",\"url\":\"https:\/\/masterchem.ee\/fi\/\",\"logo\":{\"@type\":\"ImageObject\",\"inLanguage\":\"fi\",\"@id\":\"https:\/\/masterchem.ee\/fi\/#\/schema\/logo\/image\/\",\"url\":\"https:\/\/masterchem.ee\/wp-content\/uploads\/2018\/02\/master-chem_final-1.png\",\"contentUrl\":\"https:\/\/masterchem.ee\/wp-content\/uploads\/2018\/02\/master-chem_final-1.png\",\"width\":850,\"height\":356,\"caption\":\"Masterchem\"},\"image\":{\"@id\":\"https:\/\/masterchem.ee\/fi\/#\/schema\/logo\/image\/\"}}]}<\/script>\n<!-- \/ Yoast SEO plugin. -->","yoast_head_json":{"title":"Monoetyleeniglykoli (CAS 107-21-1) - Chemistry For Industry - Solvents &amp; Chemicals - Masterchem.ee","description":"Monoetyleeniglykoli (etyleeniglykoli) tunnetaan my\u00f6s nimell\u00e4 \"etyleeniglykoli\", \"1,2-etyylidioli\". Kaava on CH2OH, 2, joka on yksinkertaisin dioli.","robots":{"index":"index","follow":"follow","max-snippet":"max-snippet:-1","max-image-preview":"max-image-preview:large","max-video-preview":"max-video-preview:-1"},"canonical":"https:\/\/masterchem.ee\/fi\/tooted-ja-teenused\/monoetyleeniglykoli-cas-107-21-1\/","twitter_card":"summary_large_image","twitter_title":"Monoetyleeniglykoli (CAS 107-21-1) - Chemistry For Industry - Solvents &amp; Chemicals - Masterchem.ee","twitter_description":"Monoetyleeniglykoli (etyleeniglykoli) tunnetaan my\u00f6s nimell\u00e4 \"etyleeniglykoli\", \"1,2-etyylidioli\". Kaava on CH2OH, 2, joka on yksinkertaisin dioli.","twitter_image":"https:\/\/masterchem.ee\/wp-content\/uploads\/2018\/02\/MONOETHYLENE-GLYCOL-1000l-MasterChem.jpg","twitter_misc":{"Arvioitu lukuaika":"1 minuutti"},"schema":{"@context":"https:\/\/schema.org","@graph":[{"@type":"WebPage","@id":"https:\/\/masterchem.ee\/fi\/tooted-ja-teenused\/monoetyleeniglykoli-cas-107-21-1\/","url":"https:\/\/masterchem.ee\/fi\/tooted-ja-teenused\/monoetyleeniglykoli-cas-107-21-1\/","name":"Monoetyleeniglykoli (CAS 107-21-1) - Chemistry For Industry - Solvents &amp; Chemicals - Masterchem.ee","isPartOf":{"@id":"https:\/\/masterchem.ee\/fi\/#website"},"primaryImageOfPage":{"@id":"https:\/\/masterchem.ee\/fi\/tooted-ja-teenused\/monoetyleeniglykoli-cas-107-21-1\/#primaryimage"},"image":{"@id":"https:\/\/masterchem.ee\/fi\/tooted-ja-teenused\/monoetyleeniglykoli-cas-107-21-1\/#primaryimage"},"thumbnailUrl":"https:\/\/masterchem.ee\/wp-content\/uploads\/2018\/02\/MONOETHYLENE-GLYCOL-1000l-MasterChem.jpg","datePublished":"2022-11-01T08:00:42+00:00","dateModified":"2022-11-01T08:21:56+00:00","description":"Monoetyleeniglykoli (etyleeniglykoli) tunnetaan my\u00f6s nimell\u00e4 \"etyleeniglykoli\", \"1,2-etyylidioli\". Kaava on CH2OH, 2, joka on yksinkertaisin dioli.","breadcrumb":{"@id":"https:\/\/masterchem.ee\/fi\/tooted-ja-teenused\/monoetyleeniglykoli-cas-107-21-1\/#breadcrumb"},"inLanguage":"fi","potentialAction":[{"@type":"ReadAction","target":["https:\/\/masterchem.ee\/fi\/tooted-ja-teenused\/monoetyleeniglykoli-cas-107-21-1\/"]}]},{"@type":"ImageObject","inLanguage":"fi","@id":"https:\/\/masterchem.ee\/fi\/tooted-ja-teenused\/monoetyleeniglykoli-cas-107-21-1\/#primaryimage","url":"https:\/\/masterchem.ee\/wp-content\/uploads\/2018\/02\/MONOETHYLENE-GLYCOL-1000l-MasterChem.jpg","contentUrl":"https:\/\/masterchem.ee\/wp-content\/uploads\/2018\/02\/MONOETHYLENE-GLYCOL-1000l-MasterChem.jpg","width":1000,"height":1000,"caption":"Ethylene glycol 1000l MasterChem"},{"@type":"BreadcrumbList","@id":"https:\/\/masterchem.ee\/fi\/tooted-ja-teenused\/monoetyleeniglykoli-cas-107-21-1\/#breadcrumb","itemListElement":[{"@type":"ListItem","position":1,"name":"Home","item":"https:\/\/masterchem.ee\/fi\/"},{"@type":"ListItem","position":2,"name":"Tooted ja teenused","item":"https:\/\/masterchem.ee\/tooted-ja-teenused\/"},{"@type":"ListItem","position":3,"name":"Monoetyleeniglykoli (CAS 107-21-1)"}]},{"@type":"WebSite","@id":"https:\/\/masterchem.ee\/fi\/#website","url":"https:\/\/masterchem.ee\/fi\/","name":"Masterchem.ee","description":"Chemistry For Industry - Solvents &amp; Chemicals","publisher":{"@id":"https:\/\/masterchem.ee\/fi\/#organization"},"potentialAction":[{"@type":"SearchAction","target":{"@type":"EntryPoint","urlTemplate":"https:\/\/masterchem.ee\/fi\/?s={search_term_string}"},"query-input":{"@type":"PropertyValueSpecification","valueRequired":true,"valueName":"search_term_string"}}],"inLanguage":"fi"},{"@type":"Organization","@id":"https:\/\/masterchem.ee\/fi\/#organization","name":"Masterchem","url":"https:\/\/masterchem.ee\/fi\/","logo":{"@type":"ImageObject","inLanguage":"fi","@id":"https:\/\/masterchem.ee\/fi\/#\/schema\/logo\/image\/","url":"https:\/\/masterchem.ee\/wp-content\/uploads\/2018\/02\/master-chem_final-1.png","contentUrl":"https:\/\/masterchem.ee\/wp-content\/uploads\/2018\/02\/master-chem_final-1.png","width":850,"height":356,"caption":"Masterchem"},"image":{"@id":"https:\/\/masterchem.ee\/fi\/#\/schema\/logo\/image\/"}}]}},"_links":{"self":[{"href":"https:\/\/masterchem.ee\/fi\/wp-json\/wp\/v2\/product\/20725","targetHints":{"allow":["GET"]}}],"collection":[{"href":"https:\/\/masterchem.ee\/fi\/wp-json\/wp\/v2\/product"}],"about":[{"href":"https:\/\/masterchem.ee\/fi\/wp-json\/wp\/v2\/types\/product"}],"wp:featuredmedia":[{"embeddable":true,"href":"https:\/\/masterchem.ee\/fi\/wp-json\/wp\/v2\/media\/6831"}],"wp:attachment":[{"href":"https:\/\/masterchem.ee\/fi\/wp-json\/wp\/v2\/media?parent=20725"}],"wp:term":[{"taxonomy":"product_brand","embeddable":true,"href":"https:\/\/masterchem.ee\/fi\/wp-json\/wp\/v2\/product_brand?post=20725"},{"taxonomy":"product_cat","embeddable":true,"href":"https:\/\/masterchem.ee\/fi\/wp-json\/wp\/v2\/product_cat?post=20725"},{"taxonomy":"product_tag","embeddable":true,"href":"https:\/\/masterchem.ee\/fi\/wp-json\/wp\/v2\/product_tag?post=20725"}],"curies":[{"name":"wp","href":"https:\/\/api.w.org\/{rel}","templated":true}]}}