{"id":20562,"date":"2022-10-13T06:42:30","date_gmt":"2022-10-13T06:42:35","guid":{"rendered":"https:\/\/masterchem.ee\/?post_type=product&#038;p=20562"},"modified":"2022-10-13T06:55:59","modified_gmt":"2022-10-13T06:55:59","slug":"boorietanoliamiini-cas-53587-44-3","status":"publish","type":"product","link":"https:\/\/masterchem.ee\/fi\/tooted-ja-teenused\/boorietanoliamiini-cas-53587-44-3\/","title":{"rendered":"Boorietanoliamiini (CAS 53587-44-3)"},"content":{"rendered":"<p><strong>Info<\/strong><br \/>\nToimialat: lannoitteet, puutarhanhoito<br \/>\nCAS-numero: 53587-44-3<br \/>\nWE-numero: 258-651-3<br \/>\nKemiallinen kaava: C3H6N6\u00b7xBH3O3<\/p>\n","protected":false},"excerpt":{"rendered":"<p><strong>Boorietanoliamiini (CAS 53587-44-3)<\/strong><\/p>\n<p>Boorietanoliamiini on nestem\u00e4inen lehtilannoite, joka imeytyy ja imeytyy nopeasti kasveihin ja joka sis\u00e4lt\u00e4\u00e4 runsaasti booria, joka on kehitetty erityisesti t\u00e4m\u00e4n alkuaineen l\u00e4hteeksi. Sen k\u00e4ytt\u00f6 stimuloi kambiumkudosten ja apikaalisten meristeemien kasvua, edist\u00e4\u00e4 kalsiumin liikkuvuutta ja assimilaatiota sek\u00e4 siitep\u00f6lyn tuotantoa ja hedelm\u00f6ityst\u00e4.<\/p>\n","protected":false},"featured_media":20606,"template":"","meta":[],"product_brand":[],"product_cat":[180,323,351],"product_tag":[],"class_list":{"0":"post-20562","1":"product","2":"type-product","3":"status-publish","4":"has-post-thumbnail","6":"product_cat-uncategorized-fi-2","7":"product_cat-lannoitteet","8":"product_cat-puutarhanhoito","9":"pif-has-gallery","11":"first","12":"instock","13":"taxable","14":"shipping-taxable","15":"purchasable","16":"product-type-variable","17":"has-default-attributes"},"yoast_head":"<!-- This site is optimized with the Yoast SEO plugin v26.2 - https:\/\/yoast.com\/wordpress\/plugins\/seo\/ -->\n<title>Boorietanoliamiini (CAS 53587-44-3) - Chemistry For Industry - Solvents &amp; Chemicals - Masterchem.ee<\/title>\n<meta name=\"description\" content=\"Boorietanoliamiini on nestem\u00e4inen lehtilannoite, joka imeytyy ja imeytyy nopeasti kasveihin ja joka sis\u00e4lt\u00e4\u00e4 runsaasti booria, joka on kehitetty erityisesti t\u00e4m\u00e4n alkuaineen l\u00e4hteeksi.\" \/>\n<meta name=\"robots\" content=\"index, follow, max-snippet:-1, max-image-preview:large, max-video-preview:-1\" \/>\n<link rel=\"canonical\" href=\"https:\/\/masterchem.ee\/fi\/tooted-ja-teenused\/boorietanoliamiini-cas-53587-44-3\/\" \/>\n<meta name=\"twitter:card\" content=\"summary_large_image\" \/>\n<meta name=\"twitter:title\" content=\"Boorietanoliamiini (CAS 53587-44-3) - Chemistry For Industry - Solvents &amp; Chemicals - Masterchem.ee\" \/>\n<meta name=\"twitter:description\" content=\"Boorietanoliamiini on nestem\u00e4inen lehtilannoite, joka imeytyy ja imeytyy nopeasti kasveihin ja joka sis\u00e4lt\u00e4\u00e4 runsaasti booria, joka on kehitetty erityisesti t\u00e4m\u00e4n alkuaineen l\u00e4hteeksi.\" \/>\n<meta name=\"twitter:image\" content=\"https:\/\/masterchem.ee\/wp-content\/uploads\/2022\/10\/BOORETANOLAMIIN-1000l-MasterChem.jpg\" \/>\n<script type=\"application\/ld+json\" class=\"yoast-schema-graph\">{\"@context\":\"https:\/\/schema.org\",\"@graph\":[{\"@type\":\"WebPage\",\"@id\":\"https:\/\/masterchem.ee\/fi\/tooted-ja-teenused\/boorietanoliamiini-cas-53587-44-3\/\",\"url\":\"https:\/\/masterchem.ee\/fi\/tooted-ja-teenused\/boorietanoliamiini-cas-53587-44-3\/\",\"name\":\"Boorietanoliamiini (CAS 53587-44-3) - Chemistry For Industry - Solvents &amp; Chemicals - Masterchem.ee\",\"isPartOf\":{\"@id\":\"https:\/\/masterchem.ee\/fi\/#website\"},\"primaryImageOfPage\":{\"@id\":\"https:\/\/masterchem.ee\/fi\/tooted-ja-teenused\/boorietanoliamiini-cas-53587-44-3\/#primaryimage\"},\"image\":{\"@id\":\"https:\/\/masterchem.ee\/fi\/tooted-ja-teenused\/boorietanoliamiini-cas-53587-44-3\/#primaryimage\"},\"thumbnailUrl\":\"https:\/\/masterchem.ee\/wp-content\/uploads\/2022\/10\/BOORETANOLAMIIN-1000l-MasterChem.jpg\",\"datePublished\":\"2022-10-13T06:42:35+00:00\",\"dateModified\":\"2022-10-13T06:55:59+00:00\",\"description\":\"Boorietanoliamiini on nestem\u00e4inen lehtilannoite, joka imeytyy ja imeytyy nopeasti kasveihin ja joka sis\u00e4lt\u00e4\u00e4 runsaasti booria, joka on kehitetty erityisesti t\u00e4m\u00e4n alkuaineen l\u00e4hteeksi.\",\"breadcrumb\":{\"@id\":\"https:\/\/masterchem.ee\/fi\/tooted-ja-teenused\/boorietanoliamiini-cas-53587-44-3\/#breadcrumb\"},\"inLanguage\":\"fi\",\"potentialAction\":[{\"@type\":\"ReadAction\",\"target\":[\"https:\/\/masterchem.ee\/fi\/tooted-ja-teenused\/boorietanoliamiini-cas-53587-44-3\/\"]}]},{\"@type\":\"ImageObject\",\"inLanguage\":\"fi\",\"@id\":\"https:\/\/masterchem.ee\/fi\/tooted-ja-teenused\/boorietanoliamiini-cas-53587-44-3\/#primaryimage\",\"url\":\"https:\/\/masterchem.ee\/wp-content\/uploads\/2022\/10\/BOORETANOLAMIIN-1000l-MasterChem.jpg\",\"contentUrl\":\"https:\/\/masterchem.ee\/wp-content\/uploads\/2022\/10\/BOORETANOLAMIIN-1000l-MasterChem.jpg\",\"width\":1000,\"height\":1000,\"caption\":\"Boorietanoliamiini (CAS 53587-44-3) 1000l MasterChem\"},{\"@type\":\"BreadcrumbList\",\"@id\":\"https:\/\/masterchem.ee\/fi\/tooted-ja-teenused\/boorietanoliamiini-cas-53587-44-3\/#breadcrumb\",\"itemListElement\":[{\"@type\":\"ListItem\",\"position\":1,\"name\":\"Home\",\"item\":\"https:\/\/masterchem.ee\/fi\/\"},{\"@type\":\"ListItem\",\"position\":2,\"name\":\"Tooted ja teenused\",\"item\":\"https:\/\/masterchem.ee\/tooted-ja-teenused\/\"},{\"@type\":\"ListItem\",\"position\":3,\"name\":\"Boorietanoliamiini (CAS 53587-44-3)\"}]},{\"@type\":\"WebSite\",\"@id\":\"https:\/\/masterchem.ee\/fi\/#website\",\"url\":\"https:\/\/masterchem.ee\/fi\/\",\"name\":\"Masterchem.ee\",\"description\":\"Chemistry For Industry - Solvents &amp; Chemicals\",\"publisher\":{\"@id\":\"https:\/\/masterchem.ee\/fi\/#organization\"},\"potentialAction\":[{\"@type\":\"SearchAction\",\"target\":{\"@type\":\"EntryPoint\",\"urlTemplate\":\"https:\/\/masterchem.ee\/fi\/?s={search_term_string}\"},\"query-input\":{\"@type\":\"PropertyValueSpecification\",\"valueRequired\":true,\"valueName\":\"search_term_string\"}}],\"inLanguage\":\"fi\"},{\"@type\":\"Organization\",\"@id\":\"https:\/\/masterchem.ee\/fi\/#organization\",\"name\":\"Masterchem\",\"url\":\"https:\/\/masterchem.ee\/fi\/\",\"logo\":{\"@type\":\"ImageObject\",\"inLanguage\":\"fi\",\"@id\":\"https:\/\/masterchem.ee\/fi\/#\/schema\/logo\/image\/\",\"url\":\"https:\/\/masterchem.ee\/wp-content\/uploads\/2018\/02\/master-chem_final-1.png\",\"contentUrl\":\"https:\/\/masterchem.ee\/wp-content\/uploads\/2018\/02\/master-chem_final-1.png\",\"width\":850,\"height\":356,\"caption\":\"Masterchem\"},\"image\":{\"@id\":\"https:\/\/masterchem.ee\/fi\/#\/schema\/logo\/image\/\"}}]}<\/script>\n<!-- \/ Yoast SEO plugin. -->","yoast_head_json":{"title":"Boorietanoliamiini (CAS 53587-44-3) - Chemistry For Industry - Solvents &amp; Chemicals - Masterchem.ee","description":"Boorietanoliamiini on nestem\u00e4inen lehtilannoite, joka imeytyy ja imeytyy nopeasti kasveihin ja joka sis\u00e4lt\u00e4\u00e4 runsaasti booria, joka on kehitetty erityisesti t\u00e4m\u00e4n alkuaineen l\u00e4hteeksi.","robots":{"index":"index","follow":"follow","max-snippet":"max-snippet:-1","max-image-preview":"max-image-preview:large","max-video-preview":"max-video-preview:-1"},"canonical":"https:\/\/masterchem.ee\/fi\/tooted-ja-teenused\/boorietanoliamiini-cas-53587-44-3\/","twitter_card":"summary_large_image","twitter_title":"Boorietanoliamiini (CAS 53587-44-3) - Chemistry For Industry - Solvents &amp; Chemicals - Masterchem.ee","twitter_description":"Boorietanoliamiini on nestem\u00e4inen lehtilannoite, joka imeytyy ja imeytyy nopeasti kasveihin ja joka sis\u00e4lt\u00e4\u00e4 runsaasti booria, joka on kehitetty erityisesti t\u00e4m\u00e4n alkuaineen l\u00e4hteeksi.","twitter_image":"https:\/\/masterchem.ee\/wp-content\/uploads\/2022\/10\/BOORETANOLAMIIN-1000l-MasterChem.jpg","schema":{"@context":"https:\/\/schema.org","@graph":[{"@type":"WebPage","@id":"https:\/\/masterchem.ee\/fi\/tooted-ja-teenused\/boorietanoliamiini-cas-53587-44-3\/","url":"https:\/\/masterchem.ee\/fi\/tooted-ja-teenused\/boorietanoliamiini-cas-53587-44-3\/","name":"Boorietanoliamiini (CAS 53587-44-3) - Chemistry For Industry - Solvents &amp; Chemicals - Masterchem.ee","isPartOf":{"@id":"https:\/\/masterchem.ee\/fi\/#website"},"primaryImageOfPage":{"@id":"https:\/\/masterchem.ee\/fi\/tooted-ja-teenused\/boorietanoliamiini-cas-53587-44-3\/#primaryimage"},"image":{"@id":"https:\/\/masterchem.ee\/fi\/tooted-ja-teenused\/boorietanoliamiini-cas-53587-44-3\/#primaryimage"},"thumbnailUrl":"https:\/\/masterchem.ee\/wp-content\/uploads\/2022\/10\/BOORETANOLAMIIN-1000l-MasterChem.jpg","datePublished":"2022-10-13T06:42:35+00:00","dateModified":"2022-10-13T06:55:59+00:00","description":"Boorietanoliamiini on nestem\u00e4inen lehtilannoite, joka imeytyy ja imeytyy nopeasti kasveihin ja joka sis\u00e4lt\u00e4\u00e4 runsaasti booria, joka on kehitetty erityisesti t\u00e4m\u00e4n alkuaineen l\u00e4hteeksi.","breadcrumb":{"@id":"https:\/\/masterchem.ee\/fi\/tooted-ja-teenused\/boorietanoliamiini-cas-53587-44-3\/#breadcrumb"},"inLanguage":"fi","potentialAction":[{"@type":"ReadAction","target":["https:\/\/masterchem.ee\/fi\/tooted-ja-teenused\/boorietanoliamiini-cas-53587-44-3\/"]}]},{"@type":"ImageObject","inLanguage":"fi","@id":"https:\/\/masterchem.ee\/fi\/tooted-ja-teenused\/boorietanoliamiini-cas-53587-44-3\/#primaryimage","url":"https:\/\/masterchem.ee\/wp-content\/uploads\/2022\/10\/BOORETANOLAMIIN-1000l-MasterChem.jpg","contentUrl":"https:\/\/masterchem.ee\/wp-content\/uploads\/2022\/10\/BOORETANOLAMIIN-1000l-MasterChem.jpg","width":1000,"height":1000,"caption":"Boorietanoliamiini (CAS 53587-44-3) 1000l MasterChem"},{"@type":"BreadcrumbList","@id":"https:\/\/masterchem.ee\/fi\/tooted-ja-teenused\/boorietanoliamiini-cas-53587-44-3\/#breadcrumb","itemListElement":[{"@type":"ListItem","position":1,"name":"Home","item":"https:\/\/masterchem.ee\/fi\/"},{"@type":"ListItem","position":2,"name":"Tooted ja teenused","item":"https:\/\/masterchem.ee\/tooted-ja-teenused\/"},{"@type":"ListItem","position":3,"name":"Boorietanoliamiini (CAS 53587-44-3)"}]},{"@type":"WebSite","@id":"https:\/\/masterchem.ee\/fi\/#website","url":"https:\/\/masterchem.ee\/fi\/","name":"Masterchem.ee","description":"Chemistry For Industry - Solvents &amp; Chemicals","publisher":{"@id":"https:\/\/masterchem.ee\/fi\/#organization"},"potentialAction":[{"@type":"SearchAction","target":{"@type":"EntryPoint","urlTemplate":"https:\/\/masterchem.ee\/fi\/?s={search_term_string}"},"query-input":{"@type":"PropertyValueSpecification","valueRequired":true,"valueName":"search_term_string"}}],"inLanguage":"fi"},{"@type":"Organization","@id":"https:\/\/masterchem.ee\/fi\/#organization","name":"Masterchem","url":"https:\/\/masterchem.ee\/fi\/","logo":{"@type":"ImageObject","inLanguage":"fi","@id":"https:\/\/masterchem.ee\/fi\/#\/schema\/logo\/image\/","url":"https:\/\/masterchem.ee\/wp-content\/uploads\/2018\/02\/master-chem_final-1.png","contentUrl":"https:\/\/masterchem.ee\/wp-content\/uploads\/2018\/02\/master-chem_final-1.png","width":850,"height":356,"caption":"Masterchem"},"image":{"@id":"https:\/\/masterchem.ee\/fi\/#\/schema\/logo\/image\/"}}]}},"_links":{"self":[{"href":"https:\/\/masterchem.ee\/fi\/wp-json\/wp\/v2\/product\/20562","targetHints":{"allow":["GET"]}}],"collection":[{"href":"https:\/\/masterchem.ee\/fi\/wp-json\/wp\/v2\/product"}],"about":[{"href":"https:\/\/masterchem.ee\/fi\/wp-json\/wp\/v2\/types\/product"}],"wp:featuredmedia":[{"embeddable":true,"href":"https:\/\/masterchem.ee\/fi\/wp-json\/wp\/v2\/media\/20606"}],"wp:attachment":[{"href":"https:\/\/masterchem.ee\/fi\/wp-json\/wp\/v2\/media?parent=20562"}],"wp:term":[{"taxonomy":"product_brand","embeddable":true,"href":"https:\/\/masterchem.ee\/fi\/wp-json\/wp\/v2\/product_brand?post=20562"},{"taxonomy":"product_cat","embeddable":true,"href":"https:\/\/masterchem.ee\/fi\/wp-json\/wp\/v2\/product_cat?post=20562"},{"taxonomy":"product_tag","embeddable":true,"href":"https:\/\/masterchem.ee\/fi\/wp-json\/wp\/v2\/product_tag?post=20562"}],"curies":[{"name":"wp","href":"https:\/\/api.w.org\/{rel}","templated":true}]}}