{"id":20116,"date":"2022-05-31T12:21:26","date_gmt":"2022-05-31T12:21:28","guid":{"rendered":"https:\/\/masterchem.ee\/?post_type=product&#038;p=20116"},"modified":"2023-08-30T15:53:38","modified_gmt":"2023-08-30T15:53:38","slug":"muovinen-tynnyri-125l","status":"publish","type":"product","link":"https:\/\/masterchem.ee\/fi\/tooted-ja-teenused\/muovinen-tynnyri-125l\/","title":{"rendered":"Muovinen tynnyri 125L (k\u00e4ytetty)"},"content":{"rendered":"<p>K\u00e4yt\u00e4nn\u00f6llinen muovirumpu, joka soveltuu esimerkiksi elintarvikkeiden s\u00e4ilytt\u00e4miseen sek\u00e4 kiinte\u00e4ss\u00e4 ett\u00e4 nestem\u00e4isess\u00e4 muodossa. Kannen kiristysrengas varmistaa, ett\u00e4 kansi tiivistyy tiiviisti likaa ja roiskeita vastaan, mutta mahdollistaa yksinkertaisen avaamisen ja sulkemisen.<\/p>\n<p>Rummu on puhallusmuovattu yhten\u00e4 kappaleena, mik\u00e4 tekee HDPE-muovista kimmoisaa ja kest\u00e4v\u00e4\u00e4. T\u00e4ydellinen kuljetukseen ja varastointiin!<\/p>\n<p>Tukeva, elintarvikek\u00e4ytt\u00f6inen HDPE-muovista valmistettu rumpu. Rummun kannessa on tasainen kiristysrengas, joka est\u00e4\u00e4 vuodon.<\/p>\n","protected":false},"excerpt":{"rendered":"<p>Korkeus: 980 mm<br \/>\nHalkaisija: 480 mm<br \/>\nTilavuus: 125 L (max 150)<br \/>\nV\u00e4ri: Sininen<br \/>\nMateriaali: HD polyeteeni<br \/>\nPaino: 6,7 kg<\/p>\n","protected":false},"featured_media":20120,"template":"","meta":[],"product_brand":[],"product_cat":[180,119],"product_tag":[],"class_list":{"0":"post-20116","1":"product","2":"type-product","3":"status-publish","4":"has-post-thumbnail","6":"product_cat-uncategorized-fi-2","7":"product_cat-pakkaus","8":"product_shipping_class-spesiaali","10":"first","11":"instock","12":"taxable","13":"shipping-taxable","14":"purchasable","15":"product-type-simple"},"yoast_head":"<!-- This site is optimized with the Yoast SEO plugin v26.2 - https:\/\/yoast.com\/wordpress\/plugins\/seo\/ -->\n<title>Muovinen tynnyri 125L (k\u00e4ytetty) - Chemistry For Industry - Solvents &amp; Chemicals - Masterchem.ee<\/title>\n<meta name=\"description\" content=\"K\u00e4yt\u00e4nn\u00f6llinen muovirumpu, joka sopii sek\u00e4 kiinteiden ett\u00e4 nestem\u00e4isten elintarvikkeiden s\u00e4ilytt\u00e4miseen jne. T\u00e4ydellinen kuljetukseen ja varastointiin!\" \/>\n<meta name=\"robots\" content=\"index, follow, max-snippet:-1, max-image-preview:large, max-video-preview:-1\" \/>\n<link rel=\"canonical\" href=\"https:\/\/masterchem.ee\/fi\/tooted-ja-teenused\/muovinen-tynnyri-125l\/\" \/>\n<meta name=\"twitter:card\" content=\"summary_large_image\" \/>\n<meta name=\"twitter:title\" content=\"Muovinen tynnyri 125L (k\u00e4ytetty) - Chemistry For Industry - Solvents &amp; Chemicals - Masterchem.ee\" \/>\n<meta name=\"twitter:description\" content=\"K\u00e4yt\u00e4nn\u00f6llinen muovirumpu, joka sopii sek\u00e4 kiinteiden ett\u00e4 nestem\u00e4isten elintarvikkeiden s\u00e4ilytt\u00e4miseen jne. T\u00e4ydellinen kuljetukseen ja varastointiin!\" \/>\n<meta name=\"twitter:image\" content=\"https:\/\/masterchem.ee\/wp-content\/uploads\/2022\/05\/Plastiktunn_125l_sinine.jpg\" \/>\n<script type=\"application\/ld+json\" class=\"yoast-schema-graph\">{\"@context\":\"https:\/\/schema.org\",\"@graph\":[{\"@type\":\"WebPage\",\"@id\":\"https:\/\/masterchem.ee\/fi\/tooted-ja-teenused\/muovinen-tynnyri-125l\/\",\"url\":\"https:\/\/masterchem.ee\/fi\/tooted-ja-teenused\/muovinen-tynnyri-125l\/\",\"name\":\"Muovinen tynnyri 125L (k\u00e4ytetty) - Chemistry For Industry - Solvents &amp; Chemicals - Masterchem.ee\",\"isPartOf\":{\"@id\":\"https:\/\/masterchem.ee\/fi\/#website\"},\"primaryImageOfPage\":{\"@id\":\"https:\/\/masterchem.ee\/fi\/tooted-ja-teenused\/muovinen-tynnyri-125l\/#primaryimage\"},\"image\":{\"@id\":\"https:\/\/masterchem.ee\/fi\/tooted-ja-teenused\/muovinen-tynnyri-125l\/#primaryimage\"},\"thumbnailUrl\":\"https:\/\/masterchem.ee\/wp-content\/uploads\/2022\/05\/Plastiktunn_125l_sinine.jpg\",\"datePublished\":\"2022-05-31T12:21:28+00:00\",\"dateModified\":\"2023-08-30T15:53:38+00:00\",\"description\":\"K\u00e4yt\u00e4nn\u00f6llinen muovirumpu, joka sopii sek\u00e4 kiinteiden ett\u00e4 nestem\u00e4isten elintarvikkeiden s\u00e4ilytt\u00e4miseen jne. T\u00e4ydellinen kuljetukseen ja varastointiin!\",\"breadcrumb\":{\"@id\":\"https:\/\/masterchem.ee\/fi\/tooted-ja-teenused\/muovinen-tynnyri-125l\/#breadcrumb\"},\"inLanguage\":\"fi\",\"potentialAction\":[{\"@type\":\"ReadAction\",\"target\":[\"https:\/\/masterchem.ee\/fi\/tooted-ja-teenused\/muovinen-tynnyri-125l\/\"]}]},{\"@type\":\"ImageObject\",\"inLanguage\":\"fi\",\"@id\":\"https:\/\/masterchem.ee\/fi\/tooted-ja-teenused\/muovinen-tynnyri-125l\/#primaryimage\",\"url\":\"https:\/\/masterchem.ee\/wp-content\/uploads\/2022\/05\/Plastiktunn_125l_sinine.jpg\",\"contentUrl\":\"https:\/\/masterchem.ee\/wp-content\/uploads\/2022\/05\/Plastiktunn_125l_sinine.jpg\",\"width\":709,\"height\":709,\"caption\":\"Muovinen tynnyri 125L (k\u00e4ytetty)\"},{\"@type\":\"BreadcrumbList\",\"@id\":\"https:\/\/masterchem.ee\/fi\/tooted-ja-teenused\/muovinen-tynnyri-125l\/#breadcrumb\",\"itemListElement\":[{\"@type\":\"ListItem\",\"position\":1,\"name\":\"Home\",\"item\":\"https:\/\/masterchem.ee\/fi\/\"},{\"@type\":\"ListItem\",\"position\":2,\"name\":\"Tooted ja teenused\",\"item\":\"https:\/\/masterchem.ee\/tooted-ja-teenused\/\"},{\"@type\":\"ListItem\",\"position\":3,\"name\":\"Muovinen tynnyri 125L (k\u00e4ytetty)\"}]},{\"@type\":\"WebSite\",\"@id\":\"https:\/\/masterchem.ee\/fi\/#website\",\"url\":\"https:\/\/masterchem.ee\/fi\/\",\"name\":\"Masterchem.ee\",\"description\":\"Chemistry For Industry - Solvents &amp; Chemicals\",\"publisher\":{\"@id\":\"https:\/\/masterchem.ee\/fi\/#organization\"},\"potentialAction\":[{\"@type\":\"SearchAction\",\"target\":{\"@type\":\"EntryPoint\",\"urlTemplate\":\"https:\/\/masterchem.ee\/fi\/?s={search_term_string}\"},\"query-input\":{\"@type\":\"PropertyValueSpecification\",\"valueRequired\":true,\"valueName\":\"search_term_string\"}}],\"inLanguage\":\"fi\"},{\"@type\":\"Organization\",\"@id\":\"https:\/\/masterchem.ee\/fi\/#organization\",\"name\":\"Masterchem\",\"url\":\"https:\/\/masterchem.ee\/fi\/\",\"logo\":{\"@type\":\"ImageObject\",\"inLanguage\":\"fi\",\"@id\":\"https:\/\/masterchem.ee\/fi\/#\/schema\/logo\/image\/\",\"url\":\"https:\/\/masterchem.ee\/wp-content\/uploads\/2018\/02\/master-chem_final-1.png\",\"contentUrl\":\"https:\/\/masterchem.ee\/wp-content\/uploads\/2018\/02\/master-chem_final-1.png\",\"width\":850,\"height\":356,\"caption\":\"Masterchem\"},\"image\":{\"@id\":\"https:\/\/masterchem.ee\/fi\/#\/schema\/logo\/image\/\"}}]}<\/script>\n<!-- \/ Yoast SEO plugin. -->","yoast_head_json":{"title":"Muovinen tynnyri 125L (k\u00e4ytetty) - Chemistry For Industry - Solvents &amp; Chemicals - Masterchem.ee","description":"K\u00e4yt\u00e4nn\u00f6llinen muovirumpu, joka sopii sek\u00e4 kiinteiden ett\u00e4 nestem\u00e4isten elintarvikkeiden s\u00e4ilytt\u00e4miseen jne. T\u00e4ydellinen kuljetukseen ja varastointiin!","robots":{"index":"index","follow":"follow","max-snippet":"max-snippet:-1","max-image-preview":"max-image-preview:large","max-video-preview":"max-video-preview:-1"},"canonical":"https:\/\/masterchem.ee\/fi\/tooted-ja-teenused\/muovinen-tynnyri-125l\/","twitter_card":"summary_large_image","twitter_title":"Muovinen tynnyri 125L (k\u00e4ytetty) - Chemistry For Industry - Solvents &amp; Chemicals - Masterchem.ee","twitter_description":"K\u00e4yt\u00e4nn\u00f6llinen muovirumpu, joka sopii sek\u00e4 kiinteiden ett\u00e4 nestem\u00e4isten elintarvikkeiden s\u00e4ilytt\u00e4miseen jne. T\u00e4ydellinen kuljetukseen ja varastointiin!","twitter_image":"https:\/\/masterchem.ee\/wp-content\/uploads\/2022\/05\/Plastiktunn_125l_sinine.jpg","schema":{"@context":"https:\/\/schema.org","@graph":[{"@type":"WebPage","@id":"https:\/\/masterchem.ee\/fi\/tooted-ja-teenused\/muovinen-tynnyri-125l\/","url":"https:\/\/masterchem.ee\/fi\/tooted-ja-teenused\/muovinen-tynnyri-125l\/","name":"Muovinen tynnyri 125L (k\u00e4ytetty) - Chemistry For Industry - Solvents &amp; Chemicals - Masterchem.ee","isPartOf":{"@id":"https:\/\/masterchem.ee\/fi\/#website"},"primaryImageOfPage":{"@id":"https:\/\/masterchem.ee\/fi\/tooted-ja-teenused\/muovinen-tynnyri-125l\/#primaryimage"},"image":{"@id":"https:\/\/masterchem.ee\/fi\/tooted-ja-teenused\/muovinen-tynnyri-125l\/#primaryimage"},"thumbnailUrl":"https:\/\/masterchem.ee\/wp-content\/uploads\/2022\/05\/Plastiktunn_125l_sinine.jpg","datePublished":"2022-05-31T12:21:28+00:00","dateModified":"2023-08-30T15:53:38+00:00","description":"K\u00e4yt\u00e4nn\u00f6llinen muovirumpu, joka sopii sek\u00e4 kiinteiden ett\u00e4 nestem\u00e4isten elintarvikkeiden s\u00e4ilytt\u00e4miseen jne. T\u00e4ydellinen kuljetukseen ja varastointiin!","breadcrumb":{"@id":"https:\/\/masterchem.ee\/fi\/tooted-ja-teenused\/muovinen-tynnyri-125l\/#breadcrumb"},"inLanguage":"fi","potentialAction":[{"@type":"ReadAction","target":["https:\/\/masterchem.ee\/fi\/tooted-ja-teenused\/muovinen-tynnyri-125l\/"]}]},{"@type":"ImageObject","inLanguage":"fi","@id":"https:\/\/masterchem.ee\/fi\/tooted-ja-teenused\/muovinen-tynnyri-125l\/#primaryimage","url":"https:\/\/masterchem.ee\/wp-content\/uploads\/2022\/05\/Plastiktunn_125l_sinine.jpg","contentUrl":"https:\/\/masterchem.ee\/wp-content\/uploads\/2022\/05\/Plastiktunn_125l_sinine.jpg","width":709,"height":709,"caption":"Muovinen tynnyri 125L (k\u00e4ytetty)"},{"@type":"BreadcrumbList","@id":"https:\/\/masterchem.ee\/fi\/tooted-ja-teenused\/muovinen-tynnyri-125l\/#breadcrumb","itemListElement":[{"@type":"ListItem","position":1,"name":"Home","item":"https:\/\/masterchem.ee\/fi\/"},{"@type":"ListItem","position":2,"name":"Tooted ja teenused","item":"https:\/\/masterchem.ee\/tooted-ja-teenused\/"},{"@type":"ListItem","position":3,"name":"Muovinen tynnyri 125L (k\u00e4ytetty)"}]},{"@type":"WebSite","@id":"https:\/\/masterchem.ee\/fi\/#website","url":"https:\/\/masterchem.ee\/fi\/","name":"Masterchem.ee","description":"Chemistry For Industry - Solvents &amp; Chemicals","publisher":{"@id":"https:\/\/masterchem.ee\/fi\/#organization"},"potentialAction":[{"@type":"SearchAction","target":{"@type":"EntryPoint","urlTemplate":"https:\/\/masterchem.ee\/fi\/?s={search_term_string}"},"query-input":{"@type":"PropertyValueSpecification","valueRequired":true,"valueName":"search_term_string"}}],"inLanguage":"fi"},{"@type":"Organization","@id":"https:\/\/masterchem.ee\/fi\/#organization","name":"Masterchem","url":"https:\/\/masterchem.ee\/fi\/","logo":{"@type":"ImageObject","inLanguage":"fi","@id":"https:\/\/masterchem.ee\/fi\/#\/schema\/logo\/image\/","url":"https:\/\/masterchem.ee\/wp-content\/uploads\/2018\/02\/master-chem_final-1.png","contentUrl":"https:\/\/masterchem.ee\/wp-content\/uploads\/2018\/02\/master-chem_final-1.png","width":850,"height":356,"caption":"Masterchem"},"image":{"@id":"https:\/\/masterchem.ee\/fi\/#\/schema\/logo\/image\/"}}]}},"_links":{"self":[{"href":"https:\/\/masterchem.ee\/fi\/wp-json\/wp\/v2\/product\/20116","targetHints":{"allow":["GET"]}}],"collection":[{"href":"https:\/\/masterchem.ee\/fi\/wp-json\/wp\/v2\/product"}],"about":[{"href":"https:\/\/masterchem.ee\/fi\/wp-json\/wp\/v2\/types\/product"}],"wp:featuredmedia":[{"embeddable":true,"href":"https:\/\/masterchem.ee\/fi\/wp-json\/wp\/v2\/media\/20120"}],"wp:attachment":[{"href":"https:\/\/masterchem.ee\/fi\/wp-json\/wp\/v2\/media?parent=20116"}],"wp:term":[{"taxonomy":"product_brand","embeddable":true,"href":"https:\/\/masterchem.ee\/fi\/wp-json\/wp\/v2\/product_brand?post=20116"},{"taxonomy":"product_cat","embeddable":true,"href":"https:\/\/masterchem.ee\/fi\/wp-json\/wp\/v2\/product_cat?post=20116"},{"taxonomy":"product_tag","embeddable":true,"href":"https:\/\/masterchem.ee\/fi\/wp-json\/wp\/v2\/product_tag?post=20116"}],"curies":[{"name":"wp","href":"https:\/\/api.w.org\/{rel}","templated":true}]}}