{"id":19826,"date":"2022-04-22T10:13:40","date_gmt":"2022-04-22T10:13:56","guid":{"rendered":"https:\/\/masterchem.ee\/?post_type=product&#038;p=19826"},"modified":"2022-04-22T11:16:48","modified_gmt":"2022-04-22T11:16:48","slug":"dipropyleeniglykolimonometyylieetteri-dowanol-dmp-cas-34590-94-8","status":"publish","type":"product","link":"https:\/\/masterchem.ee\/fi\/tooted-ja-teenused\/dipropyleeniglykolimonometyylieetteri-dowanol-dmp-cas-34590-94-8\/","title":{"rendered":"Dipropyleeniglykolimonometyylieetteri Dowanol DMP (CAS 34590-94-8)"},"content":{"rendered":"<p>Dipropyleeniglykolimonometyylieetteri (isomeerien seos) synteesi\u00e4 varten. CAS 34590-94-8, kemiallinen kaava (CH3O)C3H6OC3H6(OH).<\/p>\n<p><strong>Synonyymit: DPM, metoksipropoksipropanoli<\/strong><\/p>\n<p>CAS-numero: 34590-94-8 EY-numero: 252-104-2 Molekyylimassa: 148,2 g\/mol Kemiallinen kaava: (CH3O)C3H\u2086OC3H\u2086(OH) Hill-kaava: C\u2087H\u2081\u2086O\u2083<\/p>\n","protected":false},"excerpt":{"rendered":"<p><strong>Dipropyleeniglykolimonometyylieetteri Dowanol DMP (CAS 34590-94-8)<\/strong><\/p>\n<p>Di(propyleeniglykoli)metyylieetteri on orgaaninen liuotin, jota k\u00e4ytet\u00e4\u00e4n useisiin teollisiin ja kaupallisiin tarkoituksiin. Sit\u00e4 k\u00e4ytet\u00e4\u00e4n v\u00e4hemm\u00e4n haihtuvana vaihtoehtona propyleeniglykolimetyylieetterille ja muille glykolieettereille. Kaupallinen tuote on tyypillisesti nelj\u00e4n isomeerin seos.<\/p>\n","protected":false},"featured_media":19899,"template":"","meta":[],"product_brand":[],"product_cat":[180,115,117,286,258,114,152],"product_tag":[],"class_list":{"0":"post-19826","1":"product","2":"type-product","3":"status-publish","4":"has-post-thumbnail","6":"product_cat-uncategorized-fi-2","7":"product_cat-auton-ja-koneiden-kemikaalit","8":"product_cat-kotitalouskemikaalit","9":"product_cat-maalit-ja-lakat","10":"product_cat-muovi-fi","11":"product_cat-rakennusteollisuus","12":"product_cat-tipografiset-kemikaalit","13":"pif-has-gallery","15":"first","16":"instock","17":"taxable","18":"shipping-taxable","19":"purchasable","20":"product-type-variable","21":"has-default-attributes"},"yoast_head":"<!-- This site is optimized with the Yoast SEO plugin v26.2 - https:\/\/yoast.com\/wordpress\/plugins\/seo\/ -->\n<title>Dipropyleeniglykolimonometyylieetteri Dowanol DMP (CAS 34590-94-8) - Chemistry For Industry - Solvents &amp; Chemicals - Masterchem.ee<\/title>\n<meta name=\"description\" content=\"Dipropyleeniglykolimonometyylieetteri (isomeerien seos) synteesiin. Di(propyleeniglykoli)metyylieetteri on orgaaninen liuotin, jota k\u00e4ytet\u00e4\u00e4n monenlaisiin teollisiin ja kaupallisiin k\u00e4ytt\u00f6tarkoituksiin.\" \/>\n<meta name=\"robots\" content=\"index, follow, max-snippet:-1, max-image-preview:large, max-video-preview:-1\" \/>\n<link rel=\"canonical\" href=\"https:\/\/masterchem.ee\/fi\/tooted-ja-teenused\/dipropyleeniglykolimonometyylieetteri-dowanol-dmp-cas-34590-94-8\/\" \/>\n<meta name=\"twitter:card\" content=\"summary_large_image\" \/>\n<meta name=\"twitter:title\" content=\"Dipropyleeniglykolimonometyylieetteri Dowanol DMP (CAS 34590-94-8) - Chemistry For Industry - Solvents &amp; Chemicals - Masterchem.ee\" \/>\n<meta name=\"twitter:description\" content=\"Dipropyleeniglykolimonometyylieetteri (isomeerien seos) synteesiin. Di(propyleeniglykoli)metyylieetteri on orgaaninen liuotin, jota k\u00e4ytet\u00e4\u00e4n monenlaisiin teollisiin ja kaupallisiin k\u00e4ytt\u00f6tarkoituksiin.\" \/>\n<meta name=\"twitter:image\" content=\"https:\/\/masterchem.ee\/wp-content\/uploads\/2022\/04\/Dipropuleenglukoolmonometuuleeter-Dowanol-DMP-1000l-MasterChem.jpg\" \/>\n<script type=\"application\/ld+json\" class=\"yoast-schema-graph\">{\"@context\":\"https:\/\/schema.org\",\"@graph\":[{\"@type\":\"WebPage\",\"@id\":\"https:\/\/masterchem.ee\/fi\/tooted-ja-teenused\/dipropyleeniglykolimonometyylieetteri-dowanol-dmp-cas-34590-94-8\/\",\"url\":\"https:\/\/masterchem.ee\/fi\/tooted-ja-teenused\/dipropyleeniglykolimonometyylieetteri-dowanol-dmp-cas-34590-94-8\/\",\"name\":\"Dipropyleeniglykolimonometyylieetteri Dowanol DMP (CAS 34590-94-8) - Chemistry For Industry - Solvents &amp; Chemicals - Masterchem.ee\",\"isPartOf\":{\"@id\":\"https:\/\/masterchem.ee\/fi\/#website\"},\"primaryImageOfPage\":{\"@id\":\"https:\/\/masterchem.ee\/fi\/tooted-ja-teenused\/dipropyleeniglykolimonometyylieetteri-dowanol-dmp-cas-34590-94-8\/#primaryimage\"},\"image\":{\"@id\":\"https:\/\/masterchem.ee\/fi\/tooted-ja-teenused\/dipropyleeniglykolimonometyylieetteri-dowanol-dmp-cas-34590-94-8\/#primaryimage\"},\"thumbnailUrl\":\"https:\/\/masterchem.ee\/wp-content\/uploads\/2022\/04\/Dipropuleenglukoolmonometuuleeter-Dowanol-DMP-1000l-MasterChem.jpg\",\"datePublished\":\"2022-04-22T10:13:56+00:00\",\"dateModified\":\"2022-04-22T11:16:48+00:00\",\"description\":\"Dipropyleeniglykolimonometyylieetteri (isomeerien seos) synteesiin. Di(propyleeniglykoli)metyylieetteri on orgaaninen liuotin, jota k\u00e4ytet\u00e4\u00e4n monenlaisiin teollisiin ja kaupallisiin k\u00e4ytt\u00f6tarkoituksiin.\",\"breadcrumb\":{\"@id\":\"https:\/\/masterchem.ee\/fi\/tooted-ja-teenused\/dipropyleeniglykolimonometyylieetteri-dowanol-dmp-cas-34590-94-8\/#breadcrumb\"},\"inLanguage\":\"fi\",\"potentialAction\":[{\"@type\":\"ReadAction\",\"target\":[\"https:\/\/masterchem.ee\/fi\/tooted-ja-teenused\/dipropyleeniglykolimonometyylieetteri-dowanol-dmp-cas-34590-94-8\/\"]}]},{\"@type\":\"ImageObject\",\"inLanguage\":\"fi\",\"@id\":\"https:\/\/masterchem.ee\/fi\/tooted-ja-teenused\/dipropyleeniglykolimonometyylieetteri-dowanol-dmp-cas-34590-94-8\/#primaryimage\",\"url\":\"https:\/\/masterchem.ee\/wp-content\/uploads\/2022\/04\/Dipropuleenglukoolmonometuuleeter-Dowanol-DMP-1000l-MasterChem.jpg\",\"contentUrl\":\"https:\/\/masterchem.ee\/wp-content\/uploads\/2022\/04\/Dipropuleenglukoolmonometuuleeter-Dowanol-DMP-1000l-MasterChem.jpg\",\"width\":1000,\"height\":1000,\"caption\":\"Dipropylene glycol monomethyl ether Dowanol DMP (CAS 34590-94-8) 1000l MaterChem\"},{\"@type\":\"BreadcrumbList\",\"@id\":\"https:\/\/masterchem.ee\/fi\/tooted-ja-teenused\/dipropyleeniglykolimonometyylieetteri-dowanol-dmp-cas-34590-94-8\/#breadcrumb\",\"itemListElement\":[{\"@type\":\"ListItem\",\"position\":1,\"name\":\"Home\",\"item\":\"https:\/\/masterchem.ee\/fi\/\"},{\"@type\":\"ListItem\",\"position\":2,\"name\":\"Tooted ja teenused\",\"item\":\"https:\/\/masterchem.ee\/tooted-ja-teenused\/\"},{\"@type\":\"ListItem\",\"position\":3,\"name\":\"Dipropyleeniglykolimonometyylieetteri Dowanol DMP (CAS 34590-94-8)\"}]},{\"@type\":\"WebSite\",\"@id\":\"https:\/\/masterchem.ee\/fi\/#website\",\"url\":\"https:\/\/masterchem.ee\/fi\/\",\"name\":\"Masterchem.ee\",\"description\":\"Chemistry For Industry - Solvents &amp; Chemicals\",\"publisher\":{\"@id\":\"https:\/\/masterchem.ee\/fi\/#organization\"},\"potentialAction\":[{\"@type\":\"SearchAction\",\"target\":{\"@type\":\"EntryPoint\",\"urlTemplate\":\"https:\/\/masterchem.ee\/fi\/?s={search_term_string}\"},\"query-input\":{\"@type\":\"PropertyValueSpecification\",\"valueRequired\":true,\"valueName\":\"search_term_string\"}}],\"inLanguage\":\"fi\"},{\"@type\":\"Organization\",\"@id\":\"https:\/\/masterchem.ee\/fi\/#organization\",\"name\":\"Masterchem\",\"url\":\"https:\/\/masterchem.ee\/fi\/\",\"logo\":{\"@type\":\"ImageObject\",\"inLanguage\":\"fi\",\"@id\":\"https:\/\/masterchem.ee\/fi\/#\/schema\/logo\/image\/\",\"url\":\"https:\/\/masterchem.ee\/wp-content\/uploads\/2018\/02\/master-chem_final-1.png\",\"contentUrl\":\"https:\/\/masterchem.ee\/wp-content\/uploads\/2018\/02\/master-chem_final-1.png\",\"width\":850,\"height\":356,\"caption\":\"Masterchem\"},\"image\":{\"@id\":\"https:\/\/masterchem.ee\/fi\/#\/schema\/logo\/image\/\"}}]}<\/script>\n<!-- \/ Yoast SEO plugin. -->","yoast_head_json":{"title":"Dipropyleeniglykolimonometyylieetteri Dowanol DMP (CAS 34590-94-8) - Chemistry For Industry - Solvents &amp; Chemicals - Masterchem.ee","description":"Dipropyleeniglykolimonometyylieetteri (isomeerien seos) synteesiin. Di(propyleeniglykoli)metyylieetteri on orgaaninen liuotin, jota k\u00e4ytet\u00e4\u00e4n monenlaisiin teollisiin ja kaupallisiin k\u00e4ytt\u00f6tarkoituksiin.","robots":{"index":"index","follow":"follow","max-snippet":"max-snippet:-1","max-image-preview":"max-image-preview:large","max-video-preview":"max-video-preview:-1"},"canonical":"https:\/\/masterchem.ee\/fi\/tooted-ja-teenused\/dipropyleeniglykolimonometyylieetteri-dowanol-dmp-cas-34590-94-8\/","twitter_card":"summary_large_image","twitter_title":"Dipropyleeniglykolimonometyylieetteri Dowanol DMP (CAS 34590-94-8) - Chemistry For Industry - Solvents &amp; Chemicals - Masterchem.ee","twitter_description":"Dipropyleeniglykolimonometyylieetteri (isomeerien seos) synteesiin. Di(propyleeniglykoli)metyylieetteri on orgaaninen liuotin, jota k\u00e4ytet\u00e4\u00e4n monenlaisiin teollisiin ja kaupallisiin k\u00e4ytt\u00f6tarkoituksiin.","twitter_image":"https:\/\/masterchem.ee\/wp-content\/uploads\/2022\/04\/Dipropuleenglukoolmonometuuleeter-Dowanol-DMP-1000l-MasterChem.jpg","schema":{"@context":"https:\/\/schema.org","@graph":[{"@type":"WebPage","@id":"https:\/\/masterchem.ee\/fi\/tooted-ja-teenused\/dipropyleeniglykolimonometyylieetteri-dowanol-dmp-cas-34590-94-8\/","url":"https:\/\/masterchem.ee\/fi\/tooted-ja-teenused\/dipropyleeniglykolimonometyylieetteri-dowanol-dmp-cas-34590-94-8\/","name":"Dipropyleeniglykolimonometyylieetteri Dowanol DMP (CAS 34590-94-8) - Chemistry For Industry - Solvents &amp; Chemicals - Masterchem.ee","isPartOf":{"@id":"https:\/\/masterchem.ee\/fi\/#website"},"primaryImageOfPage":{"@id":"https:\/\/masterchem.ee\/fi\/tooted-ja-teenused\/dipropyleeniglykolimonometyylieetteri-dowanol-dmp-cas-34590-94-8\/#primaryimage"},"image":{"@id":"https:\/\/masterchem.ee\/fi\/tooted-ja-teenused\/dipropyleeniglykolimonometyylieetteri-dowanol-dmp-cas-34590-94-8\/#primaryimage"},"thumbnailUrl":"https:\/\/masterchem.ee\/wp-content\/uploads\/2022\/04\/Dipropuleenglukoolmonometuuleeter-Dowanol-DMP-1000l-MasterChem.jpg","datePublished":"2022-04-22T10:13:56+00:00","dateModified":"2022-04-22T11:16:48+00:00","description":"Dipropyleeniglykolimonometyylieetteri (isomeerien seos) synteesiin. Di(propyleeniglykoli)metyylieetteri on orgaaninen liuotin, jota k\u00e4ytet\u00e4\u00e4n monenlaisiin teollisiin ja kaupallisiin k\u00e4ytt\u00f6tarkoituksiin.","breadcrumb":{"@id":"https:\/\/masterchem.ee\/fi\/tooted-ja-teenused\/dipropyleeniglykolimonometyylieetteri-dowanol-dmp-cas-34590-94-8\/#breadcrumb"},"inLanguage":"fi","potentialAction":[{"@type":"ReadAction","target":["https:\/\/masterchem.ee\/fi\/tooted-ja-teenused\/dipropyleeniglykolimonometyylieetteri-dowanol-dmp-cas-34590-94-8\/"]}]},{"@type":"ImageObject","inLanguage":"fi","@id":"https:\/\/masterchem.ee\/fi\/tooted-ja-teenused\/dipropyleeniglykolimonometyylieetteri-dowanol-dmp-cas-34590-94-8\/#primaryimage","url":"https:\/\/masterchem.ee\/wp-content\/uploads\/2022\/04\/Dipropuleenglukoolmonometuuleeter-Dowanol-DMP-1000l-MasterChem.jpg","contentUrl":"https:\/\/masterchem.ee\/wp-content\/uploads\/2022\/04\/Dipropuleenglukoolmonometuuleeter-Dowanol-DMP-1000l-MasterChem.jpg","width":1000,"height":1000,"caption":"Dipropylene glycol monomethyl ether Dowanol DMP (CAS 34590-94-8) 1000l MaterChem"},{"@type":"BreadcrumbList","@id":"https:\/\/masterchem.ee\/fi\/tooted-ja-teenused\/dipropyleeniglykolimonometyylieetteri-dowanol-dmp-cas-34590-94-8\/#breadcrumb","itemListElement":[{"@type":"ListItem","position":1,"name":"Home","item":"https:\/\/masterchem.ee\/fi\/"},{"@type":"ListItem","position":2,"name":"Tooted ja teenused","item":"https:\/\/masterchem.ee\/tooted-ja-teenused\/"},{"@type":"ListItem","position":3,"name":"Dipropyleeniglykolimonometyylieetteri Dowanol DMP (CAS 34590-94-8)"}]},{"@type":"WebSite","@id":"https:\/\/masterchem.ee\/fi\/#website","url":"https:\/\/masterchem.ee\/fi\/","name":"Masterchem.ee","description":"Chemistry For Industry - Solvents &amp; Chemicals","publisher":{"@id":"https:\/\/masterchem.ee\/fi\/#organization"},"potentialAction":[{"@type":"SearchAction","target":{"@type":"EntryPoint","urlTemplate":"https:\/\/masterchem.ee\/fi\/?s={search_term_string}"},"query-input":{"@type":"PropertyValueSpecification","valueRequired":true,"valueName":"search_term_string"}}],"inLanguage":"fi"},{"@type":"Organization","@id":"https:\/\/masterchem.ee\/fi\/#organization","name":"Masterchem","url":"https:\/\/masterchem.ee\/fi\/","logo":{"@type":"ImageObject","inLanguage":"fi","@id":"https:\/\/masterchem.ee\/fi\/#\/schema\/logo\/image\/","url":"https:\/\/masterchem.ee\/wp-content\/uploads\/2018\/02\/master-chem_final-1.png","contentUrl":"https:\/\/masterchem.ee\/wp-content\/uploads\/2018\/02\/master-chem_final-1.png","width":850,"height":356,"caption":"Masterchem"},"image":{"@id":"https:\/\/masterchem.ee\/fi\/#\/schema\/logo\/image\/"}}]}},"_links":{"self":[{"href":"https:\/\/masterchem.ee\/fi\/wp-json\/wp\/v2\/product\/19826","targetHints":{"allow":["GET"]}}],"collection":[{"href":"https:\/\/masterchem.ee\/fi\/wp-json\/wp\/v2\/product"}],"about":[{"href":"https:\/\/masterchem.ee\/fi\/wp-json\/wp\/v2\/types\/product"}],"wp:featuredmedia":[{"embeddable":true,"href":"https:\/\/masterchem.ee\/fi\/wp-json\/wp\/v2\/media\/19899"}],"wp:attachment":[{"href":"https:\/\/masterchem.ee\/fi\/wp-json\/wp\/v2\/media?parent=19826"}],"wp:term":[{"taxonomy":"product_brand","embeddable":true,"href":"https:\/\/masterchem.ee\/fi\/wp-json\/wp\/v2\/product_brand?post=19826"},{"taxonomy":"product_cat","embeddable":true,"href":"https:\/\/masterchem.ee\/fi\/wp-json\/wp\/v2\/product_cat?post=19826"},{"taxonomy":"product_tag","embeddable":true,"href":"https:\/\/masterchem.ee\/fi\/wp-json\/wp\/v2\/product_tag?post=19826"}],"curies":[{"name":"wp","href":"https:\/\/api.w.org\/{rel}","templated":true}]}}