{"id":19764,"date":"2022-04-08T12:14:34","date_gmt":"2022-04-08T12:14:52","guid":{"rendered":"https:\/\/masterchem.ee\/?post_type=product&#038;p=19764"},"modified":"2022-04-08T12:23:11","modified_gmt":"2022-04-08T12:23:11","slug":"kuparikelaatti-edta-15-cas-14025-15-1","status":"publish","type":"product","link":"https:\/\/masterchem.ee\/fi\/tooted-ja-teenused\/kuparikelaatti-edta-15-cas-14025-15-1\/","title":{"rendered":"Kuparikelaatti EDTA 15 % (CAS 14025-15-1)"},"content":{"rendered":"<p><strong>Info<\/strong><br \/>\nToimialat: lannoitteet, puutarhanhoito<br \/>\nCAS-numero: 14025-15-1<br \/>\nWE-numero: 237-864-5<br \/>\nKemiallinen kaava: C10H12CuNaO8\u20222Na<br \/>\nMolekyylimassa: 397,74 g\/mol<\/p>\n<p>Muut fyysiset ominaisuudet <br \/>\npH: 6,0 &#8211; 7,0 (1 % H2O)<br \/>\nSuhteellinen tiheys: 600-800 g\/l<br \/>\nLiukoisuus veteen: ~1200 g\/l<\/p>\n","protected":false},"excerpt":{"rendered":"<p><strong>Kuparikelaatti EDTA 15 % (CAS 14025-15-1)<\/strong><\/p>\n<p>Kuparikelaatti EDTA 15 % on eritt\u00e4in puhdas kelatoitu yksihivenravinteinen lannoite. Ainutlaatuisen patentoidun vadelman muotoisen mikrorakeen ansiosta se on p\u00f6lyt\u00f6n, helposti valuva ja liukenee nopeasti. On suositeltavaa parantaa kuparin puute kaikilla viljelykasveilla.<\/p>\n<p>&#8211; Soveltuu luomuviljelyyn EU-asetuksen (EU) 2018\/848 mukaisesti<br \/>\n&#8211; Parantaa kuparin puutetta &#8211; n\u00e4kyy k\u00e4pristyneen\u00e4 &#8211; pienet uudet lehdet<br \/>\n&#8211; Kupari 100 % kelatoitua ja t\u00e4ysin saatavilla pH-arvoon 9 asti<br \/>\n&#8211; Kehitetty lehtiin. Soveltuu my\u00f6s lannoitukseen avoimella pellolla ja kasvihuoneissa<br \/>\n&#8211; Pehme\u00e4 lehtikudoksille<\/p>\n","protected":false},"featured_media":19772,"template":"","meta":[],"product_brand":[],"product_cat":[180,323,351],"product_tag":[],"class_list":{"0":"post-19764","1":"product","2":"type-product","3":"status-publish","4":"has-post-thumbnail","6":"product_cat-uncategorized-fi-2","7":"product_cat-lannoitteet","8":"product_cat-puutarhanhoito","10":"first","11":"instock","12":"taxable","13":"shipping-taxable","14":"purchasable","15":"product-type-variable","16":"has-default-attributes"},"yoast_head":"<!-- This site is optimized with the Yoast SEO plugin v26.2 - https:\/\/yoast.com\/wordpress\/plugins\/seo\/ -->\n<title>Kuparikelaatti EDTA 15 % (CAS 14025-15-1) - Chemistry For Industry - Solvents &amp; Chemicals - Masterchem.ee<\/title>\n<meta name=\"description\" content=\"Kuparikelaatti EDTA 15 % on eritt\u00e4in puhdas kelatoitu yksihivenravinteinen lannoite.\" \/>\n<meta name=\"robots\" content=\"index, follow, max-snippet:-1, max-image-preview:large, max-video-preview:-1\" \/>\n<link rel=\"canonical\" href=\"https:\/\/masterchem.ee\/fi\/tooted-ja-teenused\/kuparikelaatti-edta-15-cas-14025-15-1\/\" \/>\n<meta name=\"twitter:card\" content=\"summary_large_image\" \/>\n<meta name=\"twitter:title\" content=\"Kuparikelaatti EDTA 15 % (CAS 14025-15-1) - Chemistry For Industry - Solvents &amp; Chemicals - Masterchem.ee\" \/>\n<meta name=\"twitter:description\" content=\"Kuparikelaatti EDTA 15 % on eritt\u00e4in puhdas kelatoitu yksihivenravinteinen lannoite.\" \/>\n<meta name=\"twitter:image\" content=\"https:\/\/masterchem.ee\/wp-content\/uploads\/2022\/04\/Vaskkelaat-EDTA-15-25kg-MasterChem.jpg\" \/>\n<script type=\"application\/ld+json\" class=\"yoast-schema-graph\">{\"@context\":\"https:\/\/schema.org\",\"@graph\":[{\"@type\":\"WebPage\",\"@id\":\"https:\/\/masterchem.ee\/fi\/tooted-ja-teenused\/kuparikelaatti-edta-15-cas-14025-15-1\/\",\"url\":\"https:\/\/masterchem.ee\/fi\/tooted-ja-teenused\/kuparikelaatti-edta-15-cas-14025-15-1\/\",\"name\":\"Kuparikelaatti EDTA 15 % (CAS 14025-15-1) - Chemistry For Industry - Solvents &amp; Chemicals - Masterchem.ee\",\"isPartOf\":{\"@id\":\"https:\/\/masterchem.ee\/fi\/#website\"},\"primaryImageOfPage\":{\"@id\":\"https:\/\/masterchem.ee\/fi\/tooted-ja-teenused\/kuparikelaatti-edta-15-cas-14025-15-1\/#primaryimage\"},\"image\":{\"@id\":\"https:\/\/masterchem.ee\/fi\/tooted-ja-teenused\/kuparikelaatti-edta-15-cas-14025-15-1\/#primaryimage\"},\"thumbnailUrl\":\"https:\/\/masterchem.ee\/wp-content\/uploads\/2022\/04\/Vaskkelaat-EDTA-15-25kg-MasterChem.jpg\",\"datePublished\":\"2022-04-08T12:14:52+00:00\",\"dateModified\":\"2022-04-08T12:23:11+00:00\",\"description\":\"Kuparikelaatti EDTA 15 % on eritt\u00e4in puhdas kelatoitu yksihivenravinteinen lannoite.\",\"breadcrumb\":{\"@id\":\"https:\/\/masterchem.ee\/fi\/tooted-ja-teenused\/kuparikelaatti-edta-15-cas-14025-15-1\/#breadcrumb\"},\"inLanguage\":\"fi\",\"potentialAction\":[{\"@type\":\"ReadAction\",\"target\":[\"https:\/\/masterchem.ee\/fi\/tooted-ja-teenused\/kuparikelaatti-edta-15-cas-14025-15-1\/\"]}]},{\"@type\":\"ImageObject\",\"inLanguage\":\"fi\",\"@id\":\"https:\/\/masterchem.ee\/fi\/tooted-ja-teenused\/kuparikelaatti-edta-15-cas-14025-15-1\/#primaryimage\",\"url\":\"https:\/\/masterchem.ee\/wp-content\/uploads\/2022\/04\/Vaskkelaat-EDTA-15-25kg-MasterChem.jpg\",\"contentUrl\":\"https:\/\/masterchem.ee\/wp-content\/uploads\/2022\/04\/Vaskkelaat-EDTA-15-25kg-MasterChem.jpg\",\"width\":1000,\"height\":1000,\"caption\":\"Kuparikelaatti EDTA 15 % (CAS 14025-15-1) 25kg MasterChem\"},{\"@type\":\"BreadcrumbList\",\"@id\":\"https:\/\/masterchem.ee\/fi\/tooted-ja-teenused\/kuparikelaatti-edta-15-cas-14025-15-1\/#breadcrumb\",\"itemListElement\":[{\"@type\":\"ListItem\",\"position\":1,\"name\":\"Home\",\"item\":\"https:\/\/masterchem.ee\/fi\/\"},{\"@type\":\"ListItem\",\"position\":2,\"name\":\"Tooted ja teenused\",\"item\":\"https:\/\/masterchem.ee\/tooted-ja-teenused\/\"},{\"@type\":\"ListItem\",\"position\":3,\"name\":\"Kuparikelaatti EDTA 15 % (CAS 14025-15-1)\"}]},{\"@type\":\"WebSite\",\"@id\":\"https:\/\/masterchem.ee\/fi\/#website\",\"url\":\"https:\/\/masterchem.ee\/fi\/\",\"name\":\"Masterchem.ee\",\"description\":\"Chemistry For Industry - Solvents &amp; Chemicals\",\"publisher\":{\"@id\":\"https:\/\/masterchem.ee\/fi\/#organization\"},\"potentialAction\":[{\"@type\":\"SearchAction\",\"target\":{\"@type\":\"EntryPoint\",\"urlTemplate\":\"https:\/\/masterchem.ee\/fi\/?s={search_term_string}\"},\"query-input\":{\"@type\":\"PropertyValueSpecification\",\"valueRequired\":true,\"valueName\":\"search_term_string\"}}],\"inLanguage\":\"fi\"},{\"@type\":\"Organization\",\"@id\":\"https:\/\/masterchem.ee\/fi\/#organization\",\"name\":\"Masterchem\",\"url\":\"https:\/\/masterchem.ee\/fi\/\",\"logo\":{\"@type\":\"ImageObject\",\"inLanguage\":\"fi\",\"@id\":\"https:\/\/masterchem.ee\/fi\/#\/schema\/logo\/image\/\",\"url\":\"https:\/\/masterchem.ee\/wp-content\/uploads\/2018\/02\/master-chem_final-1.png\",\"contentUrl\":\"https:\/\/masterchem.ee\/wp-content\/uploads\/2018\/02\/master-chem_final-1.png\",\"width\":850,\"height\":356,\"caption\":\"Masterchem\"},\"image\":{\"@id\":\"https:\/\/masterchem.ee\/fi\/#\/schema\/logo\/image\/\"}}]}<\/script>\n<!-- \/ Yoast SEO plugin. -->","yoast_head_json":{"title":"Kuparikelaatti EDTA 15 % (CAS 14025-15-1) - Chemistry For Industry - Solvents &amp; Chemicals - Masterchem.ee","description":"Kuparikelaatti EDTA 15 % on eritt\u00e4in puhdas kelatoitu yksihivenravinteinen lannoite.","robots":{"index":"index","follow":"follow","max-snippet":"max-snippet:-1","max-image-preview":"max-image-preview:large","max-video-preview":"max-video-preview:-1"},"canonical":"https:\/\/masterchem.ee\/fi\/tooted-ja-teenused\/kuparikelaatti-edta-15-cas-14025-15-1\/","twitter_card":"summary_large_image","twitter_title":"Kuparikelaatti EDTA 15 % (CAS 14025-15-1) - Chemistry For Industry - Solvents &amp; Chemicals - Masterchem.ee","twitter_description":"Kuparikelaatti EDTA 15 % on eritt\u00e4in puhdas kelatoitu yksihivenravinteinen lannoite.","twitter_image":"https:\/\/masterchem.ee\/wp-content\/uploads\/2022\/04\/Vaskkelaat-EDTA-15-25kg-MasterChem.jpg","schema":{"@context":"https:\/\/schema.org","@graph":[{"@type":"WebPage","@id":"https:\/\/masterchem.ee\/fi\/tooted-ja-teenused\/kuparikelaatti-edta-15-cas-14025-15-1\/","url":"https:\/\/masterchem.ee\/fi\/tooted-ja-teenused\/kuparikelaatti-edta-15-cas-14025-15-1\/","name":"Kuparikelaatti EDTA 15 % (CAS 14025-15-1) - Chemistry For Industry - Solvents &amp; Chemicals - Masterchem.ee","isPartOf":{"@id":"https:\/\/masterchem.ee\/fi\/#website"},"primaryImageOfPage":{"@id":"https:\/\/masterchem.ee\/fi\/tooted-ja-teenused\/kuparikelaatti-edta-15-cas-14025-15-1\/#primaryimage"},"image":{"@id":"https:\/\/masterchem.ee\/fi\/tooted-ja-teenused\/kuparikelaatti-edta-15-cas-14025-15-1\/#primaryimage"},"thumbnailUrl":"https:\/\/masterchem.ee\/wp-content\/uploads\/2022\/04\/Vaskkelaat-EDTA-15-25kg-MasterChem.jpg","datePublished":"2022-04-08T12:14:52+00:00","dateModified":"2022-04-08T12:23:11+00:00","description":"Kuparikelaatti EDTA 15 % on eritt\u00e4in puhdas kelatoitu yksihivenravinteinen lannoite.","breadcrumb":{"@id":"https:\/\/masterchem.ee\/fi\/tooted-ja-teenused\/kuparikelaatti-edta-15-cas-14025-15-1\/#breadcrumb"},"inLanguage":"fi","potentialAction":[{"@type":"ReadAction","target":["https:\/\/masterchem.ee\/fi\/tooted-ja-teenused\/kuparikelaatti-edta-15-cas-14025-15-1\/"]}]},{"@type":"ImageObject","inLanguage":"fi","@id":"https:\/\/masterchem.ee\/fi\/tooted-ja-teenused\/kuparikelaatti-edta-15-cas-14025-15-1\/#primaryimage","url":"https:\/\/masterchem.ee\/wp-content\/uploads\/2022\/04\/Vaskkelaat-EDTA-15-25kg-MasterChem.jpg","contentUrl":"https:\/\/masterchem.ee\/wp-content\/uploads\/2022\/04\/Vaskkelaat-EDTA-15-25kg-MasterChem.jpg","width":1000,"height":1000,"caption":"Kuparikelaatti EDTA 15 % (CAS 14025-15-1) 25kg MasterChem"},{"@type":"BreadcrumbList","@id":"https:\/\/masterchem.ee\/fi\/tooted-ja-teenused\/kuparikelaatti-edta-15-cas-14025-15-1\/#breadcrumb","itemListElement":[{"@type":"ListItem","position":1,"name":"Home","item":"https:\/\/masterchem.ee\/fi\/"},{"@type":"ListItem","position":2,"name":"Tooted ja teenused","item":"https:\/\/masterchem.ee\/tooted-ja-teenused\/"},{"@type":"ListItem","position":3,"name":"Kuparikelaatti EDTA 15 % (CAS 14025-15-1)"}]},{"@type":"WebSite","@id":"https:\/\/masterchem.ee\/fi\/#website","url":"https:\/\/masterchem.ee\/fi\/","name":"Masterchem.ee","description":"Chemistry For Industry - Solvents &amp; Chemicals","publisher":{"@id":"https:\/\/masterchem.ee\/fi\/#organization"},"potentialAction":[{"@type":"SearchAction","target":{"@type":"EntryPoint","urlTemplate":"https:\/\/masterchem.ee\/fi\/?s={search_term_string}"},"query-input":{"@type":"PropertyValueSpecification","valueRequired":true,"valueName":"search_term_string"}}],"inLanguage":"fi"},{"@type":"Organization","@id":"https:\/\/masterchem.ee\/fi\/#organization","name":"Masterchem","url":"https:\/\/masterchem.ee\/fi\/","logo":{"@type":"ImageObject","inLanguage":"fi","@id":"https:\/\/masterchem.ee\/fi\/#\/schema\/logo\/image\/","url":"https:\/\/masterchem.ee\/wp-content\/uploads\/2018\/02\/master-chem_final-1.png","contentUrl":"https:\/\/masterchem.ee\/wp-content\/uploads\/2018\/02\/master-chem_final-1.png","width":850,"height":356,"caption":"Masterchem"},"image":{"@id":"https:\/\/masterchem.ee\/fi\/#\/schema\/logo\/image\/"}}]}},"_links":{"self":[{"href":"https:\/\/masterchem.ee\/fi\/wp-json\/wp\/v2\/product\/19764","targetHints":{"allow":["GET"]}}],"collection":[{"href":"https:\/\/masterchem.ee\/fi\/wp-json\/wp\/v2\/product"}],"about":[{"href":"https:\/\/masterchem.ee\/fi\/wp-json\/wp\/v2\/types\/product"}],"wp:featuredmedia":[{"embeddable":true,"href":"https:\/\/masterchem.ee\/fi\/wp-json\/wp\/v2\/media\/19772"}],"wp:attachment":[{"href":"https:\/\/masterchem.ee\/fi\/wp-json\/wp\/v2\/media?parent=19764"}],"wp:term":[{"taxonomy":"product_brand","embeddable":true,"href":"https:\/\/masterchem.ee\/fi\/wp-json\/wp\/v2\/product_brand?post=19764"},{"taxonomy":"product_cat","embeddable":true,"href":"https:\/\/masterchem.ee\/fi\/wp-json\/wp\/v2\/product_cat?post=19764"},{"taxonomy":"product_tag","embeddable":true,"href":"https:\/\/masterchem.ee\/fi\/wp-json\/wp\/v2\/product_tag?post=19764"}],"curies":[{"name":"wp","href":"https:\/\/api.w.org\/{rel}","templated":true}]}}