{"id":19742,"date":"2022-04-08T12:00:56","date_gmt":"2022-04-08T12:01:02","guid":{"rendered":"https:\/\/masterchem.ee\/?post_type=product&#038;p=19742"},"modified":"2022-04-08T12:08:56","modified_gmt":"2022-04-08T12:08:56","slug":"mangaanikelaatti-edt-13-cas-15375-84-5","status":"publish","type":"product","link":"https:\/\/masterchem.ee\/fi\/tooted-ja-teenused\/mangaanikelaatti-edt-13-cas-15375-84-5\/","title":{"rendered":"Mangaanikelaatti EDT 13 % (CAS 15375-84-5)"},"content":{"rendered":"<p><strong>Info<\/strong><br \/>\nToimialat: lannoitteet, puutarhanhoito<br \/>\nCAS-numero: 15375-84-5<br \/>\nWE-numero: 239-407-5<br \/>\nKemiallinen kaava: C10H12MnN2O8\u00b72Na<br \/>\nMolekyylimassa: 389,13 g\/mol<\/p>\n<p>Muut fyysiset ominaisuudet <br \/>\npH: 6,0 &#8211; 7,0 (1 % roztw\u00f3r w H2O)<br \/>\nSuhteellinen tiheys: 600-800 g\/l<br \/>\nLiukoisuus veteen: 800g\/l<\/p>\n","protected":false},"excerpt":{"rendered":"<p><strong>Mangaanikelaatti EDT 13 % (CAS 15375-84-5)<\/strong><\/p>\n<p>Eteenidiamiinitetraetikkahapon mangaanidinatriumsuolahydraatti on metallia kelatoiva yhdiste. Koboltti analysoitiin kompleksometrisesti k\u00e4ytt\u00e4en etyleenidiamiinitetraetikkahappoa (EDTA) peitt\u00e4m\u00e4ll\u00e4 alumiinia. Aiemmat mangaani-EDTA- ja mangaani-EGT-1-kompleksien tutkimukset osoittivat, ett\u00e4 EDTA:n &#038;-typpi-koordinaatio johti eritt\u00e4in anisotrooppiseen Mn(II:n) spektriin. Mangaani-EDTA-kelaattien lipofiiliset johdannaiset, kun ne sis\u00e4llytet\u00e4\u00e4n liposomeihin, parantavat maksan toimintaa eniten metalli-ionin mikromoolia kohden ja niill\u00e4 on suotuisa puhdistumakinetiikka.<\/p>\n","protected":false},"featured_media":19750,"template":"","meta":[],"product_brand":[],"product_cat":[180,323,351],"product_tag":[],"class_list":{"0":"post-19742","1":"product","2":"type-product","3":"status-publish","4":"has-post-thumbnail","6":"product_cat-uncategorized-fi-2","7":"product_cat-lannoitteet","8":"product_cat-puutarhanhoito","10":"first","11":"instock","12":"taxable","13":"shipping-taxable","14":"purchasable","15":"product-type-variable","16":"has-default-attributes"},"yoast_head":"<!-- This site is optimized with the Yoast SEO plugin v26.2 - https:\/\/yoast.com\/wordpress\/plugins\/seo\/ -->\n<title>Mangaanikelaatti EDT 13 % (CAS 15375-84-5) - Chemistry For Industry - Solvents &amp; Chemicals - Masterchem.ee<\/title>\n<meta name=\"description\" content=\"Eteenidiamiinitetraetikkahapon mangaanidinatriumsuolahydraatti on metallia kelatoiva yhdiste.\" \/>\n<meta name=\"robots\" content=\"index, follow, max-snippet:-1, max-image-preview:large, max-video-preview:-1\" \/>\n<link rel=\"canonical\" href=\"https:\/\/masterchem.ee\/fi\/tooted-ja-teenused\/mangaanikelaatti-edt-13-cas-15375-84-5\/\" \/>\n<meta name=\"twitter:card\" content=\"summary_large_image\" \/>\n<meta name=\"twitter:title\" content=\"Mangaanikelaatti EDT 13 % (CAS 15375-84-5) - Chemistry For Industry - Solvents &amp; Chemicals - Masterchem.ee\" \/>\n<meta name=\"twitter:description\" content=\"Eteenidiamiinitetraetikkahapon mangaanidinatriumsuolahydraatti on metallia kelatoiva yhdiste.\" \/>\n<meta name=\"twitter:image\" content=\"https:\/\/masterchem.ee\/wp-content\/uploads\/2022\/04\/Mangaankelaat-EDT-13-25kg-MasterChem-Copy.jpg\" \/>\n<script type=\"application\/ld+json\" class=\"yoast-schema-graph\">{\"@context\":\"https:\/\/schema.org\",\"@graph\":[{\"@type\":\"WebPage\",\"@id\":\"https:\/\/masterchem.ee\/fi\/tooted-ja-teenused\/mangaanikelaatti-edt-13-cas-15375-84-5\/\",\"url\":\"https:\/\/masterchem.ee\/fi\/tooted-ja-teenused\/mangaanikelaatti-edt-13-cas-15375-84-5\/\",\"name\":\"Mangaanikelaatti EDT 13 % (CAS 15375-84-5) - Chemistry For Industry - Solvents &amp; Chemicals - Masterchem.ee\",\"isPartOf\":{\"@id\":\"https:\/\/masterchem.ee\/fi\/#website\"},\"primaryImageOfPage\":{\"@id\":\"https:\/\/masterchem.ee\/fi\/tooted-ja-teenused\/mangaanikelaatti-edt-13-cas-15375-84-5\/#primaryimage\"},\"image\":{\"@id\":\"https:\/\/masterchem.ee\/fi\/tooted-ja-teenused\/mangaanikelaatti-edt-13-cas-15375-84-5\/#primaryimage\"},\"thumbnailUrl\":\"https:\/\/masterchem.ee\/wp-content\/uploads\/2022\/04\/Mangaankelaat-EDT-13-25kg-MasterChem-Copy.jpg\",\"datePublished\":\"2022-04-08T12:01:02+00:00\",\"dateModified\":\"2022-04-08T12:08:56+00:00\",\"description\":\"Eteenidiamiinitetraetikkahapon mangaanidinatriumsuolahydraatti on metallia kelatoiva yhdiste.\",\"breadcrumb\":{\"@id\":\"https:\/\/masterchem.ee\/fi\/tooted-ja-teenused\/mangaanikelaatti-edt-13-cas-15375-84-5\/#breadcrumb\"},\"inLanguage\":\"fi\",\"potentialAction\":[{\"@type\":\"ReadAction\",\"target\":[\"https:\/\/masterchem.ee\/fi\/tooted-ja-teenused\/mangaanikelaatti-edt-13-cas-15375-84-5\/\"]}]},{\"@type\":\"ImageObject\",\"inLanguage\":\"fi\",\"@id\":\"https:\/\/masterchem.ee\/fi\/tooted-ja-teenused\/mangaanikelaatti-edt-13-cas-15375-84-5\/#primaryimage\",\"url\":\"https:\/\/masterchem.ee\/wp-content\/uploads\/2022\/04\/Mangaankelaat-EDT-13-25kg-MasterChem-Copy.jpg\",\"contentUrl\":\"https:\/\/masterchem.ee\/wp-content\/uploads\/2022\/04\/Mangaankelaat-EDT-13-25kg-MasterChem-Copy.jpg\",\"width\":1000,\"height\":1000,\"caption\":\"Mangaanikelaatti EDT 13 % (CAS 15375-84-5) 25kg MasterChem\"},{\"@type\":\"BreadcrumbList\",\"@id\":\"https:\/\/masterchem.ee\/fi\/tooted-ja-teenused\/mangaanikelaatti-edt-13-cas-15375-84-5\/#breadcrumb\",\"itemListElement\":[{\"@type\":\"ListItem\",\"position\":1,\"name\":\"Home\",\"item\":\"https:\/\/masterchem.ee\/fi\/\"},{\"@type\":\"ListItem\",\"position\":2,\"name\":\"Tooted ja teenused\",\"item\":\"https:\/\/masterchem.ee\/tooted-ja-teenused\/\"},{\"@type\":\"ListItem\",\"position\":3,\"name\":\"Mangaanikelaatti EDT 13 % (CAS 15375-84-5)\"}]},{\"@type\":\"WebSite\",\"@id\":\"https:\/\/masterchem.ee\/fi\/#website\",\"url\":\"https:\/\/masterchem.ee\/fi\/\",\"name\":\"Masterchem.ee\",\"description\":\"Chemistry For Industry - Solvents &amp; Chemicals\",\"publisher\":{\"@id\":\"https:\/\/masterchem.ee\/fi\/#organization\"},\"potentialAction\":[{\"@type\":\"SearchAction\",\"target\":{\"@type\":\"EntryPoint\",\"urlTemplate\":\"https:\/\/masterchem.ee\/fi\/?s={search_term_string}\"},\"query-input\":{\"@type\":\"PropertyValueSpecification\",\"valueRequired\":true,\"valueName\":\"search_term_string\"}}],\"inLanguage\":\"fi\"},{\"@type\":\"Organization\",\"@id\":\"https:\/\/masterchem.ee\/fi\/#organization\",\"name\":\"Masterchem\",\"url\":\"https:\/\/masterchem.ee\/fi\/\",\"logo\":{\"@type\":\"ImageObject\",\"inLanguage\":\"fi\",\"@id\":\"https:\/\/masterchem.ee\/fi\/#\/schema\/logo\/image\/\",\"url\":\"https:\/\/masterchem.ee\/wp-content\/uploads\/2018\/02\/master-chem_final-1.png\",\"contentUrl\":\"https:\/\/masterchem.ee\/wp-content\/uploads\/2018\/02\/master-chem_final-1.png\",\"width\":850,\"height\":356,\"caption\":\"Masterchem\"},\"image\":{\"@id\":\"https:\/\/masterchem.ee\/fi\/#\/schema\/logo\/image\/\"}}]}<\/script>\n<!-- \/ Yoast SEO plugin. -->","yoast_head_json":{"title":"Mangaanikelaatti EDT 13 % (CAS 15375-84-5) - Chemistry For Industry - Solvents &amp; Chemicals - Masterchem.ee","description":"Eteenidiamiinitetraetikkahapon mangaanidinatriumsuolahydraatti on metallia kelatoiva yhdiste.","robots":{"index":"index","follow":"follow","max-snippet":"max-snippet:-1","max-image-preview":"max-image-preview:large","max-video-preview":"max-video-preview:-1"},"canonical":"https:\/\/masterchem.ee\/fi\/tooted-ja-teenused\/mangaanikelaatti-edt-13-cas-15375-84-5\/","twitter_card":"summary_large_image","twitter_title":"Mangaanikelaatti EDT 13 % (CAS 15375-84-5) - Chemistry For Industry - Solvents &amp; Chemicals - Masterchem.ee","twitter_description":"Eteenidiamiinitetraetikkahapon mangaanidinatriumsuolahydraatti on metallia kelatoiva yhdiste.","twitter_image":"https:\/\/masterchem.ee\/wp-content\/uploads\/2022\/04\/Mangaankelaat-EDT-13-25kg-MasterChem-Copy.jpg","schema":{"@context":"https:\/\/schema.org","@graph":[{"@type":"WebPage","@id":"https:\/\/masterchem.ee\/fi\/tooted-ja-teenused\/mangaanikelaatti-edt-13-cas-15375-84-5\/","url":"https:\/\/masterchem.ee\/fi\/tooted-ja-teenused\/mangaanikelaatti-edt-13-cas-15375-84-5\/","name":"Mangaanikelaatti EDT 13 % (CAS 15375-84-5) - Chemistry For Industry - Solvents &amp; Chemicals - Masterchem.ee","isPartOf":{"@id":"https:\/\/masterchem.ee\/fi\/#website"},"primaryImageOfPage":{"@id":"https:\/\/masterchem.ee\/fi\/tooted-ja-teenused\/mangaanikelaatti-edt-13-cas-15375-84-5\/#primaryimage"},"image":{"@id":"https:\/\/masterchem.ee\/fi\/tooted-ja-teenused\/mangaanikelaatti-edt-13-cas-15375-84-5\/#primaryimage"},"thumbnailUrl":"https:\/\/masterchem.ee\/wp-content\/uploads\/2022\/04\/Mangaankelaat-EDT-13-25kg-MasterChem-Copy.jpg","datePublished":"2022-04-08T12:01:02+00:00","dateModified":"2022-04-08T12:08:56+00:00","description":"Eteenidiamiinitetraetikkahapon mangaanidinatriumsuolahydraatti on metallia kelatoiva yhdiste.","breadcrumb":{"@id":"https:\/\/masterchem.ee\/fi\/tooted-ja-teenused\/mangaanikelaatti-edt-13-cas-15375-84-5\/#breadcrumb"},"inLanguage":"fi","potentialAction":[{"@type":"ReadAction","target":["https:\/\/masterchem.ee\/fi\/tooted-ja-teenused\/mangaanikelaatti-edt-13-cas-15375-84-5\/"]}]},{"@type":"ImageObject","inLanguage":"fi","@id":"https:\/\/masterchem.ee\/fi\/tooted-ja-teenused\/mangaanikelaatti-edt-13-cas-15375-84-5\/#primaryimage","url":"https:\/\/masterchem.ee\/wp-content\/uploads\/2022\/04\/Mangaankelaat-EDT-13-25kg-MasterChem-Copy.jpg","contentUrl":"https:\/\/masterchem.ee\/wp-content\/uploads\/2022\/04\/Mangaankelaat-EDT-13-25kg-MasterChem-Copy.jpg","width":1000,"height":1000,"caption":"Mangaanikelaatti EDT 13 % (CAS 15375-84-5) 25kg MasterChem"},{"@type":"BreadcrumbList","@id":"https:\/\/masterchem.ee\/fi\/tooted-ja-teenused\/mangaanikelaatti-edt-13-cas-15375-84-5\/#breadcrumb","itemListElement":[{"@type":"ListItem","position":1,"name":"Home","item":"https:\/\/masterchem.ee\/fi\/"},{"@type":"ListItem","position":2,"name":"Tooted ja teenused","item":"https:\/\/masterchem.ee\/tooted-ja-teenused\/"},{"@type":"ListItem","position":3,"name":"Mangaanikelaatti EDT 13 % (CAS 15375-84-5)"}]},{"@type":"WebSite","@id":"https:\/\/masterchem.ee\/fi\/#website","url":"https:\/\/masterchem.ee\/fi\/","name":"Masterchem.ee","description":"Chemistry For Industry - Solvents &amp; Chemicals","publisher":{"@id":"https:\/\/masterchem.ee\/fi\/#organization"},"potentialAction":[{"@type":"SearchAction","target":{"@type":"EntryPoint","urlTemplate":"https:\/\/masterchem.ee\/fi\/?s={search_term_string}"},"query-input":{"@type":"PropertyValueSpecification","valueRequired":true,"valueName":"search_term_string"}}],"inLanguage":"fi"},{"@type":"Organization","@id":"https:\/\/masterchem.ee\/fi\/#organization","name":"Masterchem","url":"https:\/\/masterchem.ee\/fi\/","logo":{"@type":"ImageObject","inLanguage":"fi","@id":"https:\/\/masterchem.ee\/fi\/#\/schema\/logo\/image\/","url":"https:\/\/masterchem.ee\/wp-content\/uploads\/2018\/02\/master-chem_final-1.png","contentUrl":"https:\/\/masterchem.ee\/wp-content\/uploads\/2018\/02\/master-chem_final-1.png","width":850,"height":356,"caption":"Masterchem"},"image":{"@id":"https:\/\/masterchem.ee\/fi\/#\/schema\/logo\/image\/"}}]}},"_links":{"self":[{"href":"https:\/\/masterchem.ee\/fi\/wp-json\/wp\/v2\/product\/19742","targetHints":{"allow":["GET"]}}],"collection":[{"href":"https:\/\/masterchem.ee\/fi\/wp-json\/wp\/v2\/product"}],"about":[{"href":"https:\/\/masterchem.ee\/fi\/wp-json\/wp\/v2\/types\/product"}],"wp:featuredmedia":[{"embeddable":true,"href":"https:\/\/masterchem.ee\/fi\/wp-json\/wp\/v2\/media\/19750"}],"wp:attachment":[{"href":"https:\/\/masterchem.ee\/fi\/wp-json\/wp\/v2\/media?parent=19742"}],"wp:term":[{"taxonomy":"product_brand","embeddable":true,"href":"https:\/\/masterchem.ee\/fi\/wp-json\/wp\/v2\/product_brand?post=19742"},{"taxonomy":"product_cat","embeddable":true,"href":"https:\/\/masterchem.ee\/fi\/wp-json\/wp\/v2\/product_cat?post=19742"},{"taxonomy":"product_tag","embeddable":true,"href":"https:\/\/masterchem.ee\/fi\/wp-json\/wp\/v2\/product_tag?post=19742"}],"curies":[{"name":"wp","href":"https:\/\/api.w.org\/{rel}","templated":true}]}}