{"id":19720,"date":"2022-04-08T11:49:40","date_gmt":"2022-04-08T11:49:55","guid":{"rendered":"https:\/\/masterchem.ee\/?post_type=product&#038;p=19720"},"modified":"2022-04-08T11:57:25","modified_gmt":"2022-04-08T11:57:25","slug":"rautakelaatti-dtpa-fe-7-cas-85959-68-8","status":"publish","type":"product","link":"https:\/\/masterchem.ee\/fi\/tooted-ja-teenused\/rautakelaatti-dtpa-fe-7-cas-85959-68-8\/","title":{"rendered":"Rautakelaatti DTPA Fe 7 % (CAS 85959-68-8)"},"content":{"rendered":"<p><strong>Info<\/strong><br \/>\nToimialat: lannoitteet, puutarhanhoito<br \/>\nCAS-numero: 85959-68-8<br \/>\nKemiallinen kaava: C14H18N3O10Fe(NH4)2<br \/>\nMolekyylimassa: 80,23 g\/mol<\/p>\n","protected":false},"excerpt":{"rendered":"<p><strong>Rautakelaatti DTPA Fe 7 % (CAS 85959-68-8)<\/strong><\/p>\n<p>Rautakelaatti DTPA Fe 7% on rautakelaatti, jota voidaan k\u00e4ytt\u00e4\u00e4 varmistamaan hivenaineraudan saanti. Rauta on sadon kannalta v\u00e4ltt\u00e4m\u00e4t\u00f6n, koska se antaa satolle mahdollisuuden kehitt\u00e4\u00e4 kloroplasteja. N\u00e4m\u00e4 kloroplastien l\u00e4sn\u00e4olo on ratkaisevan t\u00e4rke\u00e4\u00e4, koska niit\u00e4 tarvitaan fotosynteesin prosessissa. Lis\u00e4ksi rauta toimii ravintoaineena, joka antaa juuren kasvupisteiden kehitty\u00e4 kunnolla.<\/p>\n<p>DTPA-kelaatin ansiosta, johon rauta on sidottu, ravinne pysyy kasvin saatavilla, kun se saavuttaa juurille tai kun se laitetaan lannoiteliuokseen. Rautakelaattien avulla puutosoireita voidaan ehk\u00e4ist\u00e4, mik\u00e4 edist\u00e4\u00e4 kasvin optimaalista kasvua.<\/p>\n","protected":false},"featured_media":19728,"template":"","meta":[],"product_brand":[],"product_cat":[180,323,351],"product_tag":[],"class_list":{"0":"post-19720","1":"product","2":"type-product","3":"status-publish","4":"has-post-thumbnail","6":"product_cat-uncategorized-fi-2","7":"product_cat-lannoitteet","8":"product_cat-puutarhanhoito","10":"first","11":"instock","12":"taxable","13":"shipping-taxable","14":"purchasable","15":"product-type-variable","16":"has-default-attributes"},"yoast_head":"<!-- This site is optimized with the Yoast SEO plugin v26.2 - https:\/\/yoast.com\/wordpress\/plugins\/seo\/ -->\n<title>Rautakelaatti DTPA Fe 7 % (CAS 85959-68-8) - Chemistry For Industry - Solvents &amp; Chemicals - Masterchem.ee<\/title>\n<meta name=\"description\" content=\"Rautakelaatti DTPA Fe 7% on rautakelaatti, jota voidaan k\u00e4ytt\u00e4\u00e4 varmistamaan hivenaineraudan saanti.\" \/>\n<meta name=\"robots\" content=\"index, follow, max-snippet:-1, max-image-preview:large, max-video-preview:-1\" \/>\n<link rel=\"canonical\" href=\"https:\/\/masterchem.ee\/fi\/tooted-ja-teenused\/rautakelaatti-dtpa-fe-7-cas-85959-68-8\/\" \/>\n<meta name=\"twitter:card\" content=\"summary_large_image\" \/>\n<meta name=\"twitter:title\" content=\"Rautakelaatti DTPA Fe 7 % (CAS 85959-68-8) - Chemistry For Industry - Solvents &amp; Chemicals - Masterchem.ee\" \/>\n<meta name=\"twitter:description\" content=\"Rautakelaatti DTPA Fe 7% on rautakelaatti, jota voidaan k\u00e4ytt\u00e4\u00e4 varmistamaan hivenaineraudan saanti.\" \/>\n<meta name=\"twitter:image\" content=\"https:\/\/masterchem.ee\/wp-content\/uploads\/2022\/04\/Raudkelaat-DTPA-Fe-7-25kg-MasterChem.jpg\" \/>\n<script type=\"application\/ld+json\" class=\"yoast-schema-graph\">{\"@context\":\"https:\/\/schema.org\",\"@graph\":[{\"@type\":\"WebPage\",\"@id\":\"https:\/\/masterchem.ee\/fi\/tooted-ja-teenused\/rautakelaatti-dtpa-fe-7-cas-85959-68-8\/\",\"url\":\"https:\/\/masterchem.ee\/fi\/tooted-ja-teenused\/rautakelaatti-dtpa-fe-7-cas-85959-68-8\/\",\"name\":\"Rautakelaatti DTPA Fe 7 % (CAS 85959-68-8) - Chemistry For Industry - Solvents &amp; Chemicals - Masterchem.ee\",\"isPartOf\":{\"@id\":\"https:\/\/masterchem.ee\/fi\/#website\"},\"primaryImageOfPage\":{\"@id\":\"https:\/\/masterchem.ee\/fi\/tooted-ja-teenused\/rautakelaatti-dtpa-fe-7-cas-85959-68-8\/#primaryimage\"},\"image\":{\"@id\":\"https:\/\/masterchem.ee\/fi\/tooted-ja-teenused\/rautakelaatti-dtpa-fe-7-cas-85959-68-8\/#primaryimage\"},\"thumbnailUrl\":\"https:\/\/masterchem.ee\/wp-content\/uploads\/2022\/04\/Raudkelaat-DTPA-Fe-7-25kg-MasterChem.jpg\",\"datePublished\":\"2022-04-08T11:49:55+00:00\",\"dateModified\":\"2022-04-08T11:57:25+00:00\",\"description\":\"Rautakelaatti DTPA Fe 7% on rautakelaatti, jota voidaan k\u00e4ytt\u00e4\u00e4 varmistamaan hivenaineraudan saanti.\",\"breadcrumb\":{\"@id\":\"https:\/\/masterchem.ee\/fi\/tooted-ja-teenused\/rautakelaatti-dtpa-fe-7-cas-85959-68-8\/#breadcrumb\"},\"inLanguage\":\"fi\",\"potentialAction\":[{\"@type\":\"ReadAction\",\"target\":[\"https:\/\/masterchem.ee\/fi\/tooted-ja-teenused\/rautakelaatti-dtpa-fe-7-cas-85959-68-8\/\"]}]},{\"@type\":\"ImageObject\",\"inLanguage\":\"fi\",\"@id\":\"https:\/\/masterchem.ee\/fi\/tooted-ja-teenused\/rautakelaatti-dtpa-fe-7-cas-85959-68-8\/#primaryimage\",\"url\":\"https:\/\/masterchem.ee\/wp-content\/uploads\/2022\/04\/Raudkelaat-DTPA-Fe-7-25kg-MasterChem.jpg\",\"contentUrl\":\"https:\/\/masterchem.ee\/wp-content\/uploads\/2022\/04\/Raudkelaat-DTPA-Fe-7-25kg-MasterChem.jpg\",\"width\":1000,\"height\":1000,\"caption\":\"Rautakelaatti DTPA Fe 7 % (CAS 85959-68-8) 25kg MasterChem\"},{\"@type\":\"BreadcrumbList\",\"@id\":\"https:\/\/masterchem.ee\/fi\/tooted-ja-teenused\/rautakelaatti-dtpa-fe-7-cas-85959-68-8\/#breadcrumb\",\"itemListElement\":[{\"@type\":\"ListItem\",\"position\":1,\"name\":\"Home\",\"item\":\"https:\/\/masterchem.ee\/fi\/\"},{\"@type\":\"ListItem\",\"position\":2,\"name\":\"Tooted ja teenused\",\"item\":\"https:\/\/masterchem.ee\/tooted-ja-teenused\/\"},{\"@type\":\"ListItem\",\"position\":3,\"name\":\"Rautakelaatti DTPA Fe 7 % (CAS 85959-68-8)\"}]},{\"@type\":\"WebSite\",\"@id\":\"https:\/\/masterchem.ee\/fi\/#website\",\"url\":\"https:\/\/masterchem.ee\/fi\/\",\"name\":\"Masterchem.ee\",\"description\":\"Chemistry For Industry - Solvents &amp; Chemicals\",\"publisher\":{\"@id\":\"https:\/\/masterchem.ee\/fi\/#organization\"},\"potentialAction\":[{\"@type\":\"SearchAction\",\"target\":{\"@type\":\"EntryPoint\",\"urlTemplate\":\"https:\/\/masterchem.ee\/fi\/?s={search_term_string}\"},\"query-input\":{\"@type\":\"PropertyValueSpecification\",\"valueRequired\":true,\"valueName\":\"search_term_string\"}}],\"inLanguage\":\"fi\"},{\"@type\":\"Organization\",\"@id\":\"https:\/\/masterchem.ee\/fi\/#organization\",\"name\":\"Masterchem\",\"url\":\"https:\/\/masterchem.ee\/fi\/\",\"logo\":{\"@type\":\"ImageObject\",\"inLanguage\":\"fi\",\"@id\":\"https:\/\/masterchem.ee\/fi\/#\/schema\/logo\/image\/\",\"url\":\"https:\/\/masterchem.ee\/wp-content\/uploads\/2018\/02\/master-chem_final-1.png\",\"contentUrl\":\"https:\/\/masterchem.ee\/wp-content\/uploads\/2018\/02\/master-chem_final-1.png\",\"width\":850,\"height\":356,\"caption\":\"Masterchem\"},\"image\":{\"@id\":\"https:\/\/masterchem.ee\/fi\/#\/schema\/logo\/image\/\"}}]}<\/script>\n<!-- \/ Yoast SEO plugin. -->","yoast_head_json":{"title":"Rautakelaatti DTPA Fe 7 % (CAS 85959-68-8) - Chemistry For Industry - Solvents &amp; Chemicals - Masterchem.ee","description":"Rautakelaatti DTPA Fe 7% on rautakelaatti, jota voidaan k\u00e4ytt\u00e4\u00e4 varmistamaan hivenaineraudan saanti.","robots":{"index":"index","follow":"follow","max-snippet":"max-snippet:-1","max-image-preview":"max-image-preview:large","max-video-preview":"max-video-preview:-1"},"canonical":"https:\/\/masterchem.ee\/fi\/tooted-ja-teenused\/rautakelaatti-dtpa-fe-7-cas-85959-68-8\/","twitter_card":"summary_large_image","twitter_title":"Rautakelaatti DTPA Fe 7 % (CAS 85959-68-8) - Chemistry For Industry - Solvents &amp; Chemicals - Masterchem.ee","twitter_description":"Rautakelaatti DTPA Fe 7% on rautakelaatti, jota voidaan k\u00e4ytt\u00e4\u00e4 varmistamaan hivenaineraudan saanti.","twitter_image":"https:\/\/masterchem.ee\/wp-content\/uploads\/2022\/04\/Raudkelaat-DTPA-Fe-7-25kg-MasterChem.jpg","schema":{"@context":"https:\/\/schema.org","@graph":[{"@type":"WebPage","@id":"https:\/\/masterchem.ee\/fi\/tooted-ja-teenused\/rautakelaatti-dtpa-fe-7-cas-85959-68-8\/","url":"https:\/\/masterchem.ee\/fi\/tooted-ja-teenused\/rautakelaatti-dtpa-fe-7-cas-85959-68-8\/","name":"Rautakelaatti DTPA Fe 7 % (CAS 85959-68-8) - Chemistry For Industry - Solvents &amp; Chemicals - Masterchem.ee","isPartOf":{"@id":"https:\/\/masterchem.ee\/fi\/#website"},"primaryImageOfPage":{"@id":"https:\/\/masterchem.ee\/fi\/tooted-ja-teenused\/rautakelaatti-dtpa-fe-7-cas-85959-68-8\/#primaryimage"},"image":{"@id":"https:\/\/masterchem.ee\/fi\/tooted-ja-teenused\/rautakelaatti-dtpa-fe-7-cas-85959-68-8\/#primaryimage"},"thumbnailUrl":"https:\/\/masterchem.ee\/wp-content\/uploads\/2022\/04\/Raudkelaat-DTPA-Fe-7-25kg-MasterChem.jpg","datePublished":"2022-04-08T11:49:55+00:00","dateModified":"2022-04-08T11:57:25+00:00","description":"Rautakelaatti DTPA Fe 7% on rautakelaatti, jota voidaan k\u00e4ytt\u00e4\u00e4 varmistamaan hivenaineraudan saanti.","breadcrumb":{"@id":"https:\/\/masterchem.ee\/fi\/tooted-ja-teenused\/rautakelaatti-dtpa-fe-7-cas-85959-68-8\/#breadcrumb"},"inLanguage":"fi","potentialAction":[{"@type":"ReadAction","target":["https:\/\/masterchem.ee\/fi\/tooted-ja-teenused\/rautakelaatti-dtpa-fe-7-cas-85959-68-8\/"]}]},{"@type":"ImageObject","inLanguage":"fi","@id":"https:\/\/masterchem.ee\/fi\/tooted-ja-teenused\/rautakelaatti-dtpa-fe-7-cas-85959-68-8\/#primaryimage","url":"https:\/\/masterchem.ee\/wp-content\/uploads\/2022\/04\/Raudkelaat-DTPA-Fe-7-25kg-MasterChem.jpg","contentUrl":"https:\/\/masterchem.ee\/wp-content\/uploads\/2022\/04\/Raudkelaat-DTPA-Fe-7-25kg-MasterChem.jpg","width":1000,"height":1000,"caption":"Rautakelaatti DTPA Fe 7 % (CAS 85959-68-8) 25kg MasterChem"},{"@type":"BreadcrumbList","@id":"https:\/\/masterchem.ee\/fi\/tooted-ja-teenused\/rautakelaatti-dtpa-fe-7-cas-85959-68-8\/#breadcrumb","itemListElement":[{"@type":"ListItem","position":1,"name":"Home","item":"https:\/\/masterchem.ee\/fi\/"},{"@type":"ListItem","position":2,"name":"Tooted ja teenused","item":"https:\/\/masterchem.ee\/tooted-ja-teenused\/"},{"@type":"ListItem","position":3,"name":"Rautakelaatti DTPA Fe 7 % (CAS 85959-68-8)"}]},{"@type":"WebSite","@id":"https:\/\/masterchem.ee\/fi\/#website","url":"https:\/\/masterchem.ee\/fi\/","name":"Masterchem.ee","description":"Chemistry For Industry - Solvents &amp; Chemicals","publisher":{"@id":"https:\/\/masterchem.ee\/fi\/#organization"},"potentialAction":[{"@type":"SearchAction","target":{"@type":"EntryPoint","urlTemplate":"https:\/\/masterchem.ee\/fi\/?s={search_term_string}"},"query-input":{"@type":"PropertyValueSpecification","valueRequired":true,"valueName":"search_term_string"}}],"inLanguage":"fi"},{"@type":"Organization","@id":"https:\/\/masterchem.ee\/fi\/#organization","name":"Masterchem","url":"https:\/\/masterchem.ee\/fi\/","logo":{"@type":"ImageObject","inLanguage":"fi","@id":"https:\/\/masterchem.ee\/fi\/#\/schema\/logo\/image\/","url":"https:\/\/masterchem.ee\/wp-content\/uploads\/2018\/02\/master-chem_final-1.png","contentUrl":"https:\/\/masterchem.ee\/wp-content\/uploads\/2018\/02\/master-chem_final-1.png","width":850,"height":356,"caption":"Masterchem"},"image":{"@id":"https:\/\/masterchem.ee\/fi\/#\/schema\/logo\/image\/"}}]}},"_links":{"self":[{"href":"https:\/\/masterchem.ee\/fi\/wp-json\/wp\/v2\/product\/19720","targetHints":{"allow":["GET"]}}],"collection":[{"href":"https:\/\/masterchem.ee\/fi\/wp-json\/wp\/v2\/product"}],"about":[{"href":"https:\/\/masterchem.ee\/fi\/wp-json\/wp\/v2\/types\/product"}],"wp:featuredmedia":[{"embeddable":true,"href":"https:\/\/masterchem.ee\/fi\/wp-json\/wp\/v2\/media\/19728"}],"wp:attachment":[{"href":"https:\/\/masterchem.ee\/fi\/wp-json\/wp\/v2\/media?parent=19720"}],"wp:term":[{"taxonomy":"product_brand","embeddable":true,"href":"https:\/\/masterchem.ee\/fi\/wp-json\/wp\/v2\/product_brand?post=19720"},{"taxonomy":"product_cat","embeddable":true,"href":"https:\/\/masterchem.ee\/fi\/wp-json\/wp\/v2\/product_cat?post=19720"},{"taxonomy":"product_tag","embeddable":true,"href":"https:\/\/masterchem.ee\/fi\/wp-json\/wp\/v2\/product_tag?post=19720"}],"curies":[{"name":"wp","href":"https:\/\/api.w.org\/{rel}","templated":true}]}}