{"id":19676,"date":"2022-04-08T10:50:29","date_gmt":"2022-04-08T10:50:35","guid":{"rendered":"https:\/\/masterchem.ee\/?post_type=product&#038;p=19676"},"modified":"2022-04-08T11:12:08","modified_gmt":"2022-04-08T11:12:08","slug":"rautakelaatti-edta-fe-13-cas-15708-41-5","status":"publish","type":"product","link":"https:\/\/masterchem.ee\/fi\/tooted-ja-teenused\/rautakelaatti-edta-fe-13-cas-15708-41-5\/","title":{"rendered":"Rautakelaatti EDTA Fe 13 % (CAS 15708-41-5)"},"content":{"rendered":"<p><strong>Info<\/strong><br \/>\nToimialat: lannoitteet, puutarhanhoito<br \/>\nCAS-numero: 15708-41-5<br \/>\nWE-numero: 239-802-2<br \/>\nKemiallinen kaava: C10H12FeN2O8\u2022Na<br \/>\nMolekyylimassa: 367,05 g\/mol<\/p>\n<p><strong>Muut fyysiset ominaisuudet<\/strong><br \/>\npH: 4,0 &#8211; 5,0 (1 % H2O)<br \/>\nSuhteellinen tiheys: 900 kg\/m3<br \/>\nLiukoisuus veteen: 90 g\/l<\/p>\n","protected":false},"excerpt":{"rendered":"<p><strong>Rautakelaatti EDTA Fe 13 % (CAS 15708-41-5)<\/strong><\/p>\n<p>Esittely: EDTA-rautanatriumsuola on EDTA:n (etyleenidiamiinitetraetikkahapon) ferrin natriumsuola. Se on laajakirjoinen nilvi\u00e4isten torjunta-aine, joka pystyy tappamaan etanoita ja etanoita sek\u00e4 suojelemaan viljelykasveja ja puutarhakasveja. Erityisesti se voi poistaa Cornu aspersumin, tavallisen puutarhaetanan, tartuntoja. Se vaikuttaa olemalla vuorovaikutuksessa hemosyaniinin kanssa ja tuhoamalla sen, kuparipohjaisen yhdisteen, joka on nilvi\u00e4isten ja ihmisjalkaisten veress\u00e4 ja joka kantaa happea (samanlainen rooli hemoglobiinin selk\u00e4rangattomien kanssa). Se pystyy tappamaan etanoita ja etanoita muutamassa p\u00e4iv\u00e4ss\u00e4. Sit\u00e4 voidaan k\u00e4ytt\u00e4\u00e4 my\u00f6s elintarvikkeiden vahvistajana ja raudan l\u00e4hteen\u00e4, jota voidaan t\u00e4ydent\u00e4\u00e4 ravitsemustarkoituksiin.<\/p>\n","protected":false},"featured_media":19684,"template":"","meta":[],"product_brand":[],"product_cat":[180,323,351],"product_tag":[],"class_list":{"0":"post-19676","1":"product","2":"type-product","3":"status-publish","4":"has-post-thumbnail","6":"product_cat-uncategorized-fi-2","7":"product_cat-lannoitteet","8":"product_cat-puutarhanhoito","10":"first","11":"instock","12":"taxable","13":"shipping-taxable","14":"purchasable","15":"product-type-variable","16":"has-default-attributes"},"yoast_head":"<!-- This site is optimized with the Yoast SEO plugin v26.2 - https:\/\/yoast.com\/wordpress\/plugins\/seo\/ -->\n<title>Rautakelaatti EDTA Fe 13 % (CAS 15708-41-5) - Chemistry For Industry - Solvents &amp; Chemicals - Masterchem.ee<\/title>\n<meta name=\"description\" content=\"Esittely: EDTA-rautanatriumsuola on EDTA:n (etyleenidiamiinitetraetikkahapon) ferrin natriumsuola.\" \/>\n<meta name=\"robots\" content=\"index, follow, max-snippet:-1, max-image-preview:large, max-video-preview:-1\" \/>\n<link rel=\"canonical\" href=\"https:\/\/masterchem.ee\/fi\/tooted-ja-teenused\/rautakelaatti-edta-fe-13-cas-15708-41-5\/\" \/>\n<meta name=\"twitter:card\" content=\"summary_large_image\" \/>\n<meta name=\"twitter:title\" content=\"Rautakelaatti EDTA Fe 13 % (CAS 15708-41-5) - Chemistry For Industry - Solvents &amp; Chemicals - Masterchem.ee\" \/>\n<meta name=\"twitter:description\" content=\"Esittely: EDTA-rautanatriumsuola on EDTA:n (etyleenidiamiinitetraetikkahapon) ferrin natriumsuola.\" \/>\n<meta name=\"twitter:image\" content=\"https:\/\/masterchem.ee\/wp-content\/uploads\/2022\/04\/Raudkelaat-EDTA-Fe-13-25kg-MasterChem.jpg\" \/>\n<script type=\"application\/ld+json\" class=\"yoast-schema-graph\">{\"@context\":\"https:\/\/schema.org\",\"@graph\":[{\"@type\":\"WebPage\",\"@id\":\"https:\/\/masterchem.ee\/fi\/tooted-ja-teenused\/rautakelaatti-edta-fe-13-cas-15708-41-5\/\",\"url\":\"https:\/\/masterchem.ee\/fi\/tooted-ja-teenused\/rautakelaatti-edta-fe-13-cas-15708-41-5\/\",\"name\":\"Rautakelaatti EDTA Fe 13 % (CAS 15708-41-5) - Chemistry For Industry - Solvents &amp; Chemicals - Masterchem.ee\",\"isPartOf\":{\"@id\":\"https:\/\/masterchem.ee\/fi\/#website\"},\"primaryImageOfPage\":{\"@id\":\"https:\/\/masterchem.ee\/fi\/tooted-ja-teenused\/rautakelaatti-edta-fe-13-cas-15708-41-5\/#primaryimage\"},\"image\":{\"@id\":\"https:\/\/masterchem.ee\/fi\/tooted-ja-teenused\/rautakelaatti-edta-fe-13-cas-15708-41-5\/#primaryimage\"},\"thumbnailUrl\":\"https:\/\/masterchem.ee\/wp-content\/uploads\/2022\/04\/Raudkelaat-EDTA-Fe-13-25kg-MasterChem.jpg\",\"datePublished\":\"2022-04-08T10:50:35+00:00\",\"dateModified\":\"2022-04-08T11:12:08+00:00\",\"description\":\"Esittely: EDTA-rautanatriumsuola on EDTA:n (etyleenidiamiinitetraetikkahapon) ferrin natriumsuola.\",\"breadcrumb\":{\"@id\":\"https:\/\/masterchem.ee\/fi\/tooted-ja-teenused\/rautakelaatti-edta-fe-13-cas-15708-41-5\/#breadcrumb\"},\"inLanguage\":\"fi\",\"potentialAction\":[{\"@type\":\"ReadAction\",\"target\":[\"https:\/\/masterchem.ee\/fi\/tooted-ja-teenused\/rautakelaatti-edta-fe-13-cas-15708-41-5\/\"]}]},{\"@type\":\"ImageObject\",\"inLanguage\":\"fi\",\"@id\":\"https:\/\/masterchem.ee\/fi\/tooted-ja-teenused\/rautakelaatti-edta-fe-13-cas-15708-41-5\/#primaryimage\",\"url\":\"https:\/\/masterchem.ee\/wp-content\/uploads\/2022\/04\/Raudkelaat-EDTA-Fe-13-25kg-MasterChem.jpg\",\"contentUrl\":\"https:\/\/masterchem.ee\/wp-content\/uploads\/2022\/04\/Raudkelaat-EDTA-Fe-13-25kg-MasterChem.jpg\",\"width\":1000,\"height\":1000,\"caption\":\"Rautakelaatti EDTA Fe 13 % (CAS 15708-41-5) 25kg MasterChem\"},{\"@type\":\"BreadcrumbList\",\"@id\":\"https:\/\/masterchem.ee\/fi\/tooted-ja-teenused\/rautakelaatti-edta-fe-13-cas-15708-41-5\/#breadcrumb\",\"itemListElement\":[{\"@type\":\"ListItem\",\"position\":1,\"name\":\"Home\",\"item\":\"https:\/\/masterchem.ee\/fi\/\"},{\"@type\":\"ListItem\",\"position\":2,\"name\":\"Tooted ja teenused\",\"item\":\"https:\/\/masterchem.ee\/tooted-ja-teenused\/\"},{\"@type\":\"ListItem\",\"position\":3,\"name\":\"Rautakelaatti EDTA Fe 13 % (CAS 15708-41-5)\"}]},{\"@type\":\"WebSite\",\"@id\":\"https:\/\/masterchem.ee\/fi\/#website\",\"url\":\"https:\/\/masterchem.ee\/fi\/\",\"name\":\"Masterchem.ee\",\"description\":\"Chemistry For Industry - Solvents &amp; Chemicals\",\"publisher\":{\"@id\":\"https:\/\/masterchem.ee\/fi\/#organization\"},\"potentialAction\":[{\"@type\":\"SearchAction\",\"target\":{\"@type\":\"EntryPoint\",\"urlTemplate\":\"https:\/\/masterchem.ee\/fi\/?s={search_term_string}\"},\"query-input\":{\"@type\":\"PropertyValueSpecification\",\"valueRequired\":true,\"valueName\":\"search_term_string\"}}],\"inLanguage\":\"fi\"},{\"@type\":\"Organization\",\"@id\":\"https:\/\/masterchem.ee\/fi\/#organization\",\"name\":\"Masterchem\",\"url\":\"https:\/\/masterchem.ee\/fi\/\",\"logo\":{\"@type\":\"ImageObject\",\"inLanguage\":\"fi\",\"@id\":\"https:\/\/masterchem.ee\/fi\/#\/schema\/logo\/image\/\",\"url\":\"https:\/\/masterchem.ee\/wp-content\/uploads\/2018\/02\/master-chem_final-1.png\",\"contentUrl\":\"https:\/\/masterchem.ee\/wp-content\/uploads\/2018\/02\/master-chem_final-1.png\",\"width\":850,\"height\":356,\"caption\":\"Masterchem\"},\"image\":{\"@id\":\"https:\/\/masterchem.ee\/fi\/#\/schema\/logo\/image\/\"}}]}<\/script>\n<!-- \/ Yoast SEO plugin. -->","yoast_head_json":{"title":"Rautakelaatti EDTA Fe 13 % (CAS 15708-41-5) - Chemistry For Industry - Solvents &amp; Chemicals - Masterchem.ee","description":"Esittely: EDTA-rautanatriumsuola on EDTA:n (etyleenidiamiinitetraetikkahapon) ferrin natriumsuola.","robots":{"index":"index","follow":"follow","max-snippet":"max-snippet:-1","max-image-preview":"max-image-preview:large","max-video-preview":"max-video-preview:-1"},"canonical":"https:\/\/masterchem.ee\/fi\/tooted-ja-teenused\/rautakelaatti-edta-fe-13-cas-15708-41-5\/","twitter_card":"summary_large_image","twitter_title":"Rautakelaatti EDTA Fe 13 % (CAS 15708-41-5) - Chemistry For Industry - Solvents &amp; Chemicals - Masterchem.ee","twitter_description":"Esittely: EDTA-rautanatriumsuola on EDTA:n (etyleenidiamiinitetraetikkahapon) ferrin natriumsuola.","twitter_image":"https:\/\/masterchem.ee\/wp-content\/uploads\/2022\/04\/Raudkelaat-EDTA-Fe-13-25kg-MasterChem.jpg","schema":{"@context":"https:\/\/schema.org","@graph":[{"@type":"WebPage","@id":"https:\/\/masterchem.ee\/fi\/tooted-ja-teenused\/rautakelaatti-edta-fe-13-cas-15708-41-5\/","url":"https:\/\/masterchem.ee\/fi\/tooted-ja-teenused\/rautakelaatti-edta-fe-13-cas-15708-41-5\/","name":"Rautakelaatti EDTA Fe 13 % (CAS 15708-41-5) - Chemistry For Industry - Solvents &amp; Chemicals - Masterchem.ee","isPartOf":{"@id":"https:\/\/masterchem.ee\/fi\/#website"},"primaryImageOfPage":{"@id":"https:\/\/masterchem.ee\/fi\/tooted-ja-teenused\/rautakelaatti-edta-fe-13-cas-15708-41-5\/#primaryimage"},"image":{"@id":"https:\/\/masterchem.ee\/fi\/tooted-ja-teenused\/rautakelaatti-edta-fe-13-cas-15708-41-5\/#primaryimage"},"thumbnailUrl":"https:\/\/masterchem.ee\/wp-content\/uploads\/2022\/04\/Raudkelaat-EDTA-Fe-13-25kg-MasterChem.jpg","datePublished":"2022-04-08T10:50:35+00:00","dateModified":"2022-04-08T11:12:08+00:00","description":"Esittely: EDTA-rautanatriumsuola on EDTA:n (etyleenidiamiinitetraetikkahapon) ferrin natriumsuola.","breadcrumb":{"@id":"https:\/\/masterchem.ee\/fi\/tooted-ja-teenused\/rautakelaatti-edta-fe-13-cas-15708-41-5\/#breadcrumb"},"inLanguage":"fi","potentialAction":[{"@type":"ReadAction","target":["https:\/\/masterchem.ee\/fi\/tooted-ja-teenused\/rautakelaatti-edta-fe-13-cas-15708-41-5\/"]}]},{"@type":"ImageObject","inLanguage":"fi","@id":"https:\/\/masterchem.ee\/fi\/tooted-ja-teenused\/rautakelaatti-edta-fe-13-cas-15708-41-5\/#primaryimage","url":"https:\/\/masterchem.ee\/wp-content\/uploads\/2022\/04\/Raudkelaat-EDTA-Fe-13-25kg-MasterChem.jpg","contentUrl":"https:\/\/masterchem.ee\/wp-content\/uploads\/2022\/04\/Raudkelaat-EDTA-Fe-13-25kg-MasterChem.jpg","width":1000,"height":1000,"caption":"Rautakelaatti EDTA Fe 13 % (CAS 15708-41-5) 25kg MasterChem"},{"@type":"BreadcrumbList","@id":"https:\/\/masterchem.ee\/fi\/tooted-ja-teenused\/rautakelaatti-edta-fe-13-cas-15708-41-5\/#breadcrumb","itemListElement":[{"@type":"ListItem","position":1,"name":"Home","item":"https:\/\/masterchem.ee\/fi\/"},{"@type":"ListItem","position":2,"name":"Tooted ja teenused","item":"https:\/\/masterchem.ee\/tooted-ja-teenused\/"},{"@type":"ListItem","position":3,"name":"Rautakelaatti EDTA Fe 13 % (CAS 15708-41-5)"}]},{"@type":"WebSite","@id":"https:\/\/masterchem.ee\/fi\/#website","url":"https:\/\/masterchem.ee\/fi\/","name":"Masterchem.ee","description":"Chemistry For Industry - Solvents &amp; Chemicals","publisher":{"@id":"https:\/\/masterchem.ee\/fi\/#organization"},"potentialAction":[{"@type":"SearchAction","target":{"@type":"EntryPoint","urlTemplate":"https:\/\/masterchem.ee\/fi\/?s={search_term_string}"},"query-input":{"@type":"PropertyValueSpecification","valueRequired":true,"valueName":"search_term_string"}}],"inLanguage":"fi"},{"@type":"Organization","@id":"https:\/\/masterchem.ee\/fi\/#organization","name":"Masterchem","url":"https:\/\/masterchem.ee\/fi\/","logo":{"@type":"ImageObject","inLanguage":"fi","@id":"https:\/\/masterchem.ee\/fi\/#\/schema\/logo\/image\/","url":"https:\/\/masterchem.ee\/wp-content\/uploads\/2018\/02\/master-chem_final-1.png","contentUrl":"https:\/\/masterchem.ee\/wp-content\/uploads\/2018\/02\/master-chem_final-1.png","width":850,"height":356,"caption":"Masterchem"},"image":{"@id":"https:\/\/masterchem.ee\/fi\/#\/schema\/logo\/image\/"}}]}},"_links":{"self":[{"href":"https:\/\/masterchem.ee\/fi\/wp-json\/wp\/v2\/product\/19676","targetHints":{"allow":["GET"]}}],"collection":[{"href":"https:\/\/masterchem.ee\/fi\/wp-json\/wp\/v2\/product"}],"about":[{"href":"https:\/\/masterchem.ee\/fi\/wp-json\/wp\/v2\/types\/product"}],"wp:featuredmedia":[{"embeddable":true,"href":"https:\/\/masterchem.ee\/fi\/wp-json\/wp\/v2\/media\/19684"}],"wp:attachment":[{"href":"https:\/\/masterchem.ee\/fi\/wp-json\/wp\/v2\/media?parent=19676"}],"wp:term":[{"taxonomy":"product_brand","embeddable":true,"href":"https:\/\/masterchem.ee\/fi\/wp-json\/wp\/v2\/product_brand?post=19676"},{"taxonomy":"product_cat","embeddable":true,"href":"https:\/\/masterchem.ee\/fi\/wp-json\/wp\/v2\/product_cat?post=19676"},{"taxonomy":"product_tag","embeddable":true,"href":"https:\/\/masterchem.ee\/fi\/wp-json\/wp\/v2\/product_tag?post=19676"}],"curies":[{"name":"wp","href":"https:\/\/api.w.org\/{rel}","templated":true}]}}