{"id":19653,"date":"2022-04-08T10:21:54","date_gmt":"2022-04-08T10:22:00","guid":{"rendered":"https:\/\/masterchem.ee\/?post_type=product&#038;p=19653"},"modified":"2022-04-08T10:29:54","modified_gmt":"2022-04-08T10:29:54","slug":"ureafosfaatti-cas-4861-19-2","status":"publish","type":"product","link":"https:\/\/masterchem.ee\/fi\/tooted-ja-teenused\/ureafosfaatti-cas-4861-19-2\/","title":{"rendered":"Ureafosfaatti (CAS 4861-19-2)"},"content":{"rendered":"<p><strong>Info<\/strong><br \/>\nToimialat: Lannoitteet, liimat, \u00f6ljyt, rasvat<br \/>\nCAS-numero: 4861-19-2<br \/>\nWE-numero: 225-464-3<br \/>\nKemiallinen kaava: CH4N2O\u00b7H3O4P<br \/>\nMolekyylimassa: 158,05 g\/mol<br \/>\nTullitariffikoodi: 29241900<br \/>\nADR: UN1759<\/p>\n<p><strong>Muut fyysiset ominaisuudet<\/strong><br \/>\npH: ~ 1,2 (10 g\/l H2O w 20\u00b0C)<br \/>\nSulamis-\/j\u00e4\u00e4tymispiste: ~117,3\u00b0C<br \/>\nSuhteellinen tiheys: 1 759 g\/cm3 (21 \u00b0C)<br \/>\nLiukoisuus veteen: 960 g\/l (20\u00b0C)<\/p>\n","protected":false},"excerpt":{"rendered":"<p><strong>Ureafosfaatti (CAS 4861-19-2)<\/strong><\/p>\n<p>Ureafosfaatti on lannoite, jonka NPK-kaava on 17-44-0. Se liukenee veteen ja muodostaa vahvasti happaman liuoksen. Ureafosfaattia lis\u00e4t\u00e4\u00e4n joskus seoksiin, jotka sis\u00e4lt\u00e4v\u00e4t kalsiumnitraattia, magnesiumnitraattia ja kaliumnitraattia vesiliukoisten kaavojen, kuten 15-5-15 ja 13-2-20, tuottamiseksi. Ureafosfaatin happamuus mahdollistaa Ca:n, Mg:n ja P:n rinnakkaiselon liuoksessa. V\u00e4hemm\u00e4n happamissa olosuhteissa Ca-Mg-fosfaattien saostuminen tapahtuisi. Ureafosfaattia k\u00e4ytet\u00e4\u00e4n usein tippakastelussa putkij\u00e4rjestelmien puhdistamiseen.<\/p>\n<p>Kemiallisesti ureafosfaattiyhdiste koostuu ekvimolaarisesta urean ja fosforihapon seoksesta, joka kiteytyy yhdess\u00e4 ja hajoaa vapaasti veteen liukeneessaan. Sit\u00e4 on saatavana lannoitemyyntipusseissa, joiden pakkauksessa on UP-merkki.<\/p>\n","protected":false},"featured_media":19661,"template":"","meta":[],"product_brand":[],"product_cat":[180,323],"product_tag":[],"class_list":{"0":"post-19653","1":"product","2":"type-product","3":"status-publish","4":"has-post-thumbnail","6":"product_cat-uncategorized-fi-2","7":"product_cat-lannoitteet","9":"first","10":"instock","11":"taxable","12":"shipping-taxable","13":"purchasable","14":"product-type-variable","15":"has-default-attributes"},"yoast_head":"<!-- This site is optimized with the Yoast SEO plugin v26.2 - https:\/\/yoast.com\/wordpress\/plugins\/seo\/ -->\n<title>Ureafosfaatti (CAS 4861-19-2) - Chemistry For Industry - Solvents &amp; Chemicals - Masterchem.ee<\/title>\n<meta name=\"description\" content=\"Ureafosfaatti on lannoite, jonka NPK-kaava on 17-44-0. Se liukenee veteen ja muodostaa vahvasti happaman liuoksen.\" \/>\n<meta name=\"robots\" content=\"index, follow, max-snippet:-1, max-image-preview:large, max-video-preview:-1\" \/>\n<link rel=\"canonical\" href=\"https:\/\/masterchem.ee\/fi\/tooted-ja-teenused\/ureafosfaatti-cas-4861-19-2\/\" \/>\n<meta name=\"twitter:card\" content=\"summary_large_image\" \/>\n<meta name=\"twitter:title\" content=\"Ureafosfaatti (CAS 4861-19-2) - Chemistry For Industry - Solvents &amp; Chemicals - Masterchem.ee\" \/>\n<meta name=\"twitter:description\" content=\"Ureafosfaatti on lannoite, jonka NPK-kaava on 17-44-0. Se liukenee veteen ja muodostaa vahvasti happaman liuoksen.\" \/>\n<meta name=\"twitter:image\" content=\"https:\/\/masterchem.ee\/wp-content\/uploads\/2022\/04\/Uurea-fosfaat-25kg-MasterChem.jpg\" \/>\n<script type=\"application\/ld+json\" class=\"yoast-schema-graph\">{\"@context\":\"https:\/\/schema.org\",\"@graph\":[{\"@type\":\"WebPage\",\"@id\":\"https:\/\/masterchem.ee\/fi\/tooted-ja-teenused\/ureafosfaatti-cas-4861-19-2\/\",\"url\":\"https:\/\/masterchem.ee\/fi\/tooted-ja-teenused\/ureafosfaatti-cas-4861-19-2\/\",\"name\":\"Ureafosfaatti (CAS 4861-19-2) - Chemistry For Industry - Solvents &amp; Chemicals - Masterchem.ee\",\"isPartOf\":{\"@id\":\"https:\/\/masterchem.ee\/fi\/#website\"},\"primaryImageOfPage\":{\"@id\":\"https:\/\/masterchem.ee\/fi\/tooted-ja-teenused\/ureafosfaatti-cas-4861-19-2\/#primaryimage\"},\"image\":{\"@id\":\"https:\/\/masterchem.ee\/fi\/tooted-ja-teenused\/ureafosfaatti-cas-4861-19-2\/#primaryimage\"},\"thumbnailUrl\":\"https:\/\/masterchem.ee\/wp-content\/uploads\/2022\/04\/Uurea-fosfaat-25kg-MasterChem.jpg\",\"datePublished\":\"2022-04-08T10:22:00+00:00\",\"dateModified\":\"2022-04-08T10:29:54+00:00\",\"description\":\"Ureafosfaatti on lannoite, jonka NPK-kaava on 17-44-0. Se liukenee veteen ja muodostaa vahvasti happaman liuoksen.\",\"breadcrumb\":{\"@id\":\"https:\/\/masterchem.ee\/fi\/tooted-ja-teenused\/ureafosfaatti-cas-4861-19-2\/#breadcrumb\"},\"inLanguage\":\"fi\",\"potentialAction\":[{\"@type\":\"ReadAction\",\"target\":[\"https:\/\/masterchem.ee\/fi\/tooted-ja-teenused\/ureafosfaatti-cas-4861-19-2\/\"]}]},{\"@type\":\"ImageObject\",\"inLanguage\":\"fi\",\"@id\":\"https:\/\/masterchem.ee\/fi\/tooted-ja-teenused\/ureafosfaatti-cas-4861-19-2\/#primaryimage\",\"url\":\"https:\/\/masterchem.ee\/wp-content\/uploads\/2022\/04\/Uurea-fosfaat-25kg-MasterChem.jpg\",\"contentUrl\":\"https:\/\/masterchem.ee\/wp-content\/uploads\/2022\/04\/Uurea-fosfaat-25kg-MasterChem.jpg\",\"width\":1000,\"height\":1000,\"caption\":\"Ureafosfaatti (CAS 4861-19-2) 25kg MasterChem\"},{\"@type\":\"BreadcrumbList\",\"@id\":\"https:\/\/masterchem.ee\/fi\/tooted-ja-teenused\/ureafosfaatti-cas-4861-19-2\/#breadcrumb\",\"itemListElement\":[{\"@type\":\"ListItem\",\"position\":1,\"name\":\"Home\",\"item\":\"https:\/\/masterchem.ee\/fi\/\"},{\"@type\":\"ListItem\",\"position\":2,\"name\":\"Tooted ja teenused\",\"item\":\"https:\/\/masterchem.ee\/tooted-ja-teenused\/\"},{\"@type\":\"ListItem\",\"position\":3,\"name\":\"Ureafosfaatti (CAS 4861-19-2)\"}]},{\"@type\":\"WebSite\",\"@id\":\"https:\/\/masterchem.ee\/fi\/#website\",\"url\":\"https:\/\/masterchem.ee\/fi\/\",\"name\":\"Masterchem.ee\",\"description\":\"Chemistry For Industry - Solvents &amp; Chemicals\",\"publisher\":{\"@id\":\"https:\/\/masterchem.ee\/fi\/#organization\"},\"potentialAction\":[{\"@type\":\"SearchAction\",\"target\":{\"@type\":\"EntryPoint\",\"urlTemplate\":\"https:\/\/masterchem.ee\/fi\/?s={search_term_string}\"},\"query-input\":{\"@type\":\"PropertyValueSpecification\",\"valueRequired\":true,\"valueName\":\"search_term_string\"}}],\"inLanguage\":\"fi\"},{\"@type\":\"Organization\",\"@id\":\"https:\/\/masterchem.ee\/fi\/#organization\",\"name\":\"Masterchem\",\"url\":\"https:\/\/masterchem.ee\/fi\/\",\"logo\":{\"@type\":\"ImageObject\",\"inLanguage\":\"fi\",\"@id\":\"https:\/\/masterchem.ee\/fi\/#\/schema\/logo\/image\/\",\"url\":\"https:\/\/masterchem.ee\/wp-content\/uploads\/2018\/02\/master-chem_final-1.png\",\"contentUrl\":\"https:\/\/masterchem.ee\/wp-content\/uploads\/2018\/02\/master-chem_final-1.png\",\"width\":850,\"height\":356,\"caption\":\"Masterchem\"},\"image\":{\"@id\":\"https:\/\/masterchem.ee\/fi\/#\/schema\/logo\/image\/\"}}]}<\/script>\n<!-- \/ Yoast SEO plugin. -->","yoast_head_json":{"title":"Ureafosfaatti (CAS 4861-19-2) - Chemistry For Industry - Solvents &amp; Chemicals - Masterchem.ee","description":"Ureafosfaatti on lannoite, jonka NPK-kaava on 17-44-0. Se liukenee veteen ja muodostaa vahvasti happaman liuoksen.","robots":{"index":"index","follow":"follow","max-snippet":"max-snippet:-1","max-image-preview":"max-image-preview:large","max-video-preview":"max-video-preview:-1"},"canonical":"https:\/\/masterchem.ee\/fi\/tooted-ja-teenused\/ureafosfaatti-cas-4861-19-2\/","twitter_card":"summary_large_image","twitter_title":"Ureafosfaatti (CAS 4861-19-2) - Chemistry For Industry - Solvents &amp; Chemicals - Masterchem.ee","twitter_description":"Ureafosfaatti on lannoite, jonka NPK-kaava on 17-44-0. Se liukenee veteen ja muodostaa vahvasti happaman liuoksen.","twitter_image":"https:\/\/masterchem.ee\/wp-content\/uploads\/2022\/04\/Uurea-fosfaat-25kg-MasterChem.jpg","schema":{"@context":"https:\/\/schema.org","@graph":[{"@type":"WebPage","@id":"https:\/\/masterchem.ee\/fi\/tooted-ja-teenused\/ureafosfaatti-cas-4861-19-2\/","url":"https:\/\/masterchem.ee\/fi\/tooted-ja-teenused\/ureafosfaatti-cas-4861-19-2\/","name":"Ureafosfaatti (CAS 4861-19-2) - Chemistry For Industry - Solvents &amp; Chemicals - Masterchem.ee","isPartOf":{"@id":"https:\/\/masterchem.ee\/fi\/#website"},"primaryImageOfPage":{"@id":"https:\/\/masterchem.ee\/fi\/tooted-ja-teenused\/ureafosfaatti-cas-4861-19-2\/#primaryimage"},"image":{"@id":"https:\/\/masterchem.ee\/fi\/tooted-ja-teenused\/ureafosfaatti-cas-4861-19-2\/#primaryimage"},"thumbnailUrl":"https:\/\/masterchem.ee\/wp-content\/uploads\/2022\/04\/Uurea-fosfaat-25kg-MasterChem.jpg","datePublished":"2022-04-08T10:22:00+00:00","dateModified":"2022-04-08T10:29:54+00:00","description":"Ureafosfaatti on lannoite, jonka NPK-kaava on 17-44-0. Se liukenee veteen ja muodostaa vahvasti happaman liuoksen.","breadcrumb":{"@id":"https:\/\/masterchem.ee\/fi\/tooted-ja-teenused\/ureafosfaatti-cas-4861-19-2\/#breadcrumb"},"inLanguage":"fi","potentialAction":[{"@type":"ReadAction","target":["https:\/\/masterchem.ee\/fi\/tooted-ja-teenused\/ureafosfaatti-cas-4861-19-2\/"]}]},{"@type":"ImageObject","inLanguage":"fi","@id":"https:\/\/masterchem.ee\/fi\/tooted-ja-teenused\/ureafosfaatti-cas-4861-19-2\/#primaryimage","url":"https:\/\/masterchem.ee\/wp-content\/uploads\/2022\/04\/Uurea-fosfaat-25kg-MasterChem.jpg","contentUrl":"https:\/\/masterchem.ee\/wp-content\/uploads\/2022\/04\/Uurea-fosfaat-25kg-MasterChem.jpg","width":1000,"height":1000,"caption":"Ureafosfaatti (CAS 4861-19-2) 25kg MasterChem"},{"@type":"BreadcrumbList","@id":"https:\/\/masterchem.ee\/fi\/tooted-ja-teenused\/ureafosfaatti-cas-4861-19-2\/#breadcrumb","itemListElement":[{"@type":"ListItem","position":1,"name":"Home","item":"https:\/\/masterchem.ee\/fi\/"},{"@type":"ListItem","position":2,"name":"Tooted ja teenused","item":"https:\/\/masterchem.ee\/tooted-ja-teenused\/"},{"@type":"ListItem","position":3,"name":"Ureafosfaatti (CAS 4861-19-2)"}]},{"@type":"WebSite","@id":"https:\/\/masterchem.ee\/fi\/#website","url":"https:\/\/masterchem.ee\/fi\/","name":"Masterchem.ee","description":"Chemistry For Industry - Solvents &amp; Chemicals","publisher":{"@id":"https:\/\/masterchem.ee\/fi\/#organization"},"potentialAction":[{"@type":"SearchAction","target":{"@type":"EntryPoint","urlTemplate":"https:\/\/masterchem.ee\/fi\/?s={search_term_string}"},"query-input":{"@type":"PropertyValueSpecification","valueRequired":true,"valueName":"search_term_string"}}],"inLanguage":"fi"},{"@type":"Organization","@id":"https:\/\/masterchem.ee\/fi\/#organization","name":"Masterchem","url":"https:\/\/masterchem.ee\/fi\/","logo":{"@type":"ImageObject","inLanguage":"fi","@id":"https:\/\/masterchem.ee\/fi\/#\/schema\/logo\/image\/","url":"https:\/\/masterchem.ee\/wp-content\/uploads\/2018\/02\/master-chem_final-1.png","contentUrl":"https:\/\/masterchem.ee\/wp-content\/uploads\/2018\/02\/master-chem_final-1.png","width":850,"height":356,"caption":"Masterchem"},"image":{"@id":"https:\/\/masterchem.ee\/fi\/#\/schema\/logo\/image\/"}}]}},"_links":{"self":[{"href":"https:\/\/masterchem.ee\/fi\/wp-json\/wp\/v2\/product\/19653","targetHints":{"allow":["GET"]}}],"collection":[{"href":"https:\/\/masterchem.ee\/fi\/wp-json\/wp\/v2\/product"}],"about":[{"href":"https:\/\/masterchem.ee\/fi\/wp-json\/wp\/v2\/types\/product"}],"wp:featuredmedia":[{"embeddable":true,"href":"https:\/\/masterchem.ee\/fi\/wp-json\/wp\/v2\/media\/19661"}],"wp:attachment":[{"href":"https:\/\/masterchem.ee\/fi\/wp-json\/wp\/v2\/media?parent=19653"}],"wp:term":[{"taxonomy":"product_brand","embeddable":true,"href":"https:\/\/masterchem.ee\/fi\/wp-json\/wp\/v2\/product_brand?post=19653"},{"taxonomy":"product_cat","embeddable":true,"href":"https:\/\/masterchem.ee\/fi\/wp-json\/wp\/v2\/product_cat?post=19653"},{"taxonomy":"product_tag","embeddable":true,"href":"https:\/\/masterchem.ee\/fi\/wp-json\/wp\/v2\/product_tag?post=19653"}],"curies":[{"name":"wp","href":"https:\/\/api.w.org\/{rel}","templated":true}]}}