{"id":19631,"date":"2022-04-08T09:57:39","date_gmt":"2022-04-08T09:57:46","guid":{"rendered":"https:\/\/masterchem.ee\/?post_type=product&#038;p=19631"},"modified":"2022-04-08T10:08:34","modified_gmt":"2022-04-08T10:08:34","slug":"ammoniummolybdaatti-cas-12054-85-2","status":"publish","type":"product","link":"https:\/\/masterchem.ee\/fi\/tooted-ja-teenused\/ammoniummolybdaatti-cas-12054-85-2\/","title":{"rendered":"Ammoniummolybdaatti (CAS 12054-85-2)"},"content":{"rendered":"<p><strong>Info<\/strong><br \/>\nToimialat: lannoitteet, puutarhanhoito<br \/>\nCAS-numero: 12054-85-2<br \/>\nWE-numero: 601-720-3<br \/>\nKemiallinen kaava: (NH4)6Mo7O24 \u00b74H2O<br \/>\nMolekyylimassa: 1235,86 g\/mol<br \/>\nTullitariffikoodi: 28417000<\/p>\n<p><strong>Muut fyysiset ominaisuudet<\/strong><br \/>\npH: ~5,3 (50g\/l H2O w 20\u00b0C)<br \/>\nSulamis-\/j\u00e4\u00e4tymispiste: 90\u00b0C<br \/>\nSuhteellinen tiheys: 2 498 g\/cm3<br \/>\nLiukoisuus veteen: 400 g\/l (20\u00b0C)<\/p>\n","protected":false},"excerpt":{"rendered":"<p><strong>Ammoniummolybdaatti (CAS 12054-85-2)<\/strong><\/p>\n<p>Ammoniummolybdaattitetrahydraatti (tunnetaan my\u00f6s nimell\u00e4 ammoniumheptamolybdaatti, kemiallinen kaava: (NH4)6Mo7O24)), joka n\u00e4kyy v\u00e4ritt\u00f6m\u00e4n\u00e4 kiinte\u00e4n\u00e4 aineena. Se voidaan valmistaa liuottamalla molybdeenitrioksidi ylim\u00e4\u00e4r\u00e4\u00e4n vesipitoista ammoniakkia ja haihduttamalla liuos huoneenl\u00e4mp\u00f6tilassa. Siin\u00e4 on monia sovelluksia, mm. analyyttisen\u00e4 reagenssina fosfaatti-, silikaatti-, arsenaatti- ja lyijypitoisuuden mittaamiseen; molybdeenimetallin ja keramiikan tuotantoon; dehydraus- ja rikinpoistokatalyyttien tuotantoon; metallien kiinnitykseen; galvanointiin; t\u00e4ydent\u00e4\u00e4 sadon lannoite; negatiivisena tahrana biologisessa elektronimikroskopiassa; kipul\u00e4\u00e4ke l\u00e4\u00e4ketieteen aloilla.<\/p>\n","protected":false},"featured_media":19639,"template":"","meta":[],"product_brand":[],"product_cat":[180,323,351],"product_tag":[],"class_list":{"0":"post-19631","1":"product","2":"type-product","3":"status-publish","4":"has-post-thumbnail","6":"product_cat-uncategorized-fi-2","7":"product_cat-lannoitteet","8":"product_cat-puutarhanhoito","10":"first","11":"instock","12":"taxable","13":"shipping-taxable","14":"purchasable","15":"product-type-variable","16":"has-default-attributes"},"yoast_head":"<!-- This site is optimized with the Yoast SEO plugin v26.2 - https:\/\/yoast.com\/wordpress\/plugins\/seo\/ -->\n<title>Ammoniummolybdaatti (CAS 12054-85-2) - Chemistry For Industry - Solvents &amp; Chemicals - Masterchem.ee<\/title>\n<meta name=\"description\" content=\"Ammoniummolybdaattitetrahydraatti (tunnetaan my\u00f6s nimell\u00e4 ammoniumheptamolybdaatti, kemiallinen kaava: (NH4)6Mo7O24)), joka n\u00e4kyy v\u00e4ritt\u00f6m\u00e4n\u00e4 kiinte\u00e4n\u00e4 aineena.\" \/>\n<meta name=\"robots\" content=\"index, follow, max-snippet:-1, max-image-preview:large, max-video-preview:-1\" \/>\n<link rel=\"canonical\" href=\"https:\/\/masterchem.ee\/fi\/tooted-ja-teenused\/ammoniummolybdaatti-cas-12054-85-2\/\" \/>\n<meta name=\"twitter:card\" content=\"summary_large_image\" \/>\n<meta name=\"twitter:title\" content=\"Ammoniummolybdaatti (CAS 12054-85-2) - Chemistry For Industry - Solvents &amp; Chemicals - Masterchem.ee\" \/>\n<meta name=\"twitter:description\" content=\"Ammoniummolybdaattitetrahydraatti (tunnetaan my\u00f6s nimell\u00e4 ammoniumheptamolybdaatti, kemiallinen kaava: (NH4)6Mo7O24)), joka n\u00e4kyy v\u00e4ritt\u00f6m\u00e4n\u00e4 kiinte\u00e4n\u00e4 aineena.\" \/>\n<meta name=\"twitter:image\" content=\"https:\/\/masterchem.ee\/wp-content\/uploads\/2022\/04\/Ammooniummolubdaat-25kg-MasterChem.jpg\" \/>\n<script type=\"application\/ld+json\" class=\"yoast-schema-graph\">{\"@context\":\"https:\/\/schema.org\",\"@graph\":[{\"@type\":\"WebPage\",\"@id\":\"https:\/\/masterchem.ee\/fi\/tooted-ja-teenused\/ammoniummolybdaatti-cas-12054-85-2\/\",\"url\":\"https:\/\/masterchem.ee\/fi\/tooted-ja-teenused\/ammoniummolybdaatti-cas-12054-85-2\/\",\"name\":\"Ammoniummolybdaatti (CAS 12054-85-2) - Chemistry For Industry - Solvents &amp; Chemicals - Masterchem.ee\",\"isPartOf\":{\"@id\":\"https:\/\/masterchem.ee\/fi\/#website\"},\"primaryImageOfPage\":{\"@id\":\"https:\/\/masterchem.ee\/fi\/tooted-ja-teenused\/ammoniummolybdaatti-cas-12054-85-2\/#primaryimage\"},\"image\":{\"@id\":\"https:\/\/masterchem.ee\/fi\/tooted-ja-teenused\/ammoniummolybdaatti-cas-12054-85-2\/#primaryimage\"},\"thumbnailUrl\":\"https:\/\/masterchem.ee\/wp-content\/uploads\/2022\/04\/Ammooniummolubdaat-25kg-MasterChem.jpg\",\"datePublished\":\"2022-04-08T09:57:46+00:00\",\"dateModified\":\"2022-04-08T10:08:34+00:00\",\"description\":\"Ammoniummolybdaattitetrahydraatti (tunnetaan my\u00f6s nimell\u00e4 ammoniumheptamolybdaatti, kemiallinen kaava: (NH4)6Mo7O24)), joka n\u00e4kyy v\u00e4ritt\u00f6m\u00e4n\u00e4 kiinte\u00e4n\u00e4 aineena.\",\"breadcrumb\":{\"@id\":\"https:\/\/masterchem.ee\/fi\/tooted-ja-teenused\/ammoniummolybdaatti-cas-12054-85-2\/#breadcrumb\"},\"inLanguage\":\"fi\",\"potentialAction\":[{\"@type\":\"ReadAction\",\"target\":[\"https:\/\/masterchem.ee\/fi\/tooted-ja-teenused\/ammoniummolybdaatti-cas-12054-85-2\/\"]}]},{\"@type\":\"ImageObject\",\"inLanguage\":\"fi\",\"@id\":\"https:\/\/masterchem.ee\/fi\/tooted-ja-teenused\/ammoniummolybdaatti-cas-12054-85-2\/#primaryimage\",\"url\":\"https:\/\/masterchem.ee\/wp-content\/uploads\/2022\/04\/Ammooniummolubdaat-25kg-MasterChem.jpg\",\"contentUrl\":\"https:\/\/masterchem.ee\/wp-content\/uploads\/2022\/04\/Ammooniummolubdaat-25kg-MasterChem.jpg\",\"width\":1000,\"height\":1000,\"caption\":\"Ammoniummolybdaatti (CAS 12054-85-2) 25kg MasterChem\"},{\"@type\":\"BreadcrumbList\",\"@id\":\"https:\/\/masterchem.ee\/fi\/tooted-ja-teenused\/ammoniummolybdaatti-cas-12054-85-2\/#breadcrumb\",\"itemListElement\":[{\"@type\":\"ListItem\",\"position\":1,\"name\":\"Home\",\"item\":\"https:\/\/masterchem.ee\/fi\/\"},{\"@type\":\"ListItem\",\"position\":2,\"name\":\"Tooted ja teenused\",\"item\":\"https:\/\/masterchem.ee\/tooted-ja-teenused\/\"},{\"@type\":\"ListItem\",\"position\":3,\"name\":\"Ammoniummolybdaatti (CAS 12054-85-2)\"}]},{\"@type\":\"WebSite\",\"@id\":\"https:\/\/masterchem.ee\/fi\/#website\",\"url\":\"https:\/\/masterchem.ee\/fi\/\",\"name\":\"Masterchem.ee\",\"description\":\"Chemistry For Industry - Solvents &amp; Chemicals\",\"publisher\":{\"@id\":\"https:\/\/masterchem.ee\/fi\/#organization\"},\"potentialAction\":[{\"@type\":\"SearchAction\",\"target\":{\"@type\":\"EntryPoint\",\"urlTemplate\":\"https:\/\/masterchem.ee\/fi\/?s={search_term_string}\"},\"query-input\":{\"@type\":\"PropertyValueSpecification\",\"valueRequired\":true,\"valueName\":\"search_term_string\"}}],\"inLanguage\":\"fi\"},{\"@type\":\"Organization\",\"@id\":\"https:\/\/masterchem.ee\/fi\/#organization\",\"name\":\"Masterchem\",\"url\":\"https:\/\/masterchem.ee\/fi\/\",\"logo\":{\"@type\":\"ImageObject\",\"inLanguage\":\"fi\",\"@id\":\"https:\/\/masterchem.ee\/fi\/#\/schema\/logo\/image\/\",\"url\":\"https:\/\/masterchem.ee\/wp-content\/uploads\/2018\/02\/master-chem_final-1.png\",\"contentUrl\":\"https:\/\/masterchem.ee\/wp-content\/uploads\/2018\/02\/master-chem_final-1.png\",\"width\":850,\"height\":356,\"caption\":\"Masterchem\"},\"image\":{\"@id\":\"https:\/\/masterchem.ee\/fi\/#\/schema\/logo\/image\/\"}}]}<\/script>\n<!-- \/ Yoast SEO plugin. -->","yoast_head_json":{"title":"Ammoniummolybdaatti (CAS 12054-85-2) - Chemistry For Industry - Solvents &amp; Chemicals - Masterchem.ee","description":"Ammoniummolybdaattitetrahydraatti (tunnetaan my\u00f6s nimell\u00e4 ammoniumheptamolybdaatti, kemiallinen kaava: (NH4)6Mo7O24)), joka n\u00e4kyy v\u00e4ritt\u00f6m\u00e4n\u00e4 kiinte\u00e4n\u00e4 aineena.","robots":{"index":"index","follow":"follow","max-snippet":"max-snippet:-1","max-image-preview":"max-image-preview:large","max-video-preview":"max-video-preview:-1"},"canonical":"https:\/\/masterchem.ee\/fi\/tooted-ja-teenused\/ammoniummolybdaatti-cas-12054-85-2\/","twitter_card":"summary_large_image","twitter_title":"Ammoniummolybdaatti (CAS 12054-85-2) - Chemistry For Industry - Solvents &amp; Chemicals - Masterchem.ee","twitter_description":"Ammoniummolybdaattitetrahydraatti (tunnetaan my\u00f6s nimell\u00e4 ammoniumheptamolybdaatti, kemiallinen kaava: (NH4)6Mo7O24)), joka n\u00e4kyy v\u00e4ritt\u00f6m\u00e4n\u00e4 kiinte\u00e4n\u00e4 aineena.","twitter_image":"https:\/\/masterchem.ee\/wp-content\/uploads\/2022\/04\/Ammooniummolubdaat-25kg-MasterChem.jpg","schema":{"@context":"https:\/\/schema.org","@graph":[{"@type":"WebPage","@id":"https:\/\/masterchem.ee\/fi\/tooted-ja-teenused\/ammoniummolybdaatti-cas-12054-85-2\/","url":"https:\/\/masterchem.ee\/fi\/tooted-ja-teenused\/ammoniummolybdaatti-cas-12054-85-2\/","name":"Ammoniummolybdaatti (CAS 12054-85-2) - Chemistry For Industry - Solvents &amp; Chemicals - Masterchem.ee","isPartOf":{"@id":"https:\/\/masterchem.ee\/fi\/#website"},"primaryImageOfPage":{"@id":"https:\/\/masterchem.ee\/fi\/tooted-ja-teenused\/ammoniummolybdaatti-cas-12054-85-2\/#primaryimage"},"image":{"@id":"https:\/\/masterchem.ee\/fi\/tooted-ja-teenused\/ammoniummolybdaatti-cas-12054-85-2\/#primaryimage"},"thumbnailUrl":"https:\/\/masterchem.ee\/wp-content\/uploads\/2022\/04\/Ammooniummolubdaat-25kg-MasterChem.jpg","datePublished":"2022-04-08T09:57:46+00:00","dateModified":"2022-04-08T10:08:34+00:00","description":"Ammoniummolybdaattitetrahydraatti (tunnetaan my\u00f6s nimell\u00e4 ammoniumheptamolybdaatti, kemiallinen kaava: (NH4)6Mo7O24)), joka n\u00e4kyy v\u00e4ritt\u00f6m\u00e4n\u00e4 kiinte\u00e4n\u00e4 aineena.","breadcrumb":{"@id":"https:\/\/masterchem.ee\/fi\/tooted-ja-teenused\/ammoniummolybdaatti-cas-12054-85-2\/#breadcrumb"},"inLanguage":"fi","potentialAction":[{"@type":"ReadAction","target":["https:\/\/masterchem.ee\/fi\/tooted-ja-teenused\/ammoniummolybdaatti-cas-12054-85-2\/"]}]},{"@type":"ImageObject","inLanguage":"fi","@id":"https:\/\/masterchem.ee\/fi\/tooted-ja-teenused\/ammoniummolybdaatti-cas-12054-85-2\/#primaryimage","url":"https:\/\/masterchem.ee\/wp-content\/uploads\/2022\/04\/Ammooniummolubdaat-25kg-MasterChem.jpg","contentUrl":"https:\/\/masterchem.ee\/wp-content\/uploads\/2022\/04\/Ammooniummolubdaat-25kg-MasterChem.jpg","width":1000,"height":1000,"caption":"Ammoniummolybdaatti (CAS 12054-85-2) 25kg MasterChem"},{"@type":"BreadcrumbList","@id":"https:\/\/masterchem.ee\/fi\/tooted-ja-teenused\/ammoniummolybdaatti-cas-12054-85-2\/#breadcrumb","itemListElement":[{"@type":"ListItem","position":1,"name":"Home","item":"https:\/\/masterchem.ee\/fi\/"},{"@type":"ListItem","position":2,"name":"Tooted ja teenused","item":"https:\/\/masterchem.ee\/tooted-ja-teenused\/"},{"@type":"ListItem","position":3,"name":"Ammoniummolybdaatti (CAS 12054-85-2)"}]},{"@type":"WebSite","@id":"https:\/\/masterchem.ee\/fi\/#website","url":"https:\/\/masterchem.ee\/fi\/","name":"Masterchem.ee","description":"Chemistry For Industry - Solvents &amp; Chemicals","publisher":{"@id":"https:\/\/masterchem.ee\/fi\/#organization"},"potentialAction":[{"@type":"SearchAction","target":{"@type":"EntryPoint","urlTemplate":"https:\/\/masterchem.ee\/fi\/?s={search_term_string}"},"query-input":{"@type":"PropertyValueSpecification","valueRequired":true,"valueName":"search_term_string"}}],"inLanguage":"fi"},{"@type":"Organization","@id":"https:\/\/masterchem.ee\/fi\/#organization","name":"Masterchem","url":"https:\/\/masterchem.ee\/fi\/","logo":{"@type":"ImageObject","inLanguage":"fi","@id":"https:\/\/masterchem.ee\/fi\/#\/schema\/logo\/image\/","url":"https:\/\/masterchem.ee\/wp-content\/uploads\/2018\/02\/master-chem_final-1.png","contentUrl":"https:\/\/masterchem.ee\/wp-content\/uploads\/2018\/02\/master-chem_final-1.png","width":850,"height":356,"caption":"Masterchem"},"image":{"@id":"https:\/\/masterchem.ee\/fi\/#\/schema\/logo\/image\/"}}]}},"_links":{"self":[{"href":"https:\/\/masterchem.ee\/fi\/wp-json\/wp\/v2\/product\/19631","targetHints":{"allow":["GET"]}}],"collection":[{"href":"https:\/\/masterchem.ee\/fi\/wp-json\/wp\/v2\/product"}],"about":[{"href":"https:\/\/masterchem.ee\/fi\/wp-json\/wp\/v2\/types\/product"}],"wp:featuredmedia":[{"embeddable":true,"href":"https:\/\/masterchem.ee\/fi\/wp-json\/wp\/v2\/media\/19639"}],"wp:attachment":[{"href":"https:\/\/masterchem.ee\/fi\/wp-json\/wp\/v2\/media?parent=19631"}],"wp:term":[{"taxonomy":"product_brand","embeddable":true,"href":"https:\/\/masterchem.ee\/fi\/wp-json\/wp\/v2\/product_brand?post=19631"},{"taxonomy":"product_cat","embeddable":true,"href":"https:\/\/masterchem.ee\/fi\/wp-json\/wp\/v2\/product_cat?post=19631"},{"taxonomy":"product_tag","embeddable":true,"href":"https:\/\/masterchem.ee\/fi\/wp-json\/wp\/v2\/product_tag?post=19631"}],"curies":[{"name":"wp","href":"https:\/\/api.w.org\/{rel}","templated":true}]}}