{"id":19550,"date":"2022-04-08T09:21:03","date_gmt":"2022-04-08T09:21:16","guid":{"rendered":"https:\/\/masterchem.ee\/?post_type=product&#038;p=19550"},"modified":"2022-04-08T09:47:46","modified_gmt":"2022-04-08T09:47:46","slug":"magnesiumnitraattiliuos-cas-10377-66-9","status":"publish","type":"product","link":"https:\/\/masterchem.ee\/fi\/tooted-ja-teenused\/magnesiumnitraattiliuos-cas-10377-66-9\/","title":{"rendered":"Magnesiumnitraattiliuos (CAS 10377-66-9)"},"content":{"rendered":"<p><strong>Info<\/strong><br \/>\nToimialat: lannoitteet, puutarhanhoito<br \/>\nCAS-numero: 10377-66-9<br \/>\nWE-numero: 233-828-8<br \/>\nKemiallinen kaava: Mn(NO3)2<br \/>\nMolekyylimassa: 178,95 g\/mol<br \/>\nADR: UN2724<\/p>\n<p><strong>Muut fyysiset ominaisuudet<\/strong><br \/>\nSuhteellinen tiheys: 235 g\/l (Mn)<\/p>\n","protected":false},"excerpt":{"rendered":"<p><strong>Magnesiumnitraattiliuos (CAS 10377-66-9)<\/strong><\/p>\n<p>Magnesiumnitraattiliuokset ovat kohtalaisia tai eritt\u00e4in v\u00e4kevi\u00e4 nestem\u00e4isi\u00e4 magnesiumnitraatin liuoksia. Ne ovat erinomainen magnesiumnitraatin l\u00e4hde sovelluksissa, jotka vaativat liukenevia materiaaleja.<\/p>\n","protected":false},"featured_media":19598,"template":"","meta":[],"product_brand":[],"product_cat":[180,323,351],"product_tag":[],"class_list":{"0":"post-19550","1":"product","2":"type-product","3":"status-publish","4":"has-post-thumbnail","6":"product_cat-uncategorized-fi-2","7":"product_cat-lannoitteet","8":"product_cat-puutarhanhoito","9":"pif-has-gallery","11":"first","12":"instock","13":"taxable","14":"shipping-taxable","15":"purchasable","16":"product-type-variable","17":"has-default-attributes"},"yoast_head":"<!-- This site is optimized with the Yoast SEO plugin v26.2 - https:\/\/yoast.com\/wordpress\/plugins\/seo\/ -->\n<title>Magnesiumnitraattiliuos (CAS 10377-66-9) - Chemistry For Industry - Solvents &amp; Chemicals - Masterchem.ee<\/title>\n<meta name=\"description\" content=\"Magnesiumnitraattiliuokset ovat kohtalaisia tai eritt\u00e4in v\u00e4kevi\u00e4 nestem\u00e4isi\u00e4 magnesiumnitraatin liuoksia.\" \/>\n<meta name=\"robots\" content=\"index, follow, max-snippet:-1, max-image-preview:large, max-video-preview:-1\" \/>\n<link rel=\"canonical\" href=\"https:\/\/masterchem.ee\/fi\/tooted-ja-teenused\/magnesiumnitraattiliuos-cas-10377-66-9\/\" \/>\n<meta name=\"twitter:card\" content=\"summary_large_image\" \/>\n<meta name=\"twitter:title\" content=\"Magnesiumnitraattiliuos (CAS 10377-66-9) - Chemistry For Industry - Solvents &amp; Chemicals - Masterchem.ee\" \/>\n<meta name=\"twitter:description\" content=\"Magnesiumnitraattiliuokset ovat kohtalaisia tai eritt\u00e4in v\u00e4kevi\u00e4 nestem\u00e4isi\u00e4 magnesiumnitraatin liuoksia.\" \/>\n<meta name=\"twitter:image\" content=\"https:\/\/masterchem.ee\/wp-content\/uploads\/2022\/04\/Magneesiumnitraat-1000l-MasterChem.jpg\" \/>\n<script type=\"application\/ld+json\" class=\"yoast-schema-graph\">{\"@context\":\"https:\/\/schema.org\",\"@graph\":[{\"@type\":\"WebPage\",\"@id\":\"https:\/\/masterchem.ee\/fi\/tooted-ja-teenused\/magnesiumnitraattiliuos-cas-10377-66-9\/\",\"url\":\"https:\/\/masterchem.ee\/fi\/tooted-ja-teenused\/magnesiumnitraattiliuos-cas-10377-66-9\/\",\"name\":\"Magnesiumnitraattiliuos (CAS 10377-66-9) - Chemistry For Industry - Solvents &amp; Chemicals - Masterchem.ee\",\"isPartOf\":{\"@id\":\"https:\/\/masterchem.ee\/fi\/#website\"},\"primaryImageOfPage\":{\"@id\":\"https:\/\/masterchem.ee\/fi\/tooted-ja-teenused\/magnesiumnitraattiliuos-cas-10377-66-9\/#primaryimage\"},\"image\":{\"@id\":\"https:\/\/masterchem.ee\/fi\/tooted-ja-teenused\/magnesiumnitraattiliuos-cas-10377-66-9\/#primaryimage\"},\"thumbnailUrl\":\"https:\/\/masterchem.ee\/wp-content\/uploads\/2022\/04\/Magneesiumnitraat-1000l-MasterChem.jpg\",\"datePublished\":\"2022-04-08T09:21:16+00:00\",\"dateModified\":\"2022-04-08T09:47:46+00:00\",\"description\":\"Magnesiumnitraattiliuokset ovat kohtalaisia tai eritt\u00e4in v\u00e4kevi\u00e4 nestem\u00e4isi\u00e4 magnesiumnitraatin liuoksia.\",\"breadcrumb\":{\"@id\":\"https:\/\/masterchem.ee\/fi\/tooted-ja-teenused\/magnesiumnitraattiliuos-cas-10377-66-9\/#breadcrumb\"},\"inLanguage\":\"fi\",\"potentialAction\":[{\"@type\":\"ReadAction\",\"target\":[\"https:\/\/masterchem.ee\/fi\/tooted-ja-teenused\/magnesiumnitraattiliuos-cas-10377-66-9\/\"]}]},{\"@type\":\"ImageObject\",\"inLanguage\":\"fi\",\"@id\":\"https:\/\/masterchem.ee\/fi\/tooted-ja-teenused\/magnesiumnitraattiliuos-cas-10377-66-9\/#primaryimage\",\"url\":\"https:\/\/masterchem.ee\/wp-content\/uploads\/2022\/04\/Magneesiumnitraat-1000l-MasterChem.jpg\",\"contentUrl\":\"https:\/\/masterchem.ee\/wp-content\/uploads\/2022\/04\/Magneesiumnitraat-1000l-MasterChem.jpg\",\"width\":1000,\"height\":1000,\"caption\":\"Magnesiumnitraattiliuos (CAS 10377-66-9) 1000l MaterChem\"},{\"@type\":\"BreadcrumbList\",\"@id\":\"https:\/\/masterchem.ee\/fi\/tooted-ja-teenused\/magnesiumnitraattiliuos-cas-10377-66-9\/#breadcrumb\",\"itemListElement\":[{\"@type\":\"ListItem\",\"position\":1,\"name\":\"Home\",\"item\":\"https:\/\/masterchem.ee\/fi\/\"},{\"@type\":\"ListItem\",\"position\":2,\"name\":\"Tooted ja teenused\",\"item\":\"https:\/\/masterchem.ee\/tooted-ja-teenused\/\"},{\"@type\":\"ListItem\",\"position\":3,\"name\":\"Magnesiumnitraattiliuos (CAS 10377-66-9)\"}]},{\"@type\":\"WebSite\",\"@id\":\"https:\/\/masterchem.ee\/fi\/#website\",\"url\":\"https:\/\/masterchem.ee\/fi\/\",\"name\":\"Masterchem.ee\",\"description\":\"Chemistry For Industry - Solvents &amp; Chemicals\",\"publisher\":{\"@id\":\"https:\/\/masterchem.ee\/fi\/#organization\"},\"potentialAction\":[{\"@type\":\"SearchAction\",\"target\":{\"@type\":\"EntryPoint\",\"urlTemplate\":\"https:\/\/masterchem.ee\/fi\/?s={search_term_string}\"},\"query-input\":{\"@type\":\"PropertyValueSpecification\",\"valueRequired\":true,\"valueName\":\"search_term_string\"}}],\"inLanguage\":\"fi\"},{\"@type\":\"Organization\",\"@id\":\"https:\/\/masterchem.ee\/fi\/#organization\",\"name\":\"Masterchem\",\"url\":\"https:\/\/masterchem.ee\/fi\/\",\"logo\":{\"@type\":\"ImageObject\",\"inLanguage\":\"fi\",\"@id\":\"https:\/\/masterchem.ee\/fi\/#\/schema\/logo\/image\/\",\"url\":\"https:\/\/masterchem.ee\/wp-content\/uploads\/2018\/02\/master-chem_final-1.png\",\"contentUrl\":\"https:\/\/masterchem.ee\/wp-content\/uploads\/2018\/02\/master-chem_final-1.png\",\"width\":850,\"height\":356,\"caption\":\"Masterchem\"},\"image\":{\"@id\":\"https:\/\/masterchem.ee\/fi\/#\/schema\/logo\/image\/\"}}]}<\/script>\n<!-- \/ Yoast SEO plugin. -->","yoast_head_json":{"title":"Magnesiumnitraattiliuos (CAS 10377-66-9) - Chemistry For Industry - Solvents &amp; Chemicals - Masterchem.ee","description":"Magnesiumnitraattiliuokset ovat kohtalaisia tai eritt\u00e4in v\u00e4kevi\u00e4 nestem\u00e4isi\u00e4 magnesiumnitraatin liuoksia.","robots":{"index":"index","follow":"follow","max-snippet":"max-snippet:-1","max-image-preview":"max-image-preview:large","max-video-preview":"max-video-preview:-1"},"canonical":"https:\/\/masterchem.ee\/fi\/tooted-ja-teenused\/magnesiumnitraattiliuos-cas-10377-66-9\/","twitter_card":"summary_large_image","twitter_title":"Magnesiumnitraattiliuos (CAS 10377-66-9) - Chemistry For Industry - Solvents &amp; Chemicals - Masterchem.ee","twitter_description":"Magnesiumnitraattiliuokset ovat kohtalaisia tai eritt\u00e4in v\u00e4kevi\u00e4 nestem\u00e4isi\u00e4 magnesiumnitraatin liuoksia.","twitter_image":"https:\/\/masterchem.ee\/wp-content\/uploads\/2022\/04\/Magneesiumnitraat-1000l-MasterChem.jpg","schema":{"@context":"https:\/\/schema.org","@graph":[{"@type":"WebPage","@id":"https:\/\/masterchem.ee\/fi\/tooted-ja-teenused\/magnesiumnitraattiliuos-cas-10377-66-9\/","url":"https:\/\/masterchem.ee\/fi\/tooted-ja-teenused\/magnesiumnitraattiliuos-cas-10377-66-9\/","name":"Magnesiumnitraattiliuos (CAS 10377-66-9) - Chemistry For Industry - Solvents &amp; Chemicals - Masterchem.ee","isPartOf":{"@id":"https:\/\/masterchem.ee\/fi\/#website"},"primaryImageOfPage":{"@id":"https:\/\/masterchem.ee\/fi\/tooted-ja-teenused\/magnesiumnitraattiliuos-cas-10377-66-9\/#primaryimage"},"image":{"@id":"https:\/\/masterchem.ee\/fi\/tooted-ja-teenused\/magnesiumnitraattiliuos-cas-10377-66-9\/#primaryimage"},"thumbnailUrl":"https:\/\/masterchem.ee\/wp-content\/uploads\/2022\/04\/Magneesiumnitraat-1000l-MasterChem.jpg","datePublished":"2022-04-08T09:21:16+00:00","dateModified":"2022-04-08T09:47:46+00:00","description":"Magnesiumnitraattiliuokset ovat kohtalaisia tai eritt\u00e4in v\u00e4kevi\u00e4 nestem\u00e4isi\u00e4 magnesiumnitraatin liuoksia.","breadcrumb":{"@id":"https:\/\/masterchem.ee\/fi\/tooted-ja-teenused\/magnesiumnitraattiliuos-cas-10377-66-9\/#breadcrumb"},"inLanguage":"fi","potentialAction":[{"@type":"ReadAction","target":["https:\/\/masterchem.ee\/fi\/tooted-ja-teenused\/magnesiumnitraattiliuos-cas-10377-66-9\/"]}]},{"@type":"ImageObject","inLanguage":"fi","@id":"https:\/\/masterchem.ee\/fi\/tooted-ja-teenused\/magnesiumnitraattiliuos-cas-10377-66-9\/#primaryimage","url":"https:\/\/masterchem.ee\/wp-content\/uploads\/2022\/04\/Magneesiumnitraat-1000l-MasterChem.jpg","contentUrl":"https:\/\/masterchem.ee\/wp-content\/uploads\/2022\/04\/Magneesiumnitraat-1000l-MasterChem.jpg","width":1000,"height":1000,"caption":"Magnesiumnitraattiliuos (CAS 10377-66-9) 1000l MaterChem"},{"@type":"BreadcrumbList","@id":"https:\/\/masterchem.ee\/fi\/tooted-ja-teenused\/magnesiumnitraattiliuos-cas-10377-66-9\/#breadcrumb","itemListElement":[{"@type":"ListItem","position":1,"name":"Home","item":"https:\/\/masterchem.ee\/fi\/"},{"@type":"ListItem","position":2,"name":"Tooted ja teenused","item":"https:\/\/masterchem.ee\/tooted-ja-teenused\/"},{"@type":"ListItem","position":3,"name":"Magnesiumnitraattiliuos (CAS 10377-66-9)"}]},{"@type":"WebSite","@id":"https:\/\/masterchem.ee\/fi\/#website","url":"https:\/\/masterchem.ee\/fi\/","name":"Masterchem.ee","description":"Chemistry For Industry - Solvents &amp; Chemicals","publisher":{"@id":"https:\/\/masterchem.ee\/fi\/#organization"},"potentialAction":[{"@type":"SearchAction","target":{"@type":"EntryPoint","urlTemplate":"https:\/\/masterchem.ee\/fi\/?s={search_term_string}"},"query-input":{"@type":"PropertyValueSpecification","valueRequired":true,"valueName":"search_term_string"}}],"inLanguage":"fi"},{"@type":"Organization","@id":"https:\/\/masterchem.ee\/fi\/#organization","name":"Masterchem","url":"https:\/\/masterchem.ee\/fi\/","logo":{"@type":"ImageObject","inLanguage":"fi","@id":"https:\/\/masterchem.ee\/fi\/#\/schema\/logo\/image\/","url":"https:\/\/masterchem.ee\/wp-content\/uploads\/2018\/02\/master-chem_final-1.png","contentUrl":"https:\/\/masterchem.ee\/wp-content\/uploads\/2018\/02\/master-chem_final-1.png","width":850,"height":356,"caption":"Masterchem"},"image":{"@id":"https:\/\/masterchem.ee\/fi\/#\/schema\/logo\/image\/"}}]}},"_links":{"self":[{"href":"https:\/\/masterchem.ee\/fi\/wp-json\/wp\/v2\/product\/19550","targetHints":{"allow":["GET"]}}],"collection":[{"href":"https:\/\/masterchem.ee\/fi\/wp-json\/wp\/v2\/product"}],"about":[{"href":"https:\/\/masterchem.ee\/fi\/wp-json\/wp\/v2\/types\/product"}],"wp:featuredmedia":[{"embeddable":true,"href":"https:\/\/masterchem.ee\/fi\/wp-json\/wp\/v2\/media\/19598"}],"wp:attachment":[{"href":"https:\/\/masterchem.ee\/fi\/wp-json\/wp\/v2\/media?parent=19550"}],"wp:term":[{"taxonomy":"product_brand","embeddable":true,"href":"https:\/\/masterchem.ee\/fi\/wp-json\/wp\/v2\/product_brand?post=19550"},{"taxonomy":"product_cat","embeddable":true,"href":"https:\/\/masterchem.ee\/fi\/wp-json\/wp\/v2\/product_cat?post=19550"},{"taxonomy":"product_tag","embeddable":true,"href":"https:\/\/masterchem.ee\/fi\/wp-json\/wp\/v2\/product_tag?post=19550"}],"curies":[{"name":"wp","href":"https:\/\/api.w.org\/{rel}","templated":true}]}}