{"id":19516,"date":"2022-04-08T07:20:24","date_gmt":"2022-04-08T07:20:30","guid":{"rendered":"https:\/\/masterchem.ee\/?post_type=product&#038;p=19516"},"modified":"2022-04-08T07:32:32","modified_gmt":"2022-04-08T07:32:32","slug":"dinatriumoktaboraattitetrahydraatti-cas-12280-03-4","status":"publish","type":"product","link":"https:\/\/masterchem.ee\/fi\/tooted-ja-teenused\/dinatriumoktaboraattitetrahydraatti-cas-12280-03-4\/","title":{"rendered":"Dinatriumoktaboraattitetrahydraatti (CAS 12280-03-4)"},"content":{"rendered":"<p><strong>Info<\/strong><br \/>\nToimialat: Lannoitteet<br \/>\nCAS-numero: 12280-03-4<br \/>\nWE-numero: 234-541-0<br \/>\nKemiallinen kaava: Na2B8O13\u00b74H2O<br \/>\nMolekyylimassa: 412,62 g\/mol<\/p>\n<p><strong>Muut fyysiset ominaisuudet<\/strong><br \/>\npH: 8,5 (1,0%, 20 \u00b0C)<br \/>\nSulamis-\/j\u00e4\u00e4tymispiste: 815\u00b0C<br \/>\nLiukoisuus veteen: 9,7 % (20\u00b0C )<\/p>\n","protected":false},"excerpt":{"rendered":"<p><strong>Dinatriumoktaboraattitetrahydraatti (CAS 12280-03-4)<\/strong><\/p>\n<p>Dinatriumoktaboraattitetrahydraattia, alkalista suolaa, valmistetaan kahdessa muodossa. Yksi on kirkas, nestem\u00e4inen tiiviste tai se on pakattu valkoiseksi, hajuttomaksi, jauhemaiseksi kemialliseksi aineeksi, joka ei ole syttyv\u00e4, palava tai r\u00e4j\u00e4ht\u00e4v\u00e4 ja jolla on alhainen akuutti myrkyllisyys suun ja ihon kautta. T\u00e4t\u00e4 suolaa, joka sekoitetaan yleisesti boorihappoon, k\u00e4ytet\u00e4\u00e4n hy\u00f6nteismyrkkyn\u00e4 ja sit\u00e4 myyd\u00e4\u00e4n yleisesti nestem\u00e4isess\u00e4 tai jauhemuodossa. Se on tehokas my\u00f6s sieni\u00e4 ja levi\u00e4 vastaan. Sill\u00e4 on rajoittamaton s\u00e4ilyvyys, eik\u00e4 l\u00e4mp\u00f6tila vaikuta siihen. <\/p>\n<p>T\u00e4m\u00e4 kemikaali on my\u00f6s palonestoaine. Nestem\u00e4isess\u00e4 muodossa se laimennetaan ja ruiskutetaan yleens\u00e4 puupinnoille termiittien, jauhekuoriaisten, puusepp\u00e4muurahaisten, sienten ja levien tappamiseksi. Sit\u00e4 on saatavana my\u00f6s pelletein\u00e4 rakennepuuhun upotettavana. T\u00e4t\u00e4 em\u00e4ksist\u00e4 suolaa ei pid\u00e4 sekoittaa boorihappoon (hapan kemikaali) tai tahroissa k\u00e4ytett\u00e4v\u00e4\u00e4n pyykinpesuaineen lis\u00e4aineeseen.<\/p>\n<p>Yleisess\u00e4 k\u00e4yt\u00f6ss\u00e4 termiittien torjuntaan tai termiittien ehk\u00e4isyyn, nestem\u00e4ist\u00e4 tiivistett\u00e4 k\u00e4ytet\u00e4\u00e4n suhteessa 1:1 veden kanssa. T\u00e4m\u00e4n kemikaalin etuna tavanomaiseen tuholaistorjuntak\u00e4sittelyyn verrattuna on, ett\u00e4 se ei ole sy\u00f6p\u00e4\u00e4 aiheuttava ja sen myrkyllisyys ihmisille ja lemmikkiel\u00e4imille on alhainen. Se on my\u00f6s hajuton ja oikea k\u00e4ytt\u00f6 kest\u00e4\u00e4 puun koko k\u00e4ytt\u00f6i\u00e4n. Toistuva hoito ei ole tarpeen. Sit\u00e4 k\u00e4ytet\u00e4\u00e4n parhaiten uudisrakentamisen yhteydess\u00e4, mutta sit\u00e4 k\u00e4ytet\u00e4\u00e4n yleisemmin j\u00e4lkik\u00e4teen kodeissa, jotka on alun perin k\u00e4sitelty kemikaaleilla, jotka ovat muuttuneet toimimattomiksi.<\/p>\n","protected":false},"featured_media":19524,"template":"","meta":[],"product_brand":[],"product_cat":[180,323],"product_tag":[],"class_list":{"0":"post-19516","1":"product","2":"type-product","3":"status-publish","4":"has-post-thumbnail","6":"product_cat-uncategorized-fi-2","7":"product_cat-lannoitteet","9":"first","10":"instock","11":"taxable","12":"shipping-taxable","13":"purchasable","14":"product-type-variable","15":"has-default-attributes"},"yoast_head":"<!-- This site is optimized with the Yoast SEO plugin v26.2 - https:\/\/yoast.com\/wordpress\/plugins\/seo\/ -->\n<title>Dinatriumoktaboraattitetrahydraatti (CAS 12280-03-4) - Chemistry For Industry - Solvents &amp; Chemicals - Masterchem.ee<\/title>\n<meta name=\"description\" content=\"Dinatriumoktaboraattitetrahydraattia, alkalista suolaa, valmistetaan kahdessa muodossa.\" \/>\n<meta name=\"robots\" content=\"index, follow, max-snippet:-1, max-image-preview:large, max-video-preview:-1\" \/>\n<link rel=\"canonical\" href=\"https:\/\/masterchem.ee\/fi\/tooted-ja-teenused\/dinatriumoktaboraattitetrahydraatti-cas-12280-03-4\/\" \/>\n<meta name=\"twitter:card\" content=\"summary_large_image\" \/>\n<meta name=\"twitter:title\" content=\"Dinatriumoktaboraattitetrahydraatti (CAS 12280-03-4) - Chemistry For Industry - Solvents &amp; Chemicals - Masterchem.ee\" \/>\n<meta name=\"twitter:description\" content=\"Dinatriumoktaboraattitetrahydraattia, alkalista suolaa, valmistetaan kahdessa muodossa.\" \/>\n<meta name=\"twitter:image\" content=\"https:\/\/masterchem.ee\/wp-content\/uploads\/2022\/04\/Dinaatriumoktaboraattetrahudraat-25kg-MasterChem.jpg\" \/>\n<script type=\"application\/ld+json\" class=\"yoast-schema-graph\">{\"@context\":\"https:\/\/schema.org\",\"@graph\":[{\"@type\":\"WebPage\",\"@id\":\"https:\/\/masterchem.ee\/fi\/tooted-ja-teenused\/dinatriumoktaboraattitetrahydraatti-cas-12280-03-4\/\",\"url\":\"https:\/\/masterchem.ee\/fi\/tooted-ja-teenused\/dinatriumoktaboraattitetrahydraatti-cas-12280-03-4\/\",\"name\":\"Dinatriumoktaboraattitetrahydraatti (CAS 12280-03-4) - Chemistry For Industry - Solvents &amp; Chemicals - Masterchem.ee\",\"isPartOf\":{\"@id\":\"https:\/\/masterchem.ee\/fi\/#website\"},\"primaryImageOfPage\":{\"@id\":\"https:\/\/masterchem.ee\/fi\/tooted-ja-teenused\/dinatriumoktaboraattitetrahydraatti-cas-12280-03-4\/#primaryimage\"},\"image\":{\"@id\":\"https:\/\/masterchem.ee\/fi\/tooted-ja-teenused\/dinatriumoktaboraattitetrahydraatti-cas-12280-03-4\/#primaryimage\"},\"thumbnailUrl\":\"https:\/\/masterchem.ee\/wp-content\/uploads\/2022\/04\/Dinaatriumoktaboraattetrahudraat-25kg-MasterChem.jpg\",\"datePublished\":\"2022-04-08T07:20:30+00:00\",\"dateModified\":\"2022-04-08T07:32:32+00:00\",\"description\":\"Dinatriumoktaboraattitetrahydraattia, alkalista suolaa, valmistetaan kahdessa muodossa.\",\"breadcrumb\":{\"@id\":\"https:\/\/masterchem.ee\/fi\/tooted-ja-teenused\/dinatriumoktaboraattitetrahydraatti-cas-12280-03-4\/#breadcrumb\"},\"inLanguage\":\"fi\",\"potentialAction\":[{\"@type\":\"ReadAction\",\"target\":[\"https:\/\/masterchem.ee\/fi\/tooted-ja-teenused\/dinatriumoktaboraattitetrahydraatti-cas-12280-03-4\/\"]}]},{\"@type\":\"ImageObject\",\"inLanguage\":\"fi\",\"@id\":\"https:\/\/masterchem.ee\/fi\/tooted-ja-teenused\/dinatriumoktaboraattitetrahydraatti-cas-12280-03-4\/#primaryimage\",\"url\":\"https:\/\/masterchem.ee\/wp-content\/uploads\/2022\/04\/Dinaatriumoktaboraattetrahudraat-25kg-MasterChem.jpg\",\"contentUrl\":\"https:\/\/masterchem.ee\/wp-content\/uploads\/2022\/04\/Dinaatriumoktaboraattetrahudraat-25kg-MasterChem.jpg\",\"width\":1000,\"height\":1000,\"caption\":\"Dinatriumoktaboraattitetrahydraatti (CAS 12280-03-4) 25kg MasterChem\"},{\"@type\":\"BreadcrumbList\",\"@id\":\"https:\/\/masterchem.ee\/fi\/tooted-ja-teenused\/dinatriumoktaboraattitetrahydraatti-cas-12280-03-4\/#breadcrumb\",\"itemListElement\":[{\"@type\":\"ListItem\",\"position\":1,\"name\":\"Home\",\"item\":\"https:\/\/masterchem.ee\/fi\/\"},{\"@type\":\"ListItem\",\"position\":2,\"name\":\"Tooted ja teenused\",\"item\":\"https:\/\/masterchem.ee\/tooted-ja-teenused\/\"},{\"@type\":\"ListItem\",\"position\":3,\"name\":\"Dinatriumoktaboraattitetrahydraatti (CAS 12280-03-4)\"}]},{\"@type\":\"WebSite\",\"@id\":\"https:\/\/masterchem.ee\/fi\/#website\",\"url\":\"https:\/\/masterchem.ee\/fi\/\",\"name\":\"Masterchem.ee\",\"description\":\"Chemistry For Industry - Solvents &amp; Chemicals\",\"publisher\":{\"@id\":\"https:\/\/masterchem.ee\/fi\/#organization\"},\"potentialAction\":[{\"@type\":\"SearchAction\",\"target\":{\"@type\":\"EntryPoint\",\"urlTemplate\":\"https:\/\/masterchem.ee\/fi\/?s={search_term_string}\"},\"query-input\":{\"@type\":\"PropertyValueSpecification\",\"valueRequired\":true,\"valueName\":\"search_term_string\"}}],\"inLanguage\":\"fi\"},{\"@type\":\"Organization\",\"@id\":\"https:\/\/masterchem.ee\/fi\/#organization\",\"name\":\"Masterchem\",\"url\":\"https:\/\/masterchem.ee\/fi\/\",\"logo\":{\"@type\":\"ImageObject\",\"inLanguage\":\"fi\",\"@id\":\"https:\/\/masterchem.ee\/fi\/#\/schema\/logo\/image\/\",\"url\":\"https:\/\/masterchem.ee\/wp-content\/uploads\/2018\/02\/master-chem_final-1.png\",\"contentUrl\":\"https:\/\/masterchem.ee\/wp-content\/uploads\/2018\/02\/master-chem_final-1.png\",\"width\":850,\"height\":356,\"caption\":\"Masterchem\"},\"image\":{\"@id\":\"https:\/\/masterchem.ee\/fi\/#\/schema\/logo\/image\/\"}}]}<\/script>\n<!-- \/ Yoast SEO plugin. -->","yoast_head_json":{"title":"Dinatriumoktaboraattitetrahydraatti (CAS 12280-03-4) - Chemistry For Industry - Solvents &amp; Chemicals - Masterchem.ee","description":"Dinatriumoktaboraattitetrahydraattia, alkalista suolaa, valmistetaan kahdessa muodossa.","robots":{"index":"index","follow":"follow","max-snippet":"max-snippet:-1","max-image-preview":"max-image-preview:large","max-video-preview":"max-video-preview:-1"},"canonical":"https:\/\/masterchem.ee\/fi\/tooted-ja-teenused\/dinatriumoktaboraattitetrahydraatti-cas-12280-03-4\/","twitter_card":"summary_large_image","twitter_title":"Dinatriumoktaboraattitetrahydraatti (CAS 12280-03-4) - Chemistry For Industry - Solvents &amp; Chemicals - Masterchem.ee","twitter_description":"Dinatriumoktaboraattitetrahydraattia, alkalista suolaa, valmistetaan kahdessa muodossa.","twitter_image":"https:\/\/masterchem.ee\/wp-content\/uploads\/2022\/04\/Dinaatriumoktaboraattetrahudraat-25kg-MasterChem.jpg","schema":{"@context":"https:\/\/schema.org","@graph":[{"@type":"WebPage","@id":"https:\/\/masterchem.ee\/fi\/tooted-ja-teenused\/dinatriumoktaboraattitetrahydraatti-cas-12280-03-4\/","url":"https:\/\/masterchem.ee\/fi\/tooted-ja-teenused\/dinatriumoktaboraattitetrahydraatti-cas-12280-03-4\/","name":"Dinatriumoktaboraattitetrahydraatti (CAS 12280-03-4) - Chemistry For Industry - Solvents &amp; Chemicals - Masterchem.ee","isPartOf":{"@id":"https:\/\/masterchem.ee\/fi\/#website"},"primaryImageOfPage":{"@id":"https:\/\/masterchem.ee\/fi\/tooted-ja-teenused\/dinatriumoktaboraattitetrahydraatti-cas-12280-03-4\/#primaryimage"},"image":{"@id":"https:\/\/masterchem.ee\/fi\/tooted-ja-teenused\/dinatriumoktaboraattitetrahydraatti-cas-12280-03-4\/#primaryimage"},"thumbnailUrl":"https:\/\/masterchem.ee\/wp-content\/uploads\/2022\/04\/Dinaatriumoktaboraattetrahudraat-25kg-MasterChem.jpg","datePublished":"2022-04-08T07:20:30+00:00","dateModified":"2022-04-08T07:32:32+00:00","description":"Dinatriumoktaboraattitetrahydraattia, alkalista suolaa, valmistetaan kahdessa muodossa.","breadcrumb":{"@id":"https:\/\/masterchem.ee\/fi\/tooted-ja-teenused\/dinatriumoktaboraattitetrahydraatti-cas-12280-03-4\/#breadcrumb"},"inLanguage":"fi","potentialAction":[{"@type":"ReadAction","target":["https:\/\/masterchem.ee\/fi\/tooted-ja-teenused\/dinatriumoktaboraattitetrahydraatti-cas-12280-03-4\/"]}]},{"@type":"ImageObject","inLanguage":"fi","@id":"https:\/\/masterchem.ee\/fi\/tooted-ja-teenused\/dinatriumoktaboraattitetrahydraatti-cas-12280-03-4\/#primaryimage","url":"https:\/\/masterchem.ee\/wp-content\/uploads\/2022\/04\/Dinaatriumoktaboraattetrahudraat-25kg-MasterChem.jpg","contentUrl":"https:\/\/masterchem.ee\/wp-content\/uploads\/2022\/04\/Dinaatriumoktaboraattetrahudraat-25kg-MasterChem.jpg","width":1000,"height":1000,"caption":"Dinatriumoktaboraattitetrahydraatti (CAS 12280-03-4) 25kg MasterChem"},{"@type":"BreadcrumbList","@id":"https:\/\/masterchem.ee\/fi\/tooted-ja-teenused\/dinatriumoktaboraattitetrahydraatti-cas-12280-03-4\/#breadcrumb","itemListElement":[{"@type":"ListItem","position":1,"name":"Home","item":"https:\/\/masterchem.ee\/fi\/"},{"@type":"ListItem","position":2,"name":"Tooted ja teenused","item":"https:\/\/masterchem.ee\/tooted-ja-teenused\/"},{"@type":"ListItem","position":3,"name":"Dinatriumoktaboraattitetrahydraatti (CAS 12280-03-4)"}]},{"@type":"WebSite","@id":"https:\/\/masterchem.ee\/fi\/#website","url":"https:\/\/masterchem.ee\/fi\/","name":"Masterchem.ee","description":"Chemistry For Industry - Solvents &amp; Chemicals","publisher":{"@id":"https:\/\/masterchem.ee\/fi\/#organization"},"potentialAction":[{"@type":"SearchAction","target":{"@type":"EntryPoint","urlTemplate":"https:\/\/masterchem.ee\/fi\/?s={search_term_string}"},"query-input":{"@type":"PropertyValueSpecification","valueRequired":true,"valueName":"search_term_string"}}],"inLanguage":"fi"},{"@type":"Organization","@id":"https:\/\/masterchem.ee\/fi\/#organization","name":"Masterchem","url":"https:\/\/masterchem.ee\/fi\/","logo":{"@type":"ImageObject","inLanguage":"fi","@id":"https:\/\/masterchem.ee\/fi\/#\/schema\/logo\/image\/","url":"https:\/\/masterchem.ee\/wp-content\/uploads\/2018\/02\/master-chem_final-1.png","contentUrl":"https:\/\/masterchem.ee\/wp-content\/uploads\/2018\/02\/master-chem_final-1.png","width":850,"height":356,"caption":"Masterchem"},"image":{"@id":"https:\/\/masterchem.ee\/fi\/#\/schema\/logo\/image\/"}}]}},"_links":{"self":[{"href":"https:\/\/masterchem.ee\/fi\/wp-json\/wp\/v2\/product\/19516","targetHints":{"allow":["GET"]}}],"collection":[{"href":"https:\/\/masterchem.ee\/fi\/wp-json\/wp\/v2\/product"}],"about":[{"href":"https:\/\/masterchem.ee\/fi\/wp-json\/wp\/v2\/types\/product"}],"wp:featuredmedia":[{"embeddable":true,"href":"https:\/\/masterchem.ee\/fi\/wp-json\/wp\/v2\/media\/19524"}],"wp:attachment":[{"href":"https:\/\/masterchem.ee\/fi\/wp-json\/wp\/v2\/media?parent=19516"}],"wp:term":[{"taxonomy":"product_brand","embeddable":true,"href":"https:\/\/masterchem.ee\/fi\/wp-json\/wp\/v2\/product_brand?post=19516"},{"taxonomy":"product_cat","embeddable":true,"href":"https:\/\/masterchem.ee\/fi\/wp-json\/wp\/v2\/product_cat?post=19516"},{"taxonomy":"product_tag","embeddable":true,"href":"https:\/\/masterchem.ee\/fi\/wp-json\/wp\/v2\/product_tag?post=19516"}],"curies":[{"name":"wp","href":"https:\/\/api.w.org\/{rel}","templated":true}]}}