{"id":1945,"date":"2018-02-28T17:23:03","date_gmt":"2018-02-28T17:23:03","guid":{"rendered":"https:\/\/masterchem.ee\/product\/1945\/"},"modified":"2021-05-25T22:39:19","modified_gmt":"2021-05-25T22:39:19","slug":"dipropyleeniglykoli","status":"publish","type":"product","link":"https:\/\/masterchem.ee\/fi\/tooted-ja-teenused\/dipropyleeniglykoli\/","title":{"rendered":"Dipropyleeniglykoli (CAS 110-98-5)"},"content":{"rendered":"<p style=\"text-align: justify;\">Dipropyleeniglykoli l\u00f6yt\u00e4\u00e4 monia k\u00e4ytt\u00f6j\u00e4 pehmittimena, v\u00e4lituotteena teollisissa kemiallisissa reaktioissa, polymerointi-initiaattorina tai monomeerin\u00e4 ja liuottimena. Sen alhainen myrkyllisyys ja liuotinominaisuudet tekev\u00e4t siit\u00e4 ihanteellisen lis\u00e4aineen hajusteisiin ja iho- ja hiustenhoitotuotteisiin. Se on my\u00f6s yleinen ainesosa kaupallisessa sumunesteess\u00e4, jota k\u00e4ytet\u00e4\u00e4n viihdeteollisuuden sumuuskoneissa<\/p>\n","protected":false},"excerpt":{"rendered":"<p style=\"text-align: justify;\">4-oksa-2,6-heptaanidioli, 2- (2-hydroksipropoksi) -propan-1 -ol ja 2- (2-hydroksi-1-metyylietoksi ) propan-1-olia. Se on v\u00e4rit\u00f6n, l\u00e4hes hajuton neste, jolla on korkea kiehumispiste ja alhainen myrkyllisyys.<\/p>\n<p>CAS 110-98-5<\/p>\n","protected":false},"featured_media":6453,"template":"","meta":[],"product_brand":[],"product_cat":[180,109,115,117,120,351,114],"product_tag":[],"class_list":{"0":"post-1945","1":"product","2":"type-product","3":"status-publish","4":"has-post-thumbnail","6":"product_cat-uncategorized-fi-2","7":"product_cat-anti-jaatymisnesteet","8":"product_cat-auton-ja-koneiden-kemikaalit","9":"product_cat-kotitalouskemikaalit","10":"product_cat-laaketeollisuus","11":"product_cat-puutarhanhoito","12":"product_cat-rakennusteollisuus","13":"pif-has-gallery","15":"first","16":"instock","17":"taxable","18":"shipping-taxable","19":"purchasable","20":"product-type-variable","21":"has-default-attributes"},"yoast_head":"<!-- This site is optimized with the Yoast SEO plugin v26.2 - https:\/\/yoast.com\/wordpress\/plugins\/seo\/ -->\n<title>Dipropyleeniglykoli (CAS 110-98-5) - Chemistry For Industry - Solvents &amp; Chemicals - Masterchem.ee<\/title>\n<meta name=\"description\" content=\"4-oksa-2,6-heptaanidioli, 2- (2-hydroksipropoksi) -propan-1 -ol ja 2- (2-hydroksi-1-metyylietoksi ) propan-1-olia. Se on v\u00e4rit\u00f6n, l\u00e4hes hajuton neste, jolla on korkea kiehumispiste ja alhainen myrkyllisyys. CAS 110-98-5\" \/>\n<meta name=\"robots\" content=\"index, follow, max-snippet:-1, max-image-preview:large, max-video-preview:-1\" \/>\n<link rel=\"canonical\" href=\"https:\/\/masterchem.ee\/fi\/tooted-ja-teenused\/dipropyleeniglykoli\/\" \/>\n<meta name=\"twitter:card\" content=\"summary_large_image\" \/>\n<meta name=\"twitter:title\" content=\"Dipropyleeniglykoli (CAS 110-98-5) - Chemistry For Industry - Solvents &amp; Chemicals - Masterchem.ee\" \/>\n<meta name=\"twitter:description\" content=\"4-oksa-2,6-heptaanidioli, 2- (2-hydroksipropoksi) -propan-1 -ol ja 2- (2-hydroksi-1-metyylietoksi ) propan-1-olia. Se on v\u00e4rit\u00f6n, l\u00e4hes hajuton neste, jolla on korkea kiehumispiste ja alhainen myrkyllisyys. CAS 110-98-5\" \/>\n<meta name=\"twitter:image\" content=\"https:\/\/masterchem.ee\/wp-content\/uploads\/2018\/02\/DIPROPYLENE-GLYCOL-1000l-MasterChem.jpg\" \/>\n<script type=\"application\/ld+json\" class=\"yoast-schema-graph\">{\"@context\":\"https:\/\/schema.org\",\"@graph\":[{\"@type\":\"WebPage\",\"@id\":\"https:\/\/masterchem.ee\/fi\/tooted-ja-teenused\/dipropyleeniglykoli\/\",\"url\":\"https:\/\/masterchem.ee\/fi\/tooted-ja-teenused\/dipropyleeniglykoli\/\",\"name\":\"Dipropyleeniglykoli (CAS 110-98-5) - Chemistry For Industry - Solvents &amp; Chemicals - Masterchem.ee\",\"isPartOf\":{\"@id\":\"https:\/\/masterchem.ee\/fi\/#website\"},\"primaryImageOfPage\":{\"@id\":\"https:\/\/masterchem.ee\/fi\/tooted-ja-teenused\/dipropyleeniglykoli\/#primaryimage\"},\"image\":{\"@id\":\"https:\/\/masterchem.ee\/fi\/tooted-ja-teenused\/dipropyleeniglykoli\/#primaryimage\"},\"thumbnailUrl\":\"https:\/\/masterchem.ee\/wp-content\/uploads\/2018\/02\/DIPROPYLENE-GLYCOL-1000l-MasterChem.jpg\",\"datePublished\":\"2018-02-28T17:23:03+00:00\",\"dateModified\":\"2021-05-25T22:39:19+00:00\",\"description\":\"4-oksa-2,6-heptaanidioli, 2- (2-hydroksipropoksi) -propan-1 -ol ja 2- (2-hydroksi-1-metyylietoksi ) propan-1-olia. Se on v\u00e4rit\u00f6n, l\u00e4hes hajuton neste, jolla on korkea kiehumispiste ja alhainen myrkyllisyys. CAS 110-98-5\",\"breadcrumb\":{\"@id\":\"https:\/\/masterchem.ee\/fi\/tooted-ja-teenused\/dipropyleeniglykoli\/#breadcrumb\"},\"inLanguage\":\"fi\",\"potentialAction\":[{\"@type\":\"ReadAction\",\"target\":[\"https:\/\/masterchem.ee\/fi\/tooted-ja-teenused\/dipropyleeniglykoli\/\"]}]},{\"@type\":\"ImageObject\",\"inLanguage\":\"fi\",\"@id\":\"https:\/\/masterchem.ee\/fi\/tooted-ja-teenused\/dipropyleeniglykoli\/#primaryimage\",\"url\":\"https:\/\/masterchem.ee\/wp-content\/uploads\/2018\/02\/DIPROPYLENE-GLYCOL-1000l-MasterChem.jpg\",\"contentUrl\":\"https:\/\/masterchem.ee\/wp-content\/uploads\/2018\/02\/DIPROPYLENE-GLYCOL-1000l-MasterChem.jpg\",\"width\":1000,\"height\":1000,\"caption\":\"Dipropyleeniglykoli 1000l MasterChem\"},{\"@type\":\"BreadcrumbList\",\"@id\":\"https:\/\/masterchem.ee\/fi\/tooted-ja-teenused\/dipropyleeniglykoli\/#breadcrumb\",\"itemListElement\":[{\"@type\":\"ListItem\",\"position\":1,\"name\":\"Home\",\"item\":\"https:\/\/masterchem.ee\/fi\/\"},{\"@type\":\"ListItem\",\"position\":2,\"name\":\"Tooted ja teenused\",\"item\":\"https:\/\/masterchem.ee\/tooted-ja-teenused\/\"},{\"@type\":\"ListItem\",\"position\":3,\"name\":\"Dipropyleeniglykoli (CAS 110-98-5)\"}]},{\"@type\":\"WebSite\",\"@id\":\"https:\/\/masterchem.ee\/fi\/#website\",\"url\":\"https:\/\/masterchem.ee\/fi\/\",\"name\":\"Masterchem.ee\",\"description\":\"Chemistry For Industry - Solvents &amp; Chemicals\",\"publisher\":{\"@id\":\"https:\/\/masterchem.ee\/fi\/#organization\"},\"potentialAction\":[{\"@type\":\"SearchAction\",\"target\":{\"@type\":\"EntryPoint\",\"urlTemplate\":\"https:\/\/masterchem.ee\/fi\/?s={search_term_string}\"},\"query-input\":{\"@type\":\"PropertyValueSpecification\",\"valueRequired\":true,\"valueName\":\"search_term_string\"}}],\"inLanguage\":\"fi\"},{\"@type\":\"Organization\",\"@id\":\"https:\/\/masterchem.ee\/fi\/#organization\",\"name\":\"Masterchem\",\"url\":\"https:\/\/masterchem.ee\/fi\/\",\"logo\":{\"@type\":\"ImageObject\",\"inLanguage\":\"fi\",\"@id\":\"https:\/\/masterchem.ee\/fi\/#\/schema\/logo\/image\/\",\"url\":\"https:\/\/masterchem.ee\/wp-content\/uploads\/2018\/02\/master-chem_final-1.png\",\"contentUrl\":\"https:\/\/masterchem.ee\/wp-content\/uploads\/2018\/02\/master-chem_final-1.png\",\"width\":850,\"height\":356,\"caption\":\"Masterchem\"},\"image\":{\"@id\":\"https:\/\/masterchem.ee\/fi\/#\/schema\/logo\/image\/\"}}]}<\/script>\n<!-- \/ Yoast SEO plugin. -->","yoast_head_json":{"title":"Dipropyleeniglykoli (CAS 110-98-5) - Chemistry For Industry - Solvents &amp; Chemicals - Masterchem.ee","description":"4-oksa-2,6-heptaanidioli, 2- (2-hydroksipropoksi) -propan-1 -ol ja 2- (2-hydroksi-1-metyylietoksi ) propan-1-olia. Se on v\u00e4rit\u00f6n, l\u00e4hes hajuton neste, jolla on korkea kiehumispiste ja alhainen myrkyllisyys. CAS 110-98-5","robots":{"index":"index","follow":"follow","max-snippet":"max-snippet:-1","max-image-preview":"max-image-preview:large","max-video-preview":"max-video-preview:-1"},"canonical":"https:\/\/masterchem.ee\/fi\/tooted-ja-teenused\/dipropyleeniglykoli\/","twitter_card":"summary_large_image","twitter_title":"Dipropyleeniglykoli (CAS 110-98-5) - Chemistry For Industry - Solvents &amp; Chemicals - Masterchem.ee","twitter_description":"4-oksa-2,6-heptaanidioli, 2- (2-hydroksipropoksi) -propan-1 -ol ja 2- (2-hydroksi-1-metyylietoksi ) propan-1-olia. Se on v\u00e4rit\u00f6n, l\u00e4hes hajuton neste, jolla on korkea kiehumispiste ja alhainen myrkyllisyys. CAS 110-98-5","twitter_image":"https:\/\/masterchem.ee\/wp-content\/uploads\/2018\/02\/DIPROPYLENE-GLYCOL-1000l-MasterChem.jpg","schema":{"@context":"https:\/\/schema.org","@graph":[{"@type":"WebPage","@id":"https:\/\/masterchem.ee\/fi\/tooted-ja-teenused\/dipropyleeniglykoli\/","url":"https:\/\/masterchem.ee\/fi\/tooted-ja-teenused\/dipropyleeniglykoli\/","name":"Dipropyleeniglykoli (CAS 110-98-5) - Chemistry For Industry - Solvents &amp; Chemicals - Masterchem.ee","isPartOf":{"@id":"https:\/\/masterchem.ee\/fi\/#website"},"primaryImageOfPage":{"@id":"https:\/\/masterchem.ee\/fi\/tooted-ja-teenused\/dipropyleeniglykoli\/#primaryimage"},"image":{"@id":"https:\/\/masterchem.ee\/fi\/tooted-ja-teenused\/dipropyleeniglykoli\/#primaryimage"},"thumbnailUrl":"https:\/\/masterchem.ee\/wp-content\/uploads\/2018\/02\/DIPROPYLENE-GLYCOL-1000l-MasterChem.jpg","datePublished":"2018-02-28T17:23:03+00:00","dateModified":"2021-05-25T22:39:19+00:00","description":"4-oksa-2,6-heptaanidioli, 2- (2-hydroksipropoksi) -propan-1 -ol ja 2- (2-hydroksi-1-metyylietoksi ) propan-1-olia. Se on v\u00e4rit\u00f6n, l\u00e4hes hajuton neste, jolla on korkea kiehumispiste ja alhainen myrkyllisyys. CAS 110-98-5","breadcrumb":{"@id":"https:\/\/masterchem.ee\/fi\/tooted-ja-teenused\/dipropyleeniglykoli\/#breadcrumb"},"inLanguage":"fi","potentialAction":[{"@type":"ReadAction","target":["https:\/\/masterchem.ee\/fi\/tooted-ja-teenused\/dipropyleeniglykoli\/"]}]},{"@type":"ImageObject","inLanguage":"fi","@id":"https:\/\/masterchem.ee\/fi\/tooted-ja-teenused\/dipropyleeniglykoli\/#primaryimage","url":"https:\/\/masterchem.ee\/wp-content\/uploads\/2018\/02\/DIPROPYLENE-GLYCOL-1000l-MasterChem.jpg","contentUrl":"https:\/\/masterchem.ee\/wp-content\/uploads\/2018\/02\/DIPROPYLENE-GLYCOL-1000l-MasterChem.jpg","width":1000,"height":1000,"caption":"Dipropyleeniglykoli 1000l MasterChem"},{"@type":"BreadcrumbList","@id":"https:\/\/masterchem.ee\/fi\/tooted-ja-teenused\/dipropyleeniglykoli\/#breadcrumb","itemListElement":[{"@type":"ListItem","position":1,"name":"Home","item":"https:\/\/masterchem.ee\/fi\/"},{"@type":"ListItem","position":2,"name":"Tooted ja teenused","item":"https:\/\/masterchem.ee\/tooted-ja-teenused\/"},{"@type":"ListItem","position":3,"name":"Dipropyleeniglykoli (CAS 110-98-5)"}]},{"@type":"WebSite","@id":"https:\/\/masterchem.ee\/fi\/#website","url":"https:\/\/masterchem.ee\/fi\/","name":"Masterchem.ee","description":"Chemistry For Industry - Solvents &amp; Chemicals","publisher":{"@id":"https:\/\/masterchem.ee\/fi\/#organization"},"potentialAction":[{"@type":"SearchAction","target":{"@type":"EntryPoint","urlTemplate":"https:\/\/masterchem.ee\/fi\/?s={search_term_string}"},"query-input":{"@type":"PropertyValueSpecification","valueRequired":true,"valueName":"search_term_string"}}],"inLanguage":"fi"},{"@type":"Organization","@id":"https:\/\/masterchem.ee\/fi\/#organization","name":"Masterchem","url":"https:\/\/masterchem.ee\/fi\/","logo":{"@type":"ImageObject","inLanguage":"fi","@id":"https:\/\/masterchem.ee\/fi\/#\/schema\/logo\/image\/","url":"https:\/\/masterchem.ee\/wp-content\/uploads\/2018\/02\/master-chem_final-1.png","contentUrl":"https:\/\/masterchem.ee\/wp-content\/uploads\/2018\/02\/master-chem_final-1.png","width":850,"height":356,"caption":"Masterchem"},"image":{"@id":"https:\/\/masterchem.ee\/fi\/#\/schema\/logo\/image\/"}}]}},"_links":{"self":[{"href":"https:\/\/masterchem.ee\/fi\/wp-json\/wp\/v2\/product\/1945","targetHints":{"allow":["GET"]}}],"collection":[{"href":"https:\/\/masterchem.ee\/fi\/wp-json\/wp\/v2\/product"}],"about":[{"href":"https:\/\/masterchem.ee\/fi\/wp-json\/wp\/v2\/types\/product"}],"wp:featuredmedia":[{"embeddable":true,"href":"https:\/\/masterchem.ee\/fi\/wp-json\/wp\/v2\/media\/6453"}],"wp:attachment":[{"href":"https:\/\/masterchem.ee\/fi\/wp-json\/wp\/v2\/media?parent=1945"}],"wp:term":[{"taxonomy":"product_brand","embeddable":true,"href":"https:\/\/masterchem.ee\/fi\/wp-json\/wp\/v2\/product_brand?post=1945"},{"taxonomy":"product_cat","embeddable":true,"href":"https:\/\/masterchem.ee\/fi\/wp-json\/wp\/v2\/product_cat?post=1945"},{"taxonomy":"product_tag","embeddable":true,"href":"https:\/\/masterchem.ee\/fi\/wp-json\/wp\/v2\/product_tag?post=1945"}],"curies":[{"name":"wp","href":"https:\/\/api.w.org\/{rel}","templated":true}]}}