{"id":19444,"date":"2022-04-07T13:15:54","date_gmt":"2022-04-07T13:16:00","guid":{"rendered":"https:\/\/masterchem.ee\/?post_type=product&#038;p=19444"},"modified":"2022-04-07T13:24:18","modified_gmt":"2022-04-07T13:24:18","slug":"kaliumfosfiitti-cas-13977-65-6","status":"publish","type":"product","link":"https:\/\/masterchem.ee\/fi\/tooted-ja-teenused\/kaliumfosfiitti-cas-13977-65-6\/","title":{"rendered":"Kaliumfosfiitti (CAS 13977-65-6)"},"content":{"rendered":"<p><strong>Info<\/strong><br \/>\nToimialat: Lannoitteet<br \/>\nCAS-numero: 13977-65-6<br \/>\nWE-numero: 604-162-9<br \/>\nKemiallinen kaava: KH2PO3<br \/>\nMolekyylimassa: 120 086 g\/mol<br \/>\nTullitariffikoodi: 28351000<\/p>\n","protected":false},"excerpt":{"rendered":"<p><strong>Kaliumfosfiitti (CAS 13977-65-6)<\/strong><\/p>\n<p>Monokaliumfosfiitti on ep\u00e4orgaaninen yhdiste, jonka kaava on KH2PO3. Koostumukseltaan samankaltaisella yhdisteell\u00e4 on kaava H3PO3.2(KH2PO3). Molemmat ovat valkoisia kiinteit\u00e4 aineita, jotka koostuvat fosfiittianionin H2PO3\u2212, fosforihapon konjugaattiem\u00e4ksen suoloista.<\/p>\n<p>Kaliumfosfiitteja k\u00e4ytet\u00e4\u00e4n sienitautien torjunta-aineina (l\u00f6yh\u00e4ss\u00e4 merkityksess\u00e4) maataloudessa torjumaan vesien hometta vastaan. H\u00e4mment\u00e4v\u00e4\u00e4, ett\u00e4 niit\u00e4 on markkinoitu my\u00f6s lannoitteina s\u00e4\u00e4ntelytaakan v\u00e4ltt\u00e4miseksi. Vaikka fosfiittimuodossa oleva fosfori pystyy t\u00e4ydellisesti toimittamaan kaliumia kasveille, se ei ole kasvien saatavilla, ja se voi jopa est\u00e4\u00e4 normaalin fosfaattimuodon ottoa, jos sit\u00e4 k\u00e4ytet\u00e4\u00e4n liikaa.<\/p>\n","protected":false},"featured_media":19452,"template":"","meta":[],"product_brand":[],"product_cat":[180,323],"product_tag":[],"class_list":{"0":"post-19444","1":"product","2":"type-product","3":"status-publish","4":"has-post-thumbnail","6":"product_cat-uncategorized-fi-2","7":"product_cat-lannoitteet","9":"first","10":"instock","11":"taxable","12":"shipping-taxable","13":"purchasable","14":"product-type-variable","15":"has-default-attributes"},"yoast_head":"<!-- This site is optimized with the Yoast SEO plugin v26.2 - https:\/\/yoast.com\/wordpress\/plugins\/seo\/ -->\n<title>Kaliumfosfiitti (CAS 13977-65-6) - Chemistry For Industry - Solvents &amp; Chemicals - Masterchem.ee<\/title>\n<meta name=\"description\" content=\"Monokaliumfosfiitti on ep\u00e4orgaaninen yhdiste, jonka kaava on KH2PO3. Koostumukseltaan samankaltaisella yhdisteell\u00e4 on kaava H3PO3.2(KH2PO3).\" \/>\n<meta name=\"robots\" content=\"index, follow, max-snippet:-1, max-image-preview:large, max-video-preview:-1\" \/>\n<link rel=\"canonical\" href=\"https:\/\/masterchem.ee\/fi\/tooted-ja-teenused\/kaliumfosfiitti-cas-13977-65-6\/\" \/>\n<meta name=\"twitter:card\" content=\"summary_large_image\" \/>\n<meta name=\"twitter:title\" content=\"Kaliumfosfiitti (CAS 13977-65-6) - Chemistry For Industry - Solvents &amp; Chemicals - Masterchem.ee\" \/>\n<meta name=\"twitter:description\" content=\"Monokaliumfosfiitti on ep\u00e4orgaaninen yhdiste, jonka kaava on KH2PO3. Koostumukseltaan samankaltaisella yhdisteell\u00e4 on kaava H3PO3.2(KH2PO3).\" \/>\n<meta name=\"twitter:image\" content=\"https:\/\/masterchem.ee\/wp-content\/uploads\/2022\/04\/Kaaliumfosfi-25kg-MasterChem.jpg\" \/>\n<script type=\"application\/ld+json\" class=\"yoast-schema-graph\">{\"@context\":\"https:\/\/schema.org\",\"@graph\":[{\"@type\":\"WebPage\",\"@id\":\"https:\/\/masterchem.ee\/fi\/tooted-ja-teenused\/kaliumfosfiitti-cas-13977-65-6\/\",\"url\":\"https:\/\/masterchem.ee\/fi\/tooted-ja-teenused\/kaliumfosfiitti-cas-13977-65-6\/\",\"name\":\"Kaliumfosfiitti (CAS 13977-65-6) - Chemistry For Industry - Solvents &amp; Chemicals - Masterchem.ee\",\"isPartOf\":{\"@id\":\"https:\/\/masterchem.ee\/fi\/#website\"},\"primaryImageOfPage\":{\"@id\":\"https:\/\/masterchem.ee\/fi\/tooted-ja-teenused\/kaliumfosfiitti-cas-13977-65-6\/#primaryimage\"},\"image\":{\"@id\":\"https:\/\/masterchem.ee\/fi\/tooted-ja-teenused\/kaliumfosfiitti-cas-13977-65-6\/#primaryimage\"},\"thumbnailUrl\":\"https:\/\/masterchem.ee\/wp-content\/uploads\/2022\/04\/Kaaliumfosfi-25kg-MasterChem.jpg\",\"datePublished\":\"2022-04-07T13:16:00+00:00\",\"dateModified\":\"2022-04-07T13:24:18+00:00\",\"description\":\"Monokaliumfosfiitti on ep\u00e4orgaaninen yhdiste, jonka kaava on KH2PO3. Koostumukseltaan samankaltaisella yhdisteell\u00e4 on kaava H3PO3.2(KH2PO3).\",\"breadcrumb\":{\"@id\":\"https:\/\/masterchem.ee\/fi\/tooted-ja-teenused\/kaliumfosfiitti-cas-13977-65-6\/#breadcrumb\"},\"inLanguage\":\"fi\",\"potentialAction\":[{\"@type\":\"ReadAction\",\"target\":[\"https:\/\/masterchem.ee\/fi\/tooted-ja-teenused\/kaliumfosfiitti-cas-13977-65-6\/\"]}]},{\"@type\":\"ImageObject\",\"inLanguage\":\"fi\",\"@id\":\"https:\/\/masterchem.ee\/fi\/tooted-ja-teenused\/kaliumfosfiitti-cas-13977-65-6\/#primaryimage\",\"url\":\"https:\/\/masterchem.ee\/wp-content\/uploads\/2022\/04\/Kaaliumfosfi-25kg-MasterChem.jpg\",\"contentUrl\":\"https:\/\/masterchem.ee\/wp-content\/uploads\/2022\/04\/Kaaliumfosfi-25kg-MasterChem.jpg\",\"width\":1000,\"height\":1000,\"caption\":\"Kaliumfosfiitti (CAS 13977-65-6) 25kg MasterChem\"},{\"@type\":\"BreadcrumbList\",\"@id\":\"https:\/\/masterchem.ee\/fi\/tooted-ja-teenused\/kaliumfosfiitti-cas-13977-65-6\/#breadcrumb\",\"itemListElement\":[{\"@type\":\"ListItem\",\"position\":1,\"name\":\"Home\",\"item\":\"https:\/\/masterchem.ee\/fi\/\"},{\"@type\":\"ListItem\",\"position\":2,\"name\":\"Tooted ja teenused\",\"item\":\"https:\/\/masterchem.ee\/tooted-ja-teenused\/\"},{\"@type\":\"ListItem\",\"position\":3,\"name\":\"Kaliumfosfiitti (CAS 13977-65-6)\"}]},{\"@type\":\"WebSite\",\"@id\":\"https:\/\/masterchem.ee\/fi\/#website\",\"url\":\"https:\/\/masterchem.ee\/fi\/\",\"name\":\"Masterchem.ee\",\"description\":\"Chemistry For Industry - Solvents &amp; Chemicals\",\"publisher\":{\"@id\":\"https:\/\/masterchem.ee\/fi\/#organization\"},\"potentialAction\":[{\"@type\":\"SearchAction\",\"target\":{\"@type\":\"EntryPoint\",\"urlTemplate\":\"https:\/\/masterchem.ee\/fi\/?s={search_term_string}\"},\"query-input\":{\"@type\":\"PropertyValueSpecification\",\"valueRequired\":true,\"valueName\":\"search_term_string\"}}],\"inLanguage\":\"fi\"},{\"@type\":\"Organization\",\"@id\":\"https:\/\/masterchem.ee\/fi\/#organization\",\"name\":\"Masterchem\",\"url\":\"https:\/\/masterchem.ee\/fi\/\",\"logo\":{\"@type\":\"ImageObject\",\"inLanguage\":\"fi\",\"@id\":\"https:\/\/masterchem.ee\/fi\/#\/schema\/logo\/image\/\",\"url\":\"https:\/\/masterchem.ee\/wp-content\/uploads\/2018\/02\/master-chem_final-1.png\",\"contentUrl\":\"https:\/\/masterchem.ee\/wp-content\/uploads\/2018\/02\/master-chem_final-1.png\",\"width\":850,\"height\":356,\"caption\":\"Masterchem\"},\"image\":{\"@id\":\"https:\/\/masterchem.ee\/fi\/#\/schema\/logo\/image\/\"}}]}<\/script>\n<!-- \/ Yoast SEO plugin. -->","yoast_head_json":{"title":"Kaliumfosfiitti (CAS 13977-65-6) - Chemistry For Industry - Solvents &amp; Chemicals - Masterchem.ee","description":"Monokaliumfosfiitti on ep\u00e4orgaaninen yhdiste, jonka kaava on KH2PO3. Koostumukseltaan samankaltaisella yhdisteell\u00e4 on kaava H3PO3.2(KH2PO3).","robots":{"index":"index","follow":"follow","max-snippet":"max-snippet:-1","max-image-preview":"max-image-preview:large","max-video-preview":"max-video-preview:-1"},"canonical":"https:\/\/masterchem.ee\/fi\/tooted-ja-teenused\/kaliumfosfiitti-cas-13977-65-6\/","twitter_card":"summary_large_image","twitter_title":"Kaliumfosfiitti (CAS 13977-65-6) - Chemistry For Industry - Solvents &amp; Chemicals - Masterchem.ee","twitter_description":"Monokaliumfosfiitti on ep\u00e4orgaaninen yhdiste, jonka kaava on KH2PO3. Koostumukseltaan samankaltaisella yhdisteell\u00e4 on kaava H3PO3.2(KH2PO3).","twitter_image":"https:\/\/masterchem.ee\/wp-content\/uploads\/2022\/04\/Kaaliumfosfi-25kg-MasterChem.jpg","schema":{"@context":"https:\/\/schema.org","@graph":[{"@type":"WebPage","@id":"https:\/\/masterchem.ee\/fi\/tooted-ja-teenused\/kaliumfosfiitti-cas-13977-65-6\/","url":"https:\/\/masterchem.ee\/fi\/tooted-ja-teenused\/kaliumfosfiitti-cas-13977-65-6\/","name":"Kaliumfosfiitti (CAS 13977-65-6) - Chemistry For Industry - Solvents &amp; Chemicals - Masterchem.ee","isPartOf":{"@id":"https:\/\/masterchem.ee\/fi\/#website"},"primaryImageOfPage":{"@id":"https:\/\/masterchem.ee\/fi\/tooted-ja-teenused\/kaliumfosfiitti-cas-13977-65-6\/#primaryimage"},"image":{"@id":"https:\/\/masterchem.ee\/fi\/tooted-ja-teenused\/kaliumfosfiitti-cas-13977-65-6\/#primaryimage"},"thumbnailUrl":"https:\/\/masterchem.ee\/wp-content\/uploads\/2022\/04\/Kaaliumfosfi-25kg-MasterChem.jpg","datePublished":"2022-04-07T13:16:00+00:00","dateModified":"2022-04-07T13:24:18+00:00","description":"Monokaliumfosfiitti on ep\u00e4orgaaninen yhdiste, jonka kaava on KH2PO3. Koostumukseltaan samankaltaisella yhdisteell\u00e4 on kaava H3PO3.2(KH2PO3).","breadcrumb":{"@id":"https:\/\/masterchem.ee\/fi\/tooted-ja-teenused\/kaliumfosfiitti-cas-13977-65-6\/#breadcrumb"},"inLanguage":"fi","potentialAction":[{"@type":"ReadAction","target":["https:\/\/masterchem.ee\/fi\/tooted-ja-teenused\/kaliumfosfiitti-cas-13977-65-6\/"]}]},{"@type":"ImageObject","inLanguage":"fi","@id":"https:\/\/masterchem.ee\/fi\/tooted-ja-teenused\/kaliumfosfiitti-cas-13977-65-6\/#primaryimage","url":"https:\/\/masterchem.ee\/wp-content\/uploads\/2022\/04\/Kaaliumfosfi-25kg-MasterChem.jpg","contentUrl":"https:\/\/masterchem.ee\/wp-content\/uploads\/2022\/04\/Kaaliumfosfi-25kg-MasterChem.jpg","width":1000,"height":1000,"caption":"Kaliumfosfiitti (CAS 13977-65-6) 25kg MasterChem"},{"@type":"BreadcrumbList","@id":"https:\/\/masterchem.ee\/fi\/tooted-ja-teenused\/kaliumfosfiitti-cas-13977-65-6\/#breadcrumb","itemListElement":[{"@type":"ListItem","position":1,"name":"Home","item":"https:\/\/masterchem.ee\/fi\/"},{"@type":"ListItem","position":2,"name":"Tooted ja teenused","item":"https:\/\/masterchem.ee\/tooted-ja-teenused\/"},{"@type":"ListItem","position":3,"name":"Kaliumfosfiitti (CAS 13977-65-6)"}]},{"@type":"WebSite","@id":"https:\/\/masterchem.ee\/fi\/#website","url":"https:\/\/masterchem.ee\/fi\/","name":"Masterchem.ee","description":"Chemistry For Industry - Solvents &amp; Chemicals","publisher":{"@id":"https:\/\/masterchem.ee\/fi\/#organization"},"potentialAction":[{"@type":"SearchAction","target":{"@type":"EntryPoint","urlTemplate":"https:\/\/masterchem.ee\/fi\/?s={search_term_string}"},"query-input":{"@type":"PropertyValueSpecification","valueRequired":true,"valueName":"search_term_string"}}],"inLanguage":"fi"},{"@type":"Organization","@id":"https:\/\/masterchem.ee\/fi\/#organization","name":"Masterchem","url":"https:\/\/masterchem.ee\/fi\/","logo":{"@type":"ImageObject","inLanguage":"fi","@id":"https:\/\/masterchem.ee\/fi\/#\/schema\/logo\/image\/","url":"https:\/\/masterchem.ee\/wp-content\/uploads\/2018\/02\/master-chem_final-1.png","contentUrl":"https:\/\/masterchem.ee\/wp-content\/uploads\/2018\/02\/master-chem_final-1.png","width":850,"height":356,"caption":"Masterchem"},"image":{"@id":"https:\/\/masterchem.ee\/fi\/#\/schema\/logo\/image\/"}}]}},"_links":{"self":[{"href":"https:\/\/masterchem.ee\/fi\/wp-json\/wp\/v2\/product\/19444","targetHints":{"allow":["GET"]}}],"collection":[{"href":"https:\/\/masterchem.ee\/fi\/wp-json\/wp\/v2\/product"}],"about":[{"href":"https:\/\/masterchem.ee\/fi\/wp-json\/wp\/v2\/types\/product"}],"wp:featuredmedia":[{"embeddable":true,"href":"https:\/\/masterchem.ee\/fi\/wp-json\/wp\/v2\/media\/19452"}],"wp:attachment":[{"href":"https:\/\/masterchem.ee\/fi\/wp-json\/wp\/v2\/media?parent=19444"}],"wp:term":[{"taxonomy":"product_brand","embeddable":true,"href":"https:\/\/masterchem.ee\/fi\/wp-json\/wp\/v2\/product_brand?post=19444"},{"taxonomy":"product_cat","embeddable":true,"href":"https:\/\/masterchem.ee\/fi\/wp-json\/wp\/v2\/product_cat?post=19444"},{"taxonomy":"product_tag","embeddable":true,"href":"https:\/\/masterchem.ee\/fi\/wp-json\/wp\/v2\/product_tag?post=19444"}],"curies":[{"name":"wp","href":"https:\/\/api.w.org\/{rel}","templated":true}]}}