{"id":19418,"date":"2022-04-07T12:49:17","date_gmt":"2022-04-07T12:49:24","guid":{"rendered":"https:\/\/masterchem.ee\/?post_type=product&#038;p=19418"},"modified":"2022-04-07T12:56:53","modified_gmt":"2022-04-07T12:56:53","slug":"kalsiumklorididihydraatti-cas-10035-04-8","status":"publish","type":"product","link":"https:\/\/masterchem.ee\/fi\/tooted-ja-teenused\/kalsiumklorididihydraatti-cas-10035-04-8\/","title":{"rendered":"Kalsiumklorididihydraatti (CAS 10035-04-8)"},"content":{"rendered":"<p><strong>Info<\/strong><br \/>\nToimialat: kotitalouskemikaalit, lannoitteet, puutarhanhoito, rakennuskemia<br \/>\nCAS-numero: 10035-04-8<br \/>\nWE-numero: 233-140-8<br \/>\nKemiallinen kaava: CaCl2\u20222H2O<br \/>\nMolekyylimassa: 147,02 g\/mol<br \/>\nTullitariffikoodi: 28272000<\/p>\n","protected":false},"excerpt":{"rendered":"<p><strong>Kalsiumklorididihydraatti (CAS 10035-04-8)<\/strong><\/p>\n<p>Kalsiumkloridi on ep\u00e4orgaaninen yhdiste, suola, jonka kemiallinen kaava on CaCl2. Se on valkoinen kiteinen kiinte\u00e4 aine huoneenl\u00e4mp\u00f6tilassa ja liukenee hyvin veteen. Se voidaan luoda neutraloimalla suolahappoa kalsiumhydroksidilla.<\/p>\n<p>Kalsiumkloridia tavataan yleisesti hydratoituneena kiinte\u00e4n\u00e4 aineena, jonka yleinen kaava on CaCl2\u00b7xH2O, jossa x = 0, 1, 2, 4 ja 6. N\u00e4it\u00e4 yhdisteit\u00e4 k\u00e4ytet\u00e4\u00e4n p\u00e4\u00e4asiassa j\u00e4\u00e4npoistoon ja p\u00f6lyntorjuntaan. Koska vedet\u00f6n suola on hydroskooppinen ja vetistyv\u00e4, sit\u00e4 k\u00e4ytet\u00e4\u00e4n kuivausaineena.<\/p>\n","protected":false},"featured_media":19430,"template":"","meta":[],"product_brand":[],"product_cat":[180,117,323,351,114],"product_tag":[],"class_list":{"0":"post-19418","1":"product","2":"type-product","3":"status-publish","4":"has-post-thumbnail","6":"product_cat-uncategorized-fi-2","7":"product_cat-kotitalouskemikaalit","8":"product_cat-lannoitteet","9":"product_cat-puutarhanhoito","10":"product_cat-rakennusteollisuus","12":"first","13":"instock","14":"taxable","15":"shipping-taxable","16":"purchasable","17":"product-type-variable","18":"has-default-attributes"},"yoast_head":"<!-- This site is optimized with the Yoast SEO plugin v26.2 - https:\/\/yoast.com\/wordpress\/plugins\/seo\/ -->\n<title>Kalsiumklorididihydraatti (CAS 10035-04-8) - Chemistry For Industry - Solvents &amp; Chemicals - Masterchem.ee<\/title>\n<meta name=\"description\" content=\"Kalsiumkloridi on ep\u00e4orgaaninen yhdiste, suola, jonka kemiallinen kaava on CaCl2. Se on valkoinen kiteinen kiinte\u00e4 aine huoneenl\u00e4mp\u00f6tilassa ja liukenee hyvin veteen.\" \/>\n<meta name=\"robots\" content=\"index, follow, max-snippet:-1, max-image-preview:large, max-video-preview:-1\" \/>\n<link rel=\"canonical\" href=\"https:\/\/masterchem.ee\/fi\/tooted-ja-teenused\/kalsiumklorididihydraatti-cas-10035-04-8\/\" \/>\n<meta name=\"twitter:card\" content=\"summary_large_image\" \/>\n<meta name=\"twitter:title\" content=\"Kalsiumklorididihydraatti (CAS 10035-04-8) - Chemistry For Industry - Solvents &amp; Chemicals - Masterchem.ee\" \/>\n<meta name=\"twitter:description\" content=\"Kalsiumkloridi on ep\u00e4orgaaninen yhdiste, suola, jonka kemiallinen kaava on CaCl2. Se on valkoinen kiteinen kiinte\u00e4 aine huoneenl\u00e4mp\u00f6tilassa ja liukenee hyvin veteen.\" \/>\n<meta name=\"twitter:image\" content=\"https:\/\/masterchem.ee\/wp-content\/uploads\/2022\/04\/Kaltsiumkloriidi-dihudraat-25kg-MasterChem-1.jpg\" \/>\n<script type=\"application\/ld+json\" class=\"yoast-schema-graph\">{\"@context\":\"https:\/\/schema.org\",\"@graph\":[{\"@type\":\"WebPage\",\"@id\":\"https:\/\/masterchem.ee\/fi\/tooted-ja-teenused\/kalsiumklorididihydraatti-cas-10035-04-8\/\",\"url\":\"https:\/\/masterchem.ee\/fi\/tooted-ja-teenused\/kalsiumklorididihydraatti-cas-10035-04-8\/\",\"name\":\"Kalsiumklorididihydraatti (CAS 10035-04-8) - Chemistry For Industry - Solvents &amp; Chemicals - Masterchem.ee\",\"isPartOf\":{\"@id\":\"https:\/\/masterchem.ee\/fi\/#website\"},\"primaryImageOfPage\":{\"@id\":\"https:\/\/masterchem.ee\/fi\/tooted-ja-teenused\/kalsiumklorididihydraatti-cas-10035-04-8\/#primaryimage\"},\"image\":{\"@id\":\"https:\/\/masterchem.ee\/fi\/tooted-ja-teenused\/kalsiumklorididihydraatti-cas-10035-04-8\/#primaryimage\"},\"thumbnailUrl\":\"https:\/\/masterchem.ee\/wp-content\/uploads\/2022\/04\/Kaltsiumkloriidi-dihudraat-25kg-MasterChem-1.jpg\",\"datePublished\":\"2022-04-07T12:49:24+00:00\",\"dateModified\":\"2022-04-07T12:56:53+00:00\",\"description\":\"Kalsiumkloridi on ep\u00e4orgaaninen yhdiste, suola, jonka kemiallinen kaava on CaCl2. Se on valkoinen kiteinen kiinte\u00e4 aine huoneenl\u00e4mp\u00f6tilassa ja liukenee hyvin veteen.\",\"breadcrumb\":{\"@id\":\"https:\/\/masterchem.ee\/fi\/tooted-ja-teenused\/kalsiumklorididihydraatti-cas-10035-04-8\/#breadcrumb\"},\"inLanguage\":\"fi\",\"potentialAction\":[{\"@type\":\"ReadAction\",\"target\":[\"https:\/\/masterchem.ee\/fi\/tooted-ja-teenused\/kalsiumklorididihydraatti-cas-10035-04-8\/\"]}]},{\"@type\":\"ImageObject\",\"inLanguage\":\"fi\",\"@id\":\"https:\/\/masterchem.ee\/fi\/tooted-ja-teenused\/kalsiumklorididihydraatti-cas-10035-04-8\/#primaryimage\",\"url\":\"https:\/\/masterchem.ee\/wp-content\/uploads\/2022\/04\/Kaltsiumkloriidi-dihudraat-25kg-MasterChem-1.jpg\",\"contentUrl\":\"https:\/\/masterchem.ee\/wp-content\/uploads\/2022\/04\/Kaltsiumkloriidi-dihudraat-25kg-MasterChem-1.jpg\",\"width\":1000,\"height\":1000,\"caption\":\"Kalsiumklorididihydraatti (CAS 10035-04-8) 25kg MasterChem\"},{\"@type\":\"BreadcrumbList\",\"@id\":\"https:\/\/masterchem.ee\/fi\/tooted-ja-teenused\/kalsiumklorididihydraatti-cas-10035-04-8\/#breadcrumb\",\"itemListElement\":[{\"@type\":\"ListItem\",\"position\":1,\"name\":\"Home\",\"item\":\"https:\/\/masterchem.ee\/fi\/\"},{\"@type\":\"ListItem\",\"position\":2,\"name\":\"Tooted ja teenused\",\"item\":\"https:\/\/masterchem.ee\/tooted-ja-teenused\/\"},{\"@type\":\"ListItem\",\"position\":3,\"name\":\"Kalsiumklorididihydraatti (CAS 10035-04-8)\"}]},{\"@type\":\"WebSite\",\"@id\":\"https:\/\/masterchem.ee\/fi\/#website\",\"url\":\"https:\/\/masterchem.ee\/fi\/\",\"name\":\"Masterchem.ee\",\"description\":\"Chemistry For Industry - Solvents &amp; Chemicals\",\"publisher\":{\"@id\":\"https:\/\/masterchem.ee\/fi\/#organization\"},\"potentialAction\":[{\"@type\":\"SearchAction\",\"target\":{\"@type\":\"EntryPoint\",\"urlTemplate\":\"https:\/\/masterchem.ee\/fi\/?s={search_term_string}\"},\"query-input\":{\"@type\":\"PropertyValueSpecification\",\"valueRequired\":true,\"valueName\":\"search_term_string\"}}],\"inLanguage\":\"fi\"},{\"@type\":\"Organization\",\"@id\":\"https:\/\/masterchem.ee\/fi\/#organization\",\"name\":\"Masterchem\",\"url\":\"https:\/\/masterchem.ee\/fi\/\",\"logo\":{\"@type\":\"ImageObject\",\"inLanguage\":\"fi\",\"@id\":\"https:\/\/masterchem.ee\/fi\/#\/schema\/logo\/image\/\",\"url\":\"https:\/\/masterchem.ee\/wp-content\/uploads\/2018\/02\/master-chem_final-1.png\",\"contentUrl\":\"https:\/\/masterchem.ee\/wp-content\/uploads\/2018\/02\/master-chem_final-1.png\",\"width\":850,\"height\":356,\"caption\":\"Masterchem\"},\"image\":{\"@id\":\"https:\/\/masterchem.ee\/fi\/#\/schema\/logo\/image\/\"}}]}<\/script>\n<!-- \/ Yoast SEO plugin. -->","yoast_head_json":{"title":"Kalsiumklorididihydraatti (CAS 10035-04-8) - Chemistry For Industry - Solvents &amp; Chemicals - Masterchem.ee","description":"Kalsiumkloridi on ep\u00e4orgaaninen yhdiste, suola, jonka kemiallinen kaava on CaCl2. Se on valkoinen kiteinen kiinte\u00e4 aine huoneenl\u00e4mp\u00f6tilassa ja liukenee hyvin veteen.","robots":{"index":"index","follow":"follow","max-snippet":"max-snippet:-1","max-image-preview":"max-image-preview:large","max-video-preview":"max-video-preview:-1"},"canonical":"https:\/\/masterchem.ee\/fi\/tooted-ja-teenused\/kalsiumklorididihydraatti-cas-10035-04-8\/","twitter_card":"summary_large_image","twitter_title":"Kalsiumklorididihydraatti (CAS 10035-04-8) - Chemistry For Industry - Solvents &amp; Chemicals - Masterchem.ee","twitter_description":"Kalsiumkloridi on ep\u00e4orgaaninen yhdiste, suola, jonka kemiallinen kaava on CaCl2. Se on valkoinen kiteinen kiinte\u00e4 aine huoneenl\u00e4mp\u00f6tilassa ja liukenee hyvin veteen.","twitter_image":"https:\/\/masterchem.ee\/wp-content\/uploads\/2022\/04\/Kaltsiumkloriidi-dihudraat-25kg-MasterChem-1.jpg","schema":{"@context":"https:\/\/schema.org","@graph":[{"@type":"WebPage","@id":"https:\/\/masterchem.ee\/fi\/tooted-ja-teenused\/kalsiumklorididihydraatti-cas-10035-04-8\/","url":"https:\/\/masterchem.ee\/fi\/tooted-ja-teenused\/kalsiumklorididihydraatti-cas-10035-04-8\/","name":"Kalsiumklorididihydraatti (CAS 10035-04-8) - Chemistry For Industry - Solvents &amp; Chemicals - Masterchem.ee","isPartOf":{"@id":"https:\/\/masterchem.ee\/fi\/#website"},"primaryImageOfPage":{"@id":"https:\/\/masterchem.ee\/fi\/tooted-ja-teenused\/kalsiumklorididihydraatti-cas-10035-04-8\/#primaryimage"},"image":{"@id":"https:\/\/masterchem.ee\/fi\/tooted-ja-teenused\/kalsiumklorididihydraatti-cas-10035-04-8\/#primaryimage"},"thumbnailUrl":"https:\/\/masterchem.ee\/wp-content\/uploads\/2022\/04\/Kaltsiumkloriidi-dihudraat-25kg-MasterChem-1.jpg","datePublished":"2022-04-07T12:49:24+00:00","dateModified":"2022-04-07T12:56:53+00:00","description":"Kalsiumkloridi on ep\u00e4orgaaninen yhdiste, suola, jonka kemiallinen kaava on CaCl2. Se on valkoinen kiteinen kiinte\u00e4 aine huoneenl\u00e4mp\u00f6tilassa ja liukenee hyvin veteen.","breadcrumb":{"@id":"https:\/\/masterchem.ee\/fi\/tooted-ja-teenused\/kalsiumklorididihydraatti-cas-10035-04-8\/#breadcrumb"},"inLanguage":"fi","potentialAction":[{"@type":"ReadAction","target":["https:\/\/masterchem.ee\/fi\/tooted-ja-teenused\/kalsiumklorididihydraatti-cas-10035-04-8\/"]}]},{"@type":"ImageObject","inLanguage":"fi","@id":"https:\/\/masterchem.ee\/fi\/tooted-ja-teenused\/kalsiumklorididihydraatti-cas-10035-04-8\/#primaryimage","url":"https:\/\/masterchem.ee\/wp-content\/uploads\/2022\/04\/Kaltsiumkloriidi-dihudraat-25kg-MasterChem-1.jpg","contentUrl":"https:\/\/masterchem.ee\/wp-content\/uploads\/2022\/04\/Kaltsiumkloriidi-dihudraat-25kg-MasterChem-1.jpg","width":1000,"height":1000,"caption":"Kalsiumklorididihydraatti (CAS 10035-04-8) 25kg MasterChem"},{"@type":"BreadcrumbList","@id":"https:\/\/masterchem.ee\/fi\/tooted-ja-teenused\/kalsiumklorididihydraatti-cas-10035-04-8\/#breadcrumb","itemListElement":[{"@type":"ListItem","position":1,"name":"Home","item":"https:\/\/masterchem.ee\/fi\/"},{"@type":"ListItem","position":2,"name":"Tooted ja teenused","item":"https:\/\/masterchem.ee\/tooted-ja-teenused\/"},{"@type":"ListItem","position":3,"name":"Kalsiumklorididihydraatti (CAS 10035-04-8)"}]},{"@type":"WebSite","@id":"https:\/\/masterchem.ee\/fi\/#website","url":"https:\/\/masterchem.ee\/fi\/","name":"Masterchem.ee","description":"Chemistry For Industry - Solvents &amp; Chemicals","publisher":{"@id":"https:\/\/masterchem.ee\/fi\/#organization"},"potentialAction":[{"@type":"SearchAction","target":{"@type":"EntryPoint","urlTemplate":"https:\/\/masterchem.ee\/fi\/?s={search_term_string}"},"query-input":{"@type":"PropertyValueSpecification","valueRequired":true,"valueName":"search_term_string"}}],"inLanguage":"fi"},{"@type":"Organization","@id":"https:\/\/masterchem.ee\/fi\/#organization","name":"Masterchem","url":"https:\/\/masterchem.ee\/fi\/","logo":{"@type":"ImageObject","inLanguage":"fi","@id":"https:\/\/masterchem.ee\/fi\/#\/schema\/logo\/image\/","url":"https:\/\/masterchem.ee\/wp-content\/uploads\/2018\/02\/master-chem_final-1.png","contentUrl":"https:\/\/masterchem.ee\/wp-content\/uploads\/2018\/02\/master-chem_final-1.png","width":850,"height":356,"caption":"Masterchem"},"image":{"@id":"https:\/\/masterchem.ee\/fi\/#\/schema\/logo\/image\/"}}]}},"_links":{"self":[{"href":"https:\/\/masterchem.ee\/fi\/wp-json\/wp\/v2\/product\/19418","targetHints":{"allow":["GET"]}}],"collection":[{"href":"https:\/\/masterchem.ee\/fi\/wp-json\/wp\/v2\/product"}],"about":[{"href":"https:\/\/masterchem.ee\/fi\/wp-json\/wp\/v2\/types\/product"}],"wp:featuredmedia":[{"embeddable":true,"href":"https:\/\/masterchem.ee\/fi\/wp-json\/wp\/v2\/media\/19430"}],"wp:attachment":[{"href":"https:\/\/masterchem.ee\/fi\/wp-json\/wp\/v2\/media?parent=19418"}],"wp:term":[{"taxonomy":"product_brand","embeddable":true,"href":"https:\/\/masterchem.ee\/fi\/wp-json\/wp\/v2\/product_brand?post=19418"},{"taxonomy":"product_cat","embeddable":true,"href":"https:\/\/masterchem.ee\/fi\/wp-json\/wp\/v2\/product_cat?post=19418"},{"taxonomy":"product_tag","embeddable":true,"href":"https:\/\/masterchem.ee\/fi\/wp-json\/wp\/v2\/product_tag?post=19418"}],"curies":[{"name":"wp","href":"https:\/\/api.w.org\/{rel}","templated":true}]}}