{"id":19396,"date":"2022-04-07T12:10:02","date_gmt":"2022-04-07T12:10:09","guid":{"rendered":"https:\/\/masterchem.ee\/?post_type=product&#038;p=19396"},"modified":"2022-04-07T12:20:34","modified_gmt":"2022-04-07T12:20:34","slug":"kalsiumnitraatti-cas-10124-37-5","status":"publish","type":"product","link":"https:\/\/masterchem.ee\/fi\/tooted-ja-teenused\/kalsiumnitraatti-cas-10124-37-5\/","title":{"rendered":"Kalsiumnitraatti (CAS 10124-37-5)"},"content":{"rendered":"<p><strong>Info<\/strong><br \/>\nToimialat: lannoitteet, puutarhanhoito, rakennuskemia<br \/>\nCAS-numero: 10124-37-5<br \/>\nWE-numero: 233-332-1<br \/>\nKemiallinen kaava: Ca(NO3)2<br \/>\nMolekyylimassa: 164,09 g\/mol<br \/>\nADR: UN1454<\/p>\n<p><strong>Muut fyysiset ominaisuudet<\/strong><br \/>\npH: 5-7 (10 %)<br \/>\nSulamis-\/j\u00e4\u00e4tymispiste: <400\u00b0C<br \/>\nSuhteellinen tiheys: 2,05 g\/cm3 (20\u00b0C)<\/p>\n","protected":false},"excerpt":{"rendered":"<p><strong>Kalsiumnitraatti (CAS 10124-37-5)<\/strong><\/p>\n<p>Kalsiumnitraatti, jota kutsutaan my\u00f6s Norgessalpeteriksi (norjalainen salpeteri), on ep\u00e4orgaaninen yhdiste, jonka kaava on Ca(NO3)2(H2O)x. Vedet\u00f6n yhdiste, jota tavataan harvoin, imee kosteutta ilmasta muodostaen tetrahydraatin. Sek\u00e4 vedett\u00f6m\u00e4t ett\u00e4 hydratoidut muodot ovat v\u00e4ritt\u00f6mi\u00e4 suoloja. Kalsiumnitraattia k\u00e4ytet\u00e4\u00e4n p\u00e4\u00e4asiassa lannoitteiden komponenttina, mutta sill\u00e4 on muita k\u00e4ytt\u00f6kohteita. Nitrokalsiitti on nimi kivenn\u00e4isaineelle, joka on hydratoitu kalsiumnitraatti, joka muodostuu kukintoina, jossa lanta joutuu kosketuksiin betonin tai kalkkikiven kanssa kuivassa ymp\u00e4rist\u00f6ss\u00e4, kuten tallissa tai luolissa. Tunnetaan useita samankaltaisia \u200b\u200bsuoloja, mukaan lukien kalsiumammoniumnitraattidekahydraatti ja kalsiumkaliumnitraattidekahydraatti.<\/p>\n","protected":false},"featured_media":19404,"template":"","meta":[],"product_brand":[],"product_cat":[180,323,351,114],"product_tag":[],"class_list":{"0":"post-19396","1":"product","2":"type-product","3":"status-publish","4":"has-post-thumbnail","6":"product_cat-uncategorized-fi-2","7":"product_cat-lannoitteet","8":"product_cat-puutarhanhoito","9":"product_cat-rakennusteollisuus","11":"first","12":"instock","13":"taxable","14":"shipping-taxable","15":"purchasable","16":"product-type-variable","17":"has-default-attributes"},"yoast_head":"<!-- This site is optimized with the Yoast SEO plugin v26.2 - https:\/\/yoast.com\/wordpress\/plugins\/seo\/ -->\n<title>Kalsiumnitraatti (CAS 10124-37-5) - Chemistry For Industry - Solvents &amp; Chemicals - Masterchem.ee<\/title>\n<meta name=\"description\" content=\"Kalsiumnitraatti, jota kutsutaan my\u00f6s Norgessalpeteriksi (norjalainen salpeteri), on ep\u00e4orgaaninen yhdiste, jonka kaava on Ca(NO3)2(H2O)x.\" \/>\n<meta name=\"robots\" content=\"index, follow, max-snippet:-1, max-image-preview:large, max-video-preview:-1\" \/>\n<link rel=\"canonical\" href=\"https:\/\/masterchem.ee\/fi\/tooted-ja-teenused\/kalsiumnitraatti-cas-10124-37-5\/\" \/>\n<meta name=\"twitter:card\" content=\"summary_large_image\" \/>\n<meta name=\"twitter:title\" content=\"Kalsiumnitraatti (CAS 10124-37-5) - Chemistry For Industry - Solvents &amp; Chemicals - Masterchem.ee\" \/>\n<meta name=\"twitter:description\" content=\"Kalsiumnitraatti, jota kutsutaan my\u00f6s Norgessalpeteriksi (norjalainen salpeteri), on ep\u00e4orgaaninen yhdiste, jonka kaava on Ca(NO3)2(H2O)x.\" \/>\n<meta name=\"twitter:image\" content=\"https:\/\/masterchem.ee\/wp-content\/uploads\/2022\/04\/Kaltsiumnitraat-25kg-MasterChem.jpg\" \/>\n<script type=\"application\/ld+json\" class=\"yoast-schema-graph\">{\"@context\":\"https:\/\/schema.org\",\"@graph\":[{\"@type\":\"WebPage\",\"@id\":\"https:\/\/masterchem.ee\/fi\/tooted-ja-teenused\/kalsiumnitraatti-cas-10124-37-5\/\",\"url\":\"https:\/\/masterchem.ee\/fi\/tooted-ja-teenused\/kalsiumnitraatti-cas-10124-37-5\/\",\"name\":\"Kalsiumnitraatti (CAS 10124-37-5) - Chemistry For Industry - Solvents &amp; Chemicals - Masterchem.ee\",\"isPartOf\":{\"@id\":\"https:\/\/masterchem.ee\/fi\/#website\"},\"primaryImageOfPage\":{\"@id\":\"https:\/\/masterchem.ee\/fi\/tooted-ja-teenused\/kalsiumnitraatti-cas-10124-37-5\/#primaryimage\"},\"image\":{\"@id\":\"https:\/\/masterchem.ee\/fi\/tooted-ja-teenused\/kalsiumnitraatti-cas-10124-37-5\/#primaryimage\"},\"thumbnailUrl\":\"https:\/\/masterchem.ee\/wp-content\/uploads\/2022\/04\/Kaltsiumnitraat-25kg-MasterChem.jpg\",\"datePublished\":\"2022-04-07T12:10:09+00:00\",\"dateModified\":\"2022-04-07T12:20:34+00:00\",\"description\":\"Kalsiumnitraatti, jota kutsutaan my\u00f6s Norgessalpeteriksi (norjalainen salpeteri), on ep\u00e4orgaaninen yhdiste, jonka kaava on Ca(NO3)2(H2O)x.\",\"breadcrumb\":{\"@id\":\"https:\/\/masterchem.ee\/fi\/tooted-ja-teenused\/kalsiumnitraatti-cas-10124-37-5\/#breadcrumb\"},\"inLanguage\":\"fi\",\"potentialAction\":[{\"@type\":\"ReadAction\",\"target\":[\"https:\/\/masterchem.ee\/fi\/tooted-ja-teenused\/kalsiumnitraatti-cas-10124-37-5\/\"]}]},{\"@type\":\"ImageObject\",\"inLanguage\":\"fi\",\"@id\":\"https:\/\/masterchem.ee\/fi\/tooted-ja-teenused\/kalsiumnitraatti-cas-10124-37-5\/#primaryimage\",\"url\":\"https:\/\/masterchem.ee\/wp-content\/uploads\/2022\/04\/Kaltsiumnitraat-25kg-MasterChem.jpg\",\"contentUrl\":\"https:\/\/masterchem.ee\/wp-content\/uploads\/2022\/04\/Kaltsiumnitraat-25kg-MasterChem.jpg\",\"width\":1000,\"height\":1000,\"caption\":\"Kalsiumnitraatti (CAS 10124-37-5) 25kg MasterChem\"},{\"@type\":\"BreadcrumbList\",\"@id\":\"https:\/\/masterchem.ee\/fi\/tooted-ja-teenused\/kalsiumnitraatti-cas-10124-37-5\/#breadcrumb\",\"itemListElement\":[{\"@type\":\"ListItem\",\"position\":1,\"name\":\"Home\",\"item\":\"https:\/\/masterchem.ee\/fi\/\"},{\"@type\":\"ListItem\",\"position\":2,\"name\":\"Tooted ja teenused\",\"item\":\"https:\/\/masterchem.ee\/tooted-ja-teenused\/\"},{\"@type\":\"ListItem\",\"position\":3,\"name\":\"Kalsiumnitraatti (CAS 10124-37-5)\"}]},{\"@type\":\"WebSite\",\"@id\":\"https:\/\/masterchem.ee\/fi\/#website\",\"url\":\"https:\/\/masterchem.ee\/fi\/\",\"name\":\"Masterchem.ee\",\"description\":\"Chemistry For Industry - Solvents &amp; Chemicals\",\"publisher\":{\"@id\":\"https:\/\/masterchem.ee\/fi\/#organization\"},\"potentialAction\":[{\"@type\":\"SearchAction\",\"target\":{\"@type\":\"EntryPoint\",\"urlTemplate\":\"https:\/\/masterchem.ee\/fi\/?s={search_term_string}\"},\"query-input\":{\"@type\":\"PropertyValueSpecification\",\"valueRequired\":true,\"valueName\":\"search_term_string\"}}],\"inLanguage\":\"fi\"},{\"@type\":\"Organization\",\"@id\":\"https:\/\/masterchem.ee\/fi\/#organization\",\"name\":\"Masterchem\",\"url\":\"https:\/\/masterchem.ee\/fi\/\",\"logo\":{\"@type\":\"ImageObject\",\"inLanguage\":\"fi\",\"@id\":\"https:\/\/masterchem.ee\/fi\/#\/schema\/logo\/image\/\",\"url\":\"https:\/\/masterchem.ee\/wp-content\/uploads\/2018\/02\/master-chem_final-1.png\",\"contentUrl\":\"https:\/\/masterchem.ee\/wp-content\/uploads\/2018\/02\/master-chem_final-1.png\",\"width\":850,\"height\":356,\"caption\":\"Masterchem\"},\"image\":{\"@id\":\"https:\/\/masterchem.ee\/fi\/#\/schema\/logo\/image\/\"}}]}<\/script>\n<!-- \/ Yoast SEO plugin. -->","yoast_head_json":{"title":"Kalsiumnitraatti (CAS 10124-37-5) - Chemistry For Industry - Solvents &amp; Chemicals - Masterchem.ee","description":"Kalsiumnitraatti, jota kutsutaan my\u00f6s Norgessalpeteriksi (norjalainen salpeteri), on ep\u00e4orgaaninen yhdiste, jonka kaava on Ca(NO3)2(H2O)x.","robots":{"index":"index","follow":"follow","max-snippet":"max-snippet:-1","max-image-preview":"max-image-preview:large","max-video-preview":"max-video-preview:-1"},"canonical":"https:\/\/masterchem.ee\/fi\/tooted-ja-teenused\/kalsiumnitraatti-cas-10124-37-5\/","twitter_card":"summary_large_image","twitter_title":"Kalsiumnitraatti (CAS 10124-37-5) - Chemistry For Industry - Solvents &amp; Chemicals - Masterchem.ee","twitter_description":"Kalsiumnitraatti, jota kutsutaan my\u00f6s Norgessalpeteriksi (norjalainen salpeteri), on ep\u00e4orgaaninen yhdiste, jonka kaava on Ca(NO3)2(H2O)x.","twitter_image":"https:\/\/masterchem.ee\/wp-content\/uploads\/2022\/04\/Kaltsiumnitraat-25kg-MasterChem.jpg","schema":{"@context":"https:\/\/schema.org","@graph":[{"@type":"WebPage","@id":"https:\/\/masterchem.ee\/fi\/tooted-ja-teenused\/kalsiumnitraatti-cas-10124-37-5\/","url":"https:\/\/masterchem.ee\/fi\/tooted-ja-teenused\/kalsiumnitraatti-cas-10124-37-5\/","name":"Kalsiumnitraatti (CAS 10124-37-5) - Chemistry For Industry - Solvents &amp; Chemicals - Masterchem.ee","isPartOf":{"@id":"https:\/\/masterchem.ee\/fi\/#website"},"primaryImageOfPage":{"@id":"https:\/\/masterchem.ee\/fi\/tooted-ja-teenused\/kalsiumnitraatti-cas-10124-37-5\/#primaryimage"},"image":{"@id":"https:\/\/masterchem.ee\/fi\/tooted-ja-teenused\/kalsiumnitraatti-cas-10124-37-5\/#primaryimage"},"thumbnailUrl":"https:\/\/masterchem.ee\/wp-content\/uploads\/2022\/04\/Kaltsiumnitraat-25kg-MasterChem.jpg","datePublished":"2022-04-07T12:10:09+00:00","dateModified":"2022-04-07T12:20:34+00:00","description":"Kalsiumnitraatti, jota kutsutaan my\u00f6s Norgessalpeteriksi (norjalainen salpeteri), on ep\u00e4orgaaninen yhdiste, jonka kaava on Ca(NO3)2(H2O)x.","breadcrumb":{"@id":"https:\/\/masterchem.ee\/fi\/tooted-ja-teenused\/kalsiumnitraatti-cas-10124-37-5\/#breadcrumb"},"inLanguage":"fi","potentialAction":[{"@type":"ReadAction","target":["https:\/\/masterchem.ee\/fi\/tooted-ja-teenused\/kalsiumnitraatti-cas-10124-37-5\/"]}]},{"@type":"ImageObject","inLanguage":"fi","@id":"https:\/\/masterchem.ee\/fi\/tooted-ja-teenused\/kalsiumnitraatti-cas-10124-37-5\/#primaryimage","url":"https:\/\/masterchem.ee\/wp-content\/uploads\/2022\/04\/Kaltsiumnitraat-25kg-MasterChem.jpg","contentUrl":"https:\/\/masterchem.ee\/wp-content\/uploads\/2022\/04\/Kaltsiumnitraat-25kg-MasterChem.jpg","width":1000,"height":1000,"caption":"Kalsiumnitraatti (CAS 10124-37-5) 25kg MasterChem"},{"@type":"BreadcrumbList","@id":"https:\/\/masterchem.ee\/fi\/tooted-ja-teenused\/kalsiumnitraatti-cas-10124-37-5\/#breadcrumb","itemListElement":[{"@type":"ListItem","position":1,"name":"Home","item":"https:\/\/masterchem.ee\/fi\/"},{"@type":"ListItem","position":2,"name":"Tooted ja teenused","item":"https:\/\/masterchem.ee\/tooted-ja-teenused\/"},{"@type":"ListItem","position":3,"name":"Kalsiumnitraatti (CAS 10124-37-5)"}]},{"@type":"WebSite","@id":"https:\/\/masterchem.ee\/fi\/#website","url":"https:\/\/masterchem.ee\/fi\/","name":"Masterchem.ee","description":"Chemistry For Industry - Solvents &amp; Chemicals","publisher":{"@id":"https:\/\/masterchem.ee\/fi\/#organization"},"potentialAction":[{"@type":"SearchAction","target":{"@type":"EntryPoint","urlTemplate":"https:\/\/masterchem.ee\/fi\/?s={search_term_string}"},"query-input":{"@type":"PropertyValueSpecification","valueRequired":true,"valueName":"search_term_string"}}],"inLanguage":"fi"},{"@type":"Organization","@id":"https:\/\/masterchem.ee\/fi\/#organization","name":"Masterchem","url":"https:\/\/masterchem.ee\/fi\/","logo":{"@type":"ImageObject","inLanguage":"fi","@id":"https:\/\/masterchem.ee\/fi\/#\/schema\/logo\/image\/","url":"https:\/\/masterchem.ee\/wp-content\/uploads\/2018\/02\/master-chem_final-1.png","contentUrl":"https:\/\/masterchem.ee\/wp-content\/uploads\/2018\/02\/master-chem_final-1.png","width":850,"height":356,"caption":"Masterchem"},"image":{"@id":"https:\/\/masterchem.ee\/fi\/#\/schema\/logo\/image\/"}}]}},"_links":{"self":[{"href":"https:\/\/masterchem.ee\/fi\/wp-json\/wp\/v2\/product\/19396","targetHints":{"allow":["GET"]}}],"collection":[{"href":"https:\/\/masterchem.ee\/fi\/wp-json\/wp\/v2\/product"}],"about":[{"href":"https:\/\/masterchem.ee\/fi\/wp-json\/wp\/v2\/types\/product"}],"wp:featuredmedia":[{"embeddable":true,"href":"https:\/\/masterchem.ee\/fi\/wp-json\/wp\/v2\/media\/19404"}],"wp:attachment":[{"href":"https:\/\/masterchem.ee\/fi\/wp-json\/wp\/v2\/media?parent=19396"}],"wp:term":[{"taxonomy":"product_brand","embeddable":true,"href":"https:\/\/masterchem.ee\/fi\/wp-json\/wp\/v2\/product_brand?post=19396"},{"taxonomy":"product_cat","embeddable":true,"href":"https:\/\/masterchem.ee\/fi\/wp-json\/wp\/v2\/product_cat?post=19396"},{"taxonomy":"product_tag","embeddable":true,"href":"https:\/\/masterchem.ee\/fi\/wp-json\/wp\/v2\/product_tag?post=19396"}],"curies":[{"name":"wp","href":"https:\/\/api.w.org\/{rel}","templated":true}]}}