{"id":19330,"date":"2022-04-07T08:59:35","date_gmt":"2022-04-07T08:59:42","guid":{"rendered":"https:\/\/masterchem.ee\/?post_type=product&#038;p=19330"},"modified":"2022-04-07T09:09:22","modified_gmt":"2022-04-07T09:09:22","slug":"sinkkikloridi-cas-7646-85-7","status":"publish","type":"product","link":"https:\/\/masterchem.ee\/fi\/tooted-ja-teenused\/sinkkikloridi-cas-7646-85-7\/","title":{"rendered":"Sinkkikloridi (CAS 7646-85-7)"},"content":{"rendered":"<p><strong>Info<\/strong><br \/>\nToimialat: lannoitteet, puutarhanhoito<br \/>\nCAS-numero: 7646-85-7<br \/>\nWE-numero: 231-592-0<br \/>\nIndeksinumero: 030-003-00-2<br \/>\nKemiallinen kaava: ZnCl2<br \/>\nMolekyylimassa: 136 286 g\/mol<br \/>\nADR: UN2331<\/p>\n<p><strong>Muut fyysiset ominaisuudet<\/strong><br \/>\npH: noin 5 (100g\/l H2O w 20\u00b0c)<br \/>\nSulamis-\/j\u00e4\u00e4tymispiste: 287\u00b0C (1013 hPa)<br \/>\nKiehumispiste\/alue: 732\u00b0C<br \/>\nSuhteellinen tiheys: 2,93 g\/cm3<br \/>\nLiukoisuus veteen: 851 g\/l (20\u00b0C)<\/p>\n","protected":false},"excerpt":{"rendered":"<p><strong>Sinkkikloridi (CAS 7646-85-7)<\/strong><\/p>\n<p>Sinkkikloridi on kemiallisten yhdisteiden nimi, joiden kaava on ZnCl2 ja sen hydraatit. Sinkkikloridit, joista tunnetaan yhdeks\u00e4n kidemuotoa, ovat v\u00e4ritt\u00f6mi\u00e4 tai valkoisia ja liukenevat hyvin veteen. T\u00e4m\u00e4 valkoinen suola on hygroskooppinen ja jopa vetistyv\u00e4. N\u00e4ytteet tulee siksi suojata kosteuden l\u00e4hteilt\u00e4, \u200b\u200bmukaan lukien ilmassa oleva vesih\u00f6yry. Sinkkikloridia k\u00e4ytet\u00e4\u00e4n laajasti tekstiilien k\u00e4sittelyss\u00e4, metallurgisissa juoksutuksissa ja kemiallisessa synteesiss\u00e4. T\u00e4m\u00e4n kemiallisen koostumuksen omaavaa mineraalia ei tunneta lukuun ottamatta eritt\u00e4in harvinaista simonkolleiittia, Zn5(OH)8Cl2\u00b7H2O.<\/p>\n","protected":false},"featured_media":19338,"template":"","meta":[],"product_brand":[],"product_cat":[180,323,351],"product_tag":[],"class_list":{"0":"post-19330","1":"product","2":"type-product","3":"status-publish","4":"has-post-thumbnail","6":"product_cat-uncategorized-fi-2","7":"product_cat-lannoitteet","8":"product_cat-puutarhanhoito","10":"first","11":"instock","12":"taxable","13":"shipping-taxable","14":"purchasable","15":"product-type-variable","16":"has-default-attributes"},"yoast_head":"<!-- This site is optimized with the Yoast SEO plugin v26.2 - https:\/\/yoast.com\/wordpress\/plugins\/seo\/ -->\n<title>Sinkkikloridi (CAS 7646-85-7) - Chemistry For Industry - Solvents &amp; Chemicals - Masterchem.ee<\/title>\n<meta name=\"description\" content=\"Sinkkikloridi on kemiallisten yhdisteiden nimi, joiden kaava on ZnCl2 ja sen hydraatit. Sinkkikloridit, joista tunnetaan yhdeks\u00e4n kidemuotoa, ovat v\u00e4ritt\u00f6mi\u00e4 tai valkoisia ja liukenevat hyvin veteen.\" \/>\n<meta name=\"robots\" content=\"index, follow, max-snippet:-1, max-image-preview:large, max-video-preview:-1\" \/>\n<link rel=\"canonical\" href=\"https:\/\/masterchem.ee\/fi\/tooted-ja-teenused\/sinkkikloridi-cas-7646-85-7\/\" \/>\n<meta name=\"twitter:card\" content=\"summary_large_image\" \/>\n<meta name=\"twitter:title\" content=\"Sinkkikloridi (CAS 7646-85-7) - Chemistry For Industry - Solvents &amp; Chemicals - Masterchem.ee\" \/>\n<meta name=\"twitter:description\" content=\"Sinkkikloridi on kemiallisten yhdisteiden nimi, joiden kaava on ZnCl2 ja sen hydraatit. Sinkkikloridit, joista tunnetaan yhdeks\u00e4n kidemuotoa, ovat v\u00e4ritt\u00f6mi\u00e4 tai valkoisia ja liukenevat hyvin veteen.\" \/>\n<meta name=\"twitter:image\" content=\"https:\/\/masterchem.ee\/wp-content\/uploads\/2022\/04\/Tsinkkloriid-25kg-MasterChem.jpg\" \/>\n<script type=\"application\/ld+json\" class=\"yoast-schema-graph\">{\"@context\":\"https:\/\/schema.org\",\"@graph\":[{\"@type\":\"WebPage\",\"@id\":\"https:\/\/masterchem.ee\/fi\/tooted-ja-teenused\/sinkkikloridi-cas-7646-85-7\/\",\"url\":\"https:\/\/masterchem.ee\/fi\/tooted-ja-teenused\/sinkkikloridi-cas-7646-85-7\/\",\"name\":\"Sinkkikloridi (CAS 7646-85-7) - Chemistry For Industry - Solvents &amp; Chemicals - Masterchem.ee\",\"isPartOf\":{\"@id\":\"https:\/\/masterchem.ee\/fi\/#website\"},\"primaryImageOfPage\":{\"@id\":\"https:\/\/masterchem.ee\/fi\/tooted-ja-teenused\/sinkkikloridi-cas-7646-85-7\/#primaryimage\"},\"image\":{\"@id\":\"https:\/\/masterchem.ee\/fi\/tooted-ja-teenused\/sinkkikloridi-cas-7646-85-7\/#primaryimage\"},\"thumbnailUrl\":\"https:\/\/masterchem.ee\/wp-content\/uploads\/2022\/04\/Tsinkkloriid-25kg-MasterChem.jpg\",\"datePublished\":\"2022-04-07T08:59:42+00:00\",\"dateModified\":\"2022-04-07T09:09:22+00:00\",\"description\":\"Sinkkikloridi on kemiallisten yhdisteiden nimi, joiden kaava on ZnCl2 ja sen hydraatit. Sinkkikloridit, joista tunnetaan yhdeks\u00e4n kidemuotoa, ovat v\u00e4ritt\u00f6mi\u00e4 tai valkoisia ja liukenevat hyvin veteen.\",\"breadcrumb\":{\"@id\":\"https:\/\/masterchem.ee\/fi\/tooted-ja-teenused\/sinkkikloridi-cas-7646-85-7\/#breadcrumb\"},\"inLanguage\":\"fi\",\"potentialAction\":[{\"@type\":\"ReadAction\",\"target\":[\"https:\/\/masterchem.ee\/fi\/tooted-ja-teenused\/sinkkikloridi-cas-7646-85-7\/\"]}]},{\"@type\":\"ImageObject\",\"inLanguage\":\"fi\",\"@id\":\"https:\/\/masterchem.ee\/fi\/tooted-ja-teenused\/sinkkikloridi-cas-7646-85-7\/#primaryimage\",\"url\":\"https:\/\/masterchem.ee\/wp-content\/uploads\/2022\/04\/Tsinkkloriid-25kg-MasterChem.jpg\",\"contentUrl\":\"https:\/\/masterchem.ee\/wp-content\/uploads\/2022\/04\/Tsinkkloriid-25kg-MasterChem.jpg\",\"width\":1000,\"height\":1000,\"caption\":\"Sinkkikloridi (CAS 7646-85-7) 25kg MasterChem\"},{\"@type\":\"BreadcrumbList\",\"@id\":\"https:\/\/masterchem.ee\/fi\/tooted-ja-teenused\/sinkkikloridi-cas-7646-85-7\/#breadcrumb\",\"itemListElement\":[{\"@type\":\"ListItem\",\"position\":1,\"name\":\"Home\",\"item\":\"https:\/\/masterchem.ee\/fi\/\"},{\"@type\":\"ListItem\",\"position\":2,\"name\":\"Tooted ja teenused\",\"item\":\"https:\/\/masterchem.ee\/tooted-ja-teenused\/\"},{\"@type\":\"ListItem\",\"position\":3,\"name\":\"Sinkkikloridi (CAS 7646-85-7)\"}]},{\"@type\":\"WebSite\",\"@id\":\"https:\/\/masterchem.ee\/fi\/#website\",\"url\":\"https:\/\/masterchem.ee\/fi\/\",\"name\":\"Masterchem.ee\",\"description\":\"Chemistry For Industry - Solvents &amp; Chemicals\",\"publisher\":{\"@id\":\"https:\/\/masterchem.ee\/fi\/#organization\"},\"potentialAction\":[{\"@type\":\"SearchAction\",\"target\":{\"@type\":\"EntryPoint\",\"urlTemplate\":\"https:\/\/masterchem.ee\/fi\/?s={search_term_string}\"},\"query-input\":{\"@type\":\"PropertyValueSpecification\",\"valueRequired\":true,\"valueName\":\"search_term_string\"}}],\"inLanguage\":\"fi\"},{\"@type\":\"Organization\",\"@id\":\"https:\/\/masterchem.ee\/fi\/#organization\",\"name\":\"Masterchem\",\"url\":\"https:\/\/masterchem.ee\/fi\/\",\"logo\":{\"@type\":\"ImageObject\",\"inLanguage\":\"fi\",\"@id\":\"https:\/\/masterchem.ee\/fi\/#\/schema\/logo\/image\/\",\"url\":\"https:\/\/masterchem.ee\/wp-content\/uploads\/2018\/02\/master-chem_final-1.png\",\"contentUrl\":\"https:\/\/masterchem.ee\/wp-content\/uploads\/2018\/02\/master-chem_final-1.png\",\"width\":850,\"height\":356,\"caption\":\"Masterchem\"},\"image\":{\"@id\":\"https:\/\/masterchem.ee\/fi\/#\/schema\/logo\/image\/\"}}]}<\/script>\n<!-- \/ Yoast SEO plugin. -->","yoast_head_json":{"title":"Sinkkikloridi (CAS 7646-85-7) - Chemistry For Industry - Solvents &amp; Chemicals - Masterchem.ee","description":"Sinkkikloridi on kemiallisten yhdisteiden nimi, joiden kaava on ZnCl2 ja sen hydraatit. Sinkkikloridit, joista tunnetaan yhdeks\u00e4n kidemuotoa, ovat v\u00e4ritt\u00f6mi\u00e4 tai valkoisia ja liukenevat hyvin veteen.","robots":{"index":"index","follow":"follow","max-snippet":"max-snippet:-1","max-image-preview":"max-image-preview:large","max-video-preview":"max-video-preview:-1"},"canonical":"https:\/\/masterchem.ee\/fi\/tooted-ja-teenused\/sinkkikloridi-cas-7646-85-7\/","twitter_card":"summary_large_image","twitter_title":"Sinkkikloridi (CAS 7646-85-7) - Chemistry For Industry - Solvents &amp; Chemicals - Masterchem.ee","twitter_description":"Sinkkikloridi on kemiallisten yhdisteiden nimi, joiden kaava on ZnCl2 ja sen hydraatit. Sinkkikloridit, joista tunnetaan yhdeks\u00e4n kidemuotoa, ovat v\u00e4ritt\u00f6mi\u00e4 tai valkoisia ja liukenevat hyvin veteen.","twitter_image":"https:\/\/masterchem.ee\/wp-content\/uploads\/2022\/04\/Tsinkkloriid-25kg-MasterChem.jpg","schema":{"@context":"https:\/\/schema.org","@graph":[{"@type":"WebPage","@id":"https:\/\/masterchem.ee\/fi\/tooted-ja-teenused\/sinkkikloridi-cas-7646-85-7\/","url":"https:\/\/masterchem.ee\/fi\/tooted-ja-teenused\/sinkkikloridi-cas-7646-85-7\/","name":"Sinkkikloridi (CAS 7646-85-7) - Chemistry For Industry - Solvents &amp; Chemicals - Masterchem.ee","isPartOf":{"@id":"https:\/\/masterchem.ee\/fi\/#website"},"primaryImageOfPage":{"@id":"https:\/\/masterchem.ee\/fi\/tooted-ja-teenused\/sinkkikloridi-cas-7646-85-7\/#primaryimage"},"image":{"@id":"https:\/\/masterchem.ee\/fi\/tooted-ja-teenused\/sinkkikloridi-cas-7646-85-7\/#primaryimage"},"thumbnailUrl":"https:\/\/masterchem.ee\/wp-content\/uploads\/2022\/04\/Tsinkkloriid-25kg-MasterChem.jpg","datePublished":"2022-04-07T08:59:42+00:00","dateModified":"2022-04-07T09:09:22+00:00","description":"Sinkkikloridi on kemiallisten yhdisteiden nimi, joiden kaava on ZnCl2 ja sen hydraatit. Sinkkikloridit, joista tunnetaan yhdeks\u00e4n kidemuotoa, ovat v\u00e4ritt\u00f6mi\u00e4 tai valkoisia ja liukenevat hyvin veteen.","breadcrumb":{"@id":"https:\/\/masterchem.ee\/fi\/tooted-ja-teenused\/sinkkikloridi-cas-7646-85-7\/#breadcrumb"},"inLanguage":"fi","potentialAction":[{"@type":"ReadAction","target":["https:\/\/masterchem.ee\/fi\/tooted-ja-teenused\/sinkkikloridi-cas-7646-85-7\/"]}]},{"@type":"ImageObject","inLanguage":"fi","@id":"https:\/\/masterchem.ee\/fi\/tooted-ja-teenused\/sinkkikloridi-cas-7646-85-7\/#primaryimage","url":"https:\/\/masterchem.ee\/wp-content\/uploads\/2022\/04\/Tsinkkloriid-25kg-MasterChem.jpg","contentUrl":"https:\/\/masterchem.ee\/wp-content\/uploads\/2022\/04\/Tsinkkloriid-25kg-MasterChem.jpg","width":1000,"height":1000,"caption":"Sinkkikloridi (CAS 7646-85-7) 25kg MasterChem"},{"@type":"BreadcrumbList","@id":"https:\/\/masterchem.ee\/fi\/tooted-ja-teenused\/sinkkikloridi-cas-7646-85-7\/#breadcrumb","itemListElement":[{"@type":"ListItem","position":1,"name":"Home","item":"https:\/\/masterchem.ee\/fi\/"},{"@type":"ListItem","position":2,"name":"Tooted ja teenused","item":"https:\/\/masterchem.ee\/tooted-ja-teenused\/"},{"@type":"ListItem","position":3,"name":"Sinkkikloridi (CAS 7646-85-7)"}]},{"@type":"WebSite","@id":"https:\/\/masterchem.ee\/fi\/#website","url":"https:\/\/masterchem.ee\/fi\/","name":"Masterchem.ee","description":"Chemistry For Industry - Solvents &amp; Chemicals","publisher":{"@id":"https:\/\/masterchem.ee\/fi\/#organization"},"potentialAction":[{"@type":"SearchAction","target":{"@type":"EntryPoint","urlTemplate":"https:\/\/masterchem.ee\/fi\/?s={search_term_string}"},"query-input":{"@type":"PropertyValueSpecification","valueRequired":true,"valueName":"search_term_string"}}],"inLanguage":"fi"},{"@type":"Organization","@id":"https:\/\/masterchem.ee\/fi\/#organization","name":"Masterchem","url":"https:\/\/masterchem.ee\/fi\/","logo":{"@type":"ImageObject","inLanguage":"fi","@id":"https:\/\/masterchem.ee\/fi\/#\/schema\/logo\/image\/","url":"https:\/\/masterchem.ee\/wp-content\/uploads\/2018\/02\/master-chem_final-1.png","contentUrl":"https:\/\/masterchem.ee\/wp-content\/uploads\/2018\/02\/master-chem_final-1.png","width":850,"height":356,"caption":"Masterchem"},"image":{"@id":"https:\/\/masterchem.ee\/fi\/#\/schema\/logo\/image\/"}}]}},"_links":{"self":[{"href":"https:\/\/masterchem.ee\/fi\/wp-json\/wp\/v2\/product\/19330","targetHints":{"allow":["GET"]}}],"collection":[{"href":"https:\/\/masterchem.ee\/fi\/wp-json\/wp\/v2\/product"}],"about":[{"href":"https:\/\/masterchem.ee\/fi\/wp-json\/wp\/v2\/types\/product"}],"wp:featuredmedia":[{"embeddable":true,"href":"https:\/\/masterchem.ee\/fi\/wp-json\/wp\/v2\/media\/19338"}],"wp:attachment":[{"href":"https:\/\/masterchem.ee\/fi\/wp-json\/wp\/v2\/media?parent=19330"}],"wp:term":[{"taxonomy":"product_brand","embeddable":true,"href":"https:\/\/masterchem.ee\/fi\/wp-json\/wp\/v2\/product_brand?post=19330"},{"taxonomy":"product_cat","embeddable":true,"href":"https:\/\/masterchem.ee\/fi\/wp-json\/wp\/v2\/product_cat?post=19330"},{"taxonomy":"product_tag","embeddable":true,"href":"https:\/\/masterchem.ee\/fi\/wp-json\/wp\/v2\/product_tag?post=19330"}],"curies":[{"name":"wp","href":"https:\/\/api.w.org\/{rel}","templated":true}]}}