{"id":19298,"date":"2022-04-07T08:19:28","date_gmt":"2022-04-07T08:19:34","guid":{"rendered":"https:\/\/masterchem.ee\/?post_type=product&#038;p=19298"},"modified":"2022-04-07T08:47:35","modified_gmt":"2022-04-07T08:47:35","slug":"verseenihappo-cas-60-00-4","status":"publish","type":"product","link":"https:\/\/masterchem.ee\/fi\/tooted-ja-teenused\/verseenihappo-cas-60-00-4\/","title":{"rendered":"Verseenihappo (CAS 60-00-4)"},"content":{"rendered":"<p><strong>Info<\/strong><br \/>\nToimialat: Kotitalouskemikaalit, lannoitteet<br \/>\nCAS-numero: 60-00-4<br \/>\nWE-numero: 200-449-4<br \/>\nIndeksinumero: 607-429-00-8<br \/>\nKemiallinen kaava: C10H16N2O8<br \/>\nMolekyylimassa: 292,25 g\/mol<br \/>\nTullitariffikoodi: 29224985<\/p>\n<p><strong>Muut fyysiset ominaisuudet<\/strong><br \/>\npH: 2-3<br \/>\nSuhteellinen tiheys: 0,86 kg\/m3 (20\u00b0C)<br \/>\nLiukoisuus veteen: 0,2 g\/l<\/p>\n","protected":false},"excerpt":{"rendered":"<p><strong>Verseenihappo (CAS 60-00-4)<\/strong><\/p>\n<p>Verseenihappo on kosmetiikkateollisuuden erikoisraaka-aine. Sit\u00e4 k\u00e4ytet\u00e4\u00e4n muun muassa shampoissa, voiteissa, huulikiiloissa, rusketustuotteissa ja suihkugeeleiss\u00e4. Toimii sakeuden stabilointiaineena, joka parantaa viskositeettia ja antaa oikean koostumuksen. Se on my\u00f6s s\u00e4il\u00f6nt\u00e4aine, jonka tarkoituksena on est\u00e4\u00e4 muutoksia kosmetiikan koostumuksessa, ulkon\u00e4\u00f6ss\u00e4 ja tuoksussa. Suurina pitoisuuksina se \u00e4rsytt\u00e4\u00e4 limakalvoja ja ihoa. <\/p>\n","protected":false},"featured_media":19306,"template":"","meta":[],"product_brand":[],"product_cat":[180,117,323],"product_tag":[],"class_list":{"0":"post-19298","1":"product","2":"type-product","3":"status-publish","4":"has-post-thumbnail","6":"product_cat-uncategorized-fi-2","7":"product_cat-kotitalouskemikaalit","8":"product_cat-lannoitteet","10":"first","11":"instock","12":"taxable","13":"shipping-taxable","14":"purchasable","15":"product-type-variable","16":"has-default-attributes"},"yoast_head":"<!-- This site is optimized with the Yoast SEO plugin v26.2 - https:\/\/yoast.com\/wordpress\/plugins\/seo\/ -->\n<title>Verseenihappo (CAS 60-00-4) - Chemistry For Industry - Solvents &amp; Chemicals - Masterchem.ee<\/title>\n<meta name=\"description\" content=\"Verseenihappo on kosmetiikkateollisuuden erikoisraaka-aine. Sit\u00e4 k\u00e4ytet\u00e4\u00e4n muun muassa shampoissa, voiteissa, huulikiiloissa, rusketustuotteissa ja suihkugeeleiss\u00e4.\" \/>\n<meta name=\"robots\" content=\"index, follow, max-snippet:-1, max-image-preview:large, max-video-preview:-1\" \/>\n<link rel=\"canonical\" href=\"https:\/\/masterchem.ee\/fi\/tooted-ja-teenused\/verseenihappo-cas-60-00-4\/\" \/>\n<meta name=\"twitter:card\" content=\"summary_large_image\" \/>\n<meta name=\"twitter:title\" content=\"Verseenihappo (CAS 60-00-4) - Chemistry For Industry - Solvents &amp; Chemicals - Masterchem.ee\" \/>\n<meta name=\"twitter:description\" content=\"Verseenihappo on kosmetiikkateollisuuden erikoisraaka-aine. Sit\u00e4 k\u00e4ytet\u00e4\u00e4n muun muassa shampoissa, voiteissa, huulikiiloissa, rusketustuotteissa ja suihkugeeleiss\u00e4.\" \/>\n<meta name=\"twitter:image\" content=\"https:\/\/masterchem.ee\/wp-content\/uploads\/2022\/04\/Verseenhape-25kg-MasterChem.jpg\" \/>\n<script type=\"application\/ld+json\" class=\"yoast-schema-graph\">{\"@context\":\"https:\/\/schema.org\",\"@graph\":[{\"@type\":\"WebPage\",\"@id\":\"https:\/\/masterchem.ee\/fi\/tooted-ja-teenused\/verseenihappo-cas-60-00-4\/\",\"url\":\"https:\/\/masterchem.ee\/fi\/tooted-ja-teenused\/verseenihappo-cas-60-00-4\/\",\"name\":\"Verseenihappo (CAS 60-00-4) - Chemistry For Industry - Solvents &amp; Chemicals - Masterchem.ee\",\"isPartOf\":{\"@id\":\"https:\/\/masterchem.ee\/fi\/#website\"},\"primaryImageOfPage\":{\"@id\":\"https:\/\/masterchem.ee\/fi\/tooted-ja-teenused\/verseenihappo-cas-60-00-4\/#primaryimage\"},\"image\":{\"@id\":\"https:\/\/masterchem.ee\/fi\/tooted-ja-teenused\/verseenihappo-cas-60-00-4\/#primaryimage\"},\"thumbnailUrl\":\"https:\/\/masterchem.ee\/wp-content\/uploads\/2022\/04\/Verseenhape-25kg-MasterChem.jpg\",\"datePublished\":\"2022-04-07T08:19:34+00:00\",\"dateModified\":\"2022-04-07T08:47:35+00:00\",\"description\":\"Verseenihappo on kosmetiikkateollisuuden erikoisraaka-aine. Sit\u00e4 k\u00e4ytet\u00e4\u00e4n muun muassa shampoissa, voiteissa, huulikiiloissa, rusketustuotteissa ja suihkugeeleiss\u00e4.\",\"breadcrumb\":{\"@id\":\"https:\/\/masterchem.ee\/fi\/tooted-ja-teenused\/verseenihappo-cas-60-00-4\/#breadcrumb\"},\"inLanguage\":\"fi\",\"potentialAction\":[{\"@type\":\"ReadAction\",\"target\":[\"https:\/\/masterchem.ee\/fi\/tooted-ja-teenused\/verseenihappo-cas-60-00-4\/\"]}]},{\"@type\":\"ImageObject\",\"inLanguage\":\"fi\",\"@id\":\"https:\/\/masterchem.ee\/fi\/tooted-ja-teenused\/verseenihappo-cas-60-00-4\/#primaryimage\",\"url\":\"https:\/\/masterchem.ee\/wp-content\/uploads\/2022\/04\/Verseenhape-25kg-MasterChem.jpg\",\"contentUrl\":\"https:\/\/masterchem.ee\/wp-content\/uploads\/2022\/04\/Verseenhape-25kg-MasterChem.jpg\",\"width\":1000,\"height\":1000,\"caption\":\"Sinkkikloridi (CAS 7646-85-7) 25kg MasterChem\"},{\"@type\":\"BreadcrumbList\",\"@id\":\"https:\/\/masterchem.ee\/fi\/tooted-ja-teenused\/verseenihappo-cas-60-00-4\/#breadcrumb\",\"itemListElement\":[{\"@type\":\"ListItem\",\"position\":1,\"name\":\"Home\",\"item\":\"https:\/\/masterchem.ee\/fi\/\"},{\"@type\":\"ListItem\",\"position\":2,\"name\":\"Tooted ja teenused\",\"item\":\"https:\/\/masterchem.ee\/tooted-ja-teenused\/\"},{\"@type\":\"ListItem\",\"position\":3,\"name\":\"Verseenihappo (CAS 60-00-4)\"}]},{\"@type\":\"WebSite\",\"@id\":\"https:\/\/masterchem.ee\/fi\/#website\",\"url\":\"https:\/\/masterchem.ee\/fi\/\",\"name\":\"Masterchem.ee\",\"description\":\"Chemistry For Industry - Solvents &amp; Chemicals\",\"publisher\":{\"@id\":\"https:\/\/masterchem.ee\/fi\/#organization\"},\"potentialAction\":[{\"@type\":\"SearchAction\",\"target\":{\"@type\":\"EntryPoint\",\"urlTemplate\":\"https:\/\/masterchem.ee\/fi\/?s={search_term_string}\"},\"query-input\":{\"@type\":\"PropertyValueSpecification\",\"valueRequired\":true,\"valueName\":\"search_term_string\"}}],\"inLanguage\":\"fi\"},{\"@type\":\"Organization\",\"@id\":\"https:\/\/masterchem.ee\/fi\/#organization\",\"name\":\"Masterchem\",\"url\":\"https:\/\/masterchem.ee\/fi\/\",\"logo\":{\"@type\":\"ImageObject\",\"inLanguage\":\"fi\",\"@id\":\"https:\/\/masterchem.ee\/fi\/#\/schema\/logo\/image\/\",\"url\":\"https:\/\/masterchem.ee\/wp-content\/uploads\/2018\/02\/master-chem_final-1.png\",\"contentUrl\":\"https:\/\/masterchem.ee\/wp-content\/uploads\/2018\/02\/master-chem_final-1.png\",\"width\":850,\"height\":356,\"caption\":\"Masterchem\"},\"image\":{\"@id\":\"https:\/\/masterchem.ee\/fi\/#\/schema\/logo\/image\/\"}}]}<\/script>\n<!-- \/ Yoast SEO plugin. -->","yoast_head_json":{"title":"Verseenihappo (CAS 60-00-4) - Chemistry For Industry - Solvents &amp; Chemicals - Masterchem.ee","description":"Verseenihappo on kosmetiikkateollisuuden erikoisraaka-aine. Sit\u00e4 k\u00e4ytet\u00e4\u00e4n muun muassa shampoissa, voiteissa, huulikiiloissa, rusketustuotteissa ja suihkugeeleiss\u00e4.","robots":{"index":"index","follow":"follow","max-snippet":"max-snippet:-1","max-image-preview":"max-image-preview:large","max-video-preview":"max-video-preview:-1"},"canonical":"https:\/\/masterchem.ee\/fi\/tooted-ja-teenused\/verseenihappo-cas-60-00-4\/","twitter_card":"summary_large_image","twitter_title":"Verseenihappo (CAS 60-00-4) - Chemistry For Industry - Solvents &amp; Chemicals - Masterchem.ee","twitter_description":"Verseenihappo on kosmetiikkateollisuuden erikoisraaka-aine. Sit\u00e4 k\u00e4ytet\u00e4\u00e4n muun muassa shampoissa, voiteissa, huulikiiloissa, rusketustuotteissa ja suihkugeeleiss\u00e4.","twitter_image":"https:\/\/masterchem.ee\/wp-content\/uploads\/2022\/04\/Verseenhape-25kg-MasterChem.jpg","schema":{"@context":"https:\/\/schema.org","@graph":[{"@type":"WebPage","@id":"https:\/\/masterchem.ee\/fi\/tooted-ja-teenused\/verseenihappo-cas-60-00-4\/","url":"https:\/\/masterchem.ee\/fi\/tooted-ja-teenused\/verseenihappo-cas-60-00-4\/","name":"Verseenihappo (CAS 60-00-4) - Chemistry For Industry - Solvents &amp; Chemicals - Masterchem.ee","isPartOf":{"@id":"https:\/\/masterchem.ee\/fi\/#website"},"primaryImageOfPage":{"@id":"https:\/\/masterchem.ee\/fi\/tooted-ja-teenused\/verseenihappo-cas-60-00-4\/#primaryimage"},"image":{"@id":"https:\/\/masterchem.ee\/fi\/tooted-ja-teenused\/verseenihappo-cas-60-00-4\/#primaryimage"},"thumbnailUrl":"https:\/\/masterchem.ee\/wp-content\/uploads\/2022\/04\/Verseenhape-25kg-MasterChem.jpg","datePublished":"2022-04-07T08:19:34+00:00","dateModified":"2022-04-07T08:47:35+00:00","description":"Verseenihappo on kosmetiikkateollisuuden erikoisraaka-aine. Sit\u00e4 k\u00e4ytet\u00e4\u00e4n muun muassa shampoissa, voiteissa, huulikiiloissa, rusketustuotteissa ja suihkugeeleiss\u00e4.","breadcrumb":{"@id":"https:\/\/masterchem.ee\/fi\/tooted-ja-teenused\/verseenihappo-cas-60-00-4\/#breadcrumb"},"inLanguage":"fi","potentialAction":[{"@type":"ReadAction","target":["https:\/\/masterchem.ee\/fi\/tooted-ja-teenused\/verseenihappo-cas-60-00-4\/"]}]},{"@type":"ImageObject","inLanguage":"fi","@id":"https:\/\/masterchem.ee\/fi\/tooted-ja-teenused\/verseenihappo-cas-60-00-4\/#primaryimage","url":"https:\/\/masterchem.ee\/wp-content\/uploads\/2022\/04\/Verseenhape-25kg-MasterChem.jpg","contentUrl":"https:\/\/masterchem.ee\/wp-content\/uploads\/2022\/04\/Verseenhape-25kg-MasterChem.jpg","width":1000,"height":1000,"caption":"Sinkkikloridi (CAS 7646-85-7) 25kg MasterChem"},{"@type":"BreadcrumbList","@id":"https:\/\/masterchem.ee\/fi\/tooted-ja-teenused\/verseenihappo-cas-60-00-4\/#breadcrumb","itemListElement":[{"@type":"ListItem","position":1,"name":"Home","item":"https:\/\/masterchem.ee\/fi\/"},{"@type":"ListItem","position":2,"name":"Tooted ja teenused","item":"https:\/\/masterchem.ee\/tooted-ja-teenused\/"},{"@type":"ListItem","position":3,"name":"Verseenihappo (CAS 60-00-4)"}]},{"@type":"WebSite","@id":"https:\/\/masterchem.ee\/fi\/#website","url":"https:\/\/masterchem.ee\/fi\/","name":"Masterchem.ee","description":"Chemistry For Industry - Solvents &amp; Chemicals","publisher":{"@id":"https:\/\/masterchem.ee\/fi\/#organization"},"potentialAction":[{"@type":"SearchAction","target":{"@type":"EntryPoint","urlTemplate":"https:\/\/masterchem.ee\/fi\/?s={search_term_string}"},"query-input":{"@type":"PropertyValueSpecification","valueRequired":true,"valueName":"search_term_string"}}],"inLanguage":"fi"},{"@type":"Organization","@id":"https:\/\/masterchem.ee\/fi\/#organization","name":"Masterchem","url":"https:\/\/masterchem.ee\/fi\/","logo":{"@type":"ImageObject","inLanguage":"fi","@id":"https:\/\/masterchem.ee\/fi\/#\/schema\/logo\/image\/","url":"https:\/\/masterchem.ee\/wp-content\/uploads\/2018\/02\/master-chem_final-1.png","contentUrl":"https:\/\/masterchem.ee\/wp-content\/uploads\/2018\/02\/master-chem_final-1.png","width":850,"height":356,"caption":"Masterchem"},"image":{"@id":"https:\/\/masterchem.ee\/fi\/#\/schema\/logo\/image\/"}}]}},"_links":{"self":[{"href":"https:\/\/masterchem.ee\/fi\/wp-json\/wp\/v2\/product\/19298","targetHints":{"allow":["GET"]}}],"collection":[{"href":"https:\/\/masterchem.ee\/fi\/wp-json\/wp\/v2\/product"}],"about":[{"href":"https:\/\/masterchem.ee\/fi\/wp-json\/wp\/v2\/types\/product"}],"wp:featuredmedia":[{"embeddable":true,"href":"https:\/\/masterchem.ee\/fi\/wp-json\/wp\/v2\/media\/19306"}],"wp:attachment":[{"href":"https:\/\/masterchem.ee\/fi\/wp-json\/wp\/v2\/media?parent=19298"}],"wp:term":[{"taxonomy":"product_brand","embeddable":true,"href":"https:\/\/masterchem.ee\/fi\/wp-json\/wp\/v2\/product_brand?post=19298"},{"taxonomy":"product_cat","embeddable":true,"href":"https:\/\/masterchem.ee\/fi\/wp-json\/wp\/v2\/product_cat?post=19298"},{"taxonomy":"product_tag","embeddable":true,"href":"https:\/\/masterchem.ee\/fi\/wp-json\/wp\/v2\/product_tag?post=19298"}],"curies":[{"name":"wp","href":"https:\/\/api.w.org\/{rel}","templated":true}]}}