{"id":19276,"date":"2022-04-07T07:44:49","date_gmt":"2022-04-07T07:44:55","guid":{"rendered":"https:\/\/masterchem.ee\/?post_type=product&#038;p=19276"},"modified":"2022-04-07T08:02:41","modified_gmt":"2022-04-07T08:02:41","slug":"monokaliumfosfaatti-cas-7778-77-0","status":"publish","type":"product","link":"https:\/\/masterchem.ee\/fi\/tooted-ja-teenused\/monokaliumfosfaatti-cas-7778-77-0\/","title":{"rendered":"Monokaliumfosfaatti (CAS 7778-77-0)"},"content":{"rendered":"<p><strong>Info<\/strong><br \/>\nToimialat: lannoitteet, puutarhanhoito<br \/>\nCAS-numero: 7778-77-0<br \/>\nWE-numero: 231-913-4<br \/>\nKemiallinen kaava: KH2PO4<br \/>\nMolekyylimassa: 136,09 g\/mol<br \/>\nTullitariffikoodi: 28352400<\/p>\n<p><strong>Muut fyysiset ominaisuudet<\/strong><br \/>\nSulamis-\/j\u00e4\u00e4tymispiste: 253\u00b0C<br \/>\nSuhteellinen tiheys: 2,33 g\/cm3 (21,5 \u00b1 0,5\u00b0C)<\/p>\n","protected":false},"excerpt":{"rendered":"<p><strong>Monokaliumfosfaatti (CAS 7778-77-0)<\/strong><\/p>\n<p>Monokaliumfosfaatti (MKP) (my\u00f6s kaliumdivetyfosfaatti, KDP tai yksiem\u00e4ksinen kaliumfosfaatti) on ep\u00e4orgaaninen yhdiste, jonka kaava on KH2PO4. Yhdess\u00e4 dikaliumfosfaatin (K2HPO4.(H2O)x) kanssa sit\u00e4 k\u00e4ytet\u00e4\u00e4n usein lannoitteena, elintarvikelis\u00e4aineena ja puskurointiaineena. Suola kiteytyy usein dikaliumsuolan sek\u00e4 fosforihapon kanssa.<\/p>\n","protected":false},"featured_media":19284,"template":"","meta":[],"product_brand":[],"product_cat":[180,323,351],"product_tag":[],"class_list":{"0":"post-19276","1":"product","2":"type-product","3":"status-publish","4":"has-post-thumbnail","6":"product_cat-uncategorized-fi-2","7":"product_cat-lannoitteet","8":"product_cat-puutarhanhoito","10":"first","11":"instock","12":"taxable","13":"shipping-taxable","14":"purchasable","15":"product-type-variable","16":"has-default-attributes"},"yoast_head":"<!-- This site is optimized with the Yoast SEO plugin v26.2 - https:\/\/yoast.com\/wordpress\/plugins\/seo\/ -->\n<title>Monokaliumfosfaatti (CAS 7778-77-0) - Chemistry For Industry - Solvents &amp; Chemicals - Masterchem.ee<\/title>\n<meta name=\"description\" content=\"Monokaliumfosfaatti (MKP) (my\u00f6s kaliumdivetyfosfaatti, KDP tai yksiem\u00e4ksinen kaliumfosfaatti) on ep\u00e4orgaaninen yhdiste, jonka kaava on KH2PO4.\" \/>\n<meta name=\"robots\" content=\"index, follow, max-snippet:-1, max-image-preview:large, max-video-preview:-1\" \/>\n<link rel=\"canonical\" href=\"https:\/\/masterchem.ee\/fi\/tooted-ja-teenused\/monokaliumfosfaatti-cas-7778-77-0\/\" \/>\n<meta name=\"twitter:card\" content=\"summary_large_image\" \/>\n<meta name=\"twitter:title\" content=\"Monokaliumfosfaatti (CAS 7778-77-0) - Chemistry For Industry - Solvents &amp; Chemicals - Masterchem.ee\" \/>\n<meta name=\"twitter:description\" content=\"Monokaliumfosfaatti (MKP) (my\u00f6s kaliumdivetyfosfaatti, KDP tai yksiem\u00e4ksinen kaliumfosfaatti) on ep\u00e4orgaaninen yhdiste, jonka kaava on KH2PO4.\" \/>\n<meta name=\"twitter:image\" content=\"https:\/\/masterchem.ee\/wp-content\/uploads\/2022\/04\/Monokaliumfosfaat-25kg-MasterChem.jpg\" \/>\n<script type=\"application\/ld+json\" class=\"yoast-schema-graph\">{\"@context\":\"https:\/\/schema.org\",\"@graph\":[{\"@type\":\"WebPage\",\"@id\":\"https:\/\/masterchem.ee\/fi\/tooted-ja-teenused\/monokaliumfosfaatti-cas-7778-77-0\/\",\"url\":\"https:\/\/masterchem.ee\/fi\/tooted-ja-teenused\/monokaliumfosfaatti-cas-7778-77-0\/\",\"name\":\"Monokaliumfosfaatti (CAS 7778-77-0) - Chemistry For Industry - Solvents &amp; Chemicals - Masterchem.ee\",\"isPartOf\":{\"@id\":\"https:\/\/masterchem.ee\/fi\/#website\"},\"primaryImageOfPage\":{\"@id\":\"https:\/\/masterchem.ee\/fi\/tooted-ja-teenused\/monokaliumfosfaatti-cas-7778-77-0\/#primaryimage\"},\"image\":{\"@id\":\"https:\/\/masterchem.ee\/fi\/tooted-ja-teenused\/monokaliumfosfaatti-cas-7778-77-0\/#primaryimage\"},\"thumbnailUrl\":\"https:\/\/masterchem.ee\/wp-content\/uploads\/2022\/04\/Monokaliumfosfaat-25kg-MasterChem.jpg\",\"datePublished\":\"2022-04-07T07:44:55+00:00\",\"dateModified\":\"2022-04-07T08:02:41+00:00\",\"description\":\"Monokaliumfosfaatti (MKP) (my\u00f6s kaliumdivetyfosfaatti, KDP tai yksiem\u00e4ksinen kaliumfosfaatti) on ep\u00e4orgaaninen yhdiste, jonka kaava on KH2PO4.\",\"breadcrumb\":{\"@id\":\"https:\/\/masterchem.ee\/fi\/tooted-ja-teenused\/monokaliumfosfaatti-cas-7778-77-0\/#breadcrumb\"},\"inLanguage\":\"fi\",\"potentialAction\":[{\"@type\":\"ReadAction\",\"target\":[\"https:\/\/masterchem.ee\/fi\/tooted-ja-teenused\/monokaliumfosfaatti-cas-7778-77-0\/\"]}]},{\"@type\":\"ImageObject\",\"inLanguage\":\"fi\",\"@id\":\"https:\/\/masterchem.ee\/fi\/tooted-ja-teenused\/monokaliumfosfaatti-cas-7778-77-0\/#primaryimage\",\"url\":\"https:\/\/masterchem.ee\/wp-content\/uploads\/2022\/04\/Monokaliumfosfaat-25kg-MasterChem.jpg\",\"contentUrl\":\"https:\/\/masterchem.ee\/wp-content\/uploads\/2022\/04\/Monokaliumfosfaat-25kg-MasterChem.jpg\",\"width\":1000,\"height\":1000,\"caption\":\"Monokaliumfosfaatti (CAS 7778-77-0) 25kg MasterChem\"},{\"@type\":\"BreadcrumbList\",\"@id\":\"https:\/\/masterchem.ee\/fi\/tooted-ja-teenused\/monokaliumfosfaatti-cas-7778-77-0\/#breadcrumb\",\"itemListElement\":[{\"@type\":\"ListItem\",\"position\":1,\"name\":\"Home\",\"item\":\"https:\/\/masterchem.ee\/fi\/\"},{\"@type\":\"ListItem\",\"position\":2,\"name\":\"Tooted ja teenused\",\"item\":\"https:\/\/masterchem.ee\/tooted-ja-teenused\/\"},{\"@type\":\"ListItem\",\"position\":3,\"name\":\"Monokaliumfosfaatti (CAS 7778-77-0)\"}]},{\"@type\":\"WebSite\",\"@id\":\"https:\/\/masterchem.ee\/fi\/#website\",\"url\":\"https:\/\/masterchem.ee\/fi\/\",\"name\":\"Masterchem.ee\",\"description\":\"Chemistry For Industry - Solvents &amp; Chemicals\",\"publisher\":{\"@id\":\"https:\/\/masterchem.ee\/fi\/#organization\"},\"potentialAction\":[{\"@type\":\"SearchAction\",\"target\":{\"@type\":\"EntryPoint\",\"urlTemplate\":\"https:\/\/masterchem.ee\/fi\/?s={search_term_string}\"},\"query-input\":{\"@type\":\"PropertyValueSpecification\",\"valueRequired\":true,\"valueName\":\"search_term_string\"}}],\"inLanguage\":\"fi\"},{\"@type\":\"Organization\",\"@id\":\"https:\/\/masterchem.ee\/fi\/#organization\",\"name\":\"Masterchem\",\"url\":\"https:\/\/masterchem.ee\/fi\/\",\"logo\":{\"@type\":\"ImageObject\",\"inLanguage\":\"fi\",\"@id\":\"https:\/\/masterchem.ee\/fi\/#\/schema\/logo\/image\/\",\"url\":\"https:\/\/masterchem.ee\/wp-content\/uploads\/2018\/02\/master-chem_final-1.png\",\"contentUrl\":\"https:\/\/masterchem.ee\/wp-content\/uploads\/2018\/02\/master-chem_final-1.png\",\"width\":850,\"height\":356,\"caption\":\"Masterchem\"},\"image\":{\"@id\":\"https:\/\/masterchem.ee\/fi\/#\/schema\/logo\/image\/\"}}]}<\/script>\n<!-- \/ Yoast SEO plugin. -->","yoast_head_json":{"title":"Monokaliumfosfaatti (CAS 7778-77-0) - Chemistry For Industry - Solvents &amp; Chemicals - Masterchem.ee","description":"Monokaliumfosfaatti (MKP) (my\u00f6s kaliumdivetyfosfaatti, KDP tai yksiem\u00e4ksinen kaliumfosfaatti) on ep\u00e4orgaaninen yhdiste, jonka kaava on KH2PO4.","robots":{"index":"index","follow":"follow","max-snippet":"max-snippet:-1","max-image-preview":"max-image-preview:large","max-video-preview":"max-video-preview:-1"},"canonical":"https:\/\/masterchem.ee\/fi\/tooted-ja-teenused\/monokaliumfosfaatti-cas-7778-77-0\/","twitter_card":"summary_large_image","twitter_title":"Monokaliumfosfaatti (CAS 7778-77-0) - Chemistry For Industry - Solvents &amp; Chemicals - Masterchem.ee","twitter_description":"Monokaliumfosfaatti (MKP) (my\u00f6s kaliumdivetyfosfaatti, KDP tai yksiem\u00e4ksinen kaliumfosfaatti) on ep\u00e4orgaaninen yhdiste, jonka kaava on KH2PO4.","twitter_image":"https:\/\/masterchem.ee\/wp-content\/uploads\/2022\/04\/Monokaliumfosfaat-25kg-MasterChem.jpg","schema":{"@context":"https:\/\/schema.org","@graph":[{"@type":"WebPage","@id":"https:\/\/masterchem.ee\/fi\/tooted-ja-teenused\/monokaliumfosfaatti-cas-7778-77-0\/","url":"https:\/\/masterchem.ee\/fi\/tooted-ja-teenused\/monokaliumfosfaatti-cas-7778-77-0\/","name":"Monokaliumfosfaatti (CAS 7778-77-0) - Chemistry For Industry - Solvents &amp; Chemicals - Masterchem.ee","isPartOf":{"@id":"https:\/\/masterchem.ee\/fi\/#website"},"primaryImageOfPage":{"@id":"https:\/\/masterchem.ee\/fi\/tooted-ja-teenused\/monokaliumfosfaatti-cas-7778-77-0\/#primaryimage"},"image":{"@id":"https:\/\/masterchem.ee\/fi\/tooted-ja-teenused\/monokaliumfosfaatti-cas-7778-77-0\/#primaryimage"},"thumbnailUrl":"https:\/\/masterchem.ee\/wp-content\/uploads\/2022\/04\/Monokaliumfosfaat-25kg-MasterChem.jpg","datePublished":"2022-04-07T07:44:55+00:00","dateModified":"2022-04-07T08:02:41+00:00","description":"Monokaliumfosfaatti (MKP) (my\u00f6s kaliumdivetyfosfaatti, KDP tai yksiem\u00e4ksinen kaliumfosfaatti) on ep\u00e4orgaaninen yhdiste, jonka kaava on KH2PO4.","breadcrumb":{"@id":"https:\/\/masterchem.ee\/fi\/tooted-ja-teenused\/monokaliumfosfaatti-cas-7778-77-0\/#breadcrumb"},"inLanguage":"fi","potentialAction":[{"@type":"ReadAction","target":["https:\/\/masterchem.ee\/fi\/tooted-ja-teenused\/monokaliumfosfaatti-cas-7778-77-0\/"]}]},{"@type":"ImageObject","inLanguage":"fi","@id":"https:\/\/masterchem.ee\/fi\/tooted-ja-teenused\/monokaliumfosfaatti-cas-7778-77-0\/#primaryimage","url":"https:\/\/masterchem.ee\/wp-content\/uploads\/2022\/04\/Monokaliumfosfaat-25kg-MasterChem.jpg","contentUrl":"https:\/\/masterchem.ee\/wp-content\/uploads\/2022\/04\/Monokaliumfosfaat-25kg-MasterChem.jpg","width":1000,"height":1000,"caption":"Monokaliumfosfaatti (CAS 7778-77-0) 25kg MasterChem"},{"@type":"BreadcrumbList","@id":"https:\/\/masterchem.ee\/fi\/tooted-ja-teenused\/monokaliumfosfaatti-cas-7778-77-0\/#breadcrumb","itemListElement":[{"@type":"ListItem","position":1,"name":"Home","item":"https:\/\/masterchem.ee\/fi\/"},{"@type":"ListItem","position":2,"name":"Tooted ja teenused","item":"https:\/\/masterchem.ee\/tooted-ja-teenused\/"},{"@type":"ListItem","position":3,"name":"Monokaliumfosfaatti (CAS 7778-77-0)"}]},{"@type":"WebSite","@id":"https:\/\/masterchem.ee\/fi\/#website","url":"https:\/\/masterchem.ee\/fi\/","name":"Masterchem.ee","description":"Chemistry For Industry - Solvents &amp; Chemicals","publisher":{"@id":"https:\/\/masterchem.ee\/fi\/#organization"},"potentialAction":[{"@type":"SearchAction","target":{"@type":"EntryPoint","urlTemplate":"https:\/\/masterchem.ee\/fi\/?s={search_term_string}"},"query-input":{"@type":"PropertyValueSpecification","valueRequired":true,"valueName":"search_term_string"}}],"inLanguage":"fi"},{"@type":"Organization","@id":"https:\/\/masterchem.ee\/fi\/#organization","name":"Masterchem","url":"https:\/\/masterchem.ee\/fi\/","logo":{"@type":"ImageObject","inLanguage":"fi","@id":"https:\/\/masterchem.ee\/fi\/#\/schema\/logo\/image\/","url":"https:\/\/masterchem.ee\/wp-content\/uploads\/2018\/02\/master-chem_final-1.png","contentUrl":"https:\/\/masterchem.ee\/wp-content\/uploads\/2018\/02\/master-chem_final-1.png","width":850,"height":356,"caption":"Masterchem"},"image":{"@id":"https:\/\/masterchem.ee\/fi\/#\/schema\/logo\/image\/"}}]}},"_links":{"self":[{"href":"https:\/\/masterchem.ee\/fi\/wp-json\/wp\/v2\/product\/19276","targetHints":{"allow":["GET"]}}],"collection":[{"href":"https:\/\/masterchem.ee\/fi\/wp-json\/wp\/v2\/product"}],"about":[{"href":"https:\/\/masterchem.ee\/fi\/wp-json\/wp\/v2\/types\/product"}],"wp:featuredmedia":[{"embeddable":true,"href":"https:\/\/masterchem.ee\/fi\/wp-json\/wp\/v2\/media\/19284"}],"wp:attachment":[{"href":"https:\/\/masterchem.ee\/fi\/wp-json\/wp\/v2\/media?parent=19276"}],"wp:term":[{"taxonomy":"product_brand","embeddable":true,"href":"https:\/\/masterchem.ee\/fi\/wp-json\/wp\/v2\/product_brand?post=19276"},{"taxonomy":"product_cat","embeddable":true,"href":"https:\/\/masterchem.ee\/fi\/wp-json\/wp\/v2\/product_cat?post=19276"},{"taxonomy":"product_tag","embeddable":true,"href":"https:\/\/masterchem.ee\/fi\/wp-json\/wp\/v2\/product_tag?post=19276"}],"curies":[{"name":"wp","href":"https:\/\/api.w.org\/{rel}","templated":true}]}}