{"id":19253,"date":"2022-04-07T07:17:15","date_gmt":"2022-04-07T07:17:22","guid":{"rendered":"https:\/\/masterchem.ee\/?post_type=product&#038;p=19253"},"modified":"2022-04-07T07:29:29","modified_gmt":"2022-04-07T07:29:29","slug":"l-asparagiinihappo-cas-56-84-8","status":"publish","type":"product","link":"https:\/\/masterchem.ee\/fi\/tooted-ja-teenused\/l-asparagiinihappo-cas-56-84-8\/","title":{"rendered":"L-asparagiinihappo (CAS 56-84-8)"},"content":{"rendered":"<p><strong>Info<\/strong><br \/>\nToimialat: Lannoitteet<br \/>\nCAS-numero: 56-84-8<br \/>\nKemiallinen kaava: C4H7NO4<br \/>\nMoolimassa: 133,1 g\/mol<br \/>\nTullitariffikoodi: 29224985<\/p>\n","protected":false},"excerpt":{"rendered":"<p><strong>L-asparagiinihappo (CAS 56-84-8)<\/strong><\/p>\n<p>Asparagiinihappo (C4H7NO4) eli 2-aminobutaanidihappo (tunnetaan my\u00f6s nimell\u00e4 aspartiinihappo) on yksi luonnon 20 yleisimm\u00e4st\u00e4 aminohaposta. Se tunnetaan my\u00f6s anioni-nimell\u00e4\u00e4n aspartaatti. Asparagiinihappo on glutamiinihapon ohella toinen kahdesta happamasta aminohaposta ja se esiintyy fysiologisessa pH:ssa aina negatiivisena ionina. Se on asparagiinin karboksyylihappomuoto.<\/p>\n<p>Asparagiinihappo on normaaliolosuhteissa olomuodoltaan kiinte\u00e4\u00e4 ja sen sulamispiste on 230 \u00b0C sek\u00e4 CAS-numero 56-84-8 (L-asparagiinihappo). Asparagiinihapon toisen isomeerin eli D-asparagiinihapon sulamispiste on 300 \u00b0C ja CAS-numero on 1783-96-6.<\/p>\n","protected":false},"featured_media":19261,"template":"","meta":[],"product_brand":[],"product_cat":[180,323],"product_tag":[],"class_list":{"0":"post-19253","1":"product","2":"type-product","3":"status-publish","4":"has-post-thumbnail","6":"product_cat-uncategorized-fi-2","7":"product_cat-lannoitteet","9":"first","10":"instock","11":"taxable","12":"shipping-taxable","13":"purchasable","14":"product-type-variable","15":"has-default-attributes"},"yoast_head":"<!-- This site is optimized with the Yoast SEO plugin v26.2 - https:\/\/yoast.com\/wordpress\/plugins\/seo\/ -->\n<title>L-asparagiinihappo (CAS 56-84-8) - Chemistry For Industry - Solvents &amp; Chemicals - Masterchem.ee<\/title>\n<meta name=\"description\" content=\"Asparagiinihappo (C4H7NO4) eli 2-aminobutaanidihappo (tunnetaan my\u00f6s nimell\u00e4 aspartiinihappo) on yksi luonnon 20 yleisimm\u00e4st\u00e4 aminohaposta.\" \/>\n<meta name=\"robots\" content=\"index, follow, max-snippet:-1, max-image-preview:large, max-video-preview:-1\" \/>\n<link rel=\"canonical\" href=\"https:\/\/masterchem.ee\/fi\/tooted-ja-teenused\/l-asparagiinihappo-cas-56-84-8\/\" \/>\n<meta name=\"twitter:card\" content=\"summary_large_image\" \/>\n<meta name=\"twitter:title\" content=\"L-asparagiinihappo (CAS 56-84-8) - Chemistry For Industry - Solvents &amp; Chemicals - Masterchem.ee\" \/>\n<meta name=\"twitter:description\" content=\"Asparagiinihappo (C4H7NO4) eli 2-aminobutaanidihappo (tunnetaan my\u00f6s nimell\u00e4 aspartiinihappo) on yksi luonnon 20 yleisimm\u00e4st\u00e4 aminohaposta.\" \/>\n<meta name=\"twitter:image\" content=\"https:\/\/masterchem.ee\/wp-content\/uploads\/2022\/04\/L-asparagiinhape-25kg-MasterChem.jpg\" \/>\n<script type=\"application\/ld+json\" class=\"yoast-schema-graph\">{\"@context\":\"https:\/\/schema.org\",\"@graph\":[{\"@type\":\"WebPage\",\"@id\":\"https:\/\/masterchem.ee\/fi\/tooted-ja-teenused\/l-asparagiinihappo-cas-56-84-8\/\",\"url\":\"https:\/\/masterchem.ee\/fi\/tooted-ja-teenused\/l-asparagiinihappo-cas-56-84-8\/\",\"name\":\"L-asparagiinihappo (CAS 56-84-8) - Chemistry For Industry - Solvents &amp; Chemicals - Masterchem.ee\",\"isPartOf\":{\"@id\":\"https:\/\/masterchem.ee\/fi\/#website\"},\"primaryImageOfPage\":{\"@id\":\"https:\/\/masterchem.ee\/fi\/tooted-ja-teenused\/l-asparagiinihappo-cas-56-84-8\/#primaryimage\"},\"image\":{\"@id\":\"https:\/\/masterchem.ee\/fi\/tooted-ja-teenused\/l-asparagiinihappo-cas-56-84-8\/#primaryimage\"},\"thumbnailUrl\":\"https:\/\/masterchem.ee\/wp-content\/uploads\/2022\/04\/L-asparagiinhape-25kg-MasterChem.jpg\",\"datePublished\":\"2022-04-07T07:17:22+00:00\",\"dateModified\":\"2022-04-07T07:29:29+00:00\",\"description\":\"Asparagiinihappo (C4H7NO4) eli 2-aminobutaanidihappo (tunnetaan my\u00f6s nimell\u00e4 aspartiinihappo) on yksi luonnon 20 yleisimm\u00e4st\u00e4 aminohaposta.\",\"breadcrumb\":{\"@id\":\"https:\/\/masterchem.ee\/fi\/tooted-ja-teenused\/l-asparagiinihappo-cas-56-84-8\/#breadcrumb\"},\"inLanguage\":\"fi\",\"potentialAction\":[{\"@type\":\"ReadAction\",\"target\":[\"https:\/\/masterchem.ee\/fi\/tooted-ja-teenused\/l-asparagiinihappo-cas-56-84-8\/\"]}]},{\"@type\":\"ImageObject\",\"inLanguage\":\"fi\",\"@id\":\"https:\/\/masterchem.ee\/fi\/tooted-ja-teenused\/l-asparagiinihappo-cas-56-84-8\/#primaryimage\",\"url\":\"https:\/\/masterchem.ee\/wp-content\/uploads\/2022\/04\/L-asparagiinhape-25kg-MasterChem.jpg\",\"contentUrl\":\"https:\/\/masterchem.ee\/wp-content\/uploads\/2022\/04\/L-asparagiinhape-25kg-MasterChem.jpg\",\"width\":1000,\"height\":1000,\"caption\":\"L-asparagiinihappo (CAS 56-84-8) 25kg MasterChem\"},{\"@type\":\"BreadcrumbList\",\"@id\":\"https:\/\/masterchem.ee\/fi\/tooted-ja-teenused\/l-asparagiinihappo-cas-56-84-8\/#breadcrumb\",\"itemListElement\":[{\"@type\":\"ListItem\",\"position\":1,\"name\":\"Home\",\"item\":\"https:\/\/masterchem.ee\/fi\/\"},{\"@type\":\"ListItem\",\"position\":2,\"name\":\"Tooted ja teenused\",\"item\":\"https:\/\/masterchem.ee\/tooted-ja-teenused\/\"},{\"@type\":\"ListItem\",\"position\":3,\"name\":\"L-asparagiinihappo (CAS 56-84-8)\"}]},{\"@type\":\"WebSite\",\"@id\":\"https:\/\/masterchem.ee\/fi\/#website\",\"url\":\"https:\/\/masterchem.ee\/fi\/\",\"name\":\"Masterchem.ee\",\"description\":\"Chemistry For Industry - Solvents &amp; Chemicals\",\"publisher\":{\"@id\":\"https:\/\/masterchem.ee\/fi\/#organization\"},\"potentialAction\":[{\"@type\":\"SearchAction\",\"target\":{\"@type\":\"EntryPoint\",\"urlTemplate\":\"https:\/\/masterchem.ee\/fi\/?s={search_term_string}\"},\"query-input\":{\"@type\":\"PropertyValueSpecification\",\"valueRequired\":true,\"valueName\":\"search_term_string\"}}],\"inLanguage\":\"fi\"},{\"@type\":\"Organization\",\"@id\":\"https:\/\/masterchem.ee\/fi\/#organization\",\"name\":\"Masterchem\",\"url\":\"https:\/\/masterchem.ee\/fi\/\",\"logo\":{\"@type\":\"ImageObject\",\"inLanguage\":\"fi\",\"@id\":\"https:\/\/masterchem.ee\/fi\/#\/schema\/logo\/image\/\",\"url\":\"https:\/\/masterchem.ee\/wp-content\/uploads\/2018\/02\/master-chem_final-1.png\",\"contentUrl\":\"https:\/\/masterchem.ee\/wp-content\/uploads\/2018\/02\/master-chem_final-1.png\",\"width\":850,\"height\":356,\"caption\":\"Masterchem\"},\"image\":{\"@id\":\"https:\/\/masterchem.ee\/fi\/#\/schema\/logo\/image\/\"}}]}<\/script>\n<!-- \/ Yoast SEO plugin. -->","yoast_head_json":{"title":"L-asparagiinihappo (CAS 56-84-8) - Chemistry For Industry - Solvents &amp; Chemicals - Masterchem.ee","description":"Asparagiinihappo (C4H7NO4) eli 2-aminobutaanidihappo (tunnetaan my\u00f6s nimell\u00e4 aspartiinihappo) on yksi luonnon 20 yleisimm\u00e4st\u00e4 aminohaposta.","robots":{"index":"index","follow":"follow","max-snippet":"max-snippet:-1","max-image-preview":"max-image-preview:large","max-video-preview":"max-video-preview:-1"},"canonical":"https:\/\/masterchem.ee\/fi\/tooted-ja-teenused\/l-asparagiinihappo-cas-56-84-8\/","twitter_card":"summary_large_image","twitter_title":"L-asparagiinihappo (CAS 56-84-8) - Chemistry For Industry - Solvents &amp; Chemicals - Masterchem.ee","twitter_description":"Asparagiinihappo (C4H7NO4) eli 2-aminobutaanidihappo (tunnetaan my\u00f6s nimell\u00e4 aspartiinihappo) on yksi luonnon 20 yleisimm\u00e4st\u00e4 aminohaposta.","twitter_image":"https:\/\/masterchem.ee\/wp-content\/uploads\/2022\/04\/L-asparagiinhape-25kg-MasterChem.jpg","schema":{"@context":"https:\/\/schema.org","@graph":[{"@type":"WebPage","@id":"https:\/\/masterchem.ee\/fi\/tooted-ja-teenused\/l-asparagiinihappo-cas-56-84-8\/","url":"https:\/\/masterchem.ee\/fi\/tooted-ja-teenused\/l-asparagiinihappo-cas-56-84-8\/","name":"L-asparagiinihappo (CAS 56-84-8) - Chemistry For Industry - Solvents &amp; Chemicals - Masterchem.ee","isPartOf":{"@id":"https:\/\/masterchem.ee\/fi\/#website"},"primaryImageOfPage":{"@id":"https:\/\/masterchem.ee\/fi\/tooted-ja-teenused\/l-asparagiinihappo-cas-56-84-8\/#primaryimage"},"image":{"@id":"https:\/\/masterchem.ee\/fi\/tooted-ja-teenused\/l-asparagiinihappo-cas-56-84-8\/#primaryimage"},"thumbnailUrl":"https:\/\/masterchem.ee\/wp-content\/uploads\/2022\/04\/L-asparagiinhape-25kg-MasterChem.jpg","datePublished":"2022-04-07T07:17:22+00:00","dateModified":"2022-04-07T07:29:29+00:00","description":"Asparagiinihappo (C4H7NO4) eli 2-aminobutaanidihappo (tunnetaan my\u00f6s nimell\u00e4 aspartiinihappo) on yksi luonnon 20 yleisimm\u00e4st\u00e4 aminohaposta.","breadcrumb":{"@id":"https:\/\/masterchem.ee\/fi\/tooted-ja-teenused\/l-asparagiinihappo-cas-56-84-8\/#breadcrumb"},"inLanguage":"fi","potentialAction":[{"@type":"ReadAction","target":["https:\/\/masterchem.ee\/fi\/tooted-ja-teenused\/l-asparagiinihappo-cas-56-84-8\/"]}]},{"@type":"ImageObject","inLanguage":"fi","@id":"https:\/\/masterchem.ee\/fi\/tooted-ja-teenused\/l-asparagiinihappo-cas-56-84-8\/#primaryimage","url":"https:\/\/masterchem.ee\/wp-content\/uploads\/2022\/04\/L-asparagiinhape-25kg-MasterChem.jpg","contentUrl":"https:\/\/masterchem.ee\/wp-content\/uploads\/2022\/04\/L-asparagiinhape-25kg-MasterChem.jpg","width":1000,"height":1000,"caption":"L-asparagiinihappo (CAS 56-84-8) 25kg MasterChem"},{"@type":"BreadcrumbList","@id":"https:\/\/masterchem.ee\/fi\/tooted-ja-teenused\/l-asparagiinihappo-cas-56-84-8\/#breadcrumb","itemListElement":[{"@type":"ListItem","position":1,"name":"Home","item":"https:\/\/masterchem.ee\/fi\/"},{"@type":"ListItem","position":2,"name":"Tooted ja teenused","item":"https:\/\/masterchem.ee\/tooted-ja-teenused\/"},{"@type":"ListItem","position":3,"name":"L-asparagiinihappo (CAS 56-84-8)"}]},{"@type":"WebSite","@id":"https:\/\/masterchem.ee\/fi\/#website","url":"https:\/\/masterchem.ee\/fi\/","name":"Masterchem.ee","description":"Chemistry For Industry - Solvents &amp; Chemicals","publisher":{"@id":"https:\/\/masterchem.ee\/fi\/#organization"},"potentialAction":[{"@type":"SearchAction","target":{"@type":"EntryPoint","urlTemplate":"https:\/\/masterchem.ee\/fi\/?s={search_term_string}"},"query-input":{"@type":"PropertyValueSpecification","valueRequired":true,"valueName":"search_term_string"}}],"inLanguage":"fi"},{"@type":"Organization","@id":"https:\/\/masterchem.ee\/fi\/#organization","name":"Masterchem","url":"https:\/\/masterchem.ee\/fi\/","logo":{"@type":"ImageObject","inLanguage":"fi","@id":"https:\/\/masterchem.ee\/fi\/#\/schema\/logo\/image\/","url":"https:\/\/masterchem.ee\/wp-content\/uploads\/2018\/02\/master-chem_final-1.png","contentUrl":"https:\/\/masterchem.ee\/wp-content\/uploads\/2018\/02\/master-chem_final-1.png","width":850,"height":356,"caption":"Masterchem"},"image":{"@id":"https:\/\/masterchem.ee\/fi\/#\/schema\/logo\/image\/"}}]}},"_links":{"self":[{"href":"https:\/\/masterchem.ee\/fi\/wp-json\/wp\/v2\/product\/19253","targetHints":{"allow":["GET"]}}],"collection":[{"href":"https:\/\/masterchem.ee\/fi\/wp-json\/wp\/v2\/product"}],"about":[{"href":"https:\/\/masterchem.ee\/fi\/wp-json\/wp\/v2\/types\/product"}],"wp:featuredmedia":[{"embeddable":true,"href":"https:\/\/masterchem.ee\/fi\/wp-json\/wp\/v2\/media\/19261"}],"wp:attachment":[{"href":"https:\/\/masterchem.ee\/fi\/wp-json\/wp\/v2\/media?parent=19253"}],"wp:term":[{"taxonomy":"product_brand","embeddable":true,"href":"https:\/\/masterchem.ee\/fi\/wp-json\/wp\/v2\/product_brand?post=19253"},{"taxonomy":"product_cat","embeddable":true,"href":"https:\/\/masterchem.ee\/fi\/wp-json\/wp\/v2\/product_cat?post=19253"},{"taxonomy":"product_tag","embeddable":true,"href":"https:\/\/masterchem.ee\/fi\/wp-json\/wp\/v2\/product_tag?post=19253"}],"curies":[{"name":"wp","href":"https:\/\/api.w.org\/{rel}","templated":true}]}}