{"id":19231,"date":"2022-04-07T06:59:13","date_gmt":"2022-04-07T07:00:00","guid":{"rendered":"https:\/\/masterchem.ee\/?post_type=product&#038;p=19231"},"modified":"2022-04-07T07:09:27","modified_gmt":"2022-04-07T07:09:27","slug":"ammoniumpolyfosfaatti-cas-68333-79-9","status":"publish","type":"product","link":"https:\/\/masterchem.ee\/fi\/tooted-ja-teenused\/ammoniumpolyfosfaatti-cas-68333-79-9\/","title":{"rendered":"Ammoniumpolyfosfaatti (CAS 68333-79-9)"},"content":{"rendered":"<p><strong>Info<\/strong><br \/>\nToimialat: Lannoitteet<br \/>\nCAS-numero: 68333-79-9<br \/>\nWE-numero: 269-789-9<br \/>\nKemiallinen kaava: [NH4PO3]N<br \/>\nTullitariffikoodi: 28353900<\/p>\n<p><strong>Muut fyysiset ominaisuudet<\/strong><br \/>\nSulamis-\/j\u00e4\u00e4tymispiste: 622\u00b0C<br \/>\nSuhteellinen tiheys: 2,55 g\/cm3<\/p>\n","protected":false},"excerpt":{"rendered":"<p><strong>Ammoniumpolyfosfaatti (CAS 68333-79-9)<\/strong><\/p>\n<p>Ammoniumpolyfosfaatti on polyfosforihapon ja ammoniakin ep\u00e4orgaaninen suola, joka sis\u00e4lt\u00e4\u00e4 molemmat ketjut ja mahdollisesti haarautuneen. Sen kemiallinen kaava on [NH4 PO3]n(OH)2, mik\u00e4 osoittaa, ett\u00e4 jokainen monomeeri koostuu fosforiatomin ortofosfaattiradikaalista, jossa on kolme happea ja yksi negatiivinen varaus, joka on neutraloitu ammoniumkationilla j\u00e4tt\u00e4en kaksi sidosta vapaasti polymeroitumaan. Haaroittuneissa tapauksissa joistakin monomeereist\u00e4 puuttuu ammoniumanioni, ja ne liittyv\u00e4t sen sijaan kolmeen muuhun monomeeriin.<\/p>\n","protected":false},"featured_media":19239,"template":"","meta":[],"product_brand":[],"product_cat":[180,323],"product_tag":[],"class_list":{"0":"post-19231","1":"product","2":"type-product","3":"status-publish","4":"has-post-thumbnail","6":"product_cat-uncategorized-fi-2","7":"product_cat-lannoitteet","9":"first","10":"instock","11":"taxable","12":"shipping-taxable","13":"purchasable","14":"product-type-variable","15":"has-default-attributes"},"yoast_head":"<!-- This site is optimized with the Yoast SEO plugin v26.2 - https:\/\/yoast.com\/wordpress\/plugins\/seo\/ -->\n<title>Ammoniumpolyfosfaatti (CAS 68333-79-9) - Chemistry For Industry - Solvents &amp; Chemicals - Masterchem.ee<\/title>\n<meta name=\"description\" content=\"Ammoniumpolyfosfaatti on polyfosforihapon ja ammoniakin ep\u00e4orgaaninen suola, joka sis\u00e4lt\u00e4\u00e4 molemmat ketjut ja mahdollisesti haarautuneen.\" \/>\n<meta name=\"robots\" content=\"index, follow, max-snippet:-1, max-image-preview:large, max-video-preview:-1\" \/>\n<link rel=\"canonical\" href=\"https:\/\/masterchem.ee\/fi\/tooted-ja-teenused\/ammoniumpolyfosfaatti-cas-68333-79-9\/\" \/>\n<meta name=\"twitter:card\" content=\"summary_large_image\" \/>\n<meta name=\"twitter:title\" content=\"Ammoniumpolyfosfaatti (CAS 68333-79-9) - Chemistry For Industry - Solvents &amp; Chemicals - Masterchem.ee\" \/>\n<meta name=\"twitter:description\" content=\"Ammoniumpolyfosfaatti on polyfosforihapon ja ammoniakin ep\u00e4orgaaninen suola, joka sis\u00e4lt\u00e4\u00e4 molemmat ketjut ja mahdollisesti haarautuneen.\" \/>\n<meta name=\"twitter:image\" content=\"https:\/\/masterchem.ee\/wp-content\/uploads\/2022\/04\/Ammooniumpolufosfaat-25kg-MasterChem.jpg\" \/>\n<script type=\"application\/ld+json\" class=\"yoast-schema-graph\">{\"@context\":\"https:\/\/schema.org\",\"@graph\":[{\"@type\":\"WebPage\",\"@id\":\"https:\/\/masterchem.ee\/fi\/tooted-ja-teenused\/ammoniumpolyfosfaatti-cas-68333-79-9\/\",\"url\":\"https:\/\/masterchem.ee\/fi\/tooted-ja-teenused\/ammoniumpolyfosfaatti-cas-68333-79-9\/\",\"name\":\"Ammoniumpolyfosfaatti (CAS 68333-79-9) - Chemistry For Industry - Solvents &amp; Chemicals - Masterchem.ee\",\"isPartOf\":{\"@id\":\"https:\/\/masterchem.ee\/fi\/#website\"},\"primaryImageOfPage\":{\"@id\":\"https:\/\/masterchem.ee\/fi\/tooted-ja-teenused\/ammoniumpolyfosfaatti-cas-68333-79-9\/#primaryimage\"},\"image\":{\"@id\":\"https:\/\/masterchem.ee\/fi\/tooted-ja-teenused\/ammoniumpolyfosfaatti-cas-68333-79-9\/#primaryimage\"},\"thumbnailUrl\":\"https:\/\/masterchem.ee\/wp-content\/uploads\/2022\/04\/Ammooniumpolufosfaat-25kg-MasterChem.jpg\",\"datePublished\":\"2022-04-07T07:00:00+00:00\",\"dateModified\":\"2022-04-07T07:09:27+00:00\",\"description\":\"Ammoniumpolyfosfaatti on polyfosforihapon ja ammoniakin ep\u00e4orgaaninen suola, joka sis\u00e4lt\u00e4\u00e4 molemmat ketjut ja mahdollisesti haarautuneen.\",\"breadcrumb\":{\"@id\":\"https:\/\/masterchem.ee\/fi\/tooted-ja-teenused\/ammoniumpolyfosfaatti-cas-68333-79-9\/#breadcrumb\"},\"inLanguage\":\"fi\",\"potentialAction\":[{\"@type\":\"ReadAction\",\"target\":[\"https:\/\/masterchem.ee\/fi\/tooted-ja-teenused\/ammoniumpolyfosfaatti-cas-68333-79-9\/\"]}]},{\"@type\":\"ImageObject\",\"inLanguage\":\"fi\",\"@id\":\"https:\/\/masterchem.ee\/fi\/tooted-ja-teenused\/ammoniumpolyfosfaatti-cas-68333-79-9\/#primaryimage\",\"url\":\"https:\/\/masterchem.ee\/wp-content\/uploads\/2022\/04\/Ammooniumpolufosfaat-25kg-MasterChem.jpg\",\"contentUrl\":\"https:\/\/masterchem.ee\/wp-content\/uploads\/2022\/04\/Ammooniumpolufosfaat-25kg-MasterChem.jpg\",\"width\":1000,\"height\":1000,\"caption\":\"Ammoniumpolyfosfaatti (CAS 68333-79-9) 25kg MasterChem\"},{\"@type\":\"BreadcrumbList\",\"@id\":\"https:\/\/masterchem.ee\/fi\/tooted-ja-teenused\/ammoniumpolyfosfaatti-cas-68333-79-9\/#breadcrumb\",\"itemListElement\":[{\"@type\":\"ListItem\",\"position\":1,\"name\":\"Home\",\"item\":\"https:\/\/masterchem.ee\/fi\/\"},{\"@type\":\"ListItem\",\"position\":2,\"name\":\"Tooted ja teenused\",\"item\":\"https:\/\/masterchem.ee\/tooted-ja-teenused\/\"},{\"@type\":\"ListItem\",\"position\":3,\"name\":\"Ammoniumpolyfosfaatti (CAS 68333-79-9)\"}]},{\"@type\":\"WebSite\",\"@id\":\"https:\/\/masterchem.ee\/fi\/#website\",\"url\":\"https:\/\/masterchem.ee\/fi\/\",\"name\":\"Masterchem.ee\",\"description\":\"Chemistry For Industry - Solvents &amp; Chemicals\",\"publisher\":{\"@id\":\"https:\/\/masterchem.ee\/fi\/#organization\"},\"potentialAction\":[{\"@type\":\"SearchAction\",\"target\":{\"@type\":\"EntryPoint\",\"urlTemplate\":\"https:\/\/masterchem.ee\/fi\/?s={search_term_string}\"},\"query-input\":{\"@type\":\"PropertyValueSpecification\",\"valueRequired\":true,\"valueName\":\"search_term_string\"}}],\"inLanguage\":\"fi\"},{\"@type\":\"Organization\",\"@id\":\"https:\/\/masterchem.ee\/fi\/#organization\",\"name\":\"Masterchem\",\"url\":\"https:\/\/masterchem.ee\/fi\/\",\"logo\":{\"@type\":\"ImageObject\",\"inLanguage\":\"fi\",\"@id\":\"https:\/\/masterchem.ee\/fi\/#\/schema\/logo\/image\/\",\"url\":\"https:\/\/masterchem.ee\/wp-content\/uploads\/2018\/02\/master-chem_final-1.png\",\"contentUrl\":\"https:\/\/masterchem.ee\/wp-content\/uploads\/2018\/02\/master-chem_final-1.png\",\"width\":850,\"height\":356,\"caption\":\"Masterchem\"},\"image\":{\"@id\":\"https:\/\/masterchem.ee\/fi\/#\/schema\/logo\/image\/\"}}]}<\/script>\n<!-- \/ Yoast SEO plugin. -->","yoast_head_json":{"title":"Ammoniumpolyfosfaatti (CAS 68333-79-9) - Chemistry For Industry - Solvents &amp; Chemicals - Masterchem.ee","description":"Ammoniumpolyfosfaatti on polyfosforihapon ja ammoniakin ep\u00e4orgaaninen suola, joka sis\u00e4lt\u00e4\u00e4 molemmat ketjut ja mahdollisesti haarautuneen.","robots":{"index":"index","follow":"follow","max-snippet":"max-snippet:-1","max-image-preview":"max-image-preview:large","max-video-preview":"max-video-preview:-1"},"canonical":"https:\/\/masterchem.ee\/fi\/tooted-ja-teenused\/ammoniumpolyfosfaatti-cas-68333-79-9\/","twitter_card":"summary_large_image","twitter_title":"Ammoniumpolyfosfaatti (CAS 68333-79-9) - Chemistry For Industry - Solvents &amp; Chemicals - Masterchem.ee","twitter_description":"Ammoniumpolyfosfaatti on polyfosforihapon ja ammoniakin ep\u00e4orgaaninen suola, joka sis\u00e4lt\u00e4\u00e4 molemmat ketjut ja mahdollisesti haarautuneen.","twitter_image":"https:\/\/masterchem.ee\/wp-content\/uploads\/2022\/04\/Ammooniumpolufosfaat-25kg-MasterChem.jpg","schema":{"@context":"https:\/\/schema.org","@graph":[{"@type":"WebPage","@id":"https:\/\/masterchem.ee\/fi\/tooted-ja-teenused\/ammoniumpolyfosfaatti-cas-68333-79-9\/","url":"https:\/\/masterchem.ee\/fi\/tooted-ja-teenused\/ammoniumpolyfosfaatti-cas-68333-79-9\/","name":"Ammoniumpolyfosfaatti (CAS 68333-79-9) - Chemistry For Industry - Solvents &amp; Chemicals - Masterchem.ee","isPartOf":{"@id":"https:\/\/masterchem.ee\/fi\/#website"},"primaryImageOfPage":{"@id":"https:\/\/masterchem.ee\/fi\/tooted-ja-teenused\/ammoniumpolyfosfaatti-cas-68333-79-9\/#primaryimage"},"image":{"@id":"https:\/\/masterchem.ee\/fi\/tooted-ja-teenused\/ammoniumpolyfosfaatti-cas-68333-79-9\/#primaryimage"},"thumbnailUrl":"https:\/\/masterchem.ee\/wp-content\/uploads\/2022\/04\/Ammooniumpolufosfaat-25kg-MasterChem.jpg","datePublished":"2022-04-07T07:00:00+00:00","dateModified":"2022-04-07T07:09:27+00:00","description":"Ammoniumpolyfosfaatti on polyfosforihapon ja ammoniakin ep\u00e4orgaaninen suola, joka sis\u00e4lt\u00e4\u00e4 molemmat ketjut ja mahdollisesti haarautuneen.","breadcrumb":{"@id":"https:\/\/masterchem.ee\/fi\/tooted-ja-teenused\/ammoniumpolyfosfaatti-cas-68333-79-9\/#breadcrumb"},"inLanguage":"fi","potentialAction":[{"@type":"ReadAction","target":["https:\/\/masterchem.ee\/fi\/tooted-ja-teenused\/ammoniumpolyfosfaatti-cas-68333-79-9\/"]}]},{"@type":"ImageObject","inLanguage":"fi","@id":"https:\/\/masterchem.ee\/fi\/tooted-ja-teenused\/ammoniumpolyfosfaatti-cas-68333-79-9\/#primaryimage","url":"https:\/\/masterchem.ee\/wp-content\/uploads\/2022\/04\/Ammooniumpolufosfaat-25kg-MasterChem.jpg","contentUrl":"https:\/\/masterchem.ee\/wp-content\/uploads\/2022\/04\/Ammooniumpolufosfaat-25kg-MasterChem.jpg","width":1000,"height":1000,"caption":"Ammoniumpolyfosfaatti (CAS 68333-79-9) 25kg MasterChem"},{"@type":"BreadcrumbList","@id":"https:\/\/masterchem.ee\/fi\/tooted-ja-teenused\/ammoniumpolyfosfaatti-cas-68333-79-9\/#breadcrumb","itemListElement":[{"@type":"ListItem","position":1,"name":"Home","item":"https:\/\/masterchem.ee\/fi\/"},{"@type":"ListItem","position":2,"name":"Tooted ja teenused","item":"https:\/\/masterchem.ee\/tooted-ja-teenused\/"},{"@type":"ListItem","position":3,"name":"Ammoniumpolyfosfaatti (CAS 68333-79-9)"}]},{"@type":"WebSite","@id":"https:\/\/masterchem.ee\/fi\/#website","url":"https:\/\/masterchem.ee\/fi\/","name":"Masterchem.ee","description":"Chemistry For Industry - Solvents &amp; Chemicals","publisher":{"@id":"https:\/\/masterchem.ee\/fi\/#organization"},"potentialAction":[{"@type":"SearchAction","target":{"@type":"EntryPoint","urlTemplate":"https:\/\/masterchem.ee\/fi\/?s={search_term_string}"},"query-input":{"@type":"PropertyValueSpecification","valueRequired":true,"valueName":"search_term_string"}}],"inLanguage":"fi"},{"@type":"Organization","@id":"https:\/\/masterchem.ee\/fi\/#organization","name":"Masterchem","url":"https:\/\/masterchem.ee\/fi\/","logo":{"@type":"ImageObject","inLanguage":"fi","@id":"https:\/\/masterchem.ee\/fi\/#\/schema\/logo\/image\/","url":"https:\/\/masterchem.ee\/wp-content\/uploads\/2018\/02\/master-chem_final-1.png","contentUrl":"https:\/\/masterchem.ee\/wp-content\/uploads\/2018\/02\/master-chem_final-1.png","width":850,"height":356,"caption":"Masterchem"},"image":{"@id":"https:\/\/masterchem.ee\/fi\/#\/schema\/logo\/image\/"}}]}},"_links":{"self":[{"href":"https:\/\/masterchem.ee\/fi\/wp-json\/wp\/v2\/product\/19231","targetHints":{"allow":["GET"]}}],"collection":[{"href":"https:\/\/masterchem.ee\/fi\/wp-json\/wp\/v2\/product"}],"about":[{"href":"https:\/\/masterchem.ee\/fi\/wp-json\/wp\/v2\/types\/product"}],"wp:featuredmedia":[{"embeddable":true,"href":"https:\/\/masterchem.ee\/fi\/wp-json\/wp\/v2\/media\/19239"}],"wp:attachment":[{"href":"https:\/\/masterchem.ee\/fi\/wp-json\/wp\/v2\/media?parent=19231"}],"wp:term":[{"taxonomy":"product_brand","embeddable":true,"href":"https:\/\/masterchem.ee\/fi\/wp-json\/wp\/v2\/product_brand?post=19231"},{"taxonomy":"product_cat","embeddable":true,"href":"https:\/\/masterchem.ee\/fi\/wp-json\/wp\/v2\/product_cat?post=19231"},{"taxonomy":"product_tag","embeddable":true,"href":"https:\/\/masterchem.ee\/fi\/wp-json\/wp\/v2\/product_tag?post=19231"}],"curies":[{"name":"wp","href":"https:\/\/api.w.org\/{rel}","templated":true}]}}