{"id":19187,"date":"2022-04-06T17:54:38","date_gmt":"2022-04-06T17:55:20","guid":{"rendered":"https:\/\/masterchem.ee\/?post_type=product&#038;p=19187"},"modified":"2022-04-06T18:23:34","modified_gmt":"2022-04-06T18:23:34","slug":"ammoniumtiosulfaatti-cas-7783-18-8","status":"publish","type":"product","link":"https:\/\/masterchem.ee\/fi\/tooted-ja-teenused\/ammoniumtiosulfaatti-cas-7783-18-8\/","title":{"rendered":"Ammoniumtiosulfaatti (CAS 7783-18-8)"},"content":{"rendered":"<p><strong>Info<\/strong><br \/>\nToimialat: Lannoitteet<br \/>\nCAS-numero: 7783-18-8<br \/>\nWE-numero: 231-982-0<br \/>\nKemiallinen kaava: H8N2O3S2<br \/>\nMolekyylimassa: 148,2 g\/mol<br \/>\nTullitariffikoodi: 283223000<\/p>\n<p><strong>Muut fyysiset ominaisuudet<\/strong><br \/>\nSuhteellinen tiheys: ~1 679 g\/cm3 (20\u00b0C )<br \/>\nLiukoisuus veteen: 1980 g\/l (20\u00b0C )<\/p>\n","protected":false},"excerpt":{"rendered":"<p><strong>Ammoniumtiosulfaatti (CAS 7783-18-8)<\/strong><\/p>\n<p>Ammoniumtiosulfaatti (ammoniumtiosulfaatti brittienglanniksi) on ep\u00e4orgaaninen yhdiste, jonka kaava on (NH4)2S2O3. Se on valkoinen kiteinen kiinte\u00e4 aine, jolla on ammoniakin haju, liukenee helposti veteen, liukenee heikosti asetoniin ja liukenematon etanoliin ja dietyylieetteriin.<\/p>\n<p>Ammoniumtiosulfaattia voidaan k\u00e4ytt\u00e4\u00e4 lannoitteena. Kuten er\u00e4iss\u00e4 tutkimuksissa on ehdotettu, sit\u00e4 voidaan k\u00e4ytt\u00e4\u00e4 my\u00f6s lis\u00e4aineena kivihiilij\u00e4teseoksille v\u00e4hent\u00e4m\u00e4\u00e4n dioksiinien ja furaanien muodostumista palamisen aikana.<\/p>\n","protected":false},"featured_media":19195,"template":"","meta":[],"product_brand":[],"product_cat":[180,323],"product_tag":[],"class_list":{"0":"post-19187","1":"product","2":"type-product","3":"status-publish","4":"has-post-thumbnail","6":"product_cat-uncategorized-fi-2","7":"product_cat-lannoitteet","9":"first","10":"instock","11":"taxable","12":"shipping-taxable","13":"purchasable","14":"product-type-variable","15":"has-default-attributes"},"yoast_head":"<!-- This site is optimized with the Yoast SEO plugin v26.2 - https:\/\/yoast.com\/wordpress\/plugins\/seo\/ -->\n<title>Ammoniumtiosulfaatti (CAS 7783-18-8) - Chemistry For Industry - Solvents &amp; Chemicals - Masterchem.ee<\/title>\n<meta name=\"description\" content=\"Ammoniumtiosulfaatti (ammoniumtiosulfaatti brittienglanniksi) on ep\u00e4orgaaninen yhdiste, jonka kaava on (NH4)2S2O3.\" \/>\n<meta name=\"robots\" content=\"index, follow, max-snippet:-1, max-image-preview:large, max-video-preview:-1\" \/>\n<link rel=\"canonical\" href=\"https:\/\/masterchem.ee\/fi\/tooted-ja-teenused\/ammoniumtiosulfaatti-cas-7783-18-8\/\" \/>\n<meta name=\"twitter:card\" content=\"summary_large_image\" \/>\n<meta name=\"twitter:title\" content=\"Ammoniumtiosulfaatti (CAS 7783-18-8) - Chemistry For Industry - Solvents &amp; Chemicals - Masterchem.ee\" \/>\n<meta name=\"twitter:description\" content=\"Ammoniumtiosulfaatti (ammoniumtiosulfaatti brittienglanniksi) on ep\u00e4orgaaninen yhdiste, jonka kaava on (NH4)2S2O3.\" \/>\n<meta name=\"twitter:image\" content=\"https:\/\/masterchem.ee\/wp-content\/uploads\/2022\/04\/Ammooniumtiosulfaat-25kg-MasterChem.jpg\" \/>\n<script type=\"application\/ld+json\" class=\"yoast-schema-graph\">{\"@context\":\"https:\/\/schema.org\",\"@graph\":[{\"@type\":\"WebPage\",\"@id\":\"https:\/\/masterchem.ee\/fi\/tooted-ja-teenused\/ammoniumtiosulfaatti-cas-7783-18-8\/\",\"url\":\"https:\/\/masterchem.ee\/fi\/tooted-ja-teenused\/ammoniumtiosulfaatti-cas-7783-18-8\/\",\"name\":\"Ammoniumtiosulfaatti (CAS 7783-18-8) - Chemistry For Industry - Solvents &amp; Chemicals - Masterchem.ee\",\"isPartOf\":{\"@id\":\"https:\/\/masterchem.ee\/fi\/#website\"},\"primaryImageOfPage\":{\"@id\":\"https:\/\/masterchem.ee\/fi\/tooted-ja-teenused\/ammoniumtiosulfaatti-cas-7783-18-8\/#primaryimage\"},\"image\":{\"@id\":\"https:\/\/masterchem.ee\/fi\/tooted-ja-teenused\/ammoniumtiosulfaatti-cas-7783-18-8\/#primaryimage\"},\"thumbnailUrl\":\"https:\/\/masterchem.ee\/wp-content\/uploads\/2022\/04\/Ammooniumtiosulfaat-25kg-MasterChem.jpg\",\"datePublished\":\"2022-04-06T17:55:20+00:00\",\"dateModified\":\"2022-04-06T18:23:34+00:00\",\"description\":\"Ammoniumtiosulfaatti (ammoniumtiosulfaatti brittienglanniksi) on ep\u00e4orgaaninen yhdiste, jonka kaava on (NH4)2S2O3.\",\"breadcrumb\":{\"@id\":\"https:\/\/masterchem.ee\/fi\/tooted-ja-teenused\/ammoniumtiosulfaatti-cas-7783-18-8\/#breadcrumb\"},\"inLanguage\":\"fi\",\"potentialAction\":[{\"@type\":\"ReadAction\",\"target\":[\"https:\/\/masterchem.ee\/fi\/tooted-ja-teenused\/ammoniumtiosulfaatti-cas-7783-18-8\/\"]}]},{\"@type\":\"ImageObject\",\"inLanguage\":\"fi\",\"@id\":\"https:\/\/masterchem.ee\/fi\/tooted-ja-teenused\/ammoniumtiosulfaatti-cas-7783-18-8\/#primaryimage\",\"url\":\"https:\/\/masterchem.ee\/wp-content\/uploads\/2022\/04\/Ammooniumtiosulfaat-25kg-MasterChem.jpg\",\"contentUrl\":\"https:\/\/masterchem.ee\/wp-content\/uploads\/2022\/04\/Ammooniumtiosulfaat-25kg-MasterChem.jpg\",\"width\":1000,\"height\":1000,\"caption\":\"Ammoniumtiosulfaatti (CAS 7783-18-8) 25kg MasterChem\"},{\"@type\":\"BreadcrumbList\",\"@id\":\"https:\/\/masterchem.ee\/fi\/tooted-ja-teenused\/ammoniumtiosulfaatti-cas-7783-18-8\/#breadcrumb\",\"itemListElement\":[{\"@type\":\"ListItem\",\"position\":1,\"name\":\"Home\",\"item\":\"https:\/\/masterchem.ee\/fi\/\"},{\"@type\":\"ListItem\",\"position\":2,\"name\":\"Tooted ja teenused\",\"item\":\"https:\/\/masterchem.ee\/tooted-ja-teenused\/\"},{\"@type\":\"ListItem\",\"position\":3,\"name\":\"Ammoniumtiosulfaatti (CAS 7783-18-8)\"}]},{\"@type\":\"WebSite\",\"@id\":\"https:\/\/masterchem.ee\/fi\/#website\",\"url\":\"https:\/\/masterchem.ee\/fi\/\",\"name\":\"Masterchem.ee\",\"description\":\"Chemistry For Industry - Solvents &amp; Chemicals\",\"publisher\":{\"@id\":\"https:\/\/masterchem.ee\/fi\/#organization\"},\"potentialAction\":[{\"@type\":\"SearchAction\",\"target\":{\"@type\":\"EntryPoint\",\"urlTemplate\":\"https:\/\/masterchem.ee\/fi\/?s={search_term_string}\"},\"query-input\":{\"@type\":\"PropertyValueSpecification\",\"valueRequired\":true,\"valueName\":\"search_term_string\"}}],\"inLanguage\":\"fi\"},{\"@type\":\"Organization\",\"@id\":\"https:\/\/masterchem.ee\/fi\/#organization\",\"name\":\"Masterchem\",\"url\":\"https:\/\/masterchem.ee\/fi\/\",\"logo\":{\"@type\":\"ImageObject\",\"inLanguage\":\"fi\",\"@id\":\"https:\/\/masterchem.ee\/fi\/#\/schema\/logo\/image\/\",\"url\":\"https:\/\/masterchem.ee\/wp-content\/uploads\/2018\/02\/master-chem_final-1.png\",\"contentUrl\":\"https:\/\/masterchem.ee\/wp-content\/uploads\/2018\/02\/master-chem_final-1.png\",\"width\":850,\"height\":356,\"caption\":\"Masterchem\"},\"image\":{\"@id\":\"https:\/\/masterchem.ee\/fi\/#\/schema\/logo\/image\/\"}}]}<\/script>\n<!-- \/ Yoast SEO plugin. -->","yoast_head_json":{"title":"Ammoniumtiosulfaatti (CAS 7783-18-8) - Chemistry For Industry - Solvents &amp; Chemicals - Masterchem.ee","description":"Ammoniumtiosulfaatti (ammoniumtiosulfaatti brittienglanniksi) on ep\u00e4orgaaninen yhdiste, jonka kaava on (NH4)2S2O3.","robots":{"index":"index","follow":"follow","max-snippet":"max-snippet:-1","max-image-preview":"max-image-preview:large","max-video-preview":"max-video-preview:-1"},"canonical":"https:\/\/masterchem.ee\/fi\/tooted-ja-teenused\/ammoniumtiosulfaatti-cas-7783-18-8\/","twitter_card":"summary_large_image","twitter_title":"Ammoniumtiosulfaatti (CAS 7783-18-8) - Chemistry For Industry - Solvents &amp; Chemicals - Masterchem.ee","twitter_description":"Ammoniumtiosulfaatti (ammoniumtiosulfaatti brittienglanniksi) on ep\u00e4orgaaninen yhdiste, jonka kaava on (NH4)2S2O3.","twitter_image":"https:\/\/masterchem.ee\/wp-content\/uploads\/2022\/04\/Ammooniumtiosulfaat-25kg-MasterChem.jpg","schema":{"@context":"https:\/\/schema.org","@graph":[{"@type":"WebPage","@id":"https:\/\/masterchem.ee\/fi\/tooted-ja-teenused\/ammoniumtiosulfaatti-cas-7783-18-8\/","url":"https:\/\/masterchem.ee\/fi\/tooted-ja-teenused\/ammoniumtiosulfaatti-cas-7783-18-8\/","name":"Ammoniumtiosulfaatti (CAS 7783-18-8) - Chemistry For Industry - Solvents &amp; Chemicals - Masterchem.ee","isPartOf":{"@id":"https:\/\/masterchem.ee\/fi\/#website"},"primaryImageOfPage":{"@id":"https:\/\/masterchem.ee\/fi\/tooted-ja-teenused\/ammoniumtiosulfaatti-cas-7783-18-8\/#primaryimage"},"image":{"@id":"https:\/\/masterchem.ee\/fi\/tooted-ja-teenused\/ammoniumtiosulfaatti-cas-7783-18-8\/#primaryimage"},"thumbnailUrl":"https:\/\/masterchem.ee\/wp-content\/uploads\/2022\/04\/Ammooniumtiosulfaat-25kg-MasterChem.jpg","datePublished":"2022-04-06T17:55:20+00:00","dateModified":"2022-04-06T18:23:34+00:00","description":"Ammoniumtiosulfaatti (ammoniumtiosulfaatti brittienglanniksi) on ep\u00e4orgaaninen yhdiste, jonka kaava on (NH4)2S2O3.","breadcrumb":{"@id":"https:\/\/masterchem.ee\/fi\/tooted-ja-teenused\/ammoniumtiosulfaatti-cas-7783-18-8\/#breadcrumb"},"inLanguage":"fi","potentialAction":[{"@type":"ReadAction","target":["https:\/\/masterchem.ee\/fi\/tooted-ja-teenused\/ammoniumtiosulfaatti-cas-7783-18-8\/"]}]},{"@type":"ImageObject","inLanguage":"fi","@id":"https:\/\/masterchem.ee\/fi\/tooted-ja-teenused\/ammoniumtiosulfaatti-cas-7783-18-8\/#primaryimage","url":"https:\/\/masterchem.ee\/wp-content\/uploads\/2022\/04\/Ammooniumtiosulfaat-25kg-MasterChem.jpg","contentUrl":"https:\/\/masterchem.ee\/wp-content\/uploads\/2022\/04\/Ammooniumtiosulfaat-25kg-MasterChem.jpg","width":1000,"height":1000,"caption":"Ammoniumtiosulfaatti (CAS 7783-18-8) 25kg MasterChem"},{"@type":"BreadcrumbList","@id":"https:\/\/masterchem.ee\/fi\/tooted-ja-teenused\/ammoniumtiosulfaatti-cas-7783-18-8\/#breadcrumb","itemListElement":[{"@type":"ListItem","position":1,"name":"Home","item":"https:\/\/masterchem.ee\/fi\/"},{"@type":"ListItem","position":2,"name":"Tooted ja teenused","item":"https:\/\/masterchem.ee\/tooted-ja-teenused\/"},{"@type":"ListItem","position":3,"name":"Ammoniumtiosulfaatti (CAS 7783-18-8)"}]},{"@type":"WebSite","@id":"https:\/\/masterchem.ee\/fi\/#website","url":"https:\/\/masterchem.ee\/fi\/","name":"Masterchem.ee","description":"Chemistry For Industry - Solvents &amp; Chemicals","publisher":{"@id":"https:\/\/masterchem.ee\/fi\/#organization"},"potentialAction":[{"@type":"SearchAction","target":{"@type":"EntryPoint","urlTemplate":"https:\/\/masterchem.ee\/fi\/?s={search_term_string}"},"query-input":{"@type":"PropertyValueSpecification","valueRequired":true,"valueName":"search_term_string"}}],"inLanguage":"fi"},{"@type":"Organization","@id":"https:\/\/masterchem.ee\/fi\/#organization","name":"Masterchem","url":"https:\/\/masterchem.ee\/fi\/","logo":{"@type":"ImageObject","inLanguage":"fi","@id":"https:\/\/masterchem.ee\/fi\/#\/schema\/logo\/image\/","url":"https:\/\/masterchem.ee\/wp-content\/uploads\/2018\/02\/master-chem_final-1.png","contentUrl":"https:\/\/masterchem.ee\/wp-content\/uploads\/2018\/02\/master-chem_final-1.png","width":850,"height":356,"caption":"Masterchem"},"image":{"@id":"https:\/\/masterchem.ee\/fi\/#\/schema\/logo\/image\/"}}]}},"_links":{"self":[{"href":"https:\/\/masterchem.ee\/fi\/wp-json\/wp\/v2\/product\/19187","targetHints":{"allow":["GET"]}}],"collection":[{"href":"https:\/\/masterchem.ee\/fi\/wp-json\/wp\/v2\/product"}],"about":[{"href":"https:\/\/masterchem.ee\/fi\/wp-json\/wp\/v2\/types\/product"}],"wp:featuredmedia":[{"embeddable":true,"href":"https:\/\/masterchem.ee\/fi\/wp-json\/wp\/v2\/media\/19195"}],"wp:attachment":[{"href":"https:\/\/masterchem.ee\/fi\/wp-json\/wp\/v2\/media?parent=19187"}],"wp:term":[{"taxonomy":"product_brand","embeddable":true,"href":"https:\/\/masterchem.ee\/fi\/wp-json\/wp\/v2\/product_brand?post=19187"},{"taxonomy":"product_cat","embeddable":true,"href":"https:\/\/masterchem.ee\/fi\/wp-json\/wp\/v2\/product_cat?post=19187"},{"taxonomy":"product_tag","embeddable":true,"href":"https:\/\/masterchem.ee\/fi\/wp-json\/wp\/v2\/product_tag?post=19187"}],"curies":[{"name":"wp","href":"https:\/\/api.w.org\/{rel}","templated":true}]}}