{"id":19105,"date":"2022-04-05T14:33:13","date_gmt":"2022-04-05T14:34:02","guid":{"rendered":"https:\/\/masterchem.ee\/?post_type=product&#038;p=19105"},"modified":"2022-04-05T15:17:30","modified_gmt":"2022-04-05T15:17:30","slug":"typpiliuotin-pu-5030","status":"publish","type":"product","link":"https:\/\/masterchem.ee\/fi\/tooted-ja-teenused\/typpiliuotin-pu-5030\/","title":{"rendered":"Typpiliuotin PU-5030"},"content":{"rendered":"<p>Polyuretaanin ohenne Masterchem PU-5030 on polyuretaanioligomeeriliuoksen ja orgaanisten liuottimien seos. Polyuretaanimaalille laimennusainetta valittaessa on varmistettava, ett\u00e4 se sis\u00e4lt\u00e4\u00e4 alkoholeja, bensiini\u00e4 ja nitrocom-komponentteja ja sis\u00e4lt\u00e4\u00e4 samalla asetaatteja tai aromaattisia hiilivetyj\u00e4.<\/p>\n<p>T\u00e4m\u00e4 liuotin soveltuu kaikkien eurooppalaisten valmistajien polyuretaanimaalien laimentamiseen, koska se on analoginen alkuper\u00e4isille ja eroaa vain hinnaltaan &#8211; asiakasyst\u00e4v\u00e4llisempi. Maalivalmistajat suojaavat tulojaan myym\u00e4ll\u00e4 liuottimia, koska suurimmaksi osaksi he tienaavat enemm\u00e4n t\u00e4st\u00e4 tuotteesta kuin itse polyuretaanimaalista\/-lakasta tai kovettimistaan. Siksi he pelottelevat asiakasta, ett\u00e4 muiden valmistajien polyuretaaniliuottimet eiv\u00e4t sovellu.<\/p>\n<p>Olemme tarjonneet laadukkaita tuotteita yli 20 vuoden ajan ja asiakkaamme ovat tyytyv\u00e4isi\u00e4 laatuun ja kustannuss\u00e4\u00e4st\u00f6ihin.<\/p>\n<p>Masterchem PU-5030 kuuluu nopeisiin polyuretaaniohentimiin. Meill\u00e4 on my\u00f6s hitaampia liuottimia &#8211; PU-5040, PU-5060 tai PU-5062<\/p>\n<p>MasterChem valmistaa t\u00e4m\u00e4n liuottimen suoraan.<\/p>\n<p>Ohenne PU-5030 on v\u00e4rit\u00f6n tai hieman kellert\u00e4v\u00e4 neste, jolla on ominainen haju. Sit\u00e4 k\u00e4ytet\u00e4\u00e4n tuotannossa ja jokap\u00e4iv\u00e4isess\u00e4 el\u00e4m\u00e4ss\u00e4 maalien ja lakkojen laimentamiseen ja saattamiseksi toimivaksi.<\/p>\n","protected":false},"excerpt":{"rendered":"<p><strong>Sovellus ja k\u00e4ytt\u00f6: PU-5030<\/strong><br \/>\n&#8211; k\u00e4ytet\u00e4\u00e4n korjaamaan polyuretaanimaalien, lakkojen viskositeettia puuta ja metallia maalattaessa,<br \/>\n&#8211; polyuretaanikittien laimennus,<br \/>\n&#8211; rasvan- ja p\u00f6lynpoisto metallipinnoilta,<br \/>\n-maalin ohentaminen ja puhdistusv\u00e4lineet,<br \/>\n&#8211; ruiskupistoolien ja muiden laitteiden pesu maalien ja lakkojen k\u00e4yt\u00f6n j\u00e4lkeen.<\/p>\n<p><strong>Paketti:<\/strong><br \/>\n20 lit. metalli kauha UN<br \/>\n25 lit. muovis\u00e4ili\u00f6<br \/>\n200 lit. metalli tynnyri UN<br \/>\n500 lit. UN-kontti<br \/>\n1000 lit. UN-kontti<br \/>\n24 mt irtotavarana<\/p>\n<p><strong>Varastointi:<\/strong><br \/>\nS\u00e4ilyt\u00e4 tuotetta -25\u00b0C ja +25\u00b0C v\u00e4lill\u00e4 \u00e4l\u00e4k\u00e4 altista sit\u00e4 suoralle auringonvalolle.<\/p>\n<p><strong>Fyysiset ominaisuudet:<\/strong><br \/>\nTiheys: 0,88 g\/cm3 +-0,05 20 asteessa<br \/>\nV\u00e4ri: kirkas, v\u00e4rit\u00f6n neste<\/p>\n","protected":false},"featured_media":19153,"template":"","meta":[],"product_brand":[],"product_cat":[180,115,117,286,258,114],"product_tag":[],"class_list":{"0":"post-19105","1":"product","2":"type-product","3":"status-publish","4":"has-post-thumbnail","6":"product_cat-uncategorized-fi-2","7":"product_cat-auton-ja-koneiden-kemikaalit","8":"product_cat-kotitalouskemikaalit","9":"product_cat-maalit-ja-lakat","10":"product_cat-muovi-fi","11":"product_cat-rakennusteollisuus","12":"pif-has-gallery","14":"first","15":"instock","16":"taxable","17":"shipping-taxable","18":"purchasable","19":"product-type-variable","20":"has-default-attributes"},"yoast_head":"<!-- This site is optimized with the Yoast SEO plugin v26.2 - https:\/\/yoast.com\/wordpress\/plugins\/seo\/ -->\n<title>Typpiliuotin PU-5030 - Chemistry For Industry - Solvents &amp; Chemicals - Masterchem.ee<\/title>\n<meta name=\"description\" content=\"Polyuretaanin ohenne Masterchem PU-5030 on polyuretaanioligomeeriliuoksen ja orgaanisten liuottimien seos.\" \/>\n<meta name=\"robots\" content=\"index, follow, max-snippet:-1, max-image-preview:large, max-video-preview:-1\" \/>\n<link rel=\"canonical\" href=\"https:\/\/masterchem.ee\/fi\/tooted-ja-teenused\/typpiliuotin-pu-5030\/\" \/>\n<meta name=\"twitter:card\" content=\"summary_large_image\" \/>\n<meta name=\"twitter:title\" content=\"Typpiliuotin PU-5030 - Chemistry For Industry - Solvents &amp; Chemicals - Masterchem.ee\" \/>\n<meta name=\"twitter:description\" content=\"Polyuretaanin ohenne Masterchem PU-5030 on polyuretaanioligomeeriliuoksen ja orgaanisten liuottimien seos.\" \/>\n<meta name=\"twitter:image\" content=\"https:\/\/masterchem.ee\/wp-content\/uploads\/2022\/04\/Lahusti-PU-5030-1000l-MasterChem.jpg\" \/>\n<meta name=\"twitter:label1\" content=\"Arvioitu lukuaika\" \/>\n\t<meta name=\"twitter:data1\" content=\"1 minuutti\" \/>\n<script type=\"application\/ld+json\" class=\"yoast-schema-graph\">{\"@context\":\"https:\/\/schema.org\",\"@graph\":[{\"@type\":\"WebPage\",\"@id\":\"https:\/\/masterchem.ee\/fi\/tooted-ja-teenused\/typpiliuotin-pu-5030\/\",\"url\":\"https:\/\/masterchem.ee\/fi\/tooted-ja-teenused\/typpiliuotin-pu-5030\/\",\"name\":\"Typpiliuotin PU-5030 - Chemistry For Industry - Solvents &amp; Chemicals - Masterchem.ee\",\"isPartOf\":{\"@id\":\"https:\/\/masterchem.ee\/fi\/#website\"},\"primaryImageOfPage\":{\"@id\":\"https:\/\/masterchem.ee\/fi\/tooted-ja-teenused\/typpiliuotin-pu-5030\/#primaryimage\"},\"image\":{\"@id\":\"https:\/\/masterchem.ee\/fi\/tooted-ja-teenused\/typpiliuotin-pu-5030\/#primaryimage\"},\"thumbnailUrl\":\"https:\/\/masterchem.ee\/wp-content\/uploads\/2022\/04\/Lahusti-PU-5030-1000l-MasterChem.jpg\",\"datePublished\":\"2022-04-05T14:34:02+00:00\",\"dateModified\":\"2022-04-05T15:17:30+00:00\",\"description\":\"Polyuretaanin ohenne Masterchem PU-5030 on polyuretaanioligomeeriliuoksen ja orgaanisten liuottimien seos.\",\"breadcrumb\":{\"@id\":\"https:\/\/masterchem.ee\/fi\/tooted-ja-teenused\/typpiliuotin-pu-5030\/#breadcrumb\"},\"inLanguage\":\"fi\",\"potentialAction\":[{\"@type\":\"ReadAction\",\"target\":[\"https:\/\/masterchem.ee\/fi\/tooted-ja-teenused\/typpiliuotin-pu-5030\/\"]}]},{\"@type\":\"ImageObject\",\"inLanguage\":\"fi\",\"@id\":\"https:\/\/masterchem.ee\/fi\/tooted-ja-teenused\/typpiliuotin-pu-5030\/#primaryimage\",\"url\":\"https:\/\/masterchem.ee\/wp-content\/uploads\/2022\/04\/Lahusti-PU-5030-1000l-MasterChem.jpg\",\"contentUrl\":\"https:\/\/masterchem.ee\/wp-content\/uploads\/2022\/04\/Lahusti-PU-5030-1000l-MasterChem.jpg\",\"width\":1000,\"height\":1000,\"caption\":\"Polyuretaanin ohenne Masterchem PU-5030 1000l MaterChem\"},{\"@type\":\"BreadcrumbList\",\"@id\":\"https:\/\/masterchem.ee\/fi\/tooted-ja-teenused\/typpiliuotin-pu-5030\/#breadcrumb\",\"itemListElement\":[{\"@type\":\"ListItem\",\"position\":1,\"name\":\"Home\",\"item\":\"https:\/\/masterchem.ee\/fi\/\"},{\"@type\":\"ListItem\",\"position\":2,\"name\":\"Tooted ja teenused\",\"item\":\"https:\/\/masterchem.ee\/tooted-ja-teenused\/\"},{\"@type\":\"ListItem\",\"position\":3,\"name\":\"Typpiliuotin PU-5030\"}]},{\"@type\":\"WebSite\",\"@id\":\"https:\/\/masterchem.ee\/fi\/#website\",\"url\":\"https:\/\/masterchem.ee\/fi\/\",\"name\":\"Masterchem.ee\",\"description\":\"Chemistry For Industry - Solvents &amp; Chemicals\",\"publisher\":{\"@id\":\"https:\/\/masterchem.ee\/fi\/#organization\"},\"potentialAction\":[{\"@type\":\"SearchAction\",\"target\":{\"@type\":\"EntryPoint\",\"urlTemplate\":\"https:\/\/masterchem.ee\/fi\/?s={search_term_string}\"},\"query-input\":{\"@type\":\"PropertyValueSpecification\",\"valueRequired\":true,\"valueName\":\"search_term_string\"}}],\"inLanguage\":\"fi\"},{\"@type\":\"Organization\",\"@id\":\"https:\/\/masterchem.ee\/fi\/#organization\",\"name\":\"Masterchem\",\"url\":\"https:\/\/masterchem.ee\/fi\/\",\"logo\":{\"@type\":\"ImageObject\",\"inLanguage\":\"fi\",\"@id\":\"https:\/\/masterchem.ee\/fi\/#\/schema\/logo\/image\/\",\"url\":\"https:\/\/masterchem.ee\/wp-content\/uploads\/2018\/02\/master-chem_final-1.png\",\"contentUrl\":\"https:\/\/masterchem.ee\/wp-content\/uploads\/2018\/02\/master-chem_final-1.png\",\"width\":850,\"height\":356,\"caption\":\"Masterchem\"},\"image\":{\"@id\":\"https:\/\/masterchem.ee\/fi\/#\/schema\/logo\/image\/\"}}]}<\/script>\n<!-- \/ Yoast SEO plugin. -->","yoast_head_json":{"title":"Typpiliuotin PU-5030 - Chemistry For Industry - Solvents &amp; Chemicals - Masterchem.ee","description":"Polyuretaanin ohenne Masterchem PU-5030 on polyuretaanioligomeeriliuoksen ja orgaanisten liuottimien seos.","robots":{"index":"index","follow":"follow","max-snippet":"max-snippet:-1","max-image-preview":"max-image-preview:large","max-video-preview":"max-video-preview:-1"},"canonical":"https:\/\/masterchem.ee\/fi\/tooted-ja-teenused\/typpiliuotin-pu-5030\/","twitter_card":"summary_large_image","twitter_title":"Typpiliuotin PU-5030 - Chemistry For Industry - Solvents &amp; Chemicals - Masterchem.ee","twitter_description":"Polyuretaanin ohenne Masterchem PU-5030 on polyuretaanioligomeeriliuoksen ja orgaanisten liuottimien seos.","twitter_image":"https:\/\/masterchem.ee\/wp-content\/uploads\/2022\/04\/Lahusti-PU-5030-1000l-MasterChem.jpg","twitter_misc":{"Arvioitu lukuaika":"1 minuutti"},"schema":{"@context":"https:\/\/schema.org","@graph":[{"@type":"WebPage","@id":"https:\/\/masterchem.ee\/fi\/tooted-ja-teenused\/typpiliuotin-pu-5030\/","url":"https:\/\/masterchem.ee\/fi\/tooted-ja-teenused\/typpiliuotin-pu-5030\/","name":"Typpiliuotin PU-5030 - Chemistry For Industry - Solvents &amp; Chemicals - Masterchem.ee","isPartOf":{"@id":"https:\/\/masterchem.ee\/fi\/#website"},"primaryImageOfPage":{"@id":"https:\/\/masterchem.ee\/fi\/tooted-ja-teenused\/typpiliuotin-pu-5030\/#primaryimage"},"image":{"@id":"https:\/\/masterchem.ee\/fi\/tooted-ja-teenused\/typpiliuotin-pu-5030\/#primaryimage"},"thumbnailUrl":"https:\/\/masterchem.ee\/wp-content\/uploads\/2022\/04\/Lahusti-PU-5030-1000l-MasterChem.jpg","datePublished":"2022-04-05T14:34:02+00:00","dateModified":"2022-04-05T15:17:30+00:00","description":"Polyuretaanin ohenne Masterchem PU-5030 on polyuretaanioligomeeriliuoksen ja orgaanisten liuottimien seos.","breadcrumb":{"@id":"https:\/\/masterchem.ee\/fi\/tooted-ja-teenused\/typpiliuotin-pu-5030\/#breadcrumb"},"inLanguage":"fi","potentialAction":[{"@type":"ReadAction","target":["https:\/\/masterchem.ee\/fi\/tooted-ja-teenused\/typpiliuotin-pu-5030\/"]}]},{"@type":"ImageObject","inLanguage":"fi","@id":"https:\/\/masterchem.ee\/fi\/tooted-ja-teenused\/typpiliuotin-pu-5030\/#primaryimage","url":"https:\/\/masterchem.ee\/wp-content\/uploads\/2022\/04\/Lahusti-PU-5030-1000l-MasterChem.jpg","contentUrl":"https:\/\/masterchem.ee\/wp-content\/uploads\/2022\/04\/Lahusti-PU-5030-1000l-MasterChem.jpg","width":1000,"height":1000,"caption":"Polyuretaanin ohenne Masterchem PU-5030 1000l MaterChem"},{"@type":"BreadcrumbList","@id":"https:\/\/masterchem.ee\/fi\/tooted-ja-teenused\/typpiliuotin-pu-5030\/#breadcrumb","itemListElement":[{"@type":"ListItem","position":1,"name":"Home","item":"https:\/\/masterchem.ee\/fi\/"},{"@type":"ListItem","position":2,"name":"Tooted ja teenused","item":"https:\/\/masterchem.ee\/tooted-ja-teenused\/"},{"@type":"ListItem","position":3,"name":"Typpiliuotin PU-5030"}]},{"@type":"WebSite","@id":"https:\/\/masterchem.ee\/fi\/#website","url":"https:\/\/masterchem.ee\/fi\/","name":"Masterchem.ee","description":"Chemistry For Industry - Solvents &amp; Chemicals","publisher":{"@id":"https:\/\/masterchem.ee\/fi\/#organization"},"potentialAction":[{"@type":"SearchAction","target":{"@type":"EntryPoint","urlTemplate":"https:\/\/masterchem.ee\/fi\/?s={search_term_string}"},"query-input":{"@type":"PropertyValueSpecification","valueRequired":true,"valueName":"search_term_string"}}],"inLanguage":"fi"},{"@type":"Organization","@id":"https:\/\/masterchem.ee\/fi\/#organization","name":"Masterchem","url":"https:\/\/masterchem.ee\/fi\/","logo":{"@type":"ImageObject","inLanguage":"fi","@id":"https:\/\/masterchem.ee\/fi\/#\/schema\/logo\/image\/","url":"https:\/\/masterchem.ee\/wp-content\/uploads\/2018\/02\/master-chem_final-1.png","contentUrl":"https:\/\/masterchem.ee\/wp-content\/uploads\/2018\/02\/master-chem_final-1.png","width":850,"height":356,"caption":"Masterchem"},"image":{"@id":"https:\/\/masterchem.ee\/fi\/#\/schema\/logo\/image\/"}}]}},"_links":{"self":[{"href":"https:\/\/masterchem.ee\/fi\/wp-json\/wp\/v2\/product\/19105","targetHints":{"allow":["GET"]}}],"collection":[{"href":"https:\/\/masterchem.ee\/fi\/wp-json\/wp\/v2\/product"}],"about":[{"href":"https:\/\/masterchem.ee\/fi\/wp-json\/wp\/v2\/types\/product"}],"wp:featuredmedia":[{"embeddable":true,"href":"https:\/\/masterchem.ee\/fi\/wp-json\/wp\/v2\/media\/19153"}],"wp:attachment":[{"href":"https:\/\/masterchem.ee\/fi\/wp-json\/wp\/v2\/media?parent=19105"}],"wp:term":[{"taxonomy":"product_brand","embeddable":true,"href":"https:\/\/masterchem.ee\/fi\/wp-json\/wp\/v2\/product_brand?post=19105"},{"taxonomy":"product_cat","embeddable":true,"href":"https:\/\/masterchem.ee\/fi\/wp-json\/wp\/v2\/product_cat?post=19105"},{"taxonomy":"product_tag","embeddable":true,"href":"https:\/\/masterchem.ee\/fi\/wp-json\/wp\/v2\/product_tag?post=19105"}],"curies":[{"name":"wp","href":"https:\/\/api.w.org\/{rel}","templated":true}]}}