{"id":18865,"date":"2022-03-31T17:34:02","date_gmt":"2022-03-31T17:34:08","guid":{"rendered":"https:\/\/masterchem.ee\/?post_type=product&#038;p=18865"},"modified":"2022-03-31T17:40:59","modified_gmt":"2022-03-31T17:40:59","slug":"triklosaani-cas-3380-34-5","status":"publish","type":"product","link":"https:\/\/masterchem.ee\/fi\/tooted-ja-teenused\/triklosaani-cas-3380-34-5\/","title":{"rendered":"Triklosaani (CAS 3380-34-5)"},"content":{"rendered":"<p><strong>Info<\/strong><br \/>\nToimialat: Kotitalouskemikaalit, Kosmetiikkateollisuus, L\u00e4\u00e4keteollisuus<br \/>\nCAS-numero: 3380-34-5<br \/>\nWE-numero: 222-182-2<br \/>\nKemiallinen kaava: C12H7Cl3O2<br \/>\nMolekyylimassa: 289,54 g\/mol<br \/>\nTullitariffikoodi: 29095000<br \/>\nADR: UN3077<\/p>\n<p><strong>Muut fyysiset ominaisuudet<\/strong><br \/>\nSulamis-\/j\u00e4\u00e4tymispiste: 56,4 \u00b0C<br \/>\nKiehumispiste\/alue: 280-290\u00b0C<\/p>\n","protected":false},"excerpt":{"rendered":"<p><strong>Triklosaani (CAS 3380-34-5)<\/strong><\/p>\n<p>Triklosaani on huoneenl\u00e4mp\u00f6tilassa valkoisena jauheena esiintyv\u00e4 orgaaninen yhdiste, jonka sulamispiste on noin 55\u201357 celsiusastetta. Sill\u00e4 on liev\u00e4 aromaattinen, fenolin kaltainen tuoksu. Triklosaani on kloorattu aromaattinen yhdiste, jolla on sek\u00e4 eetterin ett\u00e4 fenolin funktionaaliset ryhm\u00e4t. Kemiallinen kaava on C12H7Cl3O2 ja moolimassa 289,9 g\/mol. Triklosaanin CAS-numero on 3380-34-5.<\/p>\n<p>Triklosaani on heikosti veteen liukenevaa, mutta liukenee etanoliin, dietyylieetteriin ja vahvoihin em\u00e4sliuoksiin kuten 1-mooliseen natriumhydroksidiin useiden muiden fenolien tavoin.<\/p>\n","protected":false},"featured_media":18873,"template":"","meta":[],"product_brand":[],"product_cat":[180,294,117,120],"product_tag":[],"class_list":{"0":"post-18865","1":"product","2":"type-product","3":"status-publish","4":"has-post-thumbnail","6":"product_cat-uncategorized-fi-2","7":"product_cat-kosmetiikkateollisuus","8":"product_cat-kotitalouskemikaalit","9":"product_cat-laaketeollisuus","11":"first","12":"instock","13":"taxable","14":"shipping-taxable","15":"purchasable","16":"product-type-variable","17":"has-default-attributes"},"yoast_head":"<!-- This site is optimized with the Yoast SEO plugin v26.2 - https:\/\/yoast.com\/wordpress\/plugins\/seo\/ -->\n<title>Triklosaani (CAS 3380-34-5) - Chemistry For Industry - Solvents &amp; Chemicals - Masterchem.ee<\/title>\n<meta name=\"description\" content=\"Triklosaani on huoneenl\u00e4mp\u00f6tilassa valkoisena jauheena esiintyv\u00e4 orgaaninen yhdiste, jonka sulamispiste on noin 55\u201357 celsiusastetta.\" \/>\n<meta name=\"robots\" content=\"index, follow, max-snippet:-1, max-image-preview:large, max-video-preview:-1\" \/>\n<link rel=\"canonical\" href=\"https:\/\/masterchem.ee\/fi\/tooted-ja-teenused\/triklosaani-cas-3380-34-5\/\" \/>\n<meta name=\"twitter:card\" content=\"summary_large_image\" \/>\n<meta name=\"twitter:title\" content=\"Triklosaani (CAS 3380-34-5) - Chemistry For Industry - Solvents &amp; Chemicals - Masterchem.ee\" \/>\n<meta name=\"twitter:description\" content=\"Triklosaani on huoneenl\u00e4mp\u00f6tilassa valkoisena jauheena esiintyv\u00e4 orgaaninen yhdiste, jonka sulamispiste on noin 55\u201357 celsiusastetta.\" \/>\n<meta name=\"twitter:image\" content=\"https:\/\/masterchem.ee\/wp-content\/uploads\/2022\/03\/Triklosaan-25kg-MasterChem.jpg\" \/>\n<script type=\"application\/ld+json\" class=\"yoast-schema-graph\">{\"@context\":\"https:\/\/schema.org\",\"@graph\":[{\"@type\":\"WebPage\",\"@id\":\"https:\/\/masterchem.ee\/fi\/tooted-ja-teenused\/triklosaani-cas-3380-34-5\/\",\"url\":\"https:\/\/masterchem.ee\/fi\/tooted-ja-teenused\/triklosaani-cas-3380-34-5\/\",\"name\":\"Triklosaani (CAS 3380-34-5) - Chemistry For Industry - Solvents &amp; Chemicals - Masterchem.ee\",\"isPartOf\":{\"@id\":\"https:\/\/masterchem.ee\/fi\/#website\"},\"primaryImageOfPage\":{\"@id\":\"https:\/\/masterchem.ee\/fi\/tooted-ja-teenused\/triklosaani-cas-3380-34-5\/#primaryimage\"},\"image\":{\"@id\":\"https:\/\/masterchem.ee\/fi\/tooted-ja-teenused\/triklosaani-cas-3380-34-5\/#primaryimage\"},\"thumbnailUrl\":\"https:\/\/masterchem.ee\/wp-content\/uploads\/2022\/03\/Triklosaan-25kg-MasterChem.jpg\",\"datePublished\":\"2022-03-31T17:34:08+00:00\",\"dateModified\":\"2022-03-31T17:40:59+00:00\",\"description\":\"Triklosaani on huoneenl\u00e4mp\u00f6tilassa valkoisena jauheena esiintyv\u00e4 orgaaninen yhdiste, jonka sulamispiste on noin 55\u201357 celsiusastetta.\",\"breadcrumb\":{\"@id\":\"https:\/\/masterchem.ee\/fi\/tooted-ja-teenused\/triklosaani-cas-3380-34-5\/#breadcrumb\"},\"inLanguage\":\"fi\",\"potentialAction\":[{\"@type\":\"ReadAction\",\"target\":[\"https:\/\/masterchem.ee\/fi\/tooted-ja-teenused\/triklosaani-cas-3380-34-5\/\"]}]},{\"@type\":\"ImageObject\",\"inLanguage\":\"fi\",\"@id\":\"https:\/\/masterchem.ee\/fi\/tooted-ja-teenused\/triklosaani-cas-3380-34-5\/#primaryimage\",\"url\":\"https:\/\/masterchem.ee\/wp-content\/uploads\/2022\/03\/Triklosaan-25kg-MasterChem.jpg\",\"contentUrl\":\"https:\/\/masterchem.ee\/wp-content\/uploads\/2022\/03\/Triklosaan-25kg-MasterChem.jpg\",\"width\":1000,\"height\":1000,\"caption\":\"Triklosaani (CAS 3380-34-5) 25kg MasterChem\"},{\"@type\":\"BreadcrumbList\",\"@id\":\"https:\/\/masterchem.ee\/fi\/tooted-ja-teenused\/triklosaani-cas-3380-34-5\/#breadcrumb\",\"itemListElement\":[{\"@type\":\"ListItem\",\"position\":1,\"name\":\"Home\",\"item\":\"https:\/\/masterchem.ee\/fi\/\"},{\"@type\":\"ListItem\",\"position\":2,\"name\":\"Tooted ja teenused\",\"item\":\"https:\/\/masterchem.ee\/tooted-ja-teenused\/\"},{\"@type\":\"ListItem\",\"position\":3,\"name\":\"Triklosaani (CAS 3380-34-5)\"}]},{\"@type\":\"WebSite\",\"@id\":\"https:\/\/masterchem.ee\/fi\/#website\",\"url\":\"https:\/\/masterchem.ee\/fi\/\",\"name\":\"Masterchem.ee\",\"description\":\"Chemistry For Industry - Solvents &amp; Chemicals\",\"publisher\":{\"@id\":\"https:\/\/masterchem.ee\/fi\/#organization\"},\"potentialAction\":[{\"@type\":\"SearchAction\",\"target\":{\"@type\":\"EntryPoint\",\"urlTemplate\":\"https:\/\/masterchem.ee\/fi\/?s={search_term_string}\"},\"query-input\":{\"@type\":\"PropertyValueSpecification\",\"valueRequired\":true,\"valueName\":\"search_term_string\"}}],\"inLanguage\":\"fi\"},{\"@type\":\"Organization\",\"@id\":\"https:\/\/masterchem.ee\/fi\/#organization\",\"name\":\"Masterchem\",\"url\":\"https:\/\/masterchem.ee\/fi\/\",\"logo\":{\"@type\":\"ImageObject\",\"inLanguage\":\"fi\",\"@id\":\"https:\/\/masterchem.ee\/fi\/#\/schema\/logo\/image\/\",\"url\":\"https:\/\/masterchem.ee\/wp-content\/uploads\/2018\/02\/master-chem_final-1.png\",\"contentUrl\":\"https:\/\/masterchem.ee\/wp-content\/uploads\/2018\/02\/master-chem_final-1.png\",\"width\":850,\"height\":356,\"caption\":\"Masterchem\"},\"image\":{\"@id\":\"https:\/\/masterchem.ee\/fi\/#\/schema\/logo\/image\/\"}}]}<\/script>\n<!-- \/ Yoast SEO plugin. -->","yoast_head_json":{"title":"Triklosaani (CAS 3380-34-5) - Chemistry For Industry - Solvents &amp; Chemicals - Masterchem.ee","description":"Triklosaani on huoneenl\u00e4mp\u00f6tilassa valkoisena jauheena esiintyv\u00e4 orgaaninen yhdiste, jonka sulamispiste on noin 55\u201357 celsiusastetta.","robots":{"index":"index","follow":"follow","max-snippet":"max-snippet:-1","max-image-preview":"max-image-preview:large","max-video-preview":"max-video-preview:-1"},"canonical":"https:\/\/masterchem.ee\/fi\/tooted-ja-teenused\/triklosaani-cas-3380-34-5\/","twitter_card":"summary_large_image","twitter_title":"Triklosaani (CAS 3380-34-5) - Chemistry For Industry - Solvents &amp; Chemicals - Masterchem.ee","twitter_description":"Triklosaani on huoneenl\u00e4mp\u00f6tilassa valkoisena jauheena esiintyv\u00e4 orgaaninen yhdiste, jonka sulamispiste on noin 55\u201357 celsiusastetta.","twitter_image":"https:\/\/masterchem.ee\/wp-content\/uploads\/2022\/03\/Triklosaan-25kg-MasterChem.jpg","schema":{"@context":"https:\/\/schema.org","@graph":[{"@type":"WebPage","@id":"https:\/\/masterchem.ee\/fi\/tooted-ja-teenused\/triklosaani-cas-3380-34-5\/","url":"https:\/\/masterchem.ee\/fi\/tooted-ja-teenused\/triklosaani-cas-3380-34-5\/","name":"Triklosaani (CAS 3380-34-5) - Chemistry For Industry - Solvents &amp; Chemicals - Masterchem.ee","isPartOf":{"@id":"https:\/\/masterchem.ee\/fi\/#website"},"primaryImageOfPage":{"@id":"https:\/\/masterchem.ee\/fi\/tooted-ja-teenused\/triklosaani-cas-3380-34-5\/#primaryimage"},"image":{"@id":"https:\/\/masterchem.ee\/fi\/tooted-ja-teenused\/triklosaani-cas-3380-34-5\/#primaryimage"},"thumbnailUrl":"https:\/\/masterchem.ee\/wp-content\/uploads\/2022\/03\/Triklosaan-25kg-MasterChem.jpg","datePublished":"2022-03-31T17:34:08+00:00","dateModified":"2022-03-31T17:40:59+00:00","description":"Triklosaani on huoneenl\u00e4mp\u00f6tilassa valkoisena jauheena esiintyv\u00e4 orgaaninen yhdiste, jonka sulamispiste on noin 55\u201357 celsiusastetta.","breadcrumb":{"@id":"https:\/\/masterchem.ee\/fi\/tooted-ja-teenused\/triklosaani-cas-3380-34-5\/#breadcrumb"},"inLanguage":"fi","potentialAction":[{"@type":"ReadAction","target":["https:\/\/masterchem.ee\/fi\/tooted-ja-teenused\/triklosaani-cas-3380-34-5\/"]}]},{"@type":"ImageObject","inLanguage":"fi","@id":"https:\/\/masterchem.ee\/fi\/tooted-ja-teenused\/triklosaani-cas-3380-34-5\/#primaryimage","url":"https:\/\/masterchem.ee\/wp-content\/uploads\/2022\/03\/Triklosaan-25kg-MasterChem.jpg","contentUrl":"https:\/\/masterchem.ee\/wp-content\/uploads\/2022\/03\/Triklosaan-25kg-MasterChem.jpg","width":1000,"height":1000,"caption":"Triklosaani (CAS 3380-34-5) 25kg MasterChem"},{"@type":"BreadcrumbList","@id":"https:\/\/masterchem.ee\/fi\/tooted-ja-teenused\/triklosaani-cas-3380-34-5\/#breadcrumb","itemListElement":[{"@type":"ListItem","position":1,"name":"Home","item":"https:\/\/masterchem.ee\/fi\/"},{"@type":"ListItem","position":2,"name":"Tooted ja teenused","item":"https:\/\/masterchem.ee\/tooted-ja-teenused\/"},{"@type":"ListItem","position":3,"name":"Triklosaani (CAS 3380-34-5)"}]},{"@type":"WebSite","@id":"https:\/\/masterchem.ee\/fi\/#website","url":"https:\/\/masterchem.ee\/fi\/","name":"Masterchem.ee","description":"Chemistry For Industry - Solvents &amp; Chemicals","publisher":{"@id":"https:\/\/masterchem.ee\/fi\/#organization"},"potentialAction":[{"@type":"SearchAction","target":{"@type":"EntryPoint","urlTemplate":"https:\/\/masterchem.ee\/fi\/?s={search_term_string}"},"query-input":{"@type":"PropertyValueSpecification","valueRequired":true,"valueName":"search_term_string"}}],"inLanguage":"fi"},{"@type":"Organization","@id":"https:\/\/masterchem.ee\/fi\/#organization","name":"Masterchem","url":"https:\/\/masterchem.ee\/fi\/","logo":{"@type":"ImageObject","inLanguage":"fi","@id":"https:\/\/masterchem.ee\/fi\/#\/schema\/logo\/image\/","url":"https:\/\/masterchem.ee\/wp-content\/uploads\/2018\/02\/master-chem_final-1.png","contentUrl":"https:\/\/masterchem.ee\/wp-content\/uploads\/2018\/02\/master-chem_final-1.png","width":850,"height":356,"caption":"Masterchem"},"image":{"@id":"https:\/\/masterchem.ee\/fi\/#\/schema\/logo\/image\/"}}]}},"_links":{"self":[{"href":"https:\/\/masterchem.ee\/fi\/wp-json\/wp\/v2\/product\/18865","targetHints":{"allow":["GET"]}}],"collection":[{"href":"https:\/\/masterchem.ee\/fi\/wp-json\/wp\/v2\/product"}],"about":[{"href":"https:\/\/masterchem.ee\/fi\/wp-json\/wp\/v2\/types\/product"}],"wp:featuredmedia":[{"embeddable":true,"href":"https:\/\/masterchem.ee\/fi\/wp-json\/wp\/v2\/media\/18873"}],"wp:attachment":[{"href":"https:\/\/masterchem.ee\/fi\/wp-json\/wp\/v2\/media?parent=18865"}],"wp:term":[{"taxonomy":"product_brand","embeddable":true,"href":"https:\/\/masterchem.ee\/fi\/wp-json\/wp\/v2\/product_brand?post=18865"},{"taxonomy":"product_cat","embeddable":true,"href":"https:\/\/masterchem.ee\/fi\/wp-json\/wp\/v2\/product_cat?post=18865"},{"taxonomy":"product_tag","embeddable":true,"href":"https:\/\/masterchem.ee\/fi\/wp-json\/wp\/v2\/product_tag?post=18865"}],"curies":[{"name":"wp","href":"https:\/\/api.w.org\/{rel}","templated":true}]}}