{"id":18784,"date":"2022-03-31T17:15:03","date_gmt":"2022-03-31T17:15:17","guid":{"rendered":"https:\/\/masterchem.ee\/?post_type=product&#038;p=18784"},"modified":"2022-03-31T17:28:48","modified_gmt":"2022-03-31T17:28:48","slug":"etikkahappo-50-cas-64-19-7","status":"publish","type":"product","link":"https:\/\/masterchem.ee\/fi\/tooted-ja-teenused\/etikkahappo-50-cas-64-19-7\/","title":{"rendered":"Etikkahappo 50 % (CAS 64-19-7)"},"content":{"rendered":"<p> <strong> Info<\/strong> <\/p>\n<p>Teollisuus: kotitalouskemikaalit, lannoitteet<br \/>\nCAS-numero: 64-19-7<br \/>\nWE-numero: 200-580-7<br \/>\nIndeksinumero: 607-002-00-6<br \/>\nKemiallinen kaava: CH3COOH<br \/>\nMolekyylimassa: 60,05 g\/mol<br \/>\nTullitariffikoodi: 29152100<br \/>\nADR: UN2789<\/p>\n<p><strong>Muut fyysiset ominaisuudet <\/strong><\/p>\n<p>pH: <1\nSulamis-\/j\u00e4\u00e4tymispiste: -20\u00b0C (1013 hPa)<br \/>\nKiehumispiste\/alue: 92\u00b0C (1013hPa)<br \/>\nSuhteellinen tiheys: 1 057 g\/cm3 (25 \u00b0C)<br \/>\nLiukoisuus veteen: 602,9 g\/l\/ (25\u00b0C)<\/p>\n","protected":false},"excerpt":{"rendered":"<p> <strong>Etikkahappo 50 % (CAS 64-19-7)<\/strong> <\/p>\n<p>Etikkahappo eli etaanihappo on karboksyylihappo, jossa on yksi karboksyyliryhm\u00e4. Se on kirkasta, pist\u00e4v\u00e4n hajuista, sy\u00f6vytt\u00e4v\u00e4\u00e4 veteen sekoittuvaa nestett\u00e4. Etikkahapon rakennekaava on CH3COOH ja kemiallinen kaava C2H4O2. Etikkahappo on heikko monoproottinen happo, jonka happovakio on 1,75 \u00d7 10-5 (pKa 4,75). Sen konjugaattiem\u00e4s on asetaatti-ioni (CH3COO\u2212). Kotitaloudessa k\u00e4ytett\u00e4v\u00e4 etikka on etikka\u00adhapon laimea liuos. Vedet\u00f6nt\u00e4 tai yli 80-massaprosenttista etikkahappoliuosta sanotaan j\u00e4\u00e4etikaksi. Vedet\u00f6n etikkahappo kiteytyy jo 16,7 \u00b0C:ssa eli vain v\u00e4h\u00e4n alle huoneenl\u00e4mp\u00f6tilan. Etikkahapon moolimassa on 60,1 g\/mol, sulamispiste 16,7 \u00b0C, kiehumispiste 118 \u00b0C, tiheys (20 \u00b0C:ssa) 1,05 g\/cm3 (vesi = 1,0 g\/cm3), leimahduspiste 39 \u00b0C c.c., itsesyttymisl\u00e4mp\u00f6tila 427 \u00b0C ja CAS-numero 64\u201319\u20137. Etikkahapon suoloja ja estereit\u00e4 nimitet\u00e4\u00e4n asetaateiksi.<\/p>\n<p>Etikkahappo on t\u00e4rkeimpi\u00e4 kemianteollisuuden raaka-aineita. Sit\u00e4 k\u00e4ytet\u00e4\u00e4n muun muassa elintarvikkeiden lis\u00e4aineena (E260), monien l\u00e4\u00e4keaineiden (kuten aspiriinin), hajuaineiden, painov\u00e4rien, muovien, selluloosa-asetaatin, pehmitinaineiden ja asetaattikuitujen valmistukseen. Suomessa etikkahappoa k\u00e4ytet\u00e4\u00e4n muun muassa seuraavien kemikaalien valmistukseen: karboksimetyyliselluloosa (CMC), peretikkahappo (C2H4O3) ja kloorietikkahappo (C2H3ClO2).<\/p>\n","protected":false},"featured_media":18832,"template":"","meta":[],"product_brand":[],"product_cat":[180,117,323],"product_tag":[],"class_list":{"0":"post-18784","1":"product","2":"type-product","3":"status-publish","4":"has-post-thumbnail","6":"product_cat-uncategorized-fi-2","7":"product_cat-kotitalouskemikaalit","8":"product_cat-lannoitteet","9":"pif-has-gallery","11":"first","12":"instock","13":"taxable","14":"shipping-taxable","15":"purchasable","16":"product-type-variable","17":"has-default-attributes"},"yoast_head":"<!-- This site is optimized with the Yoast SEO plugin v26.2 - https:\/\/yoast.com\/wordpress\/plugins\/seo\/ -->\n<title>Etikkahappo 50 % (CAS 64-19-7) - Chemistry For Industry - Solvents &amp; Chemicals - Masterchem.ee<\/title>\n<meta name=\"description\" content=\"Etikkahappo eli etaanihappo on karboksyylihappo, jossa on yksi karboksyyliryhm\u00e4.\" \/>\n<meta name=\"robots\" content=\"index, follow, max-snippet:-1, max-image-preview:large, max-video-preview:-1\" \/>\n<link rel=\"canonical\" href=\"https:\/\/masterchem.ee\/fi\/tooted-ja-teenused\/etikkahappo-50-cas-64-19-7\/\" \/>\n<meta name=\"twitter:card\" content=\"summary_large_image\" \/>\n<meta name=\"twitter:title\" content=\"Etikkahappo 50 % (CAS 64-19-7) - Chemistry For Industry - Solvents &amp; Chemicals - Masterchem.ee\" \/>\n<meta name=\"twitter:description\" content=\"Etikkahappo eli etaanihappo on karboksyylihappo, jossa on yksi karboksyyliryhm\u00e4.\" \/>\n<meta name=\"twitter:image\" content=\"https:\/\/masterchem.ee\/wp-content\/uploads\/2022\/03\/Aadikhape-1000l-MasterChem.jpg\" \/>\n<script type=\"application\/ld+json\" class=\"yoast-schema-graph\">{\"@context\":\"https:\/\/schema.org\",\"@graph\":[{\"@type\":\"WebPage\",\"@id\":\"https:\/\/masterchem.ee\/fi\/tooted-ja-teenused\/etikkahappo-50-cas-64-19-7\/\",\"url\":\"https:\/\/masterchem.ee\/fi\/tooted-ja-teenused\/etikkahappo-50-cas-64-19-7\/\",\"name\":\"Etikkahappo 50 % (CAS 64-19-7) - Chemistry For Industry - Solvents &amp; Chemicals - Masterchem.ee\",\"isPartOf\":{\"@id\":\"https:\/\/masterchem.ee\/fi\/#website\"},\"primaryImageOfPage\":{\"@id\":\"https:\/\/masterchem.ee\/fi\/tooted-ja-teenused\/etikkahappo-50-cas-64-19-7\/#primaryimage\"},\"image\":{\"@id\":\"https:\/\/masterchem.ee\/fi\/tooted-ja-teenused\/etikkahappo-50-cas-64-19-7\/#primaryimage\"},\"thumbnailUrl\":\"https:\/\/masterchem.ee\/wp-content\/uploads\/2022\/03\/Aadikhape-1000l-MasterChem.jpg\",\"datePublished\":\"2022-03-31T17:15:17+00:00\",\"dateModified\":\"2022-03-31T17:28:48+00:00\",\"description\":\"Etikkahappo eli etaanihappo on karboksyylihappo, jossa on yksi karboksyyliryhm\u00e4.\",\"breadcrumb\":{\"@id\":\"https:\/\/masterchem.ee\/fi\/tooted-ja-teenused\/etikkahappo-50-cas-64-19-7\/#breadcrumb\"},\"inLanguage\":\"fi\",\"potentialAction\":[{\"@type\":\"ReadAction\",\"target\":[\"https:\/\/masterchem.ee\/fi\/tooted-ja-teenused\/etikkahappo-50-cas-64-19-7\/\"]}]},{\"@type\":\"ImageObject\",\"inLanguage\":\"fi\",\"@id\":\"https:\/\/masterchem.ee\/fi\/tooted-ja-teenused\/etikkahappo-50-cas-64-19-7\/#primaryimage\",\"url\":\"https:\/\/masterchem.ee\/wp-content\/uploads\/2022\/03\/Aadikhape-1000l-MasterChem.jpg\",\"contentUrl\":\"https:\/\/masterchem.ee\/wp-content\/uploads\/2022\/03\/Aadikhape-1000l-MasterChem.jpg\",\"width\":1000,\"height\":1000,\"caption\":\"Etikkahappo 50 % (CAS 64-19-7) 1000l MaterChem\"},{\"@type\":\"BreadcrumbList\",\"@id\":\"https:\/\/masterchem.ee\/fi\/tooted-ja-teenused\/etikkahappo-50-cas-64-19-7\/#breadcrumb\",\"itemListElement\":[{\"@type\":\"ListItem\",\"position\":1,\"name\":\"Home\",\"item\":\"https:\/\/masterchem.ee\/fi\/\"},{\"@type\":\"ListItem\",\"position\":2,\"name\":\"Tooted ja teenused\",\"item\":\"https:\/\/masterchem.ee\/tooted-ja-teenused\/\"},{\"@type\":\"ListItem\",\"position\":3,\"name\":\"Etikkahappo 50 % (CAS 64-19-7)\"}]},{\"@type\":\"WebSite\",\"@id\":\"https:\/\/masterchem.ee\/fi\/#website\",\"url\":\"https:\/\/masterchem.ee\/fi\/\",\"name\":\"Masterchem.ee\",\"description\":\"Chemistry For Industry - Solvents &amp; Chemicals\",\"publisher\":{\"@id\":\"https:\/\/masterchem.ee\/fi\/#organization\"},\"potentialAction\":[{\"@type\":\"SearchAction\",\"target\":{\"@type\":\"EntryPoint\",\"urlTemplate\":\"https:\/\/masterchem.ee\/fi\/?s={search_term_string}\"},\"query-input\":{\"@type\":\"PropertyValueSpecification\",\"valueRequired\":true,\"valueName\":\"search_term_string\"}}],\"inLanguage\":\"fi\"},{\"@type\":\"Organization\",\"@id\":\"https:\/\/masterchem.ee\/fi\/#organization\",\"name\":\"Masterchem\",\"url\":\"https:\/\/masterchem.ee\/fi\/\",\"logo\":{\"@type\":\"ImageObject\",\"inLanguage\":\"fi\",\"@id\":\"https:\/\/masterchem.ee\/fi\/#\/schema\/logo\/image\/\",\"url\":\"https:\/\/masterchem.ee\/wp-content\/uploads\/2018\/02\/master-chem_final-1.png\",\"contentUrl\":\"https:\/\/masterchem.ee\/wp-content\/uploads\/2018\/02\/master-chem_final-1.png\",\"width\":850,\"height\":356,\"caption\":\"Masterchem\"},\"image\":{\"@id\":\"https:\/\/masterchem.ee\/fi\/#\/schema\/logo\/image\/\"}}]}<\/script>\n<!-- \/ Yoast SEO plugin. -->","yoast_head_json":{"title":"Etikkahappo 50 % (CAS 64-19-7) - Chemistry For Industry - Solvents &amp; Chemicals - Masterchem.ee","description":"Etikkahappo eli etaanihappo on karboksyylihappo, jossa on yksi karboksyyliryhm\u00e4.","robots":{"index":"index","follow":"follow","max-snippet":"max-snippet:-1","max-image-preview":"max-image-preview:large","max-video-preview":"max-video-preview:-1"},"canonical":"https:\/\/masterchem.ee\/fi\/tooted-ja-teenused\/etikkahappo-50-cas-64-19-7\/","twitter_card":"summary_large_image","twitter_title":"Etikkahappo 50 % (CAS 64-19-7) - Chemistry For Industry - Solvents &amp; Chemicals - Masterchem.ee","twitter_description":"Etikkahappo eli etaanihappo on karboksyylihappo, jossa on yksi karboksyyliryhm\u00e4.","twitter_image":"https:\/\/masterchem.ee\/wp-content\/uploads\/2022\/03\/Aadikhape-1000l-MasterChem.jpg","schema":{"@context":"https:\/\/schema.org","@graph":[{"@type":"WebPage","@id":"https:\/\/masterchem.ee\/fi\/tooted-ja-teenused\/etikkahappo-50-cas-64-19-7\/","url":"https:\/\/masterchem.ee\/fi\/tooted-ja-teenused\/etikkahappo-50-cas-64-19-7\/","name":"Etikkahappo 50 % (CAS 64-19-7) - Chemistry For Industry - Solvents &amp; Chemicals - Masterchem.ee","isPartOf":{"@id":"https:\/\/masterchem.ee\/fi\/#website"},"primaryImageOfPage":{"@id":"https:\/\/masterchem.ee\/fi\/tooted-ja-teenused\/etikkahappo-50-cas-64-19-7\/#primaryimage"},"image":{"@id":"https:\/\/masterchem.ee\/fi\/tooted-ja-teenused\/etikkahappo-50-cas-64-19-7\/#primaryimage"},"thumbnailUrl":"https:\/\/masterchem.ee\/wp-content\/uploads\/2022\/03\/Aadikhape-1000l-MasterChem.jpg","datePublished":"2022-03-31T17:15:17+00:00","dateModified":"2022-03-31T17:28:48+00:00","description":"Etikkahappo eli etaanihappo on karboksyylihappo, jossa on yksi karboksyyliryhm\u00e4.","breadcrumb":{"@id":"https:\/\/masterchem.ee\/fi\/tooted-ja-teenused\/etikkahappo-50-cas-64-19-7\/#breadcrumb"},"inLanguage":"fi","potentialAction":[{"@type":"ReadAction","target":["https:\/\/masterchem.ee\/fi\/tooted-ja-teenused\/etikkahappo-50-cas-64-19-7\/"]}]},{"@type":"ImageObject","inLanguage":"fi","@id":"https:\/\/masterchem.ee\/fi\/tooted-ja-teenused\/etikkahappo-50-cas-64-19-7\/#primaryimage","url":"https:\/\/masterchem.ee\/wp-content\/uploads\/2022\/03\/Aadikhape-1000l-MasterChem.jpg","contentUrl":"https:\/\/masterchem.ee\/wp-content\/uploads\/2022\/03\/Aadikhape-1000l-MasterChem.jpg","width":1000,"height":1000,"caption":"Etikkahappo 50 % (CAS 64-19-7) 1000l MaterChem"},{"@type":"BreadcrumbList","@id":"https:\/\/masterchem.ee\/fi\/tooted-ja-teenused\/etikkahappo-50-cas-64-19-7\/#breadcrumb","itemListElement":[{"@type":"ListItem","position":1,"name":"Home","item":"https:\/\/masterchem.ee\/fi\/"},{"@type":"ListItem","position":2,"name":"Tooted ja teenused","item":"https:\/\/masterchem.ee\/tooted-ja-teenused\/"},{"@type":"ListItem","position":3,"name":"Etikkahappo 50 % (CAS 64-19-7)"}]},{"@type":"WebSite","@id":"https:\/\/masterchem.ee\/fi\/#website","url":"https:\/\/masterchem.ee\/fi\/","name":"Masterchem.ee","description":"Chemistry For Industry - Solvents &amp; Chemicals","publisher":{"@id":"https:\/\/masterchem.ee\/fi\/#organization"},"potentialAction":[{"@type":"SearchAction","target":{"@type":"EntryPoint","urlTemplate":"https:\/\/masterchem.ee\/fi\/?s={search_term_string}"},"query-input":{"@type":"PropertyValueSpecification","valueRequired":true,"valueName":"search_term_string"}}],"inLanguage":"fi"},{"@type":"Organization","@id":"https:\/\/masterchem.ee\/fi\/#organization","name":"Masterchem","url":"https:\/\/masterchem.ee\/fi\/","logo":{"@type":"ImageObject","inLanguage":"fi","@id":"https:\/\/masterchem.ee\/fi\/#\/schema\/logo\/image\/","url":"https:\/\/masterchem.ee\/wp-content\/uploads\/2018\/02\/master-chem_final-1.png","contentUrl":"https:\/\/masterchem.ee\/wp-content\/uploads\/2018\/02\/master-chem_final-1.png","width":850,"height":356,"caption":"Masterchem"},"image":{"@id":"https:\/\/masterchem.ee\/fi\/#\/schema\/logo\/image\/"}}]}},"_links":{"self":[{"href":"https:\/\/masterchem.ee\/fi\/wp-json\/wp\/v2\/product\/18784","targetHints":{"allow":["GET"]}}],"collection":[{"href":"https:\/\/masterchem.ee\/fi\/wp-json\/wp\/v2\/product"}],"about":[{"href":"https:\/\/masterchem.ee\/fi\/wp-json\/wp\/v2\/types\/product"}],"wp:featuredmedia":[{"embeddable":true,"href":"https:\/\/masterchem.ee\/fi\/wp-json\/wp\/v2\/media\/18832"}],"wp:attachment":[{"href":"https:\/\/masterchem.ee\/fi\/wp-json\/wp\/v2\/media?parent=18784"}],"wp:term":[{"taxonomy":"product_brand","embeddable":true,"href":"https:\/\/masterchem.ee\/fi\/wp-json\/wp\/v2\/product_brand?post=18784"},{"taxonomy":"product_cat","embeddable":true,"href":"https:\/\/masterchem.ee\/fi\/wp-json\/wp\/v2\/product_cat?post=18784"},{"taxonomy":"product_tag","embeddable":true,"href":"https:\/\/masterchem.ee\/fi\/wp-json\/wp\/v2\/product_tag?post=18784"}],"curies":[{"name":"wp","href":"https:\/\/api.w.org\/{rel}","templated":true}]}}