{"id":18655,"date":"2022-03-29T12:59:58","date_gmt":"2022-03-29T13:00:12","guid":{"rendered":"https:\/\/masterchem.ee\/?post_type=product&#038;p=18655"},"modified":"2022-03-29T13:15:15","modified_gmt":"2022-03-29T13:15:15","slug":"heptaani-cas-142-82-5","status":"publish","type":"product","link":"https:\/\/masterchem.ee\/fi\/tooted-ja-teenused\/heptaani-cas-142-82-5\/","title":{"rendered":"Heptaani (CAS 142-82-5)"},"content":{"rendered":"","protected":false},"excerpt":{"rendered":"<p><strong>Heptaani (CAS 142-82-5)<\/strong><\/p>\n<p>Heptaani tai n-heptaani on suoraketjuinen alkaani, jonka kemiallinen kaava on H3C(CH2)5CH3 tai C7H16, ja se on yksi bensiinin (bensiinin) p\u00e4\u00e4komponenteista. Kun 100 % heptaanista polttoainetta k\u00e4ytet\u00e4\u00e4n testipolttoainekomponenttina nakutuksenestimoottoreissa, se on oktaaniluokitusasteikon nollapiste (100 pistett\u00e4 on 100 % iso-oktaania). Oktaaniluku vastaa heptaanin ja isooktaanin vertailuseoksen nakutuksenestoominaisuuksia. Heptaanin isooktaanin prosenttiosuus ilmaistaan heptaanissa ja joka on lueteltu maailmanlaajuisesti annosteltavan bensiinin (bensiini) pumpuissa.<\/p>\n","protected":false},"featured_media":18727,"template":"","meta":[],"product_brand":[],"product_cat":[180],"product_tag":[],"class_list":{"0":"post-18655","1":"product","2":"type-product","3":"status-publish","4":"has-post-thumbnail","6":"product_cat-uncategorized-fi-2","7":"pif-has-gallery","9":"first","10":"instock","11":"taxable","12":"shipping-taxable","13":"purchasable","14":"product-type-variable","15":"has-default-attributes"},"yoast_head":"<!-- This site is optimized with the Yoast SEO plugin v26.2 - https:\/\/yoast.com\/wordpress\/plugins\/seo\/ -->\n<title>Heptaani (CAS 142-82-5) - Chemistry For Industry - Solvents &amp; Chemicals - Masterchem.ee<\/title>\n<meta name=\"description\" content=\"Heptaani tai n-heptaani on suoraketjuinen alkaani, jonka kemiallinen kaava on H3C(CH2)5CH3 tai C7H16, ja se on yksi bensiinin (bensiinin) p\u00e4\u00e4komponenteista.\" \/>\n<meta name=\"robots\" content=\"index, follow, max-snippet:-1, max-image-preview:large, max-video-preview:-1\" \/>\n<link rel=\"canonical\" href=\"https:\/\/masterchem.ee\/fi\/tooted-ja-teenused\/heptaani-cas-142-82-5\/\" \/>\n<meta name=\"twitter:card\" content=\"summary_large_image\" \/>\n<meta name=\"twitter:title\" content=\"Heptaani (CAS 142-82-5) - Chemistry For Industry - Solvents &amp; Chemicals - Masterchem.ee\" \/>\n<meta name=\"twitter:description\" content=\"Heptaani tai n-heptaani on suoraketjuinen alkaani, jonka kemiallinen kaava on H3C(CH2)5CH3 tai C7H16, ja se on yksi bensiinin (bensiinin) p\u00e4\u00e4komponenteista.\" \/>\n<meta name=\"twitter:image\" content=\"https:\/\/masterchem.ee\/wp-content\/uploads\/2022\/03\/Heptaan-1000l-MasterChem.jpg\" \/>\n<script type=\"application\/ld+json\" class=\"yoast-schema-graph\">{\"@context\":\"https:\/\/schema.org\",\"@graph\":[{\"@type\":\"WebPage\",\"@id\":\"https:\/\/masterchem.ee\/fi\/tooted-ja-teenused\/heptaani-cas-142-82-5\/\",\"url\":\"https:\/\/masterchem.ee\/fi\/tooted-ja-teenused\/heptaani-cas-142-82-5\/\",\"name\":\"Heptaani (CAS 142-82-5) - Chemistry For Industry - Solvents &amp; Chemicals - Masterchem.ee\",\"isPartOf\":{\"@id\":\"https:\/\/masterchem.ee\/fi\/#website\"},\"primaryImageOfPage\":{\"@id\":\"https:\/\/masterchem.ee\/fi\/tooted-ja-teenused\/heptaani-cas-142-82-5\/#primaryimage\"},\"image\":{\"@id\":\"https:\/\/masterchem.ee\/fi\/tooted-ja-teenused\/heptaani-cas-142-82-5\/#primaryimage\"},\"thumbnailUrl\":\"https:\/\/masterchem.ee\/wp-content\/uploads\/2022\/03\/Heptaan-1000l-MasterChem.jpg\",\"datePublished\":\"2022-03-29T13:00:12+00:00\",\"dateModified\":\"2022-03-29T13:15:15+00:00\",\"description\":\"Heptaani tai n-heptaani on suoraketjuinen alkaani, jonka kemiallinen kaava on H3C(CH2)5CH3 tai C7H16, ja se on yksi bensiinin (bensiinin) p\u00e4\u00e4komponenteista.\",\"breadcrumb\":{\"@id\":\"https:\/\/masterchem.ee\/fi\/tooted-ja-teenused\/heptaani-cas-142-82-5\/#breadcrumb\"},\"inLanguage\":\"fi\",\"potentialAction\":[{\"@type\":\"ReadAction\",\"target\":[\"https:\/\/masterchem.ee\/fi\/tooted-ja-teenused\/heptaani-cas-142-82-5\/\"]}]},{\"@type\":\"ImageObject\",\"inLanguage\":\"fi\",\"@id\":\"https:\/\/masterchem.ee\/fi\/tooted-ja-teenused\/heptaani-cas-142-82-5\/#primaryimage\",\"url\":\"https:\/\/masterchem.ee\/wp-content\/uploads\/2022\/03\/Heptaan-1000l-MasterChem.jpg\",\"contentUrl\":\"https:\/\/masterchem.ee\/wp-content\/uploads\/2022\/03\/Heptaan-1000l-MasterChem.jpg\",\"width\":1000,\"height\":1000,\"caption\":\"Heptaani (CAS 142-82-5) 1000l MaterChem\"},{\"@type\":\"BreadcrumbList\",\"@id\":\"https:\/\/masterchem.ee\/fi\/tooted-ja-teenused\/heptaani-cas-142-82-5\/#breadcrumb\",\"itemListElement\":[{\"@type\":\"ListItem\",\"position\":1,\"name\":\"Home\",\"item\":\"https:\/\/masterchem.ee\/fi\/\"},{\"@type\":\"ListItem\",\"position\":2,\"name\":\"Tooted ja teenused\",\"item\":\"https:\/\/masterchem.ee\/tooted-ja-teenused\/\"},{\"@type\":\"ListItem\",\"position\":3,\"name\":\"Heptaani (CAS 142-82-5)\"}]},{\"@type\":\"WebSite\",\"@id\":\"https:\/\/masterchem.ee\/fi\/#website\",\"url\":\"https:\/\/masterchem.ee\/fi\/\",\"name\":\"Masterchem.ee\",\"description\":\"Chemistry For Industry - Solvents &amp; Chemicals\",\"publisher\":{\"@id\":\"https:\/\/masterchem.ee\/fi\/#organization\"},\"potentialAction\":[{\"@type\":\"SearchAction\",\"target\":{\"@type\":\"EntryPoint\",\"urlTemplate\":\"https:\/\/masterchem.ee\/fi\/?s={search_term_string}\"},\"query-input\":{\"@type\":\"PropertyValueSpecification\",\"valueRequired\":true,\"valueName\":\"search_term_string\"}}],\"inLanguage\":\"fi\"},{\"@type\":\"Organization\",\"@id\":\"https:\/\/masterchem.ee\/fi\/#organization\",\"name\":\"Masterchem\",\"url\":\"https:\/\/masterchem.ee\/fi\/\",\"logo\":{\"@type\":\"ImageObject\",\"inLanguage\":\"fi\",\"@id\":\"https:\/\/masterchem.ee\/fi\/#\/schema\/logo\/image\/\",\"url\":\"https:\/\/masterchem.ee\/wp-content\/uploads\/2018\/02\/master-chem_final-1.png\",\"contentUrl\":\"https:\/\/masterchem.ee\/wp-content\/uploads\/2018\/02\/master-chem_final-1.png\",\"width\":850,\"height\":356,\"caption\":\"Masterchem\"},\"image\":{\"@id\":\"https:\/\/masterchem.ee\/fi\/#\/schema\/logo\/image\/\"}}]}<\/script>\n<!-- \/ Yoast SEO plugin. -->","yoast_head_json":{"title":"Heptaani (CAS 142-82-5) - Chemistry For Industry - Solvents &amp; Chemicals - Masterchem.ee","description":"Heptaani tai n-heptaani on suoraketjuinen alkaani, jonka kemiallinen kaava on H3C(CH2)5CH3 tai C7H16, ja se on yksi bensiinin (bensiinin) p\u00e4\u00e4komponenteista.","robots":{"index":"index","follow":"follow","max-snippet":"max-snippet:-1","max-image-preview":"max-image-preview:large","max-video-preview":"max-video-preview:-1"},"canonical":"https:\/\/masterchem.ee\/fi\/tooted-ja-teenused\/heptaani-cas-142-82-5\/","twitter_card":"summary_large_image","twitter_title":"Heptaani (CAS 142-82-5) - Chemistry For Industry - Solvents &amp; Chemicals - Masterchem.ee","twitter_description":"Heptaani tai n-heptaani on suoraketjuinen alkaani, jonka kemiallinen kaava on H3C(CH2)5CH3 tai C7H16, ja se on yksi bensiinin (bensiinin) p\u00e4\u00e4komponenteista.","twitter_image":"https:\/\/masterchem.ee\/wp-content\/uploads\/2022\/03\/Heptaan-1000l-MasterChem.jpg","schema":{"@context":"https:\/\/schema.org","@graph":[{"@type":"WebPage","@id":"https:\/\/masterchem.ee\/fi\/tooted-ja-teenused\/heptaani-cas-142-82-5\/","url":"https:\/\/masterchem.ee\/fi\/tooted-ja-teenused\/heptaani-cas-142-82-5\/","name":"Heptaani (CAS 142-82-5) - Chemistry For Industry - Solvents &amp; Chemicals - Masterchem.ee","isPartOf":{"@id":"https:\/\/masterchem.ee\/fi\/#website"},"primaryImageOfPage":{"@id":"https:\/\/masterchem.ee\/fi\/tooted-ja-teenused\/heptaani-cas-142-82-5\/#primaryimage"},"image":{"@id":"https:\/\/masterchem.ee\/fi\/tooted-ja-teenused\/heptaani-cas-142-82-5\/#primaryimage"},"thumbnailUrl":"https:\/\/masterchem.ee\/wp-content\/uploads\/2022\/03\/Heptaan-1000l-MasterChem.jpg","datePublished":"2022-03-29T13:00:12+00:00","dateModified":"2022-03-29T13:15:15+00:00","description":"Heptaani tai n-heptaani on suoraketjuinen alkaani, jonka kemiallinen kaava on H3C(CH2)5CH3 tai C7H16, ja se on yksi bensiinin (bensiinin) p\u00e4\u00e4komponenteista.","breadcrumb":{"@id":"https:\/\/masterchem.ee\/fi\/tooted-ja-teenused\/heptaani-cas-142-82-5\/#breadcrumb"},"inLanguage":"fi","potentialAction":[{"@type":"ReadAction","target":["https:\/\/masterchem.ee\/fi\/tooted-ja-teenused\/heptaani-cas-142-82-5\/"]}]},{"@type":"ImageObject","inLanguage":"fi","@id":"https:\/\/masterchem.ee\/fi\/tooted-ja-teenused\/heptaani-cas-142-82-5\/#primaryimage","url":"https:\/\/masterchem.ee\/wp-content\/uploads\/2022\/03\/Heptaan-1000l-MasterChem.jpg","contentUrl":"https:\/\/masterchem.ee\/wp-content\/uploads\/2022\/03\/Heptaan-1000l-MasterChem.jpg","width":1000,"height":1000,"caption":"Heptaani (CAS 142-82-5) 1000l MaterChem"},{"@type":"BreadcrumbList","@id":"https:\/\/masterchem.ee\/fi\/tooted-ja-teenused\/heptaani-cas-142-82-5\/#breadcrumb","itemListElement":[{"@type":"ListItem","position":1,"name":"Home","item":"https:\/\/masterchem.ee\/fi\/"},{"@type":"ListItem","position":2,"name":"Tooted ja teenused","item":"https:\/\/masterchem.ee\/tooted-ja-teenused\/"},{"@type":"ListItem","position":3,"name":"Heptaani (CAS 142-82-5)"}]},{"@type":"WebSite","@id":"https:\/\/masterchem.ee\/fi\/#website","url":"https:\/\/masterchem.ee\/fi\/","name":"Masterchem.ee","description":"Chemistry For Industry - Solvents &amp; Chemicals","publisher":{"@id":"https:\/\/masterchem.ee\/fi\/#organization"},"potentialAction":[{"@type":"SearchAction","target":{"@type":"EntryPoint","urlTemplate":"https:\/\/masterchem.ee\/fi\/?s={search_term_string}"},"query-input":{"@type":"PropertyValueSpecification","valueRequired":true,"valueName":"search_term_string"}}],"inLanguage":"fi"},{"@type":"Organization","@id":"https:\/\/masterchem.ee\/fi\/#organization","name":"Masterchem","url":"https:\/\/masterchem.ee\/fi\/","logo":{"@type":"ImageObject","inLanguage":"fi","@id":"https:\/\/masterchem.ee\/fi\/#\/schema\/logo\/image\/","url":"https:\/\/masterchem.ee\/wp-content\/uploads\/2018\/02\/master-chem_final-1.png","contentUrl":"https:\/\/masterchem.ee\/wp-content\/uploads\/2018\/02\/master-chem_final-1.png","width":850,"height":356,"caption":"Masterchem"},"image":{"@id":"https:\/\/masterchem.ee\/fi\/#\/schema\/logo\/image\/"}}]}},"_links":{"self":[{"href":"https:\/\/masterchem.ee\/fi\/wp-json\/wp\/v2\/product\/18655","targetHints":{"allow":["GET"]}}],"collection":[{"href":"https:\/\/masterchem.ee\/fi\/wp-json\/wp\/v2\/product"}],"about":[{"href":"https:\/\/masterchem.ee\/fi\/wp-json\/wp\/v2\/types\/product"}],"wp:featuredmedia":[{"embeddable":true,"href":"https:\/\/masterchem.ee\/fi\/wp-json\/wp\/v2\/media\/18727"}],"wp:attachment":[{"href":"https:\/\/masterchem.ee\/fi\/wp-json\/wp\/v2\/media?parent=18655"}],"wp:term":[{"taxonomy":"product_brand","embeddable":true,"href":"https:\/\/masterchem.ee\/fi\/wp-json\/wp\/v2\/product_brand?post=18655"},{"taxonomy":"product_cat","embeddable":true,"href":"https:\/\/masterchem.ee\/fi\/wp-json\/wp\/v2\/product_cat?post=18655"},{"taxonomy":"product_tag","embeddable":true,"href":"https:\/\/masterchem.ee\/fi\/wp-json\/wp\/v2\/product_tag?post=18655"}],"curies":[{"name":"wp","href":"https:\/\/api.w.org\/{rel}","templated":true}]}}