{"id":18530,"date":"2022-03-24T10:04:17","date_gmt":"2022-03-24T10:04:21","guid":{"rendered":"https:\/\/masterchem.ee\/?post_type=product&#038;p=18530"},"modified":"2022-03-24T10:14:13","modified_gmt":"2022-03-24T10:14:13","slug":"adypin-acid-cas-124-04-9","status":"publish","type":"product","link":"https:\/\/masterchem.ee\/fi\/tooted-ja-teenused\/adypin-acid-cas-124-04-9\/","title":{"rendered":"Adypin Acid (CAS 124-04-9)"},"content":{"rendered":"<p> <strong> Info<\/strong> <\/p>\n<p><strong>Tiedot<\/strong><\/p>\n<p>Teollisuus: Liimat, \u00f6ljyt, rasvat<br \/>\nCAS: 124-04-9<br \/>\nWE: 204-673-3<br \/>\nIndeksinumero: 607-144-00-9<br \/>\nKemiallinen kaava: C6H10O4<br \/>\nTullitariffikoodi: 29171200<\/p>\n<p><strong>Muut fyysiset ominaisuudet<\/strong><br \/>\npH: 2,7<br \/>\nSulamis-\/j\u00e4\u00e4tymispiste: 150,85\u00b0C<br \/>\nKiehumispiste\/alue: 337,5\u00b0C<br \/>\nSuhteellinen tiheys: 1,36 g\/cm3 w 20\u00b0C<br \/>\nLiukoisuus veteen: 23 g\/l w 20\u00b0C<\/p>\n","protected":false},"excerpt":{"rendered":"<p><strong>Adypin Acid (CAS 124-04-9)<\/strong><\/p>\n<p>Adipiinihappo on kaksi\u00adem\u00e4ksinen karboksyylihappo eli dikarboksyylihappo, joka on normaaliolosuhteissa olomuodoltaan kiinte\u00e4\u00e4, hajutonta, v\u00e4rit\u00f6nt\u00e4, kiteist\u00e4 jauhetta. Sen kemiallinen kaava on C6H10O4 ja rakennekaava HOOC(CH2)4COOH. Adipiinihaposta k\u00e4ytet\u00e4\u00e4n my\u00f6s nimityksi\u00e4 heksaanidihappo ja 1,4-butaanidikarboksyylihappo.<\/p>\n<p>Adipiinihapon moolimassa on 146,14 g\/mol, sulamispiste 152 \u00b0C, kiehumispiste 338 \u00b0C, suhteellinen tiheys 1,36 g\/cm3 (vesi = 1,0 g\/cm3), leimahduspiste 196 \u00b0C (c.c.), itsesyttymisl\u00e4mp\u00f6tila 422 \u00b0C ja CAS-numero 124-04-9. Adipiinihapon liukoisuus veteen (15 \u00b0C) on 1,4 g\/100 ml. Yhdiste liukenee etanoliin ja asetoniin. Adipiinihappoa voidaan valmistaa sykloheksaanista kaksivaiheisella hapetuksella.<\/p>\n","protected":false},"featured_media":18536,"template":"","meta":[],"product_brand":[],"product_cat":[180],"product_tag":[],"class_list":{"0":"post-18530","1":"product","2":"type-product","3":"status-publish","4":"has-post-thumbnail","6":"product_cat-uncategorized-fi-2","8":"first","9":"instock","10":"taxable","11":"shipping-taxable","12":"purchasable","13":"product-type-variable","14":"has-default-attributes"},"yoast_head":"<!-- This site is optimized with the Yoast SEO plugin v26.2 - https:\/\/yoast.com\/wordpress\/plugins\/seo\/ -->\n<title>Adypin Acid (CAS 124-04-9) - Chemistry For Industry - Solvents &amp; Chemicals - Masterchem.ee<\/title>\n<meta name=\"description\" content=\"Adipiinihappo on kaksi\u00adem\u00e4ksinen karboksyylihappo eli dikarboksyylihappo, joka on normaaliolosuhteissa olomuodoltaan kiinte\u00e4\u00e4, hajutonta, v\u00e4rit\u00f6nt\u00e4, kiteist\u00e4 jauhetta.\" \/>\n<meta name=\"robots\" content=\"index, follow, max-snippet:-1, max-image-preview:large, max-video-preview:-1\" \/>\n<link rel=\"canonical\" href=\"https:\/\/masterchem.ee\/fi\/tooted-ja-teenused\/adypin-acid-cas-124-04-9\/\" \/>\n<meta name=\"twitter:card\" content=\"summary_large_image\" \/>\n<meta name=\"twitter:title\" content=\"Adypin Acid (CAS 124-04-9) - Chemistry For Industry - Solvents &amp; Chemicals - Masterchem.ee\" \/>\n<meta name=\"twitter:description\" content=\"Adipiinihappo on kaksi\u00adem\u00e4ksinen karboksyylihappo eli dikarboksyylihappo, joka on normaaliolosuhteissa olomuodoltaan kiinte\u00e4\u00e4, hajutonta, v\u00e4rit\u00f6nt\u00e4, kiteist\u00e4 jauhetta.\" \/>\n<meta name=\"twitter:image\" content=\"https:\/\/masterchem.ee\/wp-content\/uploads\/2022\/03\/Adipiinhape-25kg-MasterChem.jpg\" \/>\n<script type=\"application\/ld+json\" class=\"yoast-schema-graph\">{\"@context\":\"https:\/\/schema.org\",\"@graph\":[{\"@type\":\"WebPage\",\"@id\":\"https:\/\/masterchem.ee\/fi\/tooted-ja-teenused\/adypin-acid-cas-124-04-9\/\",\"url\":\"https:\/\/masterchem.ee\/fi\/tooted-ja-teenused\/adypin-acid-cas-124-04-9\/\",\"name\":\"Adypin Acid (CAS 124-04-9) - Chemistry For Industry - Solvents &amp; Chemicals - Masterchem.ee\",\"isPartOf\":{\"@id\":\"https:\/\/masterchem.ee\/fi\/#website\"},\"primaryImageOfPage\":{\"@id\":\"https:\/\/masterchem.ee\/fi\/tooted-ja-teenused\/adypin-acid-cas-124-04-9\/#primaryimage\"},\"image\":{\"@id\":\"https:\/\/masterchem.ee\/fi\/tooted-ja-teenused\/adypin-acid-cas-124-04-9\/#primaryimage\"},\"thumbnailUrl\":\"https:\/\/masterchem.ee\/wp-content\/uploads\/2022\/03\/Adipiinhape-25kg-MasterChem.jpg\",\"datePublished\":\"2022-03-24T10:04:21+00:00\",\"dateModified\":\"2022-03-24T10:14:13+00:00\",\"description\":\"Adipiinihappo on kaksi\u00adem\u00e4ksinen karboksyylihappo eli dikarboksyylihappo, joka on normaaliolosuhteissa olomuodoltaan kiinte\u00e4\u00e4, hajutonta, v\u00e4rit\u00f6nt\u00e4, kiteist\u00e4 jauhetta.\",\"breadcrumb\":{\"@id\":\"https:\/\/masterchem.ee\/fi\/tooted-ja-teenused\/adypin-acid-cas-124-04-9\/#breadcrumb\"},\"inLanguage\":\"fi\",\"potentialAction\":[{\"@type\":\"ReadAction\",\"target\":[\"https:\/\/masterchem.ee\/fi\/tooted-ja-teenused\/adypin-acid-cas-124-04-9\/\"]}]},{\"@type\":\"ImageObject\",\"inLanguage\":\"fi\",\"@id\":\"https:\/\/masterchem.ee\/fi\/tooted-ja-teenused\/adypin-acid-cas-124-04-9\/#primaryimage\",\"url\":\"https:\/\/masterchem.ee\/wp-content\/uploads\/2022\/03\/Adipiinhape-25kg-MasterChem.jpg\",\"contentUrl\":\"https:\/\/masterchem.ee\/wp-content\/uploads\/2022\/03\/Adipiinhape-25kg-MasterChem.jpg\",\"width\":1000,\"height\":1000,\"caption\":\"Steariinihappo (CAS 67701-03-5) 25kg MasterChem\"},{\"@type\":\"BreadcrumbList\",\"@id\":\"https:\/\/masterchem.ee\/fi\/tooted-ja-teenused\/adypin-acid-cas-124-04-9\/#breadcrumb\",\"itemListElement\":[{\"@type\":\"ListItem\",\"position\":1,\"name\":\"Home\",\"item\":\"https:\/\/masterchem.ee\/fi\/\"},{\"@type\":\"ListItem\",\"position\":2,\"name\":\"Tooted ja teenused\",\"item\":\"https:\/\/masterchem.ee\/tooted-ja-teenused\/\"},{\"@type\":\"ListItem\",\"position\":3,\"name\":\"Adypin Acid (CAS 124-04-9)\"}]},{\"@type\":\"WebSite\",\"@id\":\"https:\/\/masterchem.ee\/fi\/#website\",\"url\":\"https:\/\/masterchem.ee\/fi\/\",\"name\":\"Masterchem.ee\",\"description\":\"Chemistry For Industry - Solvents &amp; Chemicals\",\"publisher\":{\"@id\":\"https:\/\/masterchem.ee\/fi\/#organization\"},\"potentialAction\":[{\"@type\":\"SearchAction\",\"target\":{\"@type\":\"EntryPoint\",\"urlTemplate\":\"https:\/\/masterchem.ee\/fi\/?s={search_term_string}\"},\"query-input\":{\"@type\":\"PropertyValueSpecification\",\"valueRequired\":true,\"valueName\":\"search_term_string\"}}],\"inLanguage\":\"fi\"},{\"@type\":\"Organization\",\"@id\":\"https:\/\/masterchem.ee\/fi\/#organization\",\"name\":\"Masterchem\",\"url\":\"https:\/\/masterchem.ee\/fi\/\",\"logo\":{\"@type\":\"ImageObject\",\"inLanguage\":\"fi\",\"@id\":\"https:\/\/masterchem.ee\/fi\/#\/schema\/logo\/image\/\",\"url\":\"https:\/\/masterchem.ee\/wp-content\/uploads\/2018\/02\/master-chem_final-1.png\",\"contentUrl\":\"https:\/\/masterchem.ee\/wp-content\/uploads\/2018\/02\/master-chem_final-1.png\",\"width\":850,\"height\":356,\"caption\":\"Masterchem\"},\"image\":{\"@id\":\"https:\/\/masterchem.ee\/fi\/#\/schema\/logo\/image\/\"}}]}<\/script>\n<!-- \/ Yoast SEO plugin. -->","yoast_head_json":{"title":"Adypin Acid (CAS 124-04-9) - Chemistry For Industry - Solvents &amp; Chemicals - Masterchem.ee","description":"Adipiinihappo on kaksi\u00adem\u00e4ksinen karboksyylihappo eli dikarboksyylihappo, joka on normaaliolosuhteissa olomuodoltaan kiinte\u00e4\u00e4, hajutonta, v\u00e4rit\u00f6nt\u00e4, kiteist\u00e4 jauhetta.","robots":{"index":"index","follow":"follow","max-snippet":"max-snippet:-1","max-image-preview":"max-image-preview:large","max-video-preview":"max-video-preview:-1"},"canonical":"https:\/\/masterchem.ee\/fi\/tooted-ja-teenused\/adypin-acid-cas-124-04-9\/","twitter_card":"summary_large_image","twitter_title":"Adypin Acid (CAS 124-04-9) - Chemistry For Industry - Solvents &amp; Chemicals - Masterchem.ee","twitter_description":"Adipiinihappo on kaksi\u00adem\u00e4ksinen karboksyylihappo eli dikarboksyylihappo, joka on normaaliolosuhteissa olomuodoltaan kiinte\u00e4\u00e4, hajutonta, v\u00e4rit\u00f6nt\u00e4, kiteist\u00e4 jauhetta.","twitter_image":"https:\/\/masterchem.ee\/wp-content\/uploads\/2022\/03\/Adipiinhape-25kg-MasterChem.jpg","schema":{"@context":"https:\/\/schema.org","@graph":[{"@type":"WebPage","@id":"https:\/\/masterchem.ee\/fi\/tooted-ja-teenused\/adypin-acid-cas-124-04-9\/","url":"https:\/\/masterchem.ee\/fi\/tooted-ja-teenused\/adypin-acid-cas-124-04-9\/","name":"Adypin Acid (CAS 124-04-9) - Chemistry For Industry - Solvents &amp; Chemicals - Masterchem.ee","isPartOf":{"@id":"https:\/\/masterchem.ee\/fi\/#website"},"primaryImageOfPage":{"@id":"https:\/\/masterchem.ee\/fi\/tooted-ja-teenused\/adypin-acid-cas-124-04-9\/#primaryimage"},"image":{"@id":"https:\/\/masterchem.ee\/fi\/tooted-ja-teenused\/adypin-acid-cas-124-04-9\/#primaryimage"},"thumbnailUrl":"https:\/\/masterchem.ee\/wp-content\/uploads\/2022\/03\/Adipiinhape-25kg-MasterChem.jpg","datePublished":"2022-03-24T10:04:21+00:00","dateModified":"2022-03-24T10:14:13+00:00","description":"Adipiinihappo on kaksi\u00adem\u00e4ksinen karboksyylihappo eli dikarboksyylihappo, joka on normaaliolosuhteissa olomuodoltaan kiinte\u00e4\u00e4, hajutonta, v\u00e4rit\u00f6nt\u00e4, kiteist\u00e4 jauhetta.","breadcrumb":{"@id":"https:\/\/masterchem.ee\/fi\/tooted-ja-teenused\/adypin-acid-cas-124-04-9\/#breadcrumb"},"inLanguage":"fi","potentialAction":[{"@type":"ReadAction","target":["https:\/\/masterchem.ee\/fi\/tooted-ja-teenused\/adypin-acid-cas-124-04-9\/"]}]},{"@type":"ImageObject","inLanguage":"fi","@id":"https:\/\/masterchem.ee\/fi\/tooted-ja-teenused\/adypin-acid-cas-124-04-9\/#primaryimage","url":"https:\/\/masterchem.ee\/wp-content\/uploads\/2022\/03\/Adipiinhape-25kg-MasterChem.jpg","contentUrl":"https:\/\/masterchem.ee\/wp-content\/uploads\/2022\/03\/Adipiinhape-25kg-MasterChem.jpg","width":1000,"height":1000,"caption":"Steariinihappo (CAS 67701-03-5) 25kg MasterChem"},{"@type":"BreadcrumbList","@id":"https:\/\/masterchem.ee\/fi\/tooted-ja-teenused\/adypin-acid-cas-124-04-9\/#breadcrumb","itemListElement":[{"@type":"ListItem","position":1,"name":"Home","item":"https:\/\/masterchem.ee\/fi\/"},{"@type":"ListItem","position":2,"name":"Tooted ja teenused","item":"https:\/\/masterchem.ee\/tooted-ja-teenused\/"},{"@type":"ListItem","position":3,"name":"Adypin Acid (CAS 124-04-9)"}]},{"@type":"WebSite","@id":"https:\/\/masterchem.ee\/fi\/#website","url":"https:\/\/masterchem.ee\/fi\/","name":"Masterchem.ee","description":"Chemistry For Industry - Solvents &amp; Chemicals","publisher":{"@id":"https:\/\/masterchem.ee\/fi\/#organization"},"potentialAction":[{"@type":"SearchAction","target":{"@type":"EntryPoint","urlTemplate":"https:\/\/masterchem.ee\/fi\/?s={search_term_string}"},"query-input":{"@type":"PropertyValueSpecification","valueRequired":true,"valueName":"search_term_string"}}],"inLanguage":"fi"},{"@type":"Organization","@id":"https:\/\/masterchem.ee\/fi\/#organization","name":"Masterchem","url":"https:\/\/masterchem.ee\/fi\/","logo":{"@type":"ImageObject","inLanguage":"fi","@id":"https:\/\/masterchem.ee\/fi\/#\/schema\/logo\/image\/","url":"https:\/\/masterchem.ee\/wp-content\/uploads\/2018\/02\/master-chem_final-1.png","contentUrl":"https:\/\/masterchem.ee\/wp-content\/uploads\/2018\/02\/master-chem_final-1.png","width":850,"height":356,"caption":"Masterchem"},"image":{"@id":"https:\/\/masterchem.ee\/fi\/#\/schema\/logo\/image\/"}}]}},"_links":{"self":[{"href":"https:\/\/masterchem.ee\/fi\/wp-json\/wp\/v2\/product\/18530","targetHints":{"allow":["GET"]}}],"collection":[{"href":"https:\/\/masterchem.ee\/fi\/wp-json\/wp\/v2\/product"}],"about":[{"href":"https:\/\/masterchem.ee\/fi\/wp-json\/wp\/v2\/types\/product"}],"wp:featuredmedia":[{"embeddable":true,"href":"https:\/\/masterchem.ee\/fi\/wp-json\/wp\/v2\/media\/18536"}],"wp:attachment":[{"href":"https:\/\/masterchem.ee\/fi\/wp-json\/wp\/v2\/media?parent=18530"}],"wp:term":[{"taxonomy":"product_brand","embeddable":true,"href":"https:\/\/masterchem.ee\/fi\/wp-json\/wp\/v2\/product_brand?post=18530"},{"taxonomy":"product_cat","embeddable":true,"href":"https:\/\/masterchem.ee\/fi\/wp-json\/wp\/v2\/product_cat?post=18530"},{"taxonomy":"product_tag","embeddable":true,"href":"https:\/\/masterchem.ee\/fi\/wp-json\/wp\/v2\/product_tag?post=18530"}],"curies":[{"name":"wp","href":"https:\/\/api.w.org\/{rel}","templated":true}]}}