{"id":18377,"date":"2022-03-22T08:18:17","date_gmt":"2022-03-22T08:19:17","guid":{"rendered":"https:\/\/masterchem.ee\/?post_type=product&#038;p=18377"},"modified":"2022-03-22T08:41:56","modified_gmt":"2022-03-22T08:41:56","slug":"kaliumkarbonaatti-cas-584-08-7","status":"publish","type":"product","link":"https:\/\/masterchem.ee\/fi\/tooted-ja-teenused\/kaliumkarbonaatti-cas-584-08-7\/","title":{"rendered":"Kaliumkarbonaatti (CAS 584-08-7)"},"content":{"rendered":"<p> <strong> Info<\/strong> <\/p>\n<p>Teollisuus: lasi ja keramiikka, puutarhanhoito<br \/>\nCAS: 584-08-7<br \/>\nWE: 209-529-3<br \/>\nKemiallinen kaava: K2CO3<br \/>\nMolekyylimassa: 138,21 g\/mol<br \/>\nTullitariffikoodi: 28364000<\/p>\n<p><strong>Muut fyysiset ominaisuudet<\/strong><\/p>\n<p>pH: 11,5 \u2013 12,5 (50 g\/l H2O, 25\u00b0C)<br \/>\nSulamis-\/j\u00e4\u00e4tymispiste: 891\u00b0C<br \/>\nSuhteellinen tiheys: 2270 \u2013 2430 kg\/m3<br \/>\nLiukoisuus veteen: 110 g\/l (20\u00b0C)<\/p>\n","protected":false},"excerpt":{"rendered":"<p><strong>Kaliumkarbonaatti (CAS 584-08-7)<\/strong><\/p>\n<p>Kaliumkarbonaatti, K2CO3, on kaliumin hiilihapon kanssa muodostama suola. Potaska on kaliumkarbonaatista yleisesti k\u00e4ytetty nimitys. Se on natriumkarbonaatin eli soodan kanssa analoginen suola, jossa kationina on natriumin sijaan toinen alkalimetalli, kalium.<\/p>\n<p>Kaliumkarbonaattia on k\u00e4ytetty lasin ja suovan raaka-aineena sek\u00e4 lannoitteena muinaisesta Egyptist\u00e4 ja Roomasta alkaen. Sit\u00e4 k\u00e4ytet\u00e4\u00e4n toisinaan my\u00f6s ruoan valmistuksessa. Niinp\u00e4 esimerkiksi H\u00e4meess\u00e4 ja Satakunnassa koivuntuhkasta saatua potaskaa on perinteisesti k\u00e4ytetty lipe\u00e4kalan valmistukseen.<\/p>\n","protected":false},"featured_media":18383,"template":"","meta":[],"product_brand":[],"product_cat":[180,298,351],"product_tag":[],"class_list":{"0":"post-18377","1":"product","2":"type-product","3":"status-publish","4":"has-post-thumbnail","6":"product_cat-uncategorized-fi-2","7":"product_cat-lasi-ja-keramiikka","8":"product_cat-puutarhanhoito","10":"first","11":"instock","12":"taxable","13":"shipping-taxable","14":"purchasable","15":"product-type-variable","16":"has-default-attributes"},"yoast_head":"<!-- This site is optimized with the Yoast SEO plugin v26.2 - https:\/\/yoast.com\/wordpress\/plugins\/seo\/ -->\n<title>Kaliumkarbonaatti (CAS 584-08-7) - Chemistry For Industry - Solvents &amp; Chemicals - Masterchem.ee<\/title>\n<meta name=\"description\" content=\"Kaliumkarbonaatti, K2CO3, on kaliumin hiilihapon kanssa muodostama suola. Potaska on kaliumkarbonaatista yleisesti k\u00e4ytetty nimitys.\" \/>\n<meta name=\"robots\" content=\"index, follow, max-snippet:-1, max-image-preview:large, max-video-preview:-1\" \/>\n<link rel=\"canonical\" href=\"https:\/\/masterchem.ee\/fi\/tooted-ja-teenused\/kaliumkarbonaatti-cas-584-08-7\/\" \/>\n<meta name=\"twitter:card\" content=\"summary_large_image\" \/>\n<meta name=\"twitter:title\" content=\"Kaliumkarbonaatti (CAS 584-08-7) - Chemistry For Industry - Solvents &amp; Chemicals - Masterchem.ee\" \/>\n<meta name=\"twitter:description\" content=\"Kaliumkarbonaatti, K2CO3, on kaliumin hiilihapon kanssa muodostama suola. Potaska on kaliumkarbonaatista yleisesti k\u00e4ytetty nimitys.\" \/>\n<meta name=\"twitter:image\" content=\"https:\/\/masterchem.ee\/wp-content\/uploads\/2022\/03\/Kaaliumkarbonaat-25kg-MasterChem.jpg\" \/>\n<script type=\"application\/ld+json\" class=\"yoast-schema-graph\">{\"@context\":\"https:\/\/schema.org\",\"@graph\":[{\"@type\":\"WebPage\",\"@id\":\"https:\/\/masterchem.ee\/fi\/tooted-ja-teenused\/kaliumkarbonaatti-cas-584-08-7\/\",\"url\":\"https:\/\/masterchem.ee\/fi\/tooted-ja-teenused\/kaliumkarbonaatti-cas-584-08-7\/\",\"name\":\"Kaliumkarbonaatti (CAS 584-08-7) - Chemistry For Industry - Solvents &amp; Chemicals - Masterchem.ee\",\"isPartOf\":{\"@id\":\"https:\/\/masterchem.ee\/fi\/#website\"},\"primaryImageOfPage\":{\"@id\":\"https:\/\/masterchem.ee\/fi\/tooted-ja-teenused\/kaliumkarbonaatti-cas-584-08-7\/#primaryimage\"},\"image\":{\"@id\":\"https:\/\/masterchem.ee\/fi\/tooted-ja-teenused\/kaliumkarbonaatti-cas-584-08-7\/#primaryimage\"},\"thumbnailUrl\":\"https:\/\/masterchem.ee\/wp-content\/uploads\/2022\/03\/Kaaliumkarbonaat-25kg-MasterChem.jpg\",\"datePublished\":\"2022-03-22T08:19:17+00:00\",\"dateModified\":\"2022-03-22T08:41:56+00:00\",\"description\":\"Kaliumkarbonaatti, K2CO3, on kaliumin hiilihapon kanssa muodostama suola. Potaska on kaliumkarbonaatista yleisesti k\u00e4ytetty nimitys.\",\"breadcrumb\":{\"@id\":\"https:\/\/masterchem.ee\/fi\/tooted-ja-teenused\/kaliumkarbonaatti-cas-584-08-7\/#breadcrumb\"},\"inLanguage\":\"fi\",\"potentialAction\":[{\"@type\":\"ReadAction\",\"target\":[\"https:\/\/masterchem.ee\/fi\/tooted-ja-teenused\/kaliumkarbonaatti-cas-584-08-7\/\"]}]},{\"@type\":\"ImageObject\",\"inLanguage\":\"fi\",\"@id\":\"https:\/\/masterchem.ee\/fi\/tooted-ja-teenused\/kaliumkarbonaatti-cas-584-08-7\/#primaryimage\",\"url\":\"https:\/\/masterchem.ee\/wp-content\/uploads\/2022\/03\/Kaaliumkarbonaat-25kg-MasterChem.jpg\",\"contentUrl\":\"https:\/\/masterchem.ee\/wp-content\/uploads\/2022\/03\/Kaaliumkarbonaat-25kg-MasterChem.jpg\",\"width\":1000,\"height\":1000,\"caption\":\"Kaliumkarbonaatti (CAS 584-08-7) 25kg MasterChem\"},{\"@type\":\"BreadcrumbList\",\"@id\":\"https:\/\/masterchem.ee\/fi\/tooted-ja-teenused\/kaliumkarbonaatti-cas-584-08-7\/#breadcrumb\",\"itemListElement\":[{\"@type\":\"ListItem\",\"position\":1,\"name\":\"Home\",\"item\":\"https:\/\/masterchem.ee\/fi\/\"},{\"@type\":\"ListItem\",\"position\":2,\"name\":\"Tooted ja teenused\",\"item\":\"https:\/\/masterchem.ee\/tooted-ja-teenused\/\"},{\"@type\":\"ListItem\",\"position\":3,\"name\":\"Kaliumkarbonaatti (CAS 584-08-7)\"}]},{\"@type\":\"WebSite\",\"@id\":\"https:\/\/masterchem.ee\/fi\/#website\",\"url\":\"https:\/\/masterchem.ee\/fi\/\",\"name\":\"Masterchem.ee\",\"description\":\"Chemistry For Industry - Solvents &amp; Chemicals\",\"publisher\":{\"@id\":\"https:\/\/masterchem.ee\/fi\/#organization\"},\"potentialAction\":[{\"@type\":\"SearchAction\",\"target\":{\"@type\":\"EntryPoint\",\"urlTemplate\":\"https:\/\/masterchem.ee\/fi\/?s={search_term_string}\"},\"query-input\":{\"@type\":\"PropertyValueSpecification\",\"valueRequired\":true,\"valueName\":\"search_term_string\"}}],\"inLanguage\":\"fi\"},{\"@type\":\"Organization\",\"@id\":\"https:\/\/masterchem.ee\/fi\/#organization\",\"name\":\"Masterchem\",\"url\":\"https:\/\/masterchem.ee\/fi\/\",\"logo\":{\"@type\":\"ImageObject\",\"inLanguage\":\"fi\",\"@id\":\"https:\/\/masterchem.ee\/fi\/#\/schema\/logo\/image\/\",\"url\":\"https:\/\/masterchem.ee\/wp-content\/uploads\/2018\/02\/master-chem_final-1.png\",\"contentUrl\":\"https:\/\/masterchem.ee\/wp-content\/uploads\/2018\/02\/master-chem_final-1.png\",\"width\":850,\"height\":356,\"caption\":\"Masterchem\"},\"image\":{\"@id\":\"https:\/\/masterchem.ee\/fi\/#\/schema\/logo\/image\/\"}}]}<\/script>\n<!-- \/ Yoast SEO plugin. -->","yoast_head_json":{"title":"Kaliumkarbonaatti (CAS 584-08-7) - Chemistry For Industry - Solvents &amp; Chemicals - Masterchem.ee","description":"Kaliumkarbonaatti, K2CO3, on kaliumin hiilihapon kanssa muodostama suola. Potaska on kaliumkarbonaatista yleisesti k\u00e4ytetty nimitys.","robots":{"index":"index","follow":"follow","max-snippet":"max-snippet:-1","max-image-preview":"max-image-preview:large","max-video-preview":"max-video-preview:-1"},"canonical":"https:\/\/masterchem.ee\/fi\/tooted-ja-teenused\/kaliumkarbonaatti-cas-584-08-7\/","twitter_card":"summary_large_image","twitter_title":"Kaliumkarbonaatti (CAS 584-08-7) - Chemistry For Industry - Solvents &amp; Chemicals - Masterchem.ee","twitter_description":"Kaliumkarbonaatti, K2CO3, on kaliumin hiilihapon kanssa muodostama suola. Potaska on kaliumkarbonaatista yleisesti k\u00e4ytetty nimitys.","twitter_image":"https:\/\/masterchem.ee\/wp-content\/uploads\/2022\/03\/Kaaliumkarbonaat-25kg-MasterChem.jpg","schema":{"@context":"https:\/\/schema.org","@graph":[{"@type":"WebPage","@id":"https:\/\/masterchem.ee\/fi\/tooted-ja-teenused\/kaliumkarbonaatti-cas-584-08-7\/","url":"https:\/\/masterchem.ee\/fi\/tooted-ja-teenused\/kaliumkarbonaatti-cas-584-08-7\/","name":"Kaliumkarbonaatti (CAS 584-08-7) - Chemistry For Industry - Solvents &amp; Chemicals - Masterchem.ee","isPartOf":{"@id":"https:\/\/masterchem.ee\/fi\/#website"},"primaryImageOfPage":{"@id":"https:\/\/masterchem.ee\/fi\/tooted-ja-teenused\/kaliumkarbonaatti-cas-584-08-7\/#primaryimage"},"image":{"@id":"https:\/\/masterchem.ee\/fi\/tooted-ja-teenused\/kaliumkarbonaatti-cas-584-08-7\/#primaryimage"},"thumbnailUrl":"https:\/\/masterchem.ee\/wp-content\/uploads\/2022\/03\/Kaaliumkarbonaat-25kg-MasterChem.jpg","datePublished":"2022-03-22T08:19:17+00:00","dateModified":"2022-03-22T08:41:56+00:00","description":"Kaliumkarbonaatti, K2CO3, on kaliumin hiilihapon kanssa muodostama suola. Potaska on kaliumkarbonaatista yleisesti k\u00e4ytetty nimitys.","breadcrumb":{"@id":"https:\/\/masterchem.ee\/fi\/tooted-ja-teenused\/kaliumkarbonaatti-cas-584-08-7\/#breadcrumb"},"inLanguage":"fi","potentialAction":[{"@type":"ReadAction","target":["https:\/\/masterchem.ee\/fi\/tooted-ja-teenused\/kaliumkarbonaatti-cas-584-08-7\/"]}]},{"@type":"ImageObject","inLanguage":"fi","@id":"https:\/\/masterchem.ee\/fi\/tooted-ja-teenused\/kaliumkarbonaatti-cas-584-08-7\/#primaryimage","url":"https:\/\/masterchem.ee\/wp-content\/uploads\/2022\/03\/Kaaliumkarbonaat-25kg-MasterChem.jpg","contentUrl":"https:\/\/masterchem.ee\/wp-content\/uploads\/2022\/03\/Kaaliumkarbonaat-25kg-MasterChem.jpg","width":1000,"height":1000,"caption":"Kaliumkarbonaatti (CAS 584-08-7) 25kg MasterChem"},{"@type":"BreadcrumbList","@id":"https:\/\/masterchem.ee\/fi\/tooted-ja-teenused\/kaliumkarbonaatti-cas-584-08-7\/#breadcrumb","itemListElement":[{"@type":"ListItem","position":1,"name":"Home","item":"https:\/\/masterchem.ee\/fi\/"},{"@type":"ListItem","position":2,"name":"Tooted ja teenused","item":"https:\/\/masterchem.ee\/tooted-ja-teenused\/"},{"@type":"ListItem","position":3,"name":"Kaliumkarbonaatti (CAS 584-08-7)"}]},{"@type":"WebSite","@id":"https:\/\/masterchem.ee\/fi\/#website","url":"https:\/\/masterchem.ee\/fi\/","name":"Masterchem.ee","description":"Chemistry For Industry - Solvents &amp; Chemicals","publisher":{"@id":"https:\/\/masterchem.ee\/fi\/#organization"},"potentialAction":[{"@type":"SearchAction","target":{"@type":"EntryPoint","urlTemplate":"https:\/\/masterchem.ee\/fi\/?s={search_term_string}"},"query-input":{"@type":"PropertyValueSpecification","valueRequired":true,"valueName":"search_term_string"}}],"inLanguage":"fi"},{"@type":"Organization","@id":"https:\/\/masterchem.ee\/fi\/#organization","name":"Masterchem","url":"https:\/\/masterchem.ee\/fi\/","logo":{"@type":"ImageObject","inLanguage":"fi","@id":"https:\/\/masterchem.ee\/fi\/#\/schema\/logo\/image\/","url":"https:\/\/masterchem.ee\/wp-content\/uploads\/2018\/02\/master-chem_final-1.png","contentUrl":"https:\/\/masterchem.ee\/wp-content\/uploads\/2018\/02\/master-chem_final-1.png","width":850,"height":356,"caption":"Masterchem"},"image":{"@id":"https:\/\/masterchem.ee\/fi\/#\/schema\/logo\/image\/"}}]}},"_links":{"self":[{"href":"https:\/\/masterchem.ee\/fi\/wp-json\/wp\/v2\/product\/18377","targetHints":{"allow":["GET"]}}],"collection":[{"href":"https:\/\/masterchem.ee\/fi\/wp-json\/wp\/v2\/product"}],"about":[{"href":"https:\/\/masterchem.ee\/fi\/wp-json\/wp\/v2\/types\/product"}],"wp:featuredmedia":[{"embeddable":true,"href":"https:\/\/masterchem.ee\/fi\/wp-json\/wp\/v2\/media\/18383"}],"wp:attachment":[{"href":"https:\/\/masterchem.ee\/fi\/wp-json\/wp\/v2\/media?parent=18377"}],"wp:term":[{"taxonomy":"product_brand","embeddable":true,"href":"https:\/\/masterchem.ee\/fi\/wp-json\/wp\/v2\/product_brand?post=18377"},{"taxonomy":"product_cat","embeddable":true,"href":"https:\/\/masterchem.ee\/fi\/wp-json\/wp\/v2\/product_cat?post=18377"},{"taxonomy":"product_tag","embeddable":true,"href":"https:\/\/masterchem.ee\/fi\/wp-json\/wp\/v2\/product_tag?post=18377"}],"curies":[{"name":"wp","href":"https:\/\/api.w.org\/{rel}","templated":true}]}}