{"id":18214,"date":"2022-03-10T08:12:47","date_gmt":"2022-03-10T08:13:32","guid":{"rendered":"https:\/\/masterchem.ee\/?post_type=product&#038;p=18214"},"modified":"2022-03-10T09:02:22","modified_gmt":"2022-03-10T09:02:22","slug":"litiumkarbonaatti-cas-554-13-2","status":"publish","type":"product","link":"https:\/\/masterchem.ee\/fi\/tooted-ja-teenused\/litiumkarbonaatti-cas-554-13-2\/","title":{"rendered":"Litiumkarbonaatti (CAS 554-13-2)"},"content":{"rendered":"<p> <strong> Info<\/strong> <\/p>\n<p>Teollisuus: Rakennuskemia<br \/>\nCAS-numero: 554-13-2<br \/>\nWE-numero: 209-062-5<br \/>\nKemiallinen kaava: Li2CO3<br \/>\nMolekyylimassa: 73,89 g\/mol<br \/>\nTullitariffikoodi: 28369100<\/p>\n<p><strong>Muut fyysiset ominaisuudet<\/strong><\/p>\n<p>Sulamis-\/j\u00e4\u00e4tymispiste: 720\u00b0C<br \/>\nSuhteellinen tiheys: 2,1 g\/cm3 (20\u00b0C)<br \/>\nLiukoisuus veteen: 8,4 g\/l (20\u00b0C)<\/p>\n","protected":false},"excerpt":{"rendered":"<p><strong>Litiumkarbonaatti (CAS 554-13-2)<\/strong><\/p>\n<p>Litiumkarbonaatti on ep\u00e4orgaaninen yhdiste, karbonaatin litiumsuola, jonka kaava on Li2CO3. T\u00e4t\u00e4 valkoista suolaa k\u00e4ytet\u00e4\u00e4n laajasti metallioksidien k\u00e4sittelyss\u00e4. Se on lueteltu Maailman terveysj\u00e4rjest\u00f6n v\u00e4ltt\u00e4m\u00e4tt\u00f6mien l\u00e4\u00e4kkeiden luettelossa, koska sit\u00e4 voidaan k\u00e4ytt\u00e4\u00e4 mielialah\u00e4iri\u00f6iden, kuten kaksisuuntaisen mielialah\u00e4iri\u00f6n, hoitoon.<\/p>\n<p>Litiumkarbonaatti on t\u00e4rke\u00e4 teollisuuskemikaali. Sen p\u00e4\u00e4asiallinen k\u00e4ytt\u00f6 on litiumioniakuissa k\u00e4ytett\u00e4vien yhdisteiden esiaste. Litiumkarbonaatista valmistetut lasit ovat hy\u00f6dyllisi\u00e4 uuniastioissa. Litiumkarbonaatti on yleinen ainesosa sek\u00e4 matala- ett\u00e4 korkeapaloisessa keraamisessa lasitteessa. Se muodostaa matalassa l\u00e4mp\u00f6tilassa sulavia sulatteita piidioksidin ja muiden materiaalien kanssa. Sen em\u00e4ksiset ominaisuudet edist\u00e4v\u00e4t metallioksidiv\u00e4riaineiden, erityisesti punaisen rautaoksidin (Fe2O3) tilan muuttamista lasitteessa. Sementti kovettuu nopeammin, kun se valmistetaan litiumkarbonaatilla, ja se on hy\u00f6dyllinen laattaliimoissa. Alumiinitrifluoridiin lis\u00e4ttyn\u00e4 se muodostaa LiF:\u00e4\u00e4, joka antaa erinomaisen elektrolyytin alumiinin k\u00e4sittelyyn.<\/p>\n","protected":false},"featured_media":18220,"template":"","meta":[],"product_brand":[],"product_cat":[180,114],"product_tag":[],"class_list":{"0":"post-18214","1":"product","2":"type-product","3":"status-publish","4":"has-post-thumbnail","6":"product_cat-uncategorized-fi-2","7":"product_cat-rakennusteollisuus","9":"first","10":"instock","11":"taxable","12":"shipping-taxable","13":"purchasable","14":"product-type-variable","15":"has-default-attributes"},"yoast_head":"<!-- This site is optimized with the Yoast SEO plugin v26.2 - https:\/\/yoast.com\/wordpress\/plugins\/seo\/ -->\n<title>Litiumkarbonaatti (CAS 554-13-2) - Chemistry For Industry - Solvents &amp; Chemicals - Masterchem.ee<\/title>\n<meta name=\"description\" content=\"Litiumkarbonaatti on ep\u00e4orgaaninen yhdiste, karbonaatin litiumsuola, jonka kaava on Li2CO3. T\u00e4t\u00e4 valkoista suolaa k\u00e4ytet\u00e4\u00e4n laajasti metallioksidien k\u00e4sittelyss\u00e4.\" \/>\n<meta name=\"robots\" content=\"index, follow, max-snippet:-1, max-image-preview:large, max-video-preview:-1\" \/>\n<link rel=\"canonical\" href=\"https:\/\/masterchem.ee\/fi\/tooted-ja-teenused\/litiumkarbonaatti-cas-554-13-2\/\" \/>\n<meta name=\"twitter:card\" content=\"summary_large_image\" \/>\n<meta name=\"twitter:title\" content=\"Litiumkarbonaatti (CAS 554-13-2) - Chemistry For Industry - Solvents &amp; Chemicals - Masterchem.ee\" \/>\n<meta name=\"twitter:description\" content=\"Litiumkarbonaatti on ep\u00e4orgaaninen yhdiste, karbonaatin litiumsuola, jonka kaava on Li2CO3. T\u00e4t\u00e4 valkoista suolaa k\u00e4ytet\u00e4\u00e4n laajasti metallioksidien k\u00e4sittelyss\u00e4.\" \/>\n<meta name=\"twitter:image\" content=\"https:\/\/masterchem.ee\/wp-content\/uploads\/2022\/03\/Liitiumkarbonaat-25kg-MasterChem.jpg\" \/>\n<script type=\"application\/ld+json\" class=\"yoast-schema-graph\">{\"@context\":\"https:\/\/schema.org\",\"@graph\":[{\"@type\":\"WebPage\",\"@id\":\"https:\/\/masterchem.ee\/fi\/tooted-ja-teenused\/litiumkarbonaatti-cas-554-13-2\/\",\"url\":\"https:\/\/masterchem.ee\/fi\/tooted-ja-teenused\/litiumkarbonaatti-cas-554-13-2\/\",\"name\":\"Litiumkarbonaatti (CAS 554-13-2) - Chemistry For Industry - Solvents &amp; Chemicals - Masterchem.ee\",\"isPartOf\":{\"@id\":\"https:\/\/masterchem.ee\/fi\/#website\"},\"primaryImageOfPage\":{\"@id\":\"https:\/\/masterchem.ee\/fi\/tooted-ja-teenused\/litiumkarbonaatti-cas-554-13-2\/#primaryimage\"},\"image\":{\"@id\":\"https:\/\/masterchem.ee\/fi\/tooted-ja-teenused\/litiumkarbonaatti-cas-554-13-2\/#primaryimage\"},\"thumbnailUrl\":\"https:\/\/masterchem.ee\/wp-content\/uploads\/2022\/03\/Liitiumkarbonaat-25kg-MasterChem.jpg\",\"datePublished\":\"2022-03-10T08:13:32+00:00\",\"dateModified\":\"2022-03-10T09:02:22+00:00\",\"description\":\"Litiumkarbonaatti on ep\u00e4orgaaninen yhdiste, karbonaatin litiumsuola, jonka kaava on Li2CO3. T\u00e4t\u00e4 valkoista suolaa k\u00e4ytet\u00e4\u00e4n laajasti metallioksidien k\u00e4sittelyss\u00e4.\",\"breadcrumb\":{\"@id\":\"https:\/\/masterchem.ee\/fi\/tooted-ja-teenused\/litiumkarbonaatti-cas-554-13-2\/#breadcrumb\"},\"inLanguage\":\"fi\",\"potentialAction\":[{\"@type\":\"ReadAction\",\"target\":[\"https:\/\/masterchem.ee\/fi\/tooted-ja-teenused\/litiumkarbonaatti-cas-554-13-2\/\"]}]},{\"@type\":\"ImageObject\",\"inLanguage\":\"fi\",\"@id\":\"https:\/\/masterchem.ee\/fi\/tooted-ja-teenused\/litiumkarbonaatti-cas-554-13-2\/#primaryimage\",\"url\":\"https:\/\/masterchem.ee\/wp-content\/uploads\/2022\/03\/Liitiumkarbonaat-25kg-MasterChem.jpg\",\"contentUrl\":\"https:\/\/masterchem.ee\/wp-content\/uploads\/2022\/03\/Liitiumkarbonaat-25kg-MasterChem.jpg\",\"width\":1000,\"height\":1000,\"caption\":\"Litiumkarbonaatti (CAS 554-13-2) 25kg MasterChem\"},{\"@type\":\"BreadcrumbList\",\"@id\":\"https:\/\/masterchem.ee\/fi\/tooted-ja-teenused\/litiumkarbonaatti-cas-554-13-2\/#breadcrumb\",\"itemListElement\":[{\"@type\":\"ListItem\",\"position\":1,\"name\":\"Home\",\"item\":\"https:\/\/masterchem.ee\/fi\/\"},{\"@type\":\"ListItem\",\"position\":2,\"name\":\"Tooted ja teenused\",\"item\":\"https:\/\/masterchem.ee\/tooted-ja-teenused\/\"},{\"@type\":\"ListItem\",\"position\":3,\"name\":\"Litiumkarbonaatti (CAS 554-13-2)\"}]},{\"@type\":\"WebSite\",\"@id\":\"https:\/\/masterchem.ee\/fi\/#website\",\"url\":\"https:\/\/masterchem.ee\/fi\/\",\"name\":\"Masterchem.ee\",\"description\":\"Chemistry For Industry - Solvents &amp; Chemicals\",\"publisher\":{\"@id\":\"https:\/\/masterchem.ee\/fi\/#organization\"},\"potentialAction\":[{\"@type\":\"SearchAction\",\"target\":{\"@type\":\"EntryPoint\",\"urlTemplate\":\"https:\/\/masterchem.ee\/fi\/?s={search_term_string}\"},\"query-input\":{\"@type\":\"PropertyValueSpecification\",\"valueRequired\":true,\"valueName\":\"search_term_string\"}}],\"inLanguage\":\"fi\"},{\"@type\":\"Organization\",\"@id\":\"https:\/\/masterchem.ee\/fi\/#organization\",\"name\":\"Masterchem\",\"url\":\"https:\/\/masterchem.ee\/fi\/\",\"logo\":{\"@type\":\"ImageObject\",\"inLanguage\":\"fi\",\"@id\":\"https:\/\/masterchem.ee\/fi\/#\/schema\/logo\/image\/\",\"url\":\"https:\/\/masterchem.ee\/wp-content\/uploads\/2018\/02\/master-chem_final-1.png\",\"contentUrl\":\"https:\/\/masterchem.ee\/wp-content\/uploads\/2018\/02\/master-chem_final-1.png\",\"width\":850,\"height\":356,\"caption\":\"Masterchem\"},\"image\":{\"@id\":\"https:\/\/masterchem.ee\/fi\/#\/schema\/logo\/image\/\"}}]}<\/script>\n<!-- \/ Yoast SEO plugin. -->","yoast_head_json":{"title":"Litiumkarbonaatti (CAS 554-13-2) - Chemistry For Industry - Solvents &amp; Chemicals - Masterchem.ee","description":"Litiumkarbonaatti on ep\u00e4orgaaninen yhdiste, karbonaatin litiumsuola, jonka kaava on Li2CO3. T\u00e4t\u00e4 valkoista suolaa k\u00e4ytet\u00e4\u00e4n laajasti metallioksidien k\u00e4sittelyss\u00e4.","robots":{"index":"index","follow":"follow","max-snippet":"max-snippet:-1","max-image-preview":"max-image-preview:large","max-video-preview":"max-video-preview:-1"},"canonical":"https:\/\/masterchem.ee\/fi\/tooted-ja-teenused\/litiumkarbonaatti-cas-554-13-2\/","twitter_card":"summary_large_image","twitter_title":"Litiumkarbonaatti (CAS 554-13-2) - Chemistry For Industry - Solvents &amp; Chemicals - Masterchem.ee","twitter_description":"Litiumkarbonaatti on ep\u00e4orgaaninen yhdiste, karbonaatin litiumsuola, jonka kaava on Li2CO3. T\u00e4t\u00e4 valkoista suolaa k\u00e4ytet\u00e4\u00e4n laajasti metallioksidien k\u00e4sittelyss\u00e4.","twitter_image":"https:\/\/masterchem.ee\/wp-content\/uploads\/2022\/03\/Liitiumkarbonaat-25kg-MasterChem.jpg","schema":{"@context":"https:\/\/schema.org","@graph":[{"@type":"WebPage","@id":"https:\/\/masterchem.ee\/fi\/tooted-ja-teenused\/litiumkarbonaatti-cas-554-13-2\/","url":"https:\/\/masterchem.ee\/fi\/tooted-ja-teenused\/litiumkarbonaatti-cas-554-13-2\/","name":"Litiumkarbonaatti (CAS 554-13-2) - Chemistry For Industry - Solvents &amp; Chemicals - Masterchem.ee","isPartOf":{"@id":"https:\/\/masterchem.ee\/fi\/#website"},"primaryImageOfPage":{"@id":"https:\/\/masterchem.ee\/fi\/tooted-ja-teenused\/litiumkarbonaatti-cas-554-13-2\/#primaryimage"},"image":{"@id":"https:\/\/masterchem.ee\/fi\/tooted-ja-teenused\/litiumkarbonaatti-cas-554-13-2\/#primaryimage"},"thumbnailUrl":"https:\/\/masterchem.ee\/wp-content\/uploads\/2022\/03\/Liitiumkarbonaat-25kg-MasterChem.jpg","datePublished":"2022-03-10T08:13:32+00:00","dateModified":"2022-03-10T09:02:22+00:00","description":"Litiumkarbonaatti on ep\u00e4orgaaninen yhdiste, karbonaatin litiumsuola, jonka kaava on Li2CO3. T\u00e4t\u00e4 valkoista suolaa k\u00e4ytet\u00e4\u00e4n laajasti metallioksidien k\u00e4sittelyss\u00e4.","breadcrumb":{"@id":"https:\/\/masterchem.ee\/fi\/tooted-ja-teenused\/litiumkarbonaatti-cas-554-13-2\/#breadcrumb"},"inLanguage":"fi","potentialAction":[{"@type":"ReadAction","target":["https:\/\/masterchem.ee\/fi\/tooted-ja-teenused\/litiumkarbonaatti-cas-554-13-2\/"]}]},{"@type":"ImageObject","inLanguage":"fi","@id":"https:\/\/masterchem.ee\/fi\/tooted-ja-teenused\/litiumkarbonaatti-cas-554-13-2\/#primaryimage","url":"https:\/\/masterchem.ee\/wp-content\/uploads\/2022\/03\/Liitiumkarbonaat-25kg-MasterChem.jpg","contentUrl":"https:\/\/masterchem.ee\/wp-content\/uploads\/2022\/03\/Liitiumkarbonaat-25kg-MasterChem.jpg","width":1000,"height":1000,"caption":"Litiumkarbonaatti (CAS 554-13-2) 25kg MasterChem"},{"@type":"BreadcrumbList","@id":"https:\/\/masterchem.ee\/fi\/tooted-ja-teenused\/litiumkarbonaatti-cas-554-13-2\/#breadcrumb","itemListElement":[{"@type":"ListItem","position":1,"name":"Home","item":"https:\/\/masterchem.ee\/fi\/"},{"@type":"ListItem","position":2,"name":"Tooted ja teenused","item":"https:\/\/masterchem.ee\/tooted-ja-teenused\/"},{"@type":"ListItem","position":3,"name":"Litiumkarbonaatti (CAS 554-13-2)"}]},{"@type":"WebSite","@id":"https:\/\/masterchem.ee\/fi\/#website","url":"https:\/\/masterchem.ee\/fi\/","name":"Masterchem.ee","description":"Chemistry For Industry - Solvents &amp; Chemicals","publisher":{"@id":"https:\/\/masterchem.ee\/fi\/#organization"},"potentialAction":[{"@type":"SearchAction","target":{"@type":"EntryPoint","urlTemplate":"https:\/\/masterchem.ee\/fi\/?s={search_term_string}"},"query-input":{"@type":"PropertyValueSpecification","valueRequired":true,"valueName":"search_term_string"}}],"inLanguage":"fi"},{"@type":"Organization","@id":"https:\/\/masterchem.ee\/fi\/#organization","name":"Masterchem","url":"https:\/\/masterchem.ee\/fi\/","logo":{"@type":"ImageObject","inLanguage":"fi","@id":"https:\/\/masterchem.ee\/fi\/#\/schema\/logo\/image\/","url":"https:\/\/masterchem.ee\/wp-content\/uploads\/2018\/02\/master-chem_final-1.png","contentUrl":"https:\/\/masterchem.ee\/wp-content\/uploads\/2018\/02\/master-chem_final-1.png","width":850,"height":356,"caption":"Masterchem"},"image":{"@id":"https:\/\/masterchem.ee\/fi\/#\/schema\/logo\/image\/"}}]}},"_links":{"self":[{"href":"https:\/\/masterchem.ee\/fi\/wp-json\/wp\/v2\/product\/18214","targetHints":{"allow":["GET"]}}],"collection":[{"href":"https:\/\/masterchem.ee\/fi\/wp-json\/wp\/v2\/product"}],"about":[{"href":"https:\/\/masterchem.ee\/fi\/wp-json\/wp\/v2\/types\/product"}],"wp:featuredmedia":[{"embeddable":true,"href":"https:\/\/masterchem.ee\/fi\/wp-json\/wp\/v2\/media\/18220"}],"wp:attachment":[{"href":"https:\/\/masterchem.ee\/fi\/wp-json\/wp\/v2\/media?parent=18214"}],"wp:term":[{"taxonomy":"product_brand","embeddable":true,"href":"https:\/\/masterchem.ee\/fi\/wp-json\/wp\/v2\/product_brand?post=18214"},{"taxonomy":"product_cat","embeddable":true,"href":"https:\/\/masterchem.ee\/fi\/wp-json\/wp\/v2\/product_cat?post=18214"},{"taxonomy":"product_tag","embeddable":true,"href":"https:\/\/masterchem.ee\/fi\/wp-json\/wp\/v2\/product_tag?post=18214"}],"curies":[{"name":"wp","href":"https:\/\/api.w.org\/{rel}","templated":true}]}}