{"id":18113,"date":"2022-03-02T18:48:57","date_gmt":"2022-03-02T18:49:02","guid":{"rendered":"https:\/\/masterchem.ee\/?post_type=product&#038;p=18113"},"modified":"2022-03-02T19:06:53","modified_gmt":"2022-03-02T19:06:53","slug":"triasetiini-cas-102-76-1","status":"publish","type":"product","link":"https:\/\/masterchem.ee\/fi\/tooted-ja-teenused\/triasetiini-cas-102-76-1\/","title":{"rendered":"Triasetiini (CAS 102-76-1)"},"content":{"rendered":"<p> <strong> Info<\/strong> <\/p>\n<p>Teollisuus: elintarviketeollisuus<br \/>\nCAS-numero: 102-76-1<br \/>\nWE-numero: 203-051-9<br \/>\nKemiallinen kaava: C9H14O6<br \/>\nMolekyylimassa: 218,23 g\/mol<br \/>\nTullitariffikoodi: 29153900<\/p>\n<p><strong>Fysikaaliset ominaisuudet<\/strong><br \/>\nSulamis-\/j\u00e4\u00e4tymispiste: -78\u00b0C<br \/>\nKiehumispiste\/alue: 258\u00b0C<br \/>\nSuhteellinen tiheys: 1,16 g\/cm3 (20\u00b0C )<br \/>\nLiukoisuus veteen: 58 g\/l (25\u00b0C )<\/p>\n","protected":false},"excerpt":{"rendered":"<p><strong>Triasetiini (CAS 102-76-1)<\/strong><\/p>\n<p>Triasetiini on orgaaninen yhdiste, jonka kaava on C3H5(OCOCH3)3. Se luokitellaan triglyseridiksi, eli glyserolin triesteriksi. Se on v\u00e4rit\u00f6n, viskoosi ja hajuton neste, jolla on korkea kiehumispiste ja alhainen sulamispiste. Sen maku on mieto, makea alle 500 ppm:n pitoisuuksina, mutta se voi n\u00e4ytt\u00e4\u00e4 kitker\u00e4lt\u00e4 suuremmilla pitoisuuksilla. Se on yksi glyseriiniasetaattiyhdisteist\u00e4.<\/p>\n<p>Triasetiini on yleinen elintarvikelis\u00e4aine esimerkiksi aromien liuottimena ja sen kosteuttaja, jonka E-numero E1518 ja Australian hyv\u00e4ksynt\u00e4koodi A1518. Sit\u00e4 k\u00e4ytet\u00e4\u00e4n apuaineena farmaseuttisissa tuotteissa, joissa sit\u00e4 k\u00e4ytet\u00e4\u00e4n kosteuttavana aineena, pehmittimen\u00e4 ja liuottimena.<\/p>\n","protected":false},"featured_media":18119,"template":"","meta":[],"product_brand":[],"product_cat":[180,307],"product_tag":[],"class_list":{"0":"post-18113","1":"product","2":"type-product","3":"status-publish","4":"has-post-thumbnail","6":"product_cat-uncategorized-fi-2","7":"product_cat-ruokateollisuus","9":"first","10":"instock","11":"taxable","12":"shipping-taxable","13":"purchasable","14":"product-type-variable","15":"has-default-attributes"},"yoast_head":"<!-- This site is optimized with the Yoast SEO plugin v26.2 - https:\/\/yoast.com\/wordpress\/plugins\/seo\/ -->\n<title>Triasetiini (CAS 102-76-1) - Chemistry For Industry - Solvents &amp; Chemicals - Masterchem.ee<\/title>\n<meta name=\"description\" content=\"Triasetiini on orgaaninen yhdiste, jonka kaava on C3H5(OCOCH3)3. Se luokitellaan triglyseridiksi, eli glyserolin triesteriksi.\" \/>\n<meta name=\"robots\" content=\"index, follow, max-snippet:-1, max-image-preview:large, max-video-preview:-1\" \/>\n<link rel=\"canonical\" href=\"https:\/\/masterchem.ee\/fi\/tooted-ja-teenused\/triasetiini-cas-102-76-1\/\" \/>\n<meta name=\"twitter:card\" content=\"summary_large_image\" \/>\n<meta name=\"twitter:title\" content=\"Triasetiini (CAS 102-76-1) - Chemistry For Industry - Solvents &amp; Chemicals - Masterchem.ee\" \/>\n<meta name=\"twitter:description\" content=\"Triasetiini on orgaaninen yhdiste, jonka kaava on C3H5(OCOCH3)3. Se luokitellaan triglyseridiksi, eli glyserolin triesteriksi.\" \/>\n<meta name=\"twitter:image\" content=\"https:\/\/masterchem.ee\/wp-content\/uploads\/2022\/03\/Triatsetiin-25kg-MasterChem.jpg\" \/>\n<script type=\"application\/ld+json\" class=\"yoast-schema-graph\">{\"@context\":\"https:\/\/schema.org\",\"@graph\":[{\"@type\":\"WebPage\",\"@id\":\"https:\/\/masterchem.ee\/fi\/tooted-ja-teenused\/triasetiini-cas-102-76-1\/\",\"url\":\"https:\/\/masterchem.ee\/fi\/tooted-ja-teenused\/triasetiini-cas-102-76-1\/\",\"name\":\"Triasetiini (CAS 102-76-1) - Chemistry For Industry - Solvents &amp; Chemicals - Masterchem.ee\",\"isPartOf\":{\"@id\":\"https:\/\/masterchem.ee\/fi\/#website\"},\"primaryImageOfPage\":{\"@id\":\"https:\/\/masterchem.ee\/fi\/tooted-ja-teenused\/triasetiini-cas-102-76-1\/#primaryimage\"},\"image\":{\"@id\":\"https:\/\/masterchem.ee\/fi\/tooted-ja-teenused\/triasetiini-cas-102-76-1\/#primaryimage\"},\"thumbnailUrl\":\"https:\/\/masterchem.ee\/wp-content\/uploads\/2022\/03\/Triatsetiin-25kg-MasterChem.jpg\",\"datePublished\":\"2022-03-02T18:49:02+00:00\",\"dateModified\":\"2022-03-02T19:06:53+00:00\",\"description\":\"Triasetiini on orgaaninen yhdiste, jonka kaava on C3H5(OCOCH3)3. Se luokitellaan triglyseridiksi, eli glyserolin triesteriksi.\",\"breadcrumb\":{\"@id\":\"https:\/\/masterchem.ee\/fi\/tooted-ja-teenused\/triasetiini-cas-102-76-1\/#breadcrumb\"},\"inLanguage\":\"fi\",\"potentialAction\":[{\"@type\":\"ReadAction\",\"target\":[\"https:\/\/masterchem.ee\/fi\/tooted-ja-teenused\/triasetiini-cas-102-76-1\/\"]}]},{\"@type\":\"ImageObject\",\"inLanguage\":\"fi\",\"@id\":\"https:\/\/masterchem.ee\/fi\/tooted-ja-teenused\/triasetiini-cas-102-76-1\/#primaryimage\",\"url\":\"https:\/\/masterchem.ee\/wp-content\/uploads\/2022\/03\/Triatsetiin-25kg-MasterChem.jpg\",\"contentUrl\":\"https:\/\/masterchem.ee\/wp-content\/uploads\/2022\/03\/Triatsetiin-25kg-MasterChem.jpg\",\"width\":1000,\"height\":1000,\"caption\":\"Triasetiini (CAS 102-76-1) 25kg MasterChem\"},{\"@type\":\"BreadcrumbList\",\"@id\":\"https:\/\/masterchem.ee\/fi\/tooted-ja-teenused\/triasetiini-cas-102-76-1\/#breadcrumb\",\"itemListElement\":[{\"@type\":\"ListItem\",\"position\":1,\"name\":\"Home\",\"item\":\"https:\/\/masterchem.ee\/fi\/\"},{\"@type\":\"ListItem\",\"position\":2,\"name\":\"Tooted ja teenused\",\"item\":\"https:\/\/masterchem.ee\/tooted-ja-teenused\/\"},{\"@type\":\"ListItem\",\"position\":3,\"name\":\"Triasetiini (CAS 102-76-1)\"}]},{\"@type\":\"WebSite\",\"@id\":\"https:\/\/masterchem.ee\/fi\/#website\",\"url\":\"https:\/\/masterchem.ee\/fi\/\",\"name\":\"Masterchem.ee\",\"description\":\"Chemistry For Industry - Solvents &amp; Chemicals\",\"publisher\":{\"@id\":\"https:\/\/masterchem.ee\/fi\/#organization\"},\"potentialAction\":[{\"@type\":\"SearchAction\",\"target\":{\"@type\":\"EntryPoint\",\"urlTemplate\":\"https:\/\/masterchem.ee\/fi\/?s={search_term_string}\"},\"query-input\":{\"@type\":\"PropertyValueSpecification\",\"valueRequired\":true,\"valueName\":\"search_term_string\"}}],\"inLanguage\":\"fi\"},{\"@type\":\"Organization\",\"@id\":\"https:\/\/masterchem.ee\/fi\/#organization\",\"name\":\"Masterchem\",\"url\":\"https:\/\/masterchem.ee\/fi\/\",\"logo\":{\"@type\":\"ImageObject\",\"inLanguage\":\"fi\",\"@id\":\"https:\/\/masterchem.ee\/fi\/#\/schema\/logo\/image\/\",\"url\":\"https:\/\/masterchem.ee\/wp-content\/uploads\/2018\/02\/master-chem_final-1.png\",\"contentUrl\":\"https:\/\/masterchem.ee\/wp-content\/uploads\/2018\/02\/master-chem_final-1.png\",\"width\":850,\"height\":356,\"caption\":\"Masterchem\"},\"image\":{\"@id\":\"https:\/\/masterchem.ee\/fi\/#\/schema\/logo\/image\/\"}}]}<\/script>\n<!-- \/ Yoast SEO plugin. -->","yoast_head_json":{"title":"Triasetiini (CAS 102-76-1) - Chemistry For Industry - Solvents &amp; Chemicals - Masterchem.ee","description":"Triasetiini on orgaaninen yhdiste, jonka kaava on C3H5(OCOCH3)3. Se luokitellaan triglyseridiksi, eli glyserolin triesteriksi.","robots":{"index":"index","follow":"follow","max-snippet":"max-snippet:-1","max-image-preview":"max-image-preview:large","max-video-preview":"max-video-preview:-1"},"canonical":"https:\/\/masterchem.ee\/fi\/tooted-ja-teenused\/triasetiini-cas-102-76-1\/","twitter_card":"summary_large_image","twitter_title":"Triasetiini (CAS 102-76-1) - Chemistry For Industry - Solvents &amp; Chemicals - Masterchem.ee","twitter_description":"Triasetiini on orgaaninen yhdiste, jonka kaava on C3H5(OCOCH3)3. Se luokitellaan triglyseridiksi, eli glyserolin triesteriksi.","twitter_image":"https:\/\/masterchem.ee\/wp-content\/uploads\/2022\/03\/Triatsetiin-25kg-MasterChem.jpg","schema":{"@context":"https:\/\/schema.org","@graph":[{"@type":"WebPage","@id":"https:\/\/masterchem.ee\/fi\/tooted-ja-teenused\/triasetiini-cas-102-76-1\/","url":"https:\/\/masterchem.ee\/fi\/tooted-ja-teenused\/triasetiini-cas-102-76-1\/","name":"Triasetiini (CAS 102-76-1) - Chemistry For Industry - Solvents &amp; Chemicals - Masterchem.ee","isPartOf":{"@id":"https:\/\/masterchem.ee\/fi\/#website"},"primaryImageOfPage":{"@id":"https:\/\/masterchem.ee\/fi\/tooted-ja-teenused\/triasetiini-cas-102-76-1\/#primaryimage"},"image":{"@id":"https:\/\/masterchem.ee\/fi\/tooted-ja-teenused\/triasetiini-cas-102-76-1\/#primaryimage"},"thumbnailUrl":"https:\/\/masterchem.ee\/wp-content\/uploads\/2022\/03\/Triatsetiin-25kg-MasterChem.jpg","datePublished":"2022-03-02T18:49:02+00:00","dateModified":"2022-03-02T19:06:53+00:00","description":"Triasetiini on orgaaninen yhdiste, jonka kaava on C3H5(OCOCH3)3. Se luokitellaan triglyseridiksi, eli glyserolin triesteriksi.","breadcrumb":{"@id":"https:\/\/masterchem.ee\/fi\/tooted-ja-teenused\/triasetiini-cas-102-76-1\/#breadcrumb"},"inLanguage":"fi","potentialAction":[{"@type":"ReadAction","target":["https:\/\/masterchem.ee\/fi\/tooted-ja-teenused\/triasetiini-cas-102-76-1\/"]}]},{"@type":"ImageObject","inLanguage":"fi","@id":"https:\/\/masterchem.ee\/fi\/tooted-ja-teenused\/triasetiini-cas-102-76-1\/#primaryimage","url":"https:\/\/masterchem.ee\/wp-content\/uploads\/2022\/03\/Triatsetiin-25kg-MasterChem.jpg","contentUrl":"https:\/\/masterchem.ee\/wp-content\/uploads\/2022\/03\/Triatsetiin-25kg-MasterChem.jpg","width":1000,"height":1000,"caption":"Triasetiini (CAS 102-76-1) 25kg MasterChem"},{"@type":"BreadcrumbList","@id":"https:\/\/masterchem.ee\/fi\/tooted-ja-teenused\/triasetiini-cas-102-76-1\/#breadcrumb","itemListElement":[{"@type":"ListItem","position":1,"name":"Home","item":"https:\/\/masterchem.ee\/fi\/"},{"@type":"ListItem","position":2,"name":"Tooted ja teenused","item":"https:\/\/masterchem.ee\/tooted-ja-teenused\/"},{"@type":"ListItem","position":3,"name":"Triasetiini (CAS 102-76-1)"}]},{"@type":"WebSite","@id":"https:\/\/masterchem.ee\/fi\/#website","url":"https:\/\/masterchem.ee\/fi\/","name":"Masterchem.ee","description":"Chemistry For Industry - Solvents &amp; Chemicals","publisher":{"@id":"https:\/\/masterchem.ee\/fi\/#organization"},"potentialAction":[{"@type":"SearchAction","target":{"@type":"EntryPoint","urlTemplate":"https:\/\/masterchem.ee\/fi\/?s={search_term_string}"},"query-input":{"@type":"PropertyValueSpecification","valueRequired":true,"valueName":"search_term_string"}}],"inLanguage":"fi"},{"@type":"Organization","@id":"https:\/\/masterchem.ee\/fi\/#organization","name":"Masterchem","url":"https:\/\/masterchem.ee\/fi\/","logo":{"@type":"ImageObject","inLanguage":"fi","@id":"https:\/\/masterchem.ee\/fi\/#\/schema\/logo\/image\/","url":"https:\/\/masterchem.ee\/wp-content\/uploads\/2018\/02\/master-chem_final-1.png","contentUrl":"https:\/\/masterchem.ee\/wp-content\/uploads\/2018\/02\/master-chem_final-1.png","width":850,"height":356,"caption":"Masterchem"},"image":{"@id":"https:\/\/masterchem.ee\/fi\/#\/schema\/logo\/image\/"}}]}},"_links":{"self":[{"href":"https:\/\/masterchem.ee\/fi\/wp-json\/wp\/v2\/product\/18113","targetHints":{"allow":["GET"]}}],"collection":[{"href":"https:\/\/masterchem.ee\/fi\/wp-json\/wp\/v2\/product"}],"about":[{"href":"https:\/\/masterchem.ee\/fi\/wp-json\/wp\/v2\/types\/product"}],"wp:featuredmedia":[{"embeddable":true,"href":"https:\/\/masterchem.ee\/fi\/wp-json\/wp\/v2\/media\/18119"}],"wp:attachment":[{"href":"https:\/\/masterchem.ee\/fi\/wp-json\/wp\/v2\/media?parent=18113"}],"wp:term":[{"taxonomy":"product_brand","embeddable":true,"href":"https:\/\/masterchem.ee\/fi\/wp-json\/wp\/v2\/product_brand?post=18113"},{"taxonomy":"product_cat","embeddable":true,"href":"https:\/\/masterchem.ee\/fi\/wp-json\/wp\/v2\/product_cat?post=18113"},{"taxonomy":"product_tag","embeddable":true,"href":"https:\/\/masterchem.ee\/fi\/wp-json\/wp\/v2\/product_tag?post=18113"}],"curies":[{"name":"wp","href":"https:\/\/api.w.org\/{rel}","templated":true}]}}