{"id":18070,"date":"2022-02-27T18:28:02","date_gmt":"2022-02-27T18:28:06","guid":{"rendered":"https:\/\/masterchem.ee\/?post_type=product&#038;p=18070"},"modified":"2022-02-27T18:37:26","modified_gmt":"2022-02-27T18:37:26","slug":"natriumsitraatti-cas-6132-04-3","status":"publish","type":"product","link":"https:\/\/masterchem.ee\/fi\/tooted-ja-teenused\/natriumsitraatti-cas-6132-04-3\/","title":{"rendered":"Natriumsitraatti (CAS 6132-04-3)"},"content":{"rendered":"<p> <strong> Info<\/strong> <\/p>\n<p>Teollisuus: elintarviketeollisuus<br \/>\nCAS-numero: 6132-04-3<br \/>\nWE-numero: 200-675-3<br \/>\nKemiallinen kaava: C6H5Na3O7\u20222 H2O<br \/>\nMolekyylimassa: 249,1 g\/mol<br \/>\nTullitariffikoodi: 29181500<\/p>\n<p><strong>Fysikaaliset ominaisuudet<\/strong><br \/>\npH: 7,5 \u2013 9 (50 g\/l H2O w 25\u00b0C)<br \/>\nSulamis-\/j\u00e4\u00e4tymispiste: 150\u00b0C<br \/>\nLiukoisuus veteen: 425 g\/l (20\u00b0C)<\/p>\n","protected":false},"excerpt":{"rendered":"<p><strong>Natriumsitraatti (CAS 6132-04-3)<\/strong><\/p>\n<p>Natriumsitraatteja k\u00e4ytet\u00e4\u00e4n ruokien ja juomien happamuudens\u00e4\u00e4t\u00f6aineina sek\u00e4 \u00f6ljyjen emulgointiaineina. Ne mahdollistavat juustojen sulamisen ilman, ett\u00e4 ne muuttuvat rasvaisiksi. Se v\u00e4hent\u00e4\u00e4 my\u00f6s ruoan happamuutta.<\/p>\n<p>Natriumsitraattia k\u00e4ytet\u00e4\u00e4n est\u00e4m\u00e4\u00e4n luovutetun veren hyytymist\u00e4 varastoinnissa. Sit\u00e4 k\u00e4ytet\u00e4\u00e4n my\u00f6s laboratoriossa ennen leikkausta sen m\u00e4\u00e4ritt\u00e4miseen, onko henkil\u00f6n veri liian paksua ja voiko se aiheuttaa veritulpan tai onko veri liian ohutta turvalliseen leikkaukseen. Natriumsitraattia k\u00e4ytet\u00e4\u00e4n l\u00e4\u00e4ketieteellisiss\u00e4 yhteyksiss\u00e4 alkalisoivana aineena natriumbikarbonaatin sijasta ylim\u00e4\u00e4r\u00e4isen hapon neutraloimiseksi veress\u00e4 ja virtsassa. Sill\u00e4 on sovelluksia metabolisen asidoosin ja kroonisen munuaissairauden hoitoon.<\/p>\n","protected":false},"featured_media":18076,"template":"","meta":[],"product_brand":[],"product_cat":[180,307],"product_tag":[],"class_list":{"0":"post-18070","1":"product","2":"type-product","3":"status-publish","4":"has-post-thumbnail","6":"product_cat-uncategorized-fi-2","7":"product_cat-ruokateollisuus","9":"first","10":"instock","11":"taxable","12":"shipping-taxable","13":"purchasable","14":"product-type-variable","15":"has-default-attributes"},"yoast_head":"<!-- This site is optimized with the Yoast SEO plugin v26.2 - https:\/\/yoast.com\/wordpress\/plugins\/seo\/ -->\n<title>Natriumsitraatti (CAS 6132-04-3) - Chemistry For Industry - Solvents &amp; Chemicals - Masterchem.ee<\/title>\n<meta name=\"description\" content=\"Natriumsitraatteja k\u00e4ytet\u00e4\u00e4n ruokien ja juomien happamuudens\u00e4\u00e4t\u00f6aineina sek\u00e4 \u00f6ljyjen emulgointiaineina.\" \/>\n<meta name=\"robots\" content=\"index, follow, max-snippet:-1, max-image-preview:large, max-video-preview:-1\" \/>\n<link rel=\"canonical\" href=\"https:\/\/masterchem.ee\/fi\/tooted-ja-teenused\/natriumsitraatti-cas-6132-04-3\/\" \/>\n<meta name=\"twitter:card\" content=\"summary_large_image\" \/>\n<meta name=\"twitter:title\" content=\"Natriumsitraatti (CAS 6132-04-3) - Chemistry For Industry - Solvents &amp; Chemicals - Masterchem.ee\" \/>\n<meta name=\"twitter:description\" content=\"Natriumsitraatteja k\u00e4ytet\u00e4\u00e4n ruokien ja juomien happamuudens\u00e4\u00e4t\u00f6aineina sek\u00e4 \u00f6ljyjen emulgointiaineina.\" \/>\n<meta name=\"twitter:image\" content=\"https:\/\/masterchem.ee\/wp-content\/uploads\/2022\/02\/Naatriumtsitraat-25kg-MasterChem.jpg\" \/>\n<script type=\"application\/ld+json\" class=\"yoast-schema-graph\">{\"@context\":\"https:\/\/schema.org\",\"@graph\":[{\"@type\":\"WebPage\",\"@id\":\"https:\/\/masterchem.ee\/fi\/tooted-ja-teenused\/natriumsitraatti-cas-6132-04-3\/\",\"url\":\"https:\/\/masterchem.ee\/fi\/tooted-ja-teenused\/natriumsitraatti-cas-6132-04-3\/\",\"name\":\"Natriumsitraatti (CAS 6132-04-3) - Chemistry For Industry - Solvents &amp; Chemicals - Masterchem.ee\",\"isPartOf\":{\"@id\":\"https:\/\/masterchem.ee\/fi\/#website\"},\"primaryImageOfPage\":{\"@id\":\"https:\/\/masterchem.ee\/fi\/tooted-ja-teenused\/natriumsitraatti-cas-6132-04-3\/#primaryimage\"},\"image\":{\"@id\":\"https:\/\/masterchem.ee\/fi\/tooted-ja-teenused\/natriumsitraatti-cas-6132-04-3\/#primaryimage\"},\"thumbnailUrl\":\"https:\/\/masterchem.ee\/wp-content\/uploads\/2022\/02\/Naatriumtsitraat-25kg-MasterChem.jpg\",\"datePublished\":\"2022-02-27T18:28:06+00:00\",\"dateModified\":\"2022-02-27T18:37:26+00:00\",\"description\":\"Natriumsitraatteja k\u00e4ytet\u00e4\u00e4n ruokien ja juomien happamuudens\u00e4\u00e4t\u00f6aineina sek\u00e4 \u00f6ljyjen emulgointiaineina.\",\"breadcrumb\":{\"@id\":\"https:\/\/masterchem.ee\/fi\/tooted-ja-teenused\/natriumsitraatti-cas-6132-04-3\/#breadcrumb\"},\"inLanguage\":\"fi\",\"potentialAction\":[{\"@type\":\"ReadAction\",\"target\":[\"https:\/\/masterchem.ee\/fi\/tooted-ja-teenused\/natriumsitraatti-cas-6132-04-3\/\"]}]},{\"@type\":\"ImageObject\",\"inLanguage\":\"fi\",\"@id\":\"https:\/\/masterchem.ee\/fi\/tooted-ja-teenused\/natriumsitraatti-cas-6132-04-3\/#primaryimage\",\"url\":\"https:\/\/masterchem.ee\/wp-content\/uploads\/2022\/02\/Naatriumtsitraat-25kg-MasterChem.jpg\",\"contentUrl\":\"https:\/\/masterchem.ee\/wp-content\/uploads\/2022\/02\/Naatriumtsitraat-25kg-MasterChem.jpg\",\"width\":1000,\"height\":1000,\"caption\":\"Natriumsitraatti (CAS 6132-04-3) 25kg MasterChem\"},{\"@type\":\"BreadcrumbList\",\"@id\":\"https:\/\/masterchem.ee\/fi\/tooted-ja-teenused\/natriumsitraatti-cas-6132-04-3\/#breadcrumb\",\"itemListElement\":[{\"@type\":\"ListItem\",\"position\":1,\"name\":\"Home\",\"item\":\"https:\/\/masterchem.ee\/fi\/\"},{\"@type\":\"ListItem\",\"position\":2,\"name\":\"Tooted ja teenused\",\"item\":\"https:\/\/masterchem.ee\/tooted-ja-teenused\/\"},{\"@type\":\"ListItem\",\"position\":3,\"name\":\"Natriumsitraatti (CAS 6132-04-3)\"}]},{\"@type\":\"WebSite\",\"@id\":\"https:\/\/masterchem.ee\/fi\/#website\",\"url\":\"https:\/\/masterchem.ee\/fi\/\",\"name\":\"Masterchem.ee\",\"description\":\"Chemistry For Industry - Solvents &amp; Chemicals\",\"publisher\":{\"@id\":\"https:\/\/masterchem.ee\/fi\/#organization\"},\"potentialAction\":[{\"@type\":\"SearchAction\",\"target\":{\"@type\":\"EntryPoint\",\"urlTemplate\":\"https:\/\/masterchem.ee\/fi\/?s={search_term_string}\"},\"query-input\":{\"@type\":\"PropertyValueSpecification\",\"valueRequired\":true,\"valueName\":\"search_term_string\"}}],\"inLanguage\":\"fi\"},{\"@type\":\"Organization\",\"@id\":\"https:\/\/masterchem.ee\/fi\/#organization\",\"name\":\"Masterchem\",\"url\":\"https:\/\/masterchem.ee\/fi\/\",\"logo\":{\"@type\":\"ImageObject\",\"inLanguage\":\"fi\",\"@id\":\"https:\/\/masterchem.ee\/fi\/#\/schema\/logo\/image\/\",\"url\":\"https:\/\/masterchem.ee\/wp-content\/uploads\/2018\/02\/master-chem_final-1.png\",\"contentUrl\":\"https:\/\/masterchem.ee\/wp-content\/uploads\/2018\/02\/master-chem_final-1.png\",\"width\":850,\"height\":356,\"caption\":\"Masterchem\"},\"image\":{\"@id\":\"https:\/\/masterchem.ee\/fi\/#\/schema\/logo\/image\/\"}}]}<\/script>\n<!-- \/ Yoast SEO plugin. -->","yoast_head_json":{"title":"Natriumsitraatti (CAS 6132-04-3) - Chemistry For Industry - Solvents &amp; Chemicals - Masterchem.ee","description":"Natriumsitraatteja k\u00e4ytet\u00e4\u00e4n ruokien ja juomien happamuudens\u00e4\u00e4t\u00f6aineina sek\u00e4 \u00f6ljyjen emulgointiaineina.","robots":{"index":"index","follow":"follow","max-snippet":"max-snippet:-1","max-image-preview":"max-image-preview:large","max-video-preview":"max-video-preview:-1"},"canonical":"https:\/\/masterchem.ee\/fi\/tooted-ja-teenused\/natriumsitraatti-cas-6132-04-3\/","twitter_card":"summary_large_image","twitter_title":"Natriumsitraatti (CAS 6132-04-3) - Chemistry For Industry - Solvents &amp; Chemicals - Masterchem.ee","twitter_description":"Natriumsitraatteja k\u00e4ytet\u00e4\u00e4n ruokien ja juomien happamuudens\u00e4\u00e4t\u00f6aineina sek\u00e4 \u00f6ljyjen emulgointiaineina.","twitter_image":"https:\/\/masterchem.ee\/wp-content\/uploads\/2022\/02\/Naatriumtsitraat-25kg-MasterChem.jpg","schema":{"@context":"https:\/\/schema.org","@graph":[{"@type":"WebPage","@id":"https:\/\/masterchem.ee\/fi\/tooted-ja-teenused\/natriumsitraatti-cas-6132-04-3\/","url":"https:\/\/masterchem.ee\/fi\/tooted-ja-teenused\/natriumsitraatti-cas-6132-04-3\/","name":"Natriumsitraatti (CAS 6132-04-3) - Chemistry For Industry - Solvents &amp; Chemicals - Masterchem.ee","isPartOf":{"@id":"https:\/\/masterchem.ee\/fi\/#website"},"primaryImageOfPage":{"@id":"https:\/\/masterchem.ee\/fi\/tooted-ja-teenused\/natriumsitraatti-cas-6132-04-3\/#primaryimage"},"image":{"@id":"https:\/\/masterchem.ee\/fi\/tooted-ja-teenused\/natriumsitraatti-cas-6132-04-3\/#primaryimage"},"thumbnailUrl":"https:\/\/masterchem.ee\/wp-content\/uploads\/2022\/02\/Naatriumtsitraat-25kg-MasterChem.jpg","datePublished":"2022-02-27T18:28:06+00:00","dateModified":"2022-02-27T18:37:26+00:00","description":"Natriumsitraatteja k\u00e4ytet\u00e4\u00e4n ruokien ja juomien happamuudens\u00e4\u00e4t\u00f6aineina sek\u00e4 \u00f6ljyjen emulgointiaineina.","breadcrumb":{"@id":"https:\/\/masterchem.ee\/fi\/tooted-ja-teenused\/natriumsitraatti-cas-6132-04-3\/#breadcrumb"},"inLanguage":"fi","potentialAction":[{"@type":"ReadAction","target":["https:\/\/masterchem.ee\/fi\/tooted-ja-teenused\/natriumsitraatti-cas-6132-04-3\/"]}]},{"@type":"ImageObject","inLanguage":"fi","@id":"https:\/\/masterchem.ee\/fi\/tooted-ja-teenused\/natriumsitraatti-cas-6132-04-3\/#primaryimage","url":"https:\/\/masterchem.ee\/wp-content\/uploads\/2022\/02\/Naatriumtsitraat-25kg-MasterChem.jpg","contentUrl":"https:\/\/masterchem.ee\/wp-content\/uploads\/2022\/02\/Naatriumtsitraat-25kg-MasterChem.jpg","width":1000,"height":1000,"caption":"Natriumsitraatti (CAS 6132-04-3) 25kg MasterChem"},{"@type":"BreadcrumbList","@id":"https:\/\/masterchem.ee\/fi\/tooted-ja-teenused\/natriumsitraatti-cas-6132-04-3\/#breadcrumb","itemListElement":[{"@type":"ListItem","position":1,"name":"Home","item":"https:\/\/masterchem.ee\/fi\/"},{"@type":"ListItem","position":2,"name":"Tooted ja teenused","item":"https:\/\/masterchem.ee\/tooted-ja-teenused\/"},{"@type":"ListItem","position":3,"name":"Natriumsitraatti (CAS 6132-04-3)"}]},{"@type":"WebSite","@id":"https:\/\/masterchem.ee\/fi\/#website","url":"https:\/\/masterchem.ee\/fi\/","name":"Masterchem.ee","description":"Chemistry For Industry - Solvents &amp; Chemicals","publisher":{"@id":"https:\/\/masterchem.ee\/fi\/#organization"},"potentialAction":[{"@type":"SearchAction","target":{"@type":"EntryPoint","urlTemplate":"https:\/\/masterchem.ee\/fi\/?s={search_term_string}"},"query-input":{"@type":"PropertyValueSpecification","valueRequired":true,"valueName":"search_term_string"}}],"inLanguage":"fi"},{"@type":"Organization","@id":"https:\/\/masterchem.ee\/fi\/#organization","name":"Masterchem","url":"https:\/\/masterchem.ee\/fi\/","logo":{"@type":"ImageObject","inLanguage":"fi","@id":"https:\/\/masterchem.ee\/fi\/#\/schema\/logo\/image\/","url":"https:\/\/masterchem.ee\/wp-content\/uploads\/2018\/02\/master-chem_final-1.png","contentUrl":"https:\/\/masterchem.ee\/wp-content\/uploads\/2018\/02\/master-chem_final-1.png","width":850,"height":356,"caption":"Masterchem"},"image":{"@id":"https:\/\/masterchem.ee\/fi\/#\/schema\/logo\/image\/"}}]}},"_links":{"self":[{"href":"https:\/\/masterchem.ee\/fi\/wp-json\/wp\/v2\/product\/18070","targetHints":{"allow":["GET"]}}],"collection":[{"href":"https:\/\/masterchem.ee\/fi\/wp-json\/wp\/v2\/product"}],"about":[{"href":"https:\/\/masterchem.ee\/fi\/wp-json\/wp\/v2\/types\/product"}],"wp:featuredmedia":[{"embeddable":true,"href":"https:\/\/masterchem.ee\/fi\/wp-json\/wp\/v2\/media\/18076"}],"wp:attachment":[{"href":"https:\/\/masterchem.ee\/fi\/wp-json\/wp\/v2\/media?parent=18070"}],"wp:term":[{"taxonomy":"product_brand","embeddable":true,"href":"https:\/\/masterchem.ee\/fi\/wp-json\/wp\/v2\/product_brand?post=18070"},{"taxonomy":"product_cat","embeddable":true,"href":"https:\/\/masterchem.ee\/fi\/wp-json\/wp\/v2\/product_cat?post=18070"},{"taxonomy":"product_tag","embeddable":true,"href":"https:\/\/masterchem.ee\/fi\/wp-json\/wp\/v2\/product_tag?post=18070"}],"curies":[{"name":"wp","href":"https:\/\/api.w.org\/{rel}","templated":true}]}}