{"id":18010,"date":"2022-02-27T16:42:27","date_gmt":"2022-02-27T16:43:07","guid":{"rendered":"https:\/\/masterchem.ee\/?post_type=product&#038;p=18010"},"modified":"2022-02-27T16:51:36","modified_gmt":"2022-02-27T16:51:36","slug":"ammoniumhydrokarbonaatti-cas-1066-33-7","status":"publish","type":"product","link":"https:\/\/masterchem.ee\/fi\/tooted-ja-teenused\/ammoniumhydrokarbonaatti-cas-1066-33-7\/","title":{"rendered":"Ammoniumhydrokarbonaatti (CAS 1066-33-7)"},"content":{"rendered":"<p> <strong> Info<\/strong> <\/p>\n<p>Teollisuus: elintarviketeollisuus<br \/>\nCAS-numero: 1066-33-7<br \/>\nWE-numero: 213-911-5<br \/>\nKemiallinen kaava: NH4HCO3<br \/>\nMoolimassa: 79,06 g\/mol<br \/>\nTullitariffikoodi: 28369917<\/p>\n<p><strong>Fysikaaliset ominaisuudet<\/strong><br \/>\npH: 8,3 (100g\/l H2O w 20\u00b0C)<br \/>\nSuhteellinen tiheys: 1,58 g\/cm3<br \/>\nLiukoisuus veteen: 17,8 g\/l (20\u00b0C)<\/p>\n","protected":false},"excerpt":{"rendered":"<p><strong>Ammoniumhydrokarbonaatti (CAS 1066-33-7)<\/strong><\/p>\n<p>Ammoniumvetykarbonaatti eli ammoniumbikarbonaatti eli hiilihapon ammoniumsuola on yhdiste, jonka kemiallinen kaava on NH4HCO3. Sit\u00e4 k\u00e4ytet\u00e4\u00e4n kohotusaineena leivonnassa, muoviteollisuudessa ja lannoitteiden tuotannossa. Se on \u00e4rsytt\u00e4v\u00e4\u00e4 silmille, iholle ja hengityselimille.<\/p>\n","protected":false},"featured_media":18016,"template":"","meta":[],"product_brand":[],"product_cat":[180,307],"product_tag":[],"class_list":{"0":"post-18010","1":"product","2":"type-product","3":"status-publish","4":"has-post-thumbnail","6":"product_cat-uncategorized-fi-2","7":"product_cat-ruokateollisuus","9":"first","10":"instock","11":"taxable","12":"shipping-taxable","13":"purchasable","14":"product-type-variable","15":"has-default-attributes"},"yoast_head":"<!-- This site is optimized with the Yoast SEO plugin v26.2 - https:\/\/yoast.com\/wordpress\/plugins\/seo\/ -->\n<title>Ammoniumhydrokarbonaatti (CAS 1066-33-7) - Chemistry For Industry - Solvents &amp; Chemicals - Masterchem.ee<\/title>\n<meta name=\"description\" content=\"Ammoniumvetykarbonaatti eli ammoniumbikarbonaatti eli hiilihapon ammoniumsuola on yhdiste, jonka kemiallinen kaava on NH4HCO3.\" \/>\n<meta name=\"robots\" content=\"index, follow, max-snippet:-1, max-image-preview:large, max-video-preview:-1\" \/>\n<link rel=\"canonical\" href=\"https:\/\/masterchem.ee\/fi\/tooted-ja-teenused\/ammoniumhydrokarbonaatti-cas-1066-33-7\/\" \/>\n<meta name=\"twitter:card\" content=\"summary_large_image\" \/>\n<meta name=\"twitter:title\" content=\"Ammoniumhydrokarbonaatti (CAS 1066-33-7) - Chemistry For Industry - Solvents &amp; Chemicals - Masterchem.ee\" \/>\n<meta name=\"twitter:description\" content=\"Ammoniumvetykarbonaatti eli ammoniumbikarbonaatti eli hiilihapon ammoniumsuola on yhdiste, jonka kemiallinen kaava on NH4HCO3.\" \/>\n<meta name=\"twitter:image\" content=\"https:\/\/masterchem.ee\/wp-content\/uploads\/2022\/02\/Ammooniumvesinikkarbonaat-25kg-MasterChem.jpg\" \/>\n<script type=\"application\/ld+json\" class=\"yoast-schema-graph\">{\"@context\":\"https:\/\/schema.org\",\"@graph\":[{\"@type\":\"WebPage\",\"@id\":\"https:\/\/masterchem.ee\/fi\/tooted-ja-teenused\/ammoniumhydrokarbonaatti-cas-1066-33-7\/\",\"url\":\"https:\/\/masterchem.ee\/fi\/tooted-ja-teenused\/ammoniumhydrokarbonaatti-cas-1066-33-7\/\",\"name\":\"Ammoniumhydrokarbonaatti (CAS 1066-33-7) - Chemistry For Industry - Solvents &amp; Chemicals - Masterchem.ee\",\"isPartOf\":{\"@id\":\"https:\/\/masterchem.ee\/fi\/#website\"},\"primaryImageOfPage\":{\"@id\":\"https:\/\/masterchem.ee\/fi\/tooted-ja-teenused\/ammoniumhydrokarbonaatti-cas-1066-33-7\/#primaryimage\"},\"image\":{\"@id\":\"https:\/\/masterchem.ee\/fi\/tooted-ja-teenused\/ammoniumhydrokarbonaatti-cas-1066-33-7\/#primaryimage\"},\"thumbnailUrl\":\"https:\/\/masterchem.ee\/wp-content\/uploads\/2022\/02\/Ammooniumvesinikkarbonaat-25kg-MasterChem.jpg\",\"datePublished\":\"2022-02-27T16:43:07+00:00\",\"dateModified\":\"2022-02-27T16:51:36+00:00\",\"description\":\"Ammoniumvetykarbonaatti eli ammoniumbikarbonaatti eli hiilihapon ammoniumsuola on yhdiste, jonka kemiallinen kaava on NH4HCO3.\",\"breadcrumb\":{\"@id\":\"https:\/\/masterchem.ee\/fi\/tooted-ja-teenused\/ammoniumhydrokarbonaatti-cas-1066-33-7\/#breadcrumb\"},\"inLanguage\":\"fi\",\"potentialAction\":[{\"@type\":\"ReadAction\",\"target\":[\"https:\/\/masterchem.ee\/fi\/tooted-ja-teenused\/ammoniumhydrokarbonaatti-cas-1066-33-7\/\"]}]},{\"@type\":\"ImageObject\",\"inLanguage\":\"fi\",\"@id\":\"https:\/\/masterchem.ee\/fi\/tooted-ja-teenused\/ammoniumhydrokarbonaatti-cas-1066-33-7\/#primaryimage\",\"url\":\"https:\/\/masterchem.ee\/wp-content\/uploads\/2022\/02\/Ammooniumvesinikkarbonaat-25kg-MasterChem.jpg\",\"contentUrl\":\"https:\/\/masterchem.ee\/wp-content\/uploads\/2022\/02\/Ammooniumvesinikkarbonaat-25kg-MasterChem.jpg\",\"width\":1000,\"height\":1000,\"caption\":\"Ammoniumhydrokarbonaatti (CAS 1066-33-7) 25kg MasterChem\"},{\"@type\":\"BreadcrumbList\",\"@id\":\"https:\/\/masterchem.ee\/fi\/tooted-ja-teenused\/ammoniumhydrokarbonaatti-cas-1066-33-7\/#breadcrumb\",\"itemListElement\":[{\"@type\":\"ListItem\",\"position\":1,\"name\":\"Home\",\"item\":\"https:\/\/masterchem.ee\/fi\/\"},{\"@type\":\"ListItem\",\"position\":2,\"name\":\"Tooted ja teenused\",\"item\":\"https:\/\/masterchem.ee\/tooted-ja-teenused\/\"},{\"@type\":\"ListItem\",\"position\":3,\"name\":\"Ammoniumhydrokarbonaatti (CAS 1066-33-7)\"}]},{\"@type\":\"WebSite\",\"@id\":\"https:\/\/masterchem.ee\/fi\/#website\",\"url\":\"https:\/\/masterchem.ee\/fi\/\",\"name\":\"Masterchem.ee\",\"description\":\"Chemistry For Industry - Solvents &amp; Chemicals\",\"publisher\":{\"@id\":\"https:\/\/masterchem.ee\/fi\/#organization\"},\"potentialAction\":[{\"@type\":\"SearchAction\",\"target\":{\"@type\":\"EntryPoint\",\"urlTemplate\":\"https:\/\/masterchem.ee\/fi\/?s={search_term_string}\"},\"query-input\":{\"@type\":\"PropertyValueSpecification\",\"valueRequired\":true,\"valueName\":\"search_term_string\"}}],\"inLanguage\":\"fi\"},{\"@type\":\"Organization\",\"@id\":\"https:\/\/masterchem.ee\/fi\/#organization\",\"name\":\"Masterchem\",\"url\":\"https:\/\/masterchem.ee\/fi\/\",\"logo\":{\"@type\":\"ImageObject\",\"inLanguage\":\"fi\",\"@id\":\"https:\/\/masterchem.ee\/fi\/#\/schema\/logo\/image\/\",\"url\":\"https:\/\/masterchem.ee\/wp-content\/uploads\/2018\/02\/master-chem_final-1.png\",\"contentUrl\":\"https:\/\/masterchem.ee\/wp-content\/uploads\/2018\/02\/master-chem_final-1.png\",\"width\":850,\"height\":356,\"caption\":\"Masterchem\"},\"image\":{\"@id\":\"https:\/\/masterchem.ee\/fi\/#\/schema\/logo\/image\/\"}}]}<\/script>\n<!-- \/ Yoast SEO plugin. -->","yoast_head_json":{"title":"Ammoniumhydrokarbonaatti (CAS 1066-33-7) - Chemistry For Industry - Solvents &amp; Chemicals - Masterchem.ee","description":"Ammoniumvetykarbonaatti eli ammoniumbikarbonaatti eli hiilihapon ammoniumsuola on yhdiste, jonka kemiallinen kaava on NH4HCO3.","robots":{"index":"index","follow":"follow","max-snippet":"max-snippet:-1","max-image-preview":"max-image-preview:large","max-video-preview":"max-video-preview:-1"},"canonical":"https:\/\/masterchem.ee\/fi\/tooted-ja-teenused\/ammoniumhydrokarbonaatti-cas-1066-33-7\/","twitter_card":"summary_large_image","twitter_title":"Ammoniumhydrokarbonaatti (CAS 1066-33-7) - Chemistry For Industry - Solvents &amp; Chemicals - Masterchem.ee","twitter_description":"Ammoniumvetykarbonaatti eli ammoniumbikarbonaatti eli hiilihapon ammoniumsuola on yhdiste, jonka kemiallinen kaava on NH4HCO3.","twitter_image":"https:\/\/masterchem.ee\/wp-content\/uploads\/2022\/02\/Ammooniumvesinikkarbonaat-25kg-MasterChem.jpg","schema":{"@context":"https:\/\/schema.org","@graph":[{"@type":"WebPage","@id":"https:\/\/masterchem.ee\/fi\/tooted-ja-teenused\/ammoniumhydrokarbonaatti-cas-1066-33-7\/","url":"https:\/\/masterchem.ee\/fi\/tooted-ja-teenused\/ammoniumhydrokarbonaatti-cas-1066-33-7\/","name":"Ammoniumhydrokarbonaatti (CAS 1066-33-7) - Chemistry For Industry - Solvents &amp; Chemicals - Masterchem.ee","isPartOf":{"@id":"https:\/\/masterchem.ee\/fi\/#website"},"primaryImageOfPage":{"@id":"https:\/\/masterchem.ee\/fi\/tooted-ja-teenused\/ammoniumhydrokarbonaatti-cas-1066-33-7\/#primaryimage"},"image":{"@id":"https:\/\/masterchem.ee\/fi\/tooted-ja-teenused\/ammoniumhydrokarbonaatti-cas-1066-33-7\/#primaryimage"},"thumbnailUrl":"https:\/\/masterchem.ee\/wp-content\/uploads\/2022\/02\/Ammooniumvesinikkarbonaat-25kg-MasterChem.jpg","datePublished":"2022-02-27T16:43:07+00:00","dateModified":"2022-02-27T16:51:36+00:00","description":"Ammoniumvetykarbonaatti eli ammoniumbikarbonaatti eli hiilihapon ammoniumsuola on yhdiste, jonka kemiallinen kaava on NH4HCO3.","breadcrumb":{"@id":"https:\/\/masterchem.ee\/fi\/tooted-ja-teenused\/ammoniumhydrokarbonaatti-cas-1066-33-7\/#breadcrumb"},"inLanguage":"fi","potentialAction":[{"@type":"ReadAction","target":["https:\/\/masterchem.ee\/fi\/tooted-ja-teenused\/ammoniumhydrokarbonaatti-cas-1066-33-7\/"]}]},{"@type":"ImageObject","inLanguage":"fi","@id":"https:\/\/masterchem.ee\/fi\/tooted-ja-teenused\/ammoniumhydrokarbonaatti-cas-1066-33-7\/#primaryimage","url":"https:\/\/masterchem.ee\/wp-content\/uploads\/2022\/02\/Ammooniumvesinikkarbonaat-25kg-MasterChem.jpg","contentUrl":"https:\/\/masterchem.ee\/wp-content\/uploads\/2022\/02\/Ammooniumvesinikkarbonaat-25kg-MasterChem.jpg","width":1000,"height":1000,"caption":"Ammoniumhydrokarbonaatti (CAS 1066-33-7) 25kg MasterChem"},{"@type":"BreadcrumbList","@id":"https:\/\/masterchem.ee\/fi\/tooted-ja-teenused\/ammoniumhydrokarbonaatti-cas-1066-33-7\/#breadcrumb","itemListElement":[{"@type":"ListItem","position":1,"name":"Home","item":"https:\/\/masterchem.ee\/fi\/"},{"@type":"ListItem","position":2,"name":"Tooted ja teenused","item":"https:\/\/masterchem.ee\/tooted-ja-teenused\/"},{"@type":"ListItem","position":3,"name":"Ammoniumhydrokarbonaatti (CAS 1066-33-7)"}]},{"@type":"WebSite","@id":"https:\/\/masterchem.ee\/fi\/#website","url":"https:\/\/masterchem.ee\/fi\/","name":"Masterchem.ee","description":"Chemistry For Industry - Solvents &amp; Chemicals","publisher":{"@id":"https:\/\/masterchem.ee\/fi\/#organization"},"potentialAction":[{"@type":"SearchAction","target":{"@type":"EntryPoint","urlTemplate":"https:\/\/masterchem.ee\/fi\/?s={search_term_string}"},"query-input":{"@type":"PropertyValueSpecification","valueRequired":true,"valueName":"search_term_string"}}],"inLanguage":"fi"},{"@type":"Organization","@id":"https:\/\/masterchem.ee\/fi\/#organization","name":"Masterchem","url":"https:\/\/masterchem.ee\/fi\/","logo":{"@type":"ImageObject","inLanguage":"fi","@id":"https:\/\/masterchem.ee\/fi\/#\/schema\/logo\/image\/","url":"https:\/\/masterchem.ee\/wp-content\/uploads\/2018\/02\/master-chem_final-1.png","contentUrl":"https:\/\/masterchem.ee\/wp-content\/uploads\/2018\/02\/master-chem_final-1.png","width":850,"height":356,"caption":"Masterchem"},"image":{"@id":"https:\/\/masterchem.ee\/fi\/#\/schema\/logo\/image\/"}}]}},"_links":{"self":[{"href":"https:\/\/masterchem.ee\/fi\/wp-json\/wp\/v2\/product\/18010","targetHints":{"allow":["GET"]}}],"collection":[{"href":"https:\/\/masterchem.ee\/fi\/wp-json\/wp\/v2\/product"}],"about":[{"href":"https:\/\/masterchem.ee\/fi\/wp-json\/wp\/v2\/types\/product"}],"wp:featuredmedia":[{"embeddable":true,"href":"https:\/\/masterchem.ee\/fi\/wp-json\/wp\/v2\/media\/18016"}],"wp:attachment":[{"href":"https:\/\/masterchem.ee\/fi\/wp-json\/wp\/v2\/media?parent=18010"}],"wp:term":[{"taxonomy":"product_brand","embeddable":true,"href":"https:\/\/masterchem.ee\/fi\/wp-json\/wp\/v2\/product_brand?post=18010"},{"taxonomy":"product_cat","embeddable":true,"href":"https:\/\/masterchem.ee\/fi\/wp-json\/wp\/v2\/product_cat?post=18010"},{"taxonomy":"product_tag","embeddable":true,"href":"https:\/\/masterchem.ee\/fi\/wp-json\/wp\/v2\/product_tag?post=18010"}],"curies":[{"name":"wp","href":"https:\/\/api.w.org\/{rel}","templated":true}]}}