{"id":17819,"date":"2022-02-08T14:20:25","date_gmt":"2022-02-08T14:20:30","guid":{"rendered":"https:\/\/masterchem.ee\/?post_type=product&#038;p=17819"},"modified":"2022-02-08T14:27:13","modified_gmt":"2022-02-08T14:27:13","slug":"naatriumpolufosfaat-cas-10361-03-2","status":"publish","type":"product","link":"https:\/\/masterchem.ee\/fi\/tooted-ja-teenused\/naatriumpolufosfaat-cas-10361-03-2\/","title":{"rendered":"Naatriumpol\u00fcfosfaat (CAS 10361-03-2)"},"content":{"rendered":"<p> <strong> Info<\/strong> <\/p>\n<p>T\u00f6\u00f6stusharud: toiduainet\u00f6\u00f6stus<br \/>\nCAS number: 10361-03-2<br \/>\nWE number: 233-782-9<br \/>\nKeemiline valem: (NaPO3)N<\/p>\n","protected":false},"excerpt":{"rendered":"<p><strong>Naatriumpol\u00fcfosfaat (CAS 10361-03-2)<\/strong><\/p>\n<p>Naatriumfosfaat on \u00fcldnimetus mitmesuguste naatriumi (Na+) ja fosfaadi (PO43\u2212) soolade kohta. Fosfaat moodustab ka perekondi v\u00f5i kondenseeritud anioone, sealhulgas di-, tri-, tetra- ja pol\u00fcfosfaate. Enamik neist sooladest on tuntud nii veevaba (veevaba) kui ka h\u00fcdraatunud kujul. H\u00fcdraadid on tavalisemad kui veevabad vormid.<\/p>\n","protected":false},"featured_media":17825,"template":"","meta":[],"product_brand":[],"product_cat":[180,307],"product_tag":[],"class_list":{"0":"post-17819","1":"product","2":"type-product","3":"status-publish","4":"has-post-thumbnail","6":"product_cat-uncategorized-fi-2","7":"product_cat-ruokateollisuus","9":"first","10":"instock","11":"taxable","12":"shipping-taxable","13":"purchasable","14":"product-type-variable","15":"has-default-attributes"},"yoast_head":"<!-- This site is optimized with the Yoast SEO plugin v26.2 - https:\/\/yoast.com\/wordpress\/plugins\/seo\/ -->\n<title>Naatriumpol\u00fcfosfaat (CAS 10361-03-2) - Chemistry For Industry - Solvents &amp; Chemicals - Masterchem.ee<\/title>\n<meta name=\"description\" content=\"Naatriumfosfaat on \u00fcldnimetus mitmesuguste naatriumi (Na+) ja fosfaadi (PO43\u2212) soolade kohta.\" \/>\n<meta name=\"robots\" content=\"index, follow, max-snippet:-1, max-image-preview:large, max-video-preview:-1\" \/>\n<link rel=\"canonical\" href=\"https:\/\/masterchem.ee\/fi\/tooted-ja-teenused\/naatriumpolufosfaat-cas-10361-03-2\/\" \/>\n<meta name=\"twitter:card\" content=\"summary_large_image\" \/>\n<meta name=\"twitter:title\" content=\"Naatriumpol\u00fcfosfaat (CAS 10361-03-2) - Chemistry For Industry - Solvents &amp; Chemicals - Masterchem.ee\" \/>\n<meta name=\"twitter:description\" content=\"Naatriumfosfaat on \u00fcldnimetus mitmesuguste naatriumi (Na+) ja fosfaadi (PO43\u2212) soolade kohta.\" \/>\n<meta name=\"twitter:image\" content=\"https:\/\/masterchem.ee\/wp-content\/uploads\/2022\/02\/Naatriumpolufosfaat-25kg-MasterChem.jpg\" \/>\n<script type=\"application\/ld+json\" class=\"yoast-schema-graph\">{\"@context\":\"https:\/\/schema.org\",\"@graph\":[{\"@type\":\"WebPage\",\"@id\":\"https:\/\/masterchem.ee\/fi\/tooted-ja-teenused\/naatriumpolufosfaat-cas-10361-03-2\/\",\"url\":\"https:\/\/masterchem.ee\/fi\/tooted-ja-teenused\/naatriumpolufosfaat-cas-10361-03-2\/\",\"name\":\"Naatriumpol\u00fcfosfaat (CAS 10361-03-2) - Chemistry For Industry - Solvents &amp; Chemicals - Masterchem.ee\",\"isPartOf\":{\"@id\":\"https:\/\/masterchem.ee\/fi\/#website\"},\"primaryImageOfPage\":{\"@id\":\"https:\/\/masterchem.ee\/fi\/tooted-ja-teenused\/naatriumpolufosfaat-cas-10361-03-2\/#primaryimage\"},\"image\":{\"@id\":\"https:\/\/masterchem.ee\/fi\/tooted-ja-teenused\/naatriumpolufosfaat-cas-10361-03-2\/#primaryimage\"},\"thumbnailUrl\":\"https:\/\/masterchem.ee\/wp-content\/uploads\/2022\/02\/Naatriumpolufosfaat-25kg-MasterChem.jpg\",\"datePublished\":\"2022-02-08T14:20:30+00:00\",\"dateModified\":\"2022-02-08T14:27:13+00:00\",\"description\":\"Naatriumfosfaat on \u00fcldnimetus mitmesuguste naatriumi (Na+) ja fosfaadi (PO43\u2212) soolade kohta.\",\"breadcrumb\":{\"@id\":\"https:\/\/masterchem.ee\/fi\/tooted-ja-teenused\/naatriumpolufosfaat-cas-10361-03-2\/#breadcrumb\"},\"inLanguage\":\"fi\",\"potentialAction\":[{\"@type\":\"ReadAction\",\"target\":[\"https:\/\/masterchem.ee\/fi\/tooted-ja-teenused\/naatriumpolufosfaat-cas-10361-03-2\/\"]}]},{\"@type\":\"ImageObject\",\"inLanguage\":\"fi\",\"@id\":\"https:\/\/masterchem.ee\/fi\/tooted-ja-teenused\/naatriumpolufosfaat-cas-10361-03-2\/#primaryimage\",\"url\":\"https:\/\/masterchem.ee\/wp-content\/uploads\/2022\/02\/Naatriumpolufosfaat-25kg-MasterChem.jpg\",\"contentUrl\":\"https:\/\/masterchem.ee\/wp-content\/uploads\/2022\/02\/Naatriumpolufosfaat-25kg-MasterChem.jpg\",\"width\":1000,\"height\":1000,\"caption\":\"Naatriumpol\u00fcfosfaat (CAS 10361-03-2) 25kg-MasterChem\"},{\"@type\":\"BreadcrumbList\",\"@id\":\"https:\/\/masterchem.ee\/fi\/tooted-ja-teenused\/naatriumpolufosfaat-cas-10361-03-2\/#breadcrumb\",\"itemListElement\":[{\"@type\":\"ListItem\",\"position\":1,\"name\":\"Home\",\"item\":\"https:\/\/masterchem.ee\/fi\/\"},{\"@type\":\"ListItem\",\"position\":2,\"name\":\"Tooted ja teenused\",\"item\":\"https:\/\/masterchem.ee\/tooted-ja-teenused\/\"},{\"@type\":\"ListItem\",\"position\":3,\"name\":\"Naatriumpol\u00fcfosfaat (CAS 10361-03-2)\"}]},{\"@type\":\"WebSite\",\"@id\":\"https:\/\/masterchem.ee\/fi\/#website\",\"url\":\"https:\/\/masterchem.ee\/fi\/\",\"name\":\"Masterchem.ee\",\"description\":\"Chemistry For Industry - Solvents &amp; Chemicals\",\"publisher\":{\"@id\":\"https:\/\/masterchem.ee\/fi\/#organization\"},\"potentialAction\":[{\"@type\":\"SearchAction\",\"target\":{\"@type\":\"EntryPoint\",\"urlTemplate\":\"https:\/\/masterchem.ee\/fi\/?s={search_term_string}\"},\"query-input\":{\"@type\":\"PropertyValueSpecification\",\"valueRequired\":true,\"valueName\":\"search_term_string\"}}],\"inLanguage\":\"fi\"},{\"@type\":\"Organization\",\"@id\":\"https:\/\/masterchem.ee\/fi\/#organization\",\"name\":\"Masterchem\",\"url\":\"https:\/\/masterchem.ee\/fi\/\",\"logo\":{\"@type\":\"ImageObject\",\"inLanguage\":\"fi\",\"@id\":\"https:\/\/masterchem.ee\/fi\/#\/schema\/logo\/image\/\",\"url\":\"https:\/\/masterchem.ee\/wp-content\/uploads\/2018\/02\/master-chem_final-1.png\",\"contentUrl\":\"https:\/\/masterchem.ee\/wp-content\/uploads\/2018\/02\/master-chem_final-1.png\",\"width\":850,\"height\":356,\"caption\":\"Masterchem\"},\"image\":{\"@id\":\"https:\/\/masterchem.ee\/fi\/#\/schema\/logo\/image\/\"}}]}<\/script>\n<!-- \/ Yoast SEO plugin. -->","yoast_head_json":{"title":"Naatriumpol\u00fcfosfaat (CAS 10361-03-2) - Chemistry For Industry - Solvents &amp; Chemicals - Masterchem.ee","description":"Naatriumfosfaat on \u00fcldnimetus mitmesuguste naatriumi (Na+) ja fosfaadi (PO43\u2212) soolade kohta.","robots":{"index":"index","follow":"follow","max-snippet":"max-snippet:-1","max-image-preview":"max-image-preview:large","max-video-preview":"max-video-preview:-1"},"canonical":"https:\/\/masterchem.ee\/fi\/tooted-ja-teenused\/naatriumpolufosfaat-cas-10361-03-2\/","twitter_card":"summary_large_image","twitter_title":"Naatriumpol\u00fcfosfaat (CAS 10361-03-2) - Chemistry For Industry - Solvents &amp; Chemicals - Masterchem.ee","twitter_description":"Naatriumfosfaat on \u00fcldnimetus mitmesuguste naatriumi (Na+) ja fosfaadi (PO43\u2212) soolade kohta.","twitter_image":"https:\/\/masterchem.ee\/wp-content\/uploads\/2022\/02\/Naatriumpolufosfaat-25kg-MasterChem.jpg","schema":{"@context":"https:\/\/schema.org","@graph":[{"@type":"WebPage","@id":"https:\/\/masterchem.ee\/fi\/tooted-ja-teenused\/naatriumpolufosfaat-cas-10361-03-2\/","url":"https:\/\/masterchem.ee\/fi\/tooted-ja-teenused\/naatriumpolufosfaat-cas-10361-03-2\/","name":"Naatriumpol\u00fcfosfaat (CAS 10361-03-2) - Chemistry For Industry - Solvents &amp; Chemicals - Masterchem.ee","isPartOf":{"@id":"https:\/\/masterchem.ee\/fi\/#website"},"primaryImageOfPage":{"@id":"https:\/\/masterchem.ee\/fi\/tooted-ja-teenused\/naatriumpolufosfaat-cas-10361-03-2\/#primaryimage"},"image":{"@id":"https:\/\/masterchem.ee\/fi\/tooted-ja-teenused\/naatriumpolufosfaat-cas-10361-03-2\/#primaryimage"},"thumbnailUrl":"https:\/\/masterchem.ee\/wp-content\/uploads\/2022\/02\/Naatriumpolufosfaat-25kg-MasterChem.jpg","datePublished":"2022-02-08T14:20:30+00:00","dateModified":"2022-02-08T14:27:13+00:00","description":"Naatriumfosfaat on \u00fcldnimetus mitmesuguste naatriumi (Na+) ja fosfaadi (PO43\u2212) soolade kohta.","breadcrumb":{"@id":"https:\/\/masterchem.ee\/fi\/tooted-ja-teenused\/naatriumpolufosfaat-cas-10361-03-2\/#breadcrumb"},"inLanguage":"fi","potentialAction":[{"@type":"ReadAction","target":["https:\/\/masterchem.ee\/fi\/tooted-ja-teenused\/naatriumpolufosfaat-cas-10361-03-2\/"]}]},{"@type":"ImageObject","inLanguage":"fi","@id":"https:\/\/masterchem.ee\/fi\/tooted-ja-teenused\/naatriumpolufosfaat-cas-10361-03-2\/#primaryimage","url":"https:\/\/masterchem.ee\/wp-content\/uploads\/2022\/02\/Naatriumpolufosfaat-25kg-MasterChem.jpg","contentUrl":"https:\/\/masterchem.ee\/wp-content\/uploads\/2022\/02\/Naatriumpolufosfaat-25kg-MasterChem.jpg","width":1000,"height":1000,"caption":"Naatriumpol\u00fcfosfaat (CAS 10361-03-2) 25kg-MasterChem"},{"@type":"BreadcrumbList","@id":"https:\/\/masterchem.ee\/fi\/tooted-ja-teenused\/naatriumpolufosfaat-cas-10361-03-2\/#breadcrumb","itemListElement":[{"@type":"ListItem","position":1,"name":"Home","item":"https:\/\/masterchem.ee\/fi\/"},{"@type":"ListItem","position":2,"name":"Tooted ja teenused","item":"https:\/\/masterchem.ee\/tooted-ja-teenused\/"},{"@type":"ListItem","position":3,"name":"Naatriumpol\u00fcfosfaat (CAS 10361-03-2)"}]},{"@type":"WebSite","@id":"https:\/\/masterchem.ee\/fi\/#website","url":"https:\/\/masterchem.ee\/fi\/","name":"Masterchem.ee","description":"Chemistry For Industry - Solvents &amp; Chemicals","publisher":{"@id":"https:\/\/masterchem.ee\/fi\/#organization"},"potentialAction":[{"@type":"SearchAction","target":{"@type":"EntryPoint","urlTemplate":"https:\/\/masterchem.ee\/fi\/?s={search_term_string}"},"query-input":{"@type":"PropertyValueSpecification","valueRequired":true,"valueName":"search_term_string"}}],"inLanguage":"fi"},{"@type":"Organization","@id":"https:\/\/masterchem.ee\/fi\/#organization","name":"Masterchem","url":"https:\/\/masterchem.ee\/fi\/","logo":{"@type":"ImageObject","inLanguage":"fi","@id":"https:\/\/masterchem.ee\/fi\/#\/schema\/logo\/image\/","url":"https:\/\/masterchem.ee\/wp-content\/uploads\/2018\/02\/master-chem_final-1.png","contentUrl":"https:\/\/masterchem.ee\/wp-content\/uploads\/2018\/02\/master-chem_final-1.png","width":850,"height":356,"caption":"Masterchem"},"image":{"@id":"https:\/\/masterchem.ee\/fi\/#\/schema\/logo\/image\/"}}]}},"_links":{"self":[{"href":"https:\/\/masterchem.ee\/fi\/wp-json\/wp\/v2\/product\/17819","targetHints":{"allow":["GET"]}}],"collection":[{"href":"https:\/\/masterchem.ee\/fi\/wp-json\/wp\/v2\/product"}],"about":[{"href":"https:\/\/masterchem.ee\/fi\/wp-json\/wp\/v2\/types\/product"}],"wp:featuredmedia":[{"embeddable":true,"href":"https:\/\/masterchem.ee\/fi\/wp-json\/wp\/v2\/media\/17825"}],"wp:attachment":[{"href":"https:\/\/masterchem.ee\/fi\/wp-json\/wp\/v2\/media?parent=17819"}],"wp:term":[{"taxonomy":"product_brand","embeddable":true,"href":"https:\/\/masterchem.ee\/fi\/wp-json\/wp\/v2\/product_brand?post=17819"},{"taxonomy":"product_cat","embeddable":true,"href":"https:\/\/masterchem.ee\/fi\/wp-json\/wp\/v2\/product_cat?post=17819"},{"taxonomy":"product_tag","embeddable":true,"href":"https:\/\/masterchem.ee\/fi\/wp-json\/wp\/v2\/product_tag?post=17819"}],"curies":[{"name":"wp","href":"https:\/\/api.w.org\/{rel}","templated":true}]}}