{"id":17804,"date":"2022-02-08T14:01:26","date_gmt":"2022-02-08T14:01:30","guid":{"rendered":"https:\/\/masterchem.ee\/?post_type=product&#038;p=17804"},"modified":"2022-02-08T14:10:10","modified_gmt":"2022-02-08T14:10:10","slug":"keltainen-dekstriini-cas-9004-53-9","status":"publish","type":"product","link":"https:\/\/masterchem.ee\/fi\/tooted-ja-teenused\/keltainen-dekstriini-cas-9004-53-9\/","title":{"rendered":"Keltainen dekstriini (CAS 9004-53-9)"},"content":{"rendered":"<p> <strong> Info<\/strong> <\/p>\n<p>Teollisuus: elintarviketeollisuus<br \/>\nCAS-numero: 9004-53-9<br \/>\nWE-numero: 232-675-4<br \/>\nKemiallinen kaava: (C6H10O5)N<\/p>\n<p><strong>Muut fyysiset ominaisuudet<\/strong><br \/>\npH: 2,5 (30 \u00b0C, 50 %)<br \/>\nSuhteellinen tiheys: 1,45 g\/cm\u00b3<\/p>\n","protected":false},"excerpt":{"rendered":"<p><strong>Keltainen dekstriini (CAS 9004-53-9)<\/strong><\/p>\n<p>Dekstriini on osittain hydrolysoitunut t\u00e4rkkelys, joka muodostuu k\u00e4sittelem\u00e4ll\u00e4 t\u00e4rkkelyst\u00e4 kuivalla l\u00e4mm\u00f6ll\u00e4, hapolla tai entsyymeill\u00e4. se voidaan muodostaa amyloosista ja amylopektiinityyppisist\u00e4 t\u00e4rkkelyksist\u00e4. ne ovat v\u00e4rilt\u00e4\u00e4n valkoisia tai keltaisia \u200b\u200b(kanarian). verrattuna modifioimattomaan t\u00e4rkkelykseen, s:ll\u00e4 on lis\u00e4\u00e4ntynyt vesiliukoisuus, viskositeetin stabiilisuus ja v\u00e4hentynyt tahnan viskositeetti. k\u00e4ytt\u00f6kohteita ovat taikinan parantaminen ja sidonta.<\/p>\n<p>Voidaan k\u00e4ytt\u00e4\u00e4 emulgoivana stabilointi- ja sakeuttamisaineena, liima-aineina ja pintakoristelijoina. Sit\u00e4 voidaan k\u00e4ytt\u00e4\u00e4 l\u00e4\u00e4keteollisuudelle, suojaliimoille ja suspendointiaineille, liima-aineille. Sit\u00e4 voidaan soveltaa esimerkiksi paperin liimaukseen, tekstiilien liimaukseen ja musteen valmisteluun; sit\u00e4 voidaan k\u00e4ytt\u00e4\u00e4 my\u00f6s l\u00e4\u00e4kkeen apuaineena ja arabialaisen kumin korvikkeena.<\/p>\n","protected":false},"featured_media":17810,"template":"","meta":[],"product_brand":[],"product_cat":[180,307],"product_tag":[],"class_list":{"0":"post-17804","1":"product","2":"type-product","3":"status-publish","4":"has-post-thumbnail","6":"product_cat-uncategorized-fi-2","7":"product_cat-ruokateollisuus","9":"first","10":"instock","11":"taxable","12":"shipping-taxable","13":"purchasable","14":"product-type-variable","15":"has-default-attributes"},"yoast_head":"<!-- This site is optimized with the Yoast SEO plugin v26.2 - https:\/\/yoast.com\/wordpress\/plugins\/seo\/ -->\n<title>Keltainen dekstriini (CAS 9004-53-9) - Chemistry For Industry - Solvents &amp; Chemicals - Masterchem.ee<\/title>\n<meta name=\"description\" content=\"Dekstriini on osittain hydrolysoitunut t\u00e4rkkelys, joka muodostuu k\u00e4sittelem\u00e4ll\u00e4 t\u00e4rkkelyst\u00e4 kuivalla l\u00e4mm\u00f6ll\u00e4, hapolla tai entsyymeill\u00e4.\" \/>\n<meta name=\"robots\" content=\"index, follow, max-snippet:-1, max-image-preview:large, max-video-preview:-1\" \/>\n<link rel=\"canonical\" href=\"https:\/\/masterchem.ee\/fi\/tooted-ja-teenused\/keltainen-dekstriini-cas-9004-53-9\/\" \/>\n<meta name=\"twitter:card\" content=\"summary_large_image\" \/>\n<meta name=\"twitter:title\" content=\"Keltainen dekstriini (CAS 9004-53-9) - Chemistry For Industry - Solvents &amp; Chemicals - Masterchem.ee\" \/>\n<meta name=\"twitter:description\" content=\"Dekstriini on osittain hydrolysoitunut t\u00e4rkkelys, joka muodostuu k\u00e4sittelem\u00e4ll\u00e4 t\u00e4rkkelyst\u00e4 kuivalla l\u00e4mm\u00f6ll\u00e4, hapolla tai entsyymeill\u00e4.\" \/>\n<meta name=\"twitter:image\" content=\"https:\/\/masterchem.ee\/wp-content\/uploads\/2022\/02\/Kollane-dekstriin-25kg-MasterChem.jpg\" \/>\n<script type=\"application\/ld+json\" class=\"yoast-schema-graph\">{\"@context\":\"https:\/\/schema.org\",\"@graph\":[{\"@type\":\"WebPage\",\"@id\":\"https:\/\/masterchem.ee\/fi\/tooted-ja-teenused\/keltainen-dekstriini-cas-9004-53-9\/\",\"url\":\"https:\/\/masterchem.ee\/fi\/tooted-ja-teenused\/keltainen-dekstriini-cas-9004-53-9\/\",\"name\":\"Keltainen dekstriini (CAS 9004-53-9) - Chemistry For Industry - Solvents &amp; Chemicals - Masterchem.ee\",\"isPartOf\":{\"@id\":\"https:\/\/masterchem.ee\/fi\/#website\"},\"primaryImageOfPage\":{\"@id\":\"https:\/\/masterchem.ee\/fi\/tooted-ja-teenused\/keltainen-dekstriini-cas-9004-53-9\/#primaryimage\"},\"image\":{\"@id\":\"https:\/\/masterchem.ee\/fi\/tooted-ja-teenused\/keltainen-dekstriini-cas-9004-53-9\/#primaryimage\"},\"thumbnailUrl\":\"https:\/\/masterchem.ee\/wp-content\/uploads\/2022\/02\/Kollane-dekstriin-25kg-MasterChem.jpg\",\"datePublished\":\"2022-02-08T14:01:30+00:00\",\"dateModified\":\"2022-02-08T14:10:10+00:00\",\"description\":\"Dekstriini on osittain hydrolysoitunut t\u00e4rkkelys, joka muodostuu k\u00e4sittelem\u00e4ll\u00e4 t\u00e4rkkelyst\u00e4 kuivalla l\u00e4mm\u00f6ll\u00e4, hapolla tai entsyymeill\u00e4.\",\"breadcrumb\":{\"@id\":\"https:\/\/masterchem.ee\/fi\/tooted-ja-teenused\/keltainen-dekstriini-cas-9004-53-9\/#breadcrumb\"},\"inLanguage\":\"fi\",\"potentialAction\":[{\"@type\":\"ReadAction\",\"target\":[\"https:\/\/masterchem.ee\/fi\/tooted-ja-teenused\/keltainen-dekstriini-cas-9004-53-9\/\"]}]},{\"@type\":\"ImageObject\",\"inLanguage\":\"fi\",\"@id\":\"https:\/\/masterchem.ee\/fi\/tooted-ja-teenused\/keltainen-dekstriini-cas-9004-53-9\/#primaryimage\",\"url\":\"https:\/\/masterchem.ee\/wp-content\/uploads\/2022\/02\/Kollane-dekstriin-25kg-MasterChem.jpg\",\"contentUrl\":\"https:\/\/masterchem.ee\/wp-content\/uploads\/2022\/02\/Kollane-dekstriin-25kg-MasterChem.jpg\",\"width\":1000,\"height\":1000,\"caption\":\"Keltainen dekstriini (CAS 9004-53-9) 25kg MasterChem\"},{\"@type\":\"BreadcrumbList\",\"@id\":\"https:\/\/masterchem.ee\/fi\/tooted-ja-teenused\/keltainen-dekstriini-cas-9004-53-9\/#breadcrumb\",\"itemListElement\":[{\"@type\":\"ListItem\",\"position\":1,\"name\":\"Home\",\"item\":\"https:\/\/masterchem.ee\/fi\/\"},{\"@type\":\"ListItem\",\"position\":2,\"name\":\"Tooted ja teenused\",\"item\":\"https:\/\/masterchem.ee\/tooted-ja-teenused\/\"},{\"@type\":\"ListItem\",\"position\":3,\"name\":\"Keltainen dekstriini (CAS 9004-53-9)\"}]},{\"@type\":\"WebSite\",\"@id\":\"https:\/\/masterchem.ee\/fi\/#website\",\"url\":\"https:\/\/masterchem.ee\/fi\/\",\"name\":\"Masterchem.ee\",\"description\":\"Chemistry For Industry - Solvents &amp; Chemicals\",\"publisher\":{\"@id\":\"https:\/\/masterchem.ee\/fi\/#organization\"},\"potentialAction\":[{\"@type\":\"SearchAction\",\"target\":{\"@type\":\"EntryPoint\",\"urlTemplate\":\"https:\/\/masterchem.ee\/fi\/?s={search_term_string}\"},\"query-input\":{\"@type\":\"PropertyValueSpecification\",\"valueRequired\":true,\"valueName\":\"search_term_string\"}}],\"inLanguage\":\"fi\"},{\"@type\":\"Organization\",\"@id\":\"https:\/\/masterchem.ee\/fi\/#organization\",\"name\":\"Masterchem\",\"url\":\"https:\/\/masterchem.ee\/fi\/\",\"logo\":{\"@type\":\"ImageObject\",\"inLanguage\":\"fi\",\"@id\":\"https:\/\/masterchem.ee\/fi\/#\/schema\/logo\/image\/\",\"url\":\"https:\/\/masterchem.ee\/wp-content\/uploads\/2018\/02\/master-chem_final-1.png\",\"contentUrl\":\"https:\/\/masterchem.ee\/wp-content\/uploads\/2018\/02\/master-chem_final-1.png\",\"width\":850,\"height\":356,\"caption\":\"Masterchem\"},\"image\":{\"@id\":\"https:\/\/masterchem.ee\/fi\/#\/schema\/logo\/image\/\"}}]}<\/script>\n<!-- \/ Yoast SEO plugin. -->","yoast_head_json":{"title":"Keltainen dekstriini (CAS 9004-53-9) - Chemistry For Industry - Solvents &amp; Chemicals - Masterchem.ee","description":"Dekstriini on osittain hydrolysoitunut t\u00e4rkkelys, joka muodostuu k\u00e4sittelem\u00e4ll\u00e4 t\u00e4rkkelyst\u00e4 kuivalla l\u00e4mm\u00f6ll\u00e4, hapolla tai entsyymeill\u00e4.","robots":{"index":"index","follow":"follow","max-snippet":"max-snippet:-1","max-image-preview":"max-image-preview:large","max-video-preview":"max-video-preview:-1"},"canonical":"https:\/\/masterchem.ee\/fi\/tooted-ja-teenused\/keltainen-dekstriini-cas-9004-53-9\/","twitter_card":"summary_large_image","twitter_title":"Keltainen dekstriini (CAS 9004-53-9) - Chemistry For Industry - Solvents &amp; Chemicals - Masterchem.ee","twitter_description":"Dekstriini on osittain hydrolysoitunut t\u00e4rkkelys, joka muodostuu k\u00e4sittelem\u00e4ll\u00e4 t\u00e4rkkelyst\u00e4 kuivalla l\u00e4mm\u00f6ll\u00e4, hapolla tai entsyymeill\u00e4.","twitter_image":"https:\/\/masterchem.ee\/wp-content\/uploads\/2022\/02\/Kollane-dekstriin-25kg-MasterChem.jpg","schema":{"@context":"https:\/\/schema.org","@graph":[{"@type":"WebPage","@id":"https:\/\/masterchem.ee\/fi\/tooted-ja-teenused\/keltainen-dekstriini-cas-9004-53-9\/","url":"https:\/\/masterchem.ee\/fi\/tooted-ja-teenused\/keltainen-dekstriini-cas-9004-53-9\/","name":"Keltainen dekstriini (CAS 9004-53-9) - Chemistry For Industry - Solvents &amp; Chemicals - Masterchem.ee","isPartOf":{"@id":"https:\/\/masterchem.ee\/fi\/#website"},"primaryImageOfPage":{"@id":"https:\/\/masterchem.ee\/fi\/tooted-ja-teenused\/keltainen-dekstriini-cas-9004-53-9\/#primaryimage"},"image":{"@id":"https:\/\/masterchem.ee\/fi\/tooted-ja-teenused\/keltainen-dekstriini-cas-9004-53-9\/#primaryimage"},"thumbnailUrl":"https:\/\/masterchem.ee\/wp-content\/uploads\/2022\/02\/Kollane-dekstriin-25kg-MasterChem.jpg","datePublished":"2022-02-08T14:01:30+00:00","dateModified":"2022-02-08T14:10:10+00:00","description":"Dekstriini on osittain hydrolysoitunut t\u00e4rkkelys, joka muodostuu k\u00e4sittelem\u00e4ll\u00e4 t\u00e4rkkelyst\u00e4 kuivalla l\u00e4mm\u00f6ll\u00e4, hapolla tai entsyymeill\u00e4.","breadcrumb":{"@id":"https:\/\/masterchem.ee\/fi\/tooted-ja-teenused\/keltainen-dekstriini-cas-9004-53-9\/#breadcrumb"},"inLanguage":"fi","potentialAction":[{"@type":"ReadAction","target":["https:\/\/masterchem.ee\/fi\/tooted-ja-teenused\/keltainen-dekstriini-cas-9004-53-9\/"]}]},{"@type":"ImageObject","inLanguage":"fi","@id":"https:\/\/masterchem.ee\/fi\/tooted-ja-teenused\/keltainen-dekstriini-cas-9004-53-9\/#primaryimage","url":"https:\/\/masterchem.ee\/wp-content\/uploads\/2022\/02\/Kollane-dekstriin-25kg-MasterChem.jpg","contentUrl":"https:\/\/masterchem.ee\/wp-content\/uploads\/2022\/02\/Kollane-dekstriin-25kg-MasterChem.jpg","width":1000,"height":1000,"caption":"Keltainen dekstriini (CAS 9004-53-9) 25kg MasterChem"},{"@type":"BreadcrumbList","@id":"https:\/\/masterchem.ee\/fi\/tooted-ja-teenused\/keltainen-dekstriini-cas-9004-53-9\/#breadcrumb","itemListElement":[{"@type":"ListItem","position":1,"name":"Home","item":"https:\/\/masterchem.ee\/fi\/"},{"@type":"ListItem","position":2,"name":"Tooted ja teenused","item":"https:\/\/masterchem.ee\/tooted-ja-teenused\/"},{"@type":"ListItem","position":3,"name":"Keltainen dekstriini (CAS 9004-53-9)"}]},{"@type":"WebSite","@id":"https:\/\/masterchem.ee\/fi\/#website","url":"https:\/\/masterchem.ee\/fi\/","name":"Masterchem.ee","description":"Chemistry For Industry - Solvents &amp; Chemicals","publisher":{"@id":"https:\/\/masterchem.ee\/fi\/#organization"},"potentialAction":[{"@type":"SearchAction","target":{"@type":"EntryPoint","urlTemplate":"https:\/\/masterchem.ee\/fi\/?s={search_term_string}"},"query-input":{"@type":"PropertyValueSpecification","valueRequired":true,"valueName":"search_term_string"}}],"inLanguage":"fi"},{"@type":"Organization","@id":"https:\/\/masterchem.ee\/fi\/#organization","name":"Masterchem","url":"https:\/\/masterchem.ee\/fi\/","logo":{"@type":"ImageObject","inLanguage":"fi","@id":"https:\/\/masterchem.ee\/fi\/#\/schema\/logo\/image\/","url":"https:\/\/masterchem.ee\/wp-content\/uploads\/2018\/02\/master-chem_final-1.png","contentUrl":"https:\/\/masterchem.ee\/wp-content\/uploads\/2018\/02\/master-chem_final-1.png","width":850,"height":356,"caption":"Masterchem"},"image":{"@id":"https:\/\/masterchem.ee\/fi\/#\/schema\/logo\/image\/"}}]}},"_links":{"self":[{"href":"https:\/\/masterchem.ee\/fi\/wp-json\/wp\/v2\/product\/17804","targetHints":{"allow":["GET"]}}],"collection":[{"href":"https:\/\/masterchem.ee\/fi\/wp-json\/wp\/v2\/product"}],"about":[{"href":"https:\/\/masterchem.ee\/fi\/wp-json\/wp\/v2\/types\/product"}],"wp:featuredmedia":[{"embeddable":true,"href":"https:\/\/masterchem.ee\/fi\/wp-json\/wp\/v2\/media\/17810"}],"wp:attachment":[{"href":"https:\/\/masterchem.ee\/fi\/wp-json\/wp\/v2\/media?parent=17804"}],"wp:term":[{"taxonomy":"product_brand","embeddable":true,"href":"https:\/\/masterchem.ee\/fi\/wp-json\/wp\/v2\/product_brand?post=17804"},{"taxonomy":"product_cat","embeddable":true,"href":"https:\/\/masterchem.ee\/fi\/wp-json\/wp\/v2\/product_cat?post=17804"},{"taxonomy":"product_tag","embeddable":true,"href":"https:\/\/masterchem.ee\/fi\/wp-json\/wp\/v2\/product_tag?post=17804"}],"curies":[{"name":"wp","href":"https:\/\/api.w.org\/{rel}","templated":true}]}}