{"id":17789,"date":"2022-02-08T13:43:55","date_gmt":"2022-02-08T13:44:00","guid":{"rendered":"https:\/\/masterchem.ee\/?post_type=product&#038;p=17789"},"modified":"2022-02-08T13:50:55","modified_gmt":"2022-02-08T13:50:55","slug":"dikaliumfosfaatti-cas-7758-11-4","status":"publish","type":"product","link":"https:\/\/masterchem.ee\/fi\/tooted-ja-teenused\/dikaliumfosfaatti-cas-7758-11-4\/","title":{"rendered":"Dikaliumfosfaatti (CAS 7758-11-4)"},"content":{"rendered":"<p> <strong> Info<\/strong> <\/p>\n<p>Teollisuus: elintarviketeollisuus<br \/>\nCAS-numero: 7758-11-4<br \/>\nWE-numero: 231-834-5<br \/>\nKemiallinen kaava: HK2O4P<br \/>\nMolekyylimassa: 174,2 g\/mol<br \/>\nTullitariffikoodi: 28352400<\/p>\n<p><strong>Muut fyysiset ominaisuudet<\/strong><br \/>\npH: 9,0 (10 g\/l H2O w 20\u00b0C)<br \/>\nLiukoisuus veteen: 1300 g\/l<\/p>\n","protected":false},"excerpt":{"rendered":"<p><strong>Dikaliumfosfaatti (CAS 7758-11-4)<\/strong><\/p>\n<p>Dikaliumfosfaatti (K2HPO4) (my\u00f6s dikaliumvetyortofosfaatti; kaksiem\u00e4ksinen kaliumfosfaatti) on ep\u00e4orgaaninen yhdiste, jonka kaava on K2HPO4.(H2O)x (x = 0, 3, 6). Yhdess\u00e4 monokaliumfosfaatin (KH2PO4.(H2O)x) kanssa sit\u00e4 k\u00e4ytet\u00e4\u00e4n usein lannoitteena, elintarvikelis\u00e4aineena ja puskurointiaineena. Se on valkoinen tai v\u00e4rit\u00f6n kiinte\u00e4 aine, joka liukenee veteen.<\/p>\n<p>Dikaliumfosfaattia k\u00e4ytet\u00e4\u00e4n elintarvikelis\u00e4aineena meijerikermaj\u00e4ljitelmiss\u00e4, kuivajauhejuomissa, mineraalilisiss\u00e4 ja hapateviljelmiss\u00e4. Se toimii emulgaattorina, stabilointiaineena ja teksturointiaineena; se on my\u00f6s puskuroiva aine ja kelatoiva aine erityisesti maitotuotteiden kalsiumille.<\/p>\n<p>Yhdysvaltain elintarvike- ja l\u00e4\u00e4kevirasto on luokitellut dikaliumfosfaatin elintarvikelis\u00e4aineena yleisesti turvalliseksi (GRAS).<\/p>\n","protected":false},"featured_media":17795,"template":"","meta":[],"product_brand":[],"product_cat":[180,307],"product_tag":[],"class_list":{"0":"post-17789","1":"product","2":"type-product","3":"status-publish","4":"has-post-thumbnail","6":"product_cat-uncategorized-fi-2","7":"product_cat-ruokateollisuus","9":"first","10":"instock","11":"taxable","12":"shipping-taxable","13":"purchasable","14":"product-type-variable","15":"has-default-attributes"},"yoast_head":"<!-- This site is optimized with the Yoast SEO plugin v26.2 - https:\/\/yoast.com\/wordpress\/plugins\/seo\/ -->\n<title>Dikaliumfosfaatti (CAS 7758-11-4) - Chemistry For Industry - Solvents &amp; Chemicals - Masterchem.ee<\/title>\n<meta name=\"description\" content=\"Dikaliumfosfaatti (K2HPO4) (my\u00f6s dikaliumvetyortofosfaatti; kaksiem\u00e4ksinen kaliumfosfaatti) on ep\u00e4orgaaninen yhdiste, jonka kaava on K2HPO4.\" \/>\n<meta name=\"robots\" content=\"index, follow, max-snippet:-1, max-image-preview:large, max-video-preview:-1\" \/>\n<link rel=\"canonical\" href=\"https:\/\/masterchem.ee\/fi\/tooted-ja-teenused\/dikaliumfosfaatti-cas-7758-11-4\/\" \/>\n<meta name=\"twitter:card\" content=\"summary_large_image\" \/>\n<meta name=\"twitter:title\" content=\"Dikaliumfosfaatti (CAS 7758-11-4) - Chemistry For Industry - Solvents &amp; Chemicals - Masterchem.ee\" \/>\n<meta name=\"twitter:description\" content=\"Dikaliumfosfaatti (K2HPO4) (my\u00f6s dikaliumvetyortofosfaatti; kaksiem\u00e4ksinen kaliumfosfaatti) on ep\u00e4orgaaninen yhdiste, jonka kaava on K2HPO4.\" \/>\n<meta name=\"twitter:image\" content=\"https:\/\/masterchem.ee\/wp-content\/uploads\/2022\/02\/Dikaaliumfosfaat-25kg-MasterChem.jpg\" \/>\n<script type=\"application\/ld+json\" class=\"yoast-schema-graph\">{\"@context\":\"https:\/\/schema.org\",\"@graph\":[{\"@type\":\"WebPage\",\"@id\":\"https:\/\/masterchem.ee\/fi\/tooted-ja-teenused\/dikaliumfosfaatti-cas-7758-11-4\/\",\"url\":\"https:\/\/masterchem.ee\/fi\/tooted-ja-teenused\/dikaliumfosfaatti-cas-7758-11-4\/\",\"name\":\"Dikaliumfosfaatti (CAS 7758-11-4) - Chemistry For Industry - Solvents &amp; Chemicals - Masterchem.ee\",\"isPartOf\":{\"@id\":\"https:\/\/masterchem.ee\/fi\/#website\"},\"primaryImageOfPage\":{\"@id\":\"https:\/\/masterchem.ee\/fi\/tooted-ja-teenused\/dikaliumfosfaatti-cas-7758-11-4\/#primaryimage\"},\"image\":{\"@id\":\"https:\/\/masterchem.ee\/fi\/tooted-ja-teenused\/dikaliumfosfaatti-cas-7758-11-4\/#primaryimage\"},\"thumbnailUrl\":\"https:\/\/masterchem.ee\/wp-content\/uploads\/2022\/02\/Dikaaliumfosfaat-25kg-MasterChem.jpg\",\"datePublished\":\"2022-02-08T13:44:00+00:00\",\"dateModified\":\"2022-02-08T13:50:55+00:00\",\"description\":\"Dikaliumfosfaatti (K2HPO4) (my\u00f6s dikaliumvetyortofosfaatti; kaksiem\u00e4ksinen kaliumfosfaatti) on ep\u00e4orgaaninen yhdiste, jonka kaava on K2HPO4.\",\"breadcrumb\":{\"@id\":\"https:\/\/masterchem.ee\/fi\/tooted-ja-teenused\/dikaliumfosfaatti-cas-7758-11-4\/#breadcrumb\"},\"inLanguage\":\"fi\",\"potentialAction\":[{\"@type\":\"ReadAction\",\"target\":[\"https:\/\/masterchem.ee\/fi\/tooted-ja-teenused\/dikaliumfosfaatti-cas-7758-11-4\/\"]}]},{\"@type\":\"ImageObject\",\"inLanguage\":\"fi\",\"@id\":\"https:\/\/masterchem.ee\/fi\/tooted-ja-teenused\/dikaliumfosfaatti-cas-7758-11-4\/#primaryimage\",\"url\":\"https:\/\/masterchem.ee\/wp-content\/uploads\/2022\/02\/Dikaaliumfosfaat-25kg-MasterChem.jpg\",\"contentUrl\":\"https:\/\/masterchem.ee\/wp-content\/uploads\/2022\/02\/Dikaaliumfosfaat-25kg-MasterChem.jpg\",\"width\":1000,\"height\":1000,\"caption\":\"Dikaliumfosfaatti (CAS 7758-11-4) 25kg MasterChem\"},{\"@type\":\"BreadcrumbList\",\"@id\":\"https:\/\/masterchem.ee\/fi\/tooted-ja-teenused\/dikaliumfosfaatti-cas-7758-11-4\/#breadcrumb\",\"itemListElement\":[{\"@type\":\"ListItem\",\"position\":1,\"name\":\"Home\",\"item\":\"https:\/\/masterchem.ee\/fi\/\"},{\"@type\":\"ListItem\",\"position\":2,\"name\":\"Tooted ja teenused\",\"item\":\"https:\/\/masterchem.ee\/tooted-ja-teenused\/\"},{\"@type\":\"ListItem\",\"position\":3,\"name\":\"Dikaliumfosfaatti (CAS 7758-11-4)\"}]},{\"@type\":\"WebSite\",\"@id\":\"https:\/\/masterchem.ee\/fi\/#website\",\"url\":\"https:\/\/masterchem.ee\/fi\/\",\"name\":\"Masterchem.ee\",\"description\":\"Chemistry For Industry - Solvents &amp; Chemicals\",\"publisher\":{\"@id\":\"https:\/\/masterchem.ee\/fi\/#organization\"},\"potentialAction\":[{\"@type\":\"SearchAction\",\"target\":{\"@type\":\"EntryPoint\",\"urlTemplate\":\"https:\/\/masterchem.ee\/fi\/?s={search_term_string}\"},\"query-input\":{\"@type\":\"PropertyValueSpecification\",\"valueRequired\":true,\"valueName\":\"search_term_string\"}}],\"inLanguage\":\"fi\"},{\"@type\":\"Organization\",\"@id\":\"https:\/\/masterchem.ee\/fi\/#organization\",\"name\":\"Masterchem\",\"url\":\"https:\/\/masterchem.ee\/fi\/\",\"logo\":{\"@type\":\"ImageObject\",\"inLanguage\":\"fi\",\"@id\":\"https:\/\/masterchem.ee\/fi\/#\/schema\/logo\/image\/\",\"url\":\"https:\/\/masterchem.ee\/wp-content\/uploads\/2018\/02\/master-chem_final-1.png\",\"contentUrl\":\"https:\/\/masterchem.ee\/wp-content\/uploads\/2018\/02\/master-chem_final-1.png\",\"width\":850,\"height\":356,\"caption\":\"Masterchem\"},\"image\":{\"@id\":\"https:\/\/masterchem.ee\/fi\/#\/schema\/logo\/image\/\"}}]}<\/script>\n<!-- \/ Yoast SEO plugin. -->","yoast_head_json":{"title":"Dikaliumfosfaatti (CAS 7758-11-4) - Chemistry For Industry - Solvents &amp; Chemicals - Masterchem.ee","description":"Dikaliumfosfaatti (K2HPO4) (my\u00f6s dikaliumvetyortofosfaatti; kaksiem\u00e4ksinen kaliumfosfaatti) on ep\u00e4orgaaninen yhdiste, jonka kaava on K2HPO4.","robots":{"index":"index","follow":"follow","max-snippet":"max-snippet:-1","max-image-preview":"max-image-preview:large","max-video-preview":"max-video-preview:-1"},"canonical":"https:\/\/masterchem.ee\/fi\/tooted-ja-teenused\/dikaliumfosfaatti-cas-7758-11-4\/","twitter_card":"summary_large_image","twitter_title":"Dikaliumfosfaatti (CAS 7758-11-4) - Chemistry For Industry - Solvents &amp; Chemicals - Masterchem.ee","twitter_description":"Dikaliumfosfaatti (K2HPO4) (my\u00f6s dikaliumvetyortofosfaatti; kaksiem\u00e4ksinen kaliumfosfaatti) on ep\u00e4orgaaninen yhdiste, jonka kaava on K2HPO4.","twitter_image":"https:\/\/masterchem.ee\/wp-content\/uploads\/2022\/02\/Dikaaliumfosfaat-25kg-MasterChem.jpg","schema":{"@context":"https:\/\/schema.org","@graph":[{"@type":"WebPage","@id":"https:\/\/masterchem.ee\/fi\/tooted-ja-teenused\/dikaliumfosfaatti-cas-7758-11-4\/","url":"https:\/\/masterchem.ee\/fi\/tooted-ja-teenused\/dikaliumfosfaatti-cas-7758-11-4\/","name":"Dikaliumfosfaatti (CAS 7758-11-4) - Chemistry For Industry - Solvents &amp; Chemicals - Masterchem.ee","isPartOf":{"@id":"https:\/\/masterchem.ee\/fi\/#website"},"primaryImageOfPage":{"@id":"https:\/\/masterchem.ee\/fi\/tooted-ja-teenused\/dikaliumfosfaatti-cas-7758-11-4\/#primaryimage"},"image":{"@id":"https:\/\/masterchem.ee\/fi\/tooted-ja-teenused\/dikaliumfosfaatti-cas-7758-11-4\/#primaryimage"},"thumbnailUrl":"https:\/\/masterchem.ee\/wp-content\/uploads\/2022\/02\/Dikaaliumfosfaat-25kg-MasterChem.jpg","datePublished":"2022-02-08T13:44:00+00:00","dateModified":"2022-02-08T13:50:55+00:00","description":"Dikaliumfosfaatti (K2HPO4) (my\u00f6s dikaliumvetyortofosfaatti; kaksiem\u00e4ksinen kaliumfosfaatti) on ep\u00e4orgaaninen yhdiste, jonka kaava on K2HPO4.","breadcrumb":{"@id":"https:\/\/masterchem.ee\/fi\/tooted-ja-teenused\/dikaliumfosfaatti-cas-7758-11-4\/#breadcrumb"},"inLanguage":"fi","potentialAction":[{"@type":"ReadAction","target":["https:\/\/masterchem.ee\/fi\/tooted-ja-teenused\/dikaliumfosfaatti-cas-7758-11-4\/"]}]},{"@type":"ImageObject","inLanguage":"fi","@id":"https:\/\/masterchem.ee\/fi\/tooted-ja-teenused\/dikaliumfosfaatti-cas-7758-11-4\/#primaryimage","url":"https:\/\/masterchem.ee\/wp-content\/uploads\/2022\/02\/Dikaaliumfosfaat-25kg-MasterChem.jpg","contentUrl":"https:\/\/masterchem.ee\/wp-content\/uploads\/2022\/02\/Dikaaliumfosfaat-25kg-MasterChem.jpg","width":1000,"height":1000,"caption":"Dikaliumfosfaatti (CAS 7758-11-4) 25kg MasterChem"},{"@type":"BreadcrumbList","@id":"https:\/\/masterchem.ee\/fi\/tooted-ja-teenused\/dikaliumfosfaatti-cas-7758-11-4\/#breadcrumb","itemListElement":[{"@type":"ListItem","position":1,"name":"Home","item":"https:\/\/masterchem.ee\/fi\/"},{"@type":"ListItem","position":2,"name":"Tooted ja teenused","item":"https:\/\/masterchem.ee\/tooted-ja-teenused\/"},{"@type":"ListItem","position":3,"name":"Dikaliumfosfaatti (CAS 7758-11-4)"}]},{"@type":"WebSite","@id":"https:\/\/masterchem.ee\/fi\/#website","url":"https:\/\/masterchem.ee\/fi\/","name":"Masterchem.ee","description":"Chemistry For Industry - Solvents &amp; Chemicals","publisher":{"@id":"https:\/\/masterchem.ee\/fi\/#organization"},"potentialAction":[{"@type":"SearchAction","target":{"@type":"EntryPoint","urlTemplate":"https:\/\/masterchem.ee\/fi\/?s={search_term_string}"},"query-input":{"@type":"PropertyValueSpecification","valueRequired":true,"valueName":"search_term_string"}}],"inLanguage":"fi"},{"@type":"Organization","@id":"https:\/\/masterchem.ee\/fi\/#organization","name":"Masterchem","url":"https:\/\/masterchem.ee\/fi\/","logo":{"@type":"ImageObject","inLanguage":"fi","@id":"https:\/\/masterchem.ee\/fi\/#\/schema\/logo\/image\/","url":"https:\/\/masterchem.ee\/wp-content\/uploads\/2018\/02\/master-chem_final-1.png","contentUrl":"https:\/\/masterchem.ee\/wp-content\/uploads\/2018\/02\/master-chem_final-1.png","width":850,"height":356,"caption":"Masterchem"},"image":{"@id":"https:\/\/masterchem.ee\/fi\/#\/schema\/logo\/image\/"}}]}},"_links":{"self":[{"href":"https:\/\/masterchem.ee\/fi\/wp-json\/wp\/v2\/product\/17789","targetHints":{"allow":["GET"]}}],"collection":[{"href":"https:\/\/masterchem.ee\/fi\/wp-json\/wp\/v2\/product"}],"about":[{"href":"https:\/\/masterchem.ee\/fi\/wp-json\/wp\/v2\/types\/product"}],"wp:featuredmedia":[{"embeddable":true,"href":"https:\/\/masterchem.ee\/fi\/wp-json\/wp\/v2\/media\/17795"}],"wp:attachment":[{"href":"https:\/\/masterchem.ee\/fi\/wp-json\/wp\/v2\/media?parent=17789"}],"wp:term":[{"taxonomy":"product_brand","embeddable":true,"href":"https:\/\/masterchem.ee\/fi\/wp-json\/wp\/v2\/product_brand?post=17789"},{"taxonomy":"product_cat","embeddable":true,"href":"https:\/\/masterchem.ee\/fi\/wp-json\/wp\/v2\/product_cat?post=17789"},{"taxonomy":"product_tag","embeddable":true,"href":"https:\/\/masterchem.ee\/fi\/wp-json\/wp\/v2\/product_tag?post=17789"}],"curies":[{"name":"wp","href":"https:\/\/api.w.org\/{rel}","templated":true}]}}