{"id":17742,"date":"2022-02-08T11:34:51","date_gmt":"2022-02-08T11:35:31","guid":{"rendered":"https:\/\/masterchem.ee\/?post_type=product&#038;p=17742"},"modified":"2022-02-08T11:45:10","modified_gmt":"2022-02-08T11:45:10","slug":"kaliumjodidi-cas-7681-11-0","status":"publish","type":"product","link":"https:\/\/masterchem.ee\/fi\/tooted-ja-teenused\/kaliumjodidi-cas-7681-11-0\/","title":{"rendered":"Kaliumjodidi (CAS 7681-11-0)"},"content":{"rendered":"<p> <strong> Info<\/strong> <\/p>\n<p>Toimialat: L\u00e4\u00e4keteollisuus, Elintarviketeollisuus<br \/>\nCAS: 7681-11-0<br \/>\nWE: 231-659-4<br \/>\nKemiallinen kaava: KI<br \/>\nMolekyylimassa: 166,01 g\/mol<br \/>\nTullitariffikoodi: 28276000<\/p>\n<p><strong>Muut fyysiset ominaisuudet<\/strong><br \/>\npH: 7,0 -9,5 (5 %)<br \/>\nSulamis-\/j\u00e4\u00e4tymispiste: 681\u00b0C<br \/>\nKiehumispiste\/alue: 1323\u00b0C (101,3 kPa)<br \/>\nLiukoisuus veteen: ~1429 g\/l (25\u00b0C)<\/p>\n","protected":false},"excerpt":{"rendered":"<p><strong>Kaliumjodidi (CAS 7681-11-0)<\/strong><\/p>\n<p>Kaliumjodidi (KI) on kaliumin ja jodin yhdiste, v\u00e4rit\u00f6n suola, joka koostuu positiivisista kaliumioneista, K+ ja negatiivisista jodidi-ioneista (I-). Se on kaupallisesti t\u00e4rkein jodiyhdiste ja vuonna 1985 sit\u00e4 tuotettiin 37 000 tonnia. Se on v\u00e4hemm\u00e4n hygroskooppista kuin natriumjodidi, mink\u00e4 vuoksi sit\u00e4 on helpompi k\u00e4sitell\u00e4. Ajan my\u00f6t\u00e4 kaliumjodidin\u00e4ytteet muuttuvat keltaisiksi, koska osa jodidi-ioneista hapettuu vapaaksi jodiksi.<\/p>\n","protected":false},"featured_media":17748,"template":"","meta":[],"product_brand":[],"product_cat":[180,120,307],"product_tag":[],"class_list":{"0":"post-17742","1":"product","2":"type-product","3":"status-publish","4":"has-post-thumbnail","6":"product_cat-uncategorized-fi-2","7":"product_cat-laaketeollisuus","8":"product_cat-ruokateollisuus","10":"first","11":"instock","12":"taxable","13":"shipping-taxable","14":"purchasable","15":"product-type-variable","16":"has-default-attributes"},"yoast_head":"<!-- This site is optimized with the Yoast SEO plugin v26.2 - https:\/\/yoast.com\/wordpress\/plugins\/seo\/ -->\n<title>Kaliumjodidi (CAS 7681-11-0) - Chemistry For Industry - Solvents &amp; Chemicals - Masterchem.ee<\/title>\n<meta name=\"description\" content=\"Kaliumjodidi (KI) on kaliumin ja jodin yhdiste, v\u00e4rit\u00f6n suola, joka koostuu positiivisista kaliumioneista, K+ ja negatiivisista jodidi-ioneista (I-).\" \/>\n<meta name=\"robots\" content=\"index, follow, max-snippet:-1, max-image-preview:large, max-video-preview:-1\" \/>\n<link rel=\"canonical\" href=\"https:\/\/masterchem.ee\/fi\/tooted-ja-teenused\/kaliumjodidi-cas-7681-11-0\/\" \/>\n<meta name=\"twitter:card\" content=\"summary_large_image\" \/>\n<meta name=\"twitter:title\" content=\"Kaliumjodidi (CAS 7681-11-0) - Chemistry For Industry - Solvents &amp; Chemicals - Masterchem.ee\" \/>\n<meta name=\"twitter:description\" content=\"Kaliumjodidi (KI) on kaliumin ja jodin yhdiste, v\u00e4rit\u00f6n suola, joka koostuu positiivisista kaliumioneista, K+ ja negatiivisista jodidi-ioneista (I-).\" \/>\n<meta name=\"twitter:image\" content=\"https:\/\/masterchem.ee\/wp-content\/uploads\/2022\/02\/kaaliumjodiid-25kg-MasterChem.jpg\" \/>\n<script type=\"application\/ld+json\" class=\"yoast-schema-graph\">{\"@context\":\"https:\/\/schema.org\",\"@graph\":[{\"@type\":\"WebPage\",\"@id\":\"https:\/\/masterchem.ee\/fi\/tooted-ja-teenused\/kaliumjodidi-cas-7681-11-0\/\",\"url\":\"https:\/\/masterchem.ee\/fi\/tooted-ja-teenused\/kaliumjodidi-cas-7681-11-0\/\",\"name\":\"Kaliumjodidi (CAS 7681-11-0) - Chemistry For Industry - Solvents &amp; Chemicals - Masterchem.ee\",\"isPartOf\":{\"@id\":\"https:\/\/masterchem.ee\/fi\/#website\"},\"primaryImageOfPage\":{\"@id\":\"https:\/\/masterchem.ee\/fi\/tooted-ja-teenused\/kaliumjodidi-cas-7681-11-0\/#primaryimage\"},\"image\":{\"@id\":\"https:\/\/masterchem.ee\/fi\/tooted-ja-teenused\/kaliumjodidi-cas-7681-11-0\/#primaryimage\"},\"thumbnailUrl\":\"https:\/\/masterchem.ee\/wp-content\/uploads\/2022\/02\/kaaliumjodiid-25kg-MasterChem.jpg\",\"datePublished\":\"2022-02-08T11:35:31+00:00\",\"dateModified\":\"2022-02-08T11:45:10+00:00\",\"description\":\"Kaliumjodidi (KI) on kaliumin ja jodin yhdiste, v\u00e4rit\u00f6n suola, joka koostuu positiivisista kaliumioneista, K+ ja negatiivisista jodidi-ioneista (I-).\",\"breadcrumb\":{\"@id\":\"https:\/\/masterchem.ee\/fi\/tooted-ja-teenused\/kaliumjodidi-cas-7681-11-0\/#breadcrumb\"},\"inLanguage\":\"fi\",\"potentialAction\":[{\"@type\":\"ReadAction\",\"target\":[\"https:\/\/masterchem.ee\/fi\/tooted-ja-teenused\/kaliumjodidi-cas-7681-11-0\/\"]}]},{\"@type\":\"ImageObject\",\"inLanguage\":\"fi\",\"@id\":\"https:\/\/masterchem.ee\/fi\/tooted-ja-teenused\/kaliumjodidi-cas-7681-11-0\/#primaryimage\",\"url\":\"https:\/\/masterchem.ee\/wp-content\/uploads\/2022\/02\/kaaliumjodiid-25kg-MasterChem.jpg\",\"contentUrl\":\"https:\/\/masterchem.ee\/wp-content\/uploads\/2022\/02\/kaaliumjodiid-25kg-MasterChem.jpg\",\"width\":1000,\"height\":1000,\"caption\":\"Kaliumjodidi (CAS 7681-11-0) 25kg-MasterChem\"},{\"@type\":\"BreadcrumbList\",\"@id\":\"https:\/\/masterchem.ee\/fi\/tooted-ja-teenused\/kaliumjodidi-cas-7681-11-0\/#breadcrumb\",\"itemListElement\":[{\"@type\":\"ListItem\",\"position\":1,\"name\":\"Home\",\"item\":\"https:\/\/masterchem.ee\/fi\/\"},{\"@type\":\"ListItem\",\"position\":2,\"name\":\"Tooted ja teenused\",\"item\":\"https:\/\/masterchem.ee\/tooted-ja-teenused\/\"},{\"@type\":\"ListItem\",\"position\":3,\"name\":\"Kaliumjodidi (CAS 7681-11-0)\"}]},{\"@type\":\"WebSite\",\"@id\":\"https:\/\/masterchem.ee\/fi\/#website\",\"url\":\"https:\/\/masterchem.ee\/fi\/\",\"name\":\"Masterchem.ee\",\"description\":\"Chemistry For Industry - Solvents &amp; Chemicals\",\"publisher\":{\"@id\":\"https:\/\/masterchem.ee\/fi\/#organization\"},\"potentialAction\":[{\"@type\":\"SearchAction\",\"target\":{\"@type\":\"EntryPoint\",\"urlTemplate\":\"https:\/\/masterchem.ee\/fi\/?s={search_term_string}\"},\"query-input\":{\"@type\":\"PropertyValueSpecification\",\"valueRequired\":true,\"valueName\":\"search_term_string\"}}],\"inLanguage\":\"fi\"},{\"@type\":\"Organization\",\"@id\":\"https:\/\/masterchem.ee\/fi\/#organization\",\"name\":\"Masterchem\",\"url\":\"https:\/\/masterchem.ee\/fi\/\",\"logo\":{\"@type\":\"ImageObject\",\"inLanguage\":\"fi\",\"@id\":\"https:\/\/masterchem.ee\/fi\/#\/schema\/logo\/image\/\",\"url\":\"https:\/\/masterchem.ee\/wp-content\/uploads\/2018\/02\/master-chem_final-1.png\",\"contentUrl\":\"https:\/\/masterchem.ee\/wp-content\/uploads\/2018\/02\/master-chem_final-1.png\",\"width\":850,\"height\":356,\"caption\":\"Masterchem\"},\"image\":{\"@id\":\"https:\/\/masterchem.ee\/fi\/#\/schema\/logo\/image\/\"}}]}<\/script>\n<!-- \/ Yoast SEO plugin. -->","yoast_head_json":{"title":"Kaliumjodidi (CAS 7681-11-0) - Chemistry For Industry - Solvents &amp; Chemicals - Masterchem.ee","description":"Kaliumjodidi (KI) on kaliumin ja jodin yhdiste, v\u00e4rit\u00f6n suola, joka koostuu positiivisista kaliumioneista, K+ ja negatiivisista jodidi-ioneista (I-).","robots":{"index":"index","follow":"follow","max-snippet":"max-snippet:-1","max-image-preview":"max-image-preview:large","max-video-preview":"max-video-preview:-1"},"canonical":"https:\/\/masterchem.ee\/fi\/tooted-ja-teenused\/kaliumjodidi-cas-7681-11-0\/","twitter_card":"summary_large_image","twitter_title":"Kaliumjodidi (CAS 7681-11-0) - Chemistry For Industry - Solvents &amp; Chemicals - Masterchem.ee","twitter_description":"Kaliumjodidi (KI) on kaliumin ja jodin yhdiste, v\u00e4rit\u00f6n suola, joka koostuu positiivisista kaliumioneista, K+ ja negatiivisista jodidi-ioneista (I-).","twitter_image":"https:\/\/masterchem.ee\/wp-content\/uploads\/2022\/02\/kaaliumjodiid-25kg-MasterChem.jpg","schema":{"@context":"https:\/\/schema.org","@graph":[{"@type":"WebPage","@id":"https:\/\/masterchem.ee\/fi\/tooted-ja-teenused\/kaliumjodidi-cas-7681-11-0\/","url":"https:\/\/masterchem.ee\/fi\/tooted-ja-teenused\/kaliumjodidi-cas-7681-11-0\/","name":"Kaliumjodidi (CAS 7681-11-0) - Chemistry For Industry - Solvents &amp; Chemicals - Masterchem.ee","isPartOf":{"@id":"https:\/\/masterchem.ee\/fi\/#website"},"primaryImageOfPage":{"@id":"https:\/\/masterchem.ee\/fi\/tooted-ja-teenused\/kaliumjodidi-cas-7681-11-0\/#primaryimage"},"image":{"@id":"https:\/\/masterchem.ee\/fi\/tooted-ja-teenused\/kaliumjodidi-cas-7681-11-0\/#primaryimage"},"thumbnailUrl":"https:\/\/masterchem.ee\/wp-content\/uploads\/2022\/02\/kaaliumjodiid-25kg-MasterChem.jpg","datePublished":"2022-02-08T11:35:31+00:00","dateModified":"2022-02-08T11:45:10+00:00","description":"Kaliumjodidi (KI) on kaliumin ja jodin yhdiste, v\u00e4rit\u00f6n suola, joka koostuu positiivisista kaliumioneista, K+ ja negatiivisista jodidi-ioneista (I-).","breadcrumb":{"@id":"https:\/\/masterchem.ee\/fi\/tooted-ja-teenused\/kaliumjodidi-cas-7681-11-0\/#breadcrumb"},"inLanguage":"fi","potentialAction":[{"@type":"ReadAction","target":["https:\/\/masterchem.ee\/fi\/tooted-ja-teenused\/kaliumjodidi-cas-7681-11-0\/"]}]},{"@type":"ImageObject","inLanguage":"fi","@id":"https:\/\/masterchem.ee\/fi\/tooted-ja-teenused\/kaliumjodidi-cas-7681-11-0\/#primaryimage","url":"https:\/\/masterchem.ee\/wp-content\/uploads\/2022\/02\/kaaliumjodiid-25kg-MasterChem.jpg","contentUrl":"https:\/\/masterchem.ee\/wp-content\/uploads\/2022\/02\/kaaliumjodiid-25kg-MasterChem.jpg","width":1000,"height":1000,"caption":"Kaliumjodidi (CAS 7681-11-0) 25kg-MasterChem"},{"@type":"BreadcrumbList","@id":"https:\/\/masterchem.ee\/fi\/tooted-ja-teenused\/kaliumjodidi-cas-7681-11-0\/#breadcrumb","itemListElement":[{"@type":"ListItem","position":1,"name":"Home","item":"https:\/\/masterchem.ee\/fi\/"},{"@type":"ListItem","position":2,"name":"Tooted ja teenused","item":"https:\/\/masterchem.ee\/tooted-ja-teenused\/"},{"@type":"ListItem","position":3,"name":"Kaliumjodidi (CAS 7681-11-0)"}]},{"@type":"WebSite","@id":"https:\/\/masterchem.ee\/fi\/#website","url":"https:\/\/masterchem.ee\/fi\/","name":"Masterchem.ee","description":"Chemistry For Industry - Solvents &amp; Chemicals","publisher":{"@id":"https:\/\/masterchem.ee\/fi\/#organization"},"potentialAction":[{"@type":"SearchAction","target":{"@type":"EntryPoint","urlTemplate":"https:\/\/masterchem.ee\/fi\/?s={search_term_string}"},"query-input":{"@type":"PropertyValueSpecification","valueRequired":true,"valueName":"search_term_string"}}],"inLanguage":"fi"},{"@type":"Organization","@id":"https:\/\/masterchem.ee\/fi\/#organization","name":"Masterchem","url":"https:\/\/masterchem.ee\/fi\/","logo":{"@type":"ImageObject","inLanguage":"fi","@id":"https:\/\/masterchem.ee\/fi\/#\/schema\/logo\/image\/","url":"https:\/\/masterchem.ee\/wp-content\/uploads\/2018\/02\/master-chem_final-1.png","contentUrl":"https:\/\/masterchem.ee\/wp-content\/uploads\/2018\/02\/master-chem_final-1.png","width":850,"height":356,"caption":"Masterchem"},"image":{"@id":"https:\/\/masterchem.ee\/fi\/#\/schema\/logo\/image\/"}}]}},"_links":{"self":[{"href":"https:\/\/masterchem.ee\/fi\/wp-json\/wp\/v2\/product\/17742","targetHints":{"allow":["GET"]}}],"collection":[{"href":"https:\/\/masterchem.ee\/fi\/wp-json\/wp\/v2\/product"}],"about":[{"href":"https:\/\/masterchem.ee\/fi\/wp-json\/wp\/v2\/types\/product"}],"wp:featuredmedia":[{"embeddable":true,"href":"https:\/\/masterchem.ee\/fi\/wp-json\/wp\/v2\/media\/17748"}],"wp:attachment":[{"href":"https:\/\/masterchem.ee\/fi\/wp-json\/wp\/v2\/media?parent=17742"}],"wp:term":[{"taxonomy":"product_brand","embeddable":true,"href":"https:\/\/masterchem.ee\/fi\/wp-json\/wp\/v2\/product_brand?post=17742"},{"taxonomy":"product_cat","embeddable":true,"href":"https:\/\/masterchem.ee\/fi\/wp-json\/wp\/v2\/product_cat?post=17742"},{"taxonomy":"product_tag","embeddable":true,"href":"https:\/\/masterchem.ee\/fi\/wp-json\/wp\/v2\/product_tag?post=17742"}],"curies":[{"name":"wp","href":"https:\/\/api.w.org\/{rel}","templated":true}]}}