{"id":17630,"date":"2022-01-31T20:19:13","date_gmt":"2022-01-31T20:19:17","guid":{"rendered":"https:\/\/masterchem.ee\/?post_type=product&#038;p=17630"},"modified":"2022-01-31T20:25:38","modified_gmt":"2022-01-31T20:25:38","slug":"laktoosi-cas-63-42-3","status":"publish","type":"product","link":"https:\/\/masterchem.ee\/fi\/tooted-ja-teenused\/laktoosi-cas-63-42-3\/","title":{"rendered":"Laktoosi (CAS 63-42-3)"},"content":{"rendered":"<p> <strong> Info<\/strong> <\/p>\n<p>Teollisuus: elintarviketeollisuus<br \/>\nCAS-numero: 63-42-3<br \/>\nWE-numero: 200-559-2<br \/>\nKemiallinen kaava: C12H22O11<br \/>\nMolekyylimassa: 342,3 g\/mol<\/p>\n<p><strong>Muut fyysiset ominaisuudet<\/strong><br \/>\npH: >6<br \/>\nSulamis-\/j\u00e4\u00e4tymispiste: 225\u00b0C<\/p>\n","protected":false},"excerpt":{"rendered":"<p><strong>Laktoosi (CAS 63-42-3)<\/strong><\/p>\n<p>Laktoosi eli maitosokeri on nis\u00e4kk\u00e4iden maidossa esiintyv\u00e4 hiilihydraatti. Sit\u00e4 on esimerkiksi \u00e4idinmaidossa noin seitsem\u00e4n prosenttia ja lehm\u00e4nmaidossa 4,8 %. Sana laktoosi tulee latinan maitoa tarkoittavasta lac-sanan obliikvivartalosta lact- ja sokereihin viittaavasta -oosi-p\u00e4\u00e4tteest\u00e4.<\/p>\n<p>Laktoosi on disakkaridi, joka koostuu kahdesta happisillan yhdist\u00e4m\u00e4st\u00e4 monosakkaridista: glukoosista ja galaktoosista. Laktoosin empiirinen kaava on C12H22O11, moolimassa 342,3 g\/mol ja CAS-numero 63-42-3.<\/p>\n","protected":false},"featured_media":17636,"template":"","meta":[],"product_brand":[],"product_cat":[180,307],"product_tag":[],"class_list":{"0":"post-17630","1":"product","2":"type-product","3":"status-publish","4":"has-post-thumbnail","6":"product_cat-uncategorized-fi-2","7":"product_cat-ruokateollisuus","9":"first","10":"instock","11":"taxable","12":"shipping-taxable","13":"purchasable","14":"product-type-variable","15":"has-default-attributes"},"yoast_head":"<!-- This site is optimized with the Yoast SEO plugin v26.2 - https:\/\/yoast.com\/wordpress\/plugins\/seo\/ -->\n<title>Laktoosi (CAS 63-42-3) - Chemistry For Industry - Solvents &amp; Chemicals - Masterchem.ee<\/title>\n<meta name=\"description\" content=\"Laktoosi eli maitosokeri on nis\u00e4kk\u00e4iden maidossa esiintyv\u00e4 hiilihydraatti. Sit\u00e4 on esimerkiksi \u00e4idinmaidossa noin seitsem\u00e4n prosenttia ja lehm\u00e4nmaidossa 4,8 %.\" \/>\n<meta name=\"robots\" content=\"index, follow, max-snippet:-1, max-image-preview:large, max-video-preview:-1\" \/>\n<link rel=\"canonical\" href=\"https:\/\/masterchem.ee\/fi\/tooted-ja-teenused\/laktoosi-cas-63-42-3\/\" \/>\n<meta name=\"twitter:card\" content=\"summary_large_image\" \/>\n<meta name=\"twitter:title\" content=\"Laktoosi (CAS 63-42-3) - Chemistry For Industry - Solvents &amp; Chemicals - Masterchem.ee\" \/>\n<meta name=\"twitter:description\" content=\"Laktoosi eli maitosokeri on nis\u00e4kk\u00e4iden maidossa esiintyv\u00e4 hiilihydraatti. Sit\u00e4 on esimerkiksi \u00e4idinmaidossa noin seitsem\u00e4n prosenttia ja lehm\u00e4nmaidossa 4,8 %.\" \/>\n<meta name=\"twitter:image\" content=\"https:\/\/masterchem.ee\/wp-content\/uploads\/2022\/01\/Laktoos-25kg-MasterChem.jpg\" \/>\n<script type=\"application\/ld+json\" class=\"yoast-schema-graph\">{\"@context\":\"https:\/\/schema.org\",\"@graph\":[{\"@type\":\"WebPage\",\"@id\":\"https:\/\/masterchem.ee\/fi\/tooted-ja-teenused\/laktoosi-cas-63-42-3\/\",\"url\":\"https:\/\/masterchem.ee\/fi\/tooted-ja-teenused\/laktoosi-cas-63-42-3\/\",\"name\":\"Laktoosi (CAS 63-42-3) - Chemistry For Industry - Solvents &amp; Chemicals - Masterchem.ee\",\"isPartOf\":{\"@id\":\"https:\/\/masterchem.ee\/fi\/#website\"},\"primaryImageOfPage\":{\"@id\":\"https:\/\/masterchem.ee\/fi\/tooted-ja-teenused\/laktoosi-cas-63-42-3\/#primaryimage\"},\"image\":{\"@id\":\"https:\/\/masterchem.ee\/fi\/tooted-ja-teenused\/laktoosi-cas-63-42-3\/#primaryimage\"},\"thumbnailUrl\":\"https:\/\/masterchem.ee\/wp-content\/uploads\/2022\/01\/Laktoos-25kg-MasterChem.jpg\",\"datePublished\":\"2022-01-31T20:19:17+00:00\",\"dateModified\":\"2022-01-31T20:25:38+00:00\",\"description\":\"Laktoosi eli maitosokeri on nis\u00e4kk\u00e4iden maidossa esiintyv\u00e4 hiilihydraatti. Sit\u00e4 on esimerkiksi \u00e4idinmaidossa noin seitsem\u00e4n prosenttia ja lehm\u00e4nmaidossa 4,8 %.\",\"breadcrumb\":{\"@id\":\"https:\/\/masterchem.ee\/fi\/tooted-ja-teenused\/laktoosi-cas-63-42-3\/#breadcrumb\"},\"inLanguage\":\"fi\",\"potentialAction\":[{\"@type\":\"ReadAction\",\"target\":[\"https:\/\/masterchem.ee\/fi\/tooted-ja-teenused\/laktoosi-cas-63-42-3\/\"]}]},{\"@type\":\"ImageObject\",\"inLanguage\":\"fi\",\"@id\":\"https:\/\/masterchem.ee\/fi\/tooted-ja-teenused\/laktoosi-cas-63-42-3\/#primaryimage\",\"url\":\"https:\/\/masterchem.ee\/wp-content\/uploads\/2022\/01\/Laktoos-25kg-MasterChem.jpg\",\"contentUrl\":\"https:\/\/masterchem.ee\/wp-content\/uploads\/2022\/01\/Laktoos-25kg-MasterChem.jpg\",\"width\":1000,\"height\":1000,\"caption\":\"Laktoosi (CAS 63-42-3) 25kg-MasterChem\"},{\"@type\":\"BreadcrumbList\",\"@id\":\"https:\/\/masterchem.ee\/fi\/tooted-ja-teenused\/laktoosi-cas-63-42-3\/#breadcrumb\",\"itemListElement\":[{\"@type\":\"ListItem\",\"position\":1,\"name\":\"Home\",\"item\":\"https:\/\/masterchem.ee\/fi\/\"},{\"@type\":\"ListItem\",\"position\":2,\"name\":\"Tooted ja teenused\",\"item\":\"https:\/\/masterchem.ee\/tooted-ja-teenused\/\"},{\"@type\":\"ListItem\",\"position\":3,\"name\":\"Laktoosi (CAS 63-42-3)\"}]},{\"@type\":\"WebSite\",\"@id\":\"https:\/\/masterchem.ee\/fi\/#website\",\"url\":\"https:\/\/masterchem.ee\/fi\/\",\"name\":\"Masterchem.ee\",\"description\":\"Chemistry For Industry - Solvents &amp; Chemicals\",\"publisher\":{\"@id\":\"https:\/\/masterchem.ee\/fi\/#organization\"},\"potentialAction\":[{\"@type\":\"SearchAction\",\"target\":{\"@type\":\"EntryPoint\",\"urlTemplate\":\"https:\/\/masterchem.ee\/fi\/?s={search_term_string}\"},\"query-input\":{\"@type\":\"PropertyValueSpecification\",\"valueRequired\":true,\"valueName\":\"search_term_string\"}}],\"inLanguage\":\"fi\"},{\"@type\":\"Organization\",\"@id\":\"https:\/\/masterchem.ee\/fi\/#organization\",\"name\":\"Masterchem\",\"url\":\"https:\/\/masterchem.ee\/fi\/\",\"logo\":{\"@type\":\"ImageObject\",\"inLanguage\":\"fi\",\"@id\":\"https:\/\/masterchem.ee\/fi\/#\/schema\/logo\/image\/\",\"url\":\"https:\/\/masterchem.ee\/wp-content\/uploads\/2018\/02\/master-chem_final-1.png\",\"contentUrl\":\"https:\/\/masterchem.ee\/wp-content\/uploads\/2018\/02\/master-chem_final-1.png\",\"width\":850,\"height\":356,\"caption\":\"Masterchem\"},\"image\":{\"@id\":\"https:\/\/masterchem.ee\/fi\/#\/schema\/logo\/image\/\"}}]}<\/script>\n<!-- \/ Yoast SEO plugin. -->","yoast_head_json":{"title":"Laktoosi (CAS 63-42-3) - Chemistry For Industry - Solvents &amp; Chemicals - Masterchem.ee","description":"Laktoosi eli maitosokeri on nis\u00e4kk\u00e4iden maidossa esiintyv\u00e4 hiilihydraatti. Sit\u00e4 on esimerkiksi \u00e4idinmaidossa noin seitsem\u00e4n prosenttia ja lehm\u00e4nmaidossa 4,8 %.","robots":{"index":"index","follow":"follow","max-snippet":"max-snippet:-1","max-image-preview":"max-image-preview:large","max-video-preview":"max-video-preview:-1"},"canonical":"https:\/\/masterchem.ee\/fi\/tooted-ja-teenused\/laktoosi-cas-63-42-3\/","twitter_card":"summary_large_image","twitter_title":"Laktoosi (CAS 63-42-3) - Chemistry For Industry - Solvents &amp; Chemicals - Masterchem.ee","twitter_description":"Laktoosi eli maitosokeri on nis\u00e4kk\u00e4iden maidossa esiintyv\u00e4 hiilihydraatti. Sit\u00e4 on esimerkiksi \u00e4idinmaidossa noin seitsem\u00e4n prosenttia ja lehm\u00e4nmaidossa 4,8 %.","twitter_image":"https:\/\/masterchem.ee\/wp-content\/uploads\/2022\/01\/Laktoos-25kg-MasterChem.jpg","schema":{"@context":"https:\/\/schema.org","@graph":[{"@type":"WebPage","@id":"https:\/\/masterchem.ee\/fi\/tooted-ja-teenused\/laktoosi-cas-63-42-3\/","url":"https:\/\/masterchem.ee\/fi\/tooted-ja-teenused\/laktoosi-cas-63-42-3\/","name":"Laktoosi (CAS 63-42-3) - Chemistry For Industry - Solvents &amp; Chemicals - Masterchem.ee","isPartOf":{"@id":"https:\/\/masterchem.ee\/fi\/#website"},"primaryImageOfPage":{"@id":"https:\/\/masterchem.ee\/fi\/tooted-ja-teenused\/laktoosi-cas-63-42-3\/#primaryimage"},"image":{"@id":"https:\/\/masterchem.ee\/fi\/tooted-ja-teenused\/laktoosi-cas-63-42-3\/#primaryimage"},"thumbnailUrl":"https:\/\/masterchem.ee\/wp-content\/uploads\/2022\/01\/Laktoos-25kg-MasterChem.jpg","datePublished":"2022-01-31T20:19:17+00:00","dateModified":"2022-01-31T20:25:38+00:00","description":"Laktoosi eli maitosokeri on nis\u00e4kk\u00e4iden maidossa esiintyv\u00e4 hiilihydraatti. Sit\u00e4 on esimerkiksi \u00e4idinmaidossa noin seitsem\u00e4n prosenttia ja lehm\u00e4nmaidossa 4,8 %.","breadcrumb":{"@id":"https:\/\/masterchem.ee\/fi\/tooted-ja-teenused\/laktoosi-cas-63-42-3\/#breadcrumb"},"inLanguage":"fi","potentialAction":[{"@type":"ReadAction","target":["https:\/\/masterchem.ee\/fi\/tooted-ja-teenused\/laktoosi-cas-63-42-3\/"]}]},{"@type":"ImageObject","inLanguage":"fi","@id":"https:\/\/masterchem.ee\/fi\/tooted-ja-teenused\/laktoosi-cas-63-42-3\/#primaryimage","url":"https:\/\/masterchem.ee\/wp-content\/uploads\/2022\/01\/Laktoos-25kg-MasterChem.jpg","contentUrl":"https:\/\/masterchem.ee\/wp-content\/uploads\/2022\/01\/Laktoos-25kg-MasterChem.jpg","width":1000,"height":1000,"caption":"Laktoosi (CAS 63-42-3) 25kg-MasterChem"},{"@type":"BreadcrumbList","@id":"https:\/\/masterchem.ee\/fi\/tooted-ja-teenused\/laktoosi-cas-63-42-3\/#breadcrumb","itemListElement":[{"@type":"ListItem","position":1,"name":"Home","item":"https:\/\/masterchem.ee\/fi\/"},{"@type":"ListItem","position":2,"name":"Tooted ja teenused","item":"https:\/\/masterchem.ee\/tooted-ja-teenused\/"},{"@type":"ListItem","position":3,"name":"Laktoosi (CAS 63-42-3)"}]},{"@type":"WebSite","@id":"https:\/\/masterchem.ee\/fi\/#website","url":"https:\/\/masterchem.ee\/fi\/","name":"Masterchem.ee","description":"Chemistry For Industry - Solvents &amp; Chemicals","publisher":{"@id":"https:\/\/masterchem.ee\/fi\/#organization"},"potentialAction":[{"@type":"SearchAction","target":{"@type":"EntryPoint","urlTemplate":"https:\/\/masterchem.ee\/fi\/?s={search_term_string}"},"query-input":{"@type":"PropertyValueSpecification","valueRequired":true,"valueName":"search_term_string"}}],"inLanguage":"fi"},{"@type":"Organization","@id":"https:\/\/masterchem.ee\/fi\/#organization","name":"Masterchem","url":"https:\/\/masterchem.ee\/fi\/","logo":{"@type":"ImageObject","inLanguage":"fi","@id":"https:\/\/masterchem.ee\/fi\/#\/schema\/logo\/image\/","url":"https:\/\/masterchem.ee\/wp-content\/uploads\/2018\/02\/master-chem_final-1.png","contentUrl":"https:\/\/masterchem.ee\/wp-content\/uploads\/2018\/02\/master-chem_final-1.png","width":850,"height":356,"caption":"Masterchem"},"image":{"@id":"https:\/\/masterchem.ee\/fi\/#\/schema\/logo\/image\/"}}]}},"_links":{"self":[{"href":"https:\/\/masterchem.ee\/fi\/wp-json\/wp\/v2\/product\/17630","targetHints":{"allow":["GET"]}}],"collection":[{"href":"https:\/\/masterchem.ee\/fi\/wp-json\/wp\/v2\/product"}],"about":[{"href":"https:\/\/masterchem.ee\/fi\/wp-json\/wp\/v2\/types\/product"}],"wp:featuredmedia":[{"embeddable":true,"href":"https:\/\/masterchem.ee\/fi\/wp-json\/wp\/v2\/media\/17636"}],"wp:attachment":[{"href":"https:\/\/masterchem.ee\/fi\/wp-json\/wp\/v2\/media?parent=17630"}],"wp:term":[{"taxonomy":"product_brand","embeddable":true,"href":"https:\/\/masterchem.ee\/fi\/wp-json\/wp\/v2\/product_brand?post=17630"},{"taxonomy":"product_cat","embeddable":true,"href":"https:\/\/masterchem.ee\/fi\/wp-json\/wp\/v2\/product_cat?post=17630"},{"taxonomy":"product_tag","embeddable":true,"href":"https:\/\/masterchem.ee\/fi\/wp-json\/wp\/v2\/product_tag?post=17630"}],"curies":[{"name":"wp","href":"https:\/\/api.w.org\/{rel}","templated":true}]}}