{"id":17614,"date":"2022-01-31T20:07:09","date_gmt":"2022-01-31T20:07:12","guid":{"rendered":"https:\/\/masterchem.ee\/?post_type=product&#038;p=17614"},"modified":"2022-01-31T20:11:58","modified_gmt":"2022-01-31T20:11:58","slug":"soijalesitiini-cas-8002-43-5","status":"publish","type":"product","link":"https:\/\/masterchem.ee\/fi\/tooted-ja-teenused\/soijalesitiini-cas-8002-43-5\/","title":{"rendered":"Soijalesitiini (CAS 8002-43-5)"},"content":{"rendered":"<p> <strong> Info<\/strong> <\/p>\n<p>Toimialat: L\u00e4\u00e4keteollisuus, Elintarviketeollisuus<br \/>\nCAS-numero: 8002-43-5<br \/>\nWE-numero: 232-307-2<br \/>\nTullitariffikoodi: 29232000<\/p>\n<p><strong>Muut fyysiset ominaisuudet<\/strong><br \/>\npH: 5-6 (100g\/l H2O, 20\u00b0C)<br \/>\nSulamis-\/j\u00e4\u00e4tymispiste: 263-265\u00b0C<br \/>\nSuhteellinen tiheys: 360 kg\/m3<br \/>\nLiukoisuus veteen: 420 g\/l (20\u00b0C)<\/p>\n","protected":false},"excerpt":{"rendered":"<p><strong>Soijalesitiini (CAS 8002-43-5)<\/strong><\/p>\n<p>Elintarvikelaatuista lesitiini\u00e4 saadaan soijapavuista ja muista kasvil\u00e4hteist\u00e4. Se on asetoniin liukenemattomien fosfatidien monimutkainen seos, joka koostuu p\u00e4\u00e4asiassa fosfatidyylikoliinista, fosfatidyylietanoliamiinista ja fosfatidyyli-inositolista yhdistettyn\u00e4 useisiin m\u00e4\u00e4riin muita aineita, kuten triglyseridej\u00e4, rasvahappoja ja hiilihydraatteja. Jalostetut lesitiinilaadut voivat sis\u00e4lt\u00e4\u00e4 mit\u00e4 tahansa n\u00e4ist\u00e4 komponenteista vaihtelevissa suhteissa ja yhdistelmiss\u00e4 k\u00e4ytetyn fraktiointityypin mukaan. \u00d6ljytt\u00f6m\u00e4ss\u00e4 muodossaan triglyseridien ja rasvahappojen valtaosa poistetaan ja tuote sis\u00e4lt\u00e4\u00e4 90 % tai enemm\u00e4n fosfatideja, jotka edustavat koko fosfatidikompleksin koko tai tiettyj\u00e4 fraktioita. Sek\u00e4 luonnollisten ett\u00e4 jalostettujen lesitiinin laatujen konsistenssi voi vaihdella muovista nestem\u00e4iseen riippuen vapaiden rasvahappojen ja \u00f6ljyjen pitoisuudesta sek\u00e4 muiden laimennusaineiden l\u00e4sn\u00e4olosta tai puuttumisesta. Sen v\u00e4ri vaihtelee vaaleankeltaisesta ruskeaan riippuen l\u00e4hteest\u00e4, satovaihteluista ja siit\u00e4, onko se valkaistu vai valkaisematon. Se on hajuton tai sill\u00e4 on ominainen, liev\u00e4sti p\u00e4hkin\u00e4m\u00e4inen tuoksu ja mieto maku. Sy\u00f6t\u00e4v\u00e4t laimentimet, kuten kaakaovoi ja kasvi\u00f6ljyt, korvaavat usein soija\u00f6ljy\u00e4 toiminnallisten ja makuominaisuuksien parantamiseksi. Lesitiini liukenee vain osittain veteen, mutta hydratoituu helposti muodostaen emulsioita. \u00d6ljytt\u00f6m\u00e4t fosfatidit liukenevat rasvahappoihin, mutta ovat k\u00e4yt\u00e4nn\u00f6ss\u00e4 liukenemattomia rasva\u00f6ljyihin. Kun kaikki fosfatidifraktiot ovat l\u00e4sn\u00e4, lesitiini liukenee osittain alkoholiin ja k\u00e4yt\u00e4nn\u00f6ss\u00e4 liukenematon asetoniin.<\/p>\n","protected":false},"featured_media":17620,"template":"","meta":[],"product_brand":[],"product_cat":[180,120,307],"product_tag":[],"class_list":{"0":"post-17614","1":"product","2":"type-product","3":"status-publish","4":"has-post-thumbnail","6":"product_cat-uncategorized-fi-2","7":"product_cat-laaketeollisuus","8":"product_cat-ruokateollisuus","10":"first","11":"instock","12":"taxable","13":"shipping-taxable","14":"purchasable","15":"product-type-variable","16":"has-default-attributes"},"yoast_head":"<!-- This site is optimized with the Yoast SEO plugin v26.2 - https:\/\/yoast.com\/wordpress\/plugins\/seo\/ -->\n<title>Soijalesitiini (CAS 8002-43-5) - Chemistry For Industry - Solvents &amp; Chemicals - Masterchem.ee<\/title>\n<meta name=\"description\" content=\"Elintarvikelaatuista lesitiini\u00e4 saadaan soijapavuista ja muista kasvil\u00e4hteist\u00e4.\" \/>\n<meta name=\"robots\" content=\"index, follow, max-snippet:-1, max-image-preview:large, max-video-preview:-1\" \/>\n<link rel=\"canonical\" href=\"https:\/\/masterchem.ee\/fi\/tooted-ja-teenused\/soijalesitiini-cas-8002-43-5\/\" \/>\n<meta name=\"twitter:card\" content=\"summary_large_image\" \/>\n<meta name=\"twitter:title\" content=\"Soijalesitiini (CAS 8002-43-5) - Chemistry For Industry - Solvents &amp; Chemicals - Masterchem.ee\" \/>\n<meta name=\"twitter:description\" content=\"Elintarvikelaatuista lesitiini\u00e4 saadaan soijapavuista ja muista kasvil\u00e4hteist\u00e4.\" \/>\n<meta name=\"twitter:image\" content=\"https:\/\/masterchem.ee\/wp-content\/uploads\/2022\/01\/Sojaletsitiin-25kg-MasterChem.jpg\" \/>\n<script type=\"application\/ld+json\" class=\"yoast-schema-graph\">{\"@context\":\"https:\/\/schema.org\",\"@graph\":[{\"@type\":\"WebPage\",\"@id\":\"https:\/\/masterchem.ee\/fi\/tooted-ja-teenused\/soijalesitiini-cas-8002-43-5\/\",\"url\":\"https:\/\/masterchem.ee\/fi\/tooted-ja-teenused\/soijalesitiini-cas-8002-43-5\/\",\"name\":\"Soijalesitiini (CAS 8002-43-5) - Chemistry For Industry - Solvents &amp; Chemicals - Masterchem.ee\",\"isPartOf\":{\"@id\":\"https:\/\/masterchem.ee\/fi\/#website\"},\"primaryImageOfPage\":{\"@id\":\"https:\/\/masterchem.ee\/fi\/tooted-ja-teenused\/soijalesitiini-cas-8002-43-5\/#primaryimage\"},\"image\":{\"@id\":\"https:\/\/masterchem.ee\/fi\/tooted-ja-teenused\/soijalesitiini-cas-8002-43-5\/#primaryimage\"},\"thumbnailUrl\":\"https:\/\/masterchem.ee\/wp-content\/uploads\/2022\/01\/Sojaletsitiin-25kg-MasterChem.jpg\",\"datePublished\":\"2022-01-31T20:07:12+00:00\",\"dateModified\":\"2022-01-31T20:11:58+00:00\",\"description\":\"Elintarvikelaatuista lesitiini\u00e4 saadaan soijapavuista ja muista kasvil\u00e4hteist\u00e4.\",\"breadcrumb\":{\"@id\":\"https:\/\/masterchem.ee\/fi\/tooted-ja-teenused\/soijalesitiini-cas-8002-43-5\/#breadcrumb\"},\"inLanguage\":\"fi\",\"potentialAction\":[{\"@type\":\"ReadAction\",\"target\":[\"https:\/\/masterchem.ee\/fi\/tooted-ja-teenused\/soijalesitiini-cas-8002-43-5\/\"]}]},{\"@type\":\"ImageObject\",\"inLanguage\":\"fi\",\"@id\":\"https:\/\/masterchem.ee\/fi\/tooted-ja-teenused\/soijalesitiini-cas-8002-43-5\/#primaryimage\",\"url\":\"https:\/\/masterchem.ee\/wp-content\/uploads\/2022\/01\/Sojaletsitiin-25kg-MasterChem.jpg\",\"contentUrl\":\"https:\/\/masterchem.ee\/wp-content\/uploads\/2022\/01\/Sojaletsitiin-25kg-MasterChem.jpg\",\"width\":1000,\"height\":1000,\"caption\":\"Soijalesitiini (CAS 8002-43-5) 25kg MasterChem\"},{\"@type\":\"BreadcrumbList\",\"@id\":\"https:\/\/masterchem.ee\/fi\/tooted-ja-teenused\/soijalesitiini-cas-8002-43-5\/#breadcrumb\",\"itemListElement\":[{\"@type\":\"ListItem\",\"position\":1,\"name\":\"Home\",\"item\":\"https:\/\/masterchem.ee\/fi\/\"},{\"@type\":\"ListItem\",\"position\":2,\"name\":\"Tooted ja teenused\",\"item\":\"https:\/\/masterchem.ee\/tooted-ja-teenused\/\"},{\"@type\":\"ListItem\",\"position\":3,\"name\":\"Soijalesitiini (CAS 8002-43-5)\"}]},{\"@type\":\"WebSite\",\"@id\":\"https:\/\/masterchem.ee\/fi\/#website\",\"url\":\"https:\/\/masterchem.ee\/fi\/\",\"name\":\"Masterchem.ee\",\"description\":\"Chemistry For Industry - Solvents &amp; Chemicals\",\"publisher\":{\"@id\":\"https:\/\/masterchem.ee\/fi\/#organization\"},\"potentialAction\":[{\"@type\":\"SearchAction\",\"target\":{\"@type\":\"EntryPoint\",\"urlTemplate\":\"https:\/\/masterchem.ee\/fi\/?s={search_term_string}\"},\"query-input\":{\"@type\":\"PropertyValueSpecification\",\"valueRequired\":true,\"valueName\":\"search_term_string\"}}],\"inLanguage\":\"fi\"},{\"@type\":\"Organization\",\"@id\":\"https:\/\/masterchem.ee\/fi\/#organization\",\"name\":\"Masterchem\",\"url\":\"https:\/\/masterchem.ee\/fi\/\",\"logo\":{\"@type\":\"ImageObject\",\"inLanguage\":\"fi\",\"@id\":\"https:\/\/masterchem.ee\/fi\/#\/schema\/logo\/image\/\",\"url\":\"https:\/\/masterchem.ee\/wp-content\/uploads\/2018\/02\/master-chem_final-1.png\",\"contentUrl\":\"https:\/\/masterchem.ee\/wp-content\/uploads\/2018\/02\/master-chem_final-1.png\",\"width\":850,\"height\":356,\"caption\":\"Masterchem\"},\"image\":{\"@id\":\"https:\/\/masterchem.ee\/fi\/#\/schema\/logo\/image\/\"}}]}<\/script>\n<!-- \/ Yoast SEO plugin. -->","yoast_head_json":{"title":"Soijalesitiini (CAS 8002-43-5) - Chemistry For Industry - Solvents &amp; Chemicals - Masterchem.ee","description":"Elintarvikelaatuista lesitiini\u00e4 saadaan soijapavuista ja muista kasvil\u00e4hteist\u00e4.","robots":{"index":"index","follow":"follow","max-snippet":"max-snippet:-1","max-image-preview":"max-image-preview:large","max-video-preview":"max-video-preview:-1"},"canonical":"https:\/\/masterchem.ee\/fi\/tooted-ja-teenused\/soijalesitiini-cas-8002-43-5\/","twitter_card":"summary_large_image","twitter_title":"Soijalesitiini (CAS 8002-43-5) - Chemistry For Industry - Solvents &amp; Chemicals - Masterchem.ee","twitter_description":"Elintarvikelaatuista lesitiini\u00e4 saadaan soijapavuista ja muista kasvil\u00e4hteist\u00e4.","twitter_image":"https:\/\/masterchem.ee\/wp-content\/uploads\/2022\/01\/Sojaletsitiin-25kg-MasterChem.jpg","schema":{"@context":"https:\/\/schema.org","@graph":[{"@type":"WebPage","@id":"https:\/\/masterchem.ee\/fi\/tooted-ja-teenused\/soijalesitiini-cas-8002-43-5\/","url":"https:\/\/masterchem.ee\/fi\/tooted-ja-teenused\/soijalesitiini-cas-8002-43-5\/","name":"Soijalesitiini (CAS 8002-43-5) - Chemistry For Industry - Solvents &amp; Chemicals - Masterchem.ee","isPartOf":{"@id":"https:\/\/masterchem.ee\/fi\/#website"},"primaryImageOfPage":{"@id":"https:\/\/masterchem.ee\/fi\/tooted-ja-teenused\/soijalesitiini-cas-8002-43-5\/#primaryimage"},"image":{"@id":"https:\/\/masterchem.ee\/fi\/tooted-ja-teenused\/soijalesitiini-cas-8002-43-5\/#primaryimage"},"thumbnailUrl":"https:\/\/masterchem.ee\/wp-content\/uploads\/2022\/01\/Sojaletsitiin-25kg-MasterChem.jpg","datePublished":"2022-01-31T20:07:12+00:00","dateModified":"2022-01-31T20:11:58+00:00","description":"Elintarvikelaatuista lesitiini\u00e4 saadaan soijapavuista ja muista kasvil\u00e4hteist\u00e4.","breadcrumb":{"@id":"https:\/\/masterchem.ee\/fi\/tooted-ja-teenused\/soijalesitiini-cas-8002-43-5\/#breadcrumb"},"inLanguage":"fi","potentialAction":[{"@type":"ReadAction","target":["https:\/\/masterchem.ee\/fi\/tooted-ja-teenused\/soijalesitiini-cas-8002-43-5\/"]}]},{"@type":"ImageObject","inLanguage":"fi","@id":"https:\/\/masterchem.ee\/fi\/tooted-ja-teenused\/soijalesitiini-cas-8002-43-5\/#primaryimage","url":"https:\/\/masterchem.ee\/wp-content\/uploads\/2022\/01\/Sojaletsitiin-25kg-MasterChem.jpg","contentUrl":"https:\/\/masterchem.ee\/wp-content\/uploads\/2022\/01\/Sojaletsitiin-25kg-MasterChem.jpg","width":1000,"height":1000,"caption":"Soijalesitiini (CAS 8002-43-5) 25kg MasterChem"},{"@type":"BreadcrumbList","@id":"https:\/\/masterchem.ee\/fi\/tooted-ja-teenused\/soijalesitiini-cas-8002-43-5\/#breadcrumb","itemListElement":[{"@type":"ListItem","position":1,"name":"Home","item":"https:\/\/masterchem.ee\/fi\/"},{"@type":"ListItem","position":2,"name":"Tooted ja teenused","item":"https:\/\/masterchem.ee\/tooted-ja-teenused\/"},{"@type":"ListItem","position":3,"name":"Soijalesitiini (CAS 8002-43-5)"}]},{"@type":"WebSite","@id":"https:\/\/masterchem.ee\/fi\/#website","url":"https:\/\/masterchem.ee\/fi\/","name":"Masterchem.ee","description":"Chemistry For Industry - Solvents &amp; Chemicals","publisher":{"@id":"https:\/\/masterchem.ee\/fi\/#organization"},"potentialAction":[{"@type":"SearchAction","target":{"@type":"EntryPoint","urlTemplate":"https:\/\/masterchem.ee\/fi\/?s={search_term_string}"},"query-input":{"@type":"PropertyValueSpecification","valueRequired":true,"valueName":"search_term_string"}}],"inLanguage":"fi"},{"@type":"Organization","@id":"https:\/\/masterchem.ee\/fi\/#organization","name":"Masterchem","url":"https:\/\/masterchem.ee\/fi\/","logo":{"@type":"ImageObject","inLanguage":"fi","@id":"https:\/\/masterchem.ee\/fi\/#\/schema\/logo\/image\/","url":"https:\/\/masterchem.ee\/wp-content\/uploads\/2018\/02\/master-chem_final-1.png","contentUrl":"https:\/\/masterchem.ee\/wp-content\/uploads\/2018\/02\/master-chem_final-1.png","width":850,"height":356,"caption":"Masterchem"},"image":{"@id":"https:\/\/masterchem.ee\/fi\/#\/schema\/logo\/image\/"}}]}},"_links":{"self":[{"href":"https:\/\/masterchem.ee\/fi\/wp-json\/wp\/v2\/product\/17614","targetHints":{"allow":["GET"]}}],"collection":[{"href":"https:\/\/masterchem.ee\/fi\/wp-json\/wp\/v2\/product"}],"about":[{"href":"https:\/\/masterchem.ee\/fi\/wp-json\/wp\/v2\/types\/product"}],"wp:featuredmedia":[{"embeddable":true,"href":"https:\/\/masterchem.ee\/fi\/wp-json\/wp\/v2\/media\/17620"}],"wp:attachment":[{"href":"https:\/\/masterchem.ee\/fi\/wp-json\/wp\/v2\/media?parent=17614"}],"wp:term":[{"taxonomy":"product_brand","embeddable":true,"href":"https:\/\/masterchem.ee\/fi\/wp-json\/wp\/v2\/product_brand?post=17614"},{"taxonomy":"product_cat","embeddable":true,"href":"https:\/\/masterchem.ee\/fi\/wp-json\/wp\/v2\/product_cat?post=17614"},{"taxonomy":"product_tag","embeddable":true,"href":"https:\/\/masterchem.ee\/fi\/wp-json\/wp\/v2\/product_tag?post=17614"}],"curies":[{"name":"wp","href":"https:\/\/api.w.org\/{rel}","templated":true}]}}