{"id":17565,"date":"2022-01-29T16:57:18","date_gmt":"2022-01-29T16:57:22","guid":{"rendered":"https:\/\/masterchem.ee\/?post_type=product&#038;p=17565"},"modified":"2022-01-29T17:04:58","modified_gmt":"2022-01-29T17:04:58","slug":"natriumasetaatti-cas-127-09-3","status":"publish","type":"product","link":"https:\/\/masterchem.ee\/fi\/tooted-ja-teenused\/natriumasetaatti-cas-127-09-3\/","title":{"rendered":"Natriumasetaatti (CAS 127-09-3)"},"content":{"rendered":"<p> <strong> Info<\/strong> <\/p>\n<p>Teollisuus: elintarviketeollisuus<br \/>\nCAS-numero: 127-09-3<br \/>\nWE-numero: 204-823-8<br \/>\nKemiallinen kaava: CH3COONa<br \/>\nMolekyylimassa: 82,03 g\/mol<br \/>\nTullitariffikoodi: 29152900<\/p>\n<p><strong>Muut fyysiset ominaisuudet<\/strong><br \/>\npH: 7,5-9,2<br \/>\nSulamis-\/j\u00e4\u00e4tymispiste: 58\u00b0C<\/p>\n<p>Kiehumispiste\/alue: 123\u00b0C (1013 hPa)<br \/>\nSuhteellinen tiheys: 1,42 g\/cm3 (20\u00b0C )<br \/>\nLiukoisuus veteen: 76,2 g\/100 ml<\/p>\n","protected":false},"excerpt":{"rendered":"<p><strong>Natriumasetaatti (CAS 127-09-3)<\/strong><\/p>\n<p>Natriumasetaatin kemiallinen kaava on NaC2H3O2 ja rakennekaava CH3COONa. Se on etikkahapon (CH3COOH) natriumsuola. Vedet\u00f6n natriumasetaatti on normaaliolosuhteissa olomuodoltaan valkoista, hygroskooppista (ilmasta kosteutta helposti imev\u00e4\u00e4), kiteist\u00e4 jauhetta, jonka moolimassa on 82,04 g\/mol, sulamispiste 324 \u00b0C, liukoisuus veteen 47 g\/100ml 20 \u00b0C:n l\u00e4mp\u00f6tilassa, itsesyttymisl\u00e4mp\u00f6tila 607 \u00b0C ja CAS-numero 127-09-3.<\/p>\n<p>Rakeista natriumasetaattia k\u00e4ytet\u00e4\u00e4n mm. lentokenttien liukkaudentorjunnassa paksumman j\u00e4\u00e4n poistoon. Natriumasetaattia k\u00e4ytet\u00e4\u00e4n elintarvikkeissa l\u00e4hinn\u00e4 s\u00e4il\u00f6nt\u00e4aineena ja happamuudens\u00e4\u00e4t\u00f6aineena. Sen E-koodi on E262.<\/p>\n","protected":false},"featured_media":17571,"template":"","meta":[],"product_brand":[],"product_cat":[180,307],"product_tag":[],"class_list":{"0":"post-17565","1":"product","2":"type-product","3":"status-publish","4":"has-post-thumbnail","6":"product_cat-uncategorized-fi-2","7":"product_cat-ruokateollisuus","9":"first","10":"instock","11":"taxable","12":"shipping-taxable","13":"purchasable","14":"product-type-variable","15":"has-default-attributes"},"yoast_head":"<!-- This site is optimized with the Yoast SEO plugin v26.2 - https:\/\/yoast.com\/wordpress\/plugins\/seo\/ -->\n<title>Natriumasetaatti (CAS 127-09-3) - Chemistry For Industry - Solvents &amp; Chemicals - Masterchem.ee<\/title>\n<meta name=\"description\" content=\"Natriumasetaatin kemiallinen kaava on NaC2H3O2 ja rakennekaava CH3COONa. Se on etikkahapon (CH3COOH) natriumsuola.\" \/>\n<meta name=\"robots\" content=\"index, follow, max-snippet:-1, max-image-preview:large, max-video-preview:-1\" \/>\n<link rel=\"canonical\" href=\"https:\/\/masterchem.ee\/fi\/tooted-ja-teenused\/natriumasetaatti-cas-127-09-3\/\" \/>\n<meta name=\"twitter:card\" content=\"summary_large_image\" \/>\n<meta name=\"twitter:title\" content=\"Natriumasetaatti (CAS 127-09-3) - Chemistry For Industry - Solvents &amp; Chemicals - Masterchem.ee\" \/>\n<meta name=\"twitter:description\" content=\"Natriumasetaatin kemiallinen kaava on NaC2H3O2 ja rakennekaava CH3COONa. Se on etikkahapon (CH3COOH) natriumsuola.\" \/>\n<meta name=\"twitter:image\" content=\"https:\/\/masterchem.ee\/wp-content\/uploads\/2022\/01\/Naatriumatsetaat-25kg-MasterChem.jpg\" \/>\n<script type=\"application\/ld+json\" class=\"yoast-schema-graph\">{\"@context\":\"https:\/\/schema.org\",\"@graph\":[{\"@type\":\"WebPage\",\"@id\":\"https:\/\/masterchem.ee\/fi\/tooted-ja-teenused\/natriumasetaatti-cas-127-09-3\/\",\"url\":\"https:\/\/masterchem.ee\/fi\/tooted-ja-teenused\/natriumasetaatti-cas-127-09-3\/\",\"name\":\"Natriumasetaatti (CAS 127-09-3) - Chemistry For Industry - Solvents &amp; Chemicals - Masterchem.ee\",\"isPartOf\":{\"@id\":\"https:\/\/masterchem.ee\/fi\/#website\"},\"primaryImageOfPage\":{\"@id\":\"https:\/\/masterchem.ee\/fi\/tooted-ja-teenused\/natriumasetaatti-cas-127-09-3\/#primaryimage\"},\"image\":{\"@id\":\"https:\/\/masterchem.ee\/fi\/tooted-ja-teenused\/natriumasetaatti-cas-127-09-3\/#primaryimage\"},\"thumbnailUrl\":\"https:\/\/masterchem.ee\/wp-content\/uploads\/2022\/01\/Naatriumatsetaat-25kg-MasterChem.jpg\",\"datePublished\":\"2022-01-29T16:57:22+00:00\",\"dateModified\":\"2022-01-29T17:04:58+00:00\",\"description\":\"Natriumasetaatin kemiallinen kaava on NaC2H3O2 ja rakennekaava CH3COONa. Se on etikkahapon (CH3COOH) natriumsuola.\",\"breadcrumb\":{\"@id\":\"https:\/\/masterchem.ee\/fi\/tooted-ja-teenused\/natriumasetaatti-cas-127-09-3\/#breadcrumb\"},\"inLanguage\":\"fi\",\"potentialAction\":[{\"@type\":\"ReadAction\",\"target\":[\"https:\/\/masterchem.ee\/fi\/tooted-ja-teenused\/natriumasetaatti-cas-127-09-3\/\"]}]},{\"@type\":\"ImageObject\",\"inLanguage\":\"fi\",\"@id\":\"https:\/\/masterchem.ee\/fi\/tooted-ja-teenused\/natriumasetaatti-cas-127-09-3\/#primaryimage\",\"url\":\"https:\/\/masterchem.ee\/wp-content\/uploads\/2022\/01\/Naatriumatsetaat-25kg-MasterChem.jpg\",\"contentUrl\":\"https:\/\/masterchem.ee\/wp-content\/uploads\/2022\/01\/Naatriumatsetaat-25kg-MasterChem.jpg\",\"width\":1000,\"height\":1000,\"caption\":\"Natriumasetaatti (CAS 127-09-3) 25kg MasterChem\"},{\"@type\":\"BreadcrumbList\",\"@id\":\"https:\/\/masterchem.ee\/fi\/tooted-ja-teenused\/natriumasetaatti-cas-127-09-3\/#breadcrumb\",\"itemListElement\":[{\"@type\":\"ListItem\",\"position\":1,\"name\":\"Home\",\"item\":\"https:\/\/masterchem.ee\/fi\/\"},{\"@type\":\"ListItem\",\"position\":2,\"name\":\"Tooted ja teenused\",\"item\":\"https:\/\/masterchem.ee\/tooted-ja-teenused\/\"},{\"@type\":\"ListItem\",\"position\":3,\"name\":\"Natriumasetaatti (CAS 127-09-3)\"}]},{\"@type\":\"WebSite\",\"@id\":\"https:\/\/masterchem.ee\/fi\/#website\",\"url\":\"https:\/\/masterchem.ee\/fi\/\",\"name\":\"Masterchem.ee\",\"description\":\"Chemistry For Industry - Solvents &amp; Chemicals\",\"publisher\":{\"@id\":\"https:\/\/masterchem.ee\/fi\/#organization\"},\"potentialAction\":[{\"@type\":\"SearchAction\",\"target\":{\"@type\":\"EntryPoint\",\"urlTemplate\":\"https:\/\/masterchem.ee\/fi\/?s={search_term_string}\"},\"query-input\":{\"@type\":\"PropertyValueSpecification\",\"valueRequired\":true,\"valueName\":\"search_term_string\"}}],\"inLanguage\":\"fi\"},{\"@type\":\"Organization\",\"@id\":\"https:\/\/masterchem.ee\/fi\/#organization\",\"name\":\"Masterchem\",\"url\":\"https:\/\/masterchem.ee\/fi\/\",\"logo\":{\"@type\":\"ImageObject\",\"inLanguage\":\"fi\",\"@id\":\"https:\/\/masterchem.ee\/fi\/#\/schema\/logo\/image\/\",\"url\":\"https:\/\/masterchem.ee\/wp-content\/uploads\/2018\/02\/master-chem_final-1.png\",\"contentUrl\":\"https:\/\/masterchem.ee\/wp-content\/uploads\/2018\/02\/master-chem_final-1.png\",\"width\":850,\"height\":356,\"caption\":\"Masterchem\"},\"image\":{\"@id\":\"https:\/\/masterchem.ee\/fi\/#\/schema\/logo\/image\/\"}}]}<\/script>\n<!-- \/ Yoast SEO plugin. -->","yoast_head_json":{"title":"Natriumasetaatti (CAS 127-09-3) - Chemistry For Industry - Solvents &amp; Chemicals - Masterchem.ee","description":"Natriumasetaatin kemiallinen kaava on NaC2H3O2 ja rakennekaava CH3COONa. Se on etikkahapon (CH3COOH) natriumsuola.","robots":{"index":"index","follow":"follow","max-snippet":"max-snippet:-1","max-image-preview":"max-image-preview:large","max-video-preview":"max-video-preview:-1"},"canonical":"https:\/\/masterchem.ee\/fi\/tooted-ja-teenused\/natriumasetaatti-cas-127-09-3\/","twitter_card":"summary_large_image","twitter_title":"Natriumasetaatti (CAS 127-09-3) - Chemistry For Industry - Solvents &amp; Chemicals - Masterchem.ee","twitter_description":"Natriumasetaatin kemiallinen kaava on NaC2H3O2 ja rakennekaava CH3COONa. Se on etikkahapon (CH3COOH) natriumsuola.","twitter_image":"https:\/\/masterchem.ee\/wp-content\/uploads\/2022\/01\/Naatriumatsetaat-25kg-MasterChem.jpg","schema":{"@context":"https:\/\/schema.org","@graph":[{"@type":"WebPage","@id":"https:\/\/masterchem.ee\/fi\/tooted-ja-teenused\/natriumasetaatti-cas-127-09-3\/","url":"https:\/\/masterchem.ee\/fi\/tooted-ja-teenused\/natriumasetaatti-cas-127-09-3\/","name":"Natriumasetaatti (CAS 127-09-3) - Chemistry For Industry - Solvents &amp; Chemicals - Masterchem.ee","isPartOf":{"@id":"https:\/\/masterchem.ee\/fi\/#website"},"primaryImageOfPage":{"@id":"https:\/\/masterchem.ee\/fi\/tooted-ja-teenused\/natriumasetaatti-cas-127-09-3\/#primaryimage"},"image":{"@id":"https:\/\/masterchem.ee\/fi\/tooted-ja-teenused\/natriumasetaatti-cas-127-09-3\/#primaryimage"},"thumbnailUrl":"https:\/\/masterchem.ee\/wp-content\/uploads\/2022\/01\/Naatriumatsetaat-25kg-MasterChem.jpg","datePublished":"2022-01-29T16:57:22+00:00","dateModified":"2022-01-29T17:04:58+00:00","description":"Natriumasetaatin kemiallinen kaava on NaC2H3O2 ja rakennekaava CH3COONa. Se on etikkahapon (CH3COOH) natriumsuola.","breadcrumb":{"@id":"https:\/\/masterchem.ee\/fi\/tooted-ja-teenused\/natriumasetaatti-cas-127-09-3\/#breadcrumb"},"inLanguage":"fi","potentialAction":[{"@type":"ReadAction","target":["https:\/\/masterchem.ee\/fi\/tooted-ja-teenused\/natriumasetaatti-cas-127-09-3\/"]}]},{"@type":"ImageObject","inLanguage":"fi","@id":"https:\/\/masterchem.ee\/fi\/tooted-ja-teenused\/natriumasetaatti-cas-127-09-3\/#primaryimage","url":"https:\/\/masterchem.ee\/wp-content\/uploads\/2022\/01\/Naatriumatsetaat-25kg-MasterChem.jpg","contentUrl":"https:\/\/masterchem.ee\/wp-content\/uploads\/2022\/01\/Naatriumatsetaat-25kg-MasterChem.jpg","width":1000,"height":1000,"caption":"Natriumasetaatti (CAS 127-09-3) 25kg MasterChem"},{"@type":"BreadcrumbList","@id":"https:\/\/masterchem.ee\/fi\/tooted-ja-teenused\/natriumasetaatti-cas-127-09-3\/#breadcrumb","itemListElement":[{"@type":"ListItem","position":1,"name":"Home","item":"https:\/\/masterchem.ee\/fi\/"},{"@type":"ListItem","position":2,"name":"Tooted ja teenused","item":"https:\/\/masterchem.ee\/tooted-ja-teenused\/"},{"@type":"ListItem","position":3,"name":"Natriumasetaatti (CAS 127-09-3)"}]},{"@type":"WebSite","@id":"https:\/\/masterchem.ee\/fi\/#website","url":"https:\/\/masterchem.ee\/fi\/","name":"Masterchem.ee","description":"Chemistry For Industry - Solvents &amp; Chemicals","publisher":{"@id":"https:\/\/masterchem.ee\/fi\/#organization"},"potentialAction":[{"@type":"SearchAction","target":{"@type":"EntryPoint","urlTemplate":"https:\/\/masterchem.ee\/fi\/?s={search_term_string}"},"query-input":{"@type":"PropertyValueSpecification","valueRequired":true,"valueName":"search_term_string"}}],"inLanguage":"fi"},{"@type":"Organization","@id":"https:\/\/masterchem.ee\/fi\/#organization","name":"Masterchem","url":"https:\/\/masterchem.ee\/fi\/","logo":{"@type":"ImageObject","inLanguage":"fi","@id":"https:\/\/masterchem.ee\/fi\/#\/schema\/logo\/image\/","url":"https:\/\/masterchem.ee\/wp-content\/uploads\/2018\/02\/master-chem_final-1.png","contentUrl":"https:\/\/masterchem.ee\/wp-content\/uploads\/2018\/02\/master-chem_final-1.png","width":850,"height":356,"caption":"Masterchem"},"image":{"@id":"https:\/\/masterchem.ee\/fi\/#\/schema\/logo\/image\/"}}]}},"_links":{"self":[{"href":"https:\/\/masterchem.ee\/fi\/wp-json\/wp\/v2\/product\/17565","targetHints":{"allow":["GET"]}}],"collection":[{"href":"https:\/\/masterchem.ee\/fi\/wp-json\/wp\/v2\/product"}],"about":[{"href":"https:\/\/masterchem.ee\/fi\/wp-json\/wp\/v2\/types\/product"}],"wp:featuredmedia":[{"embeddable":true,"href":"https:\/\/masterchem.ee\/fi\/wp-json\/wp\/v2\/media\/17571"}],"wp:attachment":[{"href":"https:\/\/masterchem.ee\/fi\/wp-json\/wp\/v2\/media?parent=17565"}],"wp:term":[{"taxonomy":"product_brand","embeddable":true,"href":"https:\/\/masterchem.ee\/fi\/wp-json\/wp\/v2\/product_brand?post=17565"},{"taxonomy":"product_cat","embeddable":true,"href":"https:\/\/masterchem.ee\/fi\/wp-json\/wp\/v2\/product_cat?post=17565"},{"taxonomy":"product_tag","embeddable":true,"href":"https:\/\/masterchem.ee\/fi\/wp-json\/wp\/v2\/product_tag?post=17565"}],"curies":[{"name":"wp","href":"https:\/\/api.w.org\/{rel}","templated":true}]}}