{"id":17550,"date":"2022-01-29T16:46:01","date_gmt":"2022-01-29T16:46:05","guid":{"rendered":"https:\/\/masterchem.ee\/?post_type=product&#038;p=17550"},"modified":"2022-01-29T16:51:56","modified_gmt":"2022-01-29T16:51:56","slug":"tetranatriumpyrofosfaatti-cas-7722-88-5","status":"publish","type":"product","link":"https:\/\/masterchem.ee\/fi\/tooted-ja-teenused\/tetranatriumpyrofosfaatti-cas-7722-88-5\/","title":{"rendered":"Tetranatriumpyrofosfaatti (CAS 7722-88-5)"},"content":{"rendered":"<p> <strong> Info<\/strong> <\/p>\n<p>Teollisuus: elintarviketeollisuus<br \/>\nCAS-numero: 7722-88-5<br \/>\nWE-numero: 231-767-1<br \/>\nKemiallinen kaava: Na4P2O7<br \/>\nTullitariffikoodi: 28353900<\/p>\n<p><strong>Muut fyysiset ominaisuudet<\/strong><br \/>\npH: 9,8-9,9 (1 % r-r)<br \/>\nSulamis-\/j\u00e4\u00e4tymispiste: > 800\u00b0C<br \/>\nSuhteellinen tiheys: 2,62 g\/cm3 (21,0\u00b0C)<br \/>\nLiukoisuus veteen: 58,5 g\/l (19,5-20,5\u00b0C)<\/p>\n","protected":false},"excerpt":{"rendered":"<p><strong>Tetranatriumpyrofosfaatti (CAS 7722-88-5)<\/strong><\/p>\n<p>Tetranatriumpyrofosfaatti, jota kutsutaan my\u00f6s natriumpyrofosfaatiksi, tetranatriumfosfaatiksi tai TSPP:ksi, on ep\u00e4orgaaninen yhdiste, jonka kaava on Na4P2O7. Suolana se on valkoinen, vesiliukoinen kiinte\u00e4 aine. Se koostuu pyrofosfaattianioneista ja natriumioneista. Myrkyllisyys on noin kaksi kertaa ruokasuolan myrkyllisyys suun kautta nautittuna. Tunnetaan my\u00f6s dekahydraatti Na4P2O7 \u00b7 10(H2O).<\/p>\n<p>Tetranatriumpyrofosfaattia k\u00e4ytet\u00e4\u00e4n puskurointiaineena, emulgointiaineena, dispergointiaineena ja sakeuttamisaineena, ja sit\u00e4 k\u00e4ytet\u00e4\u00e4n usein elintarvikelis\u00e4aineena. Yleisi\u00e4 tetranatriumpyrofosfaattia sis\u00e4lt\u00e4vi\u00e4 elintarvikkeita ovat kanapalat, vaahtokarkit, vanukas, rapujen liha, rapuj\u00e4ljitelm\u00e4, tonnikalas\u00e4ilykkeet ja soijapohjaiset lihavaihtoehdot sek\u00e4 kissanruoat ja kissan herkut, joissa sit\u00e4 k\u00e4ytet\u00e4\u00e4n maun parantajana.<\/p>\n<p>Tetranatriumpyrofosfaatti toimii hammastahnassa ja hammaslangassa hammaskiven torjunta-aineena, joka poistaa kalsiumia ja magnesiumia syljest\u00e4 ja est\u00e4\u00e4 siten niiden ker\u00e4\u00e4ntymisen hampaille. Tetranatriumpyrofosfaattia k\u00e4ytet\u00e4\u00e4n kaupallisissa hammashuuhteluissa ennen harjaamista plakin v\u00e4hent\u00e4miseksi.<\/p>\n<p>Tetranatriumpyrofosfaattia k\u00e4ytet\u00e4\u00e4n joskus kotitalouksien pesuaineissa est\u00e4m\u00e4\u00e4n samanlainen kerrostuminen vaatteille, mutta fosfaattipitoisuutensa vuoksi se aiheuttaa veden rehev\u00f6itymist\u00e4 ja edist\u00e4\u00e4 levien kasvua.<\/p>\n","protected":false},"featured_media":17556,"template":"","meta":[],"product_brand":[],"product_cat":[180,307],"product_tag":[],"class_list":{"0":"post-17550","1":"product","2":"type-product","3":"status-publish","4":"has-post-thumbnail","6":"product_cat-uncategorized-fi-2","7":"product_cat-ruokateollisuus","9":"first","10":"instock","11":"taxable","12":"shipping-taxable","13":"purchasable","14":"product-type-variable","15":"has-default-attributes"},"yoast_head":"<!-- This site is optimized with the Yoast SEO plugin v26.2 - https:\/\/yoast.com\/wordpress\/plugins\/seo\/ -->\n<title>Tetranatriumpyrofosfaatti (CAS 7722-88-5) - Chemistry For Industry - Solvents &amp; Chemicals - Masterchem.ee<\/title>\n<meta name=\"description\" content=\"Tetranatriumpyrofosfaatti, jota kutsutaan my\u00f6s natriumpyrofosfaatiksi, tetranatriumfosfaatiksi tai TSPP:ksi, on ep\u00e4orgaaninen yhdiste, jonka kaava on Na4P2O7.\" \/>\n<meta name=\"robots\" content=\"index, follow, max-snippet:-1, max-image-preview:large, max-video-preview:-1\" \/>\n<link rel=\"canonical\" href=\"https:\/\/masterchem.ee\/fi\/tooted-ja-teenused\/tetranatriumpyrofosfaatti-cas-7722-88-5\/\" \/>\n<meta name=\"twitter:card\" content=\"summary_large_image\" \/>\n<meta name=\"twitter:title\" content=\"Tetranatriumpyrofosfaatti (CAS 7722-88-5) - Chemistry For Industry - Solvents &amp; Chemicals - Masterchem.ee\" \/>\n<meta name=\"twitter:description\" content=\"Tetranatriumpyrofosfaatti, jota kutsutaan my\u00f6s natriumpyrofosfaatiksi, tetranatriumfosfaatiksi tai TSPP:ksi, on ep\u00e4orgaaninen yhdiste, jonka kaava on Na4P2O7.\" \/>\n<meta name=\"twitter:image\" content=\"https:\/\/masterchem.ee\/wp-content\/uploads\/2022\/01\/Tetranaatriumpurofosfaat-25kg-MasterChem.jpg\" \/>\n<script type=\"application\/ld+json\" class=\"yoast-schema-graph\">{\"@context\":\"https:\/\/schema.org\",\"@graph\":[{\"@type\":\"WebPage\",\"@id\":\"https:\/\/masterchem.ee\/fi\/tooted-ja-teenused\/tetranatriumpyrofosfaatti-cas-7722-88-5\/\",\"url\":\"https:\/\/masterchem.ee\/fi\/tooted-ja-teenused\/tetranatriumpyrofosfaatti-cas-7722-88-5\/\",\"name\":\"Tetranatriumpyrofosfaatti (CAS 7722-88-5) - Chemistry For Industry - Solvents &amp; Chemicals - Masterchem.ee\",\"isPartOf\":{\"@id\":\"https:\/\/masterchem.ee\/fi\/#website\"},\"primaryImageOfPage\":{\"@id\":\"https:\/\/masterchem.ee\/fi\/tooted-ja-teenused\/tetranatriumpyrofosfaatti-cas-7722-88-5\/#primaryimage\"},\"image\":{\"@id\":\"https:\/\/masterchem.ee\/fi\/tooted-ja-teenused\/tetranatriumpyrofosfaatti-cas-7722-88-5\/#primaryimage\"},\"thumbnailUrl\":\"https:\/\/masterchem.ee\/wp-content\/uploads\/2022\/01\/Tetranaatriumpurofosfaat-25kg-MasterChem.jpg\",\"datePublished\":\"2022-01-29T16:46:05+00:00\",\"dateModified\":\"2022-01-29T16:51:56+00:00\",\"description\":\"Tetranatriumpyrofosfaatti, jota kutsutaan my\u00f6s natriumpyrofosfaatiksi, tetranatriumfosfaatiksi tai TSPP:ksi, on ep\u00e4orgaaninen yhdiste, jonka kaava on Na4P2O7.\",\"breadcrumb\":{\"@id\":\"https:\/\/masterchem.ee\/fi\/tooted-ja-teenused\/tetranatriumpyrofosfaatti-cas-7722-88-5\/#breadcrumb\"},\"inLanguage\":\"fi\",\"potentialAction\":[{\"@type\":\"ReadAction\",\"target\":[\"https:\/\/masterchem.ee\/fi\/tooted-ja-teenused\/tetranatriumpyrofosfaatti-cas-7722-88-5\/\"]}]},{\"@type\":\"ImageObject\",\"inLanguage\":\"fi\",\"@id\":\"https:\/\/masterchem.ee\/fi\/tooted-ja-teenused\/tetranatriumpyrofosfaatti-cas-7722-88-5\/#primaryimage\",\"url\":\"https:\/\/masterchem.ee\/wp-content\/uploads\/2022\/01\/Tetranaatriumpurofosfaat-25kg-MasterChem.jpg\",\"contentUrl\":\"https:\/\/masterchem.ee\/wp-content\/uploads\/2022\/01\/Tetranaatriumpurofosfaat-25kg-MasterChem.jpg\",\"width\":1000,\"height\":1000,\"caption\":\"Tetranatriumpyrofosfaatti (CAS 7722-88-5) 25kg MasterChem\"},{\"@type\":\"BreadcrumbList\",\"@id\":\"https:\/\/masterchem.ee\/fi\/tooted-ja-teenused\/tetranatriumpyrofosfaatti-cas-7722-88-5\/#breadcrumb\",\"itemListElement\":[{\"@type\":\"ListItem\",\"position\":1,\"name\":\"Home\",\"item\":\"https:\/\/masterchem.ee\/fi\/\"},{\"@type\":\"ListItem\",\"position\":2,\"name\":\"Tooted ja teenused\",\"item\":\"https:\/\/masterchem.ee\/tooted-ja-teenused\/\"},{\"@type\":\"ListItem\",\"position\":3,\"name\":\"Tetranatriumpyrofosfaatti (CAS 7722-88-5)\"}]},{\"@type\":\"WebSite\",\"@id\":\"https:\/\/masterchem.ee\/fi\/#website\",\"url\":\"https:\/\/masterchem.ee\/fi\/\",\"name\":\"Masterchem.ee\",\"description\":\"Chemistry For Industry - Solvents &amp; Chemicals\",\"publisher\":{\"@id\":\"https:\/\/masterchem.ee\/fi\/#organization\"},\"potentialAction\":[{\"@type\":\"SearchAction\",\"target\":{\"@type\":\"EntryPoint\",\"urlTemplate\":\"https:\/\/masterchem.ee\/fi\/?s={search_term_string}\"},\"query-input\":{\"@type\":\"PropertyValueSpecification\",\"valueRequired\":true,\"valueName\":\"search_term_string\"}}],\"inLanguage\":\"fi\"},{\"@type\":\"Organization\",\"@id\":\"https:\/\/masterchem.ee\/fi\/#organization\",\"name\":\"Masterchem\",\"url\":\"https:\/\/masterchem.ee\/fi\/\",\"logo\":{\"@type\":\"ImageObject\",\"inLanguage\":\"fi\",\"@id\":\"https:\/\/masterchem.ee\/fi\/#\/schema\/logo\/image\/\",\"url\":\"https:\/\/masterchem.ee\/wp-content\/uploads\/2018\/02\/master-chem_final-1.png\",\"contentUrl\":\"https:\/\/masterchem.ee\/wp-content\/uploads\/2018\/02\/master-chem_final-1.png\",\"width\":850,\"height\":356,\"caption\":\"Masterchem\"},\"image\":{\"@id\":\"https:\/\/masterchem.ee\/fi\/#\/schema\/logo\/image\/\"}}]}<\/script>\n<!-- \/ Yoast SEO plugin. -->","yoast_head_json":{"title":"Tetranatriumpyrofosfaatti (CAS 7722-88-5) - Chemistry For Industry - Solvents &amp; Chemicals - Masterchem.ee","description":"Tetranatriumpyrofosfaatti, jota kutsutaan my\u00f6s natriumpyrofosfaatiksi, tetranatriumfosfaatiksi tai TSPP:ksi, on ep\u00e4orgaaninen yhdiste, jonka kaava on Na4P2O7.","robots":{"index":"index","follow":"follow","max-snippet":"max-snippet:-1","max-image-preview":"max-image-preview:large","max-video-preview":"max-video-preview:-1"},"canonical":"https:\/\/masterchem.ee\/fi\/tooted-ja-teenused\/tetranatriumpyrofosfaatti-cas-7722-88-5\/","twitter_card":"summary_large_image","twitter_title":"Tetranatriumpyrofosfaatti (CAS 7722-88-5) - Chemistry For Industry - Solvents &amp; Chemicals - Masterchem.ee","twitter_description":"Tetranatriumpyrofosfaatti, jota kutsutaan my\u00f6s natriumpyrofosfaatiksi, tetranatriumfosfaatiksi tai TSPP:ksi, on ep\u00e4orgaaninen yhdiste, jonka kaava on Na4P2O7.","twitter_image":"https:\/\/masterchem.ee\/wp-content\/uploads\/2022\/01\/Tetranaatriumpurofosfaat-25kg-MasterChem.jpg","schema":{"@context":"https:\/\/schema.org","@graph":[{"@type":"WebPage","@id":"https:\/\/masterchem.ee\/fi\/tooted-ja-teenused\/tetranatriumpyrofosfaatti-cas-7722-88-5\/","url":"https:\/\/masterchem.ee\/fi\/tooted-ja-teenused\/tetranatriumpyrofosfaatti-cas-7722-88-5\/","name":"Tetranatriumpyrofosfaatti (CAS 7722-88-5) - Chemistry For Industry - Solvents &amp; Chemicals - Masterchem.ee","isPartOf":{"@id":"https:\/\/masterchem.ee\/fi\/#website"},"primaryImageOfPage":{"@id":"https:\/\/masterchem.ee\/fi\/tooted-ja-teenused\/tetranatriumpyrofosfaatti-cas-7722-88-5\/#primaryimage"},"image":{"@id":"https:\/\/masterchem.ee\/fi\/tooted-ja-teenused\/tetranatriumpyrofosfaatti-cas-7722-88-5\/#primaryimage"},"thumbnailUrl":"https:\/\/masterchem.ee\/wp-content\/uploads\/2022\/01\/Tetranaatriumpurofosfaat-25kg-MasterChem.jpg","datePublished":"2022-01-29T16:46:05+00:00","dateModified":"2022-01-29T16:51:56+00:00","description":"Tetranatriumpyrofosfaatti, jota kutsutaan my\u00f6s natriumpyrofosfaatiksi, tetranatriumfosfaatiksi tai TSPP:ksi, on ep\u00e4orgaaninen yhdiste, jonka kaava on Na4P2O7.","breadcrumb":{"@id":"https:\/\/masterchem.ee\/fi\/tooted-ja-teenused\/tetranatriumpyrofosfaatti-cas-7722-88-5\/#breadcrumb"},"inLanguage":"fi","potentialAction":[{"@type":"ReadAction","target":["https:\/\/masterchem.ee\/fi\/tooted-ja-teenused\/tetranatriumpyrofosfaatti-cas-7722-88-5\/"]}]},{"@type":"ImageObject","inLanguage":"fi","@id":"https:\/\/masterchem.ee\/fi\/tooted-ja-teenused\/tetranatriumpyrofosfaatti-cas-7722-88-5\/#primaryimage","url":"https:\/\/masterchem.ee\/wp-content\/uploads\/2022\/01\/Tetranaatriumpurofosfaat-25kg-MasterChem.jpg","contentUrl":"https:\/\/masterchem.ee\/wp-content\/uploads\/2022\/01\/Tetranaatriumpurofosfaat-25kg-MasterChem.jpg","width":1000,"height":1000,"caption":"Tetranatriumpyrofosfaatti (CAS 7722-88-5) 25kg MasterChem"},{"@type":"BreadcrumbList","@id":"https:\/\/masterchem.ee\/fi\/tooted-ja-teenused\/tetranatriumpyrofosfaatti-cas-7722-88-5\/#breadcrumb","itemListElement":[{"@type":"ListItem","position":1,"name":"Home","item":"https:\/\/masterchem.ee\/fi\/"},{"@type":"ListItem","position":2,"name":"Tooted ja teenused","item":"https:\/\/masterchem.ee\/tooted-ja-teenused\/"},{"@type":"ListItem","position":3,"name":"Tetranatriumpyrofosfaatti (CAS 7722-88-5)"}]},{"@type":"WebSite","@id":"https:\/\/masterchem.ee\/fi\/#website","url":"https:\/\/masterchem.ee\/fi\/","name":"Masterchem.ee","description":"Chemistry For Industry - Solvents &amp; Chemicals","publisher":{"@id":"https:\/\/masterchem.ee\/fi\/#organization"},"potentialAction":[{"@type":"SearchAction","target":{"@type":"EntryPoint","urlTemplate":"https:\/\/masterchem.ee\/fi\/?s={search_term_string}"},"query-input":{"@type":"PropertyValueSpecification","valueRequired":true,"valueName":"search_term_string"}}],"inLanguage":"fi"},{"@type":"Organization","@id":"https:\/\/masterchem.ee\/fi\/#organization","name":"Masterchem","url":"https:\/\/masterchem.ee\/fi\/","logo":{"@type":"ImageObject","inLanguage":"fi","@id":"https:\/\/masterchem.ee\/fi\/#\/schema\/logo\/image\/","url":"https:\/\/masterchem.ee\/wp-content\/uploads\/2018\/02\/master-chem_final-1.png","contentUrl":"https:\/\/masterchem.ee\/wp-content\/uploads\/2018\/02\/master-chem_final-1.png","width":850,"height":356,"caption":"Masterchem"},"image":{"@id":"https:\/\/masterchem.ee\/fi\/#\/schema\/logo\/image\/"}}]}},"_links":{"self":[{"href":"https:\/\/masterchem.ee\/fi\/wp-json\/wp\/v2\/product\/17550","targetHints":{"allow":["GET"]}}],"collection":[{"href":"https:\/\/masterchem.ee\/fi\/wp-json\/wp\/v2\/product"}],"about":[{"href":"https:\/\/masterchem.ee\/fi\/wp-json\/wp\/v2\/types\/product"}],"wp:featuredmedia":[{"embeddable":true,"href":"https:\/\/masterchem.ee\/fi\/wp-json\/wp\/v2\/media\/17556"}],"wp:attachment":[{"href":"https:\/\/masterchem.ee\/fi\/wp-json\/wp\/v2\/media?parent=17550"}],"wp:term":[{"taxonomy":"product_brand","embeddable":true,"href":"https:\/\/masterchem.ee\/fi\/wp-json\/wp\/v2\/product_brand?post=17550"},{"taxonomy":"product_cat","embeddable":true,"href":"https:\/\/masterchem.ee\/fi\/wp-json\/wp\/v2\/product_cat?post=17550"},{"taxonomy":"product_tag","embeddable":true,"href":"https:\/\/masterchem.ee\/fi\/wp-json\/wp\/v2\/product_tag?post=17550"}],"curies":[{"name":"wp","href":"https:\/\/api.w.org\/{rel}","templated":true}]}}