{"id":17458,"date":"2022-01-29T12:08:55","date_gmt":"2022-01-29T12:09:05","guid":{"rendered":"https:\/\/masterchem.ee\/?post_type=product&#038;p=17458"},"modified":"2022-01-29T12:30:36","modified_gmt":"2022-01-29T12:30:36","slug":"soijaoljy","status":"publish","type":"product","link":"https:\/\/masterchem.ee\/fi\/tooted-ja-teenused\/soijaoljy\/","title":{"rendered":"Soija\u00f6ljy"},"content":{"rendered":"","protected":false},"excerpt":{"rendered":"<p><strong>Soija\u00f6ljy<\/strong><\/p>\n<p>Soija\u00f6ljy on soijapavuista (Soya hispida) puristettu ruoka\u00f6ljy. Se on maailman toiseksi k\u00e4ytetyin kasvi\u00f6ljy, jota suositaan etenkin Aasiassa ja Amerikassa.<\/p>\n<p>Soija\u00f6ljyss\u00e4 on runsaasti linolihappoa.<\/p>\n<p>Soija\u00f6ljyn valmistuksen sivutuotteena saadaan soijaproteiinia (soijarouhetta), jota k\u00e4ytet\u00e4\u00e4n jauhelihan korvikkeena ja etenkin el\u00e4inten reuhuna sek\u00e4 soijalesitiini\u00e4, jota elintarviketeollisuus k\u00e4ytt\u00e4\u00e4 hapettumisenestoaineena ja emulgointiaineena.<\/p>\n","protected":false},"featured_media":17500,"template":"","meta":[],"product_brand":[],"product_cat":[180,286,258],"product_tag":[],"class_list":{"0":"post-17458","1":"product","2":"type-product","3":"status-publish","4":"has-post-thumbnail","6":"product_cat-uncategorized-fi-2","7":"product_cat-maalit-ja-lakat","8":"product_cat-muovi-fi","9":"pif-has-gallery","11":"first","12":"instock","13":"taxable","14":"shipping-taxable","15":"purchasable","16":"product-type-variable","17":"has-default-attributes"},"yoast_head":"<!-- This site is optimized with the Yoast SEO plugin v26.2 - https:\/\/yoast.com\/wordpress\/plugins\/seo\/ -->\n<title>Soija\u00f6ljy - Chemistry For Industry - Solvents &amp; Chemicals - Masterchem.ee<\/title>\n<meta name=\"description\" content=\"Soija\u00f6ljy on soijapavuista (Soya hispida) puristettu ruoka\u00f6ljy. Se on maailman toiseksi k\u00e4ytetyin kasvi\u00f6ljy, jota suositaan etenkin Aasiassa ja Amerikassa.\" \/>\n<meta name=\"robots\" content=\"index, follow, max-snippet:-1, max-image-preview:large, max-video-preview:-1\" \/>\n<link rel=\"canonical\" href=\"https:\/\/masterchem.ee\/fi\/tooted-ja-teenused\/soijaoljy\/\" \/>\n<meta name=\"twitter:card\" content=\"summary_large_image\" \/>\n<meta name=\"twitter:title\" content=\"Soija\u00f6ljy - Chemistry For Industry - Solvents &amp; Chemicals - Masterchem.ee\" \/>\n<meta name=\"twitter:description\" content=\"Soija\u00f6ljy on soijapavuista (Soya hispida) puristettu ruoka\u00f6ljy. Se on maailman toiseksi k\u00e4ytetyin kasvi\u00f6ljy, jota suositaan etenkin Aasiassa ja Amerikassa.\" \/>\n<meta name=\"twitter:image\" content=\"https:\/\/masterchem.ee\/wp-content\/uploads\/2022\/01\/Sojaoli-1000l-MasterChem.jpg\" \/>\n<script type=\"application\/ld+json\" class=\"yoast-schema-graph\">{\"@context\":\"https:\/\/schema.org\",\"@graph\":[{\"@type\":\"WebPage\",\"@id\":\"https:\/\/masterchem.ee\/fi\/tooted-ja-teenused\/soijaoljy\/\",\"url\":\"https:\/\/masterchem.ee\/fi\/tooted-ja-teenused\/soijaoljy\/\",\"name\":\"Soija\u00f6ljy - Chemistry For Industry - Solvents &amp; Chemicals - Masterchem.ee\",\"isPartOf\":{\"@id\":\"https:\/\/masterchem.ee\/fi\/#website\"},\"primaryImageOfPage\":{\"@id\":\"https:\/\/masterchem.ee\/fi\/tooted-ja-teenused\/soijaoljy\/#primaryimage\"},\"image\":{\"@id\":\"https:\/\/masterchem.ee\/fi\/tooted-ja-teenused\/soijaoljy\/#primaryimage\"},\"thumbnailUrl\":\"https:\/\/masterchem.ee\/wp-content\/uploads\/2022\/01\/Sojaoli-1000l-MasterChem.jpg\",\"datePublished\":\"2022-01-29T12:09:05+00:00\",\"dateModified\":\"2022-01-29T12:30:36+00:00\",\"description\":\"Soija\u00f6ljy on soijapavuista (Soya hispida) puristettu ruoka\u00f6ljy. Se on maailman toiseksi k\u00e4ytetyin kasvi\u00f6ljy, jota suositaan etenkin Aasiassa ja Amerikassa.\",\"breadcrumb\":{\"@id\":\"https:\/\/masterchem.ee\/fi\/tooted-ja-teenused\/soijaoljy\/#breadcrumb\"},\"inLanguage\":\"fi\",\"potentialAction\":[{\"@type\":\"ReadAction\",\"target\":[\"https:\/\/masterchem.ee\/fi\/tooted-ja-teenused\/soijaoljy\/\"]}]},{\"@type\":\"ImageObject\",\"inLanguage\":\"fi\",\"@id\":\"https:\/\/masterchem.ee\/fi\/tooted-ja-teenused\/soijaoljy\/#primaryimage\",\"url\":\"https:\/\/masterchem.ee\/wp-content\/uploads\/2022\/01\/Sojaoli-1000l-MasterChem.jpg\",\"contentUrl\":\"https:\/\/masterchem.ee\/wp-content\/uploads\/2022\/01\/Sojaoli-1000l-MasterChem.jpg\",\"width\":1000,\"height\":1000,\"caption\":\"Soija\u00f6ljy 1000l MasterChem\"},{\"@type\":\"BreadcrumbList\",\"@id\":\"https:\/\/masterchem.ee\/fi\/tooted-ja-teenused\/soijaoljy\/#breadcrumb\",\"itemListElement\":[{\"@type\":\"ListItem\",\"position\":1,\"name\":\"Home\",\"item\":\"https:\/\/masterchem.ee\/fi\/\"},{\"@type\":\"ListItem\",\"position\":2,\"name\":\"Tooted ja teenused\",\"item\":\"https:\/\/masterchem.ee\/tooted-ja-teenused\/\"},{\"@type\":\"ListItem\",\"position\":3,\"name\":\"Soija\u00f6ljy\"}]},{\"@type\":\"WebSite\",\"@id\":\"https:\/\/masterchem.ee\/fi\/#website\",\"url\":\"https:\/\/masterchem.ee\/fi\/\",\"name\":\"Masterchem.ee\",\"description\":\"Chemistry For Industry - Solvents &amp; Chemicals\",\"publisher\":{\"@id\":\"https:\/\/masterchem.ee\/fi\/#organization\"},\"potentialAction\":[{\"@type\":\"SearchAction\",\"target\":{\"@type\":\"EntryPoint\",\"urlTemplate\":\"https:\/\/masterchem.ee\/fi\/?s={search_term_string}\"},\"query-input\":{\"@type\":\"PropertyValueSpecification\",\"valueRequired\":true,\"valueName\":\"search_term_string\"}}],\"inLanguage\":\"fi\"},{\"@type\":\"Organization\",\"@id\":\"https:\/\/masterchem.ee\/fi\/#organization\",\"name\":\"Masterchem\",\"url\":\"https:\/\/masterchem.ee\/fi\/\",\"logo\":{\"@type\":\"ImageObject\",\"inLanguage\":\"fi\",\"@id\":\"https:\/\/masterchem.ee\/fi\/#\/schema\/logo\/image\/\",\"url\":\"https:\/\/masterchem.ee\/wp-content\/uploads\/2018\/02\/master-chem_final-1.png\",\"contentUrl\":\"https:\/\/masterchem.ee\/wp-content\/uploads\/2018\/02\/master-chem_final-1.png\",\"width\":850,\"height\":356,\"caption\":\"Masterchem\"},\"image\":{\"@id\":\"https:\/\/masterchem.ee\/fi\/#\/schema\/logo\/image\/\"}}]}<\/script>\n<!-- \/ Yoast SEO plugin. -->","yoast_head_json":{"title":"Soija\u00f6ljy - Chemistry For Industry - Solvents &amp; Chemicals - Masterchem.ee","description":"Soija\u00f6ljy on soijapavuista (Soya hispida) puristettu ruoka\u00f6ljy. Se on maailman toiseksi k\u00e4ytetyin kasvi\u00f6ljy, jota suositaan etenkin Aasiassa ja Amerikassa.","robots":{"index":"index","follow":"follow","max-snippet":"max-snippet:-1","max-image-preview":"max-image-preview:large","max-video-preview":"max-video-preview:-1"},"canonical":"https:\/\/masterchem.ee\/fi\/tooted-ja-teenused\/soijaoljy\/","twitter_card":"summary_large_image","twitter_title":"Soija\u00f6ljy - Chemistry For Industry - Solvents &amp; Chemicals - Masterchem.ee","twitter_description":"Soija\u00f6ljy on soijapavuista (Soya hispida) puristettu ruoka\u00f6ljy. Se on maailman toiseksi k\u00e4ytetyin kasvi\u00f6ljy, jota suositaan etenkin Aasiassa ja Amerikassa.","twitter_image":"https:\/\/masterchem.ee\/wp-content\/uploads\/2022\/01\/Sojaoli-1000l-MasterChem.jpg","schema":{"@context":"https:\/\/schema.org","@graph":[{"@type":"WebPage","@id":"https:\/\/masterchem.ee\/fi\/tooted-ja-teenused\/soijaoljy\/","url":"https:\/\/masterchem.ee\/fi\/tooted-ja-teenused\/soijaoljy\/","name":"Soija\u00f6ljy - Chemistry For Industry - Solvents &amp; Chemicals - Masterchem.ee","isPartOf":{"@id":"https:\/\/masterchem.ee\/fi\/#website"},"primaryImageOfPage":{"@id":"https:\/\/masterchem.ee\/fi\/tooted-ja-teenused\/soijaoljy\/#primaryimage"},"image":{"@id":"https:\/\/masterchem.ee\/fi\/tooted-ja-teenused\/soijaoljy\/#primaryimage"},"thumbnailUrl":"https:\/\/masterchem.ee\/wp-content\/uploads\/2022\/01\/Sojaoli-1000l-MasterChem.jpg","datePublished":"2022-01-29T12:09:05+00:00","dateModified":"2022-01-29T12:30:36+00:00","description":"Soija\u00f6ljy on soijapavuista (Soya hispida) puristettu ruoka\u00f6ljy. Se on maailman toiseksi k\u00e4ytetyin kasvi\u00f6ljy, jota suositaan etenkin Aasiassa ja Amerikassa.","breadcrumb":{"@id":"https:\/\/masterchem.ee\/fi\/tooted-ja-teenused\/soijaoljy\/#breadcrumb"},"inLanguage":"fi","potentialAction":[{"@type":"ReadAction","target":["https:\/\/masterchem.ee\/fi\/tooted-ja-teenused\/soijaoljy\/"]}]},{"@type":"ImageObject","inLanguage":"fi","@id":"https:\/\/masterchem.ee\/fi\/tooted-ja-teenused\/soijaoljy\/#primaryimage","url":"https:\/\/masterchem.ee\/wp-content\/uploads\/2022\/01\/Sojaoli-1000l-MasterChem.jpg","contentUrl":"https:\/\/masterchem.ee\/wp-content\/uploads\/2022\/01\/Sojaoli-1000l-MasterChem.jpg","width":1000,"height":1000,"caption":"Soija\u00f6ljy 1000l MasterChem"},{"@type":"BreadcrumbList","@id":"https:\/\/masterchem.ee\/fi\/tooted-ja-teenused\/soijaoljy\/#breadcrumb","itemListElement":[{"@type":"ListItem","position":1,"name":"Home","item":"https:\/\/masterchem.ee\/fi\/"},{"@type":"ListItem","position":2,"name":"Tooted ja teenused","item":"https:\/\/masterchem.ee\/tooted-ja-teenused\/"},{"@type":"ListItem","position":3,"name":"Soija\u00f6ljy"}]},{"@type":"WebSite","@id":"https:\/\/masterchem.ee\/fi\/#website","url":"https:\/\/masterchem.ee\/fi\/","name":"Masterchem.ee","description":"Chemistry For Industry - Solvents &amp; Chemicals","publisher":{"@id":"https:\/\/masterchem.ee\/fi\/#organization"},"potentialAction":[{"@type":"SearchAction","target":{"@type":"EntryPoint","urlTemplate":"https:\/\/masterchem.ee\/fi\/?s={search_term_string}"},"query-input":{"@type":"PropertyValueSpecification","valueRequired":true,"valueName":"search_term_string"}}],"inLanguage":"fi"},{"@type":"Organization","@id":"https:\/\/masterchem.ee\/fi\/#organization","name":"Masterchem","url":"https:\/\/masterchem.ee\/fi\/","logo":{"@type":"ImageObject","inLanguage":"fi","@id":"https:\/\/masterchem.ee\/fi\/#\/schema\/logo\/image\/","url":"https:\/\/masterchem.ee\/wp-content\/uploads\/2018\/02\/master-chem_final-1.png","contentUrl":"https:\/\/masterchem.ee\/wp-content\/uploads\/2018\/02\/master-chem_final-1.png","width":850,"height":356,"caption":"Masterchem"},"image":{"@id":"https:\/\/masterchem.ee\/fi\/#\/schema\/logo\/image\/"}}]}},"_links":{"self":[{"href":"https:\/\/masterchem.ee\/fi\/wp-json\/wp\/v2\/product\/17458","targetHints":{"allow":["GET"]}}],"collection":[{"href":"https:\/\/masterchem.ee\/fi\/wp-json\/wp\/v2\/product"}],"about":[{"href":"https:\/\/masterchem.ee\/fi\/wp-json\/wp\/v2\/types\/product"}],"wp:featuredmedia":[{"embeddable":true,"href":"https:\/\/masterchem.ee\/fi\/wp-json\/wp\/v2\/media\/17500"}],"wp:attachment":[{"href":"https:\/\/masterchem.ee\/fi\/wp-json\/wp\/v2\/media?parent=17458"}],"wp:term":[{"taxonomy":"product_brand","embeddable":true,"href":"https:\/\/masterchem.ee\/fi\/wp-json\/wp\/v2\/product_brand?post=17458"},{"taxonomy":"product_cat","embeddable":true,"href":"https:\/\/masterchem.ee\/fi\/wp-json\/wp\/v2\/product_cat?post=17458"},{"taxonomy":"product_tag","embeddable":true,"href":"https:\/\/masterchem.ee\/fi\/wp-json\/wp\/v2\/product_tag?post=17458"}],"curies":[{"name":"wp","href":"https:\/\/api.w.org\/{rel}","templated":true}]}}