{"id":17335,"date":"2022-01-20T09:08:07","date_gmt":"2022-01-20T09:08:16","guid":{"rendered":"https:\/\/masterchem.ee\/?post_type=product&#038;p=17335"},"modified":"2022-01-20T09:28:53","modified_gmt":"2022-01-20T09:28:53","slug":"jaahdytisneste-mastercoolant-nitrite-free-38-c-keltainen","status":"publish","type":"product","link":"https:\/\/masterchem.ee\/fi\/tooted-ja-teenused\/jaahdytisneste-mastercoolant-nitrite-free-38-c-keltainen\/","title":{"rendered":"J\u00e4\u00e4hdytisneste MasterCoolant Nitrite Free \u2013 38\u00b0C keltainen"},"content":{"rendered":"<p>K\u00e4ytt\u00f6turvallisuus<br \/>\n(H302) Haitallista nieltyn\u00e4.<br \/>\n(P102) S\u00e4ilyt\u00e4 lasten ulottumattomissa. (P264) Pese &#8230; huolellisesti k\u00e4sittelyn j\u00e4lkeen. (P270) Sy\u00f6minen, juominen ja tupakointi kielletty kemikaalia k\u00e4ytett\u00e4ess\u00e4. (P301+P312) JOS KEMIKAALIA ON NIELTY: Ota yhteys MYRKYTYSTIETOKESKUKSEEN tai l\u00e4\u00e4k\u00e4riin, jos ilmenee pahoinvointia. (P330) Huuhdo suu. (P501) H\u00e4vit\u00e4 sis\u00e4lt\u00f6\/pakkaus paikallisten\/alueellisten\/kansallisten\/kansainv\u00e4listen m\u00e4\u00e4r\u00e4ysten mukaisesti (t\u00e4smennett\u00e4v\u00e4).<\/p>\n<p>Ei vahingoita kumi- tai muoviosia. Valmistaja MasterChem.<br \/>\nKOOSTUMUS: etyleeniglykoli, vesi, lis\u00e4aineet.<br \/>\nVALMISTAJA: MASTERCHEM O\u00dc, Rek.nr 10755076 LAO 4, Maardu 74114 Viro www.masterchem.ee Puh. +372 55513600<\/p>\n<p><img loading=\"lazy\" decoding=\"async\" src=\"https:\/\/masterchem.ee\/wp-content\/uploads\/2022\/01\/exclamation_sign.jpg\" alt=\"\" width=\"176\" height=\"176\" class=\"alignnone size-full wp-image-17206\" srcset=\"https:\/\/masterchem.ee\/wp-content\/uploads\/2022\/01\/exclamation_sign.jpg 176w, https:\/\/masterchem.ee\/wp-content\/uploads\/2022\/01\/exclamation_sign-150x150.jpg 150w, https:\/\/masterchem.ee\/wp-content\/uploads\/2022\/01\/exclamation_sign-100x100.jpg 100w, https:\/\/masterchem.ee\/wp-content\/uploads\/2022\/01\/exclamation_sign-50x50.jpg 50w\" sizes=\"auto, (max-width: 176px) 100vw, 176px\" \/> <img loading=\"lazy\" decoding=\"async\" src=\"https:\/\/masterchem.ee\/wp-content\/uploads\/2022\/01\/hazard_sign.jpg\" alt=\"\" width=\"176\" height=\"176\" class=\"alignnone size-medium wp-image-17210\" srcset=\"https:\/\/masterchem.ee\/wp-content\/uploads\/2022\/01\/hazard_sign.jpg 176w, https:\/\/masterchem.ee\/wp-content\/uploads\/2022\/01\/hazard_sign-150x150.jpg 150w, https:\/\/masterchem.ee\/wp-content\/uploads\/2022\/01\/hazard_sign-100x100.jpg 100w, https:\/\/masterchem.ee\/wp-content\/uploads\/2022\/01\/hazard_sign-50x50.jpg 50w\" sizes=\"auto, (max-width: 176px) 100vw, 176px\" \/><\/p>\n<p>VAROITUS<br \/>\n5L \u2013 EAN 4742668002083     10L \u2013 EAN 4742668002090<\/p>\n","protected":false},"excerpt":{"rendered":"<p><strong>J\u00e4\u00e4hdytisneste MasterCoolant Nitrite Free \u2013 38\u00b0C keltainen<\/strong> <\/p>\n<p>MasterCoolant EXTRA LONGLIFE &#8211; 38 \u00b0C on korkean suorituskyvyn ja pidennetyn k\u00e4ytt\u00f6i\u00e4n j\u00e4\u00e4hdytysneste, joka on suunniteltu optimaaliseen l\u00e4mm\u00f6nsiirtoon ja kiinteiden kaasumoottoreiden j\u00e4\u00e4hdytysj\u00e4rjestelmien pitk\u00e4aikaiseen suojaamiseen ja useimpiin moottoreihin, joita k\u00e4ytet\u00e4\u00e4n rakentamisessa, louhoksessa, maataloudessa, rautateill\u00e4 ja merell\u00e4. laitteet.<br \/>\nErottuvia piirteit\u00e4<br \/>\n\u2022 Kehittynyt kulumaton korroosionestoaine tarjoaa pitk\u00e4n k\u00e4ytt\u00f6i\u00e4n minimaalisella huollolla ja h\u00e4iri\u00f6tt\u00f6m\u00e4ll\u00e4 moottorin toiminnalla<br \/>\n\u2022 Suunniteltu useille ajoneuvoille ja on suunniteltu k\u00e4ytett\u00e4v\u00e4ksi yli 650 000 km vaihtov\u00e4leill\u00e4 kuorma-autoissa ja linja-autoissa ja 32 000 tunnin vaihtov\u00e4leill\u00e4 paikallaan olevissa moottoreissa<br \/>\n\u2022 Tarjoaa luotettavuuden ja suojan korroosiota vastaan termostaattien, l\u00e4mp\u00f6patterien, vesipumppujen ja muiden j\u00e4\u00e4hdytysj\u00e4rjestelm\u00e4n herkkien osien osalta<br \/>\n\u2022 Eritt\u00e4in tehokas koostumus ilman silikaatteja ja fosfaatteja tarjoaa vakaat k\u00e4ytt\u00f6ominaisuudet, kun se laimennetaan kovaan veteen<br \/>\n\u2022 Suojaa nykyaikaisia moottoreita korkean l\u00e4mp\u00f6tilan korroosiolta, mik\u00e4 v\u00e4hent\u00e4\u00e4 huoltoaikaa, kustannuksia, seisokkeja ja j\u00e4tett\u00e4.<\/p>\n<p>Yhteensopiva standardien kanssa: ASTM D3306, ASTM D4985, ASTM D6210, BS 6580 (2010), MB-Approval 326.3, WSS-M97B44-D, RP 364, VCS 418-0001<\/p>\n<p><strong>J\u00e4\u00e4hdytysneste MasterCoolant Nitrite Free soveltuu k\u00e4ytett\u00e4v\u00e4ksi seuraavissa moottoreissa:<\/strong><\/p>\n<p>\u2022 Moottorit General Motorsin ajoneuvoihin vuoden 1995 j\u00e4lkeen<br \/>\n\u2022 Moottorit Chrysler-autoihin vuoden 2001 j\u00e4lkeen<br \/>\n\u2022 Fordin moottorit vuoden 2003 j\u00e4lkeen<br \/>\n\u2022 Kiinte\u00e4t dieselmoottorit Deutz<br \/>\n\u2022 Hino-kuorma-autojen dieselmoottorit<br \/>\n\u2022 Isuzu-kuorma-autojen dieselmoottorit<br \/>\n\u2022 Dieselmoottorit Kobelcon rakennuskoneisiin<br \/>\n\u2022 Dieselmoottorit Komatsun rakennuskoneisiin<br \/>\n\u2022 Moottorit Navistar \u2122 MAXXFORCE<br \/>\n\u2022 Scania-kuorma-autojen dieselmoottorit<br \/>\n\u2022 Dieselmoottorit Volvon rakennuskoneisiin<br \/>\n\u2022 Volvo- ja Mack-kuorma-autojen dieselmoottorit<br \/>\n\u2022 Kiinte\u00e4t W\u00e4rtsil\u00e4n dieselmoottorit<br \/>\n\u2022 Eurooppalaiset OEM-moottorit, jotka vaativat fosfaatti- ja nitriititt\u00f6mi\u00e4 formulaatioita<br \/>\n\u2022 Raskaat japanilaiset OEM-moottorit, jotka vaativat silikaattittomia formulaatioita<\/p>\n<p><strong>Tuotteen ominaisuudet<\/strong><br \/>\nTuotetyyppi: K\u00e4ytt\u00f6valmis<br \/>\nAlkuper\u00e4maa: Viro<br \/>\nJ\u00e4\u00e4tymispiste -38\u00b0C<br \/>\nKiehumispiste (\u00b0C): 108\u00b0C<br \/>\nTiheys 20 \u00b0C:ssa: 1 078 g \/ cm3<br \/>\nSuositeltu s\u00e4ilytysl\u00e4mp\u00f6tila minimi: 0 C maksimi: 30 C<br \/>\nV\u00e4ri: keltainen<br \/>\npH (ASTM D-1119): 8,6<br \/>\nS\u00e4ilyvyys 36 kuukautta.<br \/>\nKoodi Master EWS-55i3y<\/p>\n<p><a class=\"pdf\" title=\"MasterCoolant Nitrite Free \u2013 38\u00b0C yellow TDS\" href=\"https:\/\/masterchem.ee\/wp-content\/uploads\/2022\/01\/Jahutusvedelik_kollane_MasterCoolant_Nitrite_Free_38_TDS_EST.pdf\" target=\"_blank\" rel=\"noopener\">J\u00e4\u00e4hdytisneste MasterCoolant Nitrite Free \u2013 38\u00b0C (TDS)<\/a><\/p>\n","protected":false},"featured_media":17351,"template":"","meta":[],"product_brand":[],"product_cat":[180,109,115,302,117,118,153,114,154,152],"product_tag":[],"class_list":{"0":"post-17335","1":"product","2":"type-product","3":"status-publish","4":"has-post-thumbnail","6":"product_cat-uncategorized-fi-2","7":"product_cat-anti-jaatymisnesteet","8":"product_cat-auton-ja-koneiden-kemikaalit","9":"product_cat-jaahdytysnesteet","10":"product_cat-kotitalouskemikaalit","11":"product_cat-metallikemikaalit","12":"product_cat-puunjalostuskemikaalit","13":"product_cat-rakennusteollisuus","14":"product_cat-tien-maalaus","15":"product_cat-tipografiset-kemikaalit","17":"first","18":"instock","19":"taxable","20":"shipping-taxable","21":"purchasable","22":"product-type-variable","23":"has-default-attributes"},"yoast_head":"<!-- This site is optimized with the Yoast SEO plugin v26.2 - https:\/\/yoast.com\/wordpress\/plugins\/seo\/ -->\n<title>J\u00e4\u00e4hdytisneste MasterCoolant Nitrite Free \u2013 38\u00b0C keltainen<\/title>\n<meta name=\"description\" content=\"J\u00e4\u00e4hdytisneste MasterCoolant Nitrite Free \u2013 38\u00b0C keltainen 5l MaterChem. K\u00e4ytt\u00f6valmis ajoneuvojen j\u00e4\u00e4hdytysneste on tarkoitettu k\u00e4ytett\u00e4v\u00e4ksi kaikentyyppisiss\u00e4 nykyaikaisissa j\u00e4\u00e4hdytysj\u00e4rjestelmiss\u00e4 ajoneuvon valmistajan ohjeiden mukaisesti.\" \/>\n<meta name=\"robots\" content=\"index, follow, max-snippet:-1, max-image-preview:large, max-video-preview:-1\" \/>\n<link rel=\"canonical\" href=\"https:\/\/masterchem.ee\/fi\/tooted-ja-teenused\/jaahdytisneste-mastercoolant-nitrite-free-38-c-keltainen\/\" \/>\n<meta name=\"twitter:card\" content=\"summary_large_image\" \/>\n<meta name=\"twitter:title\" content=\"J\u00e4\u00e4hdytisneste MasterCoolant Nitrite Free \u2013 38\u00b0C keltainen\" \/>\n<meta name=\"twitter:description\" content=\"J\u00e4\u00e4hdytisneste MasterCoolant Nitrite Free \u2013 38\u00b0C keltainen 5l MaterChem. K\u00e4ytt\u00f6valmis ajoneuvojen j\u00e4\u00e4hdytysneste on tarkoitettu k\u00e4ytett\u00e4v\u00e4ksi kaikentyyppisiss\u00e4 nykyaikaisissa j\u00e4\u00e4hdytysj\u00e4rjestelmiss\u00e4 ajoneuvon valmistajan ohjeiden mukaisesti.\" \/>\n<meta name=\"twitter:image\" content=\"https:\/\/masterchem.ee\/wp-content\/uploads\/2022\/01\/Jahutusvedelik-MasterCoolant-Nitrite-Free-38-C-kollane-5l-MaterChem.jpg\" \/>\n<script type=\"application\/ld+json\" class=\"yoast-schema-graph\">{\"@context\":\"https:\/\/schema.org\",\"@graph\":[{\"@type\":\"WebPage\",\"@id\":\"https:\/\/masterchem.ee\/fi\/tooted-ja-teenused\/jaahdytisneste-mastercoolant-nitrite-free-38-c-keltainen\/\",\"url\":\"https:\/\/masterchem.ee\/fi\/tooted-ja-teenused\/jaahdytisneste-mastercoolant-nitrite-free-38-c-keltainen\/\",\"name\":\"J\u00e4\u00e4hdytisneste MasterCoolant Nitrite Free \u2013 38\u00b0C keltainen\",\"isPartOf\":{\"@id\":\"https:\/\/masterchem.ee\/fi\/#website\"},\"primaryImageOfPage\":{\"@id\":\"https:\/\/masterchem.ee\/fi\/tooted-ja-teenused\/jaahdytisneste-mastercoolant-nitrite-free-38-c-keltainen\/#primaryimage\"},\"image\":{\"@id\":\"https:\/\/masterchem.ee\/fi\/tooted-ja-teenused\/jaahdytisneste-mastercoolant-nitrite-free-38-c-keltainen\/#primaryimage\"},\"thumbnailUrl\":\"https:\/\/masterchem.ee\/wp-content\/uploads\/2022\/01\/Jahutusvedelik-MasterCoolant-Nitrite-Free-38-C-kollane-5l-MaterChem.jpg\",\"datePublished\":\"2022-01-20T09:08:16+00:00\",\"dateModified\":\"2022-01-20T09:28:53+00:00\",\"description\":\"J\u00e4\u00e4hdytisneste MasterCoolant Nitrite Free \u2013 38\u00b0C keltainen 5l MaterChem. K\u00e4ytt\u00f6valmis ajoneuvojen j\u00e4\u00e4hdytysneste on tarkoitettu k\u00e4ytett\u00e4v\u00e4ksi kaikentyyppisiss\u00e4 nykyaikaisissa j\u00e4\u00e4hdytysj\u00e4rjestelmiss\u00e4 ajoneuvon valmistajan ohjeiden mukaisesti.\",\"breadcrumb\":{\"@id\":\"https:\/\/masterchem.ee\/fi\/tooted-ja-teenused\/jaahdytisneste-mastercoolant-nitrite-free-38-c-keltainen\/#breadcrumb\"},\"inLanguage\":\"fi\",\"potentialAction\":[{\"@type\":\"ReadAction\",\"target\":[\"https:\/\/masterchem.ee\/fi\/tooted-ja-teenused\/jaahdytisneste-mastercoolant-nitrite-free-38-c-keltainen\/\"]}]},{\"@type\":\"ImageObject\",\"inLanguage\":\"fi\",\"@id\":\"https:\/\/masterchem.ee\/fi\/tooted-ja-teenused\/jaahdytisneste-mastercoolant-nitrite-free-38-c-keltainen\/#primaryimage\",\"url\":\"https:\/\/masterchem.ee\/wp-content\/uploads\/2022\/01\/Jahutusvedelik-MasterCoolant-Nitrite-Free-38-C-kollane-5l-MaterChem.jpg\",\"contentUrl\":\"https:\/\/masterchem.ee\/wp-content\/uploads\/2022\/01\/Jahutusvedelik-MasterCoolant-Nitrite-Free-38-C-kollane-5l-MaterChem.jpg\",\"width\":700,\"height\":700,\"caption\":\"J\u00e4\u00e4hdytisneste MasterCoolant Nitrite Free \u2013 38\u00b0C keltainen 5l MaterChem\"},{\"@type\":\"BreadcrumbList\",\"@id\":\"https:\/\/masterchem.ee\/fi\/tooted-ja-teenused\/jaahdytisneste-mastercoolant-nitrite-free-38-c-keltainen\/#breadcrumb\",\"itemListElement\":[{\"@type\":\"ListItem\",\"position\":1,\"name\":\"Home\",\"item\":\"https:\/\/masterchem.ee\/fi\/\"},{\"@type\":\"ListItem\",\"position\":2,\"name\":\"Tooted ja teenused\",\"item\":\"https:\/\/masterchem.ee\/tooted-ja-teenused\/\"},{\"@type\":\"ListItem\",\"position\":3,\"name\":\"J\u00e4\u00e4hdytisneste MasterCoolant Nitrite Free \u2013 38\u00b0C keltainen\"}]},{\"@type\":\"WebSite\",\"@id\":\"https:\/\/masterchem.ee\/fi\/#website\",\"url\":\"https:\/\/masterchem.ee\/fi\/\",\"name\":\"Masterchem.ee\",\"description\":\"Chemistry For Industry - Solvents &amp; Chemicals\",\"publisher\":{\"@id\":\"https:\/\/masterchem.ee\/fi\/#organization\"},\"potentialAction\":[{\"@type\":\"SearchAction\",\"target\":{\"@type\":\"EntryPoint\",\"urlTemplate\":\"https:\/\/masterchem.ee\/fi\/?s={search_term_string}\"},\"query-input\":{\"@type\":\"PropertyValueSpecification\",\"valueRequired\":true,\"valueName\":\"search_term_string\"}}],\"inLanguage\":\"fi\"},{\"@type\":\"Organization\",\"@id\":\"https:\/\/masterchem.ee\/fi\/#organization\",\"name\":\"Masterchem\",\"url\":\"https:\/\/masterchem.ee\/fi\/\",\"logo\":{\"@type\":\"ImageObject\",\"inLanguage\":\"fi\",\"@id\":\"https:\/\/masterchem.ee\/fi\/#\/schema\/logo\/image\/\",\"url\":\"https:\/\/masterchem.ee\/wp-content\/uploads\/2018\/02\/master-chem_final-1.png\",\"contentUrl\":\"https:\/\/masterchem.ee\/wp-content\/uploads\/2018\/02\/master-chem_final-1.png\",\"width\":850,\"height\":356,\"caption\":\"Masterchem\"},\"image\":{\"@id\":\"https:\/\/masterchem.ee\/fi\/#\/schema\/logo\/image\/\"}}]}<\/script>\n<!-- \/ Yoast SEO plugin. -->","yoast_head_json":{"title":"J\u00e4\u00e4hdytisneste MasterCoolant Nitrite Free \u2013 38\u00b0C keltainen","description":"J\u00e4\u00e4hdytisneste MasterCoolant Nitrite Free \u2013 38\u00b0C keltainen 5l MaterChem. K\u00e4ytt\u00f6valmis ajoneuvojen j\u00e4\u00e4hdytysneste on tarkoitettu k\u00e4ytett\u00e4v\u00e4ksi kaikentyyppisiss\u00e4 nykyaikaisissa j\u00e4\u00e4hdytysj\u00e4rjestelmiss\u00e4 ajoneuvon valmistajan ohjeiden mukaisesti.","robots":{"index":"index","follow":"follow","max-snippet":"max-snippet:-1","max-image-preview":"max-image-preview:large","max-video-preview":"max-video-preview:-1"},"canonical":"https:\/\/masterchem.ee\/fi\/tooted-ja-teenused\/jaahdytisneste-mastercoolant-nitrite-free-38-c-keltainen\/","twitter_card":"summary_large_image","twitter_title":"J\u00e4\u00e4hdytisneste MasterCoolant Nitrite Free \u2013 38\u00b0C keltainen","twitter_description":"J\u00e4\u00e4hdytisneste MasterCoolant Nitrite Free \u2013 38\u00b0C keltainen 5l MaterChem. K\u00e4ytt\u00f6valmis ajoneuvojen j\u00e4\u00e4hdytysneste on tarkoitettu k\u00e4ytett\u00e4v\u00e4ksi kaikentyyppisiss\u00e4 nykyaikaisissa j\u00e4\u00e4hdytysj\u00e4rjestelmiss\u00e4 ajoneuvon valmistajan ohjeiden mukaisesti.","twitter_image":"https:\/\/masterchem.ee\/wp-content\/uploads\/2022\/01\/Jahutusvedelik-MasterCoolant-Nitrite-Free-38-C-kollane-5l-MaterChem.jpg","schema":{"@context":"https:\/\/schema.org","@graph":[{"@type":"WebPage","@id":"https:\/\/masterchem.ee\/fi\/tooted-ja-teenused\/jaahdytisneste-mastercoolant-nitrite-free-38-c-keltainen\/","url":"https:\/\/masterchem.ee\/fi\/tooted-ja-teenused\/jaahdytisneste-mastercoolant-nitrite-free-38-c-keltainen\/","name":"J\u00e4\u00e4hdytisneste MasterCoolant Nitrite Free \u2013 38\u00b0C keltainen","isPartOf":{"@id":"https:\/\/masterchem.ee\/fi\/#website"},"primaryImageOfPage":{"@id":"https:\/\/masterchem.ee\/fi\/tooted-ja-teenused\/jaahdytisneste-mastercoolant-nitrite-free-38-c-keltainen\/#primaryimage"},"image":{"@id":"https:\/\/masterchem.ee\/fi\/tooted-ja-teenused\/jaahdytisneste-mastercoolant-nitrite-free-38-c-keltainen\/#primaryimage"},"thumbnailUrl":"https:\/\/masterchem.ee\/wp-content\/uploads\/2022\/01\/Jahutusvedelik-MasterCoolant-Nitrite-Free-38-C-kollane-5l-MaterChem.jpg","datePublished":"2022-01-20T09:08:16+00:00","dateModified":"2022-01-20T09:28:53+00:00","description":"J\u00e4\u00e4hdytisneste MasterCoolant Nitrite Free \u2013 38\u00b0C keltainen 5l MaterChem. K\u00e4ytt\u00f6valmis ajoneuvojen j\u00e4\u00e4hdytysneste on tarkoitettu k\u00e4ytett\u00e4v\u00e4ksi kaikentyyppisiss\u00e4 nykyaikaisissa j\u00e4\u00e4hdytysj\u00e4rjestelmiss\u00e4 ajoneuvon valmistajan ohjeiden mukaisesti.","breadcrumb":{"@id":"https:\/\/masterchem.ee\/fi\/tooted-ja-teenused\/jaahdytisneste-mastercoolant-nitrite-free-38-c-keltainen\/#breadcrumb"},"inLanguage":"fi","potentialAction":[{"@type":"ReadAction","target":["https:\/\/masterchem.ee\/fi\/tooted-ja-teenused\/jaahdytisneste-mastercoolant-nitrite-free-38-c-keltainen\/"]}]},{"@type":"ImageObject","inLanguage":"fi","@id":"https:\/\/masterchem.ee\/fi\/tooted-ja-teenused\/jaahdytisneste-mastercoolant-nitrite-free-38-c-keltainen\/#primaryimage","url":"https:\/\/masterchem.ee\/wp-content\/uploads\/2022\/01\/Jahutusvedelik-MasterCoolant-Nitrite-Free-38-C-kollane-5l-MaterChem.jpg","contentUrl":"https:\/\/masterchem.ee\/wp-content\/uploads\/2022\/01\/Jahutusvedelik-MasterCoolant-Nitrite-Free-38-C-kollane-5l-MaterChem.jpg","width":700,"height":700,"caption":"J\u00e4\u00e4hdytisneste MasterCoolant Nitrite Free \u2013 38\u00b0C keltainen 5l MaterChem"},{"@type":"BreadcrumbList","@id":"https:\/\/masterchem.ee\/fi\/tooted-ja-teenused\/jaahdytisneste-mastercoolant-nitrite-free-38-c-keltainen\/#breadcrumb","itemListElement":[{"@type":"ListItem","position":1,"name":"Home","item":"https:\/\/masterchem.ee\/fi\/"},{"@type":"ListItem","position":2,"name":"Tooted ja teenused","item":"https:\/\/masterchem.ee\/tooted-ja-teenused\/"},{"@type":"ListItem","position":3,"name":"J\u00e4\u00e4hdytisneste MasterCoolant Nitrite Free \u2013 38\u00b0C keltainen"}]},{"@type":"WebSite","@id":"https:\/\/masterchem.ee\/fi\/#website","url":"https:\/\/masterchem.ee\/fi\/","name":"Masterchem.ee","description":"Chemistry For Industry - Solvents &amp; Chemicals","publisher":{"@id":"https:\/\/masterchem.ee\/fi\/#organization"},"potentialAction":[{"@type":"SearchAction","target":{"@type":"EntryPoint","urlTemplate":"https:\/\/masterchem.ee\/fi\/?s={search_term_string}"},"query-input":{"@type":"PropertyValueSpecification","valueRequired":true,"valueName":"search_term_string"}}],"inLanguage":"fi"},{"@type":"Organization","@id":"https:\/\/masterchem.ee\/fi\/#organization","name":"Masterchem","url":"https:\/\/masterchem.ee\/fi\/","logo":{"@type":"ImageObject","inLanguage":"fi","@id":"https:\/\/masterchem.ee\/fi\/#\/schema\/logo\/image\/","url":"https:\/\/masterchem.ee\/wp-content\/uploads\/2018\/02\/master-chem_final-1.png","contentUrl":"https:\/\/masterchem.ee\/wp-content\/uploads\/2018\/02\/master-chem_final-1.png","width":850,"height":356,"caption":"Masterchem"},"image":{"@id":"https:\/\/masterchem.ee\/fi\/#\/schema\/logo\/image\/"}}]}},"_links":{"self":[{"href":"https:\/\/masterchem.ee\/fi\/wp-json\/wp\/v2\/product\/17335","targetHints":{"allow":["GET"]}}],"collection":[{"href":"https:\/\/masterchem.ee\/fi\/wp-json\/wp\/v2\/product"}],"about":[{"href":"https:\/\/masterchem.ee\/fi\/wp-json\/wp\/v2\/types\/product"}],"wp:featuredmedia":[{"embeddable":true,"href":"https:\/\/masterchem.ee\/fi\/wp-json\/wp\/v2\/media\/17351"}],"wp:attachment":[{"href":"https:\/\/masterchem.ee\/fi\/wp-json\/wp\/v2\/media?parent=17335"}],"wp:term":[{"taxonomy":"product_brand","embeddable":true,"href":"https:\/\/masterchem.ee\/fi\/wp-json\/wp\/v2\/product_brand?post=17335"},{"taxonomy":"product_cat","embeddable":true,"href":"https:\/\/masterchem.ee\/fi\/wp-json\/wp\/v2\/product_cat?post=17335"},{"taxonomy":"product_tag","embeddable":true,"href":"https:\/\/masterchem.ee\/fi\/wp-json\/wp\/v2\/product_tag?post=17335"}],"curies":[{"name":"wp","href":"https:\/\/api.w.org\/{rel}","templated":true}]}}