{"id":17194,"date":"2022-01-18T17:37:06","date_gmt":"2022-01-18T17:37:12","guid":{"rendered":"https:\/\/masterchem.ee\/?post_type=product&#038;p=17194"},"modified":"2022-02-09T09:46:28","modified_gmt":"2022-02-09T09:46:28","slug":"jaahdytinneste-mastercoolant-extra-longlife-38-c-korkealaatuinen-punainen","status":"publish","type":"product","link":"https:\/\/masterchem.ee\/fi\/tooted-ja-teenused\/jaahdytinneste-mastercoolant-extra-longlife-38-c-korkealaatuinen-punainen\/","title":{"rendered":"J\u00e4\u00e4hdytinneste MasterCoolant  EXTRA LONGLIFE &#8211; 38 \u00b0C korkealaatuinen punainen"},"content":{"rendered":"<table>\n<tbody>\n<tr>\n<td colspan=\"6\"><strong>Tyypilisi\u00e4 indikaattoreita:<\/strong><\/td>\n<\/tr>\n<tr>\n<td colspan=\"2\"><strong>Testimenetelm\u00e4n<\/strong><\/td>\n<td colspan=\"2\"><strong>Tulokset<\/strong><\/td>\n<td colspan=\"2\"><strong>\u00a0<\/strong><\/td>\n<\/tr>\n<tr>\n<td colspan=\"2\"><strong>Pitoisuus <\/strong><\/td>\n<td colspan=\"2\"><strong>50\/50 <\/strong><\/td>\n<td colspan=\"2\"><strong>100<\/strong><\/td>\n<\/tr>\n<tr>\n<td colspan=\"6\">S\u00e4ilyvyys: 96 kuukautta siit\u00e4 p\u00e4iv\u00e4st\u00e4, jolloin \u00f6ljy pullotettiin etiketiss\u00e4 mainittuun astiaan.<\/td>\n<\/tr>\n<tr>\n<td>Tiheys 20\u00b0C, kg\/l<\/td>\n<td colspan=\"2\">ASTM D1122<\/td>\n<td colspan=\"2\">1,068<\/td>\n<td>1,113<\/td>\n<\/tr>\n<tr>\n<td>J\u00e4\u00e4tymispiste, \u00b0C<\/td>\n<td colspan=\"2\">ASTM D3321<\/td>\n<td colspan=\"2\">&lt;-37<\/td>\n<td>Ei<\/td>\n<\/tr>\n<tr>\n<td>Kiehumispiste, \u00b0C<\/td>\n<td colspan=\"2\">ASTM D1120<\/td>\n<td colspan=\"2\">108<\/td>\n<td>180<\/td>\n<\/tr>\n<tr>\n<td>\u0440\u041d 20 \u00b0\u0421:ssa, NUOM<\/td>\n<td colspan=\"2\">ASTM D1287<\/td>\n<td colspan=\"2\">8,6<\/td>\n<td>8,7<\/td>\n<\/tr>\n<tr>\n<td>Alkalisuusreservi, ml 1,0 \u041d HCl<\/td>\n<td colspan=\"2\">ASTM D1121<\/td>\n<td colspan=\"2\">3,0<\/td>\n<td>6,0<\/td>\n<\/tr>\n<tr>\n<td colspan=\"6\"><strong>ASTM D1384. <\/strong><strong>Metalleja sy\u00f6vytt\u00e4v\u00e4 hy\u00f6kk\u00e4ys (lasin korroosio) (1)<\/strong><strong>) <\/strong><\/td>\n<\/tr>\n<tr>\n<td>Kuparipainon menetys, painonpudotus, mg\/n\u00e4yte (2)<\/td>\n<td colspan=\"2\">ASTM D1384<\/td>\n<td colspan=\"2\">Ei<\/td>\n<td>2 (10) (3)<\/td>\n<\/tr>\n<tr>\n<td>Juotos, painonpudotus, mg\/n\u00e4yte (2)<\/td>\n<td colspan=\"2\">ASTM D1384<\/td>\n<td colspan=\"2\">Ei<\/td>\n<td>0 (30) (3)<\/td>\n<\/tr>\n<tr>\n<td>Messinkipainon menetys, painonpudotus, mg\/n\u00e4yte (2)<\/td>\n<td colspan=\"2\">ASTM D1384<\/td>\n<td colspan=\"2\">Ei<\/td>\n<td>2 (10) (3)<\/td>\n<\/tr>\n<tr>\n<td>Ter\u00e4s, painonpudotus, mg\/n\u00e4yte (2)<\/td>\n<td colspan=\"2\">ASTM D1384<\/td>\n<td colspan=\"2\">Ei<\/td>\n<td>0 (10) (3)<\/td>\n<\/tr>\n<tr>\n<td>Valurauta painoh\u00e4vi\u00f6, painonpudotus, mg\/n\u00e4yte (2)<\/td>\n<td colspan=\"2\">ASTM D1384<\/td>\n<td colspan=\"2\">Ei<\/td>\n<td>-2 (10) (3)<\/td>\n<\/tr>\n<tr>\n<td>Alumiini, painonpudotus, mg\/n\u00e4yte (2)<\/td>\n<td colspan=\"2\">ASTM D1384<\/td>\n<td colspan=\"2\">EI<\/td>\n<td>5 (30) (3)<\/td>\n<\/tr>\n<tr>\n<td colspan=\"6\"><strong>ASTM D4340. <\/strong><strong>Kuumapinnan korroosio (4)<\/strong><\/td>\n<\/tr>\n<tr>\n<td>Alumiini, painonpudotus, mg\/\u0441m2\/viikko (2)<\/td>\n<td colspan=\"2\">ASTM D4340<\/td>\n<td colspan=\"2\">EI<\/td>\n<td>&lt;0,2 (1,0) (3)<\/td>\n<\/tr>\n<\/tbody>\n<\/table>\n<p>Kauppanimi: MasterCoolant EXTRA LONGLIFE pakkasneste &#8211; 38 \u00b0C korkealaatuinen punainen<br \/>\nTuotetyyppi: K\u00e4ytt\u00f6valmis<br \/>\nPakkaus: 5 litraa. kanisteri<br \/>\nAlkuper\u00e4maa: Viro<br \/>\nJ\u00e4\u00e4tymispiste -38\u00b0C<br \/>\nKiehumispiste (\u00b0C): 107\u00b0C<br \/>\nTiheys 20 \u00baC:ssa: 1068 g \/ cm3<br \/>\nSuositeltu s\u00e4ilytysl\u00e4mp\u00f6tila minimi: 0 C Maksimi: 30 C<br \/>\nV\u00e4ri punainen<br \/>\npH (ASTM D1287): 8,6<br \/>\nS\u00e4ilyvyys 36 kuukautta.<br \/>\nKoodi Master EWS-55i3<\/p>\n<p><strong>K\u00e4ytt\u00f6turvallisuus<\/strong><br \/>\n(H302) Haitallista nieltyn\u00e4.<br \/>\n(P102) S\u00e4ilyt\u00e4 lasten ulottumattomissa. (P264) Pese &#8230; huolellisesti k\u00e4sittelyn j\u00e4lkeen. (P270) Sy\u00f6minen, juominen ja tupakointi kielletty kemikaalia k\u00e4ytett\u00e4ess\u00e4. (P301+P312) JOS KEMIKAALIA ON NIELTY: Ota yhteys MYRKYTYSTIETOKESKUKSEEN tai l\u00e4\u00e4k\u00e4riin, jos ilmenee pahoinvointia. (P330) Huuhdo suu. (P501) H\u00e4vit\u00e4 sis\u00e4lt\u00f6\/pakkaus paikallisten\/alueellisten\/kansallisten\/kansainv\u00e4listen m\u00e4\u00e4r\u00e4ysten mukaisesti (t\u00e4smennett\u00e4v\u00e4).<\/p>\n<p><strong>VAROITUS<\/strong><\/p>\n<p><img loading=\"lazy\" decoding=\"async\" class=\"alignnone size-full wp-image-17206\" src=\"https:\/\/masterchem.ee\/wp-content\/uploads\/2022\/01\/exclamation_sign.jpg\" alt=\"\" width=\"176\" height=\"176\" srcset=\"https:\/\/masterchem.ee\/wp-content\/uploads\/2022\/01\/exclamation_sign.jpg 176w, https:\/\/masterchem.ee\/wp-content\/uploads\/2022\/01\/exclamation_sign-150x150.jpg 150w, https:\/\/masterchem.ee\/wp-content\/uploads\/2022\/01\/exclamation_sign-100x100.jpg 100w, https:\/\/masterchem.ee\/wp-content\/uploads\/2022\/01\/exclamation_sign-50x50.jpg 50w\" sizes=\"auto, (max-width: 176px) 100vw, 176px\" \/> <img loading=\"lazy\" decoding=\"async\" class=\"alignnone size-medium wp-image-17210\" src=\"https:\/\/masterchem.ee\/wp-content\/uploads\/2022\/01\/hazard_sign.jpg\" alt=\"\" width=\"176\" height=\"176\" srcset=\"https:\/\/masterchem.ee\/wp-content\/uploads\/2022\/01\/hazard_sign.jpg 176w, https:\/\/masterchem.ee\/wp-content\/uploads\/2022\/01\/hazard_sign-150x150.jpg 150w, https:\/\/masterchem.ee\/wp-content\/uploads\/2022\/01\/hazard_sign-100x100.jpg 100w, https:\/\/masterchem.ee\/wp-content\/uploads\/2022\/01\/hazard_sign-50x50.jpg 50w\" sizes=\"auto, (max-width: 176px) 100vw, 176px\" \/><\/p>\n<p>5L \u2013 EAN 4742668002137<br \/>\n10L \u2013 EAN 4742668002144<br \/>\n25L \u2013 EAN 4742668002151<br \/>\n200L \u2013 EAN 4742668002168<br \/>\n1000L \u2013 EAN 4742668002175<\/p>\n","protected":false},"excerpt":{"rendered":"<p>MasterCoolant EXTRA LONGLIFE &#8211; 38 \u00b0C on eritt\u00e4in suorituskykyinen, pidennetyn k\u00e4ytt\u00f6i\u00e4n j\u00e4\u00e4hdytysneste, joka on suunniteltu optimaaliseen l\u00e4mm\u00f6nsiirtoon ja pitk\u00e4aikaiseen suojaukseen kiinteiden kaasumoottoreiden j\u00e4\u00e4hdytysj\u00e4rjestelmille ja useimpiin moottoreihin, joita k\u00e4ytet\u00e4\u00e4n rakentamisessa, louhoksessa, maataloudessa, rautateill\u00e4 ja merell\u00e4. laitteet.<\/p>\n<p>K\u00e4ytt\u00e4\u00e4 karboksylaattilis\u00e4aineteknologiaa, joka on kehitetty<br \/>\neritt\u00e4in tehokas j\u00e4rjestelm\u00e4suojaus maksimaalisella k\u00e4ytt\u00f6ajalla erilaisissa k\u00e4ytt\u00f6olosuhteissa.<br \/>\n<strong>Erottuvia piirteit\u00e4<\/strong><br \/>\n\u2022 Silikaattiton koostumus parantaa l\u00e4mm\u00f6nsiirtoa<br \/>\n\u2022 V\u00e4hent\u00e4\u00e4 kalkki- ja fosfaattikertymi\u00e4<br \/>\n\u2022 Tarjoaa k\u00e4ytt\u00f6ajan jopa 32000 tuntia<br \/>\n\u2022 Edist\u00e4\u00e4 pumpun tiivisteiden pitk\u00e4kestoista suojaa ja korroosiosuojaa<br \/>\n\u2022 Suunniteltu toimimaan rajoitettujen palveluvaihtoehtojen kanssa<\/p>\n<p>Joka t\u00e4ytt\u00e4\u00e4 standardin ASTM D3306, ASTM D4985, BS 6580 (2010), UNE 26361-88, NATO S759, Ford ESE M97B49-A, WSS-M97B44-D &#038; ESD M97 B49-A, G13, VW TL 774-F, GM 6277M, Mercedes MB 325.3, DAF 74002, DD93K217, MAN 324 Typ SNF, GMW 3420, Volvo VCS 418-000, Scania TI 2-98 0813 TB, Wartsila 32-9011<\/p>\n<p><strong>Ei vahingoita kumi- tai muoviosia. Valmistaja MasterChem.<\/strong><\/p>\n<p><a target=\"_blank\" href=\"https:\/\/masterchem.ee\/wp-content\/uploads\/2022\/01\/Jahutusvedelik_punane_MasterCoolant_Long_Life_TDS_EST_27_12_2021.pdf\" class=\"pdf\" alt=\"J\u00e4\u00e4hdytinneste LongLife punainen - 36\u00b0C TDS\" title=\"J\u00e4\u00e4hdytinneste LongLife punainen - 36\u00b0C TDS\" rel=\"noopener\">J\u00e4\u00e4hdytinneste LongLife punainen &#8211; 36\u00b0C (TDS)<\/a><\/p>\n","protected":false},"featured_media":17234,"template":"","meta":[],"product_brand":[],"product_cat":[180,109,115,302,117,118,153,114,154,152],"product_tag":[],"class_list":{"0":"post-17194","1":"product","2":"type-product","3":"status-publish","4":"has-post-thumbnail","6":"product_cat-uncategorized-fi-2","7":"product_cat-anti-jaatymisnesteet","8":"product_cat-auton-ja-koneiden-kemikaalit","9":"product_cat-jaahdytysnesteet","10":"product_cat-kotitalouskemikaalit","11":"product_cat-metallikemikaalit","12":"product_cat-puunjalostuskemikaalit","13":"product_cat-rakennusteollisuus","14":"product_cat-tien-maalaus","15":"product_cat-tipografiset-kemikaalit","16":"pif-has-gallery","18":"first","19":"instock","20":"taxable","21":"shipping-taxable","22":"purchasable","23":"product-type-variable","24":"has-default-attributes"},"yoast_head":"<!-- This site is optimized with the Yoast SEO plugin v26.2 - https:\/\/yoast.com\/wordpress\/plugins\/seo\/ -->\n<title>J\u00e4\u00e4hdytinneste MasterCoolant EXTRA LONGLIFE - 38 \u00b0C korkealaatuinen punainen<\/title>\n<meta name=\"description\" content=\"Punainen Longlife MasterChem - j\u00e4\u00e4hdytinneste soveltuu sek\u00e4 autojen ett\u00e4 ty\u00f6koneiden bensiini- ja dieselmoottoreihin.\" \/>\n<meta name=\"robots\" content=\"index, follow, max-snippet:-1, max-image-preview:large, max-video-preview:-1\" \/>\n<link rel=\"canonical\" href=\"https:\/\/masterchem.ee\/fi\/tooted-ja-teenused\/jaahdytinneste-mastercoolant-extra-longlife-38-c-korkealaatuinen-punainen\/\" \/>\n<meta name=\"twitter:card\" content=\"summary_large_image\" \/>\n<meta name=\"twitter:title\" content=\"J\u00e4\u00e4hdytinneste MasterCoolant EXTRA LONGLIFE - 38 \u00b0C korkealaatuinen punainen\" \/>\n<meta name=\"twitter:description\" content=\"Punainen Longlife MasterChem - j\u00e4\u00e4hdytinneste soveltuu sek\u00e4 autojen ett\u00e4 ty\u00f6koneiden bensiini- ja dieselmoottoreihin.\" \/>\n<meta name=\"twitter:image\" content=\"https:\/\/masterchem.ee\/wp-content\/uploads\/2022\/01\/Jahutusvedelik-MasterCoolant-LONGLIFE-punane-1000l-MaterChem.jpg\" \/>\n<meta name=\"twitter:label1\" content=\"Arvioitu lukuaika\" \/>\n\t<meta name=\"twitter:data1\" content=\"1 minuutti\" \/>\n<script type=\"application\/ld+json\" class=\"yoast-schema-graph\">{\"@context\":\"https:\/\/schema.org\",\"@graph\":[{\"@type\":\"WebPage\",\"@id\":\"https:\/\/masterchem.ee\/fi\/tooted-ja-teenused\/jaahdytinneste-mastercoolant-extra-longlife-38-c-korkealaatuinen-punainen\/\",\"url\":\"https:\/\/masterchem.ee\/fi\/tooted-ja-teenused\/jaahdytinneste-mastercoolant-extra-longlife-38-c-korkealaatuinen-punainen\/\",\"name\":\"J\u00e4\u00e4hdytinneste MasterCoolant EXTRA LONGLIFE - 38 \u00b0C korkealaatuinen punainen\",\"isPartOf\":{\"@id\":\"https:\/\/masterchem.ee\/fi\/#website\"},\"primaryImageOfPage\":{\"@id\":\"https:\/\/masterchem.ee\/fi\/tooted-ja-teenused\/jaahdytinneste-mastercoolant-extra-longlife-38-c-korkealaatuinen-punainen\/#primaryimage\"},\"image\":{\"@id\":\"https:\/\/masterchem.ee\/fi\/tooted-ja-teenused\/jaahdytinneste-mastercoolant-extra-longlife-38-c-korkealaatuinen-punainen\/#primaryimage\"},\"thumbnailUrl\":\"https:\/\/masterchem.ee\/wp-content\/uploads\/2022\/01\/Jahutusvedelik-MasterCoolant-LONGLIFE-punane-1000l-MaterChem.jpg\",\"datePublished\":\"2022-01-18T17:37:12+00:00\",\"dateModified\":\"2022-02-09T09:46:28+00:00\",\"description\":\"Punainen Longlife MasterChem - j\u00e4\u00e4hdytinneste soveltuu sek\u00e4 autojen ett\u00e4 ty\u00f6koneiden bensiini- ja dieselmoottoreihin.\",\"breadcrumb\":{\"@id\":\"https:\/\/masterchem.ee\/fi\/tooted-ja-teenused\/jaahdytinneste-mastercoolant-extra-longlife-38-c-korkealaatuinen-punainen\/#breadcrumb\"},\"inLanguage\":\"fi\",\"potentialAction\":[{\"@type\":\"ReadAction\",\"target\":[\"https:\/\/masterchem.ee\/fi\/tooted-ja-teenused\/jaahdytinneste-mastercoolant-extra-longlife-38-c-korkealaatuinen-punainen\/\"]}]},{\"@type\":\"ImageObject\",\"inLanguage\":\"fi\",\"@id\":\"https:\/\/masterchem.ee\/fi\/tooted-ja-teenused\/jaahdytinneste-mastercoolant-extra-longlife-38-c-korkealaatuinen-punainen\/#primaryimage\",\"url\":\"https:\/\/masterchem.ee\/wp-content\/uploads\/2022\/01\/Jahutusvedelik-MasterCoolant-LONGLIFE-punane-1000l-MaterChem.jpg\",\"contentUrl\":\"https:\/\/masterchem.ee\/wp-content\/uploads\/2022\/01\/Jahutusvedelik-MasterCoolant-LONGLIFE-punane-1000l-MaterChem.jpg\",\"width\":1941,\"height\":2019,\"caption\":\"J\u00e4\u00e4hdytinneste LongLife punainen - 36\u00b0C 1000l MaterChem\"},{\"@type\":\"BreadcrumbList\",\"@id\":\"https:\/\/masterchem.ee\/fi\/tooted-ja-teenused\/jaahdytinneste-mastercoolant-extra-longlife-38-c-korkealaatuinen-punainen\/#breadcrumb\",\"itemListElement\":[{\"@type\":\"ListItem\",\"position\":1,\"name\":\"Home\",\"item\":\"https:\/\/masterchem.ee\/fi\/\"},{\"@type\":\"ListItem\",\"position\":2,\"name\":\"Tooted ja teenused\",\"item\":\"https:\/\/masterchem.ee\/tooted-ja-teenused\/\"},{\"@type\":\"ListItem\",\"position\":3,\"name\":\"J\u00e4\u00e4hdytinneste MasterCoolant EXTRA LONGLIFE &#8211; 38 \u00b0C korkealaatuinen punainen\"}]},{\"@type\":\"WebSite\",\"@id\":\"https:\/\/masterchem.ee\/fi\/#website\",\"url\":\"https:\/\/masterchem.ee\/fi\/\",\"name\":\"Masterchem.ee\",\"description\":\"Chemistry For Industry - Solvents &amp; Chemicals\",\"publisher\":{\"@id\":\"https:\/\/masterchem.ee\/fi\/#organization\"},\"potentialAction\":[{\"@type\":\"SearchAction\",\"target\":{\"@type\":\"EntryPoint\",\"urlTemplate\":\"https:\/\/masterchem.ee\/fi\/?s={search_term_string}\"},\"query-input\":{\"@type\":\"PropertyValueSpecification\",\"valueRequired\":true,\"valueName\":\"search_term_string\"}}],\"inLanguage\":\"fi\"},{\"@type\":\"Organization\",\"@id\":\"https:\/\/masterchem.ee\/fi\/#organization\",\"name\":\"Masterchem\",\"url\":\"https:\/\/masterchem.ee\/fi\/\",\"logo\":{\"@type\":\"ImageObject\",\"inLanguage\":\"fi\",\"@id\":\"https:\/\/masterchem.ee\/fi\/#\/schema\/logo\/image\/\",\"url\":\"https:\/\/masterchem.ee\/wp-content\/uploads\/2018\/02\/master-chem_final-1.png\",\"contentUrl\":\"https:\/\/masterchem.ee\/wp-content\/uploads\/2018\/02\/master-chem_final-1.png\",\"width\":850,\"height\":356,\"caption\":\"Masterchem\"},\"image\":{\"@id\":\"https:\/\/masterchem.ee\/fi\/#\/schema\/logo\/image\/\"}}]}<\/script>\n<!-- \/ Yoast SEO plugin. -->","yoast_head_json":{"title":"J\u00e4\u00e4hdytinneste MasterCoolant EXTRA LONGLIFE - 38 \u00b0C korkealaatuinen punainen","description":"Punainen Longlife MasterChem - j\u00e4\u00e4hdytinneste soveltuu sek\u00e4 autojen ett\u00e4 ty\u00f6koneiden bensiini- ja dieselmoottoreihin.","robots":{"index":"index","follow":"follow","max-snippet":"max-snippet:-1","max-image-preview":"max-image-preview:large","max-video-preview":"max-video-preview:-1"},"canonical":"https:\/\/masterchem.ee\/fi\/tooted-ja-teenused\/jaahdytinneste-mastercoolant-extra-longlife-38-c-korkealaatuinen-punainen\/","twitter_card":"summary_large_image","twitter_title":"J\u00e4\u00e4hdytinneste MasterCoolant EXTRA LONGLIFE - 38 \u00b0C korkealaatuinen punainen","twitter_description":"Punainen Longlife MasterChem - j\u00e4\u00e4hdytinneste soveltuu sek\u00e4 autojen ett\u00e4 ty\u00f6koneiden bensiini- ja dieselmoottoreihin.","twitter_image":"https:\/\/masterchem.ee\/wp-content\/uploads\/2022\/01\/Jahutusvedelik-MasterCoolant-LONGLIFE-punane-1000l-MaterChem.jpg","twitter_misc":{"Arvioitu lukuaika":"1 minuutti"},"schema":{"@context":"https:\/\/schema.org","@graph":[{"@type":"WebPage","@id":"https:\/\/masterchem.ee\/fi\/tooted-ja-teenused\/jaahdytinneste-mastercoolant-extra-longlife-38-c-korkealaatuinen-punainen\/","url":"https:\/\/masterchem.ee\/fi\/tooted-ja-teenused\/jaahdytinneste-mastercoolant-extra-longlife-38-c-korkealaatuinen-punainen\/","name":"J\u00e4\u00e4hdytinneste MasterCoolant EXTRA LONGLIFE - 38 \u00b0C korkealaatuinen punainen","isPartOf":{"@id":"https:\/\/masterchem.ee\/fi\/#website"},"primaryImageOfPage":{"@id":"https:\/\/masterchem.ee\/fi\/tooted-ja-teenused\/jaahdytinneste-mastercoolant-extra-longlife-38-c-korkealaatuinen-punainen\/#primaryimage"},"image":{"@id":"https:\/\/masterchem.ee\/fi\/tooted-ja-teenused\/jaahdytinneste-mastercoolant-extra-longlife-38-c-korkealaatuinen-punainen\/#primaryimage"},"thumbnailUrl":"https:\/\/masterchem.ee\/wp-content\/uploads\/2022\/01\/Jahutusvedelik-MasterCoolant-LONGLIFE-punane-1000l-MaterChem.jpg","datePublished":"2022-01-18T17:37:12+00:00","dateModified":"2022-02-09T09:46:28+00:00","description":"Punainen Longlife MasterChem - j\u00e4\u00e4hdytinneste soveltuu sek\u00e4 autojen ett\u00e4 ty\u00f6koneiden bensiini- ja dieselmoottoreihin.","breadcrumb":{"@id":"https:\/\/masterchem.ee\/fi\/tooted-ja-teenused\/jaahdytinneste-mastercoolant-extra-longlife-38-c-korkealaatuinen-punainen\/#breadcrumb"},"inLanguage":"fi","potentialAction":[{"@type":"ReadAction","target":["https:\/\/masterchem.ee\/fi\/tooted-ja-teenused\/jaahdytinneste-mastercoolant-extra-longlife-38-c-korkealaatuinen-punainen\/"]}]},{"@type":"ImageObject","inLanguage":"fi","@id":"https:\/\/masterchem.ee\/fi\/tooted-ja-teenused\/jaahdytinneste-mastercoolant-extra-longlife-38-c-korkealaatuinen-punainen\/#primaryimage","url":"https:\/\/masterchem.ee\/wp-content\/uploads\/2022\/01\/Jahutusvedelik-MasterCoolant-LONGLIFE-punane-1000l-MaterChem.jpg","contentUrl":"https:\/\/masterchem.ee\/wp-content\/uploads\/2022\/01\/Jahutusvedelik-MasterCoolant-LONGLIFE-punane-1000l-MaterChem.jpg","width":1941,"height":2019,"caption":"J\u00e4\u00e4hdytinneste LongLife punainen - 36\u00b0C 1000l MaterChem"},{"@type":"BreadcrumbList","@id":"https:\/\/masterchem.ee\/fi\/tooted-ja-teenused\/jaahdytinneste-mastercoolant-extra-longlife-38-c-korkealaatuinen-punainen\/#breadcrumb","itemListElement":[{"@type":"ListItem","position":1,"name":"Home","item":"https:\/\/masterchem.ee\/fi\/"},{"@type":"ListItem","position":2,"name":"Tooted ja teenused","item":"https:\/\/masterchem.ee\/tooted-ja-teenused\/"},{"@type":"ListItem","position":3,"name":"J\u00e4\u00e4hdytinneste MasterCoolant EXTRA LONGLIFE &#8211; 38 \u00b0C korkealaatuinen punainen"}]},{"@type":"WebSite","@id":"https:\/\/masterchem.ee\/fi\/#website","url":"https:\/\/masterchem.ee\/fi\/","name":"Masterchem.ee","description":"Chemistry For Industry - Solvents &amp; Chemicals","publisher":{"@id":"https:\/\/masterchem.ee\/fi\/#organization"},"potentialAction":[{"@type":"SearchAction","target":{"@type":"EntryPoint","urlTemplate":"https:\/\/masterchem.ee\/fi\/?s={search_term_string}"},"query-input":{"@type":"PropertyValueSpecification","valueRequired":true,"valueName":"search_term_string"}}],"inLanguage":"fi"},{"@type":"Organization","@id":"https:\/\/masterchem.ee\/fi\/#organization","name":"Masterchem","url":"https:\/\/masterchem.ee\/fi\/","logo":{"@type":"ImageObject","inLanguage":"fi","@id":"https:\/\/masterchem.ee\/fi\/#\/schema\/logo\/image\/","url":"https:\/\/masterchem.ee\/wp-content\/uploads\/2018\/02\/master-chem_final-1.png","contentUrl":"https:\/\/masterchem.ee\/wp-content\/uploads\/2018\/02\/master-chem_final-1.png","width":850,"height":356,"caption":"Masterchem"},"image":{"@id":"https:\/\/masterchem.ee\/fi\/#\/schema\/logo\/image\/"}}]}},"_links":{"self":[{"href":"https:\/\/masterchem.ee\/fi\/wp-json\/wp\/v2\/product\/17194","targetHints":{"allow":["GET"]}}],"collection":[{"href":"https:\/\/masterchem.ee\/fi\/wp-json\/wp\/v2\/product"}],"about":[{"href":"https:\/\/masterchem.ee\/fi\/wp-json\/wp\/v2\/types\/product"}],"wp:featuredmedia":[{"embeddable":true,"href":"https:\/\/masterchem.ee\/fi\/wp-json\/wp\/v2\/media\/17234"}],"wp:attachment":[{"href":"https:\/\/masterchem.ee\/fi\/wp-json\/wp\/v2\/media?parent=17194"}],"wp:term":[{"taxonomy":"product_brand","embeddable":true,"href":"https:\/\/masterchem.ee\/fi\/wp-json\/wp\/v2\/product_brand?post=17194"},{"taxonomy":"product_cat","embeddable":true,"href":"https:\/\/masterchem.ee\/fi\/wp-json\/wp\/v2\/product_cat?post=17194"},{"taxonomy":"product_tag","embeddable":true,"href":"https:\/\/masterchem.ee\/fi\/wp-json\/wp\/v2\/product_tag?post=17194"}],"curies":[{"name":"wp","href":"https:\/\/api.w.org\/{rel}","templated":true}]}}