{"id":17138,"date":"2022-01-11T14:48:31","date_gmt":"2022-01-11T14:48:35","guid":{"rendered":"https:\/\/masterchem.ee\/?post_type=product&#038;p=17138"},"modified":"2022-01-11T14:56:57","modified_gmt":"2022-01-11T14:56:57","slug":"laktobionihappo-cas-96-82-2","status":"publish","type":"product","link":"https:\/\/masterchem.ee\/fi\/tooted-ja-teenused\/laktobionihappo-cas-96-82-2\/","title":{"rendered":"Laktobionihappo (CAS 96-82-2)"},"content":{"rendered":"<p> <strong> Info<\/strong> <\/p>\n<p>Toimialat: Kosmetiikkateollisuus<br \/>\nCAS-numero: 96-82-2<br \/>\nWE-numero: 202-538-3<br \/>\nKemiallinen kaava: C12H22O12<br \/>\nTullitariffikoodi: 29329900<\/p>\n<p><strong>Muut fyysiset ominaisuudet<\/strong><br \/>\npH: ok. 3,5 5 % r-r<\/p>\n","protected":false},"excerpt":{"rendered":"<p><strong>Laktobionihappo (CAS 96-82-2)<\/strong><\/p>\n<p>Laktobionihappo (4-O-\u03b2-galaktopyranosyyli-D-glukonihappo) on sokerihappo. Se on disakkaridi, joka muodostuu glukonihaposta ja galaktoosista. Se voi muodostua laktoosin hapettumisesta. Laktobionihapon karboksylaattianioni tunnetaan nimell\u00e4 laktobionaatti.<\/p>\n<p>Laktobionihappo voi happona muodostaa suoloja mineraalikationien, kuten kalsiumin, kaliumin, natriumin ja sinkin, kanssa. Kalsiumlaktobionaatti on elintarvikelis\u00e4aine, jota k\u00e4ytet\u00e4\u00e4n stabilointiaineena. Kaliumlaktobionaattia lis\u00e4t\u00e4\u00e4n elinten s\u00e4il\u00f6nt\u00e4liuoksiin, kuten Viaspan tai CoStorSol, antamaan osmoottista tukea ja est\u00e4m\u00e4\u00e4n solujen turvotusta. Laktobionihapon mineraalisuoloja k\u00e4ytet\u00e4\u00e4n my\u00f6s kivenn\u00e4isainelis\u00e4ksi.<\/p>\n<p>Laktobionihappoa k\u00e4ytet\u00e4\u00e4n my\u00f6s kosmetiikkateollisuudessa antioksidanttina ja l\u00e4\u00e4keteollisuudessa formuloinnin apuaineena. Esimerkiksi erytromysiini-antibioottia k\u00e4ytet\u00e4\u00e4n suolana erytromysiinilaktobionaattina suonensis\u00e4isesti annettuna.<\/p>\n","protected":false},"featured_media":17144,"template":"","meta":[],"product_brand":[],"product_cat":[180,294],"product_tag":[],"class_list":{"0":"post-17138","1":"product","2":"type-product","3":"status-publish","4":"has-post-thumbnail","6":"product_cat-uncategorized-fi-2","7":"product_cat-kosmetiikkateollisuus","9":"first","10":"instock","11":"taxable","12":"shipping-taxable","13":"purchasable","14":"product-type-variable","15":"has-default-attributes"},"yoast_head":"<!-- This site is optimized with the Yoast SEO plugin v26.2 - https:\/\/yoast.com\/wordpress\/plugins\/seo\/ -->\n<title>Laktobionihappo (CAS 96-82-2) - Chemistry For Industry - Solvents &amp; Chemicals - Masterchem.ee<\/title>\n<meta name=\"description\" content=\"Laktobionihappo (4-O-\u03b2-galaktopyranosyyli-D-glukonihappo) on sokerihappo. Se on disakkaridi, joka muodostuu glukonihaposta ja galaktoosista.\" \/>\n<meta name=\"robots\" content=\"index, follow, max-snippet:-1, max-image-preview:large, max-video-preview:-1\" \/>\n<link rel=\"canonical\" href=\"https:\/\/masterchem.ee\/fi\/tooted-ja-teenused\/laktobionihappo-cas-96-82-2\/\" \/>\n<meta name=\"twitter:card\" content=\"summary_large_image\" \/>\n<meta name=\"twitter:title\" content=\"Laktobionihappo (CAS 96-82-2) - Chemistry For Industry - Solvents &amp; Chemicals - Masterchem.ee\" \/>\n<meta name=\"twitter:description\" content=\"Laktobionihappo (4-O-\u03b2-galaktopyranosyyli-D-glukonihappo) on sokerihappo. Se on disakkaridi, joka muodostuu glukonihaposta ja galaktoosista.\" \/>\n<meta name=\"twitter:image\" content=\"https:\/\/masterchem.ee\/wp-content\/uploads\/2022\/01\/Laktobioonhape-25kg-MasterChem.jpg\" \/>\n<script type=\"application\/ld+json\" class=\"yoast-schema-graph\">{\"@context\":\"https:\/\/schema.org\",\"@graph\":[{\"@type\":\"WebPage\",\"@id\":\"https:\/\/masterchem.ee\/fi\/tooted-ja-teenused\/laktobionihappo-cas-96-82-2\/\",\"url\":\"https:\/\/masterchem.ee\/fi\/tooted-ja-teenused\/laktobionihappo-cas-96-82-2\/\",\"name\":\"Laktobionihappo (CAS 96-82-2) - Chemistry For Industry - Solvents &amp; Chemicals - Masterchem.ee\",\"isPartOf\":{\"@id\":\"https:\/\/masterchem.ee\/fi\/#website\"},\"primaryImageOfPage\":{\"@id\":\"https:\/\/masterchem.ee\/fi\/tooted-ja-teenused\/laktobionihappo-cas-96-82-2\/#primaryimage\"},\"image\":{\"@id\":\"https:\/\/masterchem.ee\/fi\/tooted-ja-teenused\/laktobionihappo-cas-96-82-2\/#primaryimage\"},\"thumbnailUrl\":\"https:\/\/masterchem.ee\/wp-content\/uploads\/2022\/01\/Laktobioonhape-25kg-MasterChem.jpg\",\"datePublished\":\"2022-01-11T14:48:35+00:00\",\"dateModified\":\"2022-01-11T14:56:57+00:00\",\"description\":\"Laktobionihappo (4-O-\u03b2-galaktopyranosyyli-D-glukonihappo) on sokerihappo. Se on disakkaridi, joka muodostuu glukonihaposta ja galaktoosista.\",\"breadcrumb\":{\"@id\":\"https:\/\/masterchem.ee\/fi\/tooted-ja-teenused\/laktobionihappo-cas-96-82-2\/#breadcrumb\"},\"inLanguage\":\"fi\",\"potentialAction\":[{\"@type\":\"ReadAction\",\"target\":[\"https:\/\/masterchem.ee\/fi\/tooted-ja-teenused\/laktobionihappo-cas-96-82-2\/\"]}]},{\"@type\":\"ImageObject\",\"inLanguage\":\"fi\",\"@id\":\"https:\/\/masterchem.ee\/fi\/tooted-ja-teenused\/laktobionihappo-cas-96-82-2\/#primaryimage\",\"url\":\"https:\/\/masterchem.ee\/wp-content\/uploads\/2022\/01\/Laktobioonhape-25kg-MasterChem.jpg\",\"contentUrl\":\"https:\/\/masterchem.ee\/wp-content\/uploads\/2022\/01\/Laktobioonhape-25kg-MasterChem.jpg\",\"width\":1000,\"height\":1000,\"caption\":\"Laktobionihappo (CAS 96-82-2) 25kg-MasterChem\"},{\"@type\":\"BreadcrumbList\",\"@id\":\"https:\/\/masterchem.ee\/fi\/tooted-ja-teenused\/laktobionihappo-cas-96-82-2\/#breadcrumb\",\"itemListElement\":[{\"@type\":\"ListItem\",\"position\":1,\"name\":\"Home\",\"item\":\"https:\/\/masterchem.ee\/fi\/\"},{\"@type\":\"ListItem\",\"position\":2,\"name\":\"Tooted ja teenused\",\"item\":\"https:\/\/masterchem.ee\/tooted-ja-teenused\/\"},{\"@type\":\"ListItem\",\"position\":3,\"name\":\"Laktobionihappo (CAS 96-82-2)\"}]},{\"@type\":\"WebSite\",\"@id\":\"https:\/\/masterchem.ee\/fi\/#website\",\"url\":\"https:\/\/masterchem.ee\/fi\/\",\"name\":\"Masterchem.ee\",\"description\":\"Chemistry For Industry - Solvents &amp; Chemicals\",\"publisher\":{\"@id\":\"https:\/\/masterchem.ee\/fi\/#organization\"},\"potentialAction\":[{\"@type\":\"SearchAction\",\"target\":{\"@type\":\"EntryPoint\",\"urlTemplate\":\"https:\/\/masterchem.ee\/fi\/?s={search_term_string}\"},\"query-input\":{\"@type\":\"PropertyValueSpecification\",\"valueRequired\":true,\"valueName\":\"search_term_string\"}}],\"inLanguage\":\"fi\"},{\"@type\":\"Organization\",\"@id\":\"https:\/\/masterchem.ee\/fi\/#organization\",\"name\":\"Masterchem\",\"url\":\"https:\/\/masterchem.ee\/fi\/\",\"logo\":{\"@type\":\"ImageObject\",\"inLanguage\":\"fi\",\"@id\":\"https:\/\/masterchem.ee\/fi\/#\/schema\/logo\/image\/\",\"url\":\"https:\/\/masterchem.ee\/wp-content\/uploads\/2018\/02\/master-chem_final-1.png\",\"contentUrl\":\"https:\/\/masterchem.ee\/wp-content\/uploads\/2018\/02\/master-chem_final-1.png\",\"width\":850,\"height\":356,\"caption\":\"Masterchem\"},\"image\":{\"@id\":\"https:\/\/masterchem.ee\/fi\/#\/schema\/logo\/image\/\"}}]}<\/script>\n<!-- \/ Yoast SEO plugin. -->","yoast_head_json":{"title":"Laktobionihappo (CAS 96-82-2) - Chemistry For Industry - Solvents &amp; Chemicals - Masterchem.ee","description":"Laktobionihappo (4-O-\u03b2-galaktopyranosyyli-D-glukonihappo) on sokerihappo. Se on disakkaridi, joka muodostuu glukonihaposta ja galaktoosista.","robots":{"index":"index","follow":"follow","max-snippet":"max-snippet:-1","max-image-preview":"max-image-preview:large","max-video-preview":"max-video-preview:-1"},"canonical":"https:\/\/masterchem.ee\/fi\/tooted-ja-teenused\/laktobionihappo-cas-96-82-2\/","twitter_card":"summary_large_image","twitter_title":"Laktobionihappo (CAS 96-82-2) - Chemistry For Industry - Solvents &amp; Chemicals - Masterchem.ee","twitter_description":"Laktobionihappo (4-O-\u03b2-galaktopyranosyyli-D-glukonihappo) on sokerihappo. Se on disakkaridi, joka muodostuu glukonihaposta ja galaktoosista.","twitter_image":"https:\/\/masterchem.ee\/wp-content\/uploads\/2022\/01\/Laktobioonhape-25kg-MasterChem.jpg","schema":{"@context":"https:\/\/schema.org","@graph":[{"@type":"WebPage","@id":"https:\/\/masterchem.ee\/fi\/tooted-ja-teenused\/laktobionihappo-cas-96-82-2\/","url":"https:\/\/masterchem.ee\/fi\/tooted-ja-teenused\/laktobionihappo-cas-96-82-2\/","name":"Laktobionihappo (CAS 96-82-2) - Chemistry For Industry - Solvents &amp; Chemicals - Masterchem.ee","isPartOf":{"@id":"https:\/\/masterchem.ee\/fi\/#website"},"primaryImageOfPage":{"@id":"https:\/\/masterchem.ee\/fi\/tooted-ja-teenused\/laktobionihappo-cas-96-82-2\/#primaryimage"},"image":{"@id":"https:\/\/masterchem.ee\/fi\/tooted-ja-teenused\/laktobionihappo-cas-96-82-2\/#primaryimage"},"thumbnailUrl":"https:\/\/masterchem.ee\/wp-content\/uploads\/2022\/01\/Laktobioonhape-25kg-MasterChem.jpg","datePublished":"2022-01-11T14:48:35+00:00","dateModified":"2022-01-11T14:56:57+00:00","description":"Laktobionihappo (4-O-\u03b2-galaktopyranosyyli-D-glukonihappo) on sokerihappo. Se on disakkaridi, joka muodostuu glukonihaposta ja galaktoosista.","breadcrumb":{"@id":"https:\/\/masterchem.ee\/fi\/tooted-ja-teenused\/laktobionihappo-cas-96-82-2\/#breadcrumb"},"inLanguage":"fi","potentialAction":[{"@type":"ReadAction","target":["https:\/\/masterchem.ee\/fi\/tooted-ja-teenused\/laktobionihappo-cas-96-82-2\/"]}]},{"@type":"ImageObject","inLanguage":"fi","@id":"https:\/\/masterchem.ee\/fi\/tooted-ja-teenused\/laktobionihappo-cas-96-82-2\/#primaryimage","url":"https:\/\/masterchem.ee\/wp-content\/uploads\/2022\/01\/Laktobioonhape-25kg-MasterChem.jpg","contentUrl":"https:\/\/masterchem.ee\/wp-content\/uploads\/2022\/01\/Laktobioonhape-25kg-MasterChem.jpg","width":1000,"height":1000,"caption":"Laktobionihappo (CAS 96-82-2) 25kg-MasterChem"},{"@type":"BreadcrumbList","@id":"https:\/\/masterchem.ee\/fi\/tooted-ja-teenused\/laktobionihappo-cas-96-82-2\/#breadcrumb","itemListElement":[{"@type":"ListItem","position":1,"name":"Home","item":"https:\/\/masterchem.ee\/fi\/"},{"@type":"ListItem","position":2,"name":"Tooted ja teenused","item":"https:\/\/masterchem.ee\/tooted-ja-teenused\/"},{"@type":"ListItem","position":3,"name":"Laktobionihappo (CAS 96-82-2)"}]},{"@type":"WebSite","@id":"https:\/\/masterchem.ee\/fi\/#website","url":"https:\/\/masterchem.ee\/fi\/","name":"Masterchem.ee","description":"Chemistry For Industry - Solvents &amp; Chemicals","publisher":{"@id":"https:\/\/masterchem.ee\/fi\/#organization"},"potentialAction":[{"@type":"SearchAction","target":{"@type":"EntryPoint","urlTemplate":"https:\/\/masterchem.ee\/fi\/?s={search_term_string}"},"query-input":{"@type":"PropertyValueSpecification","valueRequired":true,"valueName":"search_term_string"}}],"inLanguage":"fi"},{"@type":"Organization","@id":"https:\/\/masterchem.ee\/fi\/#organization","name":"Masterchem","url":"https:\/\/masterchem.ee\/fi\/","logo":{"@type":"ImageObject","inLanguage":"fi","@id":"https:\/\/masterchem.ee\/fi\/#\/schema\/logo\/image\/","url":"https:\/\/masterchem.ee\/wp-content\/uploads\/2018\/02\/master-chem_final-1.png","contentUrl":"https:\/\/masterchem.ee\/wp-content\/uploads\/2018\/02\/master-chem_final-1.png","width":850,"height":356,"caption":"Masterchem"},"image":{"@id":"https:\/\/masterchem.ee\/fi\/#\/schema\/logo\/image\/"}}]}},"_links":{"self":[{"href":"https:\/\/masterchem.ee\/fi\/wp-json\/wp\/v2\/product\/17138","targetHints":{"allow":["GET"]}}],"collection":[{"href":"https:\/\/masterchem.ee\/fi\/wp-json\/wp\/v2\/product"}],"about":[{"href":"https:\/\/masterchem.ee\/fi\/wp-json\/wp\/v2\/types\/product"}],"wp:featuredmedia":[{"embeddable":true,"href":"https:\/\/masterchem.ee\/fi\/wp-json\/wp\/v2\/media\/17144"}],"wp:attachment":[{"href":"https:\/\/masterchem.ee\/fi\/wp-json\/wp\/v2\/media?parent=17138"}],"wp:term":[{"taxonomy":"product_brand","embeddable":true,"href":"https:\/\/masterchem.ee\/fi\/wp-json\/wp\/v2\/product_brand?post=17138"},{"taxonomy":"product_cat","embeddable":true,"href":"https:\/\/masterchem.ee\/fi\/wp-json\/wp\/v2\/product_cat?post=17138"},{"taxonomy":"product_tag","embeddable":true,"href":"https:\/\/masterchem.ee\/fi\/wp-json\/wp\/v2\/product_tag?post=17138"}],"curies":[{"name":"wp","href":"https:\/\/api.w.org\/{rel}","templated":true}]}}