{"id":16878,"date":"2022-01-09T17:57:24","date_gmt":"2022-01-09T17:57:34","guid":{"rendered":"https:\/\/masterchem.ee\/?post_type=product&#038;p=16878"},"modified":"2022-01-09T18:07:39","modified_gmt":"2022-01-09T18:07:39","slug":"rosmariini-oljy","status":"publish","type":"product","link":"https:\/\/masterchem.ee\/fi\/tooted-ja-teenused\/rosmariini-oljy\/","title":{"rendered":"Rosmariini \u00f6ljy"},"content":{"rendered":"","protected":false},"excerpt":{"rendered":"<p><strong>Rosmariini\u00f6ljy<\/strong><\/p>\n<p>Rosmariini\u00f6ljy on suosittu infuusio\u00f6ljy, jota k\u00e4ytet\u00e4\u00e4n ruoanlaitossa ja kauneushoidoissa. Rosmarinus officinalis on ikivihre\u00e4 pensas, jolla on neulamaiset lehdet ja puumainen aromi. Naturalin omistaa rosmariinikasvikannan, jossa on koko prosessinohjausj\u00e4rjestelm\u00e4 raaka-aineista tuotteen k\u00e4sittelyyn, mik\u00e4 varmisti rosmariinisarjan tuotteiden laadun.<\/p>\n<p><strong>Toiminnot:<\/strong><br \/>\n1. Luonnollinen s\u00e4il\u00f6nt\u00e4aine;<br \/>\n2. Antioksidantti, poistaa vapaita radikaaleja, ik\u00e4\u00e4ntymisen esto;<br \/>\n3. Aivojen toiminnan ja muistin parantaminen;<br \/>\n4. Hiusten kasvun stimulointi;<br \/>\n5. Stressin vapauttaminen ja verenkierron lis\u00e4\u00e4minen.<\/p>\n<p><strong>Sovellukset:<\/strong><br \/>\n1. Henkil\u00f6kohtaisissa hygieniatuotteissa: rosmariini\u00f6ljy stimuloi p\u00e4\u00e4nahan alueen verenkiertoa, steriloi ja ehk\u00e4isee kutinaa. Sit\u00e4 k\u00e4ytet\u00e4\u00e4n laajalti hiustenhoitotuotteissa;<br \/>\n2. Elintarviketeollisuudessa: eritt\u00e4in tehokas antioksidantti; antibakteerinen; luonnollinen s\u00e4il\u00f6nt\u00e4aine;<br \/>\n3. R\u00e4\u00e4t\u00e4l\u00f6ity: se voidaan muokata asiakkaan erityistarpeiden mukaan.<\/p>\n","protected":false},"featured_media":16920,"template":"","meta":[],"product_brand":[],"product_cat":[180,294],"product_tag":[],"class_list":{"0":"post-16878","1":"product","2":"type-product","3":"status-publish","4":"has-post-thumbnail","6":"product_cat-uncategorized-fi-2","7":"product_cat-kosmetiikkateollisuus","8":"pif-has-gallery","10":"first","11":"instock","12":"taxable","13":"shipping-taxable","14":"purchasable","15":"product-type-variable","16":"has-default-attributes"},"yoast_head":"<!-- This site is optimized with the Yoast SEO plugin v26.2 - https:\/\/yoast.com\/wordpress\/plugins\/seo\/ -->\n<title>Rosmariini \u00f6ljy - Chemistry For Industry - Solvents &amp; Chemicals - Masterchem.ee<\/title>\n<meta name=\"description\" content=\"Rosmariini\u00f6ljy on suosittu infuusio\u00f6ljy, jota k\u00e4ytet\u00e4\u00e4n ruoanlaitossa ja kauneushoidoissa.\" \/>\n<meta name=\"robots\" content=\"index, follow, max-snippet:-1, max-image-preview:large, max-video-preview:-1\" \/>\n<link rel=\"canonical\" href=\"https:\/\/masterchem.ee\/fi\/tooted-ja-teenused\/rosmariini-oljy\/\" \/>\n<meta name=\"twitter:card\" content=\"summary_large_image\" \/>\n<meta name=\"twitter:title\" content=\"Rosmariini \u00f6ljy - Chemistry For Industry - Solvents &amp; Chemicals - Masterchem.ee\" \/>\n<meta name=\"twitter:description\" content=\"Rosmariini\u00f6ljy on suosittu infuusio\u00f6ljy, jota k\u00e4ytet\u00e4\u00e4n ruoanlaitossa ja kauneushoidoissa.\" \/>\n<meta name=\"twitter:image\" content=\"https:\/\/masterchem.ee\/wp-content\/uploads\/2022\/01\/Rosmariinioli-1000l-MasterChem.jpg\" \/>\n<script type=\"application\/ld+json\" class=\"yoast-schema-graph\">{\"@context\":\"https:\/\/schema.org\",\"@graph\":[{\"@type\":\"WebPage\",\"@id\":\"https:\/\/masterchem.ee\/fi\/tooted-ja-teenused\/rosmariini-oljy\/\",\"url\":\"https:\/\/masterchem.ee\/fi\/tooted-ja-teenused\/rosmariini-oljy\/\",\"name\":\"Rosmariini \u00f6ljy - Chemistry For Industry - Solvents &amp; Chemicals - Masterchem.ee\",\"isPartOf\":{\"@id\":\"https:\/\/masterchem.ee\/fi\/#website\"},\"primaryImageOfPage\":{\"@id\":\"https:\/\/masterchem.ee\/fi\/tooted-ja-teenused\/rosmariini-oljy\/#primaryimage\"},\"image\":{\"@id\":\"https:\/\/masterchem.ee\/fi\/tooted-ja-teenused\/rosmariini-oljy\/#primaryimage\"},\"thumbnailUrl\":\"https:\/\/masterchem.ee\/wp-content\/uploads\/2022\/01\/Rosmariinioli-1000l-MasterChem.jpg\",\"datePublished\":\"2022-01-09T17:57:34+00:00\",\"dateModified\":\"2022-01-09T18:07:39+00:00\",\"description\":\"Rosmariini\u00f6ljy on suosittu infuusio\u00f6ljy, jota k\u00e4ytet\u00e4\u00e4n ruoanlaitossa ja kauneushoidoissa.\",\"breadcrumb\":{\"@id\":\"https:\/\/masterchem.ee\/fi\/tooted-ja-teenused\/rosmariini-oljy\/#breadcrumb\"},\"inLanguage\":\"fi\",\"potentialAction\":[{\"@type\":\"ReadAction\",\"target\":[\"https:\/\/masterchem.ee\/fi\/tooted-ja-teenused\/rosmariini-oljy\/\"]}]},{\"@type\":\"ImageObject\",\"inLanguage\":\"fi\",\"@id\":\"https:\/\/masterchem.ee\/fi\/tooted-ja-teenused\/rosmariini-oljy\/#primaryimage\",\"url\":\"https:\/\/masterchem.ee\/wp-content\/uploads\/2022\/01\/Rosmariinioli-1000l-MasterChem.jpg\",\"contentUrl\":\"https:\/\/masterchem.ee\/wp-content\/uploads\/2022\/01\/Rosmariinioli-1000l-MasterChem.jpg\",\"width\":1000,\"height\":1000,\"caption\":\"Rosmariini \u00f6ljy 1000l MaterChem\"},{\"@type\":\"BreadcrumbList\",\"@id\":\"https:\/\/masterchem.ee\/fi\/tooted-ja-teenused\/rosmariini-oljy\/#breadcrumb\",\"itemListElement\":[{\"@type\":\"ListItem\",\"position\":1,\"name\":\"Home\",\"item\":\"https:\/\/masterchem.ee\/fi\/\"},{\"@type\":\"ListItem\",\"position\":2,\"name\":\"Tooted ja teenused\",\"item\":\"https:\/\/masterchem.ee\/tooted-ja-teenused\/\"},{\"@type\":\"ListItem\",\"position\":3,\"name\":\"Rosmariini \u00f6ljy\"}]},{\"@type\":\"WebSite\",\"@id\":\"https:\/\/masterchem.ee\/fi\/#website\",\"url\":\"https:\/\/masterchem.ee\/fi\/\",\"name\":\"Masterchem.ee\",\"description\":\"Chemistry For Industry - Solvents &amp; Chemicals\",\"publisher\":{\"@id\":\"https:\/\/masterchem.ee\/fi\/#organization\"},\"potentialAction\":[{\"@type\":\"SearchAction\",\"target\":{\"@type\":\"EntryPoint\",\"urlTemplate\":\"https:\/\/masterchem.ee\/fi\/?s={search_term_string}\"},\"query-input\":{\"@type\":\"PropertyValueSpecification\",\"valueRequired\":true,\"valueName\":\"search_term_string\"}}],\"inLanguage\":\"fi\"},{\"@type\":\"Organization\",\"@id\":\"https:\/\/masterchem.ee\/fi\/#organization\",\"name\":\"Masterchem\",\"url\":\"https:\/\/masterchem.ee\/fi\/\",\"logo\":{\"@type\":\"ImageObject\",\"inLanguage\":\"fi\",\"@id\":\"https:\/\/masterchem.ee\/fi\/#\/schema\/logo\/image\/\",\"url\":\"https:\/\/masterchem.ee\/wp-content\/uploads\/2018\/02\/master-chem_final-1.png\",\"contentUrl\":\"https:\/\/masterchem.ee\/wp-content\/uploads\/2018\/02\/master-chem_final-1.png\",\"width\":850,\"height\":356,\"caption\":\"Masterchem\"},\"image\":{\"@id\":\"https:\/\/masterchem.ee\/fi\/#\/schema\/logo\/image\/\"}}]}<\/script>\n<!-- \/ Yoast SEO plugin. -->","yoast_head_json":{"title":"Rosmariini \u00f6ljy - Chemistry For Industry - Solvents &amp; Chemicals - Masterchem.ee","description":"Rosmariini\u00f6ljy on suosittu infuusio\u00f6ljy, jota k\u00e4ytet\u00e4\u00e4n ruoanlaitossa ja kauneushoidoissa.","robots":{"index":"index","follow":"follow","max-snippet":"max-snippet:-1","max-image-preview":"max-image-preview:large","max-video-preview":"max-video-preview:-1"},"canonical":"https:\/\/masterchem.ee\/fi\/tooted-ja-teenused\/rosmariini-oljy\/","twitter_card":"summary_large_image","twitter_title":"Rosmariini \u00f6ljy - Chemistry For Industry - Solvents &amp; Chemicals - Masterchem.ee","twitter_description":"Rosmariini\u00f6ljy on suosittu infuusio\u00f6ljy, jota k\u00e4ytet\u00e4\u00e4n ruoanlaitossa ja kauneushoidoissa.","twitter_image":"https:\/\/masterchem.ee\/wp-content\/uploads\/2022\/01\/Rosmariinioli-1000l-MasterChem.jpg","schema":{"@context":"https:\/\/schema.org","@graph":[{"@type":"WebPage","@id":"https:\/\/masterchem.ee\/fi\/tooted-ja-teenused\/rosmariini-oljy\/","url":"https:\/\/masterchem.ee\/fi\/tooted-ja-teenused\/rosmariini-oljy\/","name":"Rosmariini \u00f6ljy - Chemistry For Industry - Solvents &amp; Chemicals - Masterchem.ee","isPartOf":{"@id":"https:\/\/masterchem.ee\/fi\/#website"},"primaryImageOfPage":{"@id":"https:\/\/masterchem.ee\/fi\/tooted-ja-teenused\/rosmariini-oljy\/#primaryimage"},"image":{"@id":"https:\/\/masterchem.ee\/fi\/tooted-ja-teenused\/rosmariini-oljy\/#primaryimage"},"thumbnailUrl":"https:\/\/masterchem.ee\/wp-content\/uploads\/2022\/01\/Rosmariinioli-1000l-MasterChem.jpg","datePublished":"2022-01-09T17:57:34+00:00","dateModified":"2022-01-09T18:07:39+00:00","description":"Rosmariini\u00f6ljy on suosittu infuusio\u00f6ljy, jota k\u00e4ytet\u00e4\u00e4n ruoanlaitossa ja kauneushoidoissa.","breadcrumb":{"@id":"https:\/\/masterchem.ee\/fi\/tooted-ja-teenused\/rosmariini-oljy\/#breadcrumb"},"inLanguage":"fi","potentialAction":[{"@type":"ReadAction","target":["https:\/\/masterchem.ee\/fi\/tooted-ja-teenused\/rosmariini-oljy\/"]}]},{"@type":"ImageObject","inLanguage":"fi","@id":"https:\/\/masterchem.ee\/fi\/tooted-ja-teenused\/rosmariini-oljy\/#primaryimage","url":"https:\/\/masterchem.ee\/wp-content\/uploads\/2022\/01\/Rosmariinioli-1000l-MasterChem.jpg","contentUrl":"https:\/\/masterchem.ee\/wp-content\/uploads\/2022\/01\/Rosmariinioli-1000l-MasterChem.jpg","width":1000,"height":1000,"caption":"Rosmariini \u00f6ljy 1000l MaterChem"},{"@type":"BreadcrumbList","@id":"https:\/\/masterchem.ee\/fi\/tooted-ja-teenused\/rosmariini-oljy\/#breadcrumb","itemListElement":[{"@type":"ListItem","position":1,"name":"Home","item":"https:\/\/masterchem.ee\/fi\/"},{"@type":"ListItem","position":2,"name":"Tooted ja teenused","item":"https:\/\/masterchem.ee\/tooted-ja-teenused\/"},{"@type":"ListItem","position":3,"name":"Rosmariini \u00f6ljy"}]},{"@type":"WebSite","@id":"https:\/\/masterchem.ee\/fi\/#website","url":"https:\/\/masterchem.ee\/fi\/","name":"Masterchem.ee","description":"Chemistry For Industry - Solvents &amp; Chemicals","publisher":{"@id":"https:\/\/masterchem.ee\/fi\/#organization"},"potentialAction":[{"@type":"SearchAction","target":{"@type":"EntryPoint","urlTemplate":"https:\/\/masterchem.ee\/fi\/?s={search_term_string}"},"query-input":{"@type":"PropertyValueSpecification","valueRequired":true,"valueName":"search_term_string"}}],"inLanguage":"fi"},{"@type":"Organization","@id":"https:\/\/masterchem.ee\/fi\/#organization","name":"Masterchem","url":"https:\/\/masterchem.ee\/fi\/","logo":{"@type":"ImageObject","inLanguage":"fi","@id":"https:\/\/masterchem.ee\/fi\/#\/schema\/logo\/image\/","url":"https:\/\/masterchem.ee\/wp-content\/uploads\/2018\/02\/master-chem_final-1.png","contentUrl":"https:\/\/masterchem.ee\/wp-content\/uploads\/2018\/02\/master-chem_final-1.png","width":850,"height":356,"caption":"Masterchem"},"image":{"@id":"https:\/\/masterchem.ee\/fi\/#\/schema\/logo\/image\/"}}]}},"_links":{"self":[{"href":"https:\/\/masterchem.ee\/fi\/wp-json\/wp\/v2\/product\/16878","targetHints":{"allow":["GET"]}}],"collection":[{"href":"https:\/\/masterchem.ee\/fi\/wp-json\/wp\/v2\/product"}],"about":[{"href":"https:\/\/masterchem.ee\/fi\/wp-json\/wp\/v2\/types\/product"}],"wp:featuredmedia":[{"embeddable":true,"href":"https:\/\/masterchem.ee\/fi\/wp-json\/wp\/v2\/media\/16920"}],"wp:attachment":[{"href":"https:\/\/masterchem.ee\/fi\/wp-json\/wp\/v2\/media?parent=16878"}],"wp:term":[{"taxonomy":"product_brand","embeddable":true,"href":"https:\/\/masterchem.ee\/fi\/wp-json\/wp\/v2\/product_brand?post=16878"},{"taxonomy":"product_cat","embeddable":true,"href":"https:\/\/masterchem.ee\/fi\/wp-json\/wp\/v2\/product_cat?post=16878"},{"taxonomy":"product_tag","embeddable":true,"href":"https:\/\/masterchem.ee\/fi\/wp-json\/wp\/v2\/product_tag?post=16878"}],"curies":[{"name":"wp","href":"https:\/\/api.w.org\/{rel}","templated":true}]}}