{"id":16792,"date":"2022-01-06T20:08:13","date_gmt":"2022-01-06T20:08:22","guid":{"rendered":"https:\/\/masterchem.ee\/?post_type=product&#038;p=16792"},"modified":"2022-01-06T20:18:29","modified_gmt":"2022-01-06T20:18:29","slug":"piparminttuoljy-cas-90063-97-1","status":"publish","type":"product","link":"https:\/\/masterchem.ee\/fi\/tooted-ja-teenused\/piparminttuoljy-cas-90063-97-1\/","title":{"rendered":"Piparminttu\u00f6ljy (CAS 90063-97-1)"},"content":{"rendered":"<p> <strong> Info<\/strong> <\/p>\n<p>Toimialat: Kosmetiikkateollisuus<br \/>\nCAS-numero: 90063-97-1<br \/>\nWE-numero: 290-058-5<\/p>\n<p><strong>Muut fyysiset ominaisuudet<\/strong><br \/>\npH: 11,0 \u2013 11,8 (1 %)<br \/>\nSulamis-\/j\u00e4\u00e4tymispiste: -25\u00b0C<br \/>\nKiehumispiste\/alue: 106\u00b0C<br \/>\nSuhteellinen tiheys: 0,892 \u2013 0,910 g\/cm3<\/p>\n","protected":false},"excerpt":{"rendered":"<p><strong>Piparminttu\u00f6ljy (CAS 90063-97-1)<\/strong><\/p>\n<p>Piparminttu\u00f6ljy\u00e4 k\u00e4ytet\u00e4\u00e4n laajalti karminoivana, antiseptisen\u00e4 ja paikallispuudutteena vilustumisen, ysk\u00e4n ja muiden valmisteiden (imeskelytabletit, siirapit, voiteet, tabletit jne.) valmistuksessa. Enterop\u00e4\u00e4llysteisi\u00e4 piparminttu\u00f6ljykapseleita on tutkittu k\u00e4ytt\u00f6kelpoisena \u00e4rtyv\u00e4n suolen oireyhtym\u00e4n hoitona; enteropinnoite mahdollistaa \u00f6ljyn p\u00e4\u00e4syn paksusuoleen metaboloitumattomassa tilassa; hoito on vasta-aiheista aterioiden yhteydess\u00e4 ja aklorhydriassa. Piparminttu\u00f6ljy\u00e4 on suositeltu kolonoskopian lis\u00e4n\u00e4; laimennettua \u00f6ljysuspensiota ruiskutetaan endoskooppiin koolonin kouristusten v\u00e4hent\u00e4miseksi. <\/p>\n","protected":false},"featured_media":16834,"template":"","meta":[],"product_brand":[],"product_cat":[180,294],"product_tag":[],"class_list":{"0":"post-16792","1":"product","2":"type-product","3":"status-publish","4":"has-post-thumbnail","6":"product_cat-uncategorized-fi-2","7":"product_cat-kosmetiikkateollisuus","8":"pif-has-gallery","10":"first","11":"instock","12":"taxable","13":"shipping-taxable","14":"purchasable","15":"product-type-variable","16":"has-default-attributes"},"yoast_head":"<!-- This site is optimized with the Yoast SEO plugin v26.2 - https:\/\/yoast.com\/wordpress\/plugins\/seo\/ -->\n<title>Piparminttu\u00f6ljy (CAS 90063-97-1) - Chemistry For Industry - Solvents &amp; Chemicals - Masterchem.ee<\/title>\n<meta name=\"description\" content=\"Piparminttu\u00f6ljy\u00e4 k\u00e4ytet\u00e4\u00e4n laajalti karminoivana, antiseptisen\u00e4 ja paikallispuudutteena vilustumisen, ysk\u00e4n ja muiden valmisteiden (imeskelytabletit, siirapit, voiteet, tabletit jne.) valmistuksessa.\" \/>\n<meta name=\"robots\" content=\"index, follow, max-snippet:-1, max-image-preview:large, max-video-preview:-1\" \/>\n<link rel=\"canonical\" href=\"https:\/\/masterchem.ee\/fi\/tooted-ja-teenused\/piparminttuoljy-cas-90063-97-1\/\" \/>\n<meta name=\"twitter:card\" content=\"summary_large_image\" \/>\n<meta name=\"twitter:title\" content=\"Piparminttu\u00f6ljy (CAS 90063-97-1) - Chemistry For Industry - Solvents &amp; Chemicals - Masterchem.ee\" \/>\n<meta name=\"twitter:description\" content=\"Piparminttu\u00f6ljy\u00e4 k\u00e4ytet\u00e4\u00e4n laajalti karminoivana, antiseptisen\u00e4 ja paikallispuudutteena vilustumisen, ysk\u00e4n ja muiden valmisteiden (imeskelytabletit, siirapit, voiteet, tabletit jne.) valmistuksessa.\" \/>\n<meta name=\"twitter:image\" content=\"https:\/\/masterchem.ee\/wp-content\/uploads\/2022\/01\/Piparmundioli-1000l-MasterChem.jpg\" \/>\n<script type=\"application\/ld+json\" class=\"yoast-schema-graph\">{\"@context\":\"https:\/\/schema.org\",\"@graph\":[{\"@type\":\"WebPage\",\"@id\":\"https:\/\/masterchem.ee\/fi\/tooted-ja-teenused\/piparminttuoljy-cas-90063-97-1\/\",\"url\":\"https:\/\/masterchem.ee\/fi\/tooted-ja-teenused\/piparminttuoljy-cas-90063-97-1\/\",\"name\":\"Piparminttu\u00f6ljy (CAS 90063-97-1) - Chemistry For Industry - Solvents &amp; Chemicals - Masterchem.ee\",\"isPartOf\":{\"@id\":\"https:\/\/masterchem.ee\/fi\/#website\"},\"primaryImageOfPage\":{\"@id\":\"https:\/\/masterchem.ee\/fi\/tooted-ja-teenused\/piparminttuoljy-cas-90063-97-1\/#primaryimage\"},\"image\":{\"@id\":\"https:\/\/masterchem.ee\/fi\/tooted-ja-teenused\/piparminttuoljy-cas-90063-97-1\/#primaryimage\"},\"thumbnailUrl\":\"https:\/\/masterchem.ee\/wp-content\/uploads\/2022\/01\/Piparmundioli-1000l-MasterChem.jpg\",\"datePublished\":\"2022-01-06T20:08:22+00:00\",\"dateModified\":\"2022-01-06T20:18:29+00:00\",\"description\":\"Piparminttu\u00f6ljy\u00e4 k\u00e4ytet\u00e4\u00e4n laajalti karminoivana, antiseptisen\u00e4 ja paikallispuudutteena vilustumisen, ysk\u00e4n ja muiden valmisteiden (imeskelytabletit, siirapit, voiteet, tabletit jne.) valmistuksessa.\",\"breadcrumb\":{\"@id\":\"https:\/\/masterchem.ee\/fi\/tooted-ja-teenused\/piparminttuoljy-cas-90063-97-1\/#breadcrumb\"},\"inLanguage\":\"fi\",\"potentialAction\":[{\"@type\":\"ReadAction\",\"target\":[\"https:\/\/masterchem.ee\/fi\/tooted-ja-teenused\/piparminttuoljy-cas-90063-97-1\/\"]}]},{\"@type\":\"ImageObject\",\"inLanguage\":\"fi\",\"@id\":\"https:\/\/masterchem.ee\/fi\/tooted-ja-teenused\/piparminttuoljy-cas-90063-97-1\/#primaryimage\",\"url\":\"https:\/\/masterchem.ee\/wp-content\/uploads\/2022\/01\/Piparmundioli-1000l-MasterChem.jpg\",\"contentUrl\":\"https:\/\/masterchem.ee\/wp-content\/uploads\/2022\/01\/Piparmundioli-1000l-MasterChem.jpg\",\"width\":1000,\"height\":1000,\"caption\":\"Piparminttu\u00f6ljy (CAS 90063-97-1) 1000l-MasterChem\"},{\"@type\":\"BreadcrumbList\",\"@id\":\"https:\/\/masterchem.ee\/fi\/tooted-ja-teenused\/piparminttuoljy-cas-90063-97-1\/#breadcrumb\",\"itemListElement\":[{\"@type\":\"ListItem\",\"position\":1,\"name\":\"Home\",\"item\":\"https:\/\/masterchem.ee\/fi\/\"},{\"@type\":\"ListItem\",\"position\":2,\"name\":\"Tooted ja teenused\",\"item\":\"https:\/\/masterchem.ee\/tooted-ja-teenused\/\"},{\"@type\":\"ListItem\",\"position\":3,\"name\":\"Piparminttu\u00f6ljy (CAS 90063-97-1)\"}]},{\"@type\":\"WebSite\",\"@id\":\"https:\/\/masterchem.ee\/fi\/#website\",\"url\":\"https:\/\/masterchem.ee\/fi\/\",\"name\":\"Masterchem.ee\",\"description\":\"Chemistry For Industry - Solvents &amp; Chemicals\",\"publisher\":{\"@id\":\"https:\/\/masterchem.ee\/fi\/#organization\"},\"potentialAction\":[{\"@type\":\"SearchAction\",\"target\":{\"@type\":\"EntryPoint\",\"urlTemplate\":\"https:\/\/masterchem.ee\/fi\/?s={search_term_string}\"},\"query-input\":{\"@type\":\"PropertyValueSpecification\",\"valueRequired\":true,\"valueName\":\"search_term_string\"}}],\"inLanguage\":\"fi\"},{\"@type\":\"Organization\",\"@id\":\"https:\/\/masterchem.ee\/fi\/#organization\",\"name\":\"Masterchem\",\"url\":\"https:\/\/masterchem.ee\/fi\/\",\"logo\":{\"@type\":\"ImageObject\",\"inLanguage\":\"fi\",\"@id\":\"https:\/\/masterchem.ee\/fi\/#\/schema\/logo\/image\/\",\"url\":\"https:\/\/masterchem.ee\/wp-content\/uploads\/2018\/02\/master-chem_final-1.png\",\"contentUrl\":\"https:\/\/masterchem.ee\/wp-content\/uploads\/2018\/02\/master-chem_final-1.png\",\"width\":850,\"height\":356,\"caption\":\"Masterchem\"},\"image\":{\"@id\":\"https:\/\/masterchem.ee\/fi\/#\/schema\/logo\/image\/\"}}]}<\/script>\n<!-- \/ Yoast SEO plugin. -->","yoast_head_json":{"title":"Piparminttu\u00f6ljy (CAS 90063-97-1) - Chemistry For Industry - Solvents &amp; Chemicals - Masterchem.ee","description":"Piparminttu\u00f6ljy\u00e4 k\u00e4ytet\u00e4\u00e4n laajalti karminoivana, antiseptisen\u00e4 ja paikallispuudutteena vilustumisen, ysk\u00e4n ja muiden valmisteiden (imeskelytabletit, siirapit, voiteet, tabletit jne.) valmistuksessa.","robots":{"index":"index","follow":"follow","max-snippet":"max-snippet:-1","max-image-preview":"max-image-preview:large","max-video-preview":"max-video-preview:-1"},"canonical":"https:\/\/masterchem.ee\/fi\/tooted-ja-teenused\/piparminttuoljy-cas-90063-97-1\/","twitter_card":"summary_large_image","twitter_title":"Piparminttu\u00f6ljy (CAS 90063-97-1) - Chemistry For Industry - Solvents &amp; Chemicals - Masterchem.ee","twitter_description":"Piparminttu\u00f6ljy\u00e4 k\u00e4ytet\u00e4\u00e4n laajalti karminoivana, antiseptisen\u00e4 ja paikallispuudutteena vilustumisen, ysk\u00e4n ja muiden valmisteiden (imeskelytabletit, siirapit, voiteet, tabletit jne.) valmistuksessa.","twitter_image":"https:\/\/masterchem.ee\/wp-content\/uploads\/2022\/01\/Piparmundioli-1000l-MasterChem.jpg","schema":{"@context":"https:\/\/schema.org","@graph":[{"@type":"WebPage","@id":"https:\/\/masterchem.ee\/fi\/tooted-ja-teenused\/piparminttuoljy-cas-90063-97-1\/","url":"https:\/\/masterchem.ee\/fi\/tooted-ja-teenused\/piparminttuoljy-cas-90063-97-1\/","name":"Piparminttu\u00f6ljy (CAS 90063-97-1) - Chemistry For Industry - Solvents &amp; Chemicals - Masterchem.ee","isPartOf":{"@id":"https:\/\/masterchem.ee\/fi\/#website"},"primaryImageOfPage":{"@id":"https:\/\/masterchem.ee\/fi\/tooted-ja-teenused\/piparminttuoljy-cas-90063-97-1\/#primaryimage"},"image":{"@id":"https:\/\/masterchem.ee\/fi\/tooted-ja-teenused\/piparminttuoljy-cas-90063-97-1\/#primaryimage"},"thumbnailUrl":"https:\/\/masterchem.ee\/wp-content\/uploads\/2022\/01\/Piparmundioli-1000l-MasterChem.jpg","datePublished":"2022-01-06T20:08:22+00:00","dateModified":"2022-01-06T20:18:29+00:00","description":"Piparminttu\u00f6ljy\u00e4 k\u00e4ytet\u00e4\u00e4n laajalti karminoivana, antiseptisen\u00e4 ja paikallispuudutteena vilustumisen, ysk\u00e4n ja muiden valmisteiden (imeskelytabletit, siirapit, voiteet, tabletit jne.) valmistuksessa.","breadcrumb":{"@id":"https:\/\/masterchem.ee\/fi\/tooted-ja-teenused\/piparminttuoljy-cas-90063-97-1\/#breadcrumb"},"inLanguage":"fi","potentialAction":[{"@type":"ReadAction","target":["https:\/\/masterchem.ee\/fi\/tooted-ja-teenused\/piparminttuoljy-cas-90063-97-1\/"]}]},{"@type":"ImageObject","inLanguage":"fi","@id":"https:\/\/masterchem.ee\/fi\/tooted-ja-teenused\/piparminttuoljy-cas-90063-97-1\/#primaryimage","url":"https:\/\/masterchem.ee\/wp-content\/uploads\/2022\/01\/Piparmundioli-1000l-MasterChem.jpg","contentUrl":"https:\/\/masterchem.ee\/wp-content\/uploads\/2022\/01\/Piparmundioli-1000l-MasterChem.jpg","width":1000,"height":1000,"caption":"Piparminttu\u00f6ljy (CAS 90063-97-1) 1000l-MasterChem"},{"@type":"BreadcrumbList","@id":"https:\/\/masterchem.ee\/fi\/tooted-ja-teenused\/piparminttuoljy-cas-90063-97-1\/#breadcrumb","itemListElement":[{"@type":"ListItem","position":1,"name":"Home","item":"https:\/\/masterchem.ee\/fi\/"},{"@type":"ListItem","position":2,"name":"Tooted ja teenused","item":"https:\/\/masterchem.ee\/tooted-ja-teenused\/"},{"@type":"ListItem","position":3,"name":"Piparminttu\u00f6ljy (CAS 90063-97-1)"}]},{"@type":"WebSite","@id":"https:\/\/masterchem.ee\/fi\/#website","url":"https:\/\/masterchem.ee\/fi\/","name":"Masterchem.ee","description":"Chemistry For Industry - Solvents &amp; Chemicals","publisher":{"@id":"https:\/\/masterchem.ee\/fi\/#organization"},"potentialAction":[{"@type":"SearchAction","target":{"@type":"EntryPoint","urlTemplate":"https:\/\/masterchem.ee\/fi\/?s={search_term_string}"},"query-input":{"@type":"PropertyValueSpecification","valueRequired":true,"valueName":"search_term_string"}}],"inLanguage":"fi"},{"@type":"Organization","@id":"https:\/\/masterchem.ee\/fi\/#organization","name":"Masterchem","url":"https:\/\/masterchem.ee\/fi\/","logo":{"@type":"ImageObject","inLanguage":"fi","@id":"https:\/\/masterchem.ee\/fi\/#\/schema\/logo\/image\/","url":"https:\/\/masterchem.ee\/wp-content\/uploads\/2018\/02\/master-chem_final-1.png","contentUrl":"https:\/\/masterchem.ee\/wp-content\/uploads\/2018\/02\/master-chem_final-1.png","width":850,"height":356,"caption":"Masterchem"},"image":{"@id":"https:\/\/masterchem.ee\/fi\/#\/schema\/logo\/image\/"}}]}},"_links":{"self":[{"href":"https:\/\/masterchem.ee\/fi\/wp-json\/wp\/v2\/product\/16792","targetHints":{"allow":["GET"]}}],"collection":[{"href":"https:\/\/masterchem.ee\/fi\/wp-json\/wp\/v2\/product"}],"about":[{"href":"https:\/\/masterchem.ee\/fi\/wp-json\/wp\/v2\/types\/product"}],"wp:featuredmedia":[{"embeddable":true,"href":"https:\/\/masterchem.ee\/fi\/wp-json\/wp\/v2\/media\/16834"}],"wp:attachment":[{"href":"https:\/\/masterchem.ee\/fi\/wp-json\/wp\/v2\/media?parent=16792"}],"wp:term":[{"taxonomy":"product_brand","embeddable":true,"href":"https:\/\/masterchem.ee\/fi\/wp-json\/wp\/v2\/product_brand?post=16792"},{"taxonomy":"product_cat","embeddable":true,"href":"https:\/\/masterchem.ee\/fi\/wp-json\/wp\/v2\/product_cat?post=16792"},{"taxonomy":"product_tag","embeddable":true,"href":"https:\/\/masterchem.ee\/fi\/wp-json\/wp\/v2\/product_tag?post=16792"}],"curies":[{"name":"wp","href":"https:\/\/api.w.org\/{rel}","templated":true}]}}